{"id":1871,"date":"2022-06-30T00:04:45","date_gmt":"2022-06-30T00:04:45","guid":{"rendered":"https:\/\/gooddealersmeds.com\/de\/?post_type=product&#038;p=1871"},"modified":"2022-12-26T11:22:39","modified_gmt":"2022-12-26T11:22:39","slug":"fett-banane","status":"publish","type":"product","link":"https:\/\/gooddealersmeds.com\/de\/product\/fett-banane\/","title":{"rendered":"Bestellen Sie Fat Banana Weed online"},"content":{"rendered":"<h2>Kaufen Sie Fat Banana Unkrautsorte online in Top-Qualit\u00e4t<\/h2>\n<p>Fat Banana Weed-Sorte ist eine Sorte, die f\u00fcr ihre Indica-dominierten Eigenschaften ber\u00fchmt ist. Fat Banana For Sale, Es ist daf\u00fcr bekannt, extrem entspannend und erhebend zu sein, was es perfekt f\u00fcr diejenigen macht, die sich nach einem langen Arbeits- oder Schultag entspannen m\u00f6chten. Die Sorte hat auch einen s\u00fc\u00dfen Geruch, was es leicht macht, sie zu identifizieren, wenn man in einer Apotheke nach dem richtigen Marihuana sucht, Bestellen Sie Fat Banana Weed<\/p>\n<p>Fat Banana Weed Strain, auch bekannt als Banana OG, ist eine potente Cannabis-Hybridsorte bekannt f\u00fcr sein fruchtiges, s\u00fc\u00dfes Aroma und seinen Geschmack. Es wird als nach Bananen und Kaugummi schmeckend beschrieben und eignet sich perfekt zur Behandlung von Angstzust\u00e4nden und Depressionen. Es wird als nach Bananen und Kaugummi schmeckend beschrieben und eignet sich perfekt zur Behandlung von Angstzust\u00e4nden und Depressionen.<\/p>\n<p>Fat Banana Weed Strain hat mehrere Auszeichnungen f\u00fcr seine medizinische Wirksamkeit und seine F\u00e4higkeit, den Benutzern zu helfen, sich zu entspannen, gewonnen. Es kann auch verwendet werden, um Stress abzubauen und die Konzentration zu erh\u00f6hen, um die Produktivit\u00e4t bei der Arbeit oder in der Schule zu verbessern. Bestellen Sie Fat Banana Weed<\/p>\n<p>&nbsp;<\/p>\n<p><strong>Warum Fat Banana Weed Sorte online bestellen?<\/strong><\/p>\n<p>&nbsp;<\/p>\n<p><a href=\"https:\/\/www.leafly.com\/strains\/fat-banana\">Fat Banana Weed Strain<\/a> ist eine der Die besten Sorten, die man online kaufen kann, weil sie leicht zu finden sind und man sich keine Sorgen machen muss, von einem H\u00e4ndler, der gef\u00e4lschtes Gras verkauft, abgezockt zu werden. Wenn Sie bei einem seri\u00f6sen H\u00e4ndler kaufen, schicken sie Ihnen das Produkt sogar direkt nach Hause. So sehr wir es auch lieben, in Apotheken einzukaufen, manchmal brauchen Sie etwas schnelles und bequemes, wenn Ihnen die Zeit davonl\u00e4uft oder Sie einfach keine Zeit haben, herumzufahren und nach etwas Bestimmtem zu suchen. Wenn das nach Ihnen klingt, dann ist Fat Banana Weed vielleicht genau das, was Sie brauchen!<\/p>\n<p>&nbsp;<\/p>\n<p><strong>Die besten Orte, um Fat Banana Weed online zu kaufen<\/strong><\/p>\n<p>Weil diese Sorte so beliebt ist, gibt es viele M\u00f6glichkeiten, Fat Banana Weed Strain online <a href=\"https:\/\/gooddealersmeds.com\/de\/product\/fat-banana\/\">zu kaufen ohne von H\u00e4ndlern betrogen zu werden, die versuchen, Ihnen minderwertige Produkte zu verkaufen<\/a>. Good Dealers Meds ist der beste Ort, um Fat Banana Weed-Sorten online zu kaufen.<\/p>\n","protected":false},"excerpt":{"rendered":"<p>Fat Banana ist das Produkt eines superselektiven Stammentwicklungsprozesses, der darauf abzielte, die gr\u00f6\u00dften und fettesten Banana OG-Exemplare zu hybridisieren. Jetzt kann RQS Ihnen das Beste aus dem Haufen bieten. Fat Banana ist gro\u00dfartig im Geschmack und enth\u00e4lt eine ernsthafte Menge an Cannabinoiden.<\/p>\n","protected":false},"featured_media":1872,"comment_status":"open","ping_status":"closed","template":"","meta":{"inline_featured_image":false},"product_brand":[],"product_cat":[348],"product_tag":[396,400,398,399,401,430,407,408,409,410,419,418,411,412,414,415,416,417,421,422,420,426,429,425,424,427,423,397,428,432,402,405,404,406,403,431,433],"class_list":{"0":"post-1871","1":"product","2":"type-product","3":"status-publish","4":"has-post-thumbnail","6":"product_cat-marihuana","7":"product_tag-100-gras-zum-verkauf","8":"product_tag-billiges-gras-zu-verkaufen","9":"product_tag-buy-weed-online","10":"product_tag-can-i-buy-weed","11":"product_tag-gesundheitliche-vorteile-von-marihuana","12":"product_tag-weed-verdampfer-zu-verkaufen","13":"product_tag-is-weed-legal","14":"product_tag-kush-zu-verkaufen","15":"product_tag-legales-gras-zu-verkaufen","16":"product_tag-legales-gras-zum-verkauf","17":"product_tag-marihuana-kaufen-wollen","18":"product_tag-kauf-marihuana-online","19":"product_tag-marihuana-zum-verkauf","20":"product_tag-marihuana-zu-verkaufen-uk","21":"product_tag-marihuana-laden","22":"product_tag-marihuana-lieferant","23":"product_tag-medizinischer-nutzen-von-marihuana","24":"product_tag-ordering-weed-online","25":"product_tag-weed-for-sale-in-england","26":"product_tag-weed-for-sale-uk","27":"product_tag-unkraut-zu-verkaufen","28":"product_tag-weed-harz-zu-verkaufen","29":"product_tag-unkrautlieferant","30":"product_tag-unkraut-pflanzen-zu-verkaufen-uk","31":"product_tag-unkraut-pflanzen-zum-verkauf","32":"product_tag-weed-sales-uk","33":"product_tag-weed-grow-zelte-zu-verkaufen","34":"product_tag-vorteile-des-rauchens-von-marihuana","35":"product_tag-weed-laden","36":"product_tag-where-to-buy-cheap-weed","37":"product_tag-wie-kann-ich-marihuana-bestellen","38":"product_tag-wie-man-unkraut-erwirbt","39":"product_tag-wie-man-marihuana-erwirbt","40":"product_tag-wie-man-unkraut-online-bekommt","41":"product_tag-wie-viel-ist-marihuana","42":"product_tag-wo-kann-ich-gras-bekommen","43":"product_tag-wo-zu-bestellen-gras","45":"first","46":"instock","47":"shipping-taxable","48":"purchasable","49":"product-type-simple"},"yoast_head":"<!-- This site is optimized with the Yoast SEO Premium plugin v20.6 (Yoast SEO v27.4) - https:\/\/yoast.com\/product\/yoast-seo-premium-wordpress\/ -->\n<title>Bestellen Sie Fat Banana Weed | Cannabis bestellen | Marihuana kaufen<\/title>\n<meta name=\"description\" content=\"Bestellen Sie Fat Banana Weed ist eine Marihuana-Hybridsorte, die durch Kreuzung von OG Kush mit Chiquita Banana hergestellt wurde. Kaufen Sie es online in unserem Cannabis-Shop.\" \/>\n<meta name=\"robots\" content=\"index, follow, max-snippet:-1, max-image-preview:large, max-video-preview:-1\" \/>\n<link rel=\"canonical\" href=\"https:\/\/gooddealersmeds.com\/de\/product\/fett-banane\/\" \/>\n<meta property=\"og:locale\" content=\"en_US\" \/>\n<meta property=\"og:type\" content=\"article\" \/>\n<meta property=\"og:title\" content=\"Bestellen Sie Fat Banana Weed online\" \/>\n<meta property=\"og:description\" content=\"Bestellen Sie Fat Banana Weed ist eine Marihuana-Hybridsorte, die durch Kreuzung von OG Kush mit Chiquita Banana hergestellt wurde. Kaufen Sie es online in unserem Cannabis-Shop.\" \/>\n<meta property=\"og:url\" content=\"https:\/\/gooddealersmeds.com\/de\/product\/fett-banane\/\" \/>\n<meta property=\"og:site_name\" content=\"Good Dealers Meds\" \/>\n<meta property=\"article:modified_time\" content=\"2022-12-26T11:22:39+00:00\" \/>\n<meta property=\"og:image\" content=\"https:\/\/gooddealersmeds.com\/de\/wp-content\/uploads\/sites\/3\/2022\/06\/FAT-BANANA.jpg\" \/>\n\t<meta property=\"og:image:width\" content=\"600\" \/>\n\t<meta property=\"og:image:height\" content=\"600\" \/>\n\t<meta property=\"og:image:type\" content=\"image\/jpeg\" \/>\n<meta name=\"twitter:card\" content=\"summary_large_image\" \/>\n<meta name=\"twitter:label1\" content=\"Est. reading time\" \/>\n\t<meta name=\"twitter:data1\" content=\"2 minutes\" \/>\n<script type=\"application\/ld+json\" class=\"yoast-schema-graph\">{\"@context\":\"https:\\\/\\\/schema.org\",\"@graph\":[{\"@type\":\"WebPage\",\"@id\":\"https:\\\/\\\/gooddealersmeds.com\\\/de\\\/product\\\/fett-banane\\\/\",\"url\":\"https:\\\/\\\/gooddealersmeds.com\\\/de\\\/product\\\/fett-banane\\\/\",\"name\":\"Bestellen Sie Fat Banana Weed | Cannabis bestellen | Marihuana kaufen\",\"isPartOf\":{\"@id\":\"https:\\\/\\\/gooddealersmeds.com\\\/de\\\/#website\"},\"primaryImageOfPage\":{\"@id\":\"https:\\\/\\\/gooddealersmeds.com\\\/de\\\/product\\\/fett-banane\\\/#primaryimage\"},\"image\":{\"@id\":\"https:\\\/\\\/gooddealersmeds.com\\\/de\\\/product\\\/fett-banane\\\/#primaryimage\"},\"thumbnailUrl\":\"https:\\\/\\\/gooddealersmeds.com\\\/de\\\/wp-content\\\/uploads\\\/sites\\\/3\\\/2022\\\/06\\\/FAT-BANANA.jpg\",\"datePublished\":\"2022-06-30T00:04:45+00:00\",\"dateModified\":\"2022-12-26T11:22:39+00:00\",\"description\":\"Bestellen Sie Fat Banana Weed ist eine Marihuana-Hybridsorte, die durch Kreuzung von OG Kush mit Chiquita Banana hergestellt wurde. Kaufen Sie es online in unserem Cannabis-Shop.\",\"breadcrumb\":{\"@id\":\"https:\\\/\\\/gooddealersmeds.com\\\/de\\\/product\\\/fett-banane\\\/#breadcrumb\"},\"inLanguage\":\"en-US\",\"potentialAction\":[{\"@type\":\"ReadAction\",\"target\":[\"https:\\\/\\\/gooddealersmeds.com\\\/de\\\/product\\\/fett-banane\\\/\"]}]},{\"@type\":\"ImageObject\",\"inLanguage\":\"en-US\",\"@id\":\"https:\\\/\\\/gooddealersmeds.com\\\/de\\\/product\\\/fett-banane\\\/#primaryimage\",\"url\":\"https:\\\/\\\/gooddealersmeds.com\\\/de\\\/wp-content\\\/uploads\\\/sites\\\/3\\\/2022\\\/06\\\/FAT-BANANA.jpg\",\"contentUrl\":\"https:\\\/\\\/gooddealersmeds.com\\\/de\\\/wp-content\\\/uploads\\\/sites\\\/3\\\/2022\\\/06\\\/FAT-BANANA.jpg\",\"width\":600,\"height\":600,\"caption\":\"Buy Fat Banana Online\"},{\"@type\":\"BreadcrumbList\",\"@id\":\"https:\\\/\\\/gooddealersmeds.com\\\/de\\\/product\\\/fett-banane\\\/#breadcrumb\",\"itemListElement\":[{\"@type\":\"ListItem\",\"position\":1,\"name\":\"Home\",\"item\":\"https:\\\/\\\/gooddealersmeds.com\\\/de\\\/\"},{\"@type\":\"ListItem\",\"position\":2,\"name\":\"Produkte\",\"item\":\"https:\\\/\\\/gooddealersmeds.com\\\/de\\\/produkte\\\/\"},{\"@type\":\"ListItem\",\"position\":3,\"name\":\"Bestellen Sie Fat Banana Weed online\"}]},{\"@type\":\"WebSite\",\"@id\":\"https:\\\/\\\/gooddealersmeds.com\\\/de\\\/#website\",\"url\":\"https:\\\/\\\/gooddealersmeds.com\\\/de\\\/\",\"name\":\"Good Dealers Meds\",\"description\":\"All our best\",\"publisher\":{\"@id\":\"https:\\\/\\\/gooddealersmeds.com\\\/de\\\/#organization\"},\"potentialAction\":[{\"@type\":\"SearchAction\",\"target\":{\"@type\":\"EntryPoint\",\"urlTemplate\":\"https:\\\/\\\/gooddealersmeds.com\\\/de\\\/?s={search_term_string}\"},\"query-input\":{\"@type\":\"PropertyValueSpecification\",\"valueRequired\":true,\"valueName\":\"search_term_string\"}}],\"inLanguage\":\"en-US\"},{\"@type\":\"Organization\",\"@id\":\"https:\\\/\\\/gooddealersmeds.com\\\/de\\\/#organization\",\"name\":\"Good Dealers Meds\",\"url\":\"https:\\\/\\\/gooddealersmeds.com\\\/de\\\/\",\"logo\":{\"@type\":\"ImageObject\",\"inLanguage\":\"en-US\",\"@id\":\"https:\\\/\\\/gooddealersmeds.com\\\/de\\\/#\\\/schema\\\/logo\\\/image\\\/\",\"url\":\"https:\\\/\\\/gooddealersmeds.com\\\/de\\\/wp-content\\\/uploads\\\/sites\\\/3\\\/2022\\\/03\\\/gooddealersmeds__logo__20220317T222800Z.00.png\",\"contentUrl\":\"https:\\\/\\\/gooddealersmeds.com\\\/de\\\/wp-content\\\/uploads\\\/sites\\\/3\\\/2022\\\/03\\\/gooddealersmeds__logo__20220317T222800Z.00.png\",\"width\":500,\"height\":325,\"caption\":\"Good Dealers Meds\"},\"image\":{\"@id\":\"https:\\\/\\\/gooddealersmeds.com\\\/de\\\/#\\\/schema\\\/logo\\\/image\\\/\"}}]}<\/script>\n<!-- \/ Yoast SEO Premium plugin. -->","yoast_head_json":{"title":"Bestellen Sie Fat Banana Weed | Cannabis bestellen | Marihuana kaufen","description":"Bestellen Sie Fat Banana Weed ist eine Marihuana-Hybridsorte, die durch Kreuzung von OG Kush mit Chiquita Banana hergestellt wurde. Kaufen Sie es online in unserem Cannabis-Shop.","robots":{"index":"index","follow":"follow","max-snippet":"max-snippet:-1","max-image-preview":"max-image-preview:large","max-video-preview":"max-video-preview:-1"},"canonical":"https:\/\/gooddealersmeds.com\/de\/product\/fett-banane\/","og_locale":"en_US","og_type":"article","og_title":"Bestellen Sie Fat Banana Weed online","og_description":"Bestellen Sie Fat Banana Weed ist eine Marihuana-Hybridsorte, die durch Kreuzung von OG Kush mit Chiquita Banana hergestellt wurde. Kaufen Sie es online in unserem Cannabis-Shop.","og_url":"https:\/\/gooddealersmeds.com\/de\/product\/fett-banane\/","og_site_name":"Good Dealers Meds","article_modified_time":"2022-12-26T11:22:39+00:00","og_image":[{"width":600,"height":600,"url":"https:\/\/gooddealersmeds.com\/de\/wp-content\/uploads\/sites\/3\/2022\/06\/FAT-BANANA.jpg","type":"image\/jpeg"}],"twitter_card":"summary_large_image","twitter_misc":{"Est. reading time":"2 minutes"},"schema":{"@context":"https:\/\/schema.org","@graph":[{"@type":"WebPage","@id":"https:\/\/gooddealersmeds.com\/de\/product\/fett-banane\/","url":"https:\/\/gooddealersmeds.com\/de\/product\/fett-banane\/","name":"Bestellen Sie Fat Banana Weed | Cannabis bestellen | Marihuana kaufen","isPartOf":{"@id":"https:\/\/gooddealersmeds.com\/de\/#website"},"primaryImageOfPage":{"@id":"https:\/\/gooddealersmeds.com\/de\/product\/fett-banane\/#primaryimage"},"image":{"@id":"https:\/\/gooddealersmeds.com\/de\/product\/fett-banane\/#primaryimage"},"thumbnailUrl":"https:\/\/gooddealersmeds.com\/de\/wp-content\/uploads\/sites\/3\/2022\/06\/FAT-BANANA.jpg","datePublished":"2022-06-30T00:04:45+00:00","dateModified":"2022-12-26T11:22:39+00:00","description":"Bestellen Sie Fat Banana Weed ist eine Marihuana-Hybridsorte, die durch Kreuzung von OG Kush mit Chiquita Banana hergestellt wurde. Kaufen Sie es online in unserem Cannabis-Shop.","breadcrumb":{"@id":"https:\/\/gooddealersmeds.com\/de\/product\/fett-banane\/#breadcrumb"},"inLanguage":"en-US","potentialAction":[{"@type":"ReadAction","target":["https:\/\/gooddealersmeds.com\/de\/product\/fett-banane\/"]}]},{"@type":"ImageObject","inLanguage":"en-US","@id":"https:\/\/gooddealersmeds.com\/de\/product\/fett-banane\/#primaryimage","url":"https:\/\/gooddealersmeds.com\/de\/wp-content\/uploads\/sites\/3\/2022\/06\/FAT-BANANA.jpg","contentUrl":"https:\/\/gooddealersmeds.com\/de\/wp-content\/uploads\/sites\/3\/2022\/06\/FAT-BANANA.jpg","width":600,"height":600,"caption":"Buy Fat Banana Online"},{"@type":"BreadcrumbList","@id":"https:\/\/gooddealersmeds.com\/de\/product\/fett-banane\/#breadcrumb","itemListElement":[{"@type":"ListItem","position":1,"name":"Home","item":"https:\/\/gooddealersmeds.com\/de\/"},{"@type":"ListItem","position":2,"name":"Produkte","item":"https:\/\/gooddealersmeds.com\/de\/produkte\/"},{"@type":"ListItem","position":3,"name":"Bestellen Sie Fat Banana Weed online"}]},{"@type":"WebSite","@id":"https:\/\/gooddealersmeds.com\/de\/#website","url":"https:\/\/gooddealersmeds.com\/de\/","name":"Good Dealers Meds","description":"All our best","publisher":{"@id":"https:\/\/gooddealersmeds.com\/de\/#organization"},"potentialAction":[{"@type":"SearchAction","target":{"@type":"EntryPoint","urlTemplate":"https:\/\/gooddealersmeds.com\/de\/?s={search_term_string}"},"query-input":{"@type":"PropertyValueSpecification","valueRequired":true,"valueName":"search_term_string"}}],"inLanguage":"en-US"},{"@type":"Organization","@id":"https:\/\/gooddealersmeds.com\/de\/#organization","name":"Good Dealers Meds","url":"https:\/\/gooddealersmeds.com\/de\/","logo":{"@type":"ImageObject","inLanguage":"en-US","@id":"https:\/\/gooddealersmeds.com\/de\/#\/schema\/logo\/image\/","url":"https:\/\/gooddealersmeds.com\/de\/wp-content\/uploads\/sites\/3\/2022\/03\/gooddealersmeds__logo__20220317T222800Z.00.png","contentUrl":"https:\/\/gooddealersmeds.com\/de\/wp-content\/uploads\/sites\/3\/2022\/03\/gooddealersmeds__logo__20220317T222800Z.00.png","width":500,"height":325,"caption":"Good Dealers Meds"},"image":{"@id":"https:\/\/gooddealersmeds.com\/de\/#\/schema\/logo\/image\/"}}]}},"_links":{"self":[{"href":"https:\/\/gooddealersmeds.com\/de\/wp-json\/wp\/v2\/product\/1871","targetHints":{"allow":["GET"]}}],"collection":[{"href":"https:\/\/gooddealersmeds.com\/de\/wp-json\/wp\/v2\/product"}],"about":[{"href":"https:\/\/gooddealersmeds.com\/de\/wp-json\/wp\/v2\/types\/product"}],"replies":[{"embeddable":true,"href":"https:\/\/gooddealersmeds.com\/de\/wp-json\/wp\/v2\/comments?post=1871"}],"wp:featuredmedia":[{"embeddable":true,"href":"https:\/\/gooddealersmeds.com\/de\/wp-json\/wp\/v2\/media\/1872"}],"wp:attachment":[{"href":"https:\/\/gooddealersmeds.com\/de\/wp-json\/wp\/v2\/media?parent=1871"}],"wp:term":[{"taxonomy":"product_brand","embeddable":true,"href":"https:\/\/gooddealersmeds.com\/de\/wp-json\/wp\/v2\/product_brand?post=1871"},{"taxonomy":"product_cat","embeddable":true,"href":"https:\/\/gooddealersmeds.com\/de\/wp-json\/wp\/v2\/product_cat?post=1871"},{"taxonomy":"product_tag","embeddable":true,"href":"https:\/\/gooddealersmeds.com\/de\/wp-json\/wp\/v2\/product_tag?post=1871"}],"curies":[{"name":"wp","href":"https:\/\/api.w.org\/{rel}","templated":true}]}}