{"id":1869,"date":"2022-06-30T00:00:32","date_gmt":"2022-06-30T00:00:32","guid":{"rendered":"https:\/\/gooddealersmeds.com\/de\/?post_type=product&#038;p=1869"},"modified":"2022-12-26T11:24:37","modified_gmt":"2022-12-26T11:24:37","slug":"kekse-eis","status":"publish","type":"product","link":"https:\/\/gooddealersmeds.com\/de\/product\/kekse-eis\/","title":{"rendered":"Kaufen Sie Cookies Gelato Weed online"},"content":{"rendered":"<h2>Cookies Gelato zum Verkauf Top-Qualit\u00e4t<\/h2>\n<p>Cookies Gelato Online ist eine Seite <a href=\"https:\/\/gooddealersmeds.com\/de\/product\/cookies-gelato\/\"> wo Sie Cookie Gelato online kaufen k\u00f6nnen<\/a>. Cookies Gelato Weed zum Verkauf , Das Unternehmen wurde 2016 gegr\u00fcndet und hat seinen Sitz in New York. Cookies Gelato Online verkauft eine Vielzahl verschiedener Arten von Gelato, aber ihr beliebtestes Produkt ist Cookies Gelato. Sie verkaufen auch andere Eissorten, aber ihre beliebteste Eissorte ist Keks-Gelato. Das Unternehmen besteht jetzt seit etwa einem Jahr und w\u00e4chst immer noch sehr schnell! Cookies Gelato Online wird jeden Tag immer beliebter, weil es einfach ist, Gelato online bei ihnen zu kaufen; Sie f\u00fcllen einfach ein Online-Formular mit all Ihren Informationen aus und Ihre Bestellung wird sofort verschickt! Kaufen Sie Cookies Gelato Weed<\/p>\n<p><strong>\u00a0<\/strong><\/p>\n<h2><strong>Warum Kaufen Sie Cookies Gelato online?<\/strong><\/h2>\n<p>&nbsp;<\/p>\n<p>Es gibt eine Schiffsladung von Gr\u00fcnden, warum Sie Cookies Gelato online bei <a href=\"https:\/\/www.leafly.com\/strains\/gelato-cookies\">Cookies Gelato<\/a> Online kaufen sollten:<\/p>\n<p>1) Sie k\u00f6nnen w\u00e4hlen, welchen Geschmack Sie m\u00f6chten.<\/p>\n<p>2) Sie m\u00fcssen nirgendwo hingehen oder das Haus verlassen.<\/p>\n<p>3) Sie k\u00f6nnen genau das bekommen, was Sie wollen, ohne keine Aufregung. Kaufen Sie Cookies Gelato Weed<\/p>\n<p>&nbsp;<\/p>\n<p><strong>Der beste Ort, um Cookies Gelato online zu kaufen?<\/strong><\/p>\n<p>&nbsp;<\/p>\n<p>Es gibt viele von ihnen! Aber wenn Sie auf den Punkt kommen und nur an einem Ort landen m\u00f6chten, der Ihnen das beste Angebot aller Zeiten bietet, ist Good Dealers Meds der richtige Ort f\u00fcr Sie. Schauen Sie sich unser gesamtes Angebot an Freizeit- und medizinischen Drogen an, um die Angebote zu finden, f\u00fcr die Sie es nicht bereuen werden, Ihr Geld ausgegeben zu haben.<\/p>\n","protected":false},"excerpt":{"rendered":"<p>Cookies Gelato ist das Liebeskind zweier legend\u00e4rer Cannabissorten. Sie erbte eine wahnsinnige Potenz, einen s\u00fc\u00dfen Geschmack und eine beeindruckende Produktivit\u00e4t.<\/p>\n","protected":false},"featured_media":1870,"comment_status":"open","ping_status":"closed","template":"","meta":{"inline_featured_image":false},"product_brand":[],"product_cat":[348],"product_tag":[369,387,370,371,373,374,388,376,378,372,379,380,381,375,377,383,384,385,389,390,393,392,391,386,394,395,382],"class_list":{"0":"post-1869","1":"product","2":"type-product","3":"status-publish","4":"has-post-thumbnail","6":"product_cat-marihuana","7":"product_tag-afghan-kusch","8":"product_tag-ananas-kush","9":"product_tag-ballsack","10":"product_tag-best-weed-joints","11":"product_tag-blueberry-yum-yum","12":"product_tag-buy-cheap-weed-online","13":"product_tag-flugzeugwrack","14":"product_tag-ganja-zum-verkauf","15":"product_tag-grand-daddy-purple","16":"product_tag-groes-angebot","17":"product_tag-grn-riss","18":"product_tag-hanf-zu-verkaufen","19":"product_tag-kandy-kush","20":"product_tag-kaufen-grohandel-marihuana","21":"product_tag-pfadfinderin-kekse","22":"product_tag-mango-kusch","23":"product_tag-marihuana-pflanzen","24":"product_tag-nordlichter-5","25":"product_tag-purple-haze","26":"product_tag-purple-kush","27":"product_tag-sauer-und-kush","28":"product_tag-saurer-diesel","29":"product_tag-sensi-star-x-ak47","30":"product_tag-und-kusch","31":"product_tag-white-rhino","32":"product_tag-white-widow-x-northern-lights","33":"product_tag-zitronen-bonbon","35":"first","36":"instock","37":"shipping-taxable","38":"purchasable","39":"product-type-simple"},"yoast_head":"<!-- This site is optimized with the Yoast SEO Premium plugin v20.6 (Yoast SEO v27.4) - https:\/\/yoast.com\/product\/yoast-seo-premium-wordpress\/ -->\n<title>Kaufen Sie Cookies Gelato Weed | der beste Ort, um Weed zu kaufen<\/title>\n<meta name=\"description\" content=\"Kaufen Sie Gelato Cookies Weed online bei. Gelato ist eine verlockende Cannabis-Hybridsorte von Cookie Fam und Sherbinski. Kekse Gelato zum Verkauf\" \/>\n<meta name=\"robots\" content=\"index, follow, max-snippet:-1, max-image-preview:large, max-video-preview:-1\" \/>\n<link rel=\"canonical\" href=\"https:\/\/gooddealersmeds.com\/de\/product\/kekse-eis\/\" \/>\n<meta property=\"og:locale\" content=\"en_US\" \/>\n<meta property=\"og:type\" content=\"article\" \/>\n<meta property=\"og:title\" content=\"Kaufen Sie Cookies Gelato Weed online\" \/>\n<meta property=\"og:description\" content=\"Kaufen Sie Gelato Cookies Weed online bei. Gelato ist eine verlockende Cannabis-Hybridsorte von Cookie Fam und Sherbinski. Kekse Gelato zum Verkauf\" \/>\n<meta property=\"og:url\" content=\"https:\/\/gooddealersmeds.com\/de\/product\/kekse-eis\/\" \/>\n<meta property=\"og:site_name\" content=\"Good Dealers Meds\" \/>\n<meta property=\"article:modified_time\" content=\"2022-12-26T11:24:37+00:00\" \/>\n<meta property=\"og:image\" content=\"https:\/\/gooddealersmeds.com\/de\/wp-content\/uploads\/sites\/3\/2022\/06\/COOKIES-GELATO.jpg\" \/>\n\t<meta property=\"og:image:width\" content=\"600\" \/>\n\t<meta property=\"og:image:height\" content=\"600\" \/>\n\t<meta property=\"og:image:type\" content=\"image\/jpeg\" \/>\n<meta name=\"twitter:card\" content=\"summary_large_image\" \/>\n<meta name=\"twitter:label1\" content=\"Est. reading time\" \/>\n\t<meta name=\"twitter:data1\" content=\"1 minute\" \/>\n<script type=\"application\/ld+json\" class=\"yoast-schema-graph\">{\"@context\":\"https:\\\/\\\/schema.org\",\"@graph\":[{\"@type\":\"WebPage\",\"@id\":\"https:\\\/\\\/gooddealersmeds.com\\\/de\\\/product\\\/kekse-eis\\\/\",\"url\":\"https:\\\/\\\/gooddealersmeds.com\\\/de\\\/product\\\/kekse-eis\\\/\",\"name\":\"Kaufen Sie Cookies Gelato Weed | der beste Ort, um Weed zu kaufen\",\"isPartOf\":{\"@id\":\"https:\\\/\\\/gooddealersmeds.com\\\/de\\\/#website\"},\"primaryImageOfPage\":{\"@id\":\"https:\\\/\\\/gooddealersmeds.com\\\/de\\\/product\\\/kekse-eis\\\/#primaryimage\"},\"image\":{\"@id\":\"https:\\\/\\\/gooddealersmeds.com\\\/de\\\/product\\\/kekse-eis\\\/#primaryimage\"},\"thumbnailUrl\":\"https:\\\/\\\/gooddealersmeds.com\\\/de\\\/wp-content\\\/uploads\\\/sites\\\/3\\\/2022\\\/06\\\/COOKIES-GELATO.jpg\",\"datePublished\":\"2022-06-30T00:00:32+00:00\",\"dateModified\":\"2022-12-26T11:24:37+00:00\",\"description\":\"Kaufen Sie Gelato Cookies Weed online bei. Gelato ist eine verlockende Cannabis-Hybridsorte von Cookie Fam und Sherbinski. Kekse Gelato zum Verkauf\",\"breadcrumb\":{\"@id\":\"https:\\\/\\\/gooddealersmeds.com\\\/de\\\/product\\\/kekse-eis\\\/#breadcrumb\"},\"inLanguage\":\"en-US\",\"potentialAction\":[{\"@type\":\"ReadAction\",\"target\":[\"https:\\\/\\\/gooddealersmeds.com\\\/de\\\/product\\\/kekse-eis\\\/\"]}]},{\"@type\":\"ImageObject\",\"inLanguage\":\"en-US\",\"@id\":\"https:\\\/\\\/gooddealersmeds.com\\\/de\\\/product\\\/kekse-eis\\\/#primaryimage\",\"url\":\"https:\\\/\\\/gooddealersmeds.com\\\/de\\\/wp-content\\\/uploads\\\/sites\\\/3\\\/2022\\\/06\\\/COOKIES-GELATO.jpg\",\"contentUrl\":\"https:\\\/\\\/gooddealersmeds.com\\\/de\\\/wp-content\\\/uploads\\\/sites\\\/3\\\/2022\\\/06\\\/COOKIES-GELATO.jpg\",\"width\":600,\"height\":600,\"caption\":\"Cookies Gelato\"},{\"@type\":\"BreadcrumbList\",\"@id\":\"https:\\\/\\\/gooddealersmeds.com\\\/de\\\/product\\\/kekse-eis\\\/#breadcrumb\",\"itemListElement\":[{\"@type\":\"ListItem\",\"position\":1,\"name\":\"Home\",\"item\":\"https:\\\/\\\/gooddealersmeds.com\\\/de\\\/\"},{\"@type\":\"ListItem\",\"position\":2,\"name\":\"Produkte\",\"item\":\"https:\\\/\\\/gooddealersmeds.com\\\/de\\\/produkte\\\/\"},{\"@type\":\"ListItem\",\"position\":3,\"name\":\"Kaufen Sie Cookies Gelato Weed online\"}]},{\"@type\":\"WebSite\",\"@id\":\"https:\\\/\\\/gooddealersmeds.com\\\/de\\\/#website\",\"url\":\"https:\\\/\\\/gooddealersmeds.com\\\/de\\\/\",\"name\":\"Good Dealers Meds\",\"description\":\"All our best\",\"publisher\":{\"@id\":\"https:\\\/\\\/gooddealersmeds.com\\\/de\\\/#organization\"},\"potentialAction\":[{\"@type\":\"SearchAction\",\"target\":{\"@type\":\"EntryPoint\",\"urlTemplate\":\"https:\\\/\\\/gooddealersmeds.com\\\/de\\\/?s={search_term_string}\"},\"query-input\":{\"@type\":\"PropertyValueSpecification\",\"valueRequired\":true,\"valueName\":\"search_term_string\"}}],\"inLanguage\":\"en-US\"},{\"@type\":\"Organization\",\"@id\":\"https:\\\/\\\/gooddealersmeds.com\\\/de\\\/#organization\",\"name\":\"Good Dealers Meds\",\"url\":\"https:\\\/\\\/gooddealersmeds.com\\\/de\\\/\",\"logo\":{\"@type\":\"ImageObject\",\"inLanguage\":\"en-US\",\"@id\":\"https:\\\/\\\/gooddealersmeds.com\\\/de\\\/#\\\/schema\\\/logo\\\/image\\\/\",\"url\":\"https:\\\/\\\/gooddealersmeds.com\\\/de\\\/wp-content\\\/uploads\\\/sites\\\/3\\\/2022\\\/03\\\/gooddealersmeds__logo__20220317T222800Z.00.png\",\"contentUrl\":\"https:\\\/\\\/gooddealersmeds.com\\\/de\\\/wp-content\\\/uploads\\\/sites\\\/3\\\/2022\\\/03\\\/gooddealersmeds__logo__20220317T222800Z.00.png\",\"width\":500,\"height\":325,\"caption\":\"Good Dealers Meds\"},\"image\":{\"@id\":\"https:\\\/\\\/gooddealersmeds.com\\\/de\\\/#\\\/schema\\\/logo\\\/image\\\/\"}}]}<\/script>\n<!-- \/ Yoast SEO Premium plugin. -->","yoast_head_json":{"title":"Kaufen Sie Cookies Gelato Weed | der beste Ort, um Weed zu kaufen","description":"Kaufen Sie Gelato Cookies Weed online bei. Gelato ist eine verlockende Cannabis-Hybridsorte von Cookie Fam und Sherbinski. Kekse Gelato zum Verkauf","robots":{"index":"index","follow":"follow","max-snippet":"max-snippet:-1","max-image-preview":"max-image-preview:large","max-video-preview":"max-video-preview:-1"},"canonical":"https:\/\/gooddealersmeds.com\/de\/product\/kekse-eis\/","og_locale":"en_US","og_type":"article","og_title":"Kaufen Sie Cookies Gelato Weed online","og_description":"Kaufen Sie Gelato Cookies Weed online bei. Gelato ist eine verlockende Cannabis-Hybridsorte von Cookie Fam und Sherbinski. Kekse Gelato zum Verkauf","og_url":"https:\/\/gooddealersmeds.com\/de\/product\/kekse-eis\/","og_site_name":"Good Dealers Meds","article_modified_time":"2022-12-26T11:24:37+00:00","og_image":[{"width":600,"height":600,"url":"https:\/\/gooddealersmeds.com\/de\/wp-content\/uploads\/sites\/3\/2022\/06\/COOKIES-GELATO.jpg","type":"image\/jpeg"}],"twitter_card":"summary_large_image","twitter_misc":{"Est. reading time":"1 minute"},"schema":{"@context":"https:\/\/schema.org","@graph":[{"@type":"WebPage","@id":"https:\/\/gooddealersmeds.com\/de\/product\/kekse-eis\/","url":"https:\/\/gooddealersmeds.com\/de\/product\/kekse-eis\/","name":"Kaufen Sie Cookies Gelato Weed | der beste Ort, um Weed zu kaufen","isPartOf":{"@id":"https:\/\/gooddealersmeds.com\/de\/#website"},"primaryImageOfPage":{"@id":"https:\/\/gooddealersmeds.com\/de\/product\/kekse-eis\/#primaryimage"},"image":{"@id":"https:\/\/gooddealersmeds.com\/de\/product\/kekse-eis\/#primaryimage"},"thumbnailUrl":"https:\/\/gooddealersmeds.com\/de\/wp-content\/uploads\/sites\/3\/2022\/06\/COOKIES-GELATO.jpg","datePublished":"2022-06-30T00:00:32+00:00","dateModified":"2022-12-26T11:24:37+00:00","description":"Kaufen Sie Gelato Cookies Weed online bei. Gelato ist eine verlockende Cannabis-Hybridsorte von Cookie Fam und Sherbinski. Kekse Gelato zum Verkauf","breadcrumb":{"@id":"https:\/\/gooddealersmeds.com\/de\/product\/kekse-eis\/#breadcrumb"},"inLanguage":"en-US","potentialAction":[{"@type":"ReadAction","target":["https:\/\/gooddealersmeds.com\/de\/product\/kekse-eis\/"]}]},{"@type":"ImageObject","inLanguage":"en-US","@id":"https:\/\/gooddealersmeds.com\/de\/product\/kekse-eis\/#primaryimage","url":"https:\/\/gooddealersmeds.com\/de\/wp-content\/uploads\/sites\/3\/2022\/06\/COOKIES-GELATO.jpg","contentUrl":"https:\/\/gooddealersmeds.com\/de\/wp-content\/uploads\/sites\/3\/2022\/06\/COOKIES-GELATO.jpg","width":600,"height":600,"caption":"Cookies Gelato"},{"@type":"BreadcrumbList","@id":"https:\/\/gooddealersmeds.com\/de\/product\/kekse-eis\/#breadcrumb","itemListElement":[{"@type":"ListItem","position":1,"name":"Home","item":"https:\/\/gooddealersmeds.com\/de\/"},{"@type":"ListItem","position":2,"name":"Produkte","item":"https:\/\/gooddealersmeds.com\/de\/produkte\/"},{"@type":"ListItem","position":3,"name":"Kaufen Sie Cookies Gelato Weed online"}]},{"@type":"WebSite","@id":"https:\/\/gooddealersmeds.com\/de\/#website","url":"https:\/\/gooddealersmeds.com\/de\/","name":"Good Dealers Meds","description":"All our best","publisher":{"@id":"https:\/\/gooddealersmeds.com\/de\/#organization"},"potentialAction":[{"@type":"SearchAction","target":{"@type":"EntryPoint","urlTemplate":"https:\/\/gooddealersmeds.com\/de\/?s={search_term_string}"},"query-input":{"@type":"PropertyValueSpecification","valueRequired":true,"valueName":"search_term_string"}}],"inLanguage":"en-US"},{"@type":"Organization","@id":"https:\/\/gooddealersmeds.com\/de\/#organization","name":"Good Dealers Meds","url":"https:\/\/gooddealersmeds.com\/de\/","logo":{"@type":"ImageObject","inLanguage":"en-US","@id":"https:\/\/gooddealersmeds.com\/de\/#\/schema\/logo\/image\/","url":"https:\/\/gooddealersmeds.com\/de\/wp-content\/uploads\/sites\/3\/2022\/03\/gooddealersmeds__logo__20220317T222800Z.00.png","contentUrl":"https:\/\/gooddealersmeds.com\/de\/wp-content\/uploads\/sites\/3\/2022\/03\/gooddealersmeds__logo__20220317T222800Z.00.png","width":500,"height":325,"caption":"Good Dealers Meds"},"image":{"@id":"https:\/\/gooddealersmeds.com\/de\/#\/schema\/logo\/image\/"}}]}},"_links":{"self":[{"href":"https:\/\/gooddealersmeds.com\/de\/wp-json\/wp\/v2\/product\/1869","targetHints":{"allow":["GET"]}}],"collection":[{"href":"https:\/\/gooddealersmeds.com\/de\/wp-json\/wp\/v2\/product"}],"about":[{"href":"https:\/\/gooddealersmeds.com\/de\/wp-json\/wp\/v2\/types\/product"}],"replies":[{"embeddable":true,"href":"https:\/\/gooddealersmeds.com\/de\/wp-json\/wp\/v2\/comments?post=1869"}],"wp:featuredmedia":[{"embeddable":true,"href":"https:\/\/gooddealersmeds.com\/de\/wp-json\/wp\/v2\/media\/1870"}],"wp:attachment":[{"href":"https:\/\/gooddealersmeds.com\/de\/wp-json\/wp\/v2\/media?parent=1869"}],"wp:term":[{"taxonomy":"product_brand","embeddable":true,"href":"https:\/\/gooddealersmeds.com\/de\/wp-json\/wp\/v2\/product_brand?post=1869"},{"taxonomy":"product_cat","embeddable":true,"href":"https:\/\/gooddealersmeds.com\/de\/wp-json\/wp\/v2\/product_cat?post=1869"},{"taxonomy":"product_tag","embeddable":true,"href":"https:\/\/gooddealersmeds.com\/de\/wp-json\/wp\/v2\/product_tag?post=1869"}],"curies":[{"name":"wp","href":"https:\/\/api.w.org\/{rel}","templated":true}]}}