{"id":1867,"date":"2022-06-29T23:56:03","date_gmt":"2022-06-29T23:56:03","guid":{"rendered":"https:\/\/gooddealersmeds.com\/de\/?post_type=product&#038;p=1867"},"modified":"2022-12-26T11:26:22","modified_gmt":"2022-12-26T11:26:22","slug":"amnesie-dunst","status":"publish","type":"product","link":"https:\/\/gooddealersmeds.com\/de\/product\/amnesie-dunst\/","title":{"rendered":"Kaufen Sie Amnesia Haze online"},"content":{"rendered":"<h2>Amnesia Haze zum Verkauf online Top-Qualit\u00e4t<\/h2>\n<p><strong>\u00a0<\/strong><\/p>\n<p><a href=\"https:\/\/gooddealersmeds.com\/de\/ product\/amnesia-haze\/\">Amnesia Haze Online<\/a> sind die hochwertigsten und effektivsten Cannabissorten, die Sie finden k\u00f6nnen. Es ist eine Sativa-dominante Sorte mit einem geilen Aroma und Geschmack. Das High ist sehr stark und h\u00e4lt etwa 2 Stunden an. Sie hat ein Sativa\/Indica-Verh\u00e4ltnis von 60\/40 mit einem THC-Gehalt von 16 % und einem CBD-Gehalt von 1 %, Kaufen Sie Amnesia Haze online<\/p>\n<p><a href=\"https:\/\/www.wikileaf.com\/strain\/amnesia-haze\/\">Amnesia Haze<\/a> ist eine potente, vollmundige Indica-Sorte, die in einer buschigen, dichten Form w\u00e4chst . Die Knospen sind mit gr\u00fcnen Stempeln und orangefarbenen Haaren bedeckt. Die Knospen haben ein starkes Skunk-Aroma mit einem Hauch von s\u00fc\u00dfen Fr\u00fcchten. Die Pflanze ist mittelgro\u00df, mit langen, dunkelgr\u00fcnen Bl\u00e4ttern. Die Bl\u00fcten haben violette Stempel und orange Haare.<\/p>\n<p>Amnesia Haze ist ein sanftes High mit einer Wirkung, die bis zu zwei Stunden anh\u00e4lt. Es ist ideal zum Entspannen, Lesen oder Ansehen von Filmen.<\/p>\n<p>Das High setzt langsam ein und baut sich mit der Zeit auf, w\u00e4hrend sein THC-Gehalt w\u00e4hrend der Erfahrung zunimmt. Die zerebralen Wirkungen umfassen eine starke Euphorie, die von Schwindel, Entspannung und reduzierten Angstzust\u00e4nden begleitet sein kann. Auswirkungen auf den K\u00f6rper umfassen Taubheitsgef\u00fchl in den Extremit\u00e4ten, Mundtrockenheit und starke Beeintr\u00e4chtigung des Sehverm\u00f6gens, was zu einer schlechten Fahrsicherheit bei der Verwendung dieses Produkts f\u00fchren kann.<\/p>\n<p><strong>\u00a0<\/strong><\/p>\n<p><strong>Warum Amnesia Haze online kaufen <\/strong><\/p>\n<p><strong>\u00a0<\/strong><\/p>\n<p>Wenn Sie Cannabis kaufen m\u00f6chten, gibt es viele Gr\u00fcnde, warum Sie Amnesia Haze online kaufen sollten .<\/p>\n<p>Erstens k\u00f6nnen Sie auf verschiedene Sorten zugreifen, solange sie noch auf Lager sind.<\/p>\n<p>Zweitens sparen Sie Zeit, da es keine Wartezeiten oder Einschr\u00e4nkungen gibt, wenn es um die Lieferung geht Produkte online kaufen.<\/p>\n<p>Drittens, wenn Sie zus\u00e4tzliches Zubeh\u00f6r wie Bongs oder Vaporizer kaufen m\u00f6chten, dann ist dies ein weiterer Vorteil, und schlie\u00dflich ist dies f\u00fcr viele Menschen, die nicht nah genug wohnen, dies auch kein so gro\u00dfes Problem, weil<\/p>\n<p><strong>\u00a0<\/strong><\/p>\n<p><strong>Der beste Ort, um Amnesia Haze online zu kaufen<\/strong><\/p>\n<p>Hast du dich jemals gefragt, wo man Amnesia Haze am besten online kaufen kann? Du bist nicht alleine. Sie k\u00f6nnen Amnesia Haze online bei Good Dealers Meds zu den besten Preisen bestellen. Geben Sie einfach Ihre Bestellung bei uns auf, lehnen Sie sich zur\u00fcck und entspannen Sie sich. Sie erhalten Ihre Bestellung im versprochenen Zeitrahmen geliefert.<\/p>\n","protected":false},"excerpt":{"rendered":"<p>Nachdem die Haze-Genetik nach Holland kam und mehrere Hybriden hergestellt wurden, kombinierte ein amerikanischer Expat sp\u00e4ter eine dieser Hybriden mit einem M\u00e4nnchen, das aus Haze-Samen der alten Schule stammte, wodurch die Amnesia Haze entstand.<\/p>\n","protected":false},"featured_media":1868,"comment_status":"open","ping_status":"closed","template":"","meta":{"inline_featured_image":false},"product_brand":[],"product_cat":[348],"product_tag":[349,350,351,352,353,354,360,361,362,363,364,365,366,367,368,356,358,355,359,357],"class_list":{"0":"post-1867","1":"product","2":"type-product","3":"status-publish","4":"has-post-thumbnail","6":"product_cat-marihuana","7":"product_tag-best-weed-stock-to-buy","8":"product_tag-buy-weed-edibles-online","9":"product_tag-can-you-buy-weed","10":"product_tag-can-you-buy-weed-in-austria","11":"product_tag-can-you-buy-weed-in-switzerland","12":"product_tag-can-you-buy-weed-online","13":"product_tag-weed-aktien-zu-kaufen","14":"product_tag-where-to-buy-weed","15":"product_tag-where-to-buy-weed-in-austria","16":"product_tag-where-to-buy-weed-in-germany","17":"product_tag-where-to-buy-weed-in-poland","18":"product_tag-where-to-buy-weed-in-slovakia","19":"product_tag-where-to-buy-weed-in-switzerland","20":"product_tag-where-to-buy-weed-in-uk","21":"product_tag-where-to-buy-weed-near-me","22":"product_tag-wie-man-weed-in-deutschland-kauft","23":"product_tag-wie-man-unkraut-in-slowenien-kauft","24":"product_tag-wie-man-weed-kauft","25":"product_tag-wie-man-unkraut-online-kauft","26":"product_tag-wie-man-unkraut-in-der-slowakei-kauft","28":"first","29":"instock","30":"shipping-taxable","31":"purchasable","32":"product-type-simple"},"yoast_head":"<!-- This site is optimized with the Yoast SEO Premium plugin v20.6 (Yoast SEO v27.4) - https:\/\/yoast.com\/product\/yoast-seo-premium-wordpress\/ -->\n<title>Kaufen Sie Amnesia Haze online - Hanf zu verkaufen | Good Dealers Meds<\/title>\n<meta name=\"description\" content=\"Kaufen Sie Amnesia Haze online bei Good Dealers Meds und erhalten Sie die besten Preise. Das Beste aus Schweizer Hanf unter einem Dach. Jetzt online kaufen!\" \/>\n<meta name=\"robots\" content=\"index, follow, max-snippet:-1, max-image-preview:large, max-video-preview:-1\" \/>\n<link rel=\"canonical\" href=\"https:\/\/gooddealersmeds.com\/de\/product\/amnesie-dunst\/\" \/>\n<meta property=\"og:locale\" content=\"en_US\" \/>\n<meta property=\"og:type\" content=\"article\" \/>\n<meta property=\"og:title\" content=\"Kaufen Sie Amnesia Haze online\" \/>\n<meta property=\"og:description\" content=\"Kaufen Sie Amnesia Haze online bei Good Dealers Meds und erhalten Sie die besten Preise. Das Beste aus Schweizer Hanf unter einem Dach. Jetzt online kaufen!\" \/>\n<meta property=\"og:url\" content=\"https:\/\/gooddealersmeds.com\/de\/product\/amnesie-dunst\/\" \/>\n<meta property=\"og:site_name\" content=\"Good Dealers Meds\" \/>\n<meta property=\"article:modified_time\" content=\"2022-12-26T11:26:22+00:00\" \/>\n<meta property=\"og:image\" content=\"https:\/\/gooddealersmeds.com\/de\/wp-content\/uploads\/sites\/3\/2022\/06\/AMNESIA-HAZE.jpg\" \/>\n\t<meta property=\"og:image:width\" content=\"600\" \/>\n\t<meta property=\"og:image:height\" content=\"600\" \/>\n\t<meta property=\"og:image:type\" content=\"image\/jpeg\" \/>\n<meta name=\"twitter:card\" content=\"summary_large_image\" \/>\n<meta name=\"twitter:label1\" content=\"Est. reading time\" \/>\n\t<meta name=\"twitter:data1\" content=\"2 minutes\" \/>\n<script type=\"application\/ld+json\" class=\"yoast-schema-graph\">{\"@context\":\"https:\\\/\\\/schema.org\",\"@graph\":[{\"@type\":\"WebPage\",\"@id\":\"https:\\\/\\\/gooddealersmeds.com\\\/de\\\/product\\\/amnesie-dunst\\\/\",\"url\":\"https:\\\/\\\/gooddealersmeds.com\\\/de\\\/product\\\/amnesie-dunst\\\/\",\"name\":\"Kaufen Sie Amnesia Haze online - Hanf zu verkaufen | Good Dealers Meds\",\"isPartOf\":{\"@id\":\"https:\\\/\\\/gooddealersmeds.com\\\/de\\\/#website\"},\"primaryImageOfPage\":{\"@id\":\"https:\\\/\\\/gooddealersmeds.com\\\/de\\\/product\\\/amnesie-dunst\\\/#primaryimage\"},\"image\":{\"@id\":\"https:\\\/\\\/gooddealersmeds.com\\\/de\\\/product\\\/amnesie-dunst\\\/#primaryimage\"},\"thumbnailUrl\":\"https:\\\/\\\/gooddealersmeds.com\\\/de\\\/wp-content\\\/uploads\\\/sites\\\/3\\\/2022\\\/06\\\/AMNESIA-HAZE.jpg\",\"datePublished\":\"2022-06-29T23:56:03+00:00\",\"dateModified\":\"2022-12-26T11:26:22+00:00\",\"description\":\"Kaufen Sie Amnesia Haze online bei Good Dealers Meds und erhalten Sie die besten Preise. Das Beste aus Schweizer Hanf unter einem Dach. Jetzt online kaufen!\",\"breadcrumb\":{\"@id\":\"https:\\\/\\\/gooddealersmeds.com\\\/de\\\/product\\\/amnesie-dunst\\\/#breadcrumb\"},\"inLanguage\":\"en-US\",\"potentialAction\":[{\"@type\":\"ReadAction\",\"target\":[\"https:\\\/\\\/gooddealersmeds.com\\\/de\\\/product\\\/amnesie-dunst\\\/\"]}]},{\"@type\":\"ImageObject\",\"inLanguage\":\"en-US\",\"@id\":\"https:\\\/\\\/gooddealersmeds.com\\\/de\\\/product\\\/amnesie-dunst\\\/#primaryimage\",\"url\":\"https:\\\/\\\/gooddealersmeds.com\\\/de\\\/wp-content\\\/uploads\\\/sites\\\/3\\\/2022\\\/06\\\/AMNESIA-HAZE.jpg\",\"contentUrl\":\"https:\\\/\\\/gooddealersmeds.com\\\/de\\\/wp-content\\\/uploads\\\/sites\\\/3\\\/2022\\\/06\\\/AMNESIA-HAZE.jpg\",\"width\":600,\"height\":600,\"caption\":\"Buy Amnesia Haze\"},{\"@type\":\"BreadcrumbList\",\"@id\":\"https:\\\/\\\/gooddealersmeds.com\\\/de\\\/product\\\/amnesie-dunst\\\/#breadcrumb\",\"itemListElement\":[{\"@type\":\"ListItem\",\"position\":1,\"name\":\"Home\",\"item\":\"https:\\\/\\\/gooddealersmeds.com\\\/de\\\/\"},{\"@type\":\"ListItem\",\"position\":2,\"name\":\"Produkte\",\"item\":\"https:\\\/\\\/gooddealersmeds.com\\\/de\\\/produkte\\\/\"},{\"@type\":\"ListItem\",\"position\":3,\"name\":\"Kaufen Sie Amnesia Haze online\"}]},{\"@type\":\"WebSite\",\"@id\":\"https:\\\/\\\/gooddealersmeds.com\\\/de\\\/#website\",\"url\":\"https:\\\/\\\/gooddealersmeds.com\\\/de\\\/\",\"name\":\"Good Dealers Meds\",\"description\":\"All our best\",\"publisher\":{\"@id\":\"https:\\\/\\\/gooddealersmeds.com\\\/de\\\/#organization\"},\"potentialAction\":[{\"@type\":\"SearchAction\",\"target\":{\"@type\":\"EntryPoint\",\"urlTemplate\":\"https:\\\/\\\/gooddealersmeds.com\\\/de\\\/?s={search_term_string}\"},\"query-input\":{\"@type\":\"PropertyValueSpecification\",\"valueRequired\":true,\"valueName\":\"search_term_string\"}}],\"inLanguage\":\"en-US\"},{\"@type\":\"Organization\",\"@id\":\"https:\\\/\\\/gooddealersmeds.com\\\/de\\\/#organization\",\"name\":\"Good Dealers Meds\",\"url\":\"https:\\\/\\\/gooddealersmeds.com\\\/de\\\/\",\"logo\":{\"@type\":\"ImageObject\",\"inLanguage\":\"en-US\",\"@id\":\"https:\\\/\\\/gooddealersmeds.com\\\/de\\\/#\\\/schema\\\/logo\\\/image\\\/\",\"url\":\"https:\\\/\\\/gooddealersmeds.com\\\/de\\\/wp-content\\\/uploads\\\/sites\\\/3\\\/2022\\\/03\\\/gooddealersmeds__logo__20220317T222800Z.00.png\",\"contentUrl\":\"https:\\\/\\\/gooddealersmeds.com\\\/de\\\/wp-content\\\/uploads\\\/sites\\\/3\\\/2022\\\/03\\\/gooddealersmeds__logo__20220317T222800Z.00.png\",\"width\":500,\"height\":325,\"caption\":\"Good Dealers Meds\"},\"image\":{\"@id\":\"https:\\\/\\\/gooddealersmeds.com\\\/de\\\/#\\\/schema\\\/logo\\\/image\\\/\"}}]}<\/script>\n<!-- \/ Yoast SEO Premium plugin. -->","yoast_head_json":{"title":"Kaufen Sie Amnesia Haze online - Hanf zu verkaufen | Good Dealers Meds","description":"Kaufen Sie Amnesia Haze online bei Good Dealers Meds und erhalten Sie die besten Preise. Das Beste aus Schweizer Hanf unter einem Dach. Jetzt online kaufen!","robots":{"index":"index","follow":"follow","max-snippet":"max-snippet:-1","max-image-preview":"max-image-preview:large","max-video-preview":"max-video-preview:-1"},"canonical":"https:\/\/gooddealersmeds.com\/de\/product\/amnesie-dunst\/","og_locale":"en_US","og_type":"article","og_title":"Kaufen Sie Amnesia Haze online","og_description":"Kaufen Sie Amnesia Haze online bei Good Dealers Meds und erhalten Sie die besten Preise. Das Beste aus Schweizer Hanf unter einem Dach. Jetzt online kaufen!","og_url":"https:\/\/gooddealersmeds.com\/de\/product\/amnesie-dunst\/","og_site_name":"Good Dealers Meds","article_modified_time":"2022-12-26T11:26:22+00:00","og_image":[{"width":600,"height":600,"url":"https:\/\/gooddealersmeds.com\/de\/wp-content\/uploads\/sites\/3\/2022\/06\/AMNESIA-HAZE.jpg","type":"image\/jpeg"}],"twitter_card":"summary_large_image","twitter_misc":{"Est. reading time":"2 minutes"},"schema":{"@context":"https:\/\/schema.org","@graph":[{"@type":"WebPage","@id":"https:\/\/gooddealersmeds.com\/de\/product\/amnesie-dunst\/","url":"https:\/\/gooddealersmeds.com\/de\/product\/amnesie-dunst\/","name":"Kaufen Sie Amnesia Haze online - Hanf zu verkaufen | Good Dealers Meds","isPartOf":{"@id":"https:\/\/gooddealersmeds.com\/de\/#website"},"primaryImageOfPage":{"@id":"https:\/\/gooddealersmeds.com\/de\/product\/amnesie-dunst\/#primaryimage"},"image":{"@id":"https:\/\/gooddealersmeds.com\/de\/product\/amnesie-dunst\/#primaryimage"},"thumbnailUrl":"https:\/\/gooddealersmeds.com\/de\/wp-content\/uploads\/sites\/3\/2022\/06\/AMNESIA-HAZE.jpg","datePublished":"2022-06-29T23:56:03+00:00","dateModified":"2022-12-26T11:26:22+00:00","description":"Kaufen Sie Amnesia Haze online bei Good Dealers Meds und erhalten Sie die besten Preise. Das Beste aus Schweizer Hanf unter einem Dach. Jetzt online kaufen!","breadcrumb":{"@id":"https:\/\/gooddealersmeds.com\/de\/product\/amnesie-dunst\/#breadcrumb"},"inLanguage":"en-US","potentialAction":[{"@type":"ReadAction","target":["https:\/\/gooddealersmeds.com\/de\/product\/amnesie-dunst\/"]}]},{"@type":"ImageObject","inLanguage":"en-US","@id":"https:\/\/gooddealersmeds.com\/de\/product\/amnesie-dunst\/#primaryimage","url":"https:\/\/gooddealersmeds.com\/de\/wp-content\/uploads\/sites\/3\/2022\/06\/AMNESIA-HAZE.jpg","contentUrl":"https:\/\/gooddealersmeds.com\/de\/wp-content\/uploads\/sites\/3\/2022\/06\/AMNESIA-HAZE.jpg","width":600,"height":600,"caption":"Buy Amnesia Haze"},{"@type":"BreadcrumbList","@id":"https:\/\/gooddealersmeds.com\/de\/product\/amnesie-dunst\/#breadcrumb","itemListElement":[{"@type":"ListItem","position":1,"name":"Home","item":"https:\/\/gooddealersmeds.com\/de\/"},{"@type":"ListItem","position":2,"name":"Produkte","item":"https:\/\/gooddealersmeds.com\/de\/produkte\/"},{"@type":"ListItem","position":3,"name":"Kaufen Sie Amnesia Haze online"}]},{"@type":"WebSite","@id":"https:\/\/gooddealersmeds.com\/de\/#website","url":"https:\/\/gooddealersmeds.com\/de\/","name":"Good Dealers Meds","description":"All our best","publisher":{"@id":"https:\/\/gooddealersmeds.com\/de\/#organization"},"potentialAction":[{"@type":"SearchAction","target":{"@type":"EntryPoint","urlTemplate":"https:\/\/gooddealersmeds.com\/de\/?s={search_term_string}"},"query-input":{"@type":"PropertyValueSpecification","valueRequired":true,"valueName":"search_term_string"}}],"inLanguage":"en-US"},{"@type":"Organization","@id":"https:\/\/gooddealersmeds.com\/de\/#organization","name":"Good Dealers Meds","url":"https:\/\/gooddealersmeds.com\/de\/","logo":{"@type":"ImageObject","inLanguage":"en-US","@id":"https:\/\/gooddealersmeds.com\/de\/#\/schema\/logo\/image\/","url":"https:\/\/gooddealersmeds.com\/de\/wp-content\/uploads\/sites\/3\/2022\/03\/gooddealersmeds__logo__20220317T222800Z.00.png","contentUrl":"https:\/\/gooddealersmeds.com\/de\/wp-content\/uploads\/sites\/3\/2022\/03\/gooddealersmeds__logo__20220317T222800Z.00.png","width":500,"height":325,"caption":"Good Dealers Meds"},"image":{"@id":"https:\/\/gooddealersmeds.com\/de\/#\/schema\/logo\/image\/"}}]}},"_links":{"self":[{"href":"https:\/\/gooddealersmeds.com\/de\/wp-json\/wp\/v2\/product\/1867","targetHints":{"allow":["GET"]}}],"collection":[{"href":"https:\/\/gooddealersmeds.com\/de\/wp-json\/wp\/v2\/product"}],"about":[{"href":"https:\/\/gooddealersmeds.com\/de\/wp-json\/wp\/v2\/types\/product"}],"replies":[{"embeddable":true,"href":"https:\/\/gooddealersmeds.com\/de\/wp-json\/wp\/v2\/comments?post=1867"}],"wp:featuredmedia":[{"embeddable":true,"href":"https:\/\/gooddealersmeds.com\/de\/wp-json\/wp\/v2\/media\/1868"}],"wp:attachment":[{"href":"https:\/\/gooddealersmeds.com\/de\/wp-json\/wp\/v2\/media?parent=1867"}],"wp:term":[{"taxonomy":"product_brand","embeddable":true,"href":"https:\/\/gooddealersmeds.com\/de\/wp-json\/wp\/v2\/product_brand?post=1867"},{"taxonomy":"product_cat","embeddable":true,"href":"https:\/\/gooddealersmeds.com\/de\/wp-json\/wp\/v2\/product_cat?post=1867"},{"taxonomy":"product_tag","embeddable":true,"href":"https:\/\/gooddealersmeds.com\/de\/wp-json\/wp\/v2\/product_tag?post=1867"}],"curies":[{"name":"wp","href":"https:\/\/api.w.org\/{rel}","templated":true}]}}