{"id":1833,"date":"2022-06-22T20:57:16","date_gmt":"2022-06-22T20:57:16","guid":{"rendered":"https:\/\/gooddealersmeds.com\/de\/?post_type=product&#038;p=1833"},"modified":"2022-12-26T11:59:28","modified_gmt":"2022-12-26T11:59:28","slug":"rivotril","status":"publish","type":"product","link":"https:\/\/gooddealersmeds.com\/de\/product\/rivotril\/","title":{"rendered":"Rivotril online kaufen"},"content":{"rendered":"<h2>Kaufen Sie Rivotril online von der Spitzenklasse<\/h2>\n<p><a href=\"https:\/\/gooddealersmeds.com\/de\/product\/rivotril\/\">Rivotril<\/a> ist ein Medikament, das verwendet wird bei der Behandlung von Bluthochdruck. Es ist als Tablette, Kapsel und Retardtablette erh\u00e4ltlich. Das Medikament geh\u00f6rt zur Gruppe der Kalziumkanalblocker. Im Gegensatz zu anderen Medikamenten gegen Bluthochdruck, die die Arterien entspannen und die Herzfrequenz senken, blockiert dieses Medikament die Kalziumkan\u00e4le im Herzen, was zu einem Anstieg der Herzfrequenz und des Blutdrucks f\u00fchrt.<\/p>\n<p>&nbsp;<\/p>\n<p>Rivotril ist ein Medikament, das zur Behandlung von Depressionen, Angstzust\u00e4nden und Panikattacken eingesetzt werden kann. Es funktioniert, indem es bestimmte Chemikalien im Gehirn blockiert, die die Symptome verursachen k\u00f6nnen. Es ist als Online-Apotheke erh\u00e4ltlich.<\/p>\n<p>Das Medikament wurde 1987 von der U.S. Food and Drug Administration zugelassen und wurde auf Rezept zur Behandlung von Depressionen und <a href=\"https:\/\/www.apotheken\">Angstst\u00f6rungen<\/a>. Seitdem wurde es auch f\u00fcr andere Erkrankungen wie bipolare St\u00f6rungen und Panikattacken verschrieben.<\/p>\n<p><strong>\u00a0<\/strong><\/p>\n<p><strong>Warum Rivotril online kaufen?<\/strong><\/p>\n<p><strong>\u00a0<\/strong><\/p>\n<p>Zu den Vorteilen der Verwendung dieses Medikaments geh\u00f6ren:<\/p>\n<p>1)\u00a0 Es ist wirksam bei der Kontrolle und Senkung des Blutdrucks das Schlaganfallrisiko<\/p>\n<p>2)\u00a0 Es hilft bei der Vorbeugung von Nierensteinen, indem es das Wasserlassen reguliert<\/p>\n<p>3)\u00a0 Mit seiner lang anhaltenden Wirkung kann es Ihnen helfen, besser zu schlafen und die M\u00fcdigkeit nach der Arbeit zu reduzieren Stunden<\/p>\n<p>4)\u00a0 Es hilft, Nierensch\u00e4den durch \u00fcberm\u00e4\u00dfige Fl\u00fcssigkeitsretention aufgrund von Bluthochdruck zu verhindern<\/p>\n<p><strong>\u00a0<\/strong><\/p>\n<p><strong> Der beste Ort, um Rivotril online zu kaufen<\/strong><\/p>\n<p>Viele Apotheken geben Rivotril im Internet, aber Great Dealers Meds ist der beste Ort, um dieses Medikament aufzusp\u00fcren. Wir bieten ernsthafte Kosten und eine gro\u00dfe Anzahl von Medikamenten, einschlie\u00dflich Rivotril. Sie k\u00f6nnen Rivotril auch online \u00fcber Great Dealers Meds buchen, indem Sie unsere Shop-Seite online besuchen.<\/p>\n","protected":false},"excerpt":{"rendered":"<p>Kaufen Sie Rivotril 2 mg online. Es ist ein Benzodiazepin, was bedeutet, dass es eine beruhigende Wirkung auf das Gehirn hat. Es reduziert Anf\u00e4lle, Angstzust\u00e4nde und wird zur Behandlung von Anfallsleiden eingesetzt. Rivotril verlangsamt die Aktivit\u00e4t der Nerven im Gehirn, lockert verspannte Muskeln und kann bei Schlafst\u00f6rungen (Schlaflosigkeit) helfen. Rivotril 2 mg wird normalerweise f\u00fcr einen kurzen Zeitraum verschrieben, wenn es zur Behandlung von Schlafproblemen verwendet wird. Wenn Sie Clonazepam \u00fcber einen l\u00e4ngeren Zeitraum oder in hohen Dosen eingenommen haben, fragen Sie Ihren Arzt, bevor Sie aufh\u00f6ren.<\/p>\n","protected":false},"featured_media":1840,"comment_status":"open","ping_status":"closed","template":"","meta":{"inline_featured_image":false},"product_brand":[],"product_cat":[347],"product_tag":[338,340,339,341],"class_list":{"0":"post-1833","1":"product","2":"type-product","3":"status-publish","4":"has-post-thumbnail","6":"product_cat-opioid-schmerzmittel","7":"product_tag-barbiturate","8":"product_tag-forschungschemikalien","9":"product_tag-nembutal","10":"product_tag-selbstmord-kits","12":"first","13":"instock","14":"shipping-taxable","15":"purchasable","16":"product-type-variable","17":"has-default-attributes"},"yoast_head":"<!-- This site is optimized with the Yoast SEO Premium plugin v20.6 (Yoast SEO v27.3) - https:\/\/yoast.com\/product\/yoast-seo-premium-wordpress\/ -->\n<title>Rivotril online kaufen (2mg) Clonazepam | Good Dealers Meds<\/title>\n<meta name=\"description\" content=\"Kaufen Sie Rivotril 2mg online bei Good Dealers Meds. Es wird zur Behandlung von Anf\u00e4llen, Angstzust\u00e4nden und zur Behandlung von Anfallsleiden eingesetzt.\" \/>\n<meta name=\"robots\" content=\"index, follow, max-snippet:-1, max-image-preview:large, max-video-preview:-1\" \/>\n<link rel=\"canonical\" href=\"https:\/\/gooddealersmeds.com\/de\/product\/rivotril\/\" \/>\n<meta property=\"og:locale\" content=\"en_US\" \/>\n<meta property=\"og:type\" content=\"article\" \/>\n<meta property=\"og:title\" content=\"Rivotril online kaufen\" \/>\n<meta property=\"og:description\" content=\"Kaufen Sie Rivotril 2mg online bei Good Dealers Meds. Es wird zur Behandlung von Anf\u00e4llen, Angstzust\u00e4nden und zur Behandlung von Anfallsleiden eingesetzt.\" \/>\n<meta property=\"og:url\" content=\"https:\/\/gooddealersmeds.com\/de\/product\/rivotril\/\" \/>\n<meta property=\"og:site_name\" content=\"Good Dealers Meds\" \/>\n<meta property=\"article:modified_time\" content=\"2022-12-26T11:59:28+00:00\" \/>\n<meta property=\"og:image\" content=\"https:\/\/gooddealersmeds.com\/de\/wp-content\/uploads\/sites\/3\/2022\/06\/Rivotril-2mg.webp\" \/>\n\t<meta property=\"og:image:width\" content=\"600\" \/>\n\t<meta property=\"og:image:height\" content=\"600\" \/>\n\t<meta property=\"og:image:type\" content=\"image\/webp\" \/>\n<meta name=\"twitter:card\" content=\"summary_large_image\" \/>\n<meta name=\"twitter:label1\" content=\"Est. reading time\" \/>\n\t<meta name=\"twitter:data1\" content=\"1 minute\" \/>\n<script type=\"application\/ld+json\" class=\"yoast-schema-graph\">{\"@context\":\"https:\\\/\\\/schema.org\",\"@graph\":[{\"@type\":\"WebPage\",\"@id\":\"https:\\\/\\\/gooddealersmeds.com\\\/de\\\/product\\\/rivotril\\\/\",\"url\":\"https:\\\/\\\/gooddealersmeds.com\\\/de\\\/product\\\/rivotril\\\/\",\"name\":\"Rivotril online kaufen (2mg) Clonazepam | Good Dealers Meds\",\"isPartOf\":{\"@id\":\"https:\\\/\\\/gooddealersmeds.com\\\/de\\\/#website\"},\"primaryImageOfPage\":{\"@id\":\"https:\\\/\\\/gooddealersmeds.com\\\/de\\\/product\\\/rivotril\\\/#primaryimage\"},\"image\":{\"@id\":\"https:\\\/\\\/gooddealersmeds.com\\\/de\\\/product\\\/rivotril\\\/#primaryimage\"},\"thumbnailUrl\":\"https:\\\/\\\/gooddealersmeds.com\\\/de\\\/wp-content\\\/uploads\\\/sites\\\/3\\\/2022\\\/06\\\/Rivotril-2mg.webp\",\"datePublished\":\"2022-06-22T20:57:16+00:00\",\"dateModified\":\"2022-12-26T11:59:28+00:00\",\"description\":\"Kaufen Sie Rivotril 2mg online bei Good Dealers Meds. Es wird zur Behandlung von Anf\u00e4llen, Angstzust\u00e4nden und zur Behandlung von Anfallsleiden eingesetzt.\",\"breadcrumb\":{\"@id\":\"https:\\\/\\\/gooddealersmeds.com\\\/de\\\/product\\\/rivotril\\\/#breadcrumb\"},\"inLanguage\":\"en-US\",\"potentialAction\":[{\"@type\":\"ReadAction\",\"target\":[\"https:\\\/\\\/gooddealersmeds.com\\\/de\\\/product\\\/rivotril\\\/\"]}]},{\"@type\":\"ImageObject\",\"inLanguage\":\"en-US\",\"@id\":\"https:\\\/\\\/gooddealersmeds.com\\\/de\\\/product\\\/rivotril\\\/#primaryimage\",\"url\":\"https:\\\/\\\/gooddealersmeds.com\\\/de\\\/wp-content\\\/uploads\\\/sites\\\/3\\\/2022\\\/06\\\/Rivotril-2mg.webp\",\"contentUrl\":\"https:\\\/\\\/gooddealersmeds.com\\\/de\\\/wp-content\\\/uploads\\\/sites\\\/3\\\/2022\\\/06\\\/Rivotril-2mg.webp\",\"width\":600,\"height\":600,\"caption\":\"Buy Rivotril Online\"},{\"@type\":\"BreadcrumbList\",\"@id\":\"https:\\\/\\\/gooddealersmeds.com\\\/de\\\/product\\\/rivotril\\\/#breadcrumb\",\"itemListElement\":[{\"@type\":\"ListItem\",\"position\":1,\"name\":\"Home\",\"item\":\"https:\\\/\\\/gooddealersmeds.com\\\/de\\\/\"},{\"@type\":\"ListItem\",\"position\":2,\"name\":\"Produkte\",\"item\":\"https:\\\/\\\/gooddealersmeds.com\\\/de\\\/produkte\\\/\"},{\"@type\":\"ListItem\",\"position\":3,\"name\":\"Rivotril online kaufen\"}]},{\"@type\":\"WebSite\",\"@id\":\"https:\\\/\\\/gooddealersmeds.com\\\/de\\\/#website\",\"url\":\"https:\\\/\\\/gooddealersmeds.com\\\/de\\\/\",\"name\":\"Good Dealers Meds\",\"description\":\"All our best\",\"publisher\":{\"@id\":\"https:\\\/\\\/gooddealersmeds.com\\\/de\\\/#organization\"},\"potentialAction\":[{\"@type\":\"SearchAction\",\"target\":{\"@type\":\"EntryPoint\",\"urlTemplate\":\"https:\\\/\\\/gooddealersmeds.com\\\/de\\\/?s={search_term_string}\"},\"query-input\":{\"@type\":\"PropertyValueSpecification\",\"valueRequired\":true,\"valueName\":\"search_term_string\"}}],\"inLanguage\":\"en-US\"},{\"@type\":\"Organization\",\"@id\":\"https:\\\/\\\/gooddealersmeds.com\\\/de\\\/#organization\",\"name\":\"Good Dealers Meds\",\"url\":\"https:\\\/\\\/gooddealersmeds.com\\\/de\\\/\",\"logo\":{\"@type\":\"ImageObject\",\"inLanguage\":\"en-US\",\"@id\":\"https:\\\/\\\/gooddealersmeds.com\\\/de\\\/#\\\/schema\\\/logo\\\/image\\\/\",\"url\":\"https:\\\/\\\/gooddealersmeds.com\\\/de\\\/wp-content\\\/uploads\\\/sites\\\/3\\\/2022\\\/03\\\/gooddealersmeds__logo__20220317T222800Z.00.png\",\"contentUrl\":\"https:\\\/\\\/gooddealersmeds.com\\\/de\\\/wp-content\\\/uploads\\\/sites\\\/3\\\/2022\\\/03\\\/gooddealersmeds__logo__20220317T222800Z.00.png\",\"width\":500,\"height\":325,\"caption\":\"Good Dealers Meds\"},\"image\":{\"@id\":\"https:\\\/\\\/gooddealersmeds.com\\\/de\\\/#\\\/schema\\\/logo\\\/image\\\/\"}}]}<\/script>\n<!-- \/ Yoast SEO Premium plugin. -->","yoast_head_json":{"title":"Rivotril online kaufen (2mg) Clonazepam | Good Dealers Meds","description":"Kaufen Sie Rivotril 2mg online bei Good Dealers Meds. Es wird zur Behandlung von Anf\u00e4llen, Angstzust\u00e4nden und zur Behandlung von Anfallsleiden eingesetzt.","robots":{"index":"index","follow":"follow","max-snippet":"max-snippet:-1","max-image-preview":"max-image-preview:large","max-video-preview":"max-video-preview:-1"},"canonical":"https:\/\/gooddealersmeds.com\/de\/product\/rivotril\/","og_locale":"en_US","og_type":"article","og_title":"Rivotril online kaufen","og_description":"Kaufen Sie Rivotril 2mg online bei Good Dealers Meds. Es wird zur Behandlung von Anf\u00e4llen, Angstzust\u00e4nden und zur Behandlung von Anfallsleiden eingesetzt.","og_url":"https:\/\/gooddealersmeds.com\/de\/product\/rivotril\/","og_site_name":"Good Dealers Meds","article_modified_time":"2022-12-26T11:59:28+00:00","og_image":[{"width":600,"height":600,"url":"https:\/\/gooddealersmeds.com\/de\/wp-content\/uploads\/sites\/3\/2022\/06\/Rivotril-2mg.webp","type":"image\/webp"}],"twitter_card":"summary_large_image","twitter_misc":{"Est. reading time":"1 minute"},"schema":{"@context":"https:\/\/schema.org","@graph":[{"@type":"WebPage","@id":"https:\/\/gooddealersmeds.com\/de\/product\/rivotril\/","url":"https:\/\/gooddealersmeds.com\/de\/product\/rivotril\/","name":"Rivotril online kaufen (2mg) Clonazepam | Good Dealers Meds","isPartOf":{"@id":"https:\/\/gooddealersmeds.com\/de\/#website"},"primaryImageOfPage":{"@id":"https:\/\/gooddealersmeds.com\/de\/product\/rivotril\/#primaryimage"},"image":{"@id":"https:\/\/gooddealersmeds.com\/de\/product\/rivotril\/#primaryimage"},"thumbnailUrl":"https:\/\/gooddealersmeds.com\/de\/wp-content\/uploads\/sites\/3\/2022\/06\/Rivotril-2mg.webp","datePublished":"2022-06-22T20:57:16+00:00","dateModified":"2022-12-26T11:59:28+00:00","description":"Kaufen Sie Rivotril 2mg online bei Good Dealers Meds. Es wird zur Behandlung von Anf\u00e4llen, Angstzust\u00e4nden und zur Behandlung von Anfallsleiden eingesetzt.","breadcrumb":{"@id":"https:\/\/gooddealersmeds.com\/de\/product\/rivotril\/#breadcrumb"},"inLanguage":"en-US","potentialAction":[{"@type":"ReadAction","target":["https:\/\/gooddealersmeds.com\/de\/product\/rivotril\/"]}]},{"@type":"ImageObject","inLanguage":"en-US","@id":"https:\/\/gooddealersmeds.com\/de\/product\/rivotril\/#primaryimage","url":"https:\/\/gooddealersmeds.com\/de\/wp-content\/uploads\/sites\/3\/2022\/06\/Rivotril-2mg.webp","contentUrl":"https:\/\/gooddealersmeds.com\/de\/wp-content\/uploads\/sites\/3\/2022\/06\/Rivotril-2mg.webp","width":600,"height":600,"caption":"Buy Rivotril Online"},{"@type":"BreadcrumbList","@id":"https:\/\/gooddealersmeds.com\/de\/product\/rivotril\/#breadcrumb","itemListElement":[{"@type":"ListItem","position":1,"name":"Home","item":"https:\/\/gooddealersmeds.com\/de\/"},{"@type":"ListItem","position":2,"name":"Produkte","item":"https:\/\/gooddealersmeds.com\/de\/produkte\/"},{"@type":"ListItem","position":3,"name":"Rivotril online kaufen"}]},{"@type":"WebSite","@id":"https:\/\/gooddealersmeds.com\/de\/#website","url":"https:\/\/gooddealersmeds.com\/de\/","name":"Good Dealers Meds","description":"All our best","publisher":{"@id":"https:\/\/gooddealersmeds.com\/de\/#organization"},"potentialAction":[{"@type":"SearchAction","target":{"@type":"EntryPoint","urlTemplate":"https:\/\/gooddealersmeds.com\/de\/?s={search_term_string}"},"query-input":{"@type":"PropertyValueSpecification","valueRequired":true,"valueName":"search_term_string"}}],"inLanguage":"en-US"},{"@type":"Organization","@id":"https:\/\/gooddealersmeds.com\/de\/#organization","name":"Good Dealers Meds","url":"https:\/\/gooddealersmeds.com\/de\/","logo":{"@type":"ImageObject","inLanguage":"en-US","@id":"https:\/\/gooddealersmeds.com\/de\/#\/schema\/logo\/image\/","url":"https:\/\/gooddealersmeds.com\/de\/wp-content\/uploads\/sites\/3\/2022\/03\/gooddealersmeds__logo__20220317T222800Z.00.png","contentUrl":"https:\/\/gooddealersmeds.com\/de\/wp-content\/uploads\/sites\/3\/2022\/03\/gooddealersmeds__logo__20220317T222800Z.00.png","width":500,"height":325,"caption":"Good Dealers Meds"},"image":{"@id":"https:\/\/gooddealersmeds.com\/de\/#\/schema\/logo\/image\/"}}]}},"_links":{"self":[{"href":"https:\/\/gooddealersmeds.com\/de\/wp-json\/wp\/v2\/product\/1833","targetHints":{"allow":["GET"]}}],"collection":[{"href":"https:\/\/gooddealersmeds.com\/de\/wp-json\/wp\/v2\/product"}],"about":[{"href":"https:\/\/gooddealersmeds.com\/de\/wp-json\/wp\/v2\/types\/product"}],"replies":[{"embeddable":true,"href":"https:\/\/gooddealersmeds.com\/de\/wp-json\/wp\/v2\/comments?post=1833"}],"wp:featuredmedia":[{"embeddable":true,"href":"https:\/\/gooddealersmeds.com\/de\/wp-json\/wp\/v2\/media\/1840"}],"wp:attachment":[{"href":"https:\/\/gooddealersmeds.com\/de\/wp-json\/wp\/v2\/media?parent=1833"}],"wp:term":[{"taxonomy":"product_brand","embeddable":true,"href":"https:\/\/gooddealersmeds.com\/de\/wp-json\/wp\/v2\/product_brand?post=1833"},{"taxonomy":"product_cat","embeddable":true,"href":"https:\/\/gooddealersmeds.com\/de\/wp-json\/wp\/v2\/product_cat?post=1833"},{"taxonomy":"product_tag","embeddable":true,"href":"https:\/\/gooddealersmeds.com\/de\/wp-json\/wp\/v2\/product_tag?post=1833"}],"curies":[{"name":"wp","href":"https:\/\/api.w.org\/{rel}","templated":true}]}}