{"id":1823,"date":"2022-06-22T20:56:09","date_gmt":"2022-06-22T20:56:09","guid":{"rendered":"https:\/\/gooddealersmeds.com\/de\/?post_type=product&#038;p=1823"},"modified":"2022-12-26T12:05:20","modified_gmt":"2022-12-26T12:05:20","slug":"nembutal-pillen","status":"publish","type":"product","link":"https:\/\/gooddealersmeds.com\/de\/product\/nembutal-pillen\/","title":{"rendered":"Kaufen Sie Nembutal-Pillen online"},"content":{"rendered":"<h2>Kaufen Sie Nembutal-Pillen sicher und diskret online<\/h2>\n<p>Bestellen Sie Nembutal-Pillen online &#8211; Nembutal-Pillen sind eine Art Barbiturat, das zur Behandlung von Schlaflosigkeit und Angstzust\u00e4nden verwendet wird . Das Medikament kann auch f\u00fcr andere Erkrankungen verwendet werden, die von Ihrem Arzt bestimmt werden.<\/p>\n<p>&nbsp;<\/p>\n<p>Nembutal-Pillen sind in verschiedenen St\u00e4rken (oder Konzentrationen) erh\u00e4ltlich, je nachdem, welches Medikament Sie einnehmen , was sie wirksamer macht als die meisten anderen Arten von Schlafmitteln. Diese Medikamente wirken, indem sie die Aktivit\u00e4t in Ihrem Gehirn verlangsamen, was dazu f\u00fchrt, dass Sie sich schl\u00e4frig f\u00fchlen oder schnell einschlafen. Einige Menschen stellen fest, dass sie nicht einschlafen k\u00f6nnen, bis sie diese Pillen einnehmen, w\u00e4hrend andere feststellen, dass sie mit nur einer Pille schnell einschlafen und die ganze Nacht durchschlafen k\u00f6nnen.<\/p>\n<p><strong>\u00a0<\/strong><\/p>\n<p>&nbsp;<\/p>\n<p><strong>Warum Nembutal-Pillen online kaufen<\/strong><\/p>\n<p>&nbsp;<\/p>\n<p>Nembutal kann stattdessen online gekauft werden von einer lokalen Apotheke aus einer Vielzahl von Gr\u00fcnden. Erstens kostet es weniger, als wenn Sie pers\u00f6nlich dorthin gehen w\u00fcrden; zweitens ist es bequem, online zu bestellen, wenn Sie es brauchen; Drittens spart es Zeit, weil Sie nicht an einer Apothekentheke warten m\u00fcssen; viertens k\u00f6nnen Sie Geld sparen, indem Sie Ihre Medikamente online kaufen, anstatt jeden Monat die Einzelhandelspreise in Apotheken zu zahlen.<\/p>\n<p>&nbsp;<\/p>\n<p><strong>Der beste Ort zum Bestellen<\/strong><strong>Nembutal-Pillen online<\/strong><\/p>\n<p>&nbsp;<\/p>\n<p>Viele Drogerien bieten Nembutal-Pillen online an, aber Good Dealers Meds ist der beste Ort, um dieses Medikament zu finden. Wir bieten wettbewerbsf\u00e4hige Preise und eine gro\u00dfe Auswahl an Medikamenten, einschlie\u00dflich\u00a0 <a href=\"https:\/\/gooddealersmeds.com\/de\/product\/nembutal-pills\/\">Nembutal-Pillen<\/a>. Sie k\u00f6nnen hier auch seltene Arzneimittel buchen, indem Sie unten auf die Schaltfl\u00e4che \u201eJetzt buchen\u201c klicken. Bestellen Sie Nembutal-Pillen online<\/p>\n","protected":false},"excerpt":{"rendered":"<p>Nembutal-Pillen online kaufen ist ein Medikament, das in eine Gruppe von Medikamenten namens Barbiturate eingeordnet wird. Es wurde in den 1940er und 50er Jahren h\u00e4ufig und weit verbreitet als Schlafmittel oder als Anti-Angst-Behandlung (Beruhigungsmittel) verwendet. Obwohl Nembutal-Pillen zur Behandlung von Schlaflosigkeit verwendet werden, ist es bei \u00dcberdosierung hochgradig t\u00f6dlich.<\/p>\n","protected":false},"featured_media":1831,"comment_status":"open","ping_status":"closed","template":"","meta":{"inline_featured_image":false},"product_brand":[],"product_cat":[343],"product_tag":[],"class_list":{"0":"post-1823","1":"product","2":"type-product","3":"status-publish","4":"has-post-thumbnail","6":"product_cat-andere","8":"first","9":"instock","10":"shipping-taxable","11":"purchasable","12":"product-type-variable","13":"has-default-attributes"},"yoast_head":"<!-- This site is optimized with the Yoast SEO Premium plugin v20.6 (Yoast SEO v27.4) - https:\/\/yoast.com\/product\/yoast-seo-premium-wordpress\/ -->\n<title>Bestellen Sie Nembutal-Pillen online - Pentobarbital | Good Dealers Meds<\/title>\n<meta name=\"description\" content=\"Bestellen Sie Nembutal-Pillen online, wir liefern hochwertiges Nembutal zu besten Preisen. Kaufen Sie jetzt und erhalten Sie es an Ihre Haust\u00fcr geliefert.\" \/>\n<meta name=\"robots\" content=\"index, follow, max-snippet:-1, max-image-preview:large, max-video-preview:-1\" \/>\n<link rel=\"canonical\" href=\"https:\/\/gooddealersmeds.com\/de\/product\/nembutal-pillen\/\" \/>\n<meta property=\"og:locale\" content=\"en_US\" \/>\n<meta property=\"og:type\" content=\"article\" \/>\n<meta property=\"og:title\" content=\"Kaufen Sie Nembutal-Pillen online\" \/>\n<meta property=\"og:description\" content=\"Bestellen Sie Nembutal-Pillen online, wir liefern hochwertiges Nembutal zu besten Preisen. Kaufen Sie jetzt und erhalten Sie es an Ihre Haust\u00fcr geliefert.\" \/>\n<meta property=\"og:url\" content=\"https:\/\/gooddealersmeds.com\/de\/product\/nembutal-pillen\/\" \/>\n<meta property=\"og:site_name\" content=\"Good Dealers Meds\" \/>\n<meta property=\"article:modified_time\" content=\"2022-12-26T12:05:20+00:00\" \/>\n<meta property=\"og:image\" content=\"https:\/\/gooddealersmeds.com\/de\/wp-content\/uploads\/sites\/3\/2022\/06\/Nembutal-Pills.webp\" \/>\n\t<meta property=\"og:image:width\" content=\"1200\" \/>\n\t<meta property=\"og:image:height\" content=\"630\" \/>\n\t<meta property=\"og:image:type\" content=\"image\/webp\" \/>\n<meta name=\"twitter:card\" content=\"summary_large_image\" \/>\n<meta name=\"twitter:label1\" content=\"Est. reading time\" \/>\n\t<meta name=\"twitter:data1\" content=\"1 minute\" \/>\n<script type=\"application\/ld+json\" class=\"yoast-schema-graph\">{\"@context\":\"https:\\\/\\\/schema.org\",\"@graph\":[{\"@type\":\"WebPage\",\"@id\":\"https:\\\/\\\/gooddealersmeds.com\\\/de\\\/product\\\/nembutal-pillen\\\/\",\"url\":\"https:\\\/\\\/gooddealersmeds.com\\\/de\\\/product\\\/nembutal-pillen\\\/\",\"name\":\"Bestellen Sie Nembutal-Pillen online - Pentobarbital | Good Dealers Meds\",\"isPartOf\":{\"@id\":\"https:\\\/\\\/gooddealersmeds.com\\\/de\\\/#website\"},\"primaryImageOfPage\":{\"@id\":\"https:\\\/\\\/gooddealersmeds.com\\\/de\\\/product\\\/nembutal-pillen\\\/#primaryimage\"},\"image\":{\"@id\":\"https:\\\/\\\/gooddealersmeds.com\\\/de\\\/product\\\/nembutal-pillen\\\/#primaryimage\"},\"thumbnailUrl\":\"https:\\\/\\\/gooddealersmeds.com\\\/de\\\/wp-content\\\/uploads\\\/sites\\\/3\\\/2022\\\/06\\\/Nembutal-Pills.webp\",\"datePublished\":\"2022-06-22T20:56:09+00:00\",\"dateModified\":\"2022-12-26T12:05:20+00:00\",\"description\":\"Bestellen Sie Nembutal-Pillen online, wir liefern hochwertiges Nembutal zu besten Preisen. Kaufen Sie jetzt und erhalten Sie es an Ihre Haust\u00fcr geliefert.\",\"breadcrumb\":{\"@id\":\"https:\\\/\\\/gooddealersmeds.com\\\/de\\\/product\\\/nembutal-pillen\\\/#breadcrumb\"},\"inLanguage\":\"en-US\",\"potentialAction\":[{\"@type\":\"ReadAction\",\"target\":[\"https:\\\/\\\/gooddealersmeds.com\\\/de\\\/product\\\/nembutal-pillen\\\/\"]}]},{\"@type\":\"ImageObject\",\"inLanguage\":\"en-US\",\"@id\":\"https:\\\/\\\/gooddealersmeds.com\\\/de\\\/product\\\/nembutal-pillen\\\/#primaryimage\",\"url\":\"https:\\\/\\\/gooddealersmeds.com\\\/de\\\/wp-content\\\/uploads\\\/sites\\\/3\\\/2022\\\/06\\\/Nembutal-Pills.webp\",\"contentUrl\":\"https:\\\/\\\/gooddealersmeds.com\\\/de\\\/wp-content\\\/uploads\\\/sites\\\/3\\\/2022\\\/06\\\/Nembutal-Pills.webp\",\"width\":1200,\"height\":630,\"caption\":\"Nembutal Pills Online\"},{\"@type\":\"BreadcrumbList\",\"@id\":\"https:\\\/\\\/gooddealersmeds.com\\\/de\\\/product\\\/nembutal-pillen\\\/#breadcrumb\",\"itemListElement\":[{\"@type\":\"ListItem\",\"position\":1,\"name\":\"Home\",\"item\":\"https:\\\/\\\/gooddealersmeds.com\\\/de\\\/\"},{\"@type\":\"ListItem\",\"position\":2,\"name\":\"Produkte\",\"item\":\"https:\\\/\\\/gooddealersmeds.com\\\/de\\\/produkte\\\/\"},{\"@type\":\"ListItem\",\"position\":3,\"name\":\"Kaufen Sie Nembutal-Pillen online\"}]},{\"@type\":\"WebSite\",\"@id\":\"https:\\\/\\\/gooddealersmeds.com\\\/de\\\/#website\",\"url\":\"https:\\\/\\\/gooddealersmeds.com\\\/de\\\/\",\"name\":\"Good Dealers Meds\",\"description\":\"All our best\",\"publisher\":{\"@id\":\"https:\\\/\\\/gooddealersmeds.com\\\/de\\\/#organization\"},\"potentialAction\":[{\"@type\":\"SearchAction\",\"target\":{\"@type\":\"EntryPoint\",\"urlTemplate\":\"https:\\\/\\\/gooddealersmeds.com\\\/de\\\/?s={search_term_string}\"},\"query-input\":{\"@type\":\"PropertyValueSpecification\",\"valueRequired\":true,\"valueName\":\"search_term_string\"}}],\"inLanguage\":\"en-US\"},{\"@type\":\"Organization\",\"@id\":\"https:\\\/\\\/gooddealersmeds.com\\\/de\\\/#organization\",\"name\":\"Good Dealers Meds\",\"url\":\"https:\\\/\\\/gooddealersmeds.com\\\/de\\\/\",\"logo\":{\"@type\":\"ImageObject\",\"inLanguage\":\"en-US\",\"@id\":\"https:\\\/\\\/gooddealersmeds.com\\\/de\\\/#\\\/schema\\\/logo\\\/image\\\/\",\"url\":\"https:\\\/\\\/gooddealersmeds.com\\\/de\\\/wp-content\\\/uploads\\\/sites\\\/3\\\/2022\\\/03\\\/gooddealersmeds__logo__20220317T222800Z.00.png\",\"contentUrl\":\"https:\\\/\\\/gooddealersmeds.com\\\/de\\\/wp-content\\\/uploads\\\/sites\\\/3\\\/2022\\\/03\\\/gooddealersmeds__logo__20220317T222800Z.00.png\",\"width\":500,\"height\":325,\"caption\":\"Good Dealers Meds\"},\"image\":{\"@id\":\"https:\\\/\\\/gooddealersmeds.com\\\/de\\\/#\\\/schema\\\/logo\\\/image\\\/\"}}]}<\/script>\n<!-- \/ Yoast SEO Premium plugin. -->","yoast_head_json":{"title":"Bestellen Sie Nembutal-Pillen online - Pentobarbital | Good Dealers Meds","description":"Bestellen Sie Nembutal-Pillen online, wir liefern hochwertiges Nembutal zu besten Preisen. Kaufen Sie jetzt und erhalten Sie es an Ihre Haust\u00fcr geliefert.","robots":{"index":"index","follow":"follow","max-snippet":"max-snippet:-1","max-image-preview":"max-image-preview:large","max-video-preview":"max-video-preview:-1"},"canonical":"https:\/\/gooddealersmeds.com\/de\/product\/nembutal-pillen\/","og_locale":"en_US","og_type":"article","og_title":"Kaufen Sie Nembutal-Pillen online","og_description":"Bestellen Sie Nembutal-Pillen online, wir liefern hochwertiges Nembutal zu besten Preisen. Kaufen Sie jetzt und erhalten Sie es an Ihre Haust\u00fcr geliefert.","og_url":"https:\/\/gooddealersmeds.com\/de\/product\/nembutal-pillen\/","og_site_name":"Good Dealers Meds","article_modified_time":"2022-12-26T12:05:20+00:00","og_image":[{"width":1200,"height":630,"url":"https:\/\/gooddealersmeds.com\/de\/wp-content\/uploads\/sites\/3\/2022\/06\/Nembutal-Pills.webp","type":"image\/webp"}],"twitter_card":"summary_large_image","twitter_misc":{"Est. reading time":"1 minute"},"schema":{"@context":"https:\/\/schema.org","@graph":[{"@type":"WebPage","@id":"https:\/\/gooddealersmeds.com\/de\/product\/nembutal-pillen\/","url":"https:\/\/gooddealersmeds.com\/de\/product\/nembutal-pillen\/","name":"Bestellen Sie Nembutal-Pillen online - Pentobarbital | Good Dealers Meds","isPartOf":{"@id":"https:\/\/gooddealersmeds.com\/de\/#website"},"primaryImageOfPage":{"@id":"https:\/\/gooddealersmeds.com\/de\/product\/nembutal-pillen\/#primaryimage"},"image":{"@id":"https:\/\/gooddealersmeds.com\/de\/product\/nembutal-pillen\/#primaryimage"},"thumbnailUrl":"https:\/\/gooddealersmeds.com\/de\/wp-content\/uploads\/sites\/3\/2022\/06\/Nembutal-Pills.webp","datePublished":"2022-06-22T20:56:09+00:00","dateModified":"2022-12-26T12:05:20+00:00","description":"Bestellen Sie Nembutal-Pillen online, wir liefern hochwertiges Nembutal zu besten Preisen. Kaufen Sie jetzt und erhalten Sie es an Ihre Haust\u00fcr geliefert.","breadcrumb":{"@id":"https:\/\/gooddealersmeds.com\/de\/product\/nembutal-pillen\/#breadcrumb"},"inLanguage":"en-US","potentialAction":[{"@type":"ReadAction","target":["https:\/\/gooddealersmeds.com\/de\/product\/nembutal-pillen\/"]}]},{"@type":"ImageObject","inLanguage":"en-US","@id":"https:\/\/gooddealersmeds.com\/de\/product\/nembutal-pillen\/#primaryimage","url":"https:\/\/gooddealersmeds.com\/de\/wp-content\/uploads\/sites\/3\/2022\/06\/Nembutal-Pills.webp","contentUrl":"https:\/\/gooddealersmeds.com\/de\/wp-content\/uploads\/sites\/3\/2022\/06\/Nembutal-Pills.webp","width":1200,"height":630,"caption":"Nembutal Pills Online"},{"@type":"BreadcrumbList","@id":"https:\/\/gooddealersmeds.com\/de\/product\/nembutal-pillen\/#breadcrumb","itemListElement":[{"@type":"ListItem","position":1,"name":"Home","item":"https:\/\/gooddealersmeds.com\/de\/"},{"@type":"ListItem","position":2,"name":"Produkte","item":"https:\/\/gooddealersmeds.com\/de\/produkte\/"},{"@type":"ListItem","position":3,"name":"Kaufen Sie Nembutal-Pillen online"}]},{"@type":"WebSite","@id":"https:\/\/gooddealersmeds.com\/de\/#website","url":"https:\/\/gooddealersmeds.com\/de\/","name":"Good Dealers Meds","description":"All our best","publisher":{"@id":"https:\/\/gooddealersmeds.com\/de\/#organization"},"potentialAction":[{"@type":"SearchAction","target":{"@type":"EntryPoint","urlTemplate":"https:\/\/gooddealersmeds.com\/de\/?s={search_term_string}"},"query-input":{"@type":"PropertyValueSpecification","valueRequired":true,"valueName":"search_term_string"}}],"inLanguage":"en-US"},{"@type":"Organization","@id":"https:\/\/gooddealersmeds.com\/de\/#organization","name":"Good Dealers Meds","url":"https:\/\/gooddealersmeds.com\/de\/","logo":{"@type":"ImageObject","inLanguage":"en-US","@id":"https:\/\/gooddealersmeds.com\/de\/#\/schema\/logo\/image\/","url":"https:\/\/gooddealersmeds.com\/de\/wp-content\/uploads\/sites\/3\/2022\/03\/gooddealersmeds__logo__20220317T222800Z.00.png","contentUrl":"https:\/\/gooddealersmeds.com\/de\/wp-content\/uploads\/sites\/3\/2022\/03\/gooddealersmeds__logo__20220317T222800Z.00.png","width":500,"height":325,"caption":"Good Dealers Meds"},"image":{"@id":"https:\/\/gooddealersmeds.com\/de\/#\/schema\/logo\/image\/"}}]}},"_links":{"self":[{"href":"https:\/\/gooddealersmeds.com\/de\/wp-json\/wp\/v2\/product\/1823","targetHints":{"allow":["GET"]}}],"collection":[{"href":"https:\/\/gooddealersmeds.com\/de\/wp-json\/wp\/v2\/product"}],"about":[{"href":"https:\/\/gooddealersmeds.com\/de\/wp-json\/wp\/v2\/types\/product"}],"replies":[{"embeddable":true,"href":"https:\/\/gooddealersmeds.com\/de\/wp-json\/wp\/v2\/comments?post=1823"}],"wp:featuredmedia":[{"embeddable":true,"href":"https:\/\/gooddealersmeds.com\/de\/wp-json\/wp\/v2\/media\/1831"}],"wp:attachment":[{"href":"https:\/\/gooddealersmeds.com\/de\/wp-json\/wp\/v2\/media?parent=1823"}],"wp:term":[{"taxonomy":"product_brand","embeddable":true,"href":"https:\/\/gooddealersmeds.com\/de\/wp-json\/wp\/v2\/product_brand?post=1823"},{"taxonomy":"product_cat","embeddable":true,"href":"https:\/\/gooddealersmeds.com\/de\/wp-json\/wp\/v2\/product_cat?post=1823"},{"taxonomy":"product_tag","embeddable":true,"href":"https:\/\/gooddealersmeds.com\/de\/wp-json\/wp\/v2\/product_tag?post=1823"}],"curies":[{"name":"wp","href":"https:\/\/api.w.org\/{rel}","templated":true}]}}