{"id":1818,"date":"2022-06-22T20:49:15","date_gmt":"2022-06-22T20:49:15","guid":{"rendered":"https:\/\/gooddealersmeds.com\/de\/?post_type=product&#038;p=1818"},"modified":"2022-12-26T12:12:19","modified_gmt":"2022-12-26T12:12:19","slug":"nembutal-orale-flussigkeit","status":"publish","type":"product","link":"https:\/\/gooddealersmeds.com\/de\/product\/nembutal-orale-flussigkeit\/","title":{"rendered":"Kaufen Sie Nembutal Oral Liquid"},"content":{"rendered":"<h2>Wo kann man Nembutal orale Fl\u00fcssigkeit online von der professionellen Apotheke bekommen<\/h2>\n<p>Kaufen Sie Nembutal orale Fl\u00fcssigkeit, Nembutal Liquid war einer der Hauptgr\u00fcnde, warum sich Menschen f\u00fcr Nembutal Pentobarbital zur oralen Anwendung entschieden haben.<\/p>\n<p><a href=\"https:\/\/www.rxlist.com\/nembutal-drug.htm#medguide\">Nembutal<\/a> Liquid Phenobarbital (Handelsname: Nembutal) ist ein Barbiturat-Arzneimittel. Es wird h\u00e4ufig als Beruhigungsmittel oder Anti-Angst-Medikament verwendet. Im Gegensatz zu modernen Schlafmitteln ist Nembutal bei \u00dcberdosierung extrem t\u00f6dlich.<\/p>\n<p><a href=\"https:\/\/gooddealersmeds.com\/de\/product\/nembutal-orale-flussigkeit\/\">Pentobarbital<\/a> (Nembutal) ist ein Barbiturat. Barbiturate sind schwache S\u00e4uren, die schnell absorbiert und im ganzen K\u00f6rper verteilt werden, mit hohen Konzentrationen in Gehirn, Leber und Nieren. Die Lipidl\u00f6slichkeit von Barbituraten ist der wichtigste Faktor bei ihrer Verteilung im K\u00f6rper. Je fettl\u00f6slicher das Barbiturat ist, desto schneller dringt es in alle K\u00f6rpergewebe ein. Es reduziert die Aktivit\u00e4t des Gehirns und des Nervensystems. Es wird als kurzfristiges Beruhigungsmittel zur Behandlung von Schlaflosigkeit oder zum Einschlafen vor einer Operation verwendet. Pentobarbital wird auch zur Notfallbehandlung bei Krampfanf\u00e4llen eingesetzt.<\/p>\n<p><strong>Was ist Nembutal Oral Liquid und wie wird es verwendet?<\/strong><\/p>\n<p>Nachdem Sie Pentobarbital in einem Krankenhaus erhalten haben, werden Ihre Atmung, Ihr Blutdruck, Ihr Sauerstoffgehalt, Ihre Nierenfunktion und andere Vitalfunktionen genau \u00fcberwacht. Wenn das Pentobarbital seine Farbe ver\u00e4ndert hat oder Partikel enth\u00e4lt, verwenden Sie es nicht. Wenden Sie sich f\u00fcr neue Medikamente an Ihren Apotheker.<\/p>\n<p>Wenn Sie dieses Arzneimittel \u00fcber einen l\u00e4ngeren Zeitraum anwenden, m\u00fcssen Sie m\u00f6glicherweise h\u00e4ufig \u00e4rztlich untersucht werden. Brechen Sie die Anwendung dieses Arzneimittels nach l\u00e4ngerer Anwendung nicht pl\u00f6tzlich ab, da Sie sonst unangenehme Entzugserscheinungen bekommen k\u00f6nnten. Fragen Sie Ihren Arzt, wie Sie die Anwendung von Pentobarbital sicher beenden k\u00f6nnen.<\/p>\n<ul>\n<li>Bei Raumtemperatur und vor Feuchtigkeit und Hitze gesch\u00fctzt lagern.<\/li>\n<li>Nicht einfrieren<\/li>\n<\/ul>\n<p><strong>Nembutal Fl\u00fcssigkeit zum Einnehmen zur Euthanasie<\/strong><\/p>\n<p>Barbiturate sollten bei Patienten mit akuten oder chronischen Schmerzen mit Vorsicht angewendet werden, da es zu paradoxer Erregung oder Maskierung wichtiger Symptome kommen kann. Barbiturate hingegen werden seit langem als Beruhigungsmittel in der postoperativen chirurgischen Phase und als Erg\u00e4nzung zur Krebs-Chemotherapie verwendet.<\/p>\n<p>Sie k\u00f6nnen Kaufen Sie Nembutal orale Fl\u00fcssigkeit in unserem Online-Shop mit sicherem Versand.<\/p>\n","protected":false},"excerpt":{"rendered":"<p>Kaufen Sie Pentobarbital online. Unter dem Markennamen Nembutal ist Pentobarbital-Natrium als orale L\u00f6sung zur oralen Einnahme erh\u00e4ltlich. Es kann von geschultem Fachpersonal in Krankenh\u00e4usern und Kliniken oder zu Hause verabreicht werden. Es hat den Nebeneffekt, dass man sich schl\u00e4frig f\u00fchlt, sollte aber nicht zu Ohnmacht oder Ged\u00e4chtnisverlust f\u00fchren. Dieses Produkt sollte nur unter direkter Aufsicht von medizinischem Fachpersonal verwendet werden.<\/p>\n","protected":false},"featured_media":1822,"comment_status":"open","ping_status":"closed","template":"","meta":{"inline_featured_image":false},"product_brand":[],"product_cat":[343],"product_tag":[],"class_list":{"0":"post-1818","1":"product","2":"type-product","3":"status-publish","4":"has-post-thumbnail","6":"product_cat-andere","8":"first","9":"instock","10":"shipping-taxable","11":"purchasable","12":"product-type-variable","13":"has-default-attributes"},"yoast_head":"<!-- This site is optimized with the Yoast SEO Premium plugin v20.6 (Yoast SEO v27.3) - https:\/\/yoast.com\/product\/yoast-seo-premium-wordpress\/ -->\n<title>Kaufen Sie Nembutal orale Fl\u00fcssigkeit | Good Dealers Meds<\/title>\n<meta name=\"description\" content=\"Kaufen Sie Nembutal orale Fl\u00fcssigkeit (Pentobarbital Sodium), ein Barbiturat, das als Beruhigungsmittel oder Beruhigungsmittel wirkt und kurzfristig zur Behandlung von Schlaflosigkeit verwendet wird.\" \/>\n<meta name=\"robots\" content=\"index, follow, max-snippet:-1, max-image-preview:large, max-video-preview:-1\" \/>\n<link rel=\"canonical\" href=\"https:\/\/gooddealersmeds.com\/de\/product\/nembutal-orale-flussigkeit\/\" \/>\n<meta property=\"og:locale\" content=\"en_US\" \/>\n<meta property=\"og:type\" content=\"article\" \/>\n<meta property=\"og:title\" content=\"Kaufen Sie Nembutal Oral Liquid\" \/>\n<meta property=\"og:description\" content=\"Kaufen Sie Nembutal orale Fl\u00fcssigkeit (Pentobarbital Sodium), ein Barbiturat, das als Beruhigungsmittel oder Beruhigungsmittel wirkt und kurzfristig zur Behandlung von Schlaflosigkeit verwendet wird.\" \/>\n<meta property=\"og:url\" content=\"https:\/\/gooddealersmeds.com\/de\/product\/nembutal-orale-flussigkeit\/\" \/>\n<meta property=\"og:site_name\" content=\"Good Dealers Meds\" \/>\n<meta property=\"article:modified_time\" content=\"2022-12-26T12:12:19+00:00\" \/>\n<meta property=\"og:image\" content=\"https:\/\/gooddealersmeds.com\/de\/wp-content\/uploads\/sites\/3\/2022\/06\/Buy-Nembutal-oral-Liquid.webp\" \/>\n\t<meta property=\"og:image:width\" content=\"600\" \/>\n\t<meta property=\"og:image:height\" content=\"600\" \/>\n\t<meta property=\"og:image:type\" content=\"image\/webp\" \/>\n<meta name=\"twitter:card\" content=\"summary_large_image\" \/>\n<meta name=\"twitter:label1\" content=\"Est. reading time\" \/>\n\t<meta name=\"twitter:data1\" content=\"2 minutes\" \/>\n<script type=\"application\/ld+json\" class=\"yoast-schema-graph\">{\"@context\":\"https:\\\/\\\/schema.org\",\"@graph\":[{\"@type\":\"WebPage\",\"@id\":\"https:\\\/\\\/gooddealersmeds.com\\\/de\\\/product\\\/nembutal-orale-flussigkeit\\\/\",\"url\":\"https:\\\/\\\/gooddealersmeds.com\\\/de\\\/product\\\/nembutal-orale-flussigkeit\\\/\",\"name\":\"Kaufen Sie Nembutal orale Fl\u00fcssigkeit | Good Dealers Meds\",\"isPartOf\":{\"@id\":\"https:\\\/\\\/gooddealersmeds.com\\\/de\\\/#website\"},\"primaryImageOfPage\":{\"@id\":\"https:\\\/\\\/gooddealersmeds.com\\\/de\\\/product\\\/nembutal-orale-flussigkeit\\\/#primaryimage\"},\"image\":{\"@id\":\"https:\\\/\\\/gooddealersmeds.com\\\/de\\\/product\\\/nembutal-orale-flussigkeit\\\/#primaryimage\"},\"thumbnailUrl\":\"https:\\\/\\\/gooddealersmeds.com\\\/de\\\/wp-content\\\/uploads\\\/sites\\\/3\\\/2022\\\/06\\\/Buy-Nembutal-oral-Liquid.webp\",\"datePublished\":\"2022-06-22T20:49:15+00:00\",\"dateModified\":\"2022-12-26T12:12:19+00:00\",\"description\":\"Kaufen Sie Nembutal orale Fl\u00fcssigkeit (Pentobarbital Sodium), ein Barbiturat, das als Beruhigungsmittel oder Beruhigungsmittel wirkt und kurzfristig zur Behandlung von Schlaflosigkeit verwendet wird.\",\"breadcrumb\":{\"@id\":\"https:\\\/\\\/gooddealersmeds.com\\\/de\\\/product\\\/nembutal-orale-flussigkeit\\\/#breadcrumb\"},\"inLanguage\":\"en-US\",\"potentialAction\":[{\"@type\":\"ReadAction\",\"target\":[\"https:\\\/\\\/gooddealersmeds.com\\\/de\\\/product\\\/nembutal-orale-flussigkeit\\\/\"]}]},{\"@type\":\"ImageObject\",\"inLanguage\":\"en-US\",\"@id\":\"https:\\\/\\\/gooddealersmeds.com\\\/de\\\/product\\\/nembutal-orale-flussigkeit\\\/#primaryimage\",\"url\":\"https:\\\/\\\/gooddealersmeds.com\\\/de\\\/wp-content\\\/uploads\\\/sites\\\/3\\\/2022\\\/06\\\/Buy-Nembutal-oral-Liquid.webp\",\"contentUrl\":\"https:\\\/\\\/gooddealersmeds.com\\\/de\\\/wp-content\\\/uploads\\\/sites\\\/3\\\/2022\\\/06\\\/Buy-Nembutal-oral-Liquid.webp\",\"width\":600,\"height\":600,\"caption\":\"Buy Nembutal Oral Liquid\"},{\"@type\":\"BreadcrumbList\",\"@id\":\"https:\\\/\\\/gooddealersmeds.com\\\/de\\\/product\\\/nembutal-orale-flussigkeit\\\/#breadcrumb\",\"itemListElement\":[{\"@type\":\"ListItem\",\"position\":1,\"name\":\"Home\",\"item\":\"https:\\\/\\\/gooddealersmeds.com\\\/de\\\/\"},{\"@type\":\"ListItem\",\"position\":2,\"name\":\"Produkte\",\"item\":\"https:\\\/\\\/gooddealersmeds.com\\\/de\\\/produkte\\\/\"},{\"@type\":\"ListItem\",\"position\":3,\"name\":\"Kaufen Sie Nembutal Oral Liquid\"}]},{\"@type\":\"WebSite\",\"@id\":\"https:\\\/\\\/gooddealersmeds.com\\\/de\\\/#website\",\"url\":\"https:\\\/\\\/gooddealersmeds.com\\\/de\\\/\",\"name\":\"Good Dealers Meds\",\"description\":\"All our best\",\"publisher\":{\"@id\":\"https:\\\/\\\/gooddealersmeds.com\\\/de\\\/#organization\"},\"potentialAction\":[{\"@type\":\"SearchAction\",\"target\":{\"@type\":\"EntryPoint\",\"urlTemplate\":\"https:\\\/\\\/gooddealersmeds.com\\\/de\\\/?s={search_term_string}\"},\"query-input\":{\"@type\":\"PropertyValueSpecification\",\"valueRequired\":true,\"valueName\":\"search_term_string\"}}],\"inLanguage\":\"en-US\"},{\"@type\":\"Organization\",\"@id\":\"https:\\\/\\\/gooddealersmeds.com\\\/de\\\/#organization\",\"name\":\"Good Dealers Meds\",\"url\":\"https:\\\/\\\/gooddealersmeds.com\\\/de\\\/\",\"logo\":{\"@type\":\"ImageObject\",\"inLanguage\":\"en-US\",\"@id\":\"https:\\\/\\\/gooddealersmeds.com\\\/de\\\/#\\\/schema\\\/logo\\\/image\\\/\",\"url\":\"https:\\\/\\\/gooddealersmeds.com\\\/de\\\/wp-content\\\/uploads\\\/sites\\\/3\\\/2022\\\/03\\\/gooddealersmeds__logo__20220317T222800Z.00.png\",\"contentUrl\":\"https:\\\/\\\/gooddealersmeds.com\\\/de\\\/wp-content\\\/uploads\\\/sites\\\/3\\\/2022\\\/03\\\/gooddealersmeds__logo__20220317T222800Z.00.png\",\"width\":500,\"height\":325,\"caption\":\"Good Dealers Meds\"},\"image\":{\"@id\":\"https:\\\/\\\/gooddealersmeds.com\\\/de\\\/#\\\/schema\\\/logo\\\/image\\\/\"}}]}<\/script>\n<!-- \/ Yoast SEO Premium plugin. -->","yoast_head_json":{"title":"Kaufen Sie Nembutal orale Fl\u00fcssigkeit | Good Dealers Meds","description":"Kaufen Sie Nembutal orale Fl\u00fcssigkeit (Pentobarbital Sodium), ein Barbiturat, das als Beruhigungsmittel oder Beruhigungsmittel wirkt und kurzfristig zur Behandlung von Schlaflosigkeit verwendet wird.","robots":{"index":"index","follow":"follow","max-snippet":"max-snippet:-1","max-image-preview":"max-image-preview:large","max-video-preview":"max-video-preview:-1"},"canonical":"https:\/\/gooddealersmeds.com\/de\/product\/nembutal-orale-flussigkeit\/","og_locale":"en_US","og_type":"article","og_title":"Kaufen Sie Nembutal Oral Liquid","og_description":"Kaufen Sie Nembutal orale Fl\u00fcssigkeit (Pentobarbital Sodium), ein Barbiturat, das als Beruhigungsmittel oder Beruhigungsmittel wirkt und kurzfristig zur Behandlung von Schlaflosigkeit verwendet wird.","og_url":"https:\/\/gooddealersmeds.com\/de\/product\/nembutal-orale-flussigkeit\/","og_site_name":"Good Dealers Meds","article_modified_time":"2022-12-26T12:12:19+00:00","og_image":[{"width":600,"height":600,"url":"https:\/\/gooddealersmeds.com\/de\/wp-content\/uploads\/sites\/3\/2022\/06\/Buy-Nembutal-oral-Liquid.webp","type":"image\/webp"}],"twitter_card":"summary_large_image","twitter_misc":{"Est. reading time":"2 minutes"},"schema":{"@context":"https:\/\/schema.org","@graph":[{"@type":"WebPage","@id":"https:\/\/gooddealersmeds.com\/de\/product\/nembutal-orale-flussigkeit\/","url":"https:\/\/gooddealersmeds.com\/de\/product\/nembutal-orale-flussigkeit\/","name":"Kaufen Sie Nembutal orale Fl\u00fcssigkeit | Good Dealers Meds","isPartOf":{"@id":"https:\/\/gooddealersmeds.com\/de\/#website"},"primaryImageOfPage":{"@id":"https:\/\/gooddealersmeds.com\/de\/product\/nembutal-orale-flussigkeit\/#primaryimage"},"image":{"@id":"https:\/\/gooddealersmeds.com\/de\/product\/nembutal-orale-flussigkeit\/#primaryimage"},"thumbnailUrl":"https:\/\/gooddealersmeds.com\/de\/wp-content\/uploads\/sites\/3\/2022\/06\/Buy-Nembutal-oral-Liquid.webp","datePublished":"2022-06-22T20:49:15+00:00","dateModified":"2022-12-26T12:12:19+00:00","description":"Kaufen Sie Nembutal orale Fl\u00fcssigkeit (Pentobarbital Sodium), ein Barbiturat, das als Beruhigungsmittel oder Beruhigungsmittel wirkt und kurzfristig zur Behandlung von Schlaflosigkeit verwendet wird.","breadcrumb":{"@id":"https:\/\/gooddealersmeds.com\/de\/product\/nembutal-orale-flussigkeit\/#breadcrumb"},"inLanguage":"en-US","potentialAction":[{"@type":"ReadAction","target":["https:\/\/gooddealersmeds.com\/de\/product\/nembutal-orale-flussigkeit\/"]}]},{"@type":"ImageObject","inLanguage":"en-US","@id":"https:\/\/gooddealersmeds.com\/de\/product\/nembutal-orale-flussigkeit\/#primaryimage","url":"https:\/\/gooddealersmeds.com\/de\/wp-content\/uploads\/sites\/3\/2022\/06\/Buy-Nembutal-oral-Liquid.webp","contentUrl":"https:\/\/gooddealersmeds.com\/de\/wp-content\/uploads\/sites\/3\/2022\/06\/Buy-Nembutal-oral-Liquid.webp","width":600,"height":600,"caption":"Buy Nembutal Oral Liquid"},{"@type":"BreadcrumbList","@id":"https:\/\/gooddealersmeds.com\/de\/product\/nembutal-orale-flussigkeit\/#breadcrumb","itemListElement":[{"@type":"ListItem","position":1,"name":"Home","item":"https:\/\/gooddealersmeds.com\/de\/"},{"@type":"ListItem","position":2,"name":"Produkte","item":"https:\/\/gooddealersmeds.com\/de\/produkte\/"},{"@type":"ListItem","position":3,"name":"Kaufen Sie Nembutal Oral Liquid"}]},{"@type":"WebSite","@id":"https:\/\/gooddealersmeds.com\/de\/#website","url":"https:\/\/gooddealersmeds.com\/de\/","name":"Good Dealers Meds","description":"All our best","publisher":{"@id":"https:\/\/gooddealersmeds.com\/de\/#organization"},"potentialAction":[{"@type":"SearchAction","target":{"@type":"EntryPoint","urlTemplate":"https:\/\/gooddealersmeds.com\/de\/?s={search_term_string}"},"query-input":{"@type":"PropertyValueSpecification","valueRequired":true,"valueName":"search_term_string"}}],"inLanguage":"en-US"},{"@type":"Organization","@id":"https:\/\/gooddealersmeds.com\/de\/#organization","name":"Good Dealers Meds","url":"https:\/\/gooddealersmeds.com\/de\/","logo":{"@type":"ImageObject","inLanguage":"en-US","@id":"https:\/\/gooddealersmeds.com\/de\/#\/schema\/logo\/image\/","url":"https:\/\/gooddealersmeds.com\/de\/wp-content\/uploads\/sites\/3\/2022\/03\/gooddealersmeds__logo__20220317T222800Z.00.png","contentUrl":"https:\/\/gooddealersmeds.com\/de\/wp-content\/uploads\/sites\/3\/2022\/03\/gooddealersmeds__logo__20220317T222800Z.00.png","width":500,"height":325,"caption":"Good Dealers Meds"},"image":{"@id":"https:\/\/gooddealersmeds.com\/de\/#\/schema\/logo\/image\/"}}]}},"_links":{"self":[{"href":"https:\/\/gooddealersmeds.com\/de\/wp-json\/wp\/v2\/product\/1818","targetHints":{"allow":["GET"]}}],"collection":[{"href":"https:\/\/gooddealersmeds.com\/de\/wp-json\/wp\/v2\/product"}],"about":[{"href":"https:\/\/gooddealersmeds.com\/de\/wp-json\/wp\/v2\/types\/product"}],"replies":[{"embeddable":true,"href":"https:\/\/gooddealersmeds.com\/de\/wp-json\/wp\/v2\/comments?post=1818"}],"wp:featuredmedia":[{"embeddable":true,"href":"https:\/\/gooddealersmeds.com\/de\/wp-json\/wp\/v2\/media\/1822"}],"wp:attachment":[{"href":"https:\/\/gooddealersmeds.com\/de\/wp-json\/wp\/v2\/media?parent=1818"}],"wp:term":[{"taxonomy":"product_brand","embeddable":true,"href":"https:\/\/gooddealersmeds.com\/de\/wp-json\/wp\/v2\/product_brand?post=1818"},{"taxonomy":"product_cat","embeddable":true,"href":"https:\/\/gooddealersmeds.com\/de\/wp-json\/wp\/v2\/product_cat?post=1818"},{"taxonomy":"product_tag","embeddable":true,"href":"https:\/\/gooddealersmeds.com\/de\/wp-json\/wp\/v2\/product_tag?post=1818"}],"curies":[{"name":"wp","href":"https:\/\/api.w.org\/{rel}","templated":true}]}}