{"id":1799,"date":"2022-06-22T20:40:51","date_gmt":"2022-06-22T20:40:51","guid":{"rendered":"https:\/\/gooddealersmeds.com\/de\/?post_type=product&#038;p=1799"},"modified":"2022-12-26T12:16:16","modified_gmt":"2022-12-26T12:16:16","slug":"vyvanse-online-kaufen","status":"publish","type":"product","link":"https:\/\/gooddealersmeds.com\/de\/product\/vyvanse-online-kaufen\/","title":{"rendered":"Vyvanse online kaufen"},"content":{"rendered":"<h2>Kaufen Sie echtes Vyvanse online ohne Rezept<\/h2>\n<p>Kaufen Sie Vyvanse Online in unserem Shop. Lisdexamfetamin ist der generische Name f\u00fcr Vyvanse. Lisdexamfetamin wird zur Behandlung der Aufmerksamkeitsdefizit-Hyperaktivit\u00e4tsst\u00f6rung (ADHS) als Teil eines umfassenden Behandlungsplans verwendet, der psychologische, soziale und andere Interventionen umfasst. Es kann helfen, die Aufmerksamkeitsspanne zu verbessern, konzentriert zu bleiben und Zappeln zu reduzieren. Binge-Eating-St\u00f6rung kann auch mit Lisdexamfetamin (BED) behandelt werden. Es kann dabei helfen, die Anzahl der Binge-Eating-Tage zu verringern.<\/p>\n<p>Dies ist ein stimulierendes Medikament. Es wird angenommen, dass es wirkt, indem es das Gleichgewicht bestimmter nat\u00fcrlicher Chemikalien im Gehirn (Neurotransmitter) wiederherstellt. Aufgrund des Risikos schwerwiegender Nebenwirkungen wird dieses Medikament nicht zur Gewichtsreduktion empfohlen.<\/p>\n<h3>Warum die Wahl von Good Dealers Meds die beste Entscheidung f\u00fcr den Kauf von Vyvanse ist?<\/h3>\n<p><a href=\"https:\/\/gooddealersmeds.com\/de\/product\/buy-vyvanse-online\/\"> Vyvanse<\/a> ist als schnell wirkende oder langsam freisetzende Tablette sowie als Kautablette erh\u00e4ltlich. Das Medikament beginnt innerhalb von 2 Stunden nach der Verabreichung zu wirken und h\u00e4lt in der Regel 10-12 Stunden an. Es wird typischerweise auch in Dosierungen von 10, 20 oder 30 mg Pillen oder Kautabletten verschrieben. Dies vermeidet viele der Probleme, die mit Adderall verbunden sind, wie z. B. die Aufforderung an Benutzer, die keine Pillen einnehmen k\u00f6nnen, die Kapseln aufzubrechen.<\/p>\n<p>Vyvanse sollte einmal t\u00e4glich morgens eingenommen werden. Es ist am besten, es gleich morgens einzunehmen, da es sp\u00e4ter am Tag den Schlaf beeintr\u00e4chtigen kann. Wenn Sie oder Ihr Kind einen Monoaminooxidase-Hemmer einnehmen oder vor kurzem eingenommen haben, d\u00fcrfen Sie Vyvanse nicht einnehmen. Zu den Nebenwirkungen von Vyvanse geh\u00f6ren h\u00e4ufig verminderter Appetit, Schlafst\u00f6rungen, Gewichtsverlust und Mundtrockenheit. Informieren Sie Ihren Arzt, wenn Sie Bluthochdruck haben.<\/p>\n<p><strong>Wissen Sie, wo Sie Vyvanse-Pillen mit schneller Lieferung bestellen k\u00f6nnen?<\/strong><\/p>\n<p>Die meisten Menschen, die nach generischem Vyvanse suchen, m\u00f6chten ihr Rezept von einer seri\u00f6sen Quelle kaufen und nachf\u00fcllen. Unsere Mission ist es, einen Ort bereitzustellen, an dem Patienten ihre Medikamente unabh\u00e4ngig von ihrem Versicherungsschutz oder ihrer finanziellen Situation erhalten k\u00f6nnen. Mit unserer Hilfe k\u00f6nnen Sie ganz einfach generisches Vyvanse online beziehen und Ihre Rezepte verwalten.<\/p>\n<p>Wir bieten reines Vyvanse an, kaufen Sie Vyvanse online bei unserem <a href=\"https:\/\/gooddealersmeds.com\/de\/products\/\">speichern<\/a>. Unser Online-Shop bietet Patienten auch die Ressourcen, die sie ben\u00f6tigen, um mit ihrem ADHS umzugehen und das Gef\u00fchl zu haben, ihr Leben besser unter Kontrolle zu haben.<\/p>\n","protected":false},"excerpt":{"rendered":"<p>Vyvanse kann zur Behandlung der Aufmerksamkeitsdefizit-Hyperaktivit\u00e4tsst\u00f6rung (ADHS) bei Erwachsenen und Kindern ab sechs Jahren sowie bei mittelschwerer bis schwerer Binge-Eating-St\u00f6rung bei Erwachsenen verschrieben werden. Die Sicherheit und Wirksamkeit von Lisdexamfetamindimesylat bei Kindern mit ADHS im Alter von drei bis f\u00fcnf Jahren wurde nicht nachgewiesen.<\/p>\n","protected":false},"featured_media":1801,"comment_status":"open","ping_status":"closed","template":"","meta":{"inline_featured_image":false},"product_brand":[],"product_cat":[346],"product_tag":[],"class_list":{"0":"post-1799","1":"product","2":"type-product","3":"status-publish","4":"has-post-thumbnail","6":"product_cat-stimulanzien","7":"pa_pills-100-pills","8":"pa_pills-1000-pills","9":"pa_pills-30-pills","10":"pa_pills-300-pills","11":"pa_pills-50-pills","12":"pa_pills-500-pills","14":"first","15":"instock","16":"shipping-taxable","17":"purchasable","18":"product-type-variable","19":"has-default-attributes"},"yoast_head":"<!-- This site is optimized with the Yoast SEO Premium plugin v20.6 (Yoast SEO v27.4) - https:\/\/yoast.com\/product\/yoast-seo-premium-wordpress\/ -->\n<title>Vyvanse online kaufen - Beste Qualit\u00e4t Vyvanse | Gute H\u00e4ndler Meds<\/title>\n<meta name=\"description\" content=\"Kaufen Sie Vyvanse online zu einem g\u00fcnstigen Preis von Good Dealers Meds f\u00fcr die Behandlung von ADHS bei Kindern im Alter von 6-12 Jahren, Jugendlichen und Erwachsenen.\" \/>\n<meta name=\"robots\" content=\"index, follow, max-snippet:-1, max-image-preview:large, max-video-preview:-1\" \/>\n<link rel=\"canonical\" href=\"https:\/\/gooddealersmeds.com\/de\/product\/vyvanse-online-kaufen\/\" \/>\n<meta property=\"og:locale\" content=\"en_US\" \/>\n<meta property=\"og:type\" content=\"article\" \/>\n<meta property=\"og:title\" content=\"Vyvanse online kaufen\" \/>\n<meta property=\"og:description\" content=\"Kaufen Sie Vyvanse online zu einem g\u00fcnstigen Preis von Good Dealers Meds f\u00fcr die Behandlung von ADHS bei Kindern im Alter von 6-12 Jahren, Jugendlichen und Erwachsenen.\" \/>\n<meta property=\"og:url\" content=\"https:\/\/gooddealersmeds.com\/de\/product\/vyvanse-online-kaufen\/\" \/>\n<meta property=\"og:site_name\" content=\"Good Dealers Meds\" \/>\n<meta property=\"article:modified_time\" content=\"2022-12-26T12:16:16+00:00\" \/>\n<meta property=\"og:image\" content=\"https:\/\/gooddealersmeds.com\/de\/wp-content\/uploads\/sites\/3\/2022\/04\/Sept15Vyvanse-1.png\" \/>\n\t<meta property=\"og:image:width\" content=\"469\" \/>\n\t<meta property=\"og:image:height\" content=\"314\" \/>\n\t<meta property=\"og:image:type\" content=\"image\/png\" \/>\n<meta name=\"twitter:card\" content=\"summary_large_image\" \/>\n<meta name=\"twitter:label1\" content=\"Est. reading time\" \/>\n\t<meta name=\"twitter:data1\" content=\"2 minutes\" \/>\n<script type=\"application\/ld+json\" class=\"yoast-schema-graph\">{\"@context\":\"https:\\\/\\\/schema.org\",\"@graph\":[{\"@type\":\"WebPage\",\"@id\":\"https:\\\/\\\/gooddealersmeds.com\\\/de\\\/product\\\/vyvanse-online-kaufen\\\/\",\"url\":\"https:\\\/\\\/gooddealersmeds.com\\\/de\\\/product\\\/vyvanse-online-kaufen\\\/\",\"name\":\"Vyvanse online kaufen - Beste Qualit\u00e4t Vyvanse | Gute H\u00e4ndler Meds\",\"isPartOf\":{\"@id\":\"https:\\\/\\\/gooddealersmeds.com\\\/de\\\/#website\"},\"primaryImageOfPage\":{\"@id\":\"https:\\\/\\\/gooddealersmeds.com\\\/de\\\/product\\\/vyvanse-online-kaufen\\\/#primaryimage\"},\"image\":{\"@id\":\"https:\\\/\\\/gooddealersmeds.com\\\/de\\\/product\\\/vyvanse-online-kaufen\\\/#primaryimage\"},\"thumbnailUrl\":\"https:\\\/\\\/gooddealersmeds.com\\\/de\\\/wp-content\\\/uploads\\\/sites\\\/3\\\/2022\\\/04\\\/Sept15Vyvanse-1.png\",\"datePublished\":\"2022-06-22T20:40:51+00:00\",\"dateModified\":\"2022-12-26T12:16:16+00:00\",\"description\":\"Kaufen Sie Vyvanse online zu einem g\u00fcnstigen Preis von Good Dealers Meds f\u00fcr die Behandlung von ADHS bei Kindern im Alter von 6-12 Jahren, Jugendlichen und Erwachsenen.\",\"breadcrumb\":{\"@id\":\"https:\\\/\\\/gooddealersmeds.com\\\/de\\\/product\\\/vyvanse-online-kaufen\\\/#breadcrumb\"},\"inLanguage\":\"en-US\",\"potentialAction\":[{\"@type\":\"ReadAction\",\"target\":[\"https:\\\/\\\/gooddealersmeds.com\\\/de\\\/product\\\/vyvanse-online-kaufen\\\/\"]}]},{\"@type\":\"ImageObject\",\"inLanguage\":\"en-US\",\"@id\":\"https:\\\/\\\/gooddealersmeds.com\\\/de\\\/product\\\/vyvanse-online-kaufen\\\/#primaryimage\",\"url\":\"https:\\\/\\\/gooddealersmeds.com\\\/de\\\/wp-content\\\/uploads\\\/sites\\\/3\\\/2022\\\/04\\\/Sept15Vyvanse-1.png\",\"contentUrl\":\"https:\\\/\\\/gooddealersmeds.com\\\/de\\\/wp-content\\\/uploads\\\/sites\\\/3\\\/2022\\\/04\\\/Sept15Vyvanse-1.png\",\"width\":469,\"height\":314,\"caption\":\"Buy Vyvanse Online\"},{\"@type\":\"BreadcrumbList\",\"@id\":\"https:\\\/\\\/gooddealersmeds.com\\\/de\\\/product\\\/vyvanse-online-kaufen\\\/#breadcrumb\",\"itemListElement\":[{\"@type\":\"ListItem\",\"position\":1,\"name\":\"Home\",\"item\":\"https:\\\/\\\/gooddealersmeds.com\\\/de\\\/\"},{\"@type\":\"ListItem\",\"position\":2,\"name\":\"Produkte\",\"item\":\"https:\\\/\\\/gooddealersmeds.com\\\/de\\\/produkte\\\/\"},{\"@type\":\"ListItem\",\"position\":3,\"name\":\"Vyvanse online kaufen\"}]},{\"@type\":\"WebSite\",\"@id\":\"https:\\\/\\\/gooddealersmeds.com\\\/de\\\/#website\",\"url\":\"https:\\\/\\\/gooddealersmeds.com\\\/de\\\/\",\"name\":\"Good Dealers Meds\",\"description\":\"All our best\",\"publisher\":{\"@id\":\"https:\\\/\\\/gooddealersmeds.com\\\/de\\\/#organization\"},\"potentialAction\":[{\"@type\":\"SearchAction\",\"target\":{\"@type\":\"EntryPoint\",\"urlTemplate\":\"https:\\\/\\\/gooddealersmeds.com\\\/de\\\/?s={search_term_string}\"},\"query-input\":{\"@type\":\"PropertyValueSpecification\",\"valueRequired\":true,\"valueName\":\"search_term_string\"}}],\"inLanguage\":\"en-US\"},{\"@type\":\"Organization\",\"@id\":\"https:\\\/\\\/gooddealersmeds.com\\\/de\\\/#organization\",\"name\":\"Good Dealers Meds\",\"url\":\"https:\\\/\\\/gooddealersmeds.com\\\/de\\\/\",\"logo\":{\"@type\":\"ImageObject\",\"inLanguage\":\"en-US\",\"@id\":\"https:\\\/\\\/gooddealersmeds.com\\\/de\\\/#\\\/schema\\\/logo\\\/image\\\/\",\"url\":\"https:\\\/\\\/gooddealersmeds.com\\\/de\\\/wp-content\\\/uploads\\\/sites\\\/3\\\/2022\\\/03\\\/gooddealersmeds__logo__20220317T222800Z.00.png\",\"contentUrl\":\"https:\\\/\\\/gooddealersmeds.com\\\/de\\\/wp-content\\\/uploads\\\/sites\\\/3\\\/2022\\\/03\\\/gooddealersmeds__logo__20220317T222800Z.00.png\",\"width\":500,\"height\":325,\"caption\":\"Good Dealers Meds\"},\"image\":{\"@id\":\"https:\\\/\\\/gooddealersmeds.com\\\/de\\\/#\\\/schema\\\/logo\\\/image\\\/\"}}]}<\/script>\n<!-- \/ Yoast SEO Premium plugin. -->","yoast_head_json":{"title":"Vyvanse online kaufen - Beste Qualit\u00e4t Vyvanse | Gute H\u00e4ndler Meds","description":"Kaufen Sie Vyvanse online zu einem g\u00fcnstigen Preis von Good Dealers Meds f\u00fcr die Behandlung von ADHS bei Kindern im Alter von 6-12 Jahren, Jugendlichen und Erwachsenen.","robots":{"index":"index","follow":"follow","max-snippet":"max-snippet:-1","max-image-preview":"max-image-preview:large","max-video-preview":"max-video-preview:-1"},"canonical":"https:\/\/gooddealersmeds.com\/de\/product\/vyvanse-online-kaufen\/","og_locale":"en_US","og_type":"article","og_title":"Vyvanse online kaufen","og_description":"Kaufen Sie Vyvanse online zu einem g\u00fcnstigen Preis von Good Dealers Meds f\u00fcr die Behandlung von ADHS bei Kindern im Alter von 6-12 Jahren, Jugendlichen und Erwachsenen.","og_url":"https:\/\/gooddealersmeds.com\/de\/product\/vyvanse-online-kaufen\/","og_site_name":"Good Dealers Meds","article_modified_time":"2022-12-26T12:16:16+00:00","og_image":[{"width":469,"height":314,"url":"https:\/\/gooddealersmeds.com\/de\/wp-content\/uploads\/sites\/3\/2022\/04\/Sept15Vyvanse-1.png","type":"image\/png"}],"twitter_card":"summary_large_image","twitter_misc":{"Est. reading time":"2 minutes"},"schema":{"@context":"https:\/\/schema.org","@graph":[{"@type":"WebPage","@id":"https:\/\/gooddealersmeds.com\/de\/product\/vyvanse-online-kaufen\/","url":"https:\/\/gooddealersmeds.com\/de\/product\/vyvanse-online-kaufen\/","name":"Vyvanse online kaufen - Beste Qualit\u00e4t Vyvanse | Gute H\u00e4ndler Meds","isPartOf":{"@id":"https:\/\/gooddealersmeds.com\/de\/#website"},"primaryImageOfPage":{"@id":"https:\/\/gooddealersmeds.com\/de\/product\/vyvanse-online-kaufen\/#primaryimage"},"image":{"@id":"https:\/\/gooddealersmeds.com\/de\/product\/vyvanse-online-kaufen\/#primaryimage"},"thumbnailUrl":"https:\/\/gooddealersmeds.com\/de\/wp-content\/uploads\/sites\/3\/2022\/04\/Sept15Vyvanse-1.png","datePublished":"2022-06-22T20:40:51+00:00","dateModified":"2022-12-26T12:16:16+00:00","description":"Kaufen Sie Vyvanse online zu einem g\u00fcnstigen Preis von Good Dealers Meds f\u00fcr die Behandlung von ADHS bei Kindern im Alter von 6-12 Jahren, Jugendlichen und Erwachsenen.","breadcrumb":{"@id":"https:\/\/gooddealersmeds.com\/de\/product\/vyvanse-online-kaufen\/#breadcrumb"},"inLanguage":"en-US","potentialAction":[{"@type":"ReadAction","target":["https:\/\/gooddealersmeds.com\/de\/product\/vyvanse-online-kaufen\/"]}]},{"@type":"ImageObject","inLanguage":"en-US","@id":"https:\/\/gooddealersmeds.com\/de\/product\/vyvanse-online-kaufen\/#primaryimage","url":"https:\/\/gooddealersmeds.com\/de\/wp-content\/uploads\/sites\/3\/2022\/04\/Sept15Vyvanse-1.png","contentUrl":"https:\/\/gooddealersmeds.com\/de\/wp-content\/uploads\/sites\/3\/2022\/04\/Sept15Vyvanse-1.png","width":469,"height":314,"caption":"Buy Vyvanse Online"},{"@type":"BreadcrumbList","@id":"https:\/\/gooddealersmeds.com\/de\/product\/vyvanse-online-kaufen\/#breadcrumb","itemListElement":[{"@type":"ListItem","position":1,"name":"Home","item":"https:\/\/gooddealersmeds.com\/de\/"},{"@type":"ListItem","position":2,"name":"Produkte","item":"https:\/\/gooddealersmeds.com\/de\/produkte\/"},{"@type":"ListItem","position":3,"name":"Vyvanse online kaufen"}]},{"@type":"WebSite","@id":"https:\/\/gooddealersmeds.com\/de\/#website","url":"https:\/\/gooddealersmeds.com\/de\/","name":"Good Dealers Meds","description":"All our best","publisher":{"@id":"https:\/\/gooddealersmeds.com\/de\/#organization"},"potentialAction":[{"@type":"SearchAction","target":{"@type":"EntryPoint","urlTemplate":"https:\/\/gooddealersmeds.com\/de\/?s={search_term_string}"},"query-input":{"@type":"PropertyValueSpecification","valueRequired":true,"valueName":"search_term_string"}}],"inLanguage":"en-US"},{"@type":"Organization","@id":"https:\/\/gooddealersmeds.com\/de\/#organization","name":"Good Dealers Meds","url":"https:\/\/gooddealersmeds.com\/de\/","logo":{"@type":"ImageObject","inLanguage":"en-US","@id":"https:\/\/gooddealersmeds.com\/de\/#\/schema\/logo\/image\/","url":"https:\/\/gooddealersmeds.com\/de\/wp-content\/uploads\/sites\/3\/2022\/03\/gooddealersmeds__logo__20220317T222800Z.00.png","contentUrl":"https:\/\/gooddealersmeds.com\/de\/wp-content\/uploads\/sites\/3\/2022\/03\/gooddealersmeds__logo__20220317T222800Z.00.png","width":500,"height":325,"caption":"Good Dealers Meds"},"image":{"@id":"https:\/\/gooddealersmeds.com\/de\/#\/schema\/logo\/image\/"}}]}},"_links":{"self":[{"href":"https:\/\/gooddealersmeds.com\/de\/wp-json\/wp\/v2\/product\/1799","targetHints":{"allow":["GET"]}}],"collection":[{"href":"https:\/\/gooddealersmeds.com\/de\/wp-json\/wp\/v2\/product"}],"about":[{"href":"https:\/\/gooddealersmeds.com\/de\/wp-json\/wp\/v2\/types\/product"}],"replies":[{"embeddable":true,"href":"https:\/\/gooddealersmeds.com\/de\/wp-json\/wp\/v2\/comments?post=1799"}],"wp:featuredmedia":[{"embeddable":true,"href":"https:\/\/gooddealersmeds.com\/de\/wp-json\/wp\/v2\/media\/1801"}],"wp:attachment":[{"href":"https:\/\/gooddealersmeds.com\/de\/wp-json\/wp\/v2\/media?parent=1799"}],"wp:term":[{"taxonomy":"product_brand","embeddable":true,"href":"https:\/\/gooddealersmeds.com\/de\/wp-json\/wp\/v2\/product_brand?post=1799"},{"taxonomy":"product_cat","embeddable":true,"href":"https:\/\/gooddealersmeds.com\/de\/wp-json\/wp\/v2\/product_cat?post=1799"},{"taxonomy":"product_tag","embeddable":true,"href":"https:\/\/gooddealersmeds.com\/de\/wp-json\/wp\/v2\/product_tag?post=1799"}],"curies":[{"name":"wp","href":"https:\/\/api.w.org\/{rel}","templated":true}]}}