{"id":1791,"date":"2022-04-21T03:36:59","date_gmt":"2022-04-21T03:36:59","guid":{"rendered":"https:\/\/gooddealersmeds.com\/de\/?post_type=product&#038;p=1791"},"modified":"2022-12-26T12:28:53","modified_gmt":"2022-12-26T12:28:53","slug":"kaufen-anesket-online","status":"publish","type":"product","link":"https:\/\/gooddealersmeds.com\/de\/product\/kaufen-anesket-online\/","title":{"rendered":"Anesket online kaufen"},"content":{"rendered":"<h2>Anesket-Pillen zum Verkauf mit schneller Lieferung. Wir sind der f\u00fchrende Anbieter.<\/h2>\n<p>Unsere Hauptt\u00e4tigkeit bei <a href=\"https:\/\/gooddealersmeds.com\/de\/\">Good Dealer Meds<\/a> ist das Anbieten von anesket zum Verkauf. Aus diesem Grund bieten oder liefern wir anesket mit oder ohne Rezept. Kunden aus der ganzen Welt k\u00f6nnen Anesket Online mit oder ohne Rezept kaufen. Dieses Arzneimittel hat jedoch die gleiche Wirkung wie Ketamin. Es wird verwendet, um Patienten w\u00e4hrend gr\u00f6\u00dferer chirurgischer Eingriffe zu sedieren. Infolgedessen geh\u00f6rt es zur gleichen medizinischen Gruppe ( An\u00e4sthetikum ).<\/p>\n<p>Das Medikament wird in einer farblosen Ampulle geliefert, ist injizierbar und aufgrund seiner halluzinogenen und beruhigenden Eigenschaften extrem stark. Die meisten L\u00e4nder auf der ganzen Welt verwenden Anesket zum Verkauf als Muskelrelaxans. Abgesehen von seiner Verwendung als Beruhigungsmittel oder An\u00e4sthetikum kann das Medikament sehr n\u00fctzlich bei der Behandlung von Schmerzen, Depressionen und der Liste sein.<\/p>\n<p>Anasket ist ein Medikament, das von den meisten L\u00e4ndern zugelassen ist und weltweit verwendet wird. Unsere Lieferungen kommen direkt vom Hersteller. Dies ist eine Laborkontrolle, die wir unter dem Markennamen Anesket anbieten.<\/p>\n<h3>Medizinische Verschreibung<\/h3>\n<p>Pure Anesket ist ein verschreibungspflichtiges Medikament. Es ist ziemlich stark und die meisten Menschen verwenden es unter der Aufsicht eines medizinischen Experten. Erh\u00f6hen Sie die Dosis nicht, ohne vorher Ihren Arzt aufzusuchen. Kinder haben seine Verwendung nicht festgestellt, also fragen Sie noch einmal einen Experten. Halten Sie dieses Medikament von Jugendlichen fern. Suchen Sie im Falle einer Gift\u00fcberdosierung sofort einen Arzt auf.<\/p>\n<p><strong>Nebenwirkung<\/strong><\/p>\n<p>Die h\u00e4ufigsten Nebenwirkungen sind Hautausschlag, \u00dcbelkeit oder Erbrechen. Informieren Sie Ihren Arzt, wenn Sie schwanger sind oder an einer schweren Herzerkrankung leiden oder k\u00fcrzlich einen Schlaganfall hatten oder eine schwere Kopf- oder Hirnverletzung erlitten haben. Die Anwendung bei stillenden M\u00fcttern ist unbedenklich. Anesket online kaufen<\/p>\n<p><strong>Lieferung<\/strong><\/p>\n<p>Good Dealers Meds ist ein sehr bekannter und zuverl\u00e4ssiger Lieferant von Pure Anesket 1000 mg \/ 10 ml zum Verkauf . Unsere Lieferung ist sicher, sicher, schnell, Garantie und 100% diskrete Lieferung. Aus der Packung werden keine pers\u00f6nlichen Daten des Kunden preisgegeben.<\/p>\n<p>Sie k\u00f6nnen <a href=\"https:\/\/gooddealersmeds.com\/de\/product\/buy-anesket-online\/\">Anesket online in unserem Shop mit sicherem Versand in ganz Europa.<\/a><\/p>\n","protected":false},"excerpt":{"rendered":"<p>Kaufen Sie Anesket online, um Sie vor Operationen einzuschl\u00e4fern und Schmerzen und Beschwerden vorzubeugen. Kaufen Sie Anesket online bei uns g\u00fcnstig online.<\/p>\n","protected":false},"featured_media":1798,"comment_status":"open","ping_status":"closed","template":"","meta":{"inline_featured_image":false},"product_brand":[],"product_cat":[343],"product_tag":[],"class_list":{"0":"post-1791","1":"product","2":"type-product","3":"status-publish","4":"has-post-thumbnail","6":"product_cat-andere","7":"pa_pills-100-pills","8":"pa_pills-1000-pills","9":"pa_pills-30-pills","10":"pa_pills-300-pills","11":"pa_pills-50-pills","12":"pa_pills-500-pills","14":"first","15":"instock","16":"shipping-taxable","17":"purchasable","18":"product-type-variable","19":"has-default-attributes"},"yoast_head":"<!-- This site is optimized with the Yoast SEO Premium plugin v20.6 (Yoast SEO v27.4) - https:\/\/yoast.com\/product\/yoast-seo-premium-wordpress\/ -->\n<title>Anesket online kaufen | Anesket online bestellen Good Dealers Meds<\/title>\n<meta name=\"description\" content=\"Anesket online kaufen online Angeboten von guten H\u00e4ndlern Medikamente, die verwendet werden, um Sie w\u00e4hrend gr\u00f6\u00dferer chirurgischer Eingriffe einzuschl\u00e4fern und um Schmerzen und Beschwerden vorzubeugen.\" \/>\n<meta name=\"robots\" content=\"index, follow, max-snippet:-1, max-image-preview:large, max-video-preview:-1\" \/>\n<link rel=\"canonical\" href=\"https:\/\/gooddealersmeds.com\/de\/product\/kaufen-anesket-online\/\" \/>\n<meta property=\"og:locale\" content=\"en_US\" \/>\n<meta property=\"og:type\" content=\"article\" \/>\n<meta property=\"og:title\" content=\"Anesket online kaufen\" \/>\n<meta property=\"og:description\" content=\"Anesket online kaufen online Angeboten von guten H\u00e4ndlern Medikamente, die verwendet werden, um Sie w\u00e4hrend gr\u00f6\u00dferer chirurgischer Eingriffe einzuschl\u00e4fern und um Schmerzen und Beschwerden vorzubeugen.\" \/>\n<meta property=\"og:url\" content=\"https:\/\/gooddealersmeds.com\/de\/product\/kaufen-anesket-online\/\" \/>\n<meta property=\"og:site_name\" content=\"Good Dealers Meds\" \/>\n<meta property=\"article:modified_time\" content=\"2022-12-26T12:28:53+00:00\" \/>\n<meta property=\"og:image\" content=\"https:\/\/gooddealersmeds.com\/de\/wp-content\/uploads\/sites\/3\/2022\/04\/anesket-1000mg-10ml-for-sale.png\" \/>\n\t<meta property=\"og:image:width\" content=\"500\" \/>\n\t<meta property=\"og:image:height\" content=\"500\" \/>\n\t<meta property=\"og:image:type\" content=\"image\/png\" \/>\n<meta name=\"twitter:card\" content=\"summary_large_image\" \/>\n<meta name=\"twitter:label1\" content=\"Est. reading time\" \/>\n\t<meta name=\"twitter:data1\" content=\"2 minutes\" \/>\n<script type=\"application\/ld+json\" class=\"yoast-schema-graph\">{\"@context\":\"https:\\\/\\\/schema.org\",\"@graph\":[{\"@type\":\"WebPage\",\"@id\":\"https:\\\/\\\/gooddealersmeds.com\\\/de\\\/product\\\/kaufen-anesket-online\\\/\",\"url\":\"https:\\\/\\\/gooddealersmeds.com\\\/de\\\/product\\\/kaufen-anesket-online\\\/\",\"name\":\"Anesket online kaufen | Anesket online bestellen Good Dealers Meds\",\"isPartOf\":{\"@id\":\"https:\\\/\\\/gooddealersmeds.com\\\/de\\\/#website\"},\"primaryImageOfPage\":{\"@id\":\"https:\\\/\\\/gooddealersmeds.com\\\/de\\\/product\\\/kaufen-anesket-online\\\/#primaryimage\"},\"image\":{\"@id\":\"https:\\\/\\\/gooddealersmeds.com\\\/de\\\/product\\\/kaufen-anesket-online\\\/#primaryimage\"},\"thumbnailUrl\":\"https:\\\/\\\/gooddealersmeds.com\\\/de\\\/wp-content\\\/uploads\\\/sites\\\/3\\\/2022\\\/04\\\/anesket-1000mg-10ml-for-sale.png\",\"datePublished\":\"2022-04-21T03:36:59+00:00\",\"dateModified\":\"2022-12-26T12:28:53+00:00\",\"description\":\"Anesket online kaufen online Angeboten von guten H\u00e4ndlern Medikamente, die verwendet werden, um Sie w\u00e4hrend gr\u00f6\u00dferer chirurgischer Eingriffe einzuschl\u00e4fern und um Schmerzen und Beschwerden vorzubeugen.\",\"breadcrumb\":{\"@id\":\"https:\\\/\\\/gooddealersmeds.com\\\/de\\\/product\\\/kaufen-anesket-online\\\/#breadcrumb\"},\"inLanguage\":\"en-US\",\"potentialAction\":[{\"@type\":\"ReadAction\",\"target\":[\"https:\\\/\\\/gooddealersmeds.com\\\/de\\\/product\\\/kaufen-anesket-online\\\/\"]}]},{\"@type\":\"ImageObject\",\"inLanguage\":\"en-US\",\"@id\":\"https:\\\/\\\/gooddealersmeds.com\\\/de\\\/product\\\/kaufen-anesket-online\\\/#primaryimage\",\"url\":\"https:\\\/\\\/gooddealersmeds.com\\\/de\\\/wp-content\\\/uploads\\\/sites\\\/3\\\/2022\\\/04\\\/anesket-1000mg-10ml-for-sale.png\",\"contentUrl\":\"https:\\\/\\\/gooddealersmeds.com\\\/de\\\/wp-content\\\/uploads\\\/sites\\\/3\\\/2022\\\/04\\\/anesket-1000mg-10ml-for-sale.png\",\"width\":500,\"height\":500,\"caption\":\"Buy Anesket online\"},{\"@type\":\"BreadcrumbList\",\"@id\":\"https:\\\/\\\/gooddealersmeds.com\\\/de\\\/product\\\/kaufen-anesket-online\\\/#breadcrumb\",\"itemListElement\":[{\"@type\":\"ListItem\",\"position\":1,\"name\":\"Home\",\"item\":\"https:\\\/\\\/gooddealersmeds.com\\\/de\\\/\"},{\"@type\":\"ListItem\",\"position\":2,\"name\":\"Produkte\",\"item\":\"https:\\\/\\\/gooddealersmeds.com\\\/de\\\/produkte\\\/\"},{\"@type\":\"ListItem\",\"position\":3,\"name\":\"Anesket online kaufen\"}]},{\"@type\":\"WebSite\",\"@id\":\"https:\\\/\\\/gooddealersmeds.com\\\/de\\\/#website\",\"url\":\"https:\\\/\\\/gooddealersmeds.com\\\/de\\\/\",\"name\":\"Good Dealers Meds\",\"description\":\"All our best\",\"publisher\":{\"@id\":\"https:\\\/\\\/gooddealersmeds.com\\\/de\\\/#organization\"},\"potentialAction\":[{\"@type\":\"SearchAction\",\"target\":{\"@type\":\"EntryPoint\",\"urlTemplate\":\"https:\\\/\\\/gooddealersmeds.com\\\/de\\\/?s={search_term_string}\"},\"query-input\":{\"@type\":\"PropertyValueSpecification\",\"valueRequired\":true,\"valueName\":\"search_term_string\"}}],\"inLanguage\":\"en-US\"},{\"@type\":\"Organization\",\"@id\":\"https:\\\/\\\/gooddealersmeds.com\\\/de\\\/#organization\",\"name\":\"Good Dealers Meds\",\"url\":\"https:\\\/\\\/gooddealersmeds.com\\\/de\\\/\",\"logo\":{\"@type\":\"ImageObject\",\"inLanguage\":\"en-US\",\"@id\":\"https:\\\/\\\/gooddealersmeds.com\\\/de\\\/#\\\/schema\\\/logo\\\/image\\\/\",\"url\":\"https:\\\/\\\/gooddealersmeds.com\\\/de\\\/wp-content\\\/uploads\\\/sites\\\/3\\\/2022\\\/03\\\/gooddealersmeds__logo__20220317T222800Z.00.png\",\"contentUrl\":\"https:\\\/\\\/gooddealersmeds.com\\\/de\\\/wp-content\\\/uploads\\\/sites\\\/3\\\/2022\\\/03\\\/gooddealersmeds__logo__20220317T222800Z.00.png\",\"width\":500,\"height\":325,\"caption\":\"Good Dealers Meds\"},\"image\":{\"@id\":\"https:\\\/\\\/gooddealersmeds.com\\\/de\\\/#\\\/schema\\\/logo\\\/image\\\/\"}}]}<\/script>\n<!-- \/ Yoast SEO Premium plugin. -->","yoast_head_json":{"title":"Anesket online kaufen | Anesket online bestellen Good Dealers Meds","description":"Anesket online kaufen online Angeboten von guten H\u00e4ndlern Medikamente, die verwendet werden, um Sie w\u00e4hrend gr\u00f6\u00dferer chirurgischer Eingriffe einzuschl\u00e4fern und um Schmerzen und Beschwerden vorzubeugen.","robots":{"index":"index","follow":"follow","max-snippet":"max-snippet:-1","max-image-preview":"max-image-preview:large","max-video-preview":"max-video-preview:-1"},"canonical":"https:\/\/gooddealersmeds.com\/de\/product\/kaufen-anesket-online\/","og_locale":"en_US","og_type":"article","og_title":"Anesket online kaufen","og_description":"Anesket online kaufen online Angeboten von guten H\u00e4ndlern Medikamente, die verwendet werden, um Sie w\u00e4hrend gr\u00f6\u00dferer chirurgischer Eingriffe einzuschl\u00e4fern und um Schmerzen und Beschwerden vorzubeugen.","og_url":"https:\/\/gooddealersmeds.com\/de\/product\/kaufen-anesket-online\/","og_site_name":"Good Dealers Meds","article_modified_time":"2022-12-26T12:28:53+00:00","og_image":[{"width":500,"height":500,"url":"https:\/\/gooddealersmeds.com\/de\/wp-content\/uploads\/sites\/3\/2022\/04\/anesket-1000mg-10ml-for-sale.png","type":"image\/png"}],"twitter_card":"summary_large_image","twitter_misc":{"Est. reading time":"2 minutes"},"schema":{"@context":"https:\/\/schema.org","@graph":[{"@type":"WebPage","@id":"https:\/\/gooddealersmeds.com\/de\/product\/kaufen-anesket-online\/","url":"https:\/\/gooddealersmeds.com\/de\/product\/kaufen-anesket-online\/","name":"Anesket online kaufen | Anesket online bestellen Good Dealers Meds","isPartOf":{"@id":"https:\/\/gooddealersmeds.com\/de\/#website"},"primaryImageOfPage":{"@id":"https:\/\/gooddealersmeds.com\/de\/product\/kaufen-anesket-online\/#primaryimage"},"image":{"@id":"https:\/\/gooddealersmeds.com\/de\/product\/kaufen-anesket-online\/#primaryimage"},"thumbnailUrl":"https:\/\/gooddealersmeds.com\/de\/wp-content\/uploads\/sites\/3\/2022\/04\/anesket-1000mg-10ml-for-sale.png","datePublished":"2022-04-21T03:36:59+00:00","dateModified":"2022-12-26T12:28:53+00:00","description":"Anesket online kaufen online Angeboten von guten H\u00e4ndlern Medikamente, die verwendet werden, um Sie w\u00e4hrend gr\u00f6\u00dferer chirurgischer Eingriffe einzuschl\u00e4fern und um Schmerzen und Beschwerden vorzubeugen.","breadcrumb":{"@id":"https:\/\/gooddealersmeds.com\/de\/product\/kaufen-anesket-online\/#breadcrumb"},"inLanguage":"en-US","potentialAction":[{"@type":"ReadAction","target":["https:\/\/gooddealersmeds.com\/de\/product\/kaufen-anesket-online\/"]}]},{"@type":"ImageObject","inLanguage":"en-US","@id":"https:\/\/gooddealersmeds.com\/de\/product\/kaufen-anesket-online\/#primaryimage","url":"https:\/\/gooddealersmeds.com\/de\/wp-content\/uploads\/sites\/3\/2022\/04\/anesket-1000mg-10ml-for-sale.png","contentUrl":"https:\/\/gooddealersmeds.com\/de\/wp-content\/uploads\/sites\/3\/2022\/04\/anesket-1000mg-10ml-for-sale.png","width":500,"height":500,"caption":"Buy Anesket online"},{"@type":"BreadcrumbList","@id":"https:\/\/gooddealersmeds.com\/de\/product\/kaufen-anesket-online\/#breadcrumb","itemListElement":[{"@type":"ListItem","position":1,"name":"Home","item":"https:\/\/gooddealersmeds.com\/de\/"},{"@type":"ListItem","position":2,"name":"Produkte","item":"https:\/\/gooddealersmeds.com\/de\/produkte\/"},{"@type":"ListItem","position":3,"name":"Anesket online kaufen"}]},{"@type":"WebSite","@id":"https:\/\/gooddealersmeds.com\/de\/#website","url":"https:\/\/gooddealersmeds.com\/de\/","name":"Good Dealers Meds","description":"All our best","publisher":{"@id":"https:\/\/gooddealersmeds.com\/de\/#organization"},"potentialAction":[{"@type":"SearchAction","target":{"@type":"EntryPoint","urlTemplate":"https:\/\/gooddealersmeds.com\/de\/?s={search_term_string}"},"query-input":{"@type":"PropertyValueSpecification","valueRequired":true,"valueName":"search_term_string"}}],"inLanguage":"en-US"},{"@type":"Organization","@id":"https:\/\/gooddealersmeds.com\/de\/#organization","name":"Good Dealers Meds","url":"https:\/\/gooddealersmeds.com\/de\/","logo":{"@type":"ImageObject","inLanguage":"en-US","@id":"https:\/\/gooddealersmeds.com\/de\/#\/schema\/logo\/image\/","url":"https:\/\/gooddealersmeds.com\/de\/wp-content\/uploads\/sites\/3\/2022\/03\/gooddealersmeds__logo__20220317T222800Z.00.png","contentUrl":"https:\/\/gooddealersmeds.com\/de\/wp-content\/uploads\/sites\/3\/2022\/03\/gooddealersmeds__logo__20220317T222800Z.00.png","width":500,"height":325,"caption":"Good Dealers Meds"},"image":{"@id":"https:\/\/gooddealersmeds.com\/de\/#\/schema\/logo\/image\/"}}]}},"_links":{"self":[{"href":"https:\/\/gooddealersmeds.com\/de\/wp-json\/wp\/v2\/product\/1791","targetHints":{"allow":["GET"]}}],"collection":[{"href":"https:\/\/gooddealersmeds.com\/de\/wp-json\/wp\/v2\/product"}],"about":[{"href":"https:\/\/gooddealersmeds.com\/de\/wp-json\/wp\/v2\/types\/product"}],"replies":[{"embeddable":true,"href":"https:\/\/gooddealersmeds.com\/de\/wp-json\/wp\/v2\/comments?post=1791"}],"wp:featuredmedia":[{"embeddable":true,"href":"https:\/\/gooddealersmeds.com\/de\/wp-json\/wp\/v2\/media\/1798"}],"wp:attachment":[{"href":"https:\/\/gooddealersmeds.com\/de\/wp-json\/wp\/v2\/media?parent=1791"}],"wp:term":[{"taxonomy":"product_brand","embeddable":true,"href":"https:\/\/gooddealersmeds.com\/de\/wp-json\/wp\/v2\/product_brand?post=1791"},{"taxonomy":"product_cat","embeddable":true,"href":"https:\/\/gooddealersmeds.com\/de\/wp-json\/wp\/v2\/product_cat?post=1791"},{"taxonomy":"product_tag","embeddable":true,"href":"https:\/\/gooddealersmeds.com\/de\/wp-json\/wp\/v2\/product_tag?post=1791"}],"curies":[{"name":"wp","href":"https:\/\/api.w.org\/{rel}","templated":true}]}}