{"id":1749,"date":"2022-03-19T02:56:20","date_gmt":"2022-03-19T02:56:20","guid":{"rendered":"https:\/\/gooddealersmeds.com\/de\/?post_type=product&#038;p=1749"},"modified":"2022-12-26T14:08:45","modified_gmt":"2022-12-26T14:08:45","slug":"fentanyl-nasenspray-kaufen","status":"publish","type":"product","link":"https:\/\/gooddealersmeds.com\/de\/product\/fentanyl-nasenspray-kaufen\/","title":{"rendered":"Kaufen Sie Fentanyl Nasenspray"},"content":{"rendered":"<h2>Fentanyl-Nasenspray zum Verkauf online bei uns zu erschwinglichen Preisen<\/h2>\n<p>Kaufen Sie Fentanyl Nasenspray zur Behandlung von Durchbruchschmerzen (Schmerzen, die trotz Schmerzmittelbehandlung rund um die Uhr auftreten) bei Krebspatienten ab 18 Jahren, die regelm\u00e4\u00dfig Dosen eines anderen narkotischen (Opiat-)Schmerzmittels einnehmen und tolerant sind (an die Wirkung des Medikaments gew\u00f6hnt). Fentanyl geh\u00f6rt zu der Klasse von Arzneimitteln, die als narkotische (Opiat-)Analgetika bekannt sind. Es wirkt, indem es ver\u00e4ndert, wie das Gehirn und das Nervensystem auf Schmerzen reagieren.<\/p>\n<p>Dieses Medikament ist zur Anwendung in der Nase bestimmt. \u00dcberpr\u00fcfen Sie, ob Sie Ihr Nasenspray richtig anwenden. Wenn Sie Fragen haben, wenden Sie sich an Ihren Arzt oder eine medizinische Fachkraft. Nehmen Sie es nicht h\u00e4ufiger ein als verschrieben.<\/p>\n<p>Ihr Arzt wird Sie mit einer niedrigen <a href=\"https:\/\/gooddealersmeds.com\/de\/product\/fentanyl-nasenspray-kaufen\/\">Dosis Fentanyl<\/a>-Nasenspray beginnen und Ihre Dosis schrittweise erh\u00f6hen, bis Sie die Dosis gefunden haben, die Ihre Durchbruchschmerzen lindert. Wenn Sie 30 Minuten nach der Anwendung von Fentanyl-Nasenspray immer noch Schmerzen haben, kann Ihr Arzt Ihnen sagen, dass Sie ein anderes Schmerzmittel verwenden sollen, um diese Schmerzen zu lindern, und kann Ihre Dosis von Fentanyl-Nasenspray erh\u00f6hen, um Ihre n\u00e4chste Schmerzepisode zu behandeln. <em>Erh\u00f6hen Sie Ihre Dosis von Fentanyl-Nasenspray nicht, es sei denn, Ihr Arzt sagt es Ihnen<\/em>.<\/p>\n<p>Nebenwirkungen, die Sie so schnell wie m\u00f6glich Ihrem Arzt oder medizinischem Fachpersonal melden sollten:<\/p>\n<h3>Nebenwirkungen, die Sie so bald wie m\u00f6glich Ihrem Arzt oder medizinischem Fachpersonal mitteilen sollten:<\/h3>\n<ul>\n<li>Allergische Reaktionen wie Hautausschlag, Juckreiz oder Nesselsucht, Schwellungen des Gesichts, der Lippen oder der Zunge<\/li>\n<li>Atemprobleme<\/li>\n<li>Verwirrtheit<\/li>\n<li>Anzeichen und Symptome von niedrigem Blutdruck wie Schwindel; Ohnmachts- oder Benommenheitsgef\u00fchl, St\u00fcrze; ungew\u00f6hnlich schwach oder m\u00fcde<\/li>\n<li>Probleme beim Wasserlassen oder Ver\u00e4nderung der Urinmenge<\/li>\n<\/ul>\n<p>Bewahren Sie Fentanyl-Nasenspray in seinem kindersicheren Beh\u00e4ltnis, fest verschlossen und au\u00dferhalb der Reichweite auf von Kindern. Bewahren Sie das kindergesicherte Beh\u00e4ltnis und den Beutel in dem Karton auf, in dem es geliefert wurde, wenn es nicht verwendet wird. Kaufen Sie Fentanyl Nasenspray<\/p>\n<p>Kunden aus ganz Europa k\u00f6nnen Fentanyl-Nasenspray problemlos in unserem Online-Shop kaufen.<\/p>\n","protected":false},"excerpt":{"rendered":"<p>FENTANYL (FEN ta nil) ist ein Schmerzmittel. Es wird zur Behandlung von Krebsdurchbruchschmerzen angewendet, die Ihr langwirksames Schmerzmittel nicht unter Kontrolle bringt. Wenden Sie dieses Arzneimittel nicht bei Schmerzen an, die innerhalb weniger Tage nachlassen, wie z. B. Schmerzen nach Operationen, Arzt- oder Zahnarztbesuchen. Das Arzneimittel wird nur von Personen angewendet, die seit mindestens einer Woche ein Opioid oder ein narkotisches Schmerzmittel einnehmen.<\/p>\n<p>&nbsp;<\/p>\n<p>Dieses Arzneimittel kann f\u00fcr andere Zwecke verwendet werden; Wenden Sie sich bei Fragen an Ihren Arzt oder Apotheker.<\/p>\n","protected":false},"featured_media":1755,"comment_status":"open","ping_status":"closed","template":"","meta":{"inline_featured_image":false},"product_brand":[],"product_cat":[347],"product_tag":[],"class_list":{"0":"post-1749","1":"product","2":"type-product","3":"status-publish","4":"has-post-thumbnail","6":"product_cat-opioid-schmerzmittel","8":"first","9":"instock","10":"shipping-taxable","11":"purchasable","12":"product-type-variable","13":"has-default-attributes"},"yoast_head":"<!-- This site is optimized with the Yoast SEO Premium plugin v20.6 (Yoast SEO v27.4) - https:\/\/yoast.com\/product\/yoast-seo-premium-wordpress\/ -->\n<title>Kaufen Sie Fentanyl Nasenspray , Fentanyl-Dosis | Good Dealers Meds<\/title>\n<meta name=\"description\" content=\"Kaufen Sie Fentanyl Nasenspray, wir liefern hochwertiges Fentanyl-Nasenspray zu einem guten und erschwinglichen Preis. Kontaktieren Sie uns f\u00fcr weitere Informationen.\" \/>\n<meta name=\"robots\" content=\"index, follow, max-snippet:-1, max-image-preview:large, max-video-preview:-1\" \/>\n<link rel=\"canonical\" href=\"https:\/\/gooddealersmeds.com\/de\/product\/fentanyl-nasenspray-kaufen\/\" \/>\n<meta property=\"og:locale\" content=\"en_US\" \/>\n<meta property=\"og:type\" content=\"article\" \/>\n<meta property=\"og:title\" content=\"Kaufen Sie Fentanyl Nasenspray\" \/>\n<meta property=\"og:description\" content=\"Kaufen Sie Fentanyl Nasenspray, wir liefern hochwertiges Fentanyl-Nasenspray zu einem guten und erschwinglichen Preis. Kontaktieren Sie uns f\u00fcr weitere Informationen.\" \/>\n<meta property=\"og:url\" content=\"https:\/\/gooddealersmeds.com\/de\/product\/fentanyl-nasenspray-kaufen\/\" \/>\n<meta property=\"og:site_name\" content=\"Good Dealers Meds\" \/>\n<meta property=\"article:modified_time\" content=\"2022-12-26T14:08:45+00:00\" \/>\n<meta property=\"og:image\" content=\"https:\/\/gooddealersmeds.com\/de\/wp-content\/uploads\/sites\/3\/2022\/03\/Fentanyl-Nasal-Spray-20201024234300-600x600-1.jpg\" \/>\n\t<meta property=\"og:image:width\" content=\"600\" \/>\n\t<meta property=\"og:image:height\" content=\"600\" \/>\n\t<meta property=\"og:image:type\" content=\"image\/jpeg\" \/>\n<meta name=\"twitter:card\" content=\"summary_large_image\" \/>\n<meta name=\"twitter:label1\" content=\"Est. reading time\" \/>\n\t<meta name=\"twitter:data1\" content=\"2 minutes\" \/>\n<script type=\"application\/ld+json\" class=\"yoast-schema-graph\">{\"@context\":\"https:\\\/\\\/schema.org\",\"@graph\":[{\"@type\":\"WebPage\",\"@id\":\"https:\\\/\\\/gooddealersmeds.com\\\/de\\\/product\\\/fentanyl-nasenspray-kaufen\\\/\",\"url\":\"https:\\\/\\\/gooddealersmeds.com\\\/de\\\/product\\\/fentanyl-nasenspray-kaufen\\\/\",\"name\":\"Kaufen Sie Fentanyl Nasenspray , Fentanyl-Dosis | Good Dealers Meds\",\"isPartOf\":{\"@id\":\"https:\\\/\\\/gooddealersmeds.com\\\/de\\\/#website\"},\"primaryImageOfPage\":{\"@id\":\"https:\\\/\\\/gooddealersmeds.com\\\/de\\\/product\\\/fentanyl-nasenspray-kaufen\\\/#primaryimage\"},\"image\":{\"@id\":\"https:\\\/\\\/gooddealersmeds.com\\\/de\\\/product\\\/fentanyl-nasenspray-kaufen\\\/#primaryimage\"},\"thumbnailUrl\":\"https:\\\/\\\/gooddealersmeds.com\\\/de\\\/wp-content\\\/uploads\\\/sites\\\/3\\\/2022\\\/03\\\/Fentanyl-Nasal-Spray-20201024234300-600x600-1.jpg\",\"datePublished\":\"2022-03-19T02:56:20+00:00\",\"dateModified\":\"2022-12-26T14:08:45+00:00\",\"description\":\"Kaufen Sie Fentanyl Nasenspray, wir liefern hochwertiges Fentanyl-Nasenspray zu einem guten und erschwinglichen Preis. Kontaktieren Sie uns f\u00fcr weitere Informationen.\",\"breadcrumb\":{\"@id\":\"https:\\\/\\\/gooddealersmeds.com\\\/de\\\/product\\\/fentanyl-nasenspray-kaufen\\\/#breadcrumb\"},\"inLanguage\":\"en-US\",\"potentialAction\":[{\"@type\":\"ReadAction\",\"target\":[\"https:\\\/\\\/gooddealersmeds.com\\\/de\\\/product\\\/fentanyl-nasenspray-kaufen\\\/\"]}]},{\"@type\":\"ImageObject\",\"inLanguage\":\"en-US\",\"@id\":\"https:\\\/\\\/gooddealersmeds.com\\\/de\\\/product\\\/fentanyl-nasenspray-kaufen\\\/#primaryimage\",\"url\":\"https:\\\/\\\/gooddealersmeds.com\\\/de\\\/wp-content\\\/uploads\\\/sites\\\/3\\\/2022\\\/03\\\/Fentanyl-Nasal-Spray-20201024234300-600x600-1.jpg\",\"contentUrl\":\"https:\\\/\\\/gooddealersmeds.com\\\/de\\\/wp-content\\\/uploads\\\/sites\\\/3\\\/2022\\\/03\\\/Fentanyl-Nasal-Spray-20201024234300-600x600-1.jpg\",\"width\":600,\"height\":600},{\"@type\":\"BreadcrumbList\",\"@id\":\"https:\\\/\\\/gooddealersmeds.com\\\/de\\\/product\\\/fentanyl-nasenspray-kaufen\\\/#breadcrumb\",\"itemListElement\":[{\"@type\":\"ListItem\",\"position\":1,\"name\":\"Home\",\"item\":\"https:\\\/\\\/gooddealersmeds.com\\\/de\\\/\"},{\"@type\":\"ListItem\",\"position\":2,\"name\":\"Produkte\",\"item\":\"https:\\\/\\\/gooddealersmeds.com\\\/de\\\/produkte\\\/\"},{\"@type\":\"ListItem\",\"position\":3,\"name\":\"Kaufen Sie Fentanyl Nasenspray\"}]},{\"@type\":\"WebSite\",\"@id\":\"https:\\\/\\\/gooddealersmeds.com\\\/de\\\/#website\",\"url\":\"https:\\\/\\\/gooddealersmeds.com\\\/de\\\/\",\"name\":\"Good Dealers Meds\",\"description\":\"All our best\",\"publisher\":{\"@id\":\"https:\\\/\\\/gooddealersmeds.com\\\/de\\\/#organization\"},\"potentialAction\":[{\"@type\":\"SearchAction\",\"target\":{\"@type\":\"EntryPoint\",\"urlTemplate\":\"https:\\\/\\\/gooddealersmeds.com\\\/de\\\/?s={search_term_string}\"},\"query-input\":{\"@type\":\"PropertyValueSpecification\",\"valueRequired\":true,\"valueName\":\"search_term_string\"}}],\"inLanguage\":\"en-US\"},{\"@type\":\"Organization\",\"@id\":\"https:\\\/\\\/gooddealersmeds.com\\\/de\\\/#organization\",\"name\":\"Good Dealers Meds\",\"url\":\"https:\\\/\\\/gooddealersmeds.com\\\/de\\\/\",\"logo\":{\"@type\":\"ImageObject\",\"inLanguage\":\"en-US\",\"@id\":\"https:\\\/\\\/gooddealersmeds.com\\\/de\\\/#\\\/schema\\\/logo\\\/image\\\/\",\"url\":\"https:\\\/\\\/gooddealersmeds.com\\\/de\\\/wp-content\\\/uploads\\\/sites\\\/3\\\/2022\\\/03\\\/gooddealersmeds__logo__20220317T222800Z.00.png\",\"contentUrl\":\"https:\\\/\\\/gooddealersmeds.com\\\/de\\\/wp-content\\\/uploads\\\/sites\\\/3\\\/2022\\\/03\\\/gooddealersmeds__logo__20220317T222800Z.00.png\",\"width\":500,\"height\":325,\"caption\":\"Good Dealers Meds\"},\"image\":{\"@id\":\"https:\\\/\\\/gooddealersmeds.com\\\/de\\\/#\\\/schema\\\/logo\\\/image\\\/\"}}]}<\/script>\n<!-- \/ Yoast SEO Premium plugin. -->","yoast_head_json":{"title":"Kaufen Sie Fentanyl Nasenspray , Fentanyl-Dosis | Good Dealers Meds","description":"Kaufen Sie Fentanyl Nasenspray, wir liefern hochwertiges Fentanyl-Nasenspray zu einem guten und erschwinglichen Preis. Kontaktieren Sie uns f\u00fcr weitere Informationen.","robots":{"index":"index","follow":"follow","max-snippet":"max-snippet:-1","max-image-preview":"max-image-preview:large","max-video-preview":"max-video-preview:-1"},"canonical":"https:\/\/gooddealersmeds.com\/de\/product\/fentanyl-nasenspray-kaufen\/","og_locale":"en_US","og_type":"article","og_title":"Kaufen Sie Fentanyl Nasenspray","og_description":"Kaufen Sie Fentanyl Nasenspray, wir liefern hochwertiges Fentanyl-Nasenspray zu einem guten und erschwinglichen Preis. Kontaktieren Sie uns f\u00fcr weitere Informationen.","og_url":"https:\/\/gooddealersmeds.com\/de\/product\/fentanyl-nasenspray-kaufen\/","og_site_name":"Good Dealers Meds","article_modified_time":"2022-12-26T14:08:45+00:00","og_image":[{"width":600,"height":600,"url":"https:\/\/gooddealersmeds.com\/de\/wp-content\/uploads\/sites\/3\/2022\/03\/Fentanyl-Nasal-Spray-20201024234300-600x600-1.jpg","type":"image\/jpeg"}],"twitter_card":"summary_large_image","twitter_misc":{"Est. reading time":"2 minutes"},"schema":{"@context":"https:\/\/schema.org","@graph":[{"@type":"WebPage","@id":"https:\/\/gooddealersmeds.com\/de\/product\/fentanyl-nasenspray-kaufen\/","url":"https:\/\/gooddealersmeds.com\/de\/product\/fentanyl-nasenspray-kaufen\/","name":"Kaufen Sie Fentanyl Nasenspray , Fentanyl-Dosis | Good Dealers Meds","isPartOf":{"@id":"https:\/\/gooddealersmeds.com\/de\/#website"},"primaryImageOfPage":{"@id":"https:\/\/gooddealersmeds.com\/de\/product\/fentanyl-nasenspray-kaufen\/#primaryimage"},"image":{"@id":"https:\/\/gooddealersmeds.com\/de\/product\/fentanyl-nasenspray-kaufen\/#primaryimage"},"thumbnailUrl":"https:\/\/gooddealersmeds.com\/de\/wp-content\/uploads\/sites\/3\/2022\/03\/Fentanyl-Nasal-Spray-20201024234300-600x600-1.jpg","datePublished":"2022-03-19T02:56:20+00:00","dateModified":"2022-12-26T14:08:45+00:00","description":"Kaufen Sie Fentanyl Nasenspray, wir liefern hochwertiges Fentanyl-Nasenspray zu einem guten und erschwinglichen Preis. Kontaktieren Sie uns f\u00fcr weitere Informationen.","breadcrumb":{"@id":"https:\/\/gooddealersmeds.com\/de\/product\/fentanyl-nasenspray-kaufen\/#breadcrumb"},"inLanguage":"en-US","potentialAction":[{"@type":"ReadAction","target":["https:\/\/gooddealersmeds.com\/de\/product\/fentanyl-nasenspray-kaufen\/"]}]},{"@type":"ImageObject","inLanguage":"en-US","@id":"https:\/\/gooddealersmeds.com\/de\/product\/fentanyl-nasenspray-kaufen\/#primaryimage","url":"https:\/\/gooddealersmeds.com\/de\/wp-content\/uploads\/sites\/3\/2022\/03\/Fentanyl-Nasal-Spray-20201024234300-600x600-1.jpg","contentUrl":"https:\/\/gooddealersmeds.com\/de\/wp-content\/uploads\/sites\/3\/2022\/03\/Fentanyl-Nasal-Spray-20201024234300-600x600-1.jpg","width":600,"height":600},{"@type":"BreadcrumbList","@id":"https:\/\/gooddealersmeds.com\/de\/product\/fentanyl-nasenspray-kaufen\/#breadcrumb","itemListElement":[{"@type":"ListItem","position":1,"name":"Home","item":"https:\/\/gooddealersmeds.com\/de\/"},{"@type":"ListItem","position":2,"name":"Produkte","item":"https:\/\/gooddealersmeds.com\/de\/produkte\/"},{"@type":"ListItem","position":3,"name":"Kaufen Sie Fentanyl Nasenspray"}]},{"@type":"WebSite","@id":"https:\/\/gooddealersmeds.com\/de\/#website","url":"https:\/\/gooddealersmeds.com\/de\/","name":"Good Dealers Meds","description":"All our best","publisher":{"@id":"https:\/\/gooddealersmeds.com\/de\/#organization"},"potentialAction":[{"@type":"SearchAction","target":{"@type":"EntryPoint","urlTemplate":"https:\/\/gooddealersmeds.com\/de\/?s={search_term_string}"},"query-input":{"@type":"PropertyValueSpecification","valueRequired":true,"valueName":"search_term_string"}}],"inLanguage":"en-US"},{"@type":"Organization","@id":"https:\/\/gooddealersmeds.com\/de\/#organization","name":"Good Dealers Meds","url":"https:\/\/gooddealersmeds.com\/de\/","logo":{"@type":"ImageObject","inLanguage":"en-US","@id":"https:\/\/gooddealersmeds.com\/de\/#\/schema\/logo\/image\/","url":"https:\/\/gooddealersmeds.com\/de\/wp-content\/uploads\/sites\/3\/2022\/03\/gooddealersmeds__logo__20220317T222800Z.00.png","contentUrl":"https:\/\/gooddealersmeds.com\/de\/wp-content\/uploads\/sites\/3\/2022\/03\/gooddealersmeds__logo__20220317T222800Z.00.png","width":500,"height":325,"caption":"Good Dealers Meds"},"image":{"@id":"https:\/\/gooddealersmeds.com\/de\/#\/schema\/logo\/image\/"}}]}},"_links":{"self":[{"href":"https:\/\/gooddealersmeds.com\/de\/wp-json\/wp\/v2\/product\/1749","targetHints":{"allow":["GET"]}}],"collection":[{"href":"https:\/\/gooddealersmeds.com\/de\/wp-json\/wp\/v2\/product"}],"about":[{"href":"https:\/\/gooddealersmeds.com\/de\/wp-json\/wp\/v2\/types\/product"}],"replies":[{"embeddable":true,"href":"https:\/\/gooddealersmeds.com\/de\/wp-json\/wp\/v2\/comments?post=1749"}],"wp:featuredmedia":[{"embeddable":true,"href":"https:\/\/gooddealersmeds.com\/de\/wp-json\/wp\/v2\/media\/1755"}],"wp:attachment":[{"href":"https:\/\/gooddealersmeds.com\/de\/wp-json\/wp\/v2\/media?parent=1749"}],"wp:term":[{"taxonomy":"product_brand","embeddable":true,"href":"https:\/\/gooddealersmeds.com\/de\/wp-json\/wp\/v2\/product_brand?post=1749"},{"taxonomy":"product_cat","embeddable":true,"href":"https:\/\/gooddealersmeds.com\/de\/wp-json\/wp\/v2\/product_cat?post=1749"},{"taxonomy":"product_tag","embeddable":true,"href":"https:\/\/gooddealersmeds.com\/de\/wp-json\/wp\/v2\/product_tag?post=1749"}],"curies":[{"name":"wp","href":"https:\/\/api.w.org\/{rel}","templated":true}]}}