{"id":1744,"date":"2022-03-19T02:44:47","date_gmt":"2022-03-19T02:44:47","guid":{"rendered":"https:\/\/gooddealersmeds.com\/de\/?post_type=product&#038;p=1744"},"modified":"2022-12-26T14:16:13","modified_gmt":"2022-12-26T14:16:13","slug":"lsd-tablets-online-kaufen","status":"publish","type":"product","link":"https:\/\/gooddealersmeds.com\/de\/product\/lsd-tablets-online-kaufen\/","title":{"rendered":"Kaufen Sie LSD-Tabletten online"},"content":{"rendered":"<h2>Kaufen Sie 50mcg LSD Tabletten online.<\/h2>\n<p>Kaufen Sie LSD-Tabletten online, Bestellen Sie LSD Tabletten in unseren LSD Tabletten <a href=\"https:\/\/gooddealersmeds.com\/de\/products\/\"><span style=\"color: #333333\">shop<\/span>.<\/a>\u00a0Wenn Sie LSD-Tabletten mit guter Qualit\u00e4t kaufen m\u00f6chten, suchen Sie nicht weiter, Sie sind am richtigen Ort. Unsere LSD-Tabletten sind derzeit die besten auf dem Markt.<\/p>\n<p>Lysergs\u00e4urediethylamid (LSD), auch als S\u00e4ure bekannt, ist eine psychedelische Droge, die f\u00fcr ihre <span style=\"color: #333333\">psychedelische Effekte<\/span>. LSD ist das st\u00e4rkste und ber\u00fcchtigtste der Halluzinogene und dasjenige, das diese Drogenklasse in den 1960er Jahren an die \u00d6ffentlichkeit brachte. LSD wurde urspr\u00fcnglich aus Mutterkornalkaloiden synthetisiert, die aus dem Mutterkornpilz Claviceps purpurea extrahiert wurden. Dies kann eine ver\u00e4nderte Wahrnehmung der Umgebung, Wahrnehmungen und Gef\u00fchle sowie Empfindungen und Bilder umfassen, die real erscheinen, obwohl sie es nicht sind. Es wird haupts\u00e4chlich als Freizeitdroge und aus spirituellen Gr\u00fcnden verwendet.<\/p>\n<p>LSD ist eine bewusstseinsver\u00e4ndernde Droge. Es wird angenommen, dass LSD durch die Interaktion mit den Serotoninrezeptoren im Gehirn seine charakteristischen halluzinogenen Wirkungen verursacht. Serotonin ist ein Neurotransmitter, der dabei hilft, Ihre Stimmung und Ihr Verhalten zu regulieren, Ihre Sinne zu regulieren und Ihre Gedanken zu m\u00e4\u00dfigen. Kaufen Sie LSD-Tabletten online<\/p>\n<p>Generischer Name: <a href=\"https:\/\/de.wikipedia.org\/wiki\/LSD\">Lysergs\u00e4urediethylamid<\/a><br \/>\nVolks- oder Stra\u00dfennamen: LSD wird unter mehr als 80 verkauft Stra\u00dfennamen wie Acid, L\u00f6schpapier, Cid, Dosen, Punkte und Ausfl\u00fcge sowie Namen, die die Designs auf den L\u00f6schpapierb\u00f6gen widerspiegeln (z. B. \u201eLila Drache\u201c)<\/p>\n<p>&nbsp;<\/p>\n<p>&nbsp;<\/p>\n<pre><strong>Kaufen Sie 50 mcg LSD-Tabletten online - kaufen Sie LSD-Tabletten, kaufen Sie 50 mcg LSD-Tabletten, kaufen Sie 50 mcg LSD online, Wo kaufen Sie 50 mcg LSD-Tabletten, 50 mcg LSD-Tabletten zum Verkauf, LSD Tabletten zum Verkauf, Tabletten online kaufen, wo 50 mcg LSD-Tabletten online kaufen, 50 mcg LSD-Tabletten zum Verkauf in den USA, USA, Kanada, Gro\u00dfbritannien, kaufen, online, Lieferanten, sichere Lieferung, Sie k\u00f6nnen immer noch 50 mcg LSD-Tabletten erhalten, ist 50 mcg LSD Tabletten legal in den USA, kaufen Sie 50 mcg LSD-Tabletten online in den USA, wie Sie 50 mcg LSD-Tabletten bestellen, sind 50 mcg LSD-Tabletten in Kanada legal<\/strong><\/pre>\n","protected":false},"excerpt":{"rendered":"<p>Kaufen Sie 50 mcg LSD-Tabletten online bei Good Dealers Meds. LSD-Tabletten zum Verkauf in den USA und Kanada zu einem sehr g\u00fcnstigen Preis und Sie erhalten Ihre Lieferung innerhalb des Zeitrahmens an Ihrer Haust\u00fcr.<\/p>\n","protected":false},"featured_media":1748,"comment_status":"open","ping_status":"closed","template":"","meta":{"inline_featured_image":false},"product_brand":[],"product_cat":[345],"product_tag":[306,303,299,107,101,105,301,300,309,109,108,110,307,308,311,104,106,304,302,305,310],"class_list":{"0":"post-1744","1":"product","2":"type-product","3":"status-publish","4":"has-post-thumbnail","6":"product_cat-psychedelische-drogen","7":"product_tag-50mcg-lsd-tablets-for-sale-in-usa","8":"product_tag-50mcg-lsd-tabletten-zum-verkauf","9":"product_tag-kaufen-50mcg-lsd-tabletten-online-kaufen-lsd-tabletten","10":"product_tag-buy","11":"product_tag-buy-tablets-online","12":"product_tag-canada","13":"product_tag-50mcg-lsd-online-kaufen","14":"product_tag-kaufen-50mcg-lsd-tabletten","15":"product_tag-kaufen-50mcg-lsd-tabletten-online-usa","16":"product_tag-lieferanten","17":"product_tag-online","18":"product_tag-safe-delivery","19":"product_tag-du-kannst-immer-noch-50mcg-lsd-tabletten-bekommen","20":"product_tag-ist-50mcg-lsd-tabletten-legal-in-den-usa","21":"product_tag-ist-50mcg-lsd-tabletten-legal-in-kanada","22":"product_tag-vereinigte-staaten-von-amerika","23":"product_tag-vereinigtes-knigreich","24":"product_tag-lsd-tablets-verkaufen","25":"product_tag-where-to-buy-50mcg-lsd-tablets","26":"product_tag-where-to-buy-50mcg-lsd-tablets-online","27":"product_tag-wie-bestelle-50mcg-lsd-tabletten","29":"first","30":"instock","31":"shipping-taxable","32":"purchasable","33":"product-type-variable","34":"has-default-attributes"},"yoast_head":"<!-- This site is optimized with the Yoast SEO Premium plugin v20.6 (Yoast SEO v27.3) - https:\/\/yoast.com\/product\/yoast-seo-premium-wordpress\/ -->\n<title>Kaufen Sie LSD-Tabletten online | LSD in bester Qualit\u00e4t zum Verkauf<\/title>\n<meta name=\"description\" content=\"Kaufen Sie 50 mcg LSD-Tabletten online im Good Dealers Meds Gesch\u00e4ft. LSD-Tabletten zum Verkauf in den USA und Kanada zu g\u00fcnstigen Preisen, Lieferung an die T\u00fcr!\" \/>\n<meta name=\"robots\" content=\"index, follow, max-snippet:-1, max-image-preview:large, max-video-preview:-1\" \/>\n<link rel=\"canonical\" href=\"https:\/\/gooddealersmeds.com\/de\/product\/lsd-tablets-online-kaufen\/\" \/>\n<meta property=\"og:locale\" content=\"en_US\" \/>\n<meta property=\"og:type\" content=\"article\" \/>\n<meta property=\"og:title\" content=\"Kaufen Sie LSD-Tabletten online\" \/>\n<meta property=\"og:description\" content=\"Kaufen Sie 50 mcg LSD-Tabletten online im Good Dealers Meds Gesch\u00e4ft. LSD-Tabletten zum Verkauf in den USA und Kanada zu g\u00fcnstigen Preisen, Lieferung an die T\u00fcr!\" \/>\n<meta property=\"og:url\" content=\"https:\/\/gooddealersmeds.com\/de\/product\/lsd-tablets-online-kaufen\/\" \/>\n<meta property=\"og:site_name\" content=\"Good Dealers Meds\" \/>\n<meta property=\"article:modified_time\" content=\"2022-12-26T14:16:13+00:00\" \/>\n<meta property=\"og:image\" content=\"https:\/\/gooddealersmeds.com\/de\/wp-content\/uploads\/sites\/3\/2022\/03\/buy-50mcg-lsd-tablets-online.jpg\" \/>\n\t<meta property=\"og:image:width\" content=\"600\" \/>\n\t<meta property=\"og:image:height\" content=\"600\" \/>\n\t<meta property=\"og:image:type\" content=\"image\/jpeg\" \/>\n<meta name=\"twitter:card\" content=\"summary_large_image\" \/>\n<meta name=\"twitter:label1\" content=\"Est. reading time\" \/>\n\t<meta name=\"twitter:data1\" content=\"2 minutes\" \/>\n<script type=\"application\/ld+json\" class=\"yoast-schema-graph\">{\"@context\":\"https:\\\/\\\/schema.org\",\"@graph\":[{\"@type\":\"WebPage\",\"@id\":\"https:\\\/\\\/gooddealersmeds.com\\\/de\\\/product\\\/lsd-tablets-online-kaufen\\\/\",\"url\":\"https:\\\/\\\/gooddealersmeds.com\\\/de\\\/product\\\/lsd-tablets-online-kaufen\\\/\",\"name\":\"Kaufen Sie LSD-Tabletten online | LSD in bester Qualit\u00e4t zum Verkauf\",\"isPartOf\":{\"@id\":\"https:\\\/\\\/gooddealersmeds.com\\\/de\\\/#website\"},\"primaryImageOfPage\":{\"@id\":\"https:\\\/\\\/gooddealersmeds.com\\\/de\\\/product\\\/lsd-tablets-online-kaufen\\\/#primaryimage\"},\"image\":{\"@id\":\"https:\\\/\\\/gooddealersmeds.com\\\/de\\\/product\\\/lsd-tablets-online-kaufen\\\/#primaryimage\"},\"thumbnailUrl\":\"https:\\\/\\\/gooddealersmeds.com\\\/de\\\/wp-content\\\/uploads\\\/sites\\\/3\\\/2022\\\/03\\\/buy-50mcg-lsd-tablets-online.jpg\",\"datePublished\":\"2022-03-19T02:44:47+00:00\",\"dateModified\":\"2022-12-26T14:16:13+00:00\",\"description\":\"Kaufen Sie 50 mcg LSD-Tabletten online im Good Dealers Meds Gesch\u00e4ft. LSD-Tabletten zum Verkauf in den USA und Kanada zu g\u00fcnstigen Preisen, Lieferung an die T\u00fcr!\",\"breadcrumb\":{\"@id\":\"https:\\\/\\\/gooddealersmeds.com\\\/de\\\/product\\\/lsd-tablets-online-kaufen\\\/#breadcrumb\"},\"inLanguage\":\"en-US\",\"potentialAction\":[{\"@type\":\"ReadAction\",\"target\":[\"https:\\\/\\\/gooddealersmeds.com\\\/de\\\/product\\\/lsd-tablets-online-kaufen\\\/\"]}]},{\"@type\":\"ImageObject\",\"inLanguage\":\"en-US\",\"@id\":\"https:\\\/\\\/gooddealersmeds.com\\\/de\\\/product\\\/lsd-tablets-online-kaufen\\\/#primaryimage\",\"url\":\"https:\\\/\\\/gooddealersmeds.com\\\/de\\\/wp-content\\\/uploads\\\/sites\\\/3\\\/2022\\\/03\\\/buy-50mcg-lsd-tablets-online.jpg\",\"contentUrl\":\"https:\\\/\\\/gooddealersmeds.com\\\/de\\\/wp-content\\\/uploads\\\/sites\\\/3\\\/2022\\\/03\\\/buy-50mcg-lsd-tablets-online.jpg\",\"width\":600,\"height\":600,\"caption\":\"Buy LSD Tablets Online\"},{\"@type\":\"BreadcrumbList\",\"@id\":\"https:\\\/\\\/gooddealersmeds.com\\\/de\\\/product\\\/lsd-tablets-online-kaufen\\\/#breadcrumb\",\"itemListElement\":[{\"@type\":\"ListItem\",\"position\":1,\"name\":\"Home\",\"item\":\"https:\\\/\\\/gooddealersmeds.com\\\/de\\\/\"},{\"@type\":\"ListItem\",\"position\":2,\"name\":\"Produkte\",\"item\":\"https:\\\/\\\/gooddealersmeds.com\\\/de\\\/produkte\\\/\"},{\"@type\":\"ListItem\",\"position\":3,\"name\":\"Kaufen Sie LSD-Tabletten online\"}]},{\"@type\":\"WebSite\",\"@id\":\"https:\\\/\\\/gooddealersmeds.com\\\/de\\\/#website\",\"url\":\"https:\\\/\\\/gooddealersmeds.com\\\/de\\\/\",\"name\":\"Good Dealers Meds\",\"description\":\"All our best\",\"publisher\":{\"@id\":\"https:\\\/\\\/gooddealersmeds.com\\\/de\\\/#organization\"},\"potentialAction\":[{\"@type\":\"SearchAction\",\"target\":{\"@type\":\"EntryPoint\",\"urlTemplate\":\"https:\\\/\\\/gooddealersmeds.com\\\/de\\\/?s={search_term_string}\"},\"query-input\":{\"@type\":\"PropertyValueSpecification\",\"valueRequired\":true,\"valueName\":\"search_term_string\"}}],\"inLanguage\":\"en-US\"},{\"@type\":\"Organization\",\"@id\":\"https:\\\/\\\/gooddealersmeds.com\\\/de\\\/#organization\",\"name\":\"Good Dealers Meds\",\"url\":\"https:\\\/\\\/gooddealersmeds.com\\\/de\\\/\",\"logo\":{\"@type\":\"ImageObject\",\"inLanguage\":\"en-US\",\"@id\":\"https:\\\/\\\/gooddealersmeds.com\\\/de\\\/#\\\/schema\\\/logo\\\/image\\\/\",\"url\":\"https:\\\/\\\/gooddealersmeds.com\\\/de\\\/wp-content\\\/uploads\\\/sites\\\/3\\\/2022\\\/03\\\/gooddealersmeds__logo__20220317T222800Z.00.png\",\"contentUrl\":\"https:\\\/\\\/gooddealersmeds.com\\\/de\\\/wp-content\\\/uploads\\\/sites\\\/3\\\/2022\\\/03\\\/gooddealersmeds__logo__20220317T222800Z.00.png\",\"width\":500,\"height\":325,\"caption\":\"Good Dealers Meds\"},\"image\":{\"@id\":\"https:\\\/\\\/gooddealersmeds.com\\\/de\\\/#\\\/schema\\\/logo\\\/image\\\/\"}}]}<\/script>\n<!-- \/ Yoast SEO Premium plugin. -->","yoast_head_json":{"title":"Kaufen Sie LSD-Tabletten online | LSD in bester Qualit\u00e4t zum Verkauf","description":"Kaufen Sie 50 mcg LSD-Tabletten online im Good Dealers Meds Gesch\u00e4ft. LSD-Tabletten zum Verkauf in den USA und Kanada zu g\u00fcnstigen Preisen, Lieferung an die T\u00fcr!","robots":{"index":"index","follow":"follow","max-snippet":"max-snippet:-1","max-image-preview":"max-image-preview:large","max-video-preview":"max-video-preview:-1"},"canonical":"https:\/\/gooddealersmeds.com\/de\/product\/lsd-tablets-online-kaufen\/","og_locale":"en_US","og_type":"article","og_title":"Kaufen Sie LSD-Tabletten online","og_description":"Kaufen Sie 50 mcg LSD-Tabletten online im Good Dealers Meds Gesch\u00e4ft. LSD-Tabletten zum Verkauf in den USA und Kanada zu g\u00fcnstigen Preisen, Lieferung an die T\u00fcr!","og_url":"https:\/\/gooddealersmeds.com\/de\/product\/lsd-tablets-online-kaufen\/","og_site_name":"Good Dealers Meds","article_modified_time":"2022-12-26T14:16:13+00:00","og_image":[{"width":600,"height":600,"url":"https:\/\/gooddealersmeds.com\/de\/wp-content\/uploads\/sites\/3\/2022\/03\/buy-50mcg-lsd-tablets-online.jpg","type":"image\/jpeg"}],"twitter_card":"summary_large_image","twitter_misc":{"Est. reading time":"2 minutes"},"schema":{"@context":"https:\/\/schema.org","@graph":[{"@type":"WebPage","@id":"https:\/\/gooddealersmeds.com\/de\/product\/lsd-tablets-online-kaufen\/","url":"https:\/\/gooddealersmeds.com\/de\/product\/lsd-tablets-online-kaufen\/","name":"Kaufen Sie LSD-Tabletten online | LSD in bester Qualit\u00e4t zum Verkauf","isPartOf":{"@id":"https:\/\/gooddealersmeds.com\/de\/#website"},"primaryImageOfPage":{"@id":"https:\/\/gooddealersmeds.com\/de\/product\/lsd-tablets-online-kaufen\/#primaryimage"},"image":{"@id":"https:\/\/gooddealersmeds.com\/de\/product\/lsd-tablets-online-kaufen\/#primaryimage"},"thumbnailUrl":"https:\/\/gooddealersmeds.com\/de\/wp-content\/uploads\/sites\/3\/2022\/03\/buy-50mcg-lsd-tablets-online.jpg","datePublished":"2022-03-19T02:44:47+00:00","dateModified":"2022-12-26T14:16:13+00:00","description":"Kaufen Sie 50 mcg LSD-Tabletten online im Good Dealers Meds Gesch\u00e4ft. LSD-Tabletten zum Verkauf in den USA und Kanada zu g\u00fcnstigen Preisen, Lieferung an die T\u00fcr!","breadcrumb":{"@id":"https:\/\/gooddealersmeds.com\/de\/product\/lsd-tablets-online-kaufen\/#breadcrumb"},"inLanguage":"en-US","potentialAction":[{"@type":"ReadAction","target":["https:\/\/gooddealersmeds.com\/de\/product\/lsd-tablets-online-kaufen\/"]}]},{"@type":"ImageObject","inLanguage":"en-US","@id":"https:\/\/gooddealersmeds.com\/de\/product\/lsd-tablets-online-kaufen\/#primaryimage","url":"https:\/\/gooddealersmeds.com\/de\/wp-content\/uploads\/sites\/3\/2022\/03\/buy-50mcg-lsd-tablets-online.jpg","contentUrl":"https:\/\/gooddealersmeds.com\/de\/wp-content\/uploads\/sites\/3\/2022\/03\/buy-50mcg-lsd-tablets-online.jpg","width":600,"height":600,"caption":"Buy LSD Tablets Online"},{"@type":"BreadcrumbList","@id":"https:\/\/gooddealersmeds.com\/de\/product\/lsd-tablets-online-kaufen\/#breadcrumb","itemListElement":[{"@type":"ListItem","position":1,"name":"Home","item":"https:\/\/gooddealersmeds.com\/de\/"},{"@type":"ListItem","position":2,"name":"Produkte","item":"https:\/\/gooddealersmeds.com\/de\/produkte\/"},{"@type":"ListItem","position":3,"name":"Kaufen Sie LSD-Tabletten online"}]},{"@type":"WebSite","@id":"https:\/\/gooddealersmeds.com\/de\/#website","url":"https:\/\/gooddealersmeds.com\/de\/","name":"Good Dealers Meds","description":"All our best","publisher":{"@id":"https:\/\/gooddealersmeds.com\/de\/#organization"},"potentialAction":[{"@type":"SearchAction","target":{"@type":"EntryPoint","urlTemplate":"https:\/\/gooddealersmeds.com\/de\/?s={search_term_string}"},"query-input":{"@type":"PropertyValueSpecification","valueRequired":true,"valueName":"search_term_string"}}],"inLanguage":"en-US"},{"@type":"Organization","@id":"https:\/\/gooddealersmeds.com\/de\/#organization","name":"Good Dealers Meds","url":"https:\/\/gooddealersmeds.com\/de\/","logo":{"@type":"ImageObject","inLanguage":"en-US","@id":"https:\/\/gooddealersmeds.com\/de\/#\/schema\/logo\/image\/","url":"https:\/\/gooddealersmeds.com\/de\/wp-content\/uploads\/sites\/3\/2022\/03\/gooddealersmeds__logo__20220317T222800Z.00.png","contentUrl":"https:\/\/gooddealersmeds.com\/de\/wp-content\/uploads\/sites\/3\/2022\/03\/gooddealersmeds__logo__20220317T222800Z.00.png","width":500,"height":325,"caption":"Good Dealers Meds"},"image":{"@id":"https:\/\/gooddealersmeds.com\/de\/#\/schema\/logo\/image\/"}}]}},"_links":{"self":[{"href":"https:\/\/gooddealersmeds.com\/de\/wp-json\/wp\/v2\/product\/1744","targetHints":{"allow":["GET"]}}],"collection":[{"href":"https:\/\/gooddealersmeds.com\/de\/wp-json\/wp\/v2\/product"}],"about":[{"href":"https:\/\/gooddealersmeds.com\/de\/wp-json\/wp\/v2\/types\/product"}],"replies":[{"embeddable":true,"href":"https:\/\/gooddealersmeds.com\/de\/wp-json\/wp\/v2\/comments?post=1744"}],"wp:featuredmedia":[{"embeddable":true,"href":"https:\/\/gooddealersmeds.com\/de\/wp-json\/wp\/v2\/media\/1748"}],"wp:attachment":[{"href":"https:\/\/gooddealersmeds.com\/de\/wp-json\/wp\/v2\/media?parent=1744"}],"wp:term":[{"taxonomy":"product_brand","embeddable":true,"href":"https:\/\/gooddealersmeds.com\/de\/wp-json\/wp\/v2\/product_brand?post=1744"},{"taxonomy":"product_cat","embeddable":true,"href":"https:\/\/gooddealersmeds.com\/de\/wp-json\/wp\/v2\/product_cat?post=1744"},{"taxonomy":"product_tag","embeddable":true,"href":"https:\/\/gooddealersmeds.com\/de\/wp-json\/wp\/v2\/product_tag?post=1744"}],"curies":[{"name":"wp","href":"https:\/\/api.w.org\/{rel}","templated":true}]}}