{"id":1728,"date":"2022-03-19T02:16:28","date_gmt":"2022-03-19T02:16:28","guid":{"rendered":"https:\/\/gooddealersmeds.com\/de\/?post_type=product&#038;p=1728"},"modified":"2022-12-26T14:19:13","modified_gmt":"2022-12-26T14:19:13","slug":"fentanyl-pflaster","status":"publish","type":"product","link":"https:\/\/gooddealersmeds.com\/de\/product\/fentanyl-pflaster\/","title":{"rendered":"Kaufen Sie Fentanylpflaster online"},"content":{"rendered":"<h2>Wo Sie Fentanyl-Pflaster kaufen k\u00f6nnen \u2013 bestellen Sie Fentanyl-Pflaster zu einem erschwinglichen Preis bei einem vertrauensw\u00fcrdigen Lieferanten<\/h2>\n<p>Kaufen Sie Fentanylpflaster online (auch als Fentanil bekannt) ist ein starkes synthetisches Opioid-Schmerzmittel mit kurzer Wirkungsdauer. Es ist ein potenter Agonist an -Opioid-Rezeptoren. Fentanyl ist sch\u00e4tzungsweise 50- bis 100-mal st\u00e4rker als Morphin.<\/p>\n<p>Fentanyl geh\u00f6rt zu einer Gruppe von Medikamenten, die Opioide genannt werden. <a href=\"https:\/\/gooddealersmeds.com\/de\/product\/fentanyl-patches\/\">Fentanyl<\/a> wird zur Behandlung von anhaltenden chronischen (Langzeit-)starken Schmerzen f\u00fcr diejenigen verwendet, die eine st\u00e4ndige Schmerzlinderung ben\u00f6tigen und sind derzeit andere opioide (narkotische) Medikamente einnehmen.<\/p>\n<p>Das Opioid-Schmerzmittel im Fentanyl-Pflaster gelangt nach und nach in Ihren K\u00f6rper. Es kann bis zu zwei Tage dauern, bis Ihr anf\u00e4ngliches Fentanyl-Pflaster eine offensichtliche Wirkung zeigt, aber nachfolgende Pflaster werden diese Wirkung aufrechterhalten. Das bedeutet, dass Sie die Schmerzlinderung fortsetzen k\u00f6nnen, solange Sie daran denken, Ihr Pflaster alle drei Tage zu wechseln. Wechseln Sie Ihr Pflaster jeden Tag zur gleichen Zeit.<\/p>\n<p><strong>Was ist Fentanyl-Pflaster und wie wirkt es?<\/strong><\/p>\n<p>Opioide (wie Fentanylpflaster) bieten selten eine vollst\u00e4ndige Schmerzlinderung. Ihr Arzt, Ihre Krankenschwester oder Ihr \u00f6rtlicher Apotheker wird den besten Ansatz zur Behandlung Ihrer Schmerzen bestimmen und die Dosis so anpassen, dass Sie die meiste Zeit \u00fcber eine Schmerzlinderung erhalten. Sie werden auch darauf abzielen, die negativen Auswirkungen auf ein Minimum zu beschr\u00e4nken. Kaufen Sie Fentanylpflaster online<\/p>\n<p>Wenn diese Nebenwirkungen l\u00e4nger als ein paar Tage anhalten, kann Ihr Arzt zus\u00e4tzliche Medikamente verschreiben, um zu helfen, wie z. B. Medikamente gegen \u00dcbelkeit. Verstopfung ist eine h\u00e4ufige Nebenwirkung, die nach ein paar Tagen nicht verschwindet. Um Verstopfung zu behandeln, m\u00fcssen Sie m\u00f6glicherweise ein Abf\u00fchrmittel ausprobieren oder die Menge an Ballaststoffen und Wasser in Ihrer Ern\u00e4hrung erh\u00f6hen.<\/p>\n<p><strong>Auswirkungen<\/strong><\/p>\n<p>\u00dcbelkeit, Erbrechen, Verstopfung, Benommenheit, Schwindel, Schl\u00e4frigkeit oder Kopfschmerzen sind m\u00f6gliche Nebenwirkungen. An der Applikationsstelle k\u00f6nnen auch leichte Beschwerden, Juckreiz oder R\u00f6tungen auftreten. Einige dieser Nebenwirkungen k\u00f6nnen nach einiger Zeit der Anwendung dieses Arzneimittels verschwinden. Informieren Sie sofort Ihren Arzt oder Apotheker, wenn eine dieser Nebenwirkungen anh\u00e4lt oder sich verschlimmert.<\/p>\n<p>Fentanyl-Pflaster k\u00f6nnen Sie rezeptfrei online in unserem Shop kaufen.<\/p>\n","protected":false},"excerpt":{"rendered":"<p>Fentanyl, auch Fentanil geschrieben, ist ein Opioid, das als Schmerzmittel und zusammen mit anderen Medikamenten zur An\u00e4sthesie verwendet wird. Fentanyl wird auch als Freizeitdroge verwendet, oft gemischt mit Heroin oder Kokain. Es hat einen schnellen Wirkungseintritt und seine Wirkung h\u00e4lt im Allgemeinen weniger als zwei Stunden an. Fentanyl online kaufen, Fentanyl-Pflaster online kaufen<\/p>\n<p>&nbsp;<\/p>\n<p><strong>5 Pflaster pro Packung<\/strong><\/p>\n","protected":false},"featured_media":1734,"comment_status":"open","ping_status":"closed","template":"","meta":{"inline_featured_image":false},"product_brand":[],"product_cat":[347],"product_tag":[97,297,298],"class_list":{"0":"post-1728","1":"product","2":"type-product","3":"status-publish","4":"has-post-thumbnail","6":"product_cat-opioid-schmerzmittel","7":"product_tag-buy-fentanyl-online","8":"product_tag-buy-fentanyl-patches","9":"product_tag-buy-fentanyl-patches-online","11":"first","12":"instock","13":"featured","14":"shipping-taxable","15":"purchasable","16":"product-type-variable","17":"has-default-attributes"},"yoast_head":"<!-- This site is optimized with the Yoast SEO Premium plugin v20.6 (Yoast SEO v27.5) - https:\/\/yoast.com\/product\/yoast-seo-premium-wordpress\/ -->\n<title>Kaufen Sie Fentanylpflaster online - Fentanylpflaster zu verkaufen<\/title>\n<meta name=\"description\" content=\"Kaufen Sie Fentanylpflaster online ohne Rezept. Fentanyl ist ein Opioid, das als Schmerzmittel zur An\u00e4sthesie oder bei anhaltenden chronischen Schmerzen verwendet wird.\" \/>\n<meta name=\"robots\" content=\"index, follow, max-snippet:-1, max-image-preview:large, max-video-preview:-1\" \/>\n<link rel=\"canonical\" href=\"https:\/\/gooddealersmeds.com\/de\/product\/fentanyl-pflaster\/\" \/>\n<meta property=\"og:locale\" content=\"en_US\" \/>\n<meta property=\"og:type\" content=\"article\" \/>\n<meta property=\"og:title\" content=\"Kaufen Sie Fentanylpflaster online\" \/>\n<meta property=\"og:description\" content=\"Kaufen Sie Fentanylpflaster online ohne Rezept. Fentanyl ist ein Opioid, das als Schmerzmittel zur An\u00e4sthesie oder bei anhaltenden chronischen Schmerzen verwendet wird.\" \/>\n<meta property=\"og:url\" content=\"https:\/\/gooddealersmeds.com\/de\/product\/fentanyl-pflaster\/\" \/>\n<meta property=\"og:site_name\" content=\"Good Dealers Meds\" \/>\n<meta property=\"article:modified_time\" content=\"2022-12-26T14:19:13+00:00\" \/>\n<meta property=\"og:image\" content=\"https:\/\/gooddealersmeds.com\/de\/wp-content\/uploads\/sites\/3\/2022\/03\/Fentanyl-Patch-75mcg-e1573043473107-500x500-1.jpg\" \/>\n\t<meta property=\"og:image:width\" content=\"500\" \/>\n\t<meta property=\"og:image:height\" content=\"500\" \/>\n\t<meta property=\"og:image:type\" content=\"image\/jpeg\" \/>\n<meta name=\"twitter:card\" content=\"summary_large_image\" \/>\n<meta name=\"twitter:label1\" content=\"Est. reading time\" \/>\n\t<meta name=\"twitter:data1\" content=\"2 minutes\" \/>\n<script type=\"application\/ld+json\" class=\"yoast-schema-graph\">{\"@context\":\"https:\\\/\\\/schema.org\",\"@graph\":[{\"@type\":\"WebPage\",\"@id\":\"https:\\\/\\\/gooddealersmeds.com\\\/de\\\/product\\\/fentanyl-pflaster\\\/\",\"url\":\"https:\\\/\\\/gooddealersmeds.com\\\/de\\\/product\\\/fentanyl-pflaster\\\/\",\"name\":\"Kaufen Sie Fentanylpflaster online - Fentanylpflaster zu verkaufen\",\"isPartOf\":{\"@id\":\"https:\\\/\\\/gooddealersmeds.com\\\/de\\\/#website\"},\"primaryImageOfPage\":{\"@id\":\"https:\\\/\\\/gooddealersmeds.com\\\/de\\\/product\\\/fentanyl-pflaster\\\/#primaryimage\"},\"image\":{\"@id\":\"https:\\\/\\\/gooddealersmeds.com\\\/de\\\/product\\\/fentanyl-pflaster\\\/#primaryimage\"},\"thumbnailUrl\":\"https:\\\/\\\/gooddealersmeds.com\\\/de\\\/wp-content\\\/uploads\\\/sites\\\/3\\\/2022\\\/03\\\/Fentanyl-Patch-75mcg-e1573043473107-500x500-1.jpg\",\"datePublished\":\"2022-03-19T02:16:28+00:00\",\"dateModified\":\"2022-12-26T14:19:13+00:00\",\"description\":\"Kaufen Sie Fentanylpflaster online ohne Rezept. Fentanyl ist ein Opioid, das als Schmerzmittel zur An\u00e4sthesie oder bei anhaltenden chronischen Schmerzen verwendet wird.\",\"breadcrumb\":{\"@id\":\"https:\\\/\\\/gooddealersmeds.com\\\/de\\\/product\\\/fentanyl-pflaster\\\/#breadcrumb\"},\"inLanguage\":\"en-US\",\"potentialAction\":[{\"@type\":\"ReadAction\",\"target\":[\"https:\\\/\\\/gooddealersmeds.com\\\/de\\\/product\\\/fentanyl-pflaster\\\/\"]}]},{\"@type\":\"ImageObject\",\"inLanguage\":\"en-US\",\"@id\":\"https:\\\/\\\/gooddealersmeds.com\\\/de\\\/product\\\/fentanyl-pflaster\\\/#primaryimage\",\"url\":\"https:\\\/\\\/gooddealersmeds.com\\\/de\\\/wp-content\\\/uploads\\\/sites\\\/3\\\/2022\\\/03\\\/Fentanyl-Patch-75mcg-e1573043473107-500x500-1.jpg\",\"contentUrl\":\"https:\\\/\\\/gooddealersmeds.com\\\/de\\\/wp-content\\\/uploads\\\/sites\\\/3\\\/2022\\\/03\\\/Fentanyl-Patch-75mcg-e1573043473107-500x500-1.jpg\",\"width\":500,\"height\":500,\"caption\":\"Buy Fentanyl Online\"},{\"@type\":\"BreadcrumbList\",\"@id\":\"https:\\\/\\\/gooddealersmeds.com\\\/de\\\/product\\\/fentanyl-pflaster\\\/#breadcrumb\",\"itemListElement\":[{\"@type\":\"ListItem\",\"position\":1,\"name\":\"Home\",\"item\":\"https:\\\/\\\/gooddealersmeds.com\\\/de\\\/\"},{\"@type\":\"ListItem\",\"position\":2,\"name\":\"Produkte\",\"item\":\"https:\\\/\\\/gooddealersmeds.com\\\/de\\\/produkte\\\/\"},{\"@type\":\"ListItem\",\"position\":3,\"name\":\"Kaufen Sie Fentanylpflaster online\"}]},{\"@type\":\"WebSite\",\"@id\":\"https:\\\/\\\/gooddealersmeds.com\\\/de\\\/#website\",\"url\":\"https:\\\/\\\/gooddealersmeds.com\\\/de\\\/\",\"name\":\"Good Dealers Meds\",\"description\":\"All our best\",\"publisher\":{\"@id\":\"https:\\\/\\\/gooddealersmeds.com\\\/de\\\/#organization\"},\"potentialAction\":[{\"@type\":\"SearchAction\",\"target\":{\"@type\":\"EntryPoint\",\"urlTemplate\":\"https:\\\/\\\/gooddealersmeds.com\\\/de\\\/?s={search_term_string}\"},\"query-input\":{\"@type\":\"PropertyValueSpecification\",\"valueRequired\":true,\"valueName\":\"search_term_string\"}}],\"inLanguage\":\"en-US\"},{\"@type\":\"Organization\",\"@id\":\"https:\\\/\\\/gooddealersmeds.com\\\/de\\\/#organization\",\"name\":\"Good Dealers Meds\",\"url\":\"https:\\\/\\\/gooddealersmeds.com\\\/de\\\/\",\"logo\":{\"@type\":\"ImageObject\",\"inLanguage\":\"en-US\",\"@id\":\"https:\\\/\\\/gooddealersmeds.com\\\/de\\\/#\\\/schema\\\/logo\\\/image\\\/\",\"url\":\"https:\\\/\\\/gooddealersmeds.com\\\/de\\\/wp-content\\\/uploads\\\/sites\\\/3\\\/2022\\\/03\\\/gooddealersmeds__logo__20220317T222800Z.00.png\",\"contentUrl\":\"https:\\\/\\\/gooddealersmeds.com\\\/de\\\/wp-content\\\/uploads\\\/sites\\\/3\\\/2022\\\/03\\\/gooddealersmeds__logo__20220317T222800Z.00.png\",\"width\":500,\"height\":325,\"caption\":\"Good Dealers Meds\"},\"image\":{\"@id\":\"https:\\\/\\\/gooddealersmeds.com\\\/de\\\/#\\\/schema\\\/logo\\\/image\\\/\"}}]}<\/script>\n<!-- \/ Yoast SEO Premium plugin. -->","yoast_head_json":{"title":"Kaufen Sie Fentanylpflaster online - Fentanylpflaster zu verkaufen","description":"Kaufen Sie Fentanylpflaster online ohne Rezept. Fentanyl ist ein Opioid, das als Schmerzmittel zur An\u00e4sthesie oder bei anhaltenden chronischen Schmerzen verwendet wird.","robots":{"index":"index","follow":"follow","max-snippet":"max-snippet:-1","max-image-preview":"max-image-preview:large","max-video-preview":"max-video-preview:-1"},"canonical":"https:\/\/gooddealersmeds.com\/de\/product\/fentanyl-pflaster\/","og_locale":"en_US","og_type":"article","og_title":"Kaufen Sie Fentanylpflaster online","og_description":"Kaufen Sie Fentanylpflaster online ohne Rezept. Fentanyl ist ein Opioid, das als Schmerzmittel zur An\u00e4sthesie oder bei anhaltenden chronischen Schmerzen verwendet wird.","og_url":"https:\/\/gooddealersmeds.com\/de\/product\/fentanyl-pflaster\/","og_site_name":"Good Dealers Meds","article_modified_time":"2022-12-26T14:19:13+00:00","og_image":[{"width":500,"height":500,"url":"https:\/\/gooddealersmeds.com\/de\/wp-content\/uploads\/sites\/3\/2022\/03\/Fentanyl-Patch-75mcg-e1573043473107-500x500-1.jpg","type":"image\/jpeg"}],"twitter_card":"summary_large_image","twitter_misc":{"Est. reading time":"2 minutes"},"schema":{"@context":"https:\/\/schema.org","@graph":[{"@type":"WebPage","@id":"https:\/\/gooddealersmeds.com\/de\/product\/fentanyl-pflaster\/","url":"https:\/\/gooddealersmeds.com\/de\/product\/fentanyl-pflaster\/","name":"Kaufen Sie Fentanylpflaster online - Fentanylpflaster zu verkaufen","isPartOf":{"@id":"https:\/\/gooddealersmeds.com\/de\/#website"},"primaryImageOfPage":{"@id":"https:\/\/gooddealersmeds.com\/de\/product\/fentanyl-pflaster\/#primaryimage"},"image":{"@id":"https:\/\/gooddealersmeds.com\/de\/product\/fentanyl-pflaster\/#primaryimage"},"thumbnailUrl":"https:\/\/gooddealersmeds.com\/de\/wp-content\/uploads\/sites\/3\/2022\/03\/Fentanyl-Patch-75mcg-e1573043473107-500x500-1.jpg","datePublished":"2022-03-19T02:16:28+00:00","dateModified":"2022-12-26T14:19:13+00:00","description":"Kaufen Sie Fentanylpflaster online ohne Rezept. Fentanyl ist ein Opioid, das als Schmerzmittel zur An\u00e4sthesie oder bei anhaltenden chronischen Schmerzen verwendet wird.","breadcrumb":{"@id":"https:\/\/gooddealersmeds.com\/de\/product\/fentanyl-pflaster\/#breadcrumb"},"inLanguage":"en-US","potentialAction":[{"@type":"ReadAction","target":["https:\/\/gooddealersmeds.com\/de\/product\/fentanyl-pflaster\/"]}]},{"@type":"ImageObject","inLanguage":"en-US","@id":"https:\/\/gooddealersmeds.com\/de\/product\/fentanyl-pflaster\/#primaryimage","url":"https:\/\/gooddealersmeds.com\/de\/wp-content\/uploads\/sites\/3\/2022\/03\/Fentanyl-Patch-75mcg-e1573043473107-500x500-1.jpg","contentUrl":"https:\/\/gooddealersmeds.com\/de\/wp-content\/uploads\/sites\/3\/2022\/03\/Fentanyl-Patch-75mcg-e1573043473107-500x500-1.jpg","width":500,"height":500,"caption":"Buy Fentanyl Online"},{"@type":"BreadcrumbList","@id":"https:\/\/gooddealersmeds.com\/de\/product\/fentanyl-pflaster\/#breadcrumb","itemListElement":[{"@type":"ListItem","position":1,"name":"Home","item":"https:\/\/gooddealersmeds.com\/de\/"},{"@type":"ListItem","position":2,"name":"Produkte","item":"https:\/\/gooddealersmeds.com\/de\/produkte\/"},{"@type":"ListItem","position":3,"name":"Kaufen Sie Fentanylpflaster online"}]},{"@type":"WebSite","@id":"https:\/\/gooddealersmeds.com\/de\/#website","url":"https:\/\/gooddealersmeds.com\/de\/","name":"Good Dealers Meds","description":"All our best","publisher":{"@id":"https:\/\/gooddealersmeds.com\/de\/#organization"},"potentialAction":[{"@type":"SearchAction","target":{"@type":"EntryPoint","urlTemplate":"https:\/\/gooddealersmeds.com\/de\/?s={search_term_string}"},"query-input":{"@type":"PropertyValueSpecification","valueRequired":true,"valueName":"search_term_string"}}],"inLanguage":"en-US"},{"@type":"Organization","@id":"https:\/\/gooddealersmeds.com\/de\/#organization","name":"Good Dealers Meds","url":"https:\/\/gooddealersmeds.com\/de\/","logo":{"@type":"ImageObject","inLanguage":"en-US","@id":"https:\/\/gooddealersmeds.com\/de\/#\/schema\/logo\/image\/","url":"https:\/\/gooddealersmeds.com\/de\/wp-content\/uploads\/sites\/3\/2022\/03\/gooddealersmeds__logo__20220317T222800Z.00.png","contentUrl":"https:\/\/gooddealersmeds.com\/de\/wp-content\/uploads\/sites\/3\/2022\/03\/gooddealersmeds__logo__20220317T222800Z.00.png","width":500,"height":325,"caption":"Good Dealers Meds"},"image":{"@id":"https:\/\/gooddealersmeds.com\/de\/#\/schema\/logo\/image\/"}}]}},"_links":{"self":[{"href":"https:\/\/gooddealersmeds.com\/de\/wp-json\/wp\/v2\/product\/1728","targetHints":{"allow":["GET"]}}],"collection":[{"href":"https:\/\/gooddealersmeds.com\/de\/wp-json\/wp\/v2\/product"}],"about":[{"href":"https:\/\/gooddealersmeds.com\/de\/wp-json\/wp\/v2\/types\/product"}],"replies":[{"embeddable":true,"href":"https:\/\/gooddealersmeds.com\/de\/wp-json\/wp\/v2\/comments?post=1728"}],"wp:featuredmedia":[{"embeddable":true,"href":"https:\/\/gooddealersmeds.com\/de\/wp-json\/wp\/v2\/media\/1734"}],"wp:attachment":[{"href":"https:\/\/gooddealersmeds.com\/de\/wp-json\/wp\/v2\/media?parent=1728"}],"wp:term":[{"taxonomy":"product_brand","embeddable":true,"href":"https:\/\/gooddealersmeds.com\/de\/wp-json\/wp\/v2\/product_brand?post=1728"},{"taxonomy":"product_cat","embeddable":true,"href":"https:\/\/gooddealersmeds.com\/de\/wp-json\/wp\/v2\/product_cat?post=1728"},{"taxonomy":"product_tag","embeddable":true,"href":"https:\/\/gooddealersmeds.com\/de\/wp-json\/wp\/v2\/product_tag?post=1728"}],"curies":[{"name":"wp","href":"https:\/\/api.w.org\/{rel}","templated":true}]}}