{"id":1718,"date":"2022-03-19T01:50:33","date_gmt":"2022-03-19T01:50:33","guid":{"rendered":"https:\/\/gooddealersmeds.com\/de\/?post_type=product&#038;p=1718"},"modified":"2022-12-26T14:22:09","modified_gmt":"2022-12-26T14:22:09","slug":"morphinsulfat-online-kaufen","status":"publish","type":"product","link":"https:\/\/gooddealersmeds.com\/de\/product\/morphinsulfat-online-kaufen\/","title":{"rendered":"Kaufen Sie Morphinsulfat online"},"content":{"rendered":"<h2>Kaufen Sie Morphinsulfat online von der Spitzenklasse<\/h2>\n<p>Kaufen Sie Morphinsulfat online. Morphin ist ein starkes Schmerzmittel. Es wird verwendet, um starke Schmerzen zu behandeln. Dieses Arzneimittel wird zur Behandlung schwerer chronischer Schmerzen (z. B. aufgrund von Krebs) angewendet. Morphin geh\u00f6rt zur Arzneimittelklasse der <a href=\"https:\/\/gooddealersmeds.com\/de\/product\/morphinsulfat-online-kaufen\/\">Opioid-Analgetika<\/a>. Es ver\u00e4ndert, wie Ihr K\u00f6rper Schmerzen wahrnimmt und darauf reagiert, indem es auf das Gehirn einwirkt. Die h\u00f6heren St\u00e4rken dieses Medikaments (90 und 120 Milligramm pro Kapsel) sollten nur verwendet werden, wenn Sie regelm\u00e4\u00dfig moderate bis hohe Dosen eines Opioid-Schmerzmittels eingenommen haben.<\/p>\n<p>&#8220;Kauen, zerkleinern, oder l\u00f6sen Sie dieses Medikament oder den Inhalt der Kapseln auf. Konsumieren Sie au\u00dferdem keinen Alkohol oder verwenden Sie andere alkoholhaltige Produkte, w\u00e4hrend Sie dieses Medikament einnehmen. Die Einnahme von Morphinsulfat zusammen mit Alkohol oder zerkleinerten, gekauten oder aufgel\u00f6sten Arten von Morphin mit verl\u00e4ngerter Freisetzung kann zu a f\u00fchren t\u00f6dliche \u00dcberdosis.&#8221;<\/p>\n<p>Bevor Sie mit der Anwendung von <a href=\"https:\/\/www.gelbe-liste.de\/wirkstoffe\/Morphin-sulfat_40613\">Morphin<\/a> beginnen und jedes Mal, wenn Sie eine Nachf\u00fcllung erhalten, lesen Sie den von Ihrem Apotheker herausgegebenen Arzneimittelleitfaden. Wenden Sie sich bei Fragen an Ihren Arzt oder Apotheker.<\/p>\n<p><strong>Effekte, die Sie mit Morphinsulfat erzielen<\/strong><\/p>\n<p>Morphine wirkt, indem es verhindert, dass Schmerzsignale das Gehirn \u00fcber die Nerven erreichen. Die h\u00e4ufigsten Nebenwirkungen von Morphin sind Verstopfung, \u00dcbelkeit und M\u00fcdigkeit. Eine Morphinsucht ist denkbar, aber ungew\u00f6hnlich, wenn Sie es zur Schmerzlinderung einnehmen und Ihr Arzt Ihre Medikation h\u00e4ufig \u00fcberpr\u00fcft.<\/p>\n<p>Morphin kann von Kindern und Erwachsenen jeden Alters eingenommen werden. Bei Babys, Kleinkindern und \u00e4lteren Menschen treten jedoch h\u00e4ufiger Nebenwirkungen auf. Informieren Sie Ihren Arzt, bevor Sie mit der Einnahme des Arzneimittels beginnen, wenn Sie:<\/p>\n<ul>\n<li>jemals eine allergische Reaktion auf Morphin oder ein anderes Arzneimittel hatten<\/li>\n<li>Atembeschwerden oder Lungenprobleme haben<\/li>\n<li>Alkoholabh\u00e4ngigkeit haben<\/li>\n<li>Einen Zustand haben, der Anf\u00e4lle oder Krampfanf\u00e4lle verursacht<\/li>\n<li>Eine Kopfverletzung haben<\/li>\n<li>Einen niedrigen Schilddr\u00fcsenwert haben<\/li>\n<li>Nebennierenprobleme haben<\/li>\n<li>Nieren- oder Leberprobleme haben<\/li>\n<li>eine vergr\u00f6\u00dferte Prostata haben<\/li>\n<li>niedrigen Blutdruck haben<\/li>\n<\/ul>\n<h3>Hier k\u00f6nnen Sie Morphinsulfat bestellen, eines der besten, um sich frei zu machen.<\/h3>\n<p>Wir legen Wert auf hervorragende Produkte und achten darauf, dass unsere Medikamente preiswert sind. Wenn Sie im Medications and Chem Store einkaufen, ist Ihre Privatsph\u00e4re immer gesch\u00fctzt. Sie k\u00f6nnen Morphinsulfat ganz einfach online in unserem Online-Shop kaufen.<\/p>\n","protected":false},"excerpt":{"rendered":"<p>Morphin wird verwendet, um starke Schmerzen zu lindern. Es geh\u00f6rt zu einer Klasse von Medikamenten, die als Opioid-Analgetika bekannt sind. Es wirkt im Gehirn, um zu ver\u00e4ndern, wie sich Ihr K\u00f6rper anf\u00fchlt und auf Schmerzen reagiert.<\/p>\n","protected":false},"featured_media":1727,"comment_status":"open","ping_status":"closed","template":"","meta":{"inline_featured_image":false},"product_brand":[],"product_cat":[347],"product_tag":[],"class_list":{"0":"post-1718","1":"product","2":"type-product","3":"status-publish","4":"has-post-thumbnail","6":"product_cat-opioid-schmerzmittel","7":"pa_milliliters-100-ml","8":"pa_milliliters-250-ml","9":"pa_milliliters-50-ml","10":"pa_milliliters-500-ml","12":"first","13":"instock","14":"featured","15":"shipping-taxable","16":"purchasable","17":"product-type-variable","18":"has-default-attributes"},"yoast_head":"<!-- This site is optimized with the Yoast SEO Premium plugin v20.6 (Yoast SEO v27.4) - https:\/\/yoast.com\/product\/yoast-seo-premium-wordpress\/ -->\n<title>Kaufen Sie Morphinsulfat online | Morphin zu verkaufen | Morphin bestellen<\/title>\n<meta name=\"description\" content=\"Kaufen Sie Morphinsulfat online Fl\u00e4schchen 50 mg\/ml 20 ml von Good Dealers Meds zum besten Preis. Es wird verwendet, um mittelschwere bis starke Schmerzen zu lindern.\" \/>\n<meta name=\"robots\" content=\"index, follow, max-snippet:-1, max-image-preview:large, max-video-preview:-1\" \/>\n<link rel=\"canonical\" href=\"https:\/\/gooddealersmeds.com\/de\/product\/morphinsulfat-online-kaufen\/\" \/>\n<meta property=\"og:locale\" content=\"en_US\" \/>\n<meta property=\"og:type\" content=\"article\" \/>\n<meta property=\"og:title\" content=\"Kaufen Sie Morphinsulfat online\" \/>\n<meta property=\"og:description\" content=\"Kaufen Sie Morphinsulfat online Fl\u00e4schchen 50 mg\/ml 20 ml von Good Dealers Meds zum besten Preis. Es wird verwendet, um mittelschwere bis starke Schmerzen zu lindern.\" \/>\n<meta property=\"og:url\" content=\"https:\/\/gooddealersmeds.com\/de\/product\/morphinsulfat-online-kaufen\/\" \/>\n<meta property=\"og:site_name\" content=\"Good Dealers Meds\" \/>\n<meta property=\"article:modified_time\" content=\"2022-12-26T14:22:09+00:00\" \/>\n<meta property=\"og:image\" content=\"https:\/\/gooddealersmeds.com\/de\/wp-content\/uploads\/sites\/3\/2022\/03\/Morphine.jpeg\" \/>\n\t<meta property=\"og:image:width\" content=\"800\" \/>\n\t<meta property=\"og:image:height\" content=\"800\" \/>\n\t<meta property=\"og:image:type\" content=\"image\/jpeg\" \/>\n<meta name=\"twitter:card\" content=\"summary_large_image\" \/>\n<meta name=\"twitter:label1\" content=\"Est. reading time\" \/>\n\t<meta name=\"twitter:data1\" content=\"2 minutes\" \/>\n<script type=\"application\/ld+json\" class=\"yoast-schema-graph\">{\"@context\":\"https:\\\/\\\/schema.org\",\"@graph\":[{\"@type\":\"WebPage\",\"@id\":\"https:\\\/\\\/gooddealersmeds.com\\\/de\\\/product\\\/morphinsulfat-online-kaufen\\\/\",\"url\":\"https:\\\/\\\/gooddealersmeds.com\\\/de\\\/product\\\/morphinsulfat-online-kaufen\\\/\",\"name\":\"Kaufen Sie Morphinsulfat online | Morphin zu verkaufen | Morphin bestellen\",\"isPartOf\":{\"@id\":\"https:\\\/\\\/gooddealersmeds.com\\\/de\\\/#website\"},\"primaryImageOfPage\":{\"@id\":\"https:\\\/\\\/gooddealersmeds.com\\\/de\\\/product\\\/morphinsulfat-online-kaufen\\\/#primaryimage\"},\"image\":{\"@id\":\"https:\\\/\\\/gooddealersmeds.com\\\/de\\\/product\\\/morphinsulfat-online-kaufen\\\/#primaryimage\"},\"thumbnailUrl\":\"https:\\\/\\\/gooddealersmeds.com\\\/de\\\/wp-content\\\/uploads\\\/sites\\\/3\\\/2022\\\/03\\\/Morphine.jpeg\",\"datePublished\":\"2022-03-19T01:50:33+00:00\",\"dateModified\":\"2022-12-26T14:22:09+00:00\",\"description\":\"Kaufen Sie Morphinsulfat online Fl\u00e4schchen 50 mg\\\/ml 20 ml von Good Dealers Meds zum besten Preis. Es wird verwendet, um mittelschwere bis starke Schmerzen zu lindern.\",\"breadcrumb\":{\"@id\":\"https:\\\/\\\/gooddealersmeds.com\\\/de\\\/product\\\/morphinsulfat-online-kaufen\\\/#breadcrumb\"},\"inLanguage\":\"en-US\",\"potentialAction\":[{\"@type\":\"ReadAction\",\"target\":[\"https:\\\/\\\/gooddealersmeds.com\\\/de\\\/product\\\/morphinsulfat-online-kaufen\\\/\"]}]},{\"@type\":\"ImageObject\",\"inLanguage\":\"en-US\",\"@id\":\"https:\\\/\\\/gooddealersmeds.com\\\/de\\\/product\\\/morphinsulfat-online-kaufen\\\/#primaryimage\",\"url\":\"https:\\\/\\\/gooddealersmeds.com\\\/de\\\/wp-content\\\/uploads\\\/sites\\\/3\\\/2022\\\/03\\\/Morphine.jpeg\",\"contentUrl\":\"https:\\\/\\\/gooddealersmeds.com\\\/de\\\/wp-content\\\/uploads\\\/sites\\\/3\\\/2022\\\/03\\\/Morphine.jpeg\",\"width\":800,\"height\":800,\"caption\":\"Buy Morphine Sulfate Online\"},{\"@type\":\"BreadcrumbList\",\"@id\":\"https:\\\/\\\/gooddealersmeds.com\\\/de\\\/product\\\/morphinsulfat-online-kaufen\\\/#breadcrumb\",\"itemListElement\":[{\"@type\":\"ListItem\",\"position\":1,\"name\":\"Home\",\"item\":\"https:\\\/\\\/gooddealersmeds.com\\\/de\\\/\"},{\"@type\":\"ListItem\",\"position\":2,\"name\":\"Produkte\",\"item\":\"https:\\\/\\\/gooddealersmeds.com\\\/de\\\/produkte\\\/\"},{\"@type\":\"ListItem\",\"position\":3,\"name\":\"Kaufen Sie Morphinsulfat online\"}]},{\"@type\":\"WebSite\",\"@id\":\"https:\\\/\\\/gooddealersmeds.com\\\/de\\\/#website\",\"url\":\"https:\\\/\\\/gooddealersmeds.com\\\/de\\\/\",\"name\":\"Good Dealers Meds\",\"description\":\"All our best\",\"publisher\":{\"@id\":\"https:\\\/\\\/gooddealersmeds.com\\\/de\\\/#organization\"},\"potentialAction\":[{\"@type\":\"SearchAction\",\"target\":{\"@type\":\"EntryPoint\",\"urlTemplate\":\"https:\\\/\\\/gooddealersmeds.com\\\/de\\\/?s={search_term_string}\"},\"query-input\":{\"@type\":\"PropertyValueSpecification\",\"valueRequired\":true,\"valueName\":\"search_term_string\"}}],\"inLanguage\":\"en-US\"},{\"@type\":\"Organization\",\"@id\":\"https:\\\/\\\/gooddealersmeds.com\\\/de\\\/#organization\",\"name\":\"Good Dealers Meds\",\"url\":\"https:\\\/\\\/gooddealersmeds.com\\\/de\\\/\",\"logo\":{\"@type\":\"ImageObject\",\"inLanguage\":\"en-US\",\"@id\":\"https:\\\/\\\/gooddealersmeds.com\\\/de\\\/#\\\/schema\\\/logo\\\/image\\\/\",\"url\":\"https:\\\/\\\/gooddealersmeds.com\\\/de\\\/wp-content\\\/uploads\\\/sites\\\/3\\\/2022\\\/03\\\/gooddealersmeds__logo__20220317T222800Z.00.png\",\"contentUrl\":\"https:\\\/\\\/gooddealersmeds.com\\\/de\\\/wp-content\\\/uploads\\\/sites\\\/3\\\/2022\\\/03\\\/gooddealersmeds__logo__20220317T222800Z.00.png\",\"width\":500,\"height\":325,\"caption\":\"Good Dealers Meds\"},\"image\":{\"@id\":\"https:\\\/\\\/gooddealersmeds.com\\\/de\\\/#\\\/schema\\\/logo\\\/image\\\/\"}}]}<\/script>\n<!-- \/ Yoast SEO Premium plugin. -->","yoast_head_json":{"title":"Kaufen Sie Morphinsulfat online | Morphin zu verkaufen | Morphin bestellen","description":"Kaufen Sie Morphinsulfat online Fl\u00e4schchen 50 mg\/ml 20 ml von Good Dealers Meds zum besten Preis. Es wird verwendet, um mittelschwere bis starke Schmerzen zu lindern.","robots":{"index":"index","follow":"follow","max-snippet":"max-snippet:-1","max-image-preview":"max-image-preview:large","max-video-preview":"max-video-preview:-1"},"canonical":"https:\/\/gooddealersmeds.com\/de\/product\/morphinsulfat-online-kaufen\/","og_locale":"en_US","og_type":"article","og_title":"Kaufen Sie Morphinsulfat online","og_description":"Kaufen Sie Morphinsulfat online Fl\u00e4schchen 50 mg\/ml 20 ml von Good Dealers Meds zum besten Preis. Es wird verwendet, um mittelschwere bis starke Schmerzen zu lindern.","og_url":"https:\/\/gooddealersmeds.com\/de\/product\/morphinsulfat-online-kaufen\/","og_site_name":"Good Dealers Meds","article_modified_time":"2022-12-26T14:22:09+00:00","og_image":[{"width":800,"height":800,"url":"https:\/\/gooddealersmeds.com\/de\/wp-content\/uploads\/sites\/3\/2022\/03\/Morphine.jpeg","type":"image\/jpeg"}],"twitter_card":"summary_large_image","twitter_misc":{"Est. reading time":"2 minutes"},"schema":{"@context":"https:\/\/schema.org","@graph":[{"@type":"WebPage","@id":"https:\/\/gooddealersmeds.com\/de\/product\/morphinsulfat-online-kaufen\/","url":"https:\/\/gooddealersmeds.com\/de\/product\/morphinsulfat-online-kaufen\/","name":"Kaufen Sie Morphinsulfat online | Morphin zu verkaufen | Morphin bestellen","isPartOf":{"@id":"https:\/\/gooddealersmeds.com\/de\/#website"},"primaryImageOfPage":{"@id":"https:\/\/gooddealersmeds.com\/de\/product\/morphinsulfat-online-kaufen\/#primaryimage"},"image":{"@id":"https:\/\/gooddealersmeds.com\/de\/product\/morphinsulfat-online-kaufen\/#primaryimage"},"thumbnailUrl":"https:\/\/gooddealersmeds.com\/de\/wp-content\/uploads\/sites\/3\/2022\/03\/Morphine.jpeg","datePublished":"2022-03-19T01:50:33+00:00","dateModified":"2022-12-26T14:22:09+00:00","description":"Kaufen Sie Morphinsulfat online Fl\u00e4schchen 50 mg\/ml 20 ml von Good Dealers Meds zum besten Preis. Es wird verwendet, um mittelschwere bis starke Schmerzen zu lindern.","breadcrumb":{"@id":"https:\/\/gooddealersmeds.com\/de\/product\/morphinsulfat-online-kaufen\/#breadcrumb"},"inLanguage":"en-US","potentialAction":[{"@type":"ReadAction","target":["https:\/\/gooddealersmeds.com\/de\/product\/morphinsulfat-online-kaufen\/"]}]},{"@type":"ImageObject","inLanguage":"en-US","@id":"https:\/\/gooddealersmeds.com\/de\/product\/morphinsulfat-online-kaufen\/#primaryimage","url":"https:\/\/gooddealersmeds.com\/de\/wp-content\/uploads\/sites\/3\/2022\/03\/Morphine.jpeg","contentUrl":"https:\/\/gooddealersmeds.com\/de\/wp-content\/uploads\/sites\/3\/2022\/03\/Morphine.jpeg","width":800,"height":800,"caption":"Buy Morphine Sulfate Online"},{"@type":"BreadcrumbList","@id":"https:\/\/gooddealersmeds.com\/de\/product\/morphinsulfat-online-kaufen\/#breadcrumb","itemListElement":[{"@type":"ListItem","position":1,"name":"Home","item":"https:\/\/gooddealersmeds.com\/de\/"},{"@type":"ListItem","position":2,"name":"Produkte","item":"https:\/\/gooddealersmeds.com\/de\/produkte\/"},{"@type":"ListItem","position":3,"name":"Kaufen Sie Morphinsulfat online"}]},{"@type":"WebSite","@id":"https:\/\/gooddealersmeds.com\/de\/#website","url":"https:\/\/gooddealersmeds.com\/de\/","name":"Good Dealers Meds","description":"All our best","publisher":{"@id":"https:\/\/gooddealersmeds.com\/de\/#organization"},"potentialAction":[{"@type":"SearchAction","target":{"@type":"EntryPoint","urlTemplate":"https:\/\/gooddealersmeds.com\/de\/?s={search_term_string}"},"query-input":{"@type":"PropertyValueSpecification","valueRequired":true,"valueName":"search_term_string"}}],"inLanguage":"en-US"},{"@type":"Organization","@id":"https:\/\/gooddealersmeds.com\/de\/#organization","name":"Good Dealers Meds","url":"https:\/\/gooddealersmeds.com\/de\/","logo":{"@type":"ImageObject","inLanguage":"en-US","@id":"https:\/\/gooddealersmeds.com\/de\/#\/schema\/logo\/image\/","url":"https:\/\/gooddealersmeds.com\/de\/wp-content\/uploads\/sites\/3\/2022\/03\/gooddealersmeds__logo__20220317T222800Z.00.png","contentUrl":"https:\/\/gooddealersmeds.com\/de\/wp-content\/uploads\/sites\/3\/2022\/03\/gooddealersmeds__logo__20220317T222800Z.00.png","width":500,"height":325,"caption":"Good Dealers Meds"},"image":{"@id":"https:\/\/gooddealersmeds.com\/de\/#\/schema\/logo\/image\/"}}]}},"_links":{"self":[{"href":"https:\/\/gooddealersmeds.com\/de\/wp-json\/wp\/v2\/product\/1718","targetHints":{"allow":["GET"]}}],"collection":[{"href":"https:\/\/gooddealersmeds.com\/de\/wp-json\/wp\/v2\/product"}],"about":[{"href":"https:\/\/gooddealersmeds.com\/de\/wp-json\/wp\/v2\/types\/product"}],"replies":[{"embeddable":true,"href":"https:\/\/gooddealersmeds.com\/de\/wp-json\/wp\/v2\/comments?post=1718"}],"wp:featuredmedia":[{"embeddable":true,"href":"https:\/\/gooddealersmeds.com\/de\/wp-json\/wp\/v2\/media\/1727"}],"wp:attachment":[{"href":"https:\/\/gooddealersmeds.com\/de\/wp-json\/wp\/v2\/media?parent=1718"}],"wp:term":[{"taxonomy":"product_brand","embeddable":true,"href":"https:\/\/gooddealersmeds.com\/de\/wp-json\/wp\/v2\/product_brand?post=1718"},{"taxonomy":"product_cat","embeddable":true,"href":"https:\/\/gooddealersmeds.com\/de\/wp-json\/wp\/v2\/product_cat?post=1718"},{"taxonomy":"product_tag","embeddable":true,"href":"https:\/\/gooddealersmeds.com\/de\/wp-json\/wp\/v2\/product_tag?post=1718"}],"curies":[{"name":"wp","href":"https:\/\/api.w.org\/{rel}","templated":true}]}}