{"id":1715,"date":"2022-03-19T01:50:06","date_gmt":"2022-03-19T01:50:06","guid":{"rendered":"https:\/\/gooddealersmeds.com\/de\/?post_type=product&#038;p=1715"},"modified":"2022-12-26T14:24:45","modified_gmt":"2022-12-26T14:24:45","slug":"kaufen-fentanyl-injektionen-online","status":"publish","type":"product","link":"https:\/\/gooddealersmeds.com\/de\/product\/kaufen-fentanyl-injektionen-online\/","title":{"rendered":"Kaufen Sie Fentanyl-Injektionen online"},"content":{"rendered":"<h2>Holen Sie sich die Fentanyl-Injektion online, indem Sie auf unserer Website bestellen.<\/h2>\n<p>Fentanyl-Injektionen werden verwendet, um extreme Schmerzen w\u00e4hrend und nach Operationen zu behandeln. Es kann auch direkt vor oder w\u00e4hrend der Operation zusammen mit anderen Medikamenten eingenommen werden, um die Wirksamkeit des An\u00e4sthetikums (eines Bet\u00e4ubungsmittels) zu verst\u00e4rken. Kaufen Sie Fentanyl-Injektion online<\/p>\n<p>&nbsp;<\/p>\n<p>Fentanyl ist ein Mitglied der Klasse von Medikamenten, die als narkotische Analgetika (Schmerzmittel) bekannt sind. Fentanyl ist ein starkes Opioid-Analgetikum. Es lindert Schmerzen, indem es auf das Gehirn oder das zentrale Nervensystem (ZNS) einwirkt. Das ZNS ist auch f\u00fcr mehrere seiner Nebenwirkungen verantwortlich, darunter Schl\u00e4frigkeit und Schwindel. Fentanyl-Injektion zum Verkauf &#8211; Die Vorteile von Fentanyl-Injektion m\u00fcssen gegen die Gefahren bewertet werden, wenn entschieden wird, ob es verwendet werden soll. Dar\u00fcber entscheiden Sie und Ihr Arzt.<\/p>\n<p>Fentanyl kann zur Behandlung starker Schmerzen eingesetzt werden. Es wird verabreicht, wenn andere Schmerzmittel unwirksam oder unvertr\u00e4glich sind. Es wirkt, indem es die Schmerzempfindung des Gehirns behindert. Es geh\u00f6rt zur Klasse der Opioide.<\/p>\n<p><strong>Was ist eine Fentanyl-Injektion und wie wird sie angewendet?<\/strong><\/p>\n<p>Dieses Medikament kann auch f\u00fcr andere Zwecke verwendet werden. Nehmen Sie niemals mehr Arzneimittel als empfohlen ein. Wenn Sie Schwierigkeiten beim Atmen haben oder sich ungew\u00f6hnlich schwach oder schl\u00e4frig f\u00fchlen, rufen Sie sofort den Notarzt an. Fentanyl-Injektionen k\u00f6nnen schlecht f\u00fcr Sie sein, wenn Sie jemals allergische Reaktionen auf Fentanyl oder andere Arzneimittel hatten oder wenn Sie Atemprobleme wie Asthma oder eine bereits bestehende Lungenerkrankung haben. Sie sollten Fentanyl vermeiden, wenn Sie versuchen, schwanger zu werden, schwanger sind oder stillen. Es wurde mit mehreren Problemen f\u00fcr Ihr Baby in den fr\u00fchen Stadien der Schwangerschaft in Verbindung gebracht. Wenn Sie gegen Ende der Schwangerschaft Fentanyl anwenden, besteht die M\u00f6glichkeit, dass Ihr ungeborenes Kind eine Fentanyl-Abh\u00e4ngigkeit entwickelt oder Entzugserscheinungen zeigt. Es ist jedoch wichtig, schwangerschaftsbedingte Schmerzen zu behandeln. Fentanyl kann die beste L\u00f6sung f\u00fcr bestimmte schwangere Frauen sein, die starke Beschwerden haben. Die beste Person, die Sie dabei unterst\u00fctzt, die beste Wahl f\u00fcr Sie und Ihr ungeborenes Kind zu treffen, ist Ihr Arzt.<\/p>\n<h3>Fentanyl-Injektion zum Verkauf bei Good Dealers Meds<\/h3>\n<p>Auch wenn Sie glauben, dass die empfohlene Dosierung nicht ausreicht, um Ihr ungeborenes Kind zu behandeln Schmerzen, <a href=\"https:\/\/gooddealersmeds.com\/de\/product\/buy-fentanyl-injections-online\/\">Fentanyl-Injektion online bestellen<\/a>, es ist wichtig, die Anweisungen genau zu befolgen. Wenn Sie glauben, dass Sie eine andere Dosis ben\u00f6tigen, wenden Sie sich zuerst an Ihren Arzt. Zu viel Fentanyl kann gef\u00e4hrlich sein. Die Menge, die eine \u00dcberdosierung verursachen kann, ist von Person zu Person unterschiedlich. Genau wie andere Opioide k\u00f6nnen Fentanyl-Injektionen s\u00fcchtig machen, wenn nicht aufgepasst wird. Fentanyl-Injektion online kaufen<\/p>\n","protected":false},"excerpt":{"rendered":"<p>Fentanylcitrat-Injektion, USP ist eine sterile, pyrogenfreie, konservierungsmittelfreie w\u00e4ssrige L\u00f6sung zur intraven\u00f6sen oder<br \/>\nintramuskul\u00e4ren Injektion<\/p>\n","protected":false},"featured_media":1725,"comment_status":"open","ping_status":"closed","template":"","meta":{"inline_featured_image":false},"product_brand":[],"product_cat":[347],"product_tag":[107,285,284,294,97,289,105,287,291,295,288,296,293,109,108,110,292,104,106,286,290],"class_list":{"0":"post-1715","1":"product","2":"type-product","3":"status-publish","4":"has-post-thumbnail","6":"product_cat-opioid-schmerzmittel","7":"product_tag-buy","8":"product_tag-buy-fentanyl-injections","9":"product_tag-buy-fentanyl-injections-online-buy-injections","10":"product_tag-buy-fentanyl-injections-online-usa","11":"product_tag-buy-fentanyl-online","12":"product_tag-buy-injections-online","13":"product_tag-canada","14":"product_tag-fentanyl-injektionen-zum-verkauf","15":"product_tag-fentanyl-injektionen-zum-verkauf-in-den-usa","16":"product_tag-how-to-order-fentanyl-injections","17":"product_tag-injektionen-zum-verkauf","18":"product_tag-is-fentanyl-injections-legal-in-canada","19":"product_tag-is-fentanyl-injections-legal-in-usa","20":"product_tag-lieferanten","21":"product_tag-online","22":"product_tag-safe-delivery","23":"product_tag-sie-knnen-noch-fentanyl-injektionen-bekommen","24":"product_tag-vereinigte-staaten-von-amerika","25":"product_tag-vereinigtes-knigreich","26":"product_tag-bezugsquellen-fr-fentanyl-injektionen","27":"product_tag-wo-man-fentanyl-injektionen-online-kaufen-kann","28":"pa_milliliters-100-ml","29":"pa_milliliters-250-ml","30":"pa_milliliters-50-ml","31":"pa_milliliters-500-ml","33":"first","34":"instock","35":"featured","36":"shipping-taxable","37":"purchasable","38":"product-type-variable","39":"has-default-attributes"},"yoast_head":"<!-- This site is optimized with the Yoast SEO Premium plugin v20.6 (Yoast SEO v27.4) - https:\/\/yoast.com\/product\/yoast-seo-premium-wordpress\/ -->\n<title>Fentanyl-Injektion online kaufen - Fentanyl bestellen | Good Dealers Meds<\/title>\n<meta name=\"description\" content=\"Fentanyl-Injektion online kaufen, USP ist eine sterile, pyrogenfreie, konservierungsmittelfreie w\u00e4ssrige L\u00f6sung zur intraven\u00f6sen oder intramuskul\u00e4ren Injektion\" \/>\n<meta name=\"robots\" content=\"index, follow, max-snippet:-1, max-image-preview:large, max-video-preview:-1\" \/>\n<link rel=\"canonical\" href=\"https:\/\/gooddealersmeds.com\/de\/product\/kaufen-fentanyl-injektionen-online\/\" \/>\n<meta property=\"og:locale\" content=\"en_US\" \/>\n<meta property=\"og:type\" content=\"article\" \/>\n<meta property=\"og:title\" content=\"Kaufen Sie Fentanyl-Injektionen online\" \/>\n<meta property=\"og:description\" content=\"Fentanyl-Injektion online kaufen, USP ist eine sterile, pyrogenfreie, konservierungsmittelfreie w\u00e4ssrige L\u00f6sung zur intraven\u00f6sen oder intramuskul\u00e4ren Injektion\" \/>\n<meta property=\"og:url\" content=\"https:\/\/gooddealersmeds.com\/de\/product\/kaufen-fentanyl-injektionen-online\/\" \/>\n<meta property=\"og:site_name\" content=\"Good Dealers Meds\" \/>\n<meta property=\"article:modified_time\" content=\"2022-12-26T14:24:45+00:00\" \/>\n<meta property=\"og:image\" content=\"https:\/\/gooddealersmeds.com\/de\/wp-content\/uploads\/sites\/3\/2022\/03\/buy-fentanyl-injections-online.jpg\" \/>\n\t<meta property=\"og:image:width\" content=\"600\" \/>\n\t<meta property=\"og:image:height\" content=\"600\" \/>\n\t<meta property=\"og:image:type\" content=\"image\/jpeg\" \/>\n<meta name=\"twitter:card\" content=\"summary_large_image\" \/>\n<meta name=\"twitter:label1\" content=\"Est. reading time\" \/>\n\t<meta name=\"twitter:data1\" content=\"2 minutes\" \/>\n<script type=\"application\/ld+json\" class=\"yoast-schema-graph\">{\"@context\":\"https:\\\/\\\/schema.org\",\"@graph\":[{\"@type\":\"WebPage\",\"@id\":\"https:\\\/\\\/gooddealersmeds.com\\\/de\\\/product\\\/kaufen-fentanyl-injektionen-online\\\/\",\"url\":\"https:\\\/\\\/gooddealersmeds.com\\\/de\\\/product\\\/kaufen-fentanyl-injektionen-online\\\/\",\"name\":\"Fentanyl-Injektion online kaufen - Fentanyl bestellen | Good Dealers Meds\",\"isPartOf\":{\"@id\":\"https:\\\/\\\/gooddealersmeds.com\\\/de\\\/#website\"},\"primaryImageOfPage\":{\"@id\":\"https:\\\/\\\/gooddealersmeds.com\\\/de\\\/product\\\/kaufen-fentanyl-injektionen-online\\\/#primaryimage\"},\"image\":{\"@id\":\"https:\\\/\\\/gooddealersmeds.com\\\/de\\\/product\\\/kaufen-fentanyl-injektionen-online\\\/#primaryimage\"},\"thumbnailUrl\":\"https:\\\/\\\/gooddealersmeds.com\\\/de\\\/wp-content\\\/uploads\\\/sites\\\/3\\\/2022\\\/03\\\/buy-fentanyl-injections-online.jpg\",\"datePublished\":\"2022-03-19T01:50:06+00:00\",\"dateModified\":\"2022-12-26T14:24:45+00:00\",\"description\":\"Fentanyl-Injektion online kaufen, USP ist eine sterile, pyrogenfreie, konservierungsmittelfreie w\u00e4ssrige L\u00f6sung zur intraven\u00f6sen oder intramuskul\u00e4ren Injektion\",\"breadcrumb\":{\"@id\":\"https:\\\/\\\/gooddealersmeds.com\\\/de\\\/product\\\/kaufen-fentanyl-injektionen-online\\\/#breadcrumb\"},\"inLanguage\":\"en-US\",\"potentialAction\":[{\"@type\":\"ReadAction\",\"target\":[\"https:\\\/\\\/gooddealersmeds.com\\\/de\\\/product\\\/kaufen-fentanyl-injektionen-online\\\/\"]}]},{\"@type\":\"ImageObject\",\"inLanguage\":\"en-US\",\"@id\":\"https:\\\/\\\/gooddealersmeds.com\\\/de\\\/product\\\/kaufen-fentanyl-injektionen-online\\\/#primaryimage\",\"url\":\"https:\\\/\\\/gooddealersmeds.com\\\/de\\\/wp-content\\\/uploads\\\/sites\\\/3\\\/2022\\\/03\\\/buy-fentanyl-injections-online.jpg\",\"contentUrl\":\"https:\\\/\\\/gooddealersmeds.com\\\/de\\\/wp-content\\\/uploads\\\/sites\\\/3\\\/2022\\\/03\\\/buy-fentanyl-injections-online.jpg\",\"width\":600,\"height\":600,\"caption\":\"Buy fentanyl Injections Online\"},{\"@type\":\"BreadcrumbList\",\"@id\":\"https:\\\/\\\/gooddealersmeds.com\\\/de\\\/product\\\/kaufen-fentanyl-injektionen-online\\\/#breadcrumb\",\"itemListElement\":[{\"@type\":\"ListItem\",\"position\":1,\"name\":\"Home\",\"item\":\"https:\\\/\\\/gooddealersmeds.com\\\/de\\\/\"},{\"@type\":\"ListItem\",\"position\":2,\"name\":\"Produkte\",\"item\":\"https:\\\/\\\/gooddealersmeds.com\\\/de\\\/produkte\\\/\"},{\"@type\":\"ListItem\",\"position\":3,\"name\":\"Kaufen Sie Fentanyl-Injektionen online\"}]},{\"@type\":\"WebSite\",\"@id\":\"https:\\\/\\\/gooddealersmeds.com\\\/de\\\/#website\",\"url\":\"https:\\\/\\\/gooddealersmeds.com\\\/de\\\/\",\"name\":\"Good Dealers Meds\",\"description\":\"All our best\",\"publisher\":{\"@id\":\"https:\\\/\\\/gooddealersmeds.com\\\/de\\\/#organization\"},\"potentialAction\":[{\"@type\":\"SearchAction\",\"target\":{\"@type\":\"EntryPoint\",\"urlTemplate\":\"https:\\\/\\\/gooddealersmeds.com\\\/de\\\/?s={search_term_string}\"},\"query-input\":{\"@type\":\"PropertyValueSpecification\",\"valueRequired\":true,\"valueName\":\"search_term_string\"}}],\"inLanguage\":\"en-US\"},{\"@type\":\"Organization\",\"@id\":\"https:\\\/\\\/gooddealersmeds.com\\\/de\\\/#organization\",\"name\":\"Good Dealers Meds\",\"url\":\"https:\\\/\\\/gooddealersmeds.com\\\/de\\\/\",\"logo\":{\"@type\":\"ImageObject\",\"inLanguage\":\"en-US\",\"@id\":\"https:\\\/\\\/gooddealersmeds.com\\\/de\\\/#\\\/schema\\\/logo\\\/image\\\/\",\"url\":\"https:\\\/\\\/gooddealersmeds.com\\\/de\\\/wp-content\\\/uploads\\\/sites\\\/3\\\/2022\\\/03\\\/gooddealersmeds__logo__20220317T222800Z.00.png\",\"contentUrl\":\"https:\\\/\\\/gooddealersmeds.com\\\/de\\\/wp-content\\\/uploads\\\/sites\\\/3\\\/2022\\\/03\\\/gooddealersmeds__logo__20220317T222800Z.00.png\",\"width\":500,\"height\":325,\"caption\":\"Good Dealers Meds\"},\"image\":{\"@id\":\"https:\\\/\\\/gooddealersmeds.com\\\/de\\\/#\\\/schema\\\/logo\\\/image\\\/\"}}]}<\/script>\n<!-- \/ Yoast SEO Premium plugin. -->","yoast_head_json":{"title":"Fentanyl-Injektion online kaufen - Fentanyl bestellen | Good Dealers Meds","description":"Fentanyl-Injektion online kaufen, USP ist eine sterile, pyrogenfreie, konservierungsmittelfreie w\u00e4ssrige L\u00f6sung zur intraven\u00f6sen oder intramuskul\u00e4ren Injektion","robots":{"index":"index","follow":"follow","max-snippet":"max-snippet:-1","max-image-preview":"max-image-preview:large","max-video-preview":"max-video-preview:-1"},"canonical":"https:\/\/gooddealersmeds.com\/de\/product\/kaufen-fentanyl-injektionen-online\/","og_locale":"en_US","og_type":"article","og_title":"Kaufen Sie Fentanyl-Injektionen online","og_description":"Fentanyl-Injektion online kaufen, USP ist eine sterile, pyrogenfreie, konservierungsmittelfreie w\u00e4ssrige L\u00f6sung zur intraven\u00f6sen oder intramuskul\u00e4ren Injektion","og_url":"https:\/\/gooddealersmeds.com\/de\/product\/kaufen-fentanyl-injektionen-online\/","og_site_name":"Good Dealers Meds","article_modified_time":"2022-12-26T14:24:45+00:00","og_image":[{"width":600,"height":600,"url":"https:\/\/gooddealersmeds.com\/de\/wp-content\/uploads\/sites\/3\/2022\/03\/buy-fentanyl-injections-online.jpg","type":"image\/jpeg"}],"twitter_card":"summary_large_image","twitter_misc":{"Est. reading time":"2 minutes"},"schema":{"@context":"https:\/\/schema.org","@graph":[{"@type":"WebPage","@id":"https:\/\/gooddealersmeds.com\/de\/product\/kaufen-fentanyl-injektionen-online\/","url":"https:\/\/gooddealersmeds.com\/de\/product\/kaufen-fentanyl-injektionen-online\/","name":"Fentanyl-Injektion online kaufen - Fentanyl bestellen | Good Dealers Meds","isPartOf":{"@id":"https:\/\/gooddealersmeds.com\/de\/#website"},"primaryImageOfPage":{"@id":"https:\/\/gooddealersmeds.com\/de\/product\/kaufen-fentanyl-injektionen-online\/#primaryimage"},"image":{"@id":"https:\/\/gooddealersmeds.com\/de\/product\/kaufen-fentanyl-injektionen-online\/#primaryimage"},"thumbnailUrl":"https:\/\/gooddealersmeds.com\/de\/wp-content\/uploads\/sites\/3\/2022\/03\/buy-fentanyl-injections-online.jpg","datePublished":"2022-03-19T01:50:06+00:00","dateModified":"2022-12-26T14:24:45+00:00","description":"Fentanyl-Injektion online kaufen, USP ist eine sterile, pyrogenfreie, konservierungsmittelfreie w\u00e4ssrige L\u00f6sung zur intraven\u00f6sen oder intramuskul\u00e4ren Injektion","breadcrumb":{"@id":"https:\/\/gooddealersmeds.com\/de\/product\/kaufen-fentanyl-injektionen-online\/#breadcrumb"},"inLanguage":"en-US","potentialAction":[{"@type":"ReadAction","target":["https:\/\/gooddealersmeds.com\/de\/product\/kaufen-fentanyl-injektionen-online\/"]}]},{"@type":"ImageObject","inLanguage":"en-US","@id":"https:\/\/gooddealersmeds.com\/de\/product\/kaufen-fentanyl-injektionen-online\/#primaryimage","url":"https:\/\/gooddealersmeds.com\/de\/wp-content\/uploads\/sites\/3\/2022\/03\/buy-fentanyl-injections-online.jpg","contentUrl":"https:\/\/gooddealersmeds.com\/de\/wp-content\/uploads\/sites\/3\/2022\/03\/buy-fentanyl-injections-online.jpg","width":600,"height":600,"caption":"Buy fentanyl Injections Online"},{"@type":"BreadcrumbList","@id":"https:\/\/gooddealersmeds.com\/de\/product\/kaufen-fentanyl-injektionen-online\/#breadcrumb","itemListElement":[{"@type":"ListItem","position":1,"name":"Home","item":"https:\/\/gooddealersmeds.com\/de\/"},{"@type":"ListItem","position":2,"name":"Produkte","item":"https:\/\/gooddealersmeds.com\/de\/produkte\/"},{"@type":"ListItem","position":3,"name":"Kaufen Sie Fentanyl-Injektionen online"}]},{"@type":"WebSite","@id":"https:\/\/gooddealersmeds.com\/de\/#website","url":"https:\/\/gooddealersmeds.com\/de\/","name":"Good Dealers Meds","description":"All our best","publisher":{"@id":"https:\/\/gooddealersmeds.com\/de\/#organization"},"potentialAction":[{"@type":"SearchAction","target":{"@type":"EntryPoint","urlTemplate":"https:\/\/gooddealersmeds.com\/de\/?s={search_term_string}"},"query-input":{"@type":"PropertyValueSpecification","valueRequired":true,"valueName":"search_term_string"}}],"inLanguage":"en-US"},{"@type":"Organization","@id":"https:\/\/gooddealersmeds.com\/de\/#organization","name":"Good Dealers Meds","url":"https:\/\/gooddealersmeds.com\/de\/","logo":{"@type":"ImageObject","inLanguage":"en-US","@id":"https:\/\/gooddealersmeds.com\/de\/#\/schema\/logo\/image\/","url":"https:\/\/gooddealersmeds.com\/de\/wp-content\/uploads\/sites\/3\/2022\/03\/gooddealersmeds__logo__20220317T222800Z.00.png","contentUrl":"https:\/\/gooddealersmeds.com\/de\/wp-content\/uploads\/sites\/3\/2022\/03\/gooddealersmeds__logo__20220317T222800Z.00.png","width":500,"height":325,"caption":"Good Dealers Meds"},"image":{"@id":"https:\/\/gooddealersmeds.com\/de\/#\/schema\/logo\/image\/"}}]}},"_links":{"self":[{"href":"https:\/\/gooddealersmeds.com\/de\/wp-json\/wp\/v2\/product\/1715","targetHints":{"allow":["GET"]}}],"collection":[{"href":"https:\/\/gooddealersmeds.com\/de\/wp-json\/wp\/v2\/product"}],"about":[{"href":"https:\/\/gooddealersmeds.com\/de\/wp-json\/wp\/v2\/types\/product"}],"replies":[{"embeddable":true,"href":"https:\/\/gooddealersmeds.com\/de\/wp-json\/wp\/v2\/comments?post=1715"}],"wp:featuredmedia":[{"embeddable":true,"href":"https:\/\/gooddealersmeds.com\/de\/wp-json\/wp\/v2\/media\/1725"}],"wp:attachment":[{"href":"https:\/\/gooddealersmeds.com\/de\/wp-json\/wp\/v2\/media?parent=1715"}],"wp:term":[{"taxonomy":"product_brand","embeddable":true,"href":"https:\/\/gooddealersmeds.com\/de\/wp-json\/wp\/v2\/product_brand?post=1715"},{"taxonomy":"product_cat","embeddable":true,"href":"https:\/\/gooddealersmeds.com\/de\/wp-json\/wp\/v2\/product_cat?post=1715"},{"taxonomy":"product_tag","embeddable":true,"href":"https:\/\/gooddealersmeds.com\/de\/wp-json\/wp\/v2\/product_tag?post=1715"}],"curies":[{"name":"wp","href":"https:\/\/api.w.org\/{rel}","templated":true}]}}