{"id":1701,"date":"2022-03-19T01:31:58","date_gmt":"2022-03-19T01:31:58","guid":{"rendered":"https:\/\/gooddealersmeds.com\/de\/?post_type=product&#038;p=1701"},"modified":"2022-12-26T14:29:36","modified_gmt":"2022-12-26T14:29:36","slug":"ketamin-liquid-online-kaufen","status":"publish","type":"product","link":"https:\/\/gooddealersmeds.com\/de\/product\/ketamin-liquid-online-kaufen\/","title":{"rendered":"Ketamin Liquid online kaufen"},"content":{"rendered":"<h2>Wo Sie Ketamin-Fl\u00fcssigkeit erhalten k\u00f6nnen. Bei einem vertrauensw\u00fcrdigen Lieferanten<\/h2>\n<p>Kaufen Sie Ketamin-Fl\u00fcssigkeit online ohne Probleme und ohne versteckte Geb\u00fchren bei <a href=\"https:\/\/www.drugcom.de\/wissenstests\/andere-themen\/weitere-informationen-zu-anderen-drogen\/ketamin\/\">Industrielle Chemikalien<\/a>. Ketamin ist ein einzigartiges Medikament, und Menschen sind ausgeflippt, wurden verletzt, ausgeraubt oder begrapscht, weil sie sich der \u201edissoziativen\u201c Eigenschaften von Ketamin nicht bewusst waren.<\/p>\n<p>Ketamin kann sowohl visuelle als auch sensorische Empfindungen der Unwirklichkeit hervorrufen Verzerrungen, ein verzerrtes Gef\u00fchl f\u00fcr den eigenen K\u00f6rper, vor\u00fcbergehend seltsame Gedanken und \u00dcberzeugungen und Heiterkeit oder ein Summen.<\/p>\n<p>Obwohl Ketamin nur 15-40 Minuten anh\u00e4lt, trennt es das Bewusstsein vom K\u00f6rper und macht es unf\u00e4hig f\u00fchlen oder kontrollieren Sie Ihren K\u00f6rper mit Sicherheit. Gehen, Laufen oder \u00fcberhaupt Bewegung kann unm\u00f6glich sein, was sch\u00e4dlich sein kann, wenn Sie sich pl\u00f6tzlich in einer gef\u00e4hrlichen Situation befinden.<\/p>\n<p>Dissoziative Medikamente k\u00f6nnen Seh-, Farb-, Ton-, Selbst- und Umgebungsverzerrungen verursachen. Ketamin ist als klare Fl\u00fcssigkeit oder cremefarbenes Pulver zur intraven\u00f6sen Injektion oder als Nasenspray erh\u00e4ltlich.<\/p>\n<p>Warum wird Ketamin medizinisch verwendet? Ketamin kann Schmerzen lindern und Kurzzeitged\u00e4chtnisverlust verursachen (z. B. Amnesie eines medizinischen Eingriffs). Kaufen Sie Ketamin-Fl\u00fcssigkeit online<\/p>\n<h2>Bestellen Sie Ketamin-Liquid hier und lassen Sie es sich vor Ihre Haust\u00fcr liefern<\/h2>\n<ul>\n<li><a href=\"https:\/\/gooddealersmeds.com\/de\/product\/buy -ketamine-liquid-online\/\">Ketamin<\/a> hat durch die Blockierung an der N-Methyl-D-Aspartat (NMDA)-Stelle eine schnelle Wirkung bei der Verringerung der Symptome von Depressionen und akuten Suizidgedanken.<\/li>\n<li>In der Chirurgie wird es als Einleitungs- und Aufrechterhaltungsmittel zur Sedierung und zur Bereitstellung einer Vollnarkose verwendet.<\/li>\n<li>Es wurde auch zur Schmerzkontrolle bei der Verbrennungstherapie, Kriegsverletzungen und bei Kindern verwendet, die keine anderen An\u00e4sthetika verwenden k\u00f6nnen B. aufgrund von Nebenwirkungen oder Allergien.<\/li>\n<\/ul>\n<p>Weil schwerwiegende Nebenwirkungen, wie unregelm\u00e4\u00dfiger Herzrhythmus, auftreten k\u00f6nnen, sollten Amiodaron oder Droxidopa verwendet werden. Dies ist keine vollst\u00e4ndige Liste aller m\u00f6glichen Wechselwirkungen. Erkundigen Sie sich bei Ihrem Arzt, ob Ketamin andere Medikamente, die Sie einnehmen, beeintr\u00e4chtigen kann. Bevor Sie beginnen oder aufh\u00f6ren, konsultieren Sie Ihren Arzt.<\/p>\n<p>Kaufen Sie fl\u00fcssiges Ketamin online unter <a href=\"https:\/\/gooddealersmeds.com\/de\">gooddealersmeds.com\/de<\/a>. Beste Angebote! Verf\u00fcgbares hochreines Ketaminpulver und Fl\u00fcssigkeit zur Injektion. Kein Rezept erforderlich. Diskrete Verpackung. Kostenlose weltweite Lieferung.<\/p>\n","protected":false},"excerpt":{"rendered":"<p>LIQUID KETAMINE FOR SALE ist ein An\u00e4sthetikum, Ketamin ist eigentlich eine spezielle Art von An\u00e4sthetikum, das als dissoziatives An\u00e4sthetikum bekannt ist.<\/p>\n","protected":false},"featured_media":1866,"comment_status":"open","ping_status":"closed","template":"","meta":{"inline_featured_image":false},"product_brand":[],"product_cat":[347],"product_tag":[267,264,265,266,268,269,270,271,272,273,274,275,276,277,279,280,281,282,283,278],"class_list":{"0":"post-1701","1":"product","2":"type-product","3":"status-publish","4":"has-post-thumbnail","6":"product_cat-opioid-schmerzmittel","7":"product_tag-gymnopilus-gelb","8":"product_tag-gymnopilus-aeruginosus","9":"product_tag-gymnopilus-luteofolius","10":"product_tag-gymnopilus-luteoviridis","11":"product_tag-gymnopilus-purpuratus","12":"product_tag-gymnopilus-viridans","13":"product_tag-inocybe-aeruginascens","14":"product_tag-lach-gymnastik","15":"product_tag-mycena-cyanorrhiza","16":"product_tag-panaeolus-cinctulus","17":"product_tag-panaeolus-cyanescens","18":"product_tag-pholiotina-cyanopus","19":"product_tag-pholiotina-smithii","20":"product_tag-pluteus-nigroviridis","21":"product_tag-pluteus-villosus","22":"product_tag-psilocybe-allenii","23":"product_tag-psilocybe-azurescens","24":"product_tag-psilocybe-mexicana","25":"product_tag-psilocybe-subaeruginosa","26":"product_tag-shelf-weide","27":"pa_milliliters-100-ml","28":"pa_milliliters-250-ml","29":"pa_milliliters-50-ml","30":"pa_milliliters-500-ml","32":"first","33":"instock","34":"featured","35":"shipping-taxable","36":"purchasable","37":"product-type-variable","38":"has-default-attributes"},"yoast_head":"<!-- This site is optimized with the Yoast SEO Premium plugin v20.6 (Yoast SEO v27.3) - https:\/\/yoast.com\/product\/yoast-seo-premium-wordpress\/ -->\n<title>Kaufen Sie Ketamin-Fl\u00fcssigkeit online | Ketamin-Fl\u00fcssigkeit zum Verkauf<\/title>\n<meta name=\"description\" content=\"Kaufen Sie Ketamin-Fl\u00fcssigkeit online; eigentlich eine spezielle Art von An\u00e4sthetikum, bekannt als dissoziatives An\u00e4sthetikum, das zu einem teilweisen Gef\u00fchlsverlust f\u00fchrt.\" \/>\n<meta name=\"robots\" content=\"index, follow, max-snippet:-1, max-image-preview:large, max-video-preview:-1\" \/>\n<link rel=\"canonical\" href=\"https:\/\/gooddealersmeds.com\/de\/product\/ketamin-liquid-online-kaufen\/\" \/>\n<meta property=\"og:locale\" content=\"en_US\" \/>\n<meta property=\"og:type\" content=\"article\" \/>\n<meta property=\"og:title\" content=\"Ketamin Liquid online kaufen\" \/>\n<meta property=\"og:description\" content=\"Kaufen Sie Ketamin-Fl\u00fcssigkeit online; eigentlich eine spezielle Art von An\u00e4sthetikum, bekannt als dissoziatives An\u00e4sthetikum, das zu einem teilweisen Gef\u00fchlsverlust f\u00fchrt.\" \/>\n<meta property=\"og:url\" content=\"https:\/\/gooddealersmeds.com\/de\/product\/ketamin-liquid-online-kaufen\/\" \/>\n<meta property=\"og:site_name\" content=\"Good Dealers Meds\" \/>\n<meta property=\"article:modified_time\" content=\"2022-12-26T14:29:36+00:00\" \/>\n<meta property=\"og:image\" content=\"https:\/\/gooddealersmeds.com\/de\/wp-content\/uploads\/sites\/3\/2022\/03\/page_1_thumb_large.jpg\" \/>\n\t<meta property=\"og:image:width\" content=\"480\" \/>\n\t<meta property=\"og:image:height\" content=\"360\" \/>\n\t<meta property=\"og:image:type\" content=\"image\/jpeg\" \/>\n<meta name=\"twitter:card\" content=\"summary_large_image\" \/>\n<meta name=\"twitter:label1\" content=\"Est. reading time\" \/>\n\t<meta name=\"twitter:data1\" content=\"2 minutes\" \/>\n<script type=\"application\/ld+json\" class=\"yoast-schema-graph\">{\"@context\":\"https:\\\/\\\/schema.org\",\"@graph\":[{\"@type\":\"WebPage\",\"@id\":\"https:\\\/\\\/gooddealersmeds.com\\\/de\\\/product\\\/ketamin-liquid-online-kaufen\\\/\",\"url\":\"https:\\\/\\\/gooddealersmeds.com\\\/de\\\/product\\\/ketamin-liquid-online-kaufen\\\/\",\"name\":\"Kaufen Sie Ketamin-Fl\u00fcssigkeit online | Ketamin-Fl\u00fcssigkeit zum Verkauf\",\"isPartOf\":{\"@id\":\"https:\\\/\\\/gooddealersmeds.com\\\/de\\\/#website\"},\"primaryImageOfPage\":{\"@id\":\"https:\\\/\\\/gooddealersmeds.com\\\/de\\\/product\\\/ketamin-liquid-online-kaufen\\\/#primaryimage\"},\"image\":{\"@id\":\"https:\\\/\\\/gooddealersmeds.com\\\/de\\\/product\\\/ketamin-liquid-online-kaufen\\\/#primaryimage\"},\"thumbnailUrl\":\"https:\\\/\\\/gooddealersmeds.com\\\/de\\\/wp-content\\\/uploads\\\/sites\\\/3\\\/2022\\\/03\\\/page_1_thumb_large.jpg\",\"datePublished\":\"2022-03-19T01:31:58+00:00\",\"dateModified\":\"2022-12-26T14:29:36+00:00\",\"description\":\"Kaufen Sie Ketamin-Fl\u00fcssigkeit online; eigentlich eine spezielle Art von An\u00e4sthetikum, bekannt als dissoziatives An\u00e4sthetikum, das zu einem teilweisen Gef\u00fchlsverlust f\u00fchrt.\",\"breadcrumb\":{\"@id\":\"https:\\\/\\\/gooddealersmeds.com\\\/de\\\/product\\\/ketamin-liquid-online-kaufen\\\/#breadcrumb\"},\"inLanguage\":\"en-US\",\"potentialAction\":[{\"@type\":\"ReadAction\",\"target\":[\"https:\\\/\\\/gooddealersmeds.com\\\/de\\\/product\\\/ketamin-liquid-online-kaufen\\\/\"]}]},{\"@type\":\"ImageObject\",\"inLanguage\":\"en-US\",\"@id\":\"https:\\\/\\\/gooddealersmeds.com\\\/de\\\/product\\\/ketamin-liquid-online-kaufen\\\/#primaryimage\",\"url\":\"https:\\\/\\\/gooddealersmeds.com\\\/de\\\/wp-content\\\/uploads\\\/sites\\\/3\\\/2022\\\/03\\\/page_1_thumb_large.jpg\",\"contentUrl\":\"https:\\\/\\\/gooddealersmeds.com\\\/de\\\/wp-content\\\/uploads\\\/sites\\\/3\\\/2022\\\/03\\\/page_1_thumb_large.jpg\",\"width\":480,\"height\":360,\"caption\":\"Buy Ketamine Liquid Online\"},{\"@type\":\"BreadcrumbList\",\"@id\":\"https:\\\/\\\/gooddealersmeds.com\\\/de\\\/product\\\/ketamin-liquid-online-kaufen\\\/#breadcrumb\",\"itemListElement\":[{\"@type\":\"ListItem\",\"position\":1,\"name\":\"Home\",\"item\":\"https:\\\/\\\/gooddealersmeds.com\\\/de\\\/\"},{\"@type\":\"ListItem\",\"position\":2,\"name\":\"Produkte\",\"item\":\"https:\\\/\\\/gooddealersmeds.com\\\/de\\\/produkte\\\/\"},{\"@type\":\"ListItem\",\"position\":3,\"name\":\"Ketamin Liquid online kaufen\"}]},{\"@type\":\"WebSite\",\"@id\":\"https:\\\/\\\/gooddealersmeds.com\\\/de\\\/#website\",\"url\":\"https:\\\/\\\/gooddealersmeds.com\\\/de\\\/\",\"name\":\"Good Dealers Meds\",\"description\":\"All our best\",\"publisher\":{\"@id\":\"https:\\\/\\\/gooddealersmeds.com\\\/de\\\/#organization\"},\"potentialAction\":[{\"@type\":\"SearchAction\",\"target\":{\"@type\":\"EntryPoint\",\"urlTemplate\":\"https:\\\/\\\/gooddealersmeds.com\\\/de\\\/?s={search_term_string}\"},\"query-input\":{\"@type\":\"PropertyValueSpecification\",\"valueRequired\":true,\"valueName\":\"search_term_string\"}}],\"inLanguage\":\"en-US\"},{\"@type\":\"Organization\",\"@id\":\"https:\\\/\\\/gooddealersmeds.com\\\/de\\\/#organization\",\"name\":\"Good Dealers Meds\",\"url\":\"https:\\\/\\\/gooddealersmeds.com\\\/de\\\/\",\"logo\":{\"@type\":\"ImageObject\",\"inLanguage\":\"en-US\",\"@id\":\"https:\\\/\\\/gooddealersmeds.com\\\/de\\\/#\\\/schema\\\/logo\\\/image\\\/\",\"url\":\"https:\\\/\\\/gooddealersmeds.com\\\/de\\\/wp-content\\\/uploads\\\/sites\\\/3\\\/2022\\\/03\\\/gooddealersmeds__logo__20220317T222800Z.00.png\",\"contentUrl\":\"https:\\\/\\\/gooddealersmeds.com\\\/de\\\/wp-content\\\/uploads\\\/sites\\\/3\\\/2022\\\/03\\\/gooddealersmeds__logo__20220317T222800Z.00.png\",\"width\":500,\"height\":325,\"caption\":\"Good Dealers Meds\"},\"image\":{\"@id\":\"https:\\\/\\\/gooddealersmeds.com\\\/de\\\/#\\\/schema\\\/logo\\\/image\\\/\"}}]}<\/script>\n<!-- \/ Yoast SEO Premium plugin. -->","yoast_head_json":{"title":"Kaufen Sie Ketamin-Fl\u00fcssigkeit online | Ketamin-Fl\u00fcssigkeit zum Verkauf","description":"Kaufen Sie Ketamin-Fl\u00fcssigkeit online; eigentlich eine spezielle Art von An\u00e4sthetikum, bekannt als dissoziatives An\u00e4sthetikum, das zu einem teilweisen Gef\u00fchlsverlust f\u00fchrt.","robots":{"index":"index","follow":"follow","max-snippet":"max-snippet:-1","max-image-preview":"max-image-preview:large","max-video-preview":"max-video-preview:-1"},"canonical":"https:\/\/gooddealersmeds.com\/de\/product\/ketamin-liquid-online-kaufen\/","og_locale":"en_US","og_type":"article","og_title":"Ketamin Liquid online kaufen","og_description":"Kaufen Sie Ketamin-Fl\u00fcssigkeit online; eigentlich eine spezielle Art von An\u00e4sthetikum, bekannt als dissoziatives An\u00e4sthetikum, das zu einem teilweisen Gef\u00fchlsverlust f\u00fchrt.","og_url":"https:\/\/gooddealersmeds.com\/de\/product\/ketamin-liquid-online-kaufen\/","og_site_name":"Good Dealers Meds","article_modified_time":"2022-12-26T14:29:36+00:00","og_image":[{"width":480,"height":360,"url":"https:\/\/gooddealersmeds.com\/de\/wp-content\/uploads\/sites\/3\/2022\/03\/page_1_thumb_large.jpg","type":"image\/jpeg"}],"twitter_card":"summary_large_image","twitter_misc":{"Est. reading time":"2 minutes"},"schema":{"@context":"https:\/\/schema.org","@graph":[{"@type":"WebPage","@id":"https:\/\/gooddealersmeds.com\/de\/product\/ketamin-liquid-online-kaufen\/","url":"https:\/\/gooddealersmeds.com\/de\/product\/ketamin-liquid-online-kaufen\/","name":"Kaufen Sie Ketamin-Fl\u00fcssigkeit online | Ketamin-Fl\u00fcssigkeit zum Verkauf","isPartOf":{"@id":"https:\/\/gooddealersmeds.com\/de\/#website"},"primaryImageOfPage":{"@id":"https:\/\/gooddealersmeds.com\/de\/product\/ketamin-liquid-online-kaufen\/#primaryimage"},"image":{"@id":"https:\/\/gooddealersmeds.com\/de\/product\/ketamin-liquid-online-kaufen\/#primaryimage"},"thumbnailUrl":"https:\/\/gooddealersmeds.com\/de\/wp-content\/uploads\/sites\/3\/2022\/03\/page_1_thumb_large.jpg","datePublished":"2022-03-19T01:31:58+00:00","dateModified":"2022-12-26T14:29:36+00:00","description":"Kaufen Sie Ketamin-Fl\u00fcssigkeit online; eigentlich eine spezielle Art von An\u00e4sthetikum, bekannt als dissoziatives An\u00e4sthetikum, das zu einem teilweisen Gef\u00fchlsverlust f\u00fchrt.","breadcrumb":{"@id":"https:\/\/gooddealersmeds.com\/de\/product\/ketamin-liquid-online-kaufen\/#breadcrumb"},"inLanguage":"en-US","potentialAction":[{"@type":"ReadAction","target":["https:\/\/gooddealersmeds.com\/de\/product\/ketamin-liquid-online-kaufen\/"]}]},{"@type":"ImageObject","inLanguage":"en-US","@id":"https:\/\/gooddealersmeds.com\/de\/product\/ketamin-liquid-online-kaufen\/#primaryimage","url":"https:\/\/gooddealersmeds.com\/de\/wp-content\/uploads\/sites\/3\/2022\/03\/page_1_thumb_large.jpg","contentUrl":"https:\/\/gooddealersmeds.com\/de\/wp-content\/uploads\/sites\/3\/2022\/03\/page_1_thumb_large.jpg","width":480,"height":360,"caption":"Buy Ketamine Liquid Online"},{"@type":"BreadcrumbList","@id":"https:\/\/gooddealersmeds.com\/de\/product\/ketamin-liquid-online-kaufen\/#breadcrumb","itemListElement":[{"@type":"ListItem","position":1,"name":"Home","item":"https:\/\/gooddealersmeds.com\/de\/"},{"@type":"ListItem","position":2,"name":"Produkte","item":"https:\/\/gooddealersmeds.com\/de\/produkte\/"},{"@type":"ListItem","position":3,"name":"Ketamin Liquid online kaufen"}]},{"@type":"WebSite","@id":"https:\/\/gooddealersmeds.com\/de\/#website","url":"https:\/\/gooddealersmeds.com\/de\/","name":"Good Dealers Meds","description":"All our best","publisher":{"@id":"https:\/\/gooddealersmeds.com\/de\/#organization"},"potentialAction":[{"@type":"SearchAction","target":{"@type":"EntryPoint","urlTemplate":"https:\/\/gooddealersmeds.com\/de\/?s={search_term_string}"},"query-input":{"@type":"PropertyValueSpecification","valueRequired":true,"valueName":"search_term_string"}}],"inLanguage":"en-US"},{"@type":"Organization","@id":"https:\/\/gooddealersmeds.com\/de\/#organization","name":"Good Dealers Meds","url":"https:\/\/gooddealersmeds.com\/de\/","logo":{"@type":"ImageObject","inLanguage":"en-US","@id":"https:\/\/gooddealersmeds.com\/de\/#\/schema\/logo\/image\/","url":"https:\/\/gooddealersmeds.com\/de\/wp-content\/uploads\/sites\/3\/2022\/03\/gooddealersmeds__logo__20220317T222800Z.00.png","contentUrl":"https:\/\/gooddealersmeds.com\/de\/wp-content\/uploads\/sites\/3\/2022\/03\/gooddealersmeds__logo__20220317T222800Z.00.png","width":500,"height":325,"caption":"Good Dealers Meds"},"image":{"@id":"https:\/\/gooddealersmeds.com\/de\/#\/schema\/logo\/image\/"}}]}},"_links":{"self":[{"href":"https:\/\/gooddealersmeds.com\/de\/wp-json\/wp\/v2\/product\/1701","targetHints":{"allow":["GET"]}}],"collection":[{"href":"https:\/\/gooddealersmeds.com\/de\/wp-json\/wp\/v2\/product"}],"about":[{"href":"https:\/\/gooddealersmeds.com\/de\/wp-json\/wp\/v2\/types\/product"}],"replies":[{"embeddable":true,"href":"https:\/\/gooddealersmeds.com\/de\/wp-json\/wp\/v2\/comments?post=1701"}],"wp:featuredmedia":[{"embeddable":true,"href":"https:\/\/gooddealersmeds.com\/de\/wp-json\/wp\/v2\/media\/1866"}],"wp:attachment":[{"href":"https:\/\/gooddealersmeds.com\/de\/wp-json\/wp\/v2\/media?parent=1701"}],"wp:term":[{"taxonomy":"product_brand","embeddable":true,"href":"https:\/\/gooddealersmeds.com\/de\/wp-json\/wp\/v2\/product_brand?post=1701"},{"taxonomy":"product_cat","embeddable":true,"href":"https:\/\/gooddealersmeds.com\/de\/wp-json\/wp\/v2\/product_cat?post=1701"},{"taxonomy":"product_tag","embeddable":true,"href":"https:\/\/gooddealersmeds.com\/de\/wp-json\/wp\/v2\/product_tag?post=1701"}],"curies":[{"name":"wp","href":"https:\/\/api.w.org\/{rel}","templated":true}]}}