{"id":1689,"date":"2022-03-19T01:19:42","date_gmt":"2022-03-19T01:19:42","guid":{"rendered":"https:\/\/gooddealersmeds.com\/de\/?post_type=product&#038;p=1689"},"modified":"2022-12-26T14:36:00","modified_gmt":"2022-12-26T14:36:00","slug":"kokain-online-kaufen","status":"publish","type":"product","link":"https:\/\/gooddealersmeds.com\/de\/product\/kokain-online-kaufen\/","title":{"rendered":"Kokain online kaufen"},"content":{"rendered":"<h2>Kokain zum Verkauf online bei Good Dealers Meds<\/h2>\n<p>Kunden aus ganz Europa k\u00f6nnen auf unserer Website Kokain mit oder ohne Rezept online kaufen. Kokain ist ein wei\u00dfes Pulver. Es ist ein Stimulans des zentralen Nervensystems, das die Freisetzung hoher Dopaminspiegel bewirkt. Das Gehirn \u201ebelohnt\u201c uns f\u00fcr lebensverbesserndes Verhalten, indem es eine Flut angenehmer Neurochemikalien freisetzt.<\/p>\n<p>Kokain ist ein wei\u00dfes Pulver mit einem bitteren, bet\u00e4ubenden Geschmack. Es kommt in 3 Hauptformen vor: Kokainhydrochlorid, Freebase und Crack. Es kann durch die Nase geschnupft oder mit Wasser gemischt und mit einer Nadel injiziert werden. Es kann auch injiziert, in das Zahnfleisch eingerieben oder Speisen und Getr\u00e4nken zugesetzt werden. Kokain kann auch zu kleinen wei\u00dfen Steinen verarbeitet werden, die Crack genannt werden. Crack wird in einer kleinen Glaspfeife geraucht.<\/p>\n<p>Das beschleunigt den ganzen K\u00f6rper. Sie k\u00f6nnen sich voller Energie, gl\u00fccklich und aufgeregt f\u00fchlen. Aber dann kann sich Ihre Stimmung \u00e4ndern. Sie k\u00f6nnen w\u00fctend, nerv\u00f6s und \u00e4ngstlich werden, dass jemand hinter Ihnen her ist. Kokain erh\u00f6ht die Herzfrequenz, die Atmung und den Blutdruck. Die Aufw\u00e4rtsphase ist schnell, f\u00fchrt zu Euphorie und einem Gef\u00fchl von Macht und intellektueller Kraft. Kokain kann erh\u00f6hte Wachsamkeit vort\u00e4uschen, M\u00fcdigkeitsgef\u00fchle und k\u00f6rperliche Schocks verhindern. Du k\u00f6nntest Dinge tun, die keinen Sinn ergeben. Nachdem das \u201eHigh\u201c nachl\u00e4sst, k\u00f6nnen Sie \u201eabst\u00fcrzen\u201c und sich tagelang m\u00fcde und traurig f\u00fchlen. Sie bekommen auch ein starkes Verlangen, das Medikament erneut zu nehmen, um zu versuchen, sich besser zu f\u00fchlen.<\/p>\n<p><strong>Kokainwirkung &#8211; Bestellen Sie hochreines Kokain bei uns?<\/strong><\/p>\n<p>Es ist ein stark s\u00fcchtig machendes Stimulans, das aus den Bl\u00e4ttern der in S\u00fcdamerika beheimateten Coca-Pflanze hergestellt wird. Obwohl Gesundheitsdienstleister es f\u00fcr g\u00fcltige medizinische Zwecke verwenden k\u00f6nnen, wie z. B. zur Lokalan\u00e4sthesie bei einigen Operationen, ist <a href=\"https:\/\/en.wikipedia.org\/wiki\/Cocaine\">Kokain<\/a> eine illegale Droge. Es ist leicht, die Kontrolle \u00fcber den Konsum zu verlieren und s\u00fcchtig zu werden. Dann kann es schwierig sein, das Medikament abzusetzen, selbst wenn Sie behandelt werden. Menschen, die aufgeh\u00f6rt haben, Kokain zu konsumieren, k\u00f6nnen noch immer starkes Verlangen nach der Droge versp\u00fcren, manchmal sogar Jahre sp\u00e4ter.<\/p>\n<p>Sie k\u00f6nnen Kokain online kaufen bei unseren <a href=\"https:\/\/gooddealersmeds.com\/de\/products\/\">Shop<\/a> mit sicherem Versand in ganz Europa.<\/p>\n<p>&nbsp;<\/p>\n","protected":false},"excerpt":{"rendered":"<p>Kaufen Sie jetzt Kokain online in unserem Shop, es ist ein Stimulans, das aus den Bl\u00e4ttern des Erythroxylon coca Lam gewonnen wird, einer Art der Kokapflanze, die in der Andenregion S\u00fcdamerikas angebaut wird. Es kann in Form von Kokainpulver konsumiert werden, das normalerweise geschnupft oder injiziert wird. Es kann auch in Crack-Kokainform konsumiert werden, die normalerweise geraucht wird, und in Pastenform, die ebenfalls geraucht wird.<\/p>\n","protected":false},"featured_media":1700,"comment_status":"open","ping_status":"closed","template":"","meta":{"inline_featured_image":false},"product_brand":[],"product_cat":[343],"product_tag":[241,242,244,246,247,248,250,251,252,253,254,255,256,257,258,592,260,259,243,589,245,261,249,262,591,263,590],"class_list":{"0":"post-1689","1":"product","2":"type-product","3":"status-publish","4":"has-post-thumbnail","6":"product_cat-andere","7":"product_tag-buy-albino-p-e-mushroom","8":"product_tag-buy-berry-sour-stars","9":"product_tag-buy-dmt-online","10":"product_tag-buy-malabar-magic-mushrooms","11":"product_tag-buy-mazatapec-magic-mushroom","12":"product_tag-buy-methamphetamine-online","13":"product_tag-buy-psilocybe-azurenscens-online","14":"product_tag-buy-psilocybe-mckennaii-online","15":"product_tag-buy-psilocybe-mexicana-online","16":"product_tag-buy-psilocybe-stuntzil-online","17":"product_tag-buy-psilocybe-tempensis-online","18":"product_tag-buy-psilocybe-weilii-online","19":"product_tag-buy-sea-salt-dark-chocolate","20":"product_tag-buy-transkei-magic-mushroom","21":"product_tag-buy-variety-pack-online","22":"product_tag-how-to-buy-cocaine-discreetly","23":"product_tag-cookies-and-creme-schokolade","24":"product_tag-kirsch-limetten-gummibrchen","25":"product_tag-kokain-online-kaufen","26":"product_tag-kokain-zu-verkaufen","27":"product_tag-kaufen-lysergsure-diethylamid","28":"product_tag-mastermind-dark-chocolate-bars","29":"product_tag-panaeolus-cyanescens-online-kaufen","30":"product_tag-penis-neid-zauberpilz","31":"product_tag-reines-kokain-online-bestellen","32":"product_tag-top-lsd-zum-verkauf","33":"product_tag-where-to-buy-cocaine","34":"pa_grams-1-kg-1000-g","35":"pa_grams-10-g","36":"pa_grams-100-g","37":"pa_grams-20-g","38":"pa_grams-200-g","39":"pa_grams-35-g","40":"pa_grams-50-g","41":"pa_grams-500-g","43":"first","44":"instock","45":"featured","46":"shipping-taxable","47":"purchasable","48":"product-type-variable","49":"has-default-attributes"},"yoast_head":"<!-- This site is optimized with the Yoast SEO Premium plugin v20.6 (Yoast SEO v27.3) - https:\/\/yoast.com\/product\/yoast-seo-premium-wordpress\/ -->\n<title>Kokain online kaufen | Kokain zum Verkauf | Bestellen Sie reines Kokain<\/title>\n<meta name=\"description\" content=\"Kokain online kaufen jetzt online in unserem Shop. Es ist ein Stimulans, das aus den Bl\u00e4ttern des Erythroxylon coca Lam, einer Art der Kokapflanze, gewonnen wird.\" \/>\n<meta name=\"robots\" content=\"index, follow, max-snippet:-1, max-image-preview:large, max-video-preview:-1\" \/>\n<link rel=\"canonical\" href=\"https:\/\/gooddealersmeds.com\/de\/product\/kokain-online-kaufen\/\" \/>\n<meta property=\"og:locale\" content=\"en_US\" \/>\n<meta property=\"og:type\" content=\"article\" \/>\n<meta property=\"og:title\" content=\"Kokain online kaufen\" \/>\n<meta property=\"og:description\" content=\"Kokain online kaufen jetzt online in unserem Shop. Es ist ein Stimulans, das aus den Bl\u00e4ttern des Erythroxylon coca Lam, einer Art der Kokapflanze, gewonnen wird.\" \/>\n<meta property=\"og:url\" content=\"https:\/\/gooddealersmeds.com\/de\/product\/kokain-online-kaufen\/\" \/>\n<meta property=\"og:site_name\" content=\"Good Dealers Meds\" \/>\n<meta property=\"article:modified_time\" content=\"2022-12-26T14:36:00+00:00\" \/>\n<meta property=\"og:image\" content=\"https:\/\/gooddealersmeds.com\/de\/wp-content\/uploads\/sites\/3\/2022\/03\/8097e257-2271-4a0c-9aeb-1705fa7333e8.jpg\" \/>\n\t<meta property=\"og:image:width\" content=\"687\" \/>\n\t<meta property=\"og:image:height\" content=\"687\" \/>\n\t<meta property=\"og:image:type\" content=\"image\/jpeg\" \/>\n<meta name=\"twitter:card\" content=\"summary_large_image\" \/>\n<meta name=\"twitter:label1\" content=\"Est. reading time\" \/>\n\t<meta name=\"twitter:data1\" content=\"2 minutes\" \/>\n<script type=\"application\/ld+json\" class=\"yoast-schema-graph\">{\"@context\":\"https:\\\/\\\/schema.org\",\"@graph\":[{\"@type\":\"WebPage\",\"@id\":\"https:\\\/\\\/gooddealersmeds.com\\\/de\\\/product\\\/kokain-online-kaufen\\\/\",\"url\":\"https:\\\/\\\/gooddealersmeds.com\\\/de\\\/product\\\/kokain-online-kaufen\\\/\",\"name\":\"Kokain online kaufen | Kokain zum Verkauf | Bestellen Sie reines Kokain\",\"isPartOf\":{\"@id\":\"https:\\\/\\\/gooddealersmeds.com\\\/de\\\/#website\"},\"primaryImageOfPage\":{\"@id\":\"https:\\\/\\\/gooddealersmeds.com\\\/de\\\/product\\\/kokain-online-kaufen\\\/#primaryimage\"},\"image\":{\"@id\":\"https:\\\/\\\/gooddealersmeds.com\\\/de\\\/product\\\/kokain-online-kaufen\\\/#primaryimage\"},\"thumbnailUrl\":\"https:\\\/\\\/gooddealersmeds.com\\\/de\\\/wp-content\\\/uploads\\\/sites\\\/3\\\/2022\\\/03\\\/8097e257-2271-4a0c-9aeb-1705fa7333e8.jpg\",\"datePublished\":\"2022-03-19T01:19:42+00:00\",\"dateModified\":\"2022-12-26T14:36:00+00:00\",\"description\":\"Kokain online kaufen jetzt online in unserem Shop. Es ist ein Stimulans, das aus den Bl\u00e4ttern des Erythroxylon coca Lam, einer Art der Kokapflanze, gewonnen wird.\",\"breadcrumb\":{\"@id\":\"https:\\\/\\\/gooddealersmeds.com\\\/de\\\/product\\\/kokain-online-kaufen\\\/#breadcrumb\"},\"inLanguage\":\"en-US\",\"potentialAction\":[{\"@type\":\"ReadAction\",\"target\":[\"https:\\\/\\\/gooddealersmeds.com\\\/de\\\/product\\\/kokain-online-kaufen\\\/\"]}]},{\"@type\":\"ImageObject\",\"inLanguage\":\"en-US\",\"@id\":\"https:\\\/\\\/gooddealersmeds.com\\\/de\\\/product\\\/kokain-online-kaufen\\\/#primaryimage\",\"url\":\"https:\\\/\\\/gooddealersmeds.com\\\/de\\\/wp-content\\\/uploads\\\/sites\\\/3\\\/2022\\\/03\\\/8097e257-2271-4a0c-9aeb-1705fa7333e8.jpg\",\"contentUrl\":\"https:\\\/\\\/gooddealersmeds.com\\\/de\\\/wp-content\\\/uploads\\\/sites\\\/3\\\/2022\\\/03\\\/8097e257-2271-4a0c-9aeb-1705fa7333e8.jpg\",\"width\":687,\"height\":687,\"caption\":\"Buy Cocaine Online\"},{\"@type\":\"BreadcrumbList\",\"@id\":\"https:\\\/\\\/gooddealersmeds.com\\\/de\\\/product\\\/kokain-online-kaufen\\\/#breadcrumb\",\"itemListElement\":[{\"@type\":\"ListItem\",\"position\":1,\"name\":\"Home\",\"item\":\"https:\\\/\\\/gooddealersmeds.com\\\/de\\\/\"},{\"@type\":\"ListItem\",\"position\":2,\"name\":\"Produkte\",\"item\":\"https:\\\/\\\/gooddealersmeds.com\\\/de\\\/produkte\\\/\"},{\"@type\":\"ListItem\",\"position\":3,\"name\":\"Kokain online kaufen\"}]},{\"@type\":\"WebSite\",\"@id\":\"https:\\\/\\\/gooddealersmeds.com\\\/de\\\/#website\",\"url\":\"https:\\\/\\\/gooddealersmeds.com\\\/de\\\/\",\"name\":\"Good Dealers Meds\",\"description\":\"All our best\",\"publisher\":{\"@id\":\"https:\\\/\\\/gooddealersmeds.com\\\/de\\\/#organization\"},\"potentialAction\":[{\"@type\":\"SearchAction\",\"target\":{\"@type\":\"EntryPoint\",\"urlTemplate\":\"https:\\\/\\\/gooddealersmeds.com\\\/de\\\/?s={search_term_string}\"},\"query-input\":{\"@type\":\"PropertyValueSpecification\",\"valueRequired\":true,\"valueName\":\"search_term_string\"}}],\"inLanguage\":\"en-US\"},{\"@type\":\"Organization\",\"@id\":\"https:\\\/\\\/gooddealersmeds.com\\\/de\\\/#organization\",\"name\":\"Good Dealers Meds\",\"url\":\"https:\\\/\\\/gooddealersmeds.com\\\/de\\\/\",\"logo\":{\"@type\":\"ImageObject\",\"inLanguage\":\"en-US\",\"@id\":\"https:\\\/\\\/gooddealersmeds.com\\\/de\\\/#\\\/schema\\\/logo\\\/image\\\/\",\"url\":\"https:\\\/\\\/gooddealersmeds.com\\\/de\\\/wp-content\\\/uploads\\\/sites\\\/3\\\/2022\\\/03\\\/gooddealersmeds__logo__20220317T222800Z.00.png\",\"contentUrl\":\"https:\\\/\\\/gooddealersmeds.com\\\/de\\\/wp-content\\\/uploads\\\/sites\\\/3\\\/2022\\\/03\\\/gooddealersmeds__logo__20220317T222800Z.00.png\",\"width\":500,\"height\":325,\"caption\":\"Good Dealers Meds\"},\"image\":{\"@id\":\"https:\\\/\\\/gooddealersmeds.com\\\/de\\\/#\\\/schema\\\/logo\\\/image\\\/\"}}]}<\/script>\n<!-- \/ Yoast SEO Premium plugin. -->","yoast_head_json":{"title":"Kokain online kaufen | Kokain zum Verkauf | Bestellen Sie reines Kokain","description":"Kokain online kaufen jetzt online in unserem Shop. Es ist ein Stimulans, das aus den Bl\u00e4ttern des Erythroxylon coca Lam, einer Art der Kokapflanze, gewonnen wird.","robots":{"index":"index","follow":"follow","max-snippet":"max-snippet:-1","max-image-preview":"max-image-preview:large","max-video-preview":"max-video-preview:-1"},"canonical":"https:\/\/gooddealersmeds.com\/de\/product\/kokain-online-kaufen\/","og_locale":"en_US","og_type":"article","og_title":"Kokain online kaufen","og_description":"Kokain online kaufen jetzt online in unserem Shop. Es ist ein Stimulans, das aus den Bl\u00e4ttern des Erythroxylon coca Lam, einer Art der Kokapflanze, gewonnen wird.","og_url":"https:\/\/gooddealersmeds.com\/de\/product\/kokain-online-kaufen\/","og_site_name":"Good Dealers Meds","article_modified_time":"2022-12-26T14:36:00+00:00","og_image":[{"width":687,"height":687,"url":"https:\/\/gooddealersmeds.com\/de\/wp-content\/uploads\/sites\/3\/2022\/03\/8097e257-2271-4a0c-9aeb-1705fa7333e8.jpg","type":"image\/jpeg"}],"twitter_card":"summary_large_image","twitter_misc":{"Est. reading time":"2 minutes"},"schema":{"@context":"https:\/\/schema.org","@graph":[{"@type":"WebPage","@id":"https:\/\/gooddealersmeds.com\/de\/product\/kokain-online-kaufen\/","url":"https:\/\/gooddealersmeds.com\/de\/product\/kokain-online-kaufen\/","name":"Kokain online kaufen | Kokain zum Verkauf | Bestellen Sie reines Kokain","isPartOf":{"@id":"https:\/\/gooddealersmeds.com\/de\/#website"},"primaryImageOfPage":{"@id":"https:\/\/gooddealersmeds.com\/de\/product\/kokain-online-kaufen\/#primaryimage"},"image":{"@id":"https:\/\/gooddealersmeds.com\/de\/product\/kokain-online-kaufen\/#primaryimage"},"thumbnailUrl":"https:\/\/gooddealersmeds.com\/de\/wp-content\/uploads\/sites\/3\/2022\/03\/8097e257-2271-4a0c-9aeb-1705fa7333e8.jpg","datePublished":"2022-03-19T01:19:42+00:00","dateModified":"2022-12-26T14:36:00+00:00","description":"Kokain online kaufen jetzt online in unserem Shop. Es ist ein Stimulans, das aus den Bl\u00e4ttern des Erythroxylon coca Lam, einer Art der Kokapflanze, gewonnen wird.","breadcrumb":{"@id":"https:\/\/gooddealersmeds.com\/de\/product\/kokain-online-kaufen\/#breadcrumb"},"inLanguage":"en-US","potentialAction":[{"@type":"ReadAction","target":["https:\/\/gooddealersmeds.com\/de\/product\/kokain-online-kaufen\/"]}]},{"@type":"ImageObject","inLanguage":"en-US","@id":"https:\/\/gooddealersmeds.com\/de\/product\/kokain-online-kaufen\/#primaryimage","url":"https:\/\/gooddealersmeds.com\/de\/wp-content\/uploads\/sites\/3\/2022\/03\/8097e257-2271-4a0c-9aeb-1705fa7333e8.jpg","contentUrl":"https:\/\/gooddealersmeds.com\/de\/wp-content\/uploads\/sites\/3\/2022\/03\/8097e257-2271-4a0c-9aeb-1705fa7333e8.jpg","width":687,"height":687,"caption":"Buy Cocaine Online"},{"@type":"BreadcrumbList","@id":"https:\/\/gooddealersmeds.com\/de\/product\/kokain-online-kaufen\/#breadcrumb","itemListElement":[{"@type":"ListItem","position":1,"name":"Home","item":"https:\/\/gooddealersmeds.com\/de\/"},{"@type":"ListItem","position":2,"name":"Produkte","item":"https:\/\/gooddealersmeds.com\/de\/produkte\/"},{"@type":"ListItem","position":3,"name":"Kokain online kaufen"}]},{"@type":"WebSite","@id":"https:\/\/gooddealersmeds.com\/de\/#website","url":"https:\/\/gooddealersmeds.com\/de\/","name":"Good Dealers Meds","description":"All our best","publisher":{"@id":"https:\/\/gooddealersmeds.com\/de\/#organization"},"potentialAction":[{"@type":"SearchAction","target":{"@type":"EntryPoint","urlTemplate":"https:\/\/gooddealersmeds.com\/de\/?s={search_term_string}"},"query-input":{"@type":"PropertyValueSpecification","valueRequired":true,"valueName":"search_term_string"}}],"inLanguage":"en-US"},{"@type":"Organization","@id":"https:\/\/gooddealersmeds.com\/de\/#organization","name":"Good Dealers Meds","url":"https:\/\/gooddealersmeds.com\/de\/","logo":{"@type":"ImageObject","inLanguage":"en-US","@id":"https:\/\/gooddealersmeds.com\/de\/#\/schema\/logo\/image\/","url":"https:\/\/gooddealersmeds.com\/de\/wp-content\/uploads\/sites\/3\/2022\/03\/gooddealersmeds__logo__20220317T222800Z.00.png","contentUrl":"https:\/\/gooddealersmeds.com\/de\/wp-content\/uploads\/sites\/3\/2022\/03\/gooddealersmeds__logo__20220317T222800Z.00.png","width":500,"height":325,"caption":"Good Dealers Meds"},"image":{"@id":"https:\/\/gooddealersmeds.com\/de\/#\/schema\/logo\/image\/"}}]}},"_links":{"self":[{"href":"https:\/\/gooddealersmeds.com\/de\/wp-json\/wp\/v2\/product\/1689","targetHints":{"allow":["GET"]}}],"collection":[{"href":"https:\/\/gooddealersmeds.com\/de\/wp-json\/wp\/v2\/product"}],"about":[{"href":"https:\/\/gooddealersmeds.com\/de\/wp-json\/wp\/v2\/types\/product"}],"replies":[{"embeddable":true,"href":"https:\/\/gooddealersmeds.com\/de\/wp-json\/wp\/v2\/comments?post=1689"}],"wp:featuredmedia":[{"embeddable":true,"href":"https:\/\/gooddealersmeds.com\/de\/wp-json\/wp\/v2\/media\/1700"}],"wp:attachment":[{"href":"https:\/\/gooddealersmeds.com\/de\/wp-json\/wp\/v2\/media?parent=1689"}],"wp:term":[{"taxonomy":"product_brand","embeddable":true,"href":"https:\/\/gooddealersmeds.com\/de\/wp-json\/wp\/v2\/product_brand?post=1689"},{"taxonomy":"product_cat","embeddable":true,"href":"https:\/\/gooddealersmeds.com\/de\/wp-json\/wp\/v2\/product_cat?post=1689"},{"taxonomy":"product_tag","embeddable":true,"href":"https:\/\/gooddealersmeds.com\/de\/wp-json\/wp\/v2\/product_tag?post=1689"}],"curies":[{"name":"wp","href":"https:\/\/api.w.org\/{rel}","templated":true}]}}