{"id":1678,"date":"2022-03-19T01:13:31","date_gmt":"2022-03-19T01:13:31","guid":{"rendered":"https:\/\/gooddealersmeds.com\/de\/?post_type=product&#038;p=1678"},"modified":"2022-12-26T14:52:01","modified_gmt":"2022-12-26T14:52:01","slug":"dmt-kristall-online-kaufen","status":"publish","type":"product","link":"https:\/\/gooddealersmeds.com\/de\/product\/dmt-kristall-online-kaufen\/","title":{"rendered":"Kaufen Sie DMT-Kristalle online"},"content":{"rendered":"<h2>Hochwertiger DMT-Kristall zum Verkauf online bei Good Dealers Meds<\/h2>\n<p>Kaufen Sie DMT-Kristalle online in unserem Shop. DMT ist eine psychedelische und halluzinogene Verbindung, die aus der Ayahuasca-Pflanze gewonnen wird. DMT ist eine nat\u00fcrlich vorkommende Chemikalie, die in einer Vielzahl von Tieren und Pflanzen vorkommt.<\/p>\n<p>Es wurde auch festgestellt, dass es beim Menschen nat\u00fcrlich vorkommt. DMT stammt haupts\u00e4chlich aus S\u00fcdamerika, insbesondere aus dem Amazonas-Regenwald. Beim Konsum von DMT ist bekannt, dass es eine Reihe von visuellen und halluzinogenen Effekten hervorruft. Es ist auch bekannt, dass es alle Vorteile f\u00fcr die psychische Gesundheit anderer psychedelischer Substanzen bietet.<\/p>\n<p>DMT-Kristall zu verkaufen online zu einem sehr guten Preis. Wir haben nur DMT-Kristalle f\u00fcr den Laborgebrauch, da sie zu etwa 98,98 % rein sind. Dies weist darauf hin, dass es extrem stark ist und, wenn es konsumiert wird, die Person verletzen kann.<\/p>\n<p><strong>Bestellen Sie DMT-Kristall bei uns &#8211; Wissen Sie, wie man DMT-Kristall verwendet<\/strong><\/p>\n<p>DMT-Kristalle zum Verkauf in Europa. Das ist DMT in Kristallform. DMT Crystals ist eine Abk\u00fcrzung f\u00fcr <a href=\"https:\/\/en.wikipedia.org\/wiki\/N,N-Dimethyltryptamine\">N,N-Dimethyltryptamin<\/a>. Es ist eine starke psychedelische Droge mit serotonergen Wirkungen auf das menschliche Gehirn, die eine schnelle und intensive psychedelische Erfahrung bieten kann, die als \u201eDMT-Trip\u201c bekannt ist. DMT-Erfahrungen sind typischerweise durch visuelle Halluzinationen gekennzeichnet, an denen h\u00e4ufig m\u00e4chtige Wesenheiten beteiligt sind, und werden h\u00e4ufig mit einer tieferen Bedeutung in Verbindung gebracht. Diese tiefgreifende Erfahrung wird h\u00e4ufig als \u201eDMT-Durchbruch\u201c bezeichnet. DMT in seiner Kristallform kann geraucht, geschnupft oder als Freizeitdroge injiziert werden.<\/p>\n<p>DMT ist normalerweise nicht f\u00fcr den oralen Gebrauch bestimmt, au\u00dfer in Kombination mit einem Monoaminoxidase-Hemmer. Es gibt mehrere Absorptionsstrategien; Beispielsweise w\u00fcrde das Verdampfen, Infundieren oder Insufflieren der Droge f\u00fcr kurze Zeit bahnbrechende Wunschtr\u00e4ume hervorrufen.<\/p>\n<p>DMT kann als Tee (Ayahuasca) konsumiert werden, aber die h\u00e4ufigste Art, DMT zu konsumieren, ist das Rauchen \/verdampfe es. Beim Rauchen\/Verdampfen setzt es schnell ein und die Wirkung ist intensiv und kurzlebig.<\/p>\n<p>Zum Zwecke der Schadensminimierung ist es nicht ratsam, Substanzen zu kombinieren. Eine Kombination von Substanzen wird nicht unbedingt eine gleiche Wirkungsmischung hervorrufen. Und es ist im Grunde ein neuartiges Medikament f\u00fcr sich.<\/p>\n<p><a href=\"https:\/\/gooddealersmeds.com\/de\/product\/dmt-kristall-online-kaufen\/\">Sie k\u00f6nnen DMT-Kristalle online in unserem Gesch\u00e4ft kaufen<\/a>.<\/p>\n<p>&nbsp;<\/p>\n","protected":false},"excerpt":{"rendered":"<p>N,N-Dimethyltryptamin ist eine chemische Substanz, die in vielen Pflanzen und Tieren vorkommt und sowohl ein Derivat als auch ein strukturelles Analogon von Tryptamin ist. Es kann als psychedelische Droge konsumiert werden und wurde historisch von verschiedenen Kulturen f\u00fcr rituelle Zwecke als Entheogen hergestellt<\/p>\n","protected":false},"featured_media":2018,"comment_status":"open","ping_status":"closed","template":"","meta":{"inline_featured_image":false},"product_brand":[],"product_cat":[345],"product_tag":[],"class_list":{"0":"post-1678","1":"product","2":"type-product","3":"status-publish","4":"has-post-thumbnail","6":"product_cat-psychedelische-drogen","7":"pa_grams-1-kg-1000-g","8":"pa_grams-10-g","9":"pa_grams-100-g","10":"pa_grams-20-g","11":"pa_grams-200-g","12":"pa_grams-35-g","13":"pa_grams-50-g","14":"pa_grams-500-g","16":"first","17":"instock","18":"featured","19":"shipping-taxable","20":"purchasable","21":"product-type-variable","22":"has-default-attributes"},"yoast_head":"<!-- This site is optimized with the Yoast SEO Premium plugin v20.6 (Yoast SEO v27.3) - https:\/\/yoast.com\/product\/yoast-seo-premium-wordpress\/ -->\n<title>Kaufen Sie DMT-Kristalle online | Beste DMT-Qualit\u00e4t | DM zu verkaufen<\/title>\n<meta name=\"description\" content=\"Kaufen Sie DMT-Kristalle online: DMT ist eine halluzinogene und psychedelische Droge, die die individuelle Wahrnehmung der Welt um sie herum ver\u00e4ndert.\" \/>\n<meta name=\"robots\" content=\"index, follow, max-snippet:-1, max-image-preview:large, max-video-preview:-1\" \/>\n<link rel=\"canonical\" href=\"https:\/\/gooddealersmeds.com\/de\/product\/dmt-kristall-online-kaufen\/\" \/>\n<meta property=\"og:locale\" content=\"en_US\" \/>\n<meta property=\"og:type\" content=\"article\" \/>\n<meta property=\"og:title\" content=\"Kaufen Sie DMT-Kristalle online\" \/>\n<meta property=\"og:description\" content=\"Kaufen Sie DMT-Kristalle online: DMT ist eine halluzinogene und psychedelische Droge, die die individuelle Wahrnehmung der Welt um sie herum ver\u00e4ndert.\" \/>\n<meta property=\"og:url\" content=\"https:\/\/gooddealersmeds.com\/de\/product\/dmt-kristall-online-kaufen\/\" \/>\n<meta property=\"og:site_name\" content=\"Good Dealers Meds\" \/>\n<meta property=\"article:modified_time\" content=\"2022-12-26T14:52:01+00:00\" \/>\n<meta property=\"og:image\" content=\"https:\/\/gooddealersmeds.com\/de\/wp-content\/uploads\/sites\/3\/2022\/03\/wcafo2x8fv051-scaled.webp\" \/>\n\t<meta property=\"og:image:width\" content=\"2560\" \/>\n\t<meta property=\"og:image:height\" content=\"1920\" \/>\n\t<meta property=\"og:image:type\" content=\"image\/webp\" \/>\n<meta name=\"twitter:card\" content=\"summary_large_image\" \/>\n<meta name=\"twitter:label1\" content=\"Est. reading time\" \/>\n\t<meta name=\"twitter:data1\" content=\"2 minutes\" \/>\n<script type=\"application\/ld+json\" class=\"yoast-schema-graph\">{\"@context\":\"https:\\\/\\\/schema.org\",\"@graph\":[{\"@type\":\"WebPage\",\"@id\":\"https:\\\/\\\/gooddealersmeds.com\\\/de\\\/product\\\/dmt-kristall-online-kaufen\\\/\",\"url\":\"https:\\\/\\\/gooddealersmeds.com\\\/de\\\/product\\\/dmt-kristall-online-kaufen\\\/\",\"name\":\"Kaufen Sie DMT-Kristalle online | Beste DMT-Qualit\u00e4t | DM zu verkaufen\",\"isPartOf\":{\"@id\":\"https:\\\/\\\/gooddealersmeds.com\\\/de\\\/#website\"},\"primaryImageOfPage\":{\"@id\":\"https:\\\/\\\/gooddealersmeds.com\\\/de\\\/product\\\/dmt-kristall-online-kaufen\\\/#primaryimage\"},\"image\":{\"@id\":\"https:\\\/\\\/gooddealersmeds.com\\\/de\\\/product\\\/dmt-kristall-online-kaufen\\\/#primaryimage\"},\"thumbnailUrl\":\"https:\\\/\\\/gooddealersmeds.com\\\/de\\\/wp-content\\\/uploads\\\/sites\\\/3\\\/2022\\\/03\\\/wcafo2x8fv051-scaled.webp\",\"datePublished\":\"2022-03-19T01:13:31+00:00\",\"dateModified\":\"2022-12-26T14:52:01+00:00\",\"description\":\"Kaufen Sie DMT-Kristalle online: DMT ist eine halluzinogene und psychedelische Droge, die die individuelle Wahrnehmung der Welt um sie herum ver\u00e4ndert.\",\"breadcrumb\":{\"@id\":\"https:\\\/\\\/gooddealersmeds.com\\\/de\\\/product\\\/dmt-kristall-online-kaufen\\\/#breadcrumb\"},\"inLanguage\":\"en-US\",\"potentialAction\":[{\"@type\":\"ReadAction\",\"target\":[\"https:\\\/\\\/gooddealersmeds.com\\\/de\\\/product\\\/dmt-kristall-online-kaufen\\\/\"]}]},{\"@type\":\"ImageObject\",\"inLanguage\":\"en-US\",\"@id\":\"https:\\\/\\\/gooddealersmeds.com\\\/de\\\/product\\\/dmt-kristall-online-kaufen\\\/#primaryimage\",\"url\":\"https:\\\/\\\/gooddealersmeds.com\\\/de\\\/wp-content\\\/uploads\\\/sites\\\/3\\\/2022\\\/03\\\/wcafo2x8fv051-scaled.webp\",\"contentUrl\":\"https:\\\/\\\/gooddealersmeds.com\\\/de\\\/wp-content\\\/uploads\\\/sites\\\/3\\\/2022\\\/03\\\/wcafo2x8fv051-scaled.webp\",\"width\":2560,\"height\":1920,\"caption\":\"Buy DMT Crystal Online\"},{\"@type\":\"BreadcrumbList\",\"@id\":\"https:\\\/\\\/gooddealersmeds.com\\\/de\\\/product\\\/dmt-kristall-online-kaufen\\\/#breadcrumb\",\"itemListElement\":[{\"@type\":\"ListItem\",\"position\":1,\"name\":\"Home\",\"item\":\"https:\\\/\\\/gooddealersmeds.com\\\/de\\\/\"},{\"@type\":\"ListItem\",\"position\":2,\"name\":\"Produkte\",\"item\":\"https:\\\/\\\/gooddealersmeds.com\\\/de\\\/produkte\\\/\"},{\"@type\":\"ListItem\",\"position\":3,\"name\":\"Kaufen Sie DMT-Kristalle online\"}]},{\"@type\":\"WebSite\",\"@id\":\"https:\\\/\\\/gooddealersmeds.com\\\/de\\\/#website\",\"url\":\"https:\\\/\\\/gooddealersmeds.com\\\/de\\\/\",\"name\":\"Good Dealers Meds\",\"description\":\"All our best\",\"publisher\":{\"@id\":\"https:\\\/\\\/gooddealersmeds.com\\\/de\\\/#organization\"},\"potentialAction\":[{\"@type\":\"SearchAction\",\"target\":{\"@type\":\"EntryPoint\",\"urlTemplate\":\"https:\\\/\\\/gooddealersmeds.com\\\/de\\\/?s={search_term_string}\"},\"query-input\":{\"@type\":\"PropertyValueSpecification\",\"valueRequired\":true,\"valueName\":\"search_term_string\"}}],\"inLanguage\":\"en-US\"},{\"@type\":\"Organization\",\"@id\":\"https:\\\/\\\/gooddealersmeds.com\\\/de\\\/#organization\",\"name\":\"Good Dealers Meds\",\"url\":\"https:\\\/\\\/gooddealersmeds.com\\\/de\\\/\",\"logo\":{\"@type\":\"ImageObject\",\"inLanguage\":\"en-US\",\"@id\":\"https:\\\/\\\/gooddealersmeds.com\\\/de\\\/#\\\/schema\\\/logo\\\/image\\\/\",\"url\":\"https:\\\/\\\/gooddealersmeds.com\\\/de\\\/wp-content\\\/uploads\\\/sites\\\/3\\\/2022\\\/03\\\/gooddealersmeds__logo__20220317T222800Z.00.png\",\"contentUrl\":\"https:\\\/\\\/gooddealersmeds.com\\\/de\\\/wp-content\\\/uploads\\\/sites\\\/3\\\/2022\\\/03\\\/gooddealersmeds__logo__20220317T222800Z.00.png\",\"width\":500,\"height\":325,\"caption\":\"Good Dealers Meds\"},\"image\":{\"@id\":\"https:\\\/\\\/gooddealersmeds.com\\\/de\\\/#\\\/schema\\\/logo\\\/image\\\/\"}}]}<\/script>\n<!-- \/ Yoast SEO Premium plugin. -->","yoast_head_json":{"title":"Kaufen Sie DMT-Kristalle online | Beste DMT-Qualit\u00e4t | DM zu verkaufen","description":"Kaufen Sie DMT-Kristalle online: DMT ist eine halluzinogene und psychedelische Droge, die die individuelle Wahrnehmung der Welt um sie herum ver\u00e4ndert.","robots":{"index":"index","follow":"follow","max-snippet":"max-snippet:-1","max-image-preview":"max-image-preview:large","max-video-preview":"max-video-preview:-1"},"canonical":"https:\/\/gooddealersmeds.com\/de\/product\/dmt-kristall-online-kaufen\/","og_locale":"en_US","og_type":"article","og_title":"Kaufen Sie DMT-Kristalle online","og_description":"Kaufen Sie DMT-Kristalle online: DMT ist eine halluzinogene und psychedelische Droge, die die individuelle Wahrnehmung der Welt um sie herum ver\u00e4ndert.","og_url":"https:\/\/gooddealersmeds.com\/de\/product\/dmt-kristall-online-kaufen\/","og_site_name":"Good Dealers Meds","article_modified_time":"2022-12-26T14:52:01+00:00","og_image":[{"width":2560,"height":1920,"url":"https:\/\/gooddealersmeds.com\/de\/wp-content\/uploads\/sites\/3\/2022\/03\/wcafo2x8fv051-scaled.webp","type":"image\/webp"}],"twitter_card":"summary_large_image","twitter_misc":{"Est. reading time":"2 minutes"},"schema":{"@context":"https:\/\/schema.org","@graph":[{"@type":"WebPage","@id":"https:\/\/gooddealersmeds.com\/de\/product\/dmt-kristall-online-kaufen\/","url":"https:\/\/gooddealersmeds.com\/de\/product\/dmt-kristall-online-kaufen\/","name":"Kaufen Sie DMT-Kristalle online | Beste DMT-Qualit\u00e4t | DM zu verkaufen","isPartOf":{"@id":"https:\/\/gooddealersmeds.com\/de\/#website"},"primaryImageOfPage":{"@id":"https:\/\/gooddealersmeds.com\/de\/product\/dmt-kristall-online-kaufen\/#primaryimage"},"image":{"@id":"https:\/\/gooddealersmeds.com\/de\/product\/dmt-kristall-online-kaufen\/#primaryimage"},"thumbnailUrl":"https:\/\/gooddealersmeds.com\/de\/wp-content\/uploads\/sites\/3\/2022\/03\/wcafo2x8fv051-scaled.webp","datePublished":"2022-03-19T01:13:31+00:00","dateModified":"2022-12-26T14:52:01+00:00","description":"Kaufen Sie DMT-Kristalle online: DMT ist eine halluzinogene und psychedelische Droge, die die individuelle Wahrnehmung der Welt um sie herum ver\u00e4ndert.","breadcrumb":{"@id":"https:\/\/gooddealersmeds.com\/de\/product\/dmt-kristall-online-kaufen\/#breadcrumb"},"inLanguage":"en-US","potentialAction":[{"@type":"ReadAction","target":["https:\/\/gooddealersmeds.com\/de\/product\/dmt-kristall-online-kaufen\/"]}]},{"@type":"ImageObject","inLanguage":"en-US","@id":"https:\/\/gooddealersmeds.com\/de\/product\/dmt-kristall-online-kaufen\/#primaryimage","url":"https:\/\/gooddealersmeds.com\/de\/wp-content\/uploads\/sites\/3\/2022\/03\/wcafo2x8fv051-scaled.webp","contentUrl":"https:\/\/gooddealersmeds.com\/de\/wp-content\/uploads\/sites\/3\/2022\/03\/wcafo2x8fv051-scaled.webp","width":2560,"height":1920,"caption":"Buy DMT Crystal Online"},{"@type":"BreadcrumbList","@id":"https:\/\/gooddealersmeds.com\/de\/product\/dmt-kristall-online-kaufen\/#breadcrumb","itemListElement":[{"@type":"ListItem","position":1,"name":"Home","item":"https:\/\/gooddealersmeds.com\/de\/"},{"@type":"ListItem","position":2,"name":"Produkte","item":"https:\/\/gooddealersmeds.com\/de\/produkte\/"},{"@type":"ListItem","position":3,"name":"Kaufen Sie DMT-Kristalle online"}]},{"@type":"WebSite","@id":"https:\/\/gooddealersmeds.com\/de\/#website","url":"https:\/\/gooddealersmeds.com\/de\/","name":"Good Dealers Meds","description":"All our best","publisher":{"@id":"https:\/\/gooddealersmeds.com\/de\/#organization"},"potentialAction":[{"@type":"SearchAction","target":{"@type":"EntryPoint","urlTemplate":"https:\/\/gooddealersmeds.com\/de\/?s={search_term_string}"},"query-input":{"@type":"PropertyValueSpecification","valueRequired":true,"valueName":"search_term_string"}}],"inLanguage":"en-US"},{"@type":"Organization","@id":"https:\/\/gooddealersmeds.com\/de\/#organization","name":"Good Dealers Meds","url":"https:\/\/gooddealersmeds.com\/de\/","logo":{"@type":"ImageObject","inLanguage":"en-US","@id":"https:\/\/gooddealersmeds.com\/de\/#\/schema\/logo\/image\/","url":"https:\/\/gooddealersmeds.com\/de\/wp-content\/uploads\/sites\/3\/2022\/03\/gooddealersmeds__logo__20220317T222800Z.00.png","contentUrl":"https:\/\/gooddealersmeds.com\/de\/wp-content\/uploads\/sites\/3\/2022\/03\/gooddealersmeds__logo__20220317T222800Z.00.png","width":500,"height":325,"caption":"Good Dealers Meds"},"image":{"@id":"https:\/\/gooddealersmeds.com\/de\/#\/schema\/logo\/image\/"}}]}},"_links":{"self":[{"href":"https:\/\/gooddealersmeds.com\/de\/wp-json\/wp\/v2\/product\/1678","targetHints":{"allow":["GET"]}}],"collection":[{"href":"https:\/\/gooddealersmeds.com\/de\/wp-json\/wp\/v2\/product"}],"about":[{"href":"https:\/\/gooddealersmeds.com\/de\/wp-json\/wp\/v2\/types\/product"}],"replies":[{"embeddable":true,"href":"https:\/\/gooddealersmeds.com\/de\/wp-json\/wp\/v2\/comments?post=1678"}],"wp:featuredmedia":[{"embeddable":true,"href":"https:\/\/gooddealersmeds.com\/de\/wp-json\/wp\/v2\/media\/2018"}],"wp:attachment":[{"href":"https:\/\/gooddealersmeds.com\/de\/wp-json\/wp\/v2\/media?parent=1678"}],"wp:term":[{"taxonomy":"product_brand","embeddable":true,"href":"https:\/\/gooddealersmeds.com\/de\/wp-json\/wp\/v2\/product_brand?post=1678"},{"taxonomy":"product_cat","embeddable":true,"href":"https:\/\/gooddealersmeds.com\/de\/wp-json\/wp\/v2\/product_cat?post=1678"},{"taxonomy":"product_tag","embeddable":true,"href":"https:\/\/gooddealersmeds.com\/de\/wp-json\/wp\/v2\/product_tag?post=1678"}],"curies":[{"name":"wp","href":"https:\/\/api.w.org\/{rel}","templated":true}]}}