{"id":1667,"date":"2022-03-19T01:05:58","date_gmt":"2022-03-19T01:05:58","guid":{"rendered":"https:\/\/gooddealersmeds.com\/de\/?post_type=product&#038;p=1667"},"modified":"2022-12-27T15:15:13","modified_gmt":"2022-12-27T15:15:13","slug":"kaufen-weises-heroin-100-rein-online","status":"publish","type":"product","link":"https:\/\/gooddealersmeds.com\/de\/product\/kaufen-weises-heroin-100-rein-online\/","title":{"rendered":"Kaufen Sie wei\u00dfes Heroin 100% rein online"},"content":{"rendered":"<h2>Wei\u00dfes Heroin 100 % rein online zum Verkauf<\/h2>\n<p>Kaufen Sie White Heroine 100% Chees online bei unserem <a href=\"https:\/\/gooddealersmeds.com\/de\/products\/\">Onlineshop<\/a>. Heroin ist ein wei\u00dfes oder braunes Pulver oder eine schwarze, klebrige Schmiere. Es ist ein\u00a0<span style=\"color: #333333\"><a id=\"anch_43\" style=\"color: #333333\" href=\"https:\/\/medlineplus.gov\/opioidmisuseandaddiction.html\">Opioid-Medikament<\/a> <\/span>\u00a0hergestellt aus Morphin, einer nat\u00fcrlichen Substanz in den Samenkapseln der asiatischen Mohnpflanze. Es kann mit Wasser gemischt und mit einer Nadel injiziert werden. Heroin kann auch geraucht oder durch die Nase geschnupft werden. All diese Arten der Einnahme von Heroin senden es sehr schnell an das Gehirn. Das macht sehr s\u00fcchtig. Kaufen Sie wei\u00dfes Heroin online.<\/p>\n<p>Psychische Folgen k\u00f6nnen ein starkes Gef\u00fchl der Euphorie, sexuelle Erregung, ein Verlust der Verbindung zur Realit\u00e4t oder Wut sein. Zu den k\u00f6rperlichen Symptomen k\u00f6nnen ein schneller Herzschlag, Schwei\u00df und gro\u00dfe Herden geh\u00f6ren. Kaufen Sie Kokain online.<\/p>\n<p>Wir versenden alle Produkte direkt aus unserem Lager per diskretem Versandservice. Aus Sicherheitsgr\u00fcnden erhalten Sie unser feinstes Kokain in Medikamenten-\/Lebensmittelverpackungen oder Tiegeln. H\u00e4ngt vom Gewicht und der Verf\u00fcgbarkeit von Verpackungsmaterialien ab.<\/p>\n<p>Da wei\u00dfes pulverisiertes Heroin leicht wasserl\u00f6slich ist, spritzen die meisten Heroinkonsumenten die Droge. Manche Leute schnuppern daran. Es wird normalerweise nicht geraucht, da es bei einer viel h\u00f6heren Temperatur brennt als andere Formen von Heroin.<\/p>\n<p>Wei\u00dfes Heroinpulver riecht manchmal nach Essig und schmeckt bitter. Das feine wei\u00dfe Pulver kann leicht mit Kokain verwechselt werden.<\/p>\n<p>&nbsp;<\/p>\n<pre><strong>Wei\u00dfes Heroin 100% pur online kaufen - Wei\u00dfes Heroin kaufen, Wei\u00dfes Heroin 100% pur kaufen, kaufen Wei\u00dfes Heroin 100% online kaufen, Wei\u00dfes Heroin 100% rein kaufen , Wei\u00dfes Heroin 100% rein kaufen, Wei\u00dfes Heroin 100% rein verkaufen, Wei\u00dfes Heroin online kaufen, Wei\u00dfes Heroin 100% rein online kaufen, Wei\u00dfes Heroin 100% rein zum Verkauf in den USA, USA, Kanada, Gro\u00dfbritannien, kaufen, online, Lieferanten, sichere Lieferung, Sie k\u00f6nnen immer noch wei\u00dfes Heroin 100% rein bekommen, ist wei\u00dfes Heroin 100% rein legal in den USA, kaufen Sie wei\u00dfes Heroin 100% rein online in den USA, So bestellen Sie 100 % reines wei\u00dfes Heroin , Ist 100 % reines wei\u00dfes Heroin in Kanada legal<\/strong><\/pre>\n","protected":false},"excerpt":{"rendered":"<p>Heutzutage ist es sehr schwierig geworden, wei\u00dfes Heroin 100 % rein online zu kaufen. Aber hier bei Heroin online kaufen finden Sie viele Arten von Heroin, die bei Gro\u00dfhandelsbestellungen versandkostenfrei zum Verkauf angeboten werden.<\/p>\n","protected":false},"featured_media":1677,"comment_status":"open","ping_status":"closed","template":"","meta":{"inline_featured_image":false},"product_brand":[],"product_cat":[343],"product_tag":[107,227,226,105,237,234,235,109,108,110,233,104,106,225,230,229,232,236,228,231],"class_list":{"0":"post-1667","1":"product","2":"type-product","3":"status-publish","4":"has-post-thumbnail","6":"product_cat-andere","7":"product_tag-buy","8":"product_tag-buy-white-heroin-100-online","9":"product_tag-buy-white-heroin-100-pure","10":"product_tag-canada","11":"product_tag-is-white-heroin-100-pure-legal-in-canada","12":"product_tag-is-white-heroin-100-pure-legal-in-usa","13":"product_tag-kaufen-white-heroin-100-pure-online-usa","14":"product_tag-lieferanten","15":"product_tag-online","16":"product_tag-safe-delivery","17":"product_tag-weies-heroin-100-rein-kannst-du-noch-bekommen","18":"product_tag-vereinigte-staaten-von-amerika","19":"product_tag-vereinigtes-knigreich","20":"product_tag-kaufen-weies-heroin-100-reines-online-kaufen-weisses-heroin","21":"product_tag-weies-heroin-online-kaufen","22":"product_tag-white-heroin-100-pure-for-sale","23":"product_tag-white-heroin-100-pure-for-sale-in-usa","24":"product_tag-war-bestellen-weies-heroin-100-rein","25":"product_tag-wo-kauft-weies-heroin-100-rein","26":"product_tag-wo-weies-heroin-100-rein-online-kaufen","27":"pa_grams-1-kg-1000-g","28":"pa_grams-10-g","29":"pa_grams-100-g","30":"pa_grams-20-g","31":"pa_grams-200-g","32":"pa_grams-35-g","33":"pa_grams-50-g","34":"pa_grams-500-g","36":"first","37":"instock","38":"featured","39":"shipping-taxable","40":"purchasable","41":"product-type-variable","42":"has-default-attributes"},"yoast_head":"<!-- This site is optimized with the Yoast SEO Premium plugin v20.6 (Yoast SEO v27.4) - https:\/\/yoast.com\/product\/yoast-seo-premium-wordpress\/ -->\n<title>Wei\u00dfes Heroin online kaufen (100% rein) | Heroin zum Verkauf<\/title>\n<meta name=\"description\" content=\"Heutzutage ist es sehr schwierig geworden, wei\u00dfes Heroin 100 % rein online zu kaufen. Aber hier bei Heroin online kaufen finden Sie viele Arten von Heroin.\" \/>\n<meta name=\"robots\" content=\"index, follow, max-snippet:-1, max-image-preview:large, max-video-preview:-1\" \/>\n<link rel=\"canonical\" href=\"https:\/\/gooddealersmeds.com\/de\/product\/kaufen-weises-heroin-100-rein-online\/\" \/>\n<meta property=\"og:locale\" content=\"en_US\" \/>\n<meta property=\"og:type\" content=\"article\" \/>\n<meta property=\"og:title\" content=\"Kaufen Sie wei\u00dfes Heroin 100% rein online\" \/>\n<meta property=\"og:description\" content=\"Heutzutage ist es sehr schwierig geworden, wei\u00dfes Heroin 100 % rein online zu kaufen. Aber hier bei Heroin online kaufen finden Sie viele Arten von Heroin.\" \/>\n<meta property=\"og:url\" content=\"https:\/\/gooddealersmeds.com\/de\/product\/kaufen-weises-heroin-100-rein-online\/\" \/>\n<meta property=\"og:site_name\" content=\"Good Dealers Meds\" \/>\n<meta property=\"article:modified_time\" content=\"2022-12-27T15:15:13+00:00\" \/>\n<meta property=\"og:image\" content=\"https:\/\/gooddealersmeds.com\/de\/wp-content\/uploads\/sites\/3\/2022\/03\/Buy-White-Heroin-100-pure-online.jpg\" \/>\n\t<meta property=\"og:image:width\" content=\"600\" \/>\n\t<meta property=\"og:image:height\" content=\"600\" \/>\n\t<meta property=\"og:image:type\" content=\"image\/jpeg\" \/>\n<meta name=\"twitter:card\" content=\"summary_large_image\" \/>\n<meta name=\"twitter:label1\" content=\"Est. reading time\" \/>\n\t<meta name=\"twitter:data1\" content=\"2 minutes\" \/>\n<script type=\"application\/ld+json\" class=\"yoast-schema-graph\">{\"@context\":\"https:\\\/\\\/schema.org\",\"@graph\":[{\"@type\":\"WebPage\",\"@id\":\"https:\\\/\\\/gooddealersmeds.com\\\/de\\\/product\\\/kaufen-weises-heroin-100-rein-online\\\/\",\"url\":\"https:\\\/\\\/gooddealersmeds.com\\\/de\\\/product\\\/kaufen-weises-heroin-100-rein-online\\\/\",\"name\":\"Wei\u00dfes Heroin online kaufen (100% rein) | Heroin zum Verkauf\",\"isPartOf\":{\"@id\":\"https:\\\/\\\/gooddealersmeds.com\\\/de\\\/#website\"},\"primaryImageOfPage\":{\"@id\":\"https:\\\/\\\/gooddealersmeds.com\\\/de\\\/product\\\/kaufen-weises-heroin-100-rein-online\\\/#primaryimage\"},\"image\":{\"@id\":\"https:\\\/\\\/gooddealersmeds.com\\\/de\\\/product\\\/kaufen-weises-heroin-100-rein-online\\\/#primaryimage\"},\"thumbnailUrl\":\"https:\\\/\\\/gooddealersmeds.com\\\/de\\\/wp-content\\\/uploads\\\/sites\\\/3\\\/2022\\\/03\\\/Buy-White-Heroin-100-pure-online.jpg\",\"datePublished\":\"2022-03-19T01:05:58+00:00\",\"dateModified\":\"2022-12-27T15:15:13+00:00\",\"description\":\"Heutzutage ist es sehr schwierig geworden, wei\u00dfes Heroin 100 % rein online zu kaufen. Aber hier bei Heroin online kaufen finden Sie viele Arten von Heroin.\",\"breadcrumb\":{\"@id\":\"https:\\\/\\\/gooddealersmeds.com\\\/de\\\/product\\\/kaufen-weises-heroin-100-rein-online\\\/#breadcrumb\"},\"inLanguage\":\"en-US\",\"potentialAction\":[{\"@type\":\"ReadAction\",\"target\":[\"https:\\\/\\\/gooddealersmeds.com\\\/de\\\/product\\\/kaufen-weises-heroin-100-rein-online\\\/\"]}]},{\"@type\":\"ImageObject\",\"inLanguage\":\"en-US\",\"@id\":\"https:\\\/\\\/gooddealersmeds.com\\\/de\\\/product\\\/kaufen-weises-heroin-100-rein-online\\\/#primaryimage\",\"url\":\"https:\\\/\\\/gooddealersmeds.com\\\/de\\\/wp-content\\\/uploads\\\/sites\\\/3\\\/2022\\\/03\\\/Buy-White-Heroin-100-pure-online.jpg\",\"contentUrl\":\"https:\\\/\\\/gooddealersmeds.com\\\/de\\\/wp-content\\\/uploads\\\/sites\\\/3\\\/2022\\\/03\\\/Buy-White-Heroin-100-pure-online.jpg\",\"width\":600,\"height\":600,\"caption\":\"Buy White Heroin Online\"},{\"@type\":\"BreadcrumbList\",\"@id\":\"https:\\\/\\\/gooddealersmeds.com\\\/de\\\/product\\\/kaufen-weises-heroin-100-rein-online\\\/#breadcrumb\",\"itemListElement\":[{\"@type\":\"ListItem\",\"position\":1,\"name\":\"Home\",\"item\":\"https:\\\/\\\/gooddealersmeds.com\\\/de\\\/\"},{\"@type\":\"ListItem\",\"position\":2,\"name\":\"Produkte\",\"item\":\"https:\\\/\\\/gooddealersmeds.com\\\/de\\\/produkte\\\/\"},{\"@type\":\"ListItem\",\"position\":3,\"name\":\"Kaufen Sie wei\u00dfes Heroin 100% rein online\"}]},{\"@type\":\"WebSite\",\"@id\":\"https:\\\/\\\/gooddealersmeds.com\\\/de\\\/#website\",\"url\":\"https:\\\/\\\/gooddealersmeds.com\\\/de\\\/\",\"name\":\"Good Dealers Meds\",\"description\":\"All our best\",\"publisher\":{\"@id\":\"https:\\\/\\\/gooddealersmeds.com\\\/de\\\/#organization\"},\"potentialAction\":[{\"@type\":\"SearchAction\",\"target\":{\"@type\":\"EntryPoint\",\"urlTemplate\":\"https:\\\/\\\/gooddealersmeds.com\\\/de\\\/?s={search_term_string}\"},\"query-input\":{\"@type\":\"PropertyValueSpecification\",\"valueRequired\":true,\"valueName\":\"search_term_string\"}}],\"inLanguage\":\"en-US\"},{\"@type\":\"Organization\",\"@id\":\"https:\\\/\\\/gooddealersmeds.com\\\/de\\\/#organization\",\"name\":\"Good Dealers Meds\",\"url\":\"https:\\\/\\\/gooddealersmeds.com\\\/de\\\/\",\"logo\":{\"@type\":\"ImageObject\",\"inLanguage\":\"en-US\",\"@id\":\"https:\\\/\\\/gooddealersmeds.com\\\/de\\\/#\\\/schema\\\/logo\\\/image\\\/\",\"url\":\"https:\\\/\\\/gooddealersmeds.com\\\/de\\\/wp-content\\\/uploads\\\/sites\\\/3\\\/2022\\\/03\\\/gooddealersmeds__logo__20220317T222800Z.00.png\",\"contentUrl\":\"https:\\\/\\\/gooddealersmeds.com\\\/de\\\/wp-content\\\/uploads\\\/sites\\\/3\\\/2022\\\/03\\\/gooddealersmeds__logo__20220317T222800Z.00.png\",\"width\":500,\"height\":325,\"caption\":\"Good Dealers Meds\"},\"image\":{\"@id\":\"https:\\\/\\\/gooddealersmeds.com\\\/de\\\/#\\\/schema\\\/logo\\\/image\\\/\"}}]}<\/script>\n<!-- \/ Yoast SEO Premium plugin. -->","yoast_head_json":{"title":"Wei\u00dfes Heroin online kaufen (100% rein) | Heroin zum Verkauf","description":"Heutzutage ist es sehr schwierig geworden, wei\u00dfes Heroin 100 % rein online zu kaufen. Aber hier bei Heroin online kaufen finden Sie viele Arten von Heroin.","robots":{"index":"index","follow":"follow","max-snippet":"max-snippet:-1","max-image-preview":"max-image-preview:large","max-video-preview":"max-video-preview:-1"},"canonical":"https:\/\/gooddealersmeds.com\/de\/product\/kaufen-weises-heroin-100-rein-online\/","og_locale":"en_US","og_type":"article","og_title":"Kaufen Sie wei\u00dfes Heroin 100% rein online","og_description":"Heutzutage ist es sehr schwierig geworden, wei\u00dfes Heroin 100 % rein online zu kaufen. Aber hier bei Heroin online kaufen finden Sie viele Arten von Heroin.","og_url":"https:\/\/gooddealersmeds.com\/de\/product\/kaufen-weises-heroin-100-rein-online\/","og_site_name":"Good Dealers Meds","article_modified_time":"2022-12-27T15:15:13+00:00","og_image":[{"width":600,"height":600,"url":"https:\/\/gooddealersmeds.com\/de\/wp-content\/uploads\/sites\/3\/2022\/03\/Buy-White-Heroin-100-pure-online.jpg","type":"image\/jpeg"}],"twitter_card":"summary_large_image","twitter_misc":{"Est. reading time":"2 minutes"},"schema":{"@context":"https:\/\/schema.org","@graph":[{"@type":"WebPage","@id":"https:\/\/gooddealersmeds.com\/de\/product\/kaufen-weises-heroin-100-rein-online\/","url":"https:\/\/gooddealersmeds.com\/de\/product\/kaufen-weises-heroin-100-rein-online\/","name":"Wei\u00dfes Heroin online kaufen (100% rein) | Heroin zum Verkauf","isPartOf":{"@id":"https:\/\/gooddealersmeds.com\/de\/#website"},"primaryImageOfPage":{"@id":"https:\/\/gooddealersmeds.com\/de\/product\/kaufen-weises-heroin-100-rein-online\/#primaryimage"},"image":{"@id":"https:\/\/gooddealersmeds.com\/de\/product\/kaufen-weises-heroin-100-rein-online\/#primaryimage"},"thumbnailUrl":"https:\/\/gooddealersmeds.com\/de\/wp-content\/uploads\/sites\/3\/2022\/03\/Buy-White-Heroin-100-pure-online.jpg","datePublished":"2022-03-19T01:05:58+00:00","dateModified":"2022-12-27T15:15:13+00:00","description":"Heutzutage ist es sehr schwierig geworden, wei\u00dfes Heroin 100 % rein online zu kaufen. Aber hier bei Heroin online kaufen finden Sie viele Arten von Heroin.","breadcrumb":{"@id":"https:\/\/gooddealersmeds.com\/de\/product\/kaufen-weises-heroin-100-rein-online\/#breadcrumb"},"inLanguage":"en-US","potentialAction":[{"@type":"ReadAction","target":["https:\/\/gooddealersmeds.com\/de\/product\/kaufen-weises-heroin-100-rein-online\/"]}]},{"@type":"ImageObject","inLanguage":"en-US","@id":"https:\/\/gooddealersmeds.com\/de\/product\/kaufen-weises-heroin-100-rein-online\/#primaryimage","url":"https:\/\/gooddealersmeds.com\/de\/wp-content\/uploads\/sites\/3\/2022\/03\/Buy-White-Heroin-100-pure-online.jpg","contentUrl":"https:\/\/gooddealersmeds.com\/de\/wp-content\/uploads\/sites\/3\/2022\/03\/Buy-White-Heroin-100-pure-online.jpg","width":600,"height":600,"caption":"Buy White Heroin Online"},{"@type":"BreadcrumbList","@id":"https:\/\/gooddealersmeds.com\/de\/product\/kaufen-weises-heroin-100-rein-online\/#breadcrumb","itemListElement":[{"@type":"ListItem","position":1,"name":"Home","item":"https:\/\/gooddealersmeds.com\/de\/"},{"@type":"ListItem","position":2,"name":"Produkte","item":"https:\/\/gooddealersmeds.com\/de\/produkte\/"},{"@type":"ListItem","position":3,"name":"Kaufen Sie wei\u00dfes Heroin 100% rein online"}]},{"@type":"WebSite","@id":"https:\/\/gooddealersmeds.com\/de\/#website","url":"https:\/\/gooddealersmeds.com\/de\/","name":"Good Dealers Meds","description":"All our best","publisher":{"@id":"https:\/\/gooddealersmeds.com\/de\/#organization"},"potentialAction":[{"@type":"SearchAction","target":{"@type":"EntryPoint","urlTemplate":"https:\/\/gooddealersmeds.com\/de\/?s={search_term_string}"},"query-input":{"@type":"PropertyValueSpecification","valueRequired":true,"valueName":"search_term_string"}}],"inLanguage":"en-US"},{"@type":"Organization","@id":"https:\/\/gooddealersmeds.com\/de\/#organization","name":"Good Dealers Meds","url":"https:\/\/gooddealersmeds.com\/de\/","logo":{"@type":"ImageObject","inLanguage":"en-US","@id":"https:\/\/gooddealersmeds.com\/de\/#\/schema\/logo\/image\/","url":"https:\/\/gooddealersmeds.com\/de\/wp-content\/uploads\/sites\/3\/2022\/03\/gooddealersmeds__logo__20220317T222800Z.00.png","contentUrl":"https:\/\/gooddealersmeds.com\/de\/wp-content\/uploads\/sites\/3\/2022\/03\/gooddealersmeds__logo__20220317T222800Z.00.png","width":500,"height":325,"caption":"Good Dealers Meds"},"image":{"@id":"https:\/\/gooddealersmeds.com\/de\/#\/schema\/logo\/image\/"}}]}},"_links":{"self":[{"href":"https:\/\/gooddealersmeds.com\/de\/wp-json\/wp\/v2\/product\/1667","targetHints":{"allow":["GET"]}}],"collection":[{"href":"https:\/\/gooddealersmeds.com\/de\/wp-json\/wp\/v2\/product"}],"about":[{"href":"https:\/\/gooddealersmeds.com\/de\/wp-json\/wp\/v2\/types\/product"}],"replies":[{"embeddable":true,"href":"https:\/\/gooddealersmeds.com\/de\/wp-json\/wp\/v2\/comments?post=1667"}],"wp:featuredmedia":[{"embeddable":true,"href":"https:\/\/gooddealersmeds.com\/de\/wp-json\/wp\/v2\/media\/1677"}],"wp:attachment":[{"href":"https:\/\/gooddealersmeds.com\/de\/wp-json\/wp\/v2\/media?parent=1667"}],"wp:term":[{"taxonomy":"product_brand","embeddable":true,"href":"https:\/\/gooddealersmeds.com\/de\/wp-json\/wp\/v2\/product_brand?post=1667"},{"taxonomy":"product_cat","embeddable":true,"href":"https:\/\/gooddealersmeds.com\/de\/wp-json\/wp\/v2\/product_cat?post=1667"},{"taxonomy":"product_tag","embeddable":true,"href":"https:\/\/gooddealersmeds.com\/de\/wp-json\/wp\/v2\/product_tag?post=1667"}],"curies":[{"name":"wp","href":"https:\/\/api.w.org\/{rel}","templated":true}]}}