{"id":1657,"date":"2022-03-19T00:58:27","date_gmt":"2022-03-19T00:58:27","guid":{"rendered":"https:\/\/gooddealersmeds.com\/de\/?post_type=product&#038;p=1657"},"modified":"2022-12-27T15:16:29","modified_gmt":"2022-12-27T15:16:29","slug":"pulverisiertes-kokain-online-98-8-rein-bestellen","status":"publish","type":"product","link":"https:\/\/gooddealersmeds.com\/de\/product\/pulverisiertes-kokain-online-98-8-rein-bestellen\/","title":{"rendered":"Bestellen Sie pulverisiertes Kokain online 98,8% rein"},"content":{"rendered":"<h2>Kokainpulver online kaufen<\/h2>\n<p>Kaufen Sie reines Kokainpulver online in bester Qualit\u00e4t bei unseren <a href=\"https:\/\/gooddealersmeds.com\/de\/products\/\"><span style=\"color: #333333\">Online-Shop<\/span><\/a>. Kokainpulver ist die h\u00e4ufigste Form von Kokain. Aus diesem Grund ist es auch als Stra\u00dfendroge bekannt. Dieses Pulver wird aus den Coca-Pflanzen hergestellt, die haupts\u00e4chlich und h\u00e4ufig in s\u00fcdlichen L\u00e4ndern zu finden sind.<\/p>\n<p>Es ist ein starkes Stimulans, das bei der Behandlung vieler Krankheiten verwendet wird, indem es direkt auf das zentrale Gehirn einwirkt. Dieses Stimulans verst\u00e4rkt die bestimmten Chemikalien im Gehirn, um einige gew\u00fcnschte Wirkungen auf das menschliche Organsystem auszuf\u00fchren. Aufgrund mehrerer Merkmale ist es die am h\u00e4ufigsten verwendete Form von Kokain auf der ganzen Welt.<\/p>\n<p>Kokainpulver im Vergleich zu einer anderen Form von Kokain<\/p>\n<p><strong>Methode zur Verwendung von Kokainpulver<\/strong><\/p>\n<p>Kokainpulver ist nicht nur f\u00fcr den menschlichen K\u00f6rper n\u00fctzlich. Aber es ist auch weniger sch\u00e4dlich f\u00fcr die menschliche Gesundheit, was das Schl\u00fcsselmerkmal hinter seinem Erfolg ist. Es wird oft durch Mischen mit anderen Prodrugs wie Fentanyl, Talkumpuder usw. verwendet. Es kann jedoch gesundheitssch\u00e4dlich sein, wenn es unkontrolliert mit Fentanyl gemischt wird.<\/p>\n<p>Deshalb sollte es bei der Verwendung \u00fcberpr\u00fcft werden so ein starkes Prodrug. Es gibt viele M\u00f6glichkeiten, wie Menschen dieses pulverartige Schnupfen, Rauchen in Form einer Zigarette oder durch direkte Injektion in die Vene verwenden. Die Art und Weise, wie es verwendet werden sollte, h\u00e4ngt von der k\u00f6rperlichen und geistigen Verfassung des Menschen ab. Kaufen Sie Kokainpulver online<\/p>\n<p>Einige Leute haben dieses Pulver auch durch Mischen mit Erfrischungsgetr\u00e4nken verwendet, aber es ist eine sehr gef\u00e4hrliche Methode, es einzunehmen.<\/p>\n<p><strong>Medizinische Verwendung von Kokainpulver<\/strong><\/p>\n<p>Kokainpulver erh\u00f6ht auch das Reaktionssystem des menschlichen Gehirns, indem es die Menge an Chemikalien darin erh\u00f6ht. Die \u00c4rzte verschreiben dieses Medikament, wenn sie es mit Menschen zu tun haben, die in ihren Bewegungen und Handlungen unter Tr\u00e4gheit leiden. Kokainhydrochlorid zum Verkauf<\/p>\n<p>Au\u00dferdem wird es von \u00c4rzten bei vielen chirurgischen Eingriffen verwendet, um das Schmerzgef\u00fchl zu reduzieren. Seine kurzzeitige Anwendung ist f\u00fcr den Menschen sehr n\u00fctzlich, da es dem menschlichen Geist ein Gef\u00fchl von Gl\u00fcck und Energie verleiht. Aufgrund dieser Eigenschaften ist es bei allen Arten von Menschen auf dieser Welt beliebt.<\/p>\n<p>Kokainpulver ist auf dem Online-Marktplatz f\u00fcr jedermann erh\u00e4ltlich und leicht zug\u00e4nglich. Auch unser Online-Shop bietet dieses einzigartige Pulver zu sehr g\u00fcnstigen Preisen an. Au\u00dferdem liefern wir das Produkt so schnell wie m\u00f6glich an Ihre Haust\u00fcr.<\/p>\n<p>&nbsp;<\/p>\n<p>&nbsp;<\/p>\n<pre><strong>Bestellen Sie online 98,8 % reines Kokainpulver - Kokainpulver kaufen, Kokainpulver online kaufen 98,8% rein, Kokainpulver online kaufen, Wo kaufen Kokainpulver online 98,8% rein,Kokainpulver online 98,8% rein zum Verkauf, Kokainpulver online 98,8% rein zum Verkauf kaufen, Kokainpulver online kaufen , wo man Kokainpulver online kaufen kann, Kokainpulver online 98,8 % rein zum Verkauf in den USA, USA, Kanada, Gro\u00dfbritannien, kaufen, online, Lieferanten, sichere Lieferung % reines legal in den USA, kaufen Sie pulverisiertes Kokain online 98,8 % rein online in den USA, wie bestelle ich pulverisiertes Kokain online 98,8 % rein, Ist pulverisiertes Kokain online 98,8 % rein legal in Kanada<\/strong><\/pre>\n","protected":false},"excerpt":{"rendered":"<p>Kokainpulver online kaufen. Kaufen Sie Kokain, Kokain, Crak-Kokain. Reines wei\u00dfes Pulver ungeschnitten und geschnitten auf Lager verf\u00fcgbar Verpackung und Versand sind sehr diskret und umgehen alle Zoll- oder Strafverfolgungsbeh\u00f6rden. Kokain online kaufen, Kokain zum Verkauf, legales Kokain, Kokain online mit Kreditkarte kaufen, Kokainpulver zum Verkauf.<\/p>\n","protected":false},"featured_media":1666,"comment_status":"open","ping_status":"closed","template":"","meta":{"inline_featured_image":false},"product_brand":[],"product_cat":[343],"product_tag":[608,599,602,604,600,606,107,221,105,222,598,601,603,214,109,108,218,605,110,607,217,609],"class_list":{"0":"post-1657","1":"product","2":"type-product","3":"status-publish","4":"has-post-thumbnail","6":"product_cat-andere","7":"product_tag-8-erhalten","8":"product_tag-8-rein-legal-in-kanada","9":"product_tag-8-rein","10":"product_tag-8-rein-kokainpulver-kaufen","11":"product_tag-8-rein-legal-in-den-usa","12":"product_tag-8-rein-zum-verkauf","13":"product_tag-buy","14":"product_tag-buy-powdered-cocaine-online-98-8-pure-online-usa","15":"product_tag-canada","16":"product_tag-how-to-order-powdered-cocaine-online-98-8-pure","17":"product_tag-ist-pulverisiertes-kokain-online-zu-98","18":"product_tag-kaufen-sie-pulverisiertes-kokain-online-98","19":"product_tag-kokainpulver-online-bestellen-98","20":"product_tag-pulverisiertes-kokain-online-kaufen","21":"product_tag-lieferanten","22":"product_tag-online","23":"product_tag-powdered-cocaine-online-98-8-pure-for-sale-in-usa","24":"product_tag-pulverisiertes-kokain-online-98","25":"product_tag-safe-delivery","26":"product_tag-sie-konnen-immer-noch-pulverisiertes-kokain-online-mit-einer-reinheit-von-98","27":"product_tag-wo-man-kokainpulver-online-kaufen-kann","28":"product_tag-wo-kann-man-pulverisiertes-kokain-online-kaufen-98","29":"pa_grams-1-kg-1000-g","30":"pa_grams-10-g","31":"pa_grams-100-g","32":"pa_grams-20-g","33":"pa_grams-200-g","34":"pa_grams-35-g","35":"pa_grams-50-g","36":"pa_grams-500-g","38":"first","39":"instock","40":"featured","41":"shipping-taxable","42":"purchasable","43":"product-type-variable","44":"has-default-attributes"},"yoast_head":"<!-- This site is optimized with the Yoast SEO Premium plugin v20.6 (Yoast SEO v27.3) - https:\/\/yoast.com\/product\/yoast-seo-premium-wordpress\/ -->\n<title>Kaufen Sie Kokainpulver online (98,8 % rein) | Kokain zu verkaufen | Coke<\/title>\n<meta name=\"description\" content=\"Kaufen Sie reines Kokainpulver online in bester Qualit\u00e4t. Wir sind der zuverl\u00e4ssigste und diskreteste Anbieter von billigem Crack-Kokain online.\" \/>\n<meta name=\"robots\" content=\"index, follow, max-snippet:-1, max-image-preview:large, max-video-preview:-1\" \/>\n<link rel=\"canonical\" href=\"https:\/\/gooddealersmeds.com\/de\/product\/pulverisiertes-kokain-online-98-8-rein-bestellen\/\" \/>\n<meta property=\"og:locale\" content=\"en_US\" \/>\n<meta property=\"og:type\" content=\"article\" \/>\n<meta property=\"og:title\" content=\"Bestellen Sie pulverisiertes Kokain online 98,8% rein\" \/>\n<meta property=\"og:description\" content=\"Kaufen Sie reines Kokainpulver online in bester Qualit\u00e4t. Wir sind der zuverl\u00e4ssigste und diskreteste Anbieter von billigem Crack-Kokain online.\" \/>\n<meta property=\"og:url\" content=\"https:\/\/gooddealersmeds.com\/de\/product\/pulverisiertes-kokain-online-98-8-rein-bestellen\/\" \/>\n<meta property=\"og:site_name\" content=\"Good Dealers Meds\" \/>\n<meta property=\"article:modified_time\" content=\"2022-12-27T15:16:29+00:00\" \/>\n<meta property=\"og:image\" content=\"https:\/\/gooddealersmeds.com\/de\/wp-content\/uploads\/sites\/3\/2022\/03\/coc.jpg\" \/>\n\t<meta property=\"og:image:width\" content=\"600\" \/>\n\t<meta property=\"og:image:height\" content=\"600\" \/>\n\t<meta property=\"og:image:type\" content=\"image\/jpeg\" \/>\n<meta name=\"twitter:card\" content=\"summary_large_image\" \/>\n<meta name=\"twitter:label1\" content=\"Est. reading time\" \/>\n\t<meta name=\"twitter:data1\" content=\"3 minutes\" \/>\n<script type=\"application\/ld+json\" class=\"yoast-schema-graph\">{\"@context\":\"https:\\\/\\\/schema.org\",\"@graph\":[{\"@type\":\"WebPage\",\"@id\":\"https:\\\/\\\/gooddealersmeds.com\\\/de\\\/product\\\/pulverisiertes-kokain-online-98-8-rein-bestellen\\\/\",\"url\":\"https:\\\/\\\/gooddealersmeds.com\\\/de\\\/product\\\/pulverisiertes-kokain-online-98-8-rein-bestellen\\\/\",\"name\":\"Kaufen Sie Kokainpulver online (98,8 % rein) | Kokain zu verkaufen | Coke\",\"isPartOf\":{\"@id\":\"https:\\\/\\\/gooddealersmeds.com\\\/de\\\/#website\"},\"primaryImageOfPage\":{\"@id\":\"https:\\\/\\\/gooddealersmeds.com\\\/de\\\/product\\\/pulverisiertes-kokain-online-98-8-rein-bestellen\\\/#primaryimage\"},\"image\":{\"@id\":\"https:\\\/\\\/gooddealersmeds.com\\\/de\\\/product\\\/pulverisiertes-kokain-online-98-8-rein-bestellen\\\/#primaryimage\"},\"thumbnailUrl\":\"https:\\\/\\\/gooddealersmeds.com\\\/de\\\/wp-content\\\/uploads\\\/sites\\\/3\\\/2022\\\/03\\\/coc.jpg\",\"datePublished\":\"2022-03-19T00:58:27+00:00\",\"dateModified\":\"2022-12-27T15:16:29+00:00\",\"description\":\"Kaufen Sie reines Kokainpulver online in bester Qualit\u00e4t. Wir sind der zuverl\u00e4ssigste und diskreteste Anbieter von billigem Crack-Kokain online.\",\"breadcrumb\":{\"@id\":\"https:\\\/\\\/gooddealersmeds.com\\\/de\\\/product\\\/pulverisiertes-kokain-online-98-8-rein-bestellen\\\/#breadcrumb\"},\"inLanguage\":\"en-US\",\"potentialAction\":[{\"@type\":\"ReadAction\",\"target\":[\"https:\\\/\\\/gooddealersmeds.com\\\/de\\\/product\\\/pulverisiertes-kokain-online-98-8-rein-bestellen\\\/\"]}]},{\"@type\":\"ImageObject\",\"inLanguage\":\"en-US\",\"@id\":\"https:\\\/\\\/gooddealersmeds.com\\\/de\\\/product\\\/pulverisiertes-kokain-online-98-8-rein-bestellen\\\/#primaryimage\",\"url\":\"https:\\\/\\\/gooddealersmeds.com\\\/de\\\/wp-content\\\/uploads\\\/sites\\\/3\\\/2022\\\/03\\\/coc.jpg\",\"contentUrl\":\"https:\\\/\\\/gooddealersmeds.com\\\/de\\\/wp-content\\\/uploads\\\/sites\\\/3\\\/2022\\\/03\\\/coc.jpg\",\"width\":600,\"height\":600,\"caption\":\"Buy Cocaine Powder Online\"},{\"@type\":\"BreadcrumbList\",\"@id\":\"https:\\\/\\\/gooddealersmeds.com\\\/de\\\/product\\\/pulverisiertes-kokain-online-98-8-rein-bestellen\\\/#breadcrumb\",\"itemListElement\":[{\"@type\":\"ListItem\",\"position\":1,\"name\":\"Home\",\"item\":\"https:\\\/\\\/gooddealersmeds.com\\\/de\\\/\"},{\"@type\":\"ListItem\",\"position\":2,\"name\":\"Produkte\",\"item\":\"https:\\\/\\\/gooddealersmeds.com\\\/de\\\/produkte\\\/\"},{\"@type\":\"ListItem\",\"position\":3,\"name\":\"Bestellen Sie pulverisiertes Kokain online 98,8% rein\"}]},{\"@type\":\"WebSite\",\"@id\":\"https:\\\/\\\/gooddealersmeds.com\\\/de\\\/#website\",\"url\":\"https:\\\/\\\/gooddealersmeds.com\\\/de\\\/\",\"name\":\"Good Dealers Meds\",\"description\":\"All our best\",\"publisher\":{\"@id\":\"https:\\\/\\\/gooddealersmeds.com\\\/de\\\/#organization\"},\"potentialAction\":[{\"@type\":\"SearchAction\",\"target\":{\"@type\":\"EntryPoint\",\"urlTemplate\":\"https:\\\/\\\/gooddealersmeds.com\\\/de\\\/?s={search_term_string}\"},\"query-input\":{\"@type\":\"PropertyValueSpecification\",\"valueRequired\":true,\"valueName\":\"search_term_string\"}}],\"inLanguage\":\"en-US\"},{\"@type\":\"Organization\",\"@id\":\"https:\\\/\\\/gooddealersmeds.com\\\/de\\\/#organization\",\"name\":\"Good Dealers Meds\",\"url\":\"https:\\\/\\\/gooddealersmeds.com\\\/de\\\/\",\"logo\":{\"@type\":\"ImageObject\",\"inLanguage\":\"en-US\",\"@id\":\"https:\\\/\\\/gooddealersmeds.com\\\/de\\\/#\\\/schema\\\/logo\\\/image\\\/\",\"url\":\"https:\\\/\\\/gooddealersmeds.com\\\/de\\\/wp-content\\\/uploads\\\/sites\\\/3\\\/2022\\\/03\\\/gooddealersmeds__logo__20220317T222800Z.00.png\",\"contentUrl\":\"https:\\\/\\\/gooddealersmeds.com\\\/de\\\/wp-content\\\/uploads\\\/sites\\\/3\\\/2022\\\/03\\\/gooddealersmeds__logo__20220317T222800Z.00.png\",\"width\":500,\"height\":325,\"caption\":\"Good Dealers Meds\"},\"image\":{\"@id\":\"https:\\\/\\\/gooddealersmeds.com\\\/de\\\/#\\\/schema\\\/logo\\\/image\\\/\"}}]}<\/script>\n<!-- \/ Yoast SEO Premium plugin. -->","yoast_head_json":{"title":"Kaufen Sie Kokainpulver online (98,8 % rein) | Kokain zu verkaufen | Coke","description":"Kaufen Sie reines Kokainpulver online in bester Qualit\u00e4t. Wir sind der zuverl\u00e4ssigste und diskreteste Anbieter von billigem Crack-Kokain online.","robots":{"index":"index","follow":"follow","max-snippet":"max-snippet:-1","max-image-preview":"max-image-preview:large","max-video-preview":"max-video-preview:-1"},"canonical":"https:\/\/gooddealersmeds.com\/de\/product\/pulverisiertes-kokain-online-98-8-rein-bestellen\/","og_locale":"en_US","og_type":"article","og_title":"Bestellen Sie pulverisiertes Kokain online 98,8% rein","og_description":"Kaufen Sie reines Kokainpulver online in bester Qualit\u00e4t. Wir sind der zuverl\u00e4ssigste und diskreteste Anbieter von billigem Crack-Kokain online.","og_url":"https:\/\/gooddealersmeds.com\/de\/product\/pulverisiertes-kokain-online-98-8-rein-bestellen\/","og_site_name":"Good Dealers Meds","article_modified_time":"2022-12-27T15:16:29+00:00","og_image":[{"width":600,"height":600,"url":"https:\/\/gooddealersmeds.com\/de\/wp-content\/uploads\/sites\/3\/2022\/03\/coc.jpg","type":"image\/jpeg"}],"twitter_card":"summary_large_image","twitter_misc":{"Est. reading time":"3 minutes"},"schema":{"@context":"https:\/\/schema.org","@graph":[{"@type":"WebPage","@id":"https:\/\/gooddealersmeds.com\/de\/product\/pulverisiertes-kokain-online-98-8-rein-bestellen\/","url":"https:\/\/gooddealersmeds.com\/de\/product\/pulverisiertes-kokain-online-98-8-rein-bestellen\/","name":"Kaufen Sie Kokainpulver online (98,8 % rein) | Kokain zu verkaufen | Coke","isPartOf":{"@id":"https:\/\/gooddealersmeds.com\/de\/#website"},"primaryImageOfPage":{"@id":"https:\/\/gooddealersmeds.com\/de\/product\/pulverisiertes-kokain-online-98-8-rein-bestellen\/#primaryimage"},"image":{"@id":"https:\/\/gooddealersmeds.com\/de\/product\/pulverisiertes-kokain-online-98-8-rein-bestellen\/#primaryimage"},"thumbnailUrl":"https:\/\/gooddealersmeds.com\/de\/wp-content\/uploads\/sites\/3\/2022\/03\/coc.jpg","datePublished":"2022-03-19T00:58:27+00:00","dateModified":"2022-12-27T15:16:29+00:00","description":"Kaufen Sie reines Kokainpulver online in bester Qualit\u00e4t. Wir sind der zuverl\u00e4ssigste und diskreteste Anbieter von billigem Crack-Kokain online.","breadcrumb":{"@id":"https:\/\/gooddealersmeds.com\/de\/product\/pulverisiertes-kokain-online-98-8-rein-bestellen\/#breadcrumb"},"inLanguage":"en-US","potentialAction":[{"@type":"ReadAction","target":["https:\/\/gooddealersmeds.com\/de\/product\/pulverisiertes-kokain-online-98-8-rein-bestellen\/"]}]},{"@type":"ImageObject","inLanguage":"en-US","@id":"https:\/\/gooddealersmeds.com\/de\/product\/pulverisiertes-kokain-online-98-8-rein-bestellen\/#primaryimage","url":"https:\/\/gooddealersmeds.com\/de\/wp-content\/uploads\/sites\/3\/2022\/03\/coc.jpg","contentUrl":"https:\/\/gooddealersmeds.com\/de\/wp-content\/uploads\/sites\/3\/2022\/03\/coc.jpg","width":600,"height":600,"caption":"Buy Cocaine Powder Online"},{"@type":"BreadcrumbList","@id":"https:\/\/gooddealersmeds.com\/de\/product\/pulverisiertes-kokain-online-98-8-rein-bestellen\/#breadcrumb","itemListElement":[{"@type":"ListItem","position":1,"name":"Home","item":"https:\/\/gooddealersmeds.com\/de\/"},{"@type":"ListItem","position":2,"name":"Produkte","item":"https:\/\/gooddealersmeds.com\/de\/produkte\/"},{"@type":"ListItem","position":3,"name":"Bestellen Sie pulverisiertes Kokain online 98,8% rein"}]},{"@type":"WebSite","@id":"https:\/\/gooddealersmeds.com\/de\/#website","url":"https:\/\/gooddealersmeds.com\/de\/","name":"Good Dealers Meds","description":"All our best","publisher":{"@id":"https:\/\/gooddealersmeds.com\/de\/#organization"},"potentialAction":[{"@type":"SearchAction","target":{"@type":"EntryPoint","urlTemplate":"https:\/\/gooddealersmeds.com\/de\/?s={search_term_string}"},"query-input":{"@type":"PropertyValueSpecification","valueRequired":true,"valueName":"search_term_string"}}],"inLanguage":"en-US"},{"@type":"Organization","@id":"https:\/\/gooddealersmeds.com\/de\/#organization","name":"Good Dealers Meds","url":"https:\/\/gooddealersmeds.com\/de\/","logo":{"@type":"ImageObject","inLanguage":"en-US","@id":"https:\/\/gooddealersmeds.com\/de\/#\/schema\/logo\/image\/","url":"https:\/\/gooddealersmeds.com\/de\/wp-content\/uploads\/sites\/3\/2022\/03\/gooddealersmeds__logo__20220317T222800Z.00.png","contentUrl":"https:\/\/gooddealersmeds.com\/de\/wp-content\/uploads\/sites\/3\/2022\/03\/gooddealersmeds__logo__20220317T222800Z.00.png","width":500,"height":325,"caption":"Good Dealers Meds"},"image":{"@id":"https:\/\/gooddealersmeds.com\/de\/#\/schema\/logo\/image\/"}}]}},"_links":{"self":[{"href":"https:\/\/gooddealersmeds.com\/de\/wp-json\/wp\/v2\/product\/1657","targetHints":{"allow":["GET"]}}],"collection":[{"href":"https:\/\/gooddealersmeds.com\/de\/wp-json\/wp\/v2\/product"}],"about":[{"href":"https:\/\/gooddealersmeds.com\/de\/wp-json\/wp\/v2\/types\/product"}],"replies":[{"embeddable":true,"href":"https:\/\/gooddealersmeds.com\/de\/wp-json\/wp\/v2\/comments?post=1657"}],"wp:featuredmedia":[{"embeddable":true,"href":"https:\/\/gooddealersmeds.com\/de\/wp-json\/wp\/v2\/media\/1666"}],"wp:attachment":[{"href":"https:\/\/gooddealersmeds.com\/de\/wp-json\/wp\/v2\/media?parent=1657"}],"wp:term":[{"taxonomy":"product_brand","embeddable":true,"href":"https:\/\/gooddealersmeds.com\/de\/wp-json\/wp\/v2\/product_brand?post=1657"},{"taxonomy":"product_cat","embeddable":true,"href":"https:\/\/gooddealersmeds.com\/de\/wp-json\/wp\/v2\/product_cat?post=1657"},{"taxonomy":"product_tag","embeddable":true,"href":"https:\/\/gooddealersmeds.com\/de\/wp-json\/wp\/v2\/product_tag?post=1657"}],"curies":[{"name":"wp","href":"https:\/\/api.w.org\/{rel}","templated":true}]}}