{"id":1639,"date":"2022-03-19T00:39:57","date_gmt":"2022-03-19T00:39:57","guid":{"rendered":"https:\/\/gooddealersmeds.com\/de\/?post_type=product&#038;p=1639"},"modified":"2022-12-27T15:25:30","modified_gmt":"2022-12-27T15:25:30","slug":"fentanyl-pulver-online-kaufen","status":"publish","type":"product","link":"https:\/\/gooddealersmeds.com\/de\/product\/fentanyl-pulver-online-kaufen\/","title":{"rendered":"Kaufen Sie Fentanylpulver online"},"content":{"rendered":"<h2>Fentanylpulver zum Verkauf online mit bester Qualit\u00e4t<\/h2>\n<p><strong><em>Kaufen Sie Fentanylpulver online<\/em><\/strong>; Fentanyl ist ein Mitglied der Prodrug-Familie, die als Opioid bekannt ist. Dieses Pulver wird bei der Behandlung vieler Krankheiten verwendet. Es ist sowohl in Pillen- als auch in Pulverform zu finden. Fentanyl-Pulver ist das Schmerzmittel, das verwendet wird, um Schmerzen zu lindern.<\/p>\n<p>Fentanyl wird auch verwendet, um jede Art von Schmerz zu lindern oder zu beseitigen, d. h. auch chronische Schmerzen. Es wurde erstmals in den 1960er Jahren synthetisiert und kam als Medizin auf den Markt. Dann wurde es f\u00fcr kleinere Zwecke verwendet. Aber in den letzten Jahren wird es nicht nur als Medizin, sondern in einigen F\u00e4llen auch als Medikament verwendet.<\/p>\n<p>Fentanyl-Pulver wird oft mit dem ber\u00fchmtesten Prodrug, das als Morphin bekannt ist, verglichen. Es ist ein Prodrug mit sehr hohem Potenzial, das bereits im medizinischen Bereich verwendet und produziert wird, Kaufen Sie Fentanylpulver online<\/p>\n<p>Fentanyl-Pulver ist ein fast 50- bis 100-mal st\u00e4rkeres Prodrug als <a href=\"https:\/\/en.wikipedia.org\/wiki\/Fentanyl\">Morphin<\/a>. Dies ist der Hauptgrund f\u00fcr seinen Erfolg und seine Verwendung in so gro\u00dfem Umfang.<\/p>\n<h3>\u00dcberblick \u00fcber die Wirkung von Fentanylpulver &#8211; Fentanylpulver online kaufen<\/h3>\n<p>Fentanyl-Pulver wirkt direkt auf das Gehirn und ver\u00e4ndert das Schmerzempfinden vollst\u00e4ndig. Es beseitigt den Schmerz dauerhaft oder teilweise aus dem K\u00f6rper, je nach Schmerzzustand. Aufgrund seiner hohen Wirksamkeit wird es \u00fcblicherweise zur Behandlung aller Arten von Schmerzen eingesetzt, von anf\u00e4nglichen bis hin zu chronischen Schmerzen.<\/p>\n<p>Dies sind einige Merkmale, aufgrund derer viele \u00c4rzte dieses Prodrug in ihren Behandlungen verwenden. Viele Medikamente, die bei chirurgischen Eingriffen verwendet werden, enthalten einen gewissen Anteil dieses Prodrugs, um die Schmerzen bei Operationen zu lindern.<\/p>\n<p>Fentanyl-Pulver ist nicht nur bei \u00c4rzten beliebt, sondern auch bei Leuten, die in Tanzbars und Bars kommen Vereine. Menschen verwenden dieses Prodrug, um sich zu entspannen, wenn sie von ihrer Arbeit m\u00fcde sind und das Leben genie\u00dfen m\u00f6chten.<\/p>\n<p>Die Inhaltsstoffe, die zur Herstellung dieses Prodrugs verwendet werden, haben auch einige Eigenschaften, die f\u00fcr einen guten Schlaf n\u00fctzlich sind. Aus diesem Grund ist es bei Menschen mit Problemen wie Depressionen sehr beliebt geworden.<\/p>\n<p>Fentanyl-Pulver ist auf dem Online-Markt leicht erh\u00e4ltlich. Auch unser <span style=\"color: #333333\"><a style=\"color: #333333\" href=\"https:\/\/gooddealersmeds.com\/de\/\">Online-Shop<\/a><\/span> handelt mit diesem Prodrug sowohl in Pillen- als auch in Pulverform. Unser Gesch\u00e4ft bietet auch die Lieferung des Produkts in sehr kurzer Zeit an Ihre Haust\u00fcr.<\/p>\n<p>&nbsp;<\/p>\n<p>&nbsp;<\/p>\n<pre><strong>Kaufen Sie Fentanyl-Pulver Online - Pulver kaufen, Fentanyl-Pulver kaufen, Fentanyl online kaufen, Wo Fentanyl-Pulver kaufen, Fentanyl-Pulver zum Verkauf, Pulver zum Verkauf, Pulver online kaufen, Fentanyl-Pulver online kaufen, Fentanyl-Pulver zum Verkauf in den USA, USA, Kanada, Gro\u00dfbritannien, kaufen, online, Lieferanten, sichere Lieferung, Sie k\u00f6nnen immer noch Fentanylpulver erhalten, ist Fentanylpulver in den USA legal, kaufen Sie Fentanylpulver online in den USA, wie Sie Fentanylpulver bestellen, ist Fentanylpulver in Kanada legal<\/strong><\/pre>\n","protected":false},"excerpt":{"rendered":"<p>Fentanyl behandelt starke, anhaltende Schmerzen, die mit anderen Arzneimitteln nicht kontrolliert werden k\u00f6nnen. Dieses Medikament ist ein narkotisches Schmerzmittel.<br \/>\nKaufen Sie Fentanyl in Spitzenqualit\u00e4t noch heute online zu sehr niedrigen Preisen von Wir bieten diskreten Versand und eine Geld-zur\u00fcck-Garantie.<\/p>\n<p>Der Produktpreis betr\u00e4gt: pro Gramm<\/p>\n","protected":false},"featured_media":1648,"comment_status":"open","ping_status":"closed","template":"","meta":{"inline_featured_image":false},"product_brand":[],"product_cat":[347],"product_tag":[107,97,105,198,201,199,205,209,210,207,208,109,108,203,202,110,206,104,106,200,204],"class_list":{"0":"post-1639","1":"product","2":"type-product","3":"status-publish","4":"has-post-thumbnail","6":"product_cat-opioid-schmerzmittel","7":"product_tag-buy","8":"product_tag-buy-fentanyl-online","9":"product_tag-canada","10":"product_tag-kaufen-fentanyl-pulver-online-kaufen-pulver","11":"product_tag-fentanyl-pulver-zum-verkauf","12":"product_tag-fentanyl-pulver-kaufen","13":"product_tag-fentanyl-pulver-zum-verkauf-in-den-usa","14":"product_tag-how-to-order-fentanyl-powder","15":"product_tag-is-fentanyl-powder-legal-in-canada","16":"product_tag-is-fentanyl-powder-legal-in-usa","17":"product_tag-kaufen-fentanyl-pulver-online-usa","18":"product_tag-lieferanten","19":"product_tag-online","20":"product_tag-pulver-online-kaufen","21":"product_tag-pulver-zu-verkaufen","22":"product_tag-safe-delivery","23":"product_tag-sie-knnen-noch-fentanyl-pulver-bekommen","24":"product_tag-vereinigte-staaten-von-amerika","25":"product_tag-vereinigtes-knigreich","26":"product_tag-wo-zu-kaufen-fentanyl-pulver","27":"product_tag-wo-zu-kaufen-fentanyl-pulver-online","28":"pa_grams-1-kg-1000-g","29":"pa_grams-10-g","30":"pa_grams-100-g","31":"pa_grams-20-g","32":"pa_grams-200-g","33":"pa_grams-35-g","34":"pa_grams-50-g","35":"pa_grams-500-g","37":"first","38":"instock","39":"featured","40":"shipping-taxable","41":"purchasable","42":"product-type-variable","43":"has-default-attributes"},"yoast_head":"<!-- This site is optimized with the Yoast SEO Premium plugin v20.6 (Yoast SEO v27.3) - https:\/\/yoast.com\/product\/yoast-seo-premium-wordpress\/ -->\n<title>Kaufen Sie Fentanylpulver online | Reines Fentanylpulver zu verkaufen<\/title>\n<meta name=\"description\" content=\"Fentanyl-Pulver wird h\u00e4ufig als extremes Medikament verwendet. Kaufen Sie Fentanylpulver online ohne Rezept zu den besten Preisen von Good Dealers Meds.\" \/>\n<meta name=\"robots\" content=\"index, follow, max-snippet:-1, max-image-preview:large, max-video-preview:-1\" \/>\n<link rel=\"canonical\" href=\"https:\/\/gooddealersmeds.com\/de\/product\/fentanyl-pulver-online-kaufen\/\" \/>\n<meta property=\"og:locale\" content=\"en_US\" \/>\n<meta property=\"og:type\" content=\"article\" \/>\n<meta property=\"og:title\" content=\"Kaufen Sie Fentanylpulver online\" \/>\n<meta property=\"og:description\" content=\"Fentanyl-Pulver wird h\u00e4ufig als extremes Medikament verwendet. Kaufen Sie Fentanylpulver online ohne Rezept zu den besten Preisen von Good Dealers Meds.\" \/>\n<meta property=\"og:url\" content=\"https:\/\/gooddealersmeds.com\/de\/product\/fentanyl-pulver-online-kaufen\/\" \/>\n<meta property=\"og:site_name\" content=\"Good Dealers Meds\" \/>\n<meta property=\"article:modified_time\" content=\"2022-12-27T15:25:30+00:00\" \/>\n<meta property=\"og:image\" content=\"https:\/\/gooddealersmeds.com\/de\/wp-content\/uploads\/sites\/3\/2022\/03\/buy-metizolam-powder-online.jpg\" \/>\n\t<meta property=\"og:image:width\" content=\"600\" \/>\n\t<meta property=\"og:image:height\" content=\"600\" \/>\n\t<meta property=\"og:image:type\" content=\"image\/jpeg\" \/>\n<meta name=\"twitter:card\" content=\"summary_large_image\" \/>\n<meta name=\"twitter:label1\" content=\"Est. reading time\" \/>\n\t<meta name=\"twitter:data1\" content=\"2 minutes\" \/>\n<script type=\"application\/ld+json\" class=\"yoast-schema-graph\">{\"@context\":\"https:\\\/\\\/schema.org\",\"@graph\":[{\"@type\":\"WebPage\",\"@id\":\"https:\\\/\\\/gooddealersmeds.com\\\/de\\\/product\\\/fentanyl-pulver-online-kaufen\\\/\",\"url\":\"https:\\\/\\\/gooddealersmeds.com\\\/de\\\/product\\\/fentanyl-pulver-online-kaufen\\\/\",\"name\":\"Kaufen Sie Fentanylpulver online | Reines Fentanylpulver zu verkaufen\",\"isPartOf\":{\"@id\":\"https:\\\/\\\/gooddealersmeds.com\\\/de\\\/#website\"},\"primaryImageOfPage\":{\"@id\":\"https:\\\/\\\/gooddealersmeds.com\\\/de\\\/product\\\/fentanyl-pulver-online-kaufen\\\/#primaryimage\"},\"image\":{\"@id\":\"https:\\\/\\\/gooddealersmeds.com\\\/de\\\/product\\\/fentanyl-pulver-online-kaufen\\\/#primaryimage\"},\"thumbnailUrl\":\"https:\\\/\\\/gooddealersmeds.com\\\/de\\\/wp-content\\\/uploads\\\/sites\\\/3\\\/2022\\\/03\\\/buy-metizolam-powder-online.jpg\",\"datePublished\":\"2022-03-19T00:39:57+00:00\",\"dateModified\":\"2022-12-27T15:25:30+00:00\",\"description\":\"Fentanyl-Pulver wird h\u00e4ufig als extremes Medikament verwendet. Kaufen Sie Fentanylpulver online ohne Rezept zu den besten Preisen von Good Dealers Meds.\",\"breadcrumb\":{\"@id\":\"https:\\\/\\\/gooddealersmeds.com\\\/de\\\/product\\\/fentanyl-pulver-online-kaufen\\\/#breadcrumb\"},\"inLanguage\":\"en-US\",\"potentialAction\":[{\"@type\":\"ReadAction\",\"target\":[\"https:\\\/\\\/gooddealersmeds.com\\\/de\\\/product\\\/fentanyl-pulver-online-kaufen\\\/\"]}]},{\"@type\":\"ImageObject\",\"inLanguage\":\"en-US\",\"@id\":\"https:\\\/\\\/gooddealersmeds.com\\\/de\\\/product\\\/fentanyl-pulver-online-kaufen\\\/#primaryimage\",\"url\":\"https:\\\/\\\/gooddealersmeds.com\\\/de\\\/wp-content\\\/uploads\\\/sites\\\/3\\\/2022\\\/03\\\/buy-metizolam-powder-online.jpg\",\"contentUrl\":\"https:\\\/\\\/gooddealersmeds.com\\\/de\\\/wp-content\\\/uploads\\\/sites\\\/3\\\/2022\\\/03\\\/buy-metizolam-powder-online.jpg\",\"width\":600,\"height\":600,\"caption\":\"Buy Fentanyl Powder Online\"},{\"@type\":\"BreadcrumbList\",\"@id\":\"https:\\\/\\\/gooddealersmeds.com\\\/de\\\/product\\\/fentanyl-pulver-online-kaufen\\\/#breadcrumb\",\"itemListElement\":[{\"@type\":\"ListItem\",\"position\":1,\"name\":\"Home\",\"item\":\"https:\\\/\\\/gooddealersmeds.com\\\/de\\\/\"},{\"@type\":\"ListItem\",\"position\":2,\"name\":\"Produkte\",\"item\":\"https:\\\/\\\/gooddealersmeds.com\\\/de\\\/produkte\\\/\"},{\"@type\":\"ListItem\",\"position\":3,\"name\":\"Kaufen Sie Fentanylpulver online\"}]},{\"@type\":\"WebSite\",\"@id\":\"https:\\\/\\\/gooddealersmeds.com\\\/de\\\/#website\",\"url\":\"https:\\\/\\\/gooddealersmeds.com\\\/de\\\/\",\"name\":\"Good Dealers Meds\",\"description\":\"All our best\",\"publisher\":{\"@id\":\"https:\\\/\\\/gooddealersmeds.com\\\/de\\\/#organization\"},\"potentialAction\":[{\"@type\":\"SearchAction\",\"target\":{\"@type\":\"EntryPoint\",\"urlTemplate\":\"https:\\\/\\\/gooddealersmeds.com\\\/de\\\/?s={search_term_string}\"},\"query-input\":{\"@type\":\"PropertyValueSpecification\",\"valueRequired\":true,\"valueName\":\"search_term_string\"}}],\"inLanguage\":\"en-US\"},{\"@type\":\"Organization\",\"@id\":\"https:\\\/\\\/gooddealersmeds.com\\\/de\\\/#organization\",\"name\":\"Good Dealers Meds\",\"url\":\"https:\\\/\\\/gooddealersmeds.com\\\/de\\\/\",\"logo\":{\"@type\":\"ImageObject\",\"inLanguage\":\"en-US\",\"@id\":\"https:\\\/\\\/gooddealersmeds.com\\\/de\\\/#\\\/schema\\\/logo\\\/image\\\/\",\"url\":\"https:\\\/\\\/gooddealersmeds.com\\\/de\\\/wp-content\\\/uploads\\\/sites\\\/3\\\/2022\\\/03\\\/gooddealersmeds__logo__20220317T222800Z.00.png\",\"contentUrl\":\"https:\\\/\\\/gooddealersmeds.com\\\/de\\\/wp-content\\\/uploads\\\/sites\\\/3\\\/2022\\\/03\\\/gooddealersmeds__logo__20220317T222800Z.00.png\",\"width\":500,\"height\":325,\"caption\":\"Good Dealers Meds\"},\"image\":{\"@id\":\"https:\\\/\\\/gooddealersmeds.com\\\/de\\\/#\\\/schema\\\/logo\\\/image\\\/\"}}]}<\/script>\n<!-- \/ Yoast SEO Premium plugin. -->","yoast_head_json":{"title":"Kaufen Sie Fentanylpulver online | Reines Fentanylpulver zu verkaufen","description":"Fentanyl-Pulver wird h\u00e4ufig als extremes Medikament verwendet. Kaufen Sie Fentanylpulver online ohne Rezept zu den besten Preisen von Good Dealers Meds.","robots":{"index":"index","follow":"follow","max-snippet":"max-snippet:-1","max-image-preview":"max-image-preview:large","max-video-preview":"max-video-preview:-1"},"canonical":"https:\/\/gooddealersmeds.com\/de\/product\/fentanyl-pulver-online-kaufen\/","og_locale":"en_US","og_type":"article","og_title":"Kaufen Sie Fentanylpulver online","og_description":"Fentanyl-Pulver wird h\u00e4ufig als extremes Medikament verwendet. Kaufen Sie Fentanylpulver online ohne Rezept zu den besten Preisen von Good Dealers Meds.","og_url":"https:\/\/gooddealersmeds.com\/de\/product\/fentanyl-pulver-online-kaufen\/","og_site_name":"Good Dealers Meds","article_modified_time":"2022-12-27T15:25:30+00:00","og_image":[{"width":600,"height":600,"url":"https:\/\/gooddealersmeds.com\/de\/wp-content\/uploads\/sites\/3\/2022\/03\/buy-metizolam-powder-online.jpg","type":"image\/jpeg"}],"twitter_card":"summary_large_image","twitter_misc":{"Est. reading time":"2 minutes"},"schema":{"@context":"https:\/\/schema.org","@graph":[{"@type":"WebPage","@id":"https:\/\/gooddealersmeds.com\/de\/product\/fentanyl-pulver-online-kaufen\/","url":"https:\/\/gooddealersmeds.com\/de\/product\/fentanyl-pulver-online-kaufen\/","name":"Kaufen Sie Fentanylpulver online | Reines Fentanylpulver zu verkaufen","isPartOf":{"@id":"https:\/\/gooddealersmeds.com\/de\/#website"},"primaryImageOfPage":{"@id":"https:\/\/gooddealersmeds.com\/de\/product\/fentanyl-pulver-online-kaufen\/#primaryimage"},"image":{"@id":"https:\/\/gooddealersmeds.com\/de\/product\/fentanyl-pulver-online-kaufen\/#primaryimage"},"thumbnailUrl":"https:\/\/gooddealersmeds.com\/de\/wp-content\/uploads\/sites\/3\/2022\/03\/buy-metizolam-powder-online.jpg","datePublished":"2022-03-19T00:39:57+00:00","dateModified":"2022-12-27T15:25:30+00:00","description":"Fentanyl-Pulver wird h\u00e4ufig als extremes Medikament verwendet. Kaufen Sie Fentanylpulver online ohne Rezept zu den besten Preisen von Good Dealers Meds.","breadcrumb":{"@id":"https:\/\/gooddealersmeds.com\/de\/product\/fentanyl-pulver-online-kaufen\/#breadcrumb"},"inLanguage":"en-US","potentialAction":[{"@type":"ReadAction","target":["https:\/\/gooddealersmeds.com\/de\/product\/fentanyl-pulver-online-kaufen\/"]}]},{"@type":"ImageObject","inLanguage":"en-US","@id":"https:\/\/gooddealersmeds.com\/de\/product\/fentanyl-pulver-online-kaufen\/#primaryimage","url":"https:\/\/gooddealersmeds.com\/de\/wp-content\/uploads\/sites\/3\/2022\/03\/buy-metizolam-powder-online.jpg","contentUrl":"https:\/\/gooddealersmeds.com\/de\/wp-content\/uploads\/sites\/3\/2022\/03\/buy-metizolam-powder-online.jpg","width":600,"height":600,"caption":"Buy Fentanyl Powder Online"},{"@type":"BreadcrumbList","@id":"https:\/\/gooddealersmeds.com\/de\/product\/fentanyl-pulver-online-kaufen\/#breadcrumb","itemListElement":[{"@type":"ListItem","position":1,"name":"Home","item":"https:\/\/gooddealersmeds.com\/de\/"},{"@type":"ListItem","position":2,"name":"Produkte","item":"https:\/\/gooddealersmeds.com\/de\/produkte\/"},{"@type":"ListItem","position":3,"name":"Kaufen Sie Fentanylpulver online"}]},{"@type":"WebSite","@id":"https:\/\/gooddealersmeds.com\/de\/#website","url":"https:\/\/gooddealersmeds.com\/de\/","name":"Good Dealers Meds","description":"All our best","publisher":{"@id":"https:\/\/gooddealersmeds.com\/de\/#organization"},"potentialAction":[{"@type":"SearchAction","target":{"@type":"EntryPoint","urlTemplate":"https:\/\/gooddealersmeds.com\/de\/?s={search_term_string}"},"query-input":{"@type":"PropertyValueSpecification","valueRequired":true,"valueName":"search_term_string"}}],"inLanguage":"en-US"},{"@type":"Organization","@id":"https:\/\/gooddealersmeds.com\/de\/#organization","name":"Good Dealers Meds","url":"https:\/\/gooddealersmeds.com\/de\/","logo":{"@type":"ImageObject","inLanguage":"en-US","@id":"https:\/\/gooddealersmeds.com\/de\/#\/schema\/logo\/image\/","url":"https:\/\/gooddealersmeds.com\/de\/wp-content\/uploads\/sites\/3\/2022\/03\/gooddealersmeds__logo__20220317T222800Z.00.png","contentUrl":"https:\/\/gooddealersmeds.com\/de\/wp-content\/uploads\/sites\/3\/2022\/03\/gooddealersmeds__logo__20220317T222800Z.00.png","width":500,"height":325,"caption":"Good Dealers Meds"},"image":{"@id":"https:\/\/gooddealersmeds.com\/de\/#\/schema\/logo\/image\/"}}]}},"_links":{"self":[{"href":"https:\/\/gooddealersmeds.com\/de\/wp-json\/wp\/v2\/product\/1639","targetHints":{"allow":["GET"]}}],"collection":[{"href":"https:\/\/gooddealersmeds.com\/de\/wp-json\/wp\/v2\/product"}],"about":[{"href":"https:\/\/gooddealersmeds.com\/de\/wp-json\/wp\/v2\/types\/product"}],"replies":[{"embeddable":true,"href":"https:\/\/gooddealersmeds.com\/de\/wp-json\/wp\/v2\/comments?post=1639"}],"wp:featuredmedia":[{"embeddable":true,"href":"https:\/\/gooddealersmeds.com\/de\/wp-json\/wp\/v2\/media\/1648"}],"wp:attachment":[{"href":"https:\/\/gooddealersmeds.com\/de\/wp-json\/wp\/v2\/media?parent=1639"}],"wp:term":[{"taxonomy":"product_brand","embeddable":true,"href":"https:\/\/gooddealersmeds.com\/de\/wp-json\/wp\/v2\/product_brand?post=1639"},{"taxonomy":"product_cat","embeddable":true,"href":"https:\/\/gooddealersmeds.com\/de\/wp-json\/wp\/v2\/product_cat?post=1639"},{"taxonomy":"product_tag","embeddable":true,"href":"https:\/\/gooddealersmeds.com\/de\/wp-json\/wp\/v2\/product_tag?post=1639"}],"curies":[{"name":"wp","href":"https:\/\/api.w.org\/{rel}","templated":true}]}}