{"id":1627,"date":"2022-03-19T00:28:52","date_gmt":"2022-03-19T00:28:52","guid":{"rendered":"https:\/\/gooddealersmeds.com\/de\/?post_type=product&#038;p=1627"},"modified":"2022-12-27T15:29:08","modified_gmt":"2022-12-27T15:29:08","slug":"reine-mdma-kristalle-online-kaufen","status":"publish","type":"product","link":"https:\/\/gooddealersmeds.com\/de\/product\/reine-mdma-kristalle-online-kaufen\/","title":{"rendered":"Kaufen Sie reine MDMA-Kristalle online"},"content":{"rendered":"<h2>Bestellen Sie MDMA-Kristalle online und MDMA-Kristalle zum Verkauf zu einem erschwinglichen Preis<\/h2>\n<p>Kaufen Sie reine MDMA-Kristalle online in unserem Shop. <a href=\"https:\/\/gooddealersmeds.com\/de\/product\/buy-pure-mdma-crystals-online\/\">MDMA<\/a> ist ein Stimulans mit euphorischen und leicht halluzinogenen Eigenschaften. MDMA gibt es in zwei Formen, Pillen und Pulver\/Kristalle, und kann oral eingenommen oder geschnupft werden.<\/p>\n<p>Die Substanz 3,4-Methylendioxymethamphetamin ist ein Amphetaminderivat, das in den letzten Jahren stark an Popularit\u00e4t gewonnen hat und zum Freizeitkonsum geworden ist Mittel der Wahl f\u00fcr viele Jugendliche und junge Erwachsene. Personen, die MDMA einnehmen, beschreiben ein Gef\u00fchl von Euphorie, Hemmungsverlust, ein Gef\u00fchl von N\u00e4he und\/oder Empathie und gesteigerte Sinnlichkeit. \u201e<a href=\"https:\/\/de.wikipedia.org\/wiki\/MDMA\">Molly<\/a>\u201c, die Pulver- oder Kristallform von MDMA, der in Ecstasy verwendeten Chemikalie, ist eine beliebte Droge.<\/p>\n<p>Die Dosierung h\u00e4ngt von einer Reihe von Faktoren ab, darunter Vertr\u00e4glichkeit, Geschlecht und Art der Einnahme (entweder nasal oder m\u00fcndlich). Dies ist nur ein Richtwert.<\/p>\n<p>Empfohlene Dosis = 50 mg + Ihr K\u00f6rpergewicht in Kilo<\/p>\n<h3>Zu den Wirkungen, die als Folge des MDMA-Konsums auftreten k\u00f6nnen, geh\u00f6ren die folgenden: Kaufen Sie reine MDMA-Kristalle<\/h3>\n<ul>\n<li>Gesteigerte Vitalit\u00e4t\/Bewusstsein<\/li>\n<li>Euphorie<\/li>\n<li>Gesteigerte Empathie oder das Gef\u00fchl, &#8220;geliebt&#8221; zu werden<\/li>\n<li>Gesteigerte Wertsch\u00e4tzung f\u00fcr Musik<\/li>\n<li>Halluzinationen milder Natur<\/li>\n<li>Temperaturanstieg<\/li>\n<li>Kieferpressen, Z\u00e4hneknirschen und Kauen auf Zunge und Wangen (Knurren)<\/li>\n<li>\u00dcbelkeit\/Erbrechen<\/li>\n<li>Unf\u00e4higkeit zum Orgasmus\/erektile Dysfunktion<\/li>\n<\/ul>\n<p>Unsere Bestellung ist absolut privat und sicher. Dar\u00fcber hinaus behandeln wir unsere Auftr\u00e4ge mit gr\u00f6\u00dfter R\u00fccksicht auf Ihre Privatsph\u00e4re als Kunde. Zweitens arbeiten wir hart daran, Ihre Lieferung so diskret wie m\u00f6glich zu halten. F\u00fcr Ihre VIP-Lieferung verwenden wir ein renommiertes Versandunternehmen.<\/p>\n<p>Zus\u00e4tzlich k\u00f6nnen wir Ihr Paket versichern, um seine Sicherheit w\u00e4hrend des Transports vom Schiff bis zu Ihrer Haust\u00fcr zu gew\u00e4hrleisten. Schlie\u00dflich bewahren wir alle Ihre Informationen sicher auf und werden sie niemals ohne Ihre Erlaubnis weitergeben oder offenlegen.<\/p>\n<p>Kunden auf der ganzen Welt k\u00f6nnen reine MDMA-Kristalle online mit oder ohne Rezept bei unserem <a href=\"\/\/gooddealersmeds.com\/de\/products\/\">shop<\/a>.<\/p>\n","protected":false},"excerpt":{"rendered":"<p>Ecstasy\/Molly-Kristalle zum Verkauf (kaufen Sie Ecstasy\/Molly-Kristalle online). Kaufen Sie reine MDMA-Kristalle online, Methylone-Kristalle online, Kaufen Sie Methylone online, Kaufen Sie Ecstasy-Kristalle online, Kaufen Sie Molly-Kristalle online<\/p>\n","protected":false},"featured_media":1637,"comment_status":"open","ping_status":"closed","template":"","meta":{"inline_featured_image":false},"product_brand":[],"product_cat":[343],"product_tag":[107,185,196,186,187,191,189,193,190,194,195,197,188,192],"class_list":{"0":"post-1627","1":"product","2":"type-product","3":"status-publish","4":"has-post-thumbnail","6":"product_cat-andere","7":"product_tag-buy","8":"product_tag-buy-pure-mdma-crystals-online-buy-pure-mdma-crystals","9":"product_tag-how-to-order-pure-mdma-crystals","10":"product_tag-kaufen-reine-mdma-kristalle-usa","11":"product_tag-kaufen-reine-mdma-kristalle-online-usa","12":"product_tag-kaufen-reine-mdma-kristalle-online-in-der-nahe","13":"product_tag-reine-mdma-kristalle-zu-verkaufen","14":"product_tag-pure-mdma-kristalle-zum-verkauf-in-usa","15":"product_tag-reine-mdma-kristalle-zum-verkauf-in-der-nahe-von-mir","16":"product_tag-du-kannst-noch-reine-mdma-kristalle-bekommen","17":"product_tag-ist-reine-mdma-kristalle-legal-in-den-usa","18":"product_tag-ist-reine-mdma-kristalle-legal-in-kanada","19":"product_tag-wo-zu-kaufen-reine-mdma-kristalle","20":"product_tag-wo-zu-kaufen-reine-mdma-kristalle-online","21":"pa_grams-1-kg-1000-g","22":"pa_grams-100-g","23":"pa_grams-20-g","24":"pa_grams-200-g","25":"pa_grams-250-g","26":"pa_grams-35-g","27":"pa_grams-50-g","28":"pa_grams-500-g","30":"first","31":"instock","32":"featured","33":"shipping-taxable","34":"purchasable","35":"product-type-variable","36":"has-default-attributes"},"yoast_head":"<!-- This site is optimized with the Yoast SEO Premium plugin v20.6 (Yoast SEO v27.4) - https:\/\/yoast.com\/product\/yoast-seo-premium-wordpress\/ -->\n<title>Kaufen Sie reine MDMA-Kristalle | MDMA zu verkaufen | MDMA-Lieferant<\/title>\n<meta name=\"description\" content=\"Kaufen Sie reine MDMA-Kristalle. Wir verkaufen reines MDMA mit g\u00fcnstigeren Angeboten, die Sie in gro\u00dfen Mengen bei Good Dealers Meds kaufen k\u00f6nnen, und bleiben anonym.\" \/>\n<meta name=\"robots\" content=\"index, follow, max-snippet:-1, max-image-preview:large, max-video-preview:-1\" \/>\n<link rel=\"canonical\" href=\"https:\/\/gooddealersmeds.com\/de\/product\/reine-mdma-kristalle-online-kaufen\/\" \/>\n<meta property=\"og:locale\" content=\"en_US\" \/>\n<meta property=\"og:type\" content=\"article\" \/>\n<meta property=\"og:title\" content=\"Kaufen Sie reine MDMA-Kristalle online\" \/>\n<meta property=\"og:description\" content=\"Kaufen Sie reine MDMA-Kristalle. Wir verkaufen reines MDMA mit g\u00fcnstigeren Angeboten, die Sie in gro\u00dfen Mengen bei Good Dealers Meds kaufen k\u00f6nnen, und bleiben anonym.\" \/>\n<meta property=\"og:url\" content=\"https:\/\/gooddealersmeds.com\/de\/product\/reine-mdma-kristalle-online-kaufen\/\" \/>\n<meta property=\"og:site_name\" content=\"Good Dealers Meds\" \/>\n<meta property=\"article:modified_time\" content=\"2022-12-27T15:29:08+00:00\" \/>\n<meta property=\"og:image\" content=\"https:\/\/gooddealersmeds.com\/de\/wp-content\/uploads\/sites\/3\/2022\/03\/Buy-pure-MDMA-Crystals-online.jpg\" \/>\n\t<meta property=\"og:image:width\" content=\"600\" \/>\n\t<meta property=\"og:image:height\" content=\"600\" \/>\n\t<meta property=\"og:image:type\" content=\"image\/jpeg\" \/>\n<meta name=\"twitter:card\" content=\"summary_large_image\" \/>\n<meta name=\"twitter:label1\" content=\"Est. reading time\" \/>\n\t<meta name=\"twitter:data1\" content=\"2 minutes\" \/>\n<script type=\"application\/ld+json\" class=\"yoast-schema-graph\">{\"@context\":\"https:\\\/\\\/schema.org\",\"@graph\":[{\"@type\":\"WebPage\",\"@id\":\"https:\\\/\\\/gooddealersmeds.com\\\/de\\\/product\\\/reine-mdma-kristalle-online-kaufen\\\/\",\"url\":\"https:\\\/\\\/gooddealersmeds.com\\\/de\\\/product\\\/reine-mdma-kristalle-online-kaufen\\\/\",\"name\":\"Kaufen Sie reine MDMA-Kristalle | MDMA zu verkaufen | MDMA-Lieferant\",\"isPartOf\":{\"@id\":\"https:\\\/\\\/gooddealersmeds.com\\\/de\\\/#website\"},\"primaryImageOfPage\":{\"@id\":\"https:\\\/\\\/gooddealersmeds.com\\\/de\\\/product\\\/reine-mdma-kristalle-online-kaufen\\\/#primaryimage\"},\"image\":{\"@id\":\"https:\\\/\\\/gooddealersmeds.com\\\/de\\\/product\\\/reine-mdma-kristalle-online-kaufen\\\/#primaryimage\"},\"thumbnailUrl\":\"https:\\\/\\\/gooddealersmeds.com\\\/de\\\/wp-content\\\/uploads\\\/sites\\\/3\\\/2022\\\/03\\\/Buy-pure-MDMA-Crystals-online.jpg\",\"datePublished\":\"2022-03-19T00:28:52+00:00\",\"dateModified\":\"2022-12-27T15:29:08+00:00\",\"description\":\"Kaufen Sie reine MDMA-Kristalle. Wir verkaufen reines MDMA mit g\u00fcnstigeren Angeboten, die Sie in gro\u00dfen Mengen bei Good Dealers Meds kaufen k\u00f6nnen, und bleiben anonym.\",\"breadcrumb\":{\"@id\":\"https:\\\/\\\/gooddealersmeds.com\\\/de\\\/product\\\/reine-mdma-kristalle-online-kaufen\\\/#breadcrumb\"},\"inLanguage\":\"en-US\",\"potentialAction\":[{\"@type\":\"ReadAction\",\"target\":[\"https:\\\/\\\/gooddealersmeds.com\\\/de\\\/product\\\/reine-mdma-kristalle-online-kaufen\\\/\"]}]},{\"@type\":\"ImageObject\",\"inLanguage\":\"en-US\",\"@id\":\"https:\\\/\\\/gooddealersmeds.com\\\/de\\\/product\\\/reine-mdma-kristalle-online-kaufen\\\/#primaryimage\",\"url\":\"https:\\\/\\\/gooddealersmeds.com\\\/de\\\/wp-content\\\/uploads\\\/sites\\\/3\\\/2022\\\/03\\\/Buy-pure-MDMA-Crystals-online.jpg\",\"contentUrl\":\"https:\\\/\\\/gooddealersmeds.com\\\/de\\\/wp-content\\\/uploads\\\/sites\\\/3\\\/2022\\\/03\\\/Buy-pure-MDMA-Crystals-online.jpg\",\"width\":600,\"height\":600,\"caption\":\"Buy MDMA Powder Online\"},{\"@type\":\"BreadcrumbList\",\"@id\":\"https:\\\/\\\/gooddealersmeds.com\\\/de\\\/product\\\/reine-mdma-kristalle-online-kaufen\\\/#breadcrumb\",\"itemListElement\":[{\"@type\":\"ListItem\",\"position\":1,\"name\":\"Home\",\"item\":\"https:\\\/\\\/gooddealersmeds.com\\\/de\\\/\"},{\"@type\":\"ListItem\",\"position\":2,\"name\":\"Produkte\",\"item\":\"https:\\\/\\\/gooddealersmeds.com\\\/de\\\/produkte\\\/\"},{\"@type\":\"ListItem\",\"position\":3,\"name\":\"Kaufen Sie reine MDMA-Kristalle online\"}]},{\"@type\":\"WebSite\",\"@id\":\"https:\\\/\\\/gooddealersmeds.com\\\/de\\\/#website\",\"url\":\"https:\\\/\\\/gooddealersmeds.com\\\/de\\\/\",\"name\":\"Good Dealers Meds\",\"description\":\"All our best\",\"publisher\":{\"@id\":\"https:\\\/\\\/gooddealersmeds.com\\\/de\\\/#organization\"},\"potentialAction\":[{\"@type\":\"SearchAction\",\"target\":{\"@type\":\"EntryPoint\",\"urlTemplate\":\"https:\\\/\\\/gooddealersmeds.com\\\/de\\\/?s={search_term_string}\"},\"query-input\":{\"@type\":\"PropertyValueSpecification\",\"valueRequired\":true,\"valueName\":\"search_term_string\"}}],\"inLanguage\":\"en-US\"},{\"@type\":\"Organization\",\"@id\":\"https:\\\/\\\/gooddealersmeds.com\\\/de\\\/#organization\",\"name\":\"Good Dealers Meds\",\"url\":\"https:\\\/\\\/gooddealersmeds.com\\\/de\\\/\",\"logo\":{\"@type\":\"ImageObject\",\"inLanguage\":\"en-US\",\"@id\":\"https:\\\/\\\/gooddealersmeds.com\\\/de\\\/#\\\/schema\\\/logo\\\/image\\\/\",\"url\":\"https:\\\/\\\/gooddealersmeds.com\\\/de\\\/wp-content\\\/uploads\\\/sites\\\/3\\\/2022\\\/03\\\/gooddealersmeds__logo__20220317T222800Z.00.png\",\"contentUrl\":\"https:\\\/\\\/gooddealersmeds.com\\\/de\\\/wp-content\\\/uploads\\\/sites\\\/3\\\/2022\\\/03\\\/gooddealersmeds__logo__20220317T222800Z.00.png\",\"width\":500,\"height\":325,\"caption\":\"Good Dealers Meds\"},\"image\":{\"@id\":\"https:\\\/\\\/gooddealersmeds.com\\\/de\\\/#\\\/schema\\\/logo\\\/image\\\/\"}}]}<\/script>\n<!-- \/ Yoast SEO Premium plugin. -->","yoast_head_json":{"title":"Kaufen Sie reine MDMA-Kristalle | MDMA zu verkaufen | MDMA-Lieferant","description":"Kaufen Sie reine MDMA-Kristalle. Wir verkaufen reines MDMA mit g\u00fcnstigeren Angeboten, die Sie in gro\u00dfen Mengen bei Good Dealers Meds kaufen k\u00f6nnen, und bleiben anonym.","robots":{"index":"index","follow":"follow","max-snippet":"max-snippet:-1","max-image-preview":"max-image-preview:large","max-video-preview":"max-video-preview:-1"},"canonical":"https:\/\/gooddealersmeds.com\/de\/product\/reine-mdma-kristalle-online-kaufen\/","og_locale":"en_US","og_type":"article","og_title":"Kaufen Sie reine MDMA-Kristalle online","og_description":"Kaufen Sie reine MDMA-Kristalle. Wir verkaufen reines MDMA mit g\u00fcnstigeren Angeboten, die Sie in gro\u00dfen Mengen bei Good Dealers Meds kaufen k\u00f6nnen, und bleiben anonym.","og_url":"https:\/\/gooddealersmeds.com\/de\/product\/reine-mdma-kristalle-online-kaufen\/","og_site_name":"Good Dealers Meds","article_modified_time":"2022-12-27T15:29:08+00:00","og_image":[{"width":600,"height":600,"url":"https:\/\/gooddealersmeds.com\/de\/wp-content\/uploads\/sites\/3\/2022\/03\/Buy-pure-MDMA-Crystals-online.jpg","type":"image\/jpeg"}],"twitter_card":"summary_large_image","twitter_misc":{"Est. reading time":"2 minutes"},"schema":{"@context":"https:\/\/schema.org","@graph":[{"@type":"WebPage","@id":"https:\/\/gooddealersmeds.com\/de\/product\/reine-mdma-kristalle-online-kaufen\/","url":"https:\/\/gooddealersmeds.com\/de\/product\/reine-mdma-kristalle-online-kaufen\/","name":"Kaufen Sie reine MDMA-Kristalle | MDMA zu verkaufen | MDMA-Lieferant","isPartOf":{"@id":"https:\/\/gooddealersmeds.com\/de\/#website"},"primaryImageOfPage":{"@id":"https:\/\/gooddealersmeds.com\/de\/product\/reine-mdma-kristalle-online-kaufen\/#primaryimage"},"image":{"@id":"https:\/\/gooddealersmeds.com\/de\/product\/reine-mdma-kristalle-online-kaufen\/#primaryimage"},"thumbnailUrl":"https:\/\/gooddealersmeds.com\/de\/wp-content\/uploads\/sites\/3\/2022\/03\/Buy-pure-MDMA-Crystals-online.jpg","datePublished":"2022-03-19T00:28:52+00:00","dateModified":"2022-12-27T15:29:08+00:00","description":"Kaufen Sie reine MDMA-Kristalle. Wir verkaufen reines MDMA mit g\u00fcnstigeren Angeboten, die Sie in gro\u00dfen Mengen bei Good Dealers Meds kaufen k\u00f6nnen, und bleiben anonym.","breadcrumb":{"@id":"https:\/\/gooddealersmeds.com\/de\/product\/reine-mdma-kristalle-online-kaufen\/#breadcrumb"},"inLanguage":"en-US","potentialAction":[{"@type":"ReadAction","target":["https:\/\/gooddealersmeds.com\/de\/product\/reine-mdma-kristalle-online-kaufen\/"]}]},{"@type":"ImageObject","inLanguage":"en-US","@id":"https:\/\/gooddealersmeds.com\/de\/product\/reine-mdma-kristalle-online-kaufen\/#primaryimage","url":"https:\/\/gooddealersmeds.com\/de\/wp-content\/uploads\/sites\/3\/2022\/03\/Buy-pure-MDMA-Crystals-online.jpg","contentUrl":"https:\/\/gooddealersmeds.com\/de\/wp-content\/uploads\/sites\/3\/2022\/03\/Buy-pure-MDMA-Crystals-online.jpg","width":600,"height":600,"caption":"Buy MDMA Powder Online"},{"@type":"BreadcrumbList","@id":"https:\/\/gooddealersmeds.com\/de\/product\/reine-mdma-kristalle-online-kaufen\/#breadcrumb","itemListElement":[{"@type":"ListItem","position":1,"name":"Home","item":"https:\/\/gooddealersmeds.com\/de\/"},{"@type":"ListItem","position":2,"name":"Produkte","item":"https:\/\/gooddealersmeds.com\/de\/produkte\/"},{"@type":"ListItem","position":3,"name":"Kaufen Sie reine MDMA-Kristalle online"}]},{"@type":"WebSite","@id":"https:\/\/gooddealersmeds.com\/de\/#website","url":"https:\/\/gooddealersmeds.com\/de\/","name":"Good Dealers Meds","description":"All our best","publisher":{"@id":"https:\/\/gooddealersmeds.com\/de\/#organization"},"potentialAction":[{"@type":"SearchAction","target":{"@type":"EntryPoint","urlTemplate":"https:\/\/gooddealersmeds.com\/de\/?s={search_term_string}"},"query-input":{"@type":"PropertyValueSpecification","valueRequired":true,"valueName":"search_term_string"}}],"inLanguage":"en-US"},{"@type":"Organization","@id":"https:\/\/gooddealersmeds.com\/de\/#organization","name":"Good Dealers Meds","url":"https:\/\/gooddealersmeds.com\/de\/","logo":{"@type":"ImageObject","inLanguage":"en-US","@id":"https:\/\/gooddealersmeds.com\/de\/#\/schema\/logo\/image\/","url":"https:\/\/gooddealersmeds.com\/de\/wp-content\/uploads\/sites\/3\/2022\/03\/gooddealersmeds__logo__20220317T222800Z.00.png","contentUrl":"https:\/\/gooddealersmeds.com\/de\/wp-content\/uploads\/sites\/3\/2022\/03\/gooddealersmeds__logo__20220317T222800Z.00.png","width":500,"height":325,"caption":"Good Dealers Meds"},"image":{"@id":"https:\/\/gooddealersmeds.com\/de\/#\/schema\/logo\/image\/"}}]}},"_links":{"self":[{"href":"https:\/\/gooddealersmeds.com\/de\/wp-json\/wp\/v2\/product\/1627","targetHints":{"allow":["GET"]}}],"collection":[{"href":"https:\/\/gooddealersmeds.com\/de\/wp-json\/wp\/v2\/product"}],"about":[{"href":"https:\/\/gooddealersmeds.com\/de\/wp-json\/wp\/v2\/types\/product"}],"replies":[{"embeddable":true,"href":"https:\/\/gooddealersmeds.com\/de\/wp-json\/wp\/v2\/comments?post=1627"}],"wp:featuredmedia":[{"embeddable":true,"href":"https:\/\/gooddealersmeds.com\/de\/wp-json\/wp\/v2\/media\/1637"}],"wp:attachment":[{"href":"https:\/\/gooddealersmeds.com\/de\/wp-json\/wp\/v2\/media?parent=1627"}],"wp:term":[{"taxonomy":"product_brand","embeddable":true,"href":"https:\/\/gooddealersmeds.com\/de\/wp-json\/wp\/v2\/product_brand?post=1627"},{"taxonomy":"product_cat","embeddable":true,"href":"https:\/\/gooddealersmeds.com\/de\/wp-json\/wp\/v2\/product_cat?post=1627"},{"taxonomy":"product_tag","embeddable":true,"href":"https:\/\/gooddealersmeds.com\/de\/wp-json\/wp\/v2\/product_tag?post=1627"}],"curies":[{"name":"wp","href":"https:\/\/api.w.org\/{rel}","templated":true}]}}