{"id":1615,"date":"2022-03-19T00:11:34","date_gmt":"2022-03-19T00:11:34","guid":{"rendered":"https:\/\/gooddealersmeds.com\/de\/?post_type=product&#038;p=1615"},"modified":"2022-12-27T15:34:44","modified_gmt":"2022-12-27T15:34:44","slug":"crystal-meth-methamphetamin-online-kaufen","status":"publish","type":"product","link":"https:\/\/gooddealersmeds.com\/de\/product\/crystal-meth-methamphetamin-online-kaufen\/","title":{"rendered":"Kaufen Sie Crystal Meth (Methamphetamin) online"},"content":{"rendered":"<h2>Kaufen Sie Crystal Meth (Methamphetamin) online von der Spitzenklasse<\/h2>\n<p>Ice (Crystal Meth) ist ein Methamphetamin, ein Mitglied der Drogenfamilie der Amphetamine. Es ist ein starkes, stark s\u00fcchtig machendes Stimulans, das das zentrale Nervensystem beeinflusst. Kaufen Sie Crystal Meth online wird aufgrund ihres Potenzials f\u00fcr den Freizeitgebrauch schlecht gehandelt und verkauft. Crystal Meth ist ein ZNS-Stimulans, das Bluthochdruck und Tachykardie mit Gef\u00fchlen von erh\u00f6htem Selbstvertrauen, Geselligkeit und Energie verursacht. Methamphetamin wird gelegentlich therapeutisch bei der Behandlung von Narkolepsie und Aufmerksamkeitsdefizit-Hyperaktivit\u00e4tsst\u00f6rung (ADHS) eingesetzt.<\/p>\n<p>Auch bekannt als Meth, Kreide, Eis und Kristall, neben vielen anderen Begriffen, hat es die Form eines Wei\u00dfen , geruchloses, bitter schmeckendes kristallines Pulver, das sich leicht in Wasser oder Alkohol aufl\u00f6st. wurde Anfang des 20. Jahrhunderts aus seiner Grundchemikalie Amphetamin entwickelt und urspr\u00fcnglich in abschwellenden Mitteln f\u00fcr die Nase und Bronchialinhalatoren eingesetzt.<\/p>\n<p>Diese relativ verbreitete Droge ist bei Freizeitdrogenkonsumenten nach wie vor beliebt, da sie schnell wirkt und eine intensives euphorisches Gef\u00fchl. Da es leicht in Heimlabors hergestellt werden kann, gibt es einen stetigen und leicht zug\u00e4nglichen Strom des Produkts f\u00fcr diejenigen, die s\u00fcchtig werden.<\/p>\n<p><strong>Warum sollten Sie Crystal Meth (Methamphetamin) bei uns bestellen?<\/strong><\/p>\n<p>Wie Amphetamin verursacht Crystal Meth erh\u00f6hte Aktivit\u00e4t und Gespr\u00e4chigkeit, verringerten Appetit und ein herrliches Gef\u00fchl von Wohlbefinden oder Euphorie. Crystal Meth unterscheidet sich jedoch von Amphetamin dadurch, dass bei vergleichbaren Dosen weitaus mehr Mengen der Substanz ins Gehirn gelangen, was es zu einem wirksameren Stimulans macht. Es hat auch l\u00e4nger anhaltende und schwerwiegendere Auswirkungen auf das zentrale Nervensystem. Diese Eigenschaften machen es zu einem Medikament mit erheblichem Missbrauchspotential. Kaufen Sie Crystal Meth online<\/p>\n<p>Crystal Meth kann geraucht, geschnupft, geschluckt oder injiziert werden. Es wird oft auf Partys verwendet, weil es die Wachsamkeit erh\u00f6ht und es Ihnen erm\u00f6glicht, l\u00e4nger als normal wach zu bleiben.<\/p>\n<p>Der starke Rausch, den Menschen durch den Konsum von Meth bekommen, f\u00fchrt dazu, dass viele von Anfang an s\u00fcchtig werden. Wenn es verwendet wird, \u00fcberschwemmt eine Chemikalie namens Dopamin die Teile des Gehirns, die Lustgef\u00fchle regulieren. Benutzer f\u00fchlen sich auch selbstbewusst und voller Energie.<\/p>\n<p>Sie k\u00f6nnen Crystal Meth online in unserem <a href=\"https:\/\/gooddealersmeds.com\/de\/products\/\">Shop<\/a> mit sicherem Versand bestellen \u00fcber Europa.<\/p>\n","protected":false},"excerpt":{"rendered":"<p>Der beste Shop, um Glas zu bestellen. Sie k\u00f6nnen <strong>Crystal Meth<\/strong> jetzt online kaufen und sich am n\u00e4chsten Tag liefern lassen. Die neueste oder neueste Form von kristallinem Methamphetamin ist zu fast 100 Prozent rein. Es ist geruchlos und kann in Glaspfeifen geraucht werden.<\/p>\n<p>Wir liefern hochreine Produkte mit einem sehr guten und diskreten Versandsystem. Mit 12-j\u00e4hriger Erfahrung in der Lieferung von Forschungschemikalien; Wir konzentrieren uns auf Sicherheit.<\/p>\n<p>Wir sind zuverl\u00e4ssig, vertrauensw\u00fcrdig, schnelle Lieferung und qualitativ hochwertige Produkte nur zu einem erschwinglichen Preis.<\/p>\n","protected":false},"featured_media":1626,"comment_status":"open","ping_status":"closed","template":"","meta":{"inline_featured_image":false},"product_brand":[],"product_cat":[343],"product_tag":[107,164,165,168,183,176,178,177,179,172,167,181,175,166,182,169,170,174,108,184,180,173,171],"class_list":{"0":"post-1615","1":"product","2":"type-product","3":"status-publish","4":"has-post-thumbnail","6":"product_cat-andere","7":"product_tag-buy","8":"product_tag-buy-meth-crystal-methamphetamine-online-cheaply","9":"product_tag-buy-meth-crystal-online","10":"product_tag-buy-methamphetamine","11":"product_tag-crystal","12":"product_tag-crystal-meth-online-bestellen","13":"product_tag-bestell-kristall-methamphetamin","14":"product_tag-kauf-kristall-methamphetamin","15":"product_tag-kaufen","16":"product_tag-forschungschemikalien-online-kaufen-kristallmeth","17":"product_tag-meth-crystal-methamphetamin-online-kaufen","18":"product_tag-meth","19":"product_tag-bestell-meth","20":"product_tag-meth-kristall-kaufen","21":"product_tag-methamphetamin","22":"product_tag-methamphetamin-online-bestellen","23":"product_tag-methamphetamin-zum-verkauf","24":"product_tag-methamphetamin-zum-online-verkauf","25":"product_tag-online","26":"product_tag-pulver","27":"product_tag-sicher","28":"product_tag-where-to-buy-crystal-meth","29":"product_tag-where-to-buy-methamphetamine","30":"pa_grams-1-kg-1000-g","31":"pa_grams-100-g","32":"pa_grams-20-g","33":"pa_grams-200-g","34":"pa_grams-250-g","35":"pa_grams-35-g","36":"pa_grams-50-g","37":"pa_grams-500-g","39":"first","40":"instock","41":"featured","42":"shipping-taxable","43":"purchasable","44":"product-type-variable","45":"has-default-attributes"},"yoast_head":"<!-- This site is optimized with the Yoast SEO Premium plugin v20.6 (Yoast SEO v27.4) - https:\/\/yoast.com\/product\/yoast-seo-premium-wordpress\/ -->\n<title>Kaufen Sie Crystal Meth online (Methamphetamin) | Meth zu verkaufen<\/title>\n<meta name=\"description\" content=\"Kaufen Sie Crystal Meth Methamphetamin online bei Good Dealers Meds. Wir liefern sicher und gesch\u00fctzt in die USA, nach Kanada und in die ganze Welt.\" \/>\n<meta name=\"robots\" content=\"index, follow, max-snippet:-1, max-image-preview:large, max-video-preview:-1\" \/>\n<link rel=\"canonical\" href=\"https:\/\/gooddealersmeds.com\/de\/product\/crystal-meth-methamphetamin-online-kaufen\/\" \/>\n<meta property=\"og:locale\" content=\"en_US\" \/>\n<meta property=\"og:type\" content=\"article\" \/>\n<meta property=\"og:title\" content=\"Kaufen Sie Crystal Meth (Methamphetamin) online\" \/>\n<meta property=\"og:description\" content=\"Kaufen Sie Crystal Meth Methamphetamin online bei Good Dealers Meds. Wir liefern sicher und gesch\u00fctzt in die USA, nach Kanada und in die ganze Welt.\" \/>\n<meta property=\"og:url\" content=\"https:\/\/gooddealersmeds.com\/de\/product\/crystal-meth-methamphetamin-online-kaufen\/\" \/>\n<meta property=\"og:site_name\" content=\"Good Dealers Meds\" \/>\n<meta property=\"article:modified_time\" content=\"2022-12-27T15:34:44+00:00\" \/>\n<meta property=\"og:image\" content=\"https:\/\/gooddealersmeds.com\/de\/wp-content\/uploads\/sites\/3\/2022\/03\/Buy-Crystal-Meth-Online.jpg\" \/>\n\t<meta property=\"og:image:width\" content=\"600\" \/>\n\t<meta property=\"og:image:height\" content=\"600\" \/>\n\t<meta property=\"og:image:type\" content=\"image\/jpeg\" \/>\n<meta name=\"twitter:card\" content=\"summary_large_image\" \/>\n<meta name=\"twitter:label1\" content=\"Est. reading time\" \/>\n\t<meta name=\"twitter:data1\" content=\"2 minutes\" \/>\n<script type=\"application\/ld+json\" class=\"yoast-schema-graph\">{\"@context\":\"https:\\\/\\\/schema.org\",\"@graph\":[{\"@type\":\"WebPage\",\"@id\":\"https:\\\/\\\/gooddealersmeds.com\\\/de\\\/product\\\/crystal-meth-methamphetamin-online-kaufen\\\/\",\"url\":\"https:\\\/\\\/gooddealersmeds.com\\\/de\\\/product\\\/crystal-meth-methamphetamin-online-kaufen\\\/\",\"name\":\"Kaufen Sie Crystal Meth online (Methamphetamin) | Meth zu verkaufen\",\"isPartOf\":{\"@id\":\"https:\\\/\\\/gooddealersmeds.com\\\/de\\\/#website\"},\"primaryImageOfPage\":{\"@id\":\"https:\\\/\\\/gooddealersmeds.com\\\/de\\\/product\\\/crystal-meth-methamphetamin-online-kaufen\\\/#primaryimage\"},\"image\":{\"@id\":\"https:\\\/\\\/gooddealersmeds.com\\\/de\\\/product\\\/crystal-meth-methamphetamin-online-kaufen\\\/#primaryimage\"},\"thumbnailUrl\":\"https:\\\/\\\/gooddealersmeds.com\\\/de\\\/wp-content\\\/uploads\\\/sites\\\/3\\\/2022\\\/03\\\/Buy-Crystal-Meth-Online.jpg\",\"datePublished\":\"2022-03-19T00:11:34+00:00\",\"dateModified\":\"2022-12-27T15:34:44+00:00\",\"description\":\"Kaufen Sie Crystal Meth Methamphetamin online bei Good Dealers Meds. Wir liefern sicher und gesch\u00fctzt in die USA, nach Kanada und in die ganze Welt.\",\"breadcrumb\":{\"@id\":\"https:\\\/\\\/gooddealersmeds.com\\\/de\\\/product\\\/crystal-meth-methamphetamin-online-kaufen\\\/#breadcrumb\"},\"inLanguage\":\"en-US\",\"potentialAction\":[{\"@type\":\"ReadAction\",\"target\":[\"https:\\\/\\\/gooddealersmeds.com\\\/de\\\/product\\\/crystal-meth-methamphetamin-online-kaufen\\\/\"]}]},{\"@type\":\"ImageObject\",\"inLanguage\":\"en-US\",\"@id\":\"https:\\\/\\\/gooddealersmeds.com\\\/de\\\/product\\\/crystal-meth-methamphetamin-online-kaufen\\\/#primaryimage\",\"url\":\"https:\\\/\\\/gooddealersmeds.com\\\/de\\\/wp-content\\\/uploads\\\/sites\\\/3\\\/2022\\\/03\\\/Buy-Crystal-Meth-Online.jpg\",\"contentUrl\":\"https:\\\/\\\/gooddealersmeds.com\\\/de\\\/wp-content\\\/uploads\\\/sites\\\/3\\\/2022\\\/03\\\/Buy-Crystal-Meth-Online.jpg\",\"width\":600,\"height\":600,\"caption\":\"Buy Crystal Meth Online\"},{\"@type\":\"BreadcrumbList\",\"@id\":\"https:\\\/\\\/gooddealersmeds.com\\\/de\\\/product\\\/crystal-meth-methamphetamin-online-kaufen\\\/#breadcrumb\",\"itemListElement\":[{\"@type\":\"ListItem\",\"position\":1,\"name\":\"Home\",\"item\":\"https:\\\/\\\/gooddealersmeds.com\\\/de\\\/\"},{\"@type\":\"ListItem\",\"position\":2,\"name\":\"Produkte\",\"item\":\"https:\\\/\\\/gooddealersmeds.com\\\/de\\\/produkte\\\/\"},{\"@type\":\"ListItem\",\"position\":3,\"name\":\"Kaufen Sie Crystal Meth (Methamphetamin) online\"}]},{\"@type\":\"WebSite\",\"@id\":\"https:\\\/\\\/gooddealersmeds.com\\\/de\\\/#website\",\"url\":\"https:\\\/\\\/gooddealersmeds.com\\\/de\\\/\",\"name\":\"Good Dealers Meds\",\"description\":\"All our best\",\"publisher\":{\"@id\":\"https:\\\/\\\/gooddealersmeds.com\\\/de\\\/#organization\"},\"potentialAction\":[{\"@type\":\"SearchAction\",\"target\":{\"@type\":\"EntryPoint\",\"urlTemplate\":\"https:\\\/\\\/gooddealersmeds.com\\\/de\\\/?s={search_term_string}\"},\"query-input\":{\"@type\":\"PropertyValueSpecification\",\"valueRequired\":true,\"valueName\":\"search_term_string\"}}],\"inLanguage\":\"en-US\"},{\"@type\":\"Organization\",\"@id\":\"https:\\\/\\\/gooddealersmeds.com\\\/de\\\/#organization\",\"name\":\"Good Dealers Meds\",\"url\":\"https:\\\/\\\/gooddealersmeds.com\\\/de\\\/\",\"logo\":{\"@type\":\"ImageObject\",\"inLanguage\":\"en-US\",\"@id\":\"https:\\\/\\\/gooddealersmeds.com\\\/de\\\/#\\\/schema\\\/logo\\\/image\\\/\",\"url\":\"https:\\\/\\\/gooddealersmeds.com\\\/de\\\/wp-content\\\/uploads\\\/sites\\\/3\\\/2022\\\/03\\\/gooddealersmeds__logo__20220317T222800Z.00.png\",\"contentUrl\":\"https:\\\/\\\/gooddealersmeds.com\\\/de\\\/wp-content\\\/uploads\\\/sites\\\/3\\\/2022\\\/03\\\/gooddealersmeds__logo__20220317T222800Z.00.png\",\"width\":500,\"height\":325,\"caption\":\"Good Dealers Meds\"},\"image\":{\"@id\":\"https:\\\/\\\/gooddealersmeds.com\\\/de\\\/#\\\/schema\\\/logo\\\/image\\\/\"}}]}<\/script>\n<!-- \/ Yoast SEO Premium plugin. -->","yoast_head_json":{"title":"Kaufen Sie Crystal Meth online (Methamphetamin) | Meth zu verkaufen","description":"Kaufen Sie Crystal Meth Methamphetamin online bei Good Dealers Meds. Wir liefern sicher und gesch\u00fctzt in die USA, nach Kanada und in die ganze Welt.","robots":{"index":"index","follow":"follow","max-snippet":"max-snippet:-1","max-image-preview":"max-image-preview:large","max-video-preview":"max-video-preview:-1"},"canonical":"https:\/\/gooddealersmeds.com\/de\/product\/crystal-meth-methamphetamin-online-kaufen\/","og_locale":"en_US","og_type":"article","og_title":"Kaufen Sie Crystal Meth (Methamphetamin) online","og_description":"Kaufen Sie Crystal Meth Methamphetamin online bei Good Dealers Meds. Wir liefern sicher und gesch\u00fctzt in die USA, nach Kanada und in die ganze Welt.","og_url":"https:\/\/gooddealersmeds.com\/de\/product\/crystal-meth-methamphetamin-online-kaufen\/","og_site_name":"Good Dealers Meds","article_modified_time":"2022-12-27T15:34:44+00:00","og_image":[{"width":600,"height":600,"url":"https:\/\/gooddealersmeds.com\/de\/wp-content\/uploads\/sites\/3\/2022\/03\/Buy-Crystal-Meth-Online.jpg","type":"image\/jpeg"}],"twitter_card":"summary_large_image","twitter_misc":{"Est. reading time":"2 minutes"},"schema":{"@context":"https:\/\/schema.org","@graph":[{"@type":"WebPage","@id":"https:\/\/gooddealersmeds.com\/de\/product\/crystal-meth-methamphetamin-online-kaufen\/","url":"https:\/\/gooddealersmeds.com\/de\/product\/crystal-meth-methamphetamin-online-kaufen\/","name":"Kaufen Sie Crystal Meth online (Methamphetamin) | Meth zu verkaufen","isPartOf":{"@id":"https:\/\/gooddealersmeds.com\/de\/#website"},"primaryImageOfPage":{"@id":"https:\/\/gooddealersmeds.com\/de\/product\/crystal-meth-methamphetamin-online-kaufen\/#primaryimage"},"image":{"@id":"https:\/\/gooddealersmeds.com\/de\/product\/crystal-meth-methamphetamin-online-kaufen\/#primaryimage"},"thumbnailUrl":"https:\/\/gooddealersmeds.com\/de\/wp-content\/uploads\/sites\/3\/2022\/03\/Buy-Crystal-Meth-Online.jpg","datePublished":"2022-03-19T00:11:34+00:00","dateModified":"2022-12-27T15:34:44+00:00","description":"Kaufen Sie Crystal Meth Methamphetamin online bei Good Dealers Meds. Wir liefern sicher und gesch\u00fctzt in die USA, nach Kanada und in die ganze Welt.","breadcrumb":{"@id":"https:\/\/gooddealersmeds.com\/de\/product\/crystal-meth-methamphetamin-online-kaufen\/#breadcrumb"},"inLanguage":"en-US","potentialAction":[{"@type":"ReadAction","target":["https:\/\/gooddealersmeds.com\/de\/product\/crystal-meth-methamphetamin-online-kaufen\/"]}]},{"@type":"ImageObject","inLanguage":"en-US","@id":"https:\/\/gooddealersmeds.com\/de\/product\/crystal-meth-methamphetamin-online-kaufen\/#primaryimage","url":"https:\/\/gooddealersmeds.com\/de\/wp-content\/uploads\/sites\/3\/2022\/03\/Buy-Crystal-Meth-Online.jpg","contentUrl":"https:\/\/gooddealersmeds.com\/de\/wp-content\/uploads\/sites\/3\/2022\/03\/Buy-Crystal-Meth-Online.jpg","width":600,"height":600,"caption":"Buy Crystal Meth Online"},{"@type":"BreadcrumbList","@id":"https:\/\/gooddealersmeds.com\/de\/product\/crystal-meth-methamphetamin-online-kaufen\/#breadcrumb","itemListElement":[{"@type":"ListItem","position":1,"name":"Home","item":"https:\/\/gooddealersmeds.com\/de\/"},{"@type":"ListItem","position":2,"name":"Produkte","item":"https:\/\/gooddealersmeds.com\/de\/produkte\/"},{"@type":"ListItem","position":3,"name":"Kaufen Sie Crystal Meth (Methamphetamin) online"}]},{"@type":"WebSite","@id":"https:\/\/gooddealersmeds.com\/de\/#website","url":"https:\/\/gooddealersmeds.com\/de\/","name":"Good Dealers Meds","description":"All our best","publisher":{"@id":"https:\/\/gooddealersmeds.com\/de\/#organization"},"potentialAction":[{"@type":"SearchAction","target":{"@type":"EntryPoint","urlTemplate":"https:\/\/gooddealersmeds.com\/de\/?s={search_term_string}"},"query-input":{"@type":"PropertyValueSpecification","valueRequired":true,"valueName":"search_term_string"}}],"inLanguage":"en-US"},{"@type":"Organization","@id":"https:\/\/gooddealersmeds.com\/de\/#organization","name":"Good Dealers Meds","url":"https:\/\/gooddealersmeds.com\/de\/","logo":{"@type":"ImageObject","inLanguage":"en-US","@id":"https:\/\/gooddealersmeds.com\/de\/#\/schema\/logo\/image\/","url":"https:\/\/gooddealersmeds.com\/de\/wp-content\/uploads\/sites\/3\/2022\/03\/gooddealersmeds__logo__20220317T222800Z.00.png","contentUrl":"https:\/\/gooddealersmeds.com\/de\/wp-content\/uploads\/sites\/3\/2022\/03\/gooddealersmeds__logo__20220317T222800Z.00.png","width":500,"height":325,"caption":"Good Dealers Meds"},"image":{"@id":"https:\/\/gooddealersmeds.com\/de\/#\/schema\/logo\/image\/"}}]}},"_links":{"self":[{"href":"https:\/\/gooddealersmeds.com\/de\/wp-json\/wp\/v2\/product\/1615","targetHints":{"allow":["GET"]}}],"collection":[{"href":"https:\/\/gooddealersmeds.com\/de\/wp-json\/wp\/v2\/product"}],"about":[{"href":"https:\/\/gooddealersmeds.com\/de\/wp-json\/wp\/v2\/types\/product"}],"replies":[{"embeddable":true,"href":"https:\/\/gooddealersmeds.com\/de\/wp-json\/wp\/v2\/comments?post=1615"}],"wp:featuredmedia":[{"embeddable":true,"href":"https:\/\/gooddealersmeds.com\/de\/wp-json\/wp\/v2\/media\/1626"}],"wp:attachment":[{"href":"https:\/\/gooddealersmeds.com\/de\/wp-json\/wp\/v2\/media?parent=1615"}],"wp:term":[{"taxonomy":"product_brand","embeddable":true,"href":"https:\/\/gooddealersmeds.com\/de\/wp-json\/wp\/v2\/product_brand?post=1615"},{"taxonomy":"product_cat","embeddable":true,"href":"https:\/\/gooddealersmeds.com\/de\/wp-json\/wp\/v2\/product_cat?post=1615"},{"taxonomy":"product_tag","embeddable":true,"href":"https:\/\/gooddealersmeds.com\/de\/wp-json\/wp\/v2\/product_tag?post=1615"}],"curies":[{"name":"wp","href":"https:\/\/api.w.org\/{rel}","templated":true}]}}