{"id":1605,"date":"2022-03-19T00:01:04","date_gmt":"2022-03-19T00:01:04","guid":{"rendered":"https:\/\/gooddealersmeds.com\/de\/?post_type=product&#038;p=1605"},"modified":"2022-12-27T15:42:46","modified_gmt":"2022-12-27T15:42:46","slug":"4mmc-mephedron-online-kaufen","status":"publish","type":"product","link":"https:\/\/gooddealersmeds.com\/de\/product\/4mmc-mephedron-online-kaufen\/","title":{"rendered":"Kaufen Sie 4MMC (Mephedron) online"},"content":{"rendered":"<h2>Qualit\u00e4t 4MMC (Mephedron) zum Verkauf online bei Good Dealers Meds<\/h2>\n<p>Kaufen Sie Mephedron online auf unserer Website mit oder ohne Rezept. Wir bieten hochwertige Forschungschemikalien. Unsere Chemikalien sind zu 99,5 % rein und wurden sowohl f\u00fcr die Forschung als auch f\u00fcr den pers\u00f6nlichen Gebrauch standardisiert. Wir verkaufen zu sehr niedrigen Preisen und bieten Mengenrabatte an. Da wir direkten Zugang zu einer Produktionsst\u00e4tte haben, sind unsere Forschungschemikalien sehr preisg\u00fcnstig, Kaufen Sie Mephedron online<\/p>\n<p>Mephedron <a href=\"https:\/\/gooddealersmeds.com\/de\/product\/buy-4mmc-mephedrone- online\/\">4MMC zu verkaufen<\/a> online. Es wird auch 4-Methylmethcathinon (4-MMC) oder 4-Methylephedron genannt und sollte nicht<br \/>\nmit Methadon verwechselt werden, das eine v\u00f6llig andere Substanz ist. Es ist eine chirale Chemikalie, und beide Molek\u00fcle haben eine \u00e4hnliche Wirksamkeit wie Dopamin-Transporter-Substrate. R-Mephedron ist ein deutlich schw\u00e4cheres Substrat als S-Mephedron. Mephedron ist online erh\u00e4ltlich.<\/p>\n<h2>Kaufen Sie 4MMC (Mephedron) online zu einem erschwinglichen Preis<\/h2>\n<p>Mephedron (4-MMC) wird h\u00e4ufig in Verbindung mit Spirituosen verwendet. Eine Mausstudie untersuchte die Wechselwirkung dieser beiden Medikamente und konzentrierte sich auf die psychostimulierenden und belohnenden Eigenschaften von 4-MMC. Es zeigte sich, dass niedrige Dosen von Alkohol (kein Energizer) die psychostimulierenden Wirkungen von 4-MMC grundlegend verbesserten. Dieser Effekt wurde durch einen Anstieg des synaptischen Dopamins gemildert, da Haloperidol, aber nicht Ketanserin, die F\u00e4higkeit hatte, eine Potenzierung durch Alkohol zu verhindern. Ein geringer, nicht kompensierender Anteil an Fl\u00fcssigkeit wurde ebenfalls zu den verg\u00fctenden Eigenschaften von 4-MMC hinzugef\u00fcgt.<\/p>\n<p>Mephedron fungiert wie andere Phenylethylamine als Dopamin (DA)- und Serotonin (5-HT)-Transportersubstrat und unterbricht Bl\u00e4schenspeicherung und signifikante Erh\u00f6hung des Dopamin- und Serotoninspiegels, was zu starken psychostimulierenden, enaktogenen und halluzinogenen Effekten f\u00fchrt.<\/p>\n<h3>Benutzer von Mephedron sagen, dass es ein Gef\u00fchl der Stimulation gibt und dass es die folgenden Funktionen verst\u00e4rkt:<\/h3>\n<ul>\n<li>Aufmerksamkeit<\/li>\n<li>Unruhe<\/li>\n<li>Euphorie<\/li>\n<li>Aufregung<\/li>\n<li>Sprechdrang<\/li>\n<li>Offenheit<\/li>\n<li>Sextrieb<\/li>\n<\/ul>\n<p>Mephedron (4-MMC) online zu bestellen ist immer eine gute Entscheidung, da es Ihnen hilft, sowohl Geld als auch Zeit zu sparen. Und der einzig zuverl\u00e4ssige Weg, Mephedron (4-MMC) online zu kaufen, besteht darin, sich mit einer Online-Apotheke zu verbinden. Sie k\u00f6nnen von ihnen erstklassige Qualit\u00e4tsprodukte und eine p\u00fcnktliche Lieferung erwarten und f\u00fchlen sich keinerlei Belastung ausgesetzt.<\/p>\n<p>Mephedron k\u00f6nnen Sie ganz einfach online auf unserer <a href=\"https:\/\/gooddealersmeds.com\/de\">Website<\/a> mit oder ohne Rezept.<\/p>\n<p>&nbsp;<\/p>\n","protected":false},"excerpt":{"rendered":"<p><strong>Wir sind hier, um Ihnen bei all Ihren Bed\u00fcrfnissen und Anforderungen zu helfen. Nehmen Sie einfach Kontakt mit unserem Online-Shop auf und t\u00e4tigen Sie Ihren Einkauf bequem. Ihre Anforderungen sind jetzt nur noch einen Klick entfernt. Verbinden Sie sich sofort mit uns! (Kaufen Sie Mephedron 4MMC)<\/strong><\/p>\n<p>Wir liefern hochreine Produkte mit einem sehr guten und diskreten Versandsystem. Mit 12-j\u00e4hriger Erfahrung in der Lieferung von Forschungschemikalien; wir konzentrieren uns auf sicherheit.<\/p>\n","protected":false},"featured_media":1698,"comment_status":"open","ping_status":"closed","template":"","meta":{"inline_featured_image":false},"product_brand":[],"product_cat":[343],"product_tag":[158,161,122,116,120,121,610,107,129,135,132,137,131,133,105,163,118,147,128,125,117,126,156,134,144,109,157,162,140,152,154,139,159,143,146,138,130,153,142,108,160,155,141,110,124,611,104,106,123,150,127,151,136,148,119],"class_list":{"0":"post-1605","1":"product","2":"type-product","3":"status-publish","4":"has-post-thumbnail","6":"product_cat-andere","7":"product_tag-4-mmc-mephedron","8":"product_tag-4-methylmethcathinon-mephedron","9":"product_tag-4mmc-mephedron-jetzt-online-kaufen","10":"product_tag-kaufen-4mmc-mephedron-online-kaufen-mephedron","11":"product_tag-4mmc-mephedron-zu-verkaufen","12":"product_tag-4mmc-mephedron-zum-verkauf-in-den-usa","13":"product_tag-beste-seite","14":"product_tag-buy","15":"product_tag-buy-mephedrone-4mmc-online-buy-mephedrone","16":"product_tag-buy-mephedrone-bath-salts","17":"product_tag-buy-mephedrone-czech-republic","18":"product_tag-buy-mephedrone-from-china","19":"product_tag-buy-mephedrone-online","20":"product_tag-buy-mephedrone-online-usa","21":"product_tag-canada","22":"product_tag-drogenforum-mephedron","23":"product_tag-how-to-buy-4mmc-mephedrone-online","24":"product_tag-how-to-buy-mephedrone-online","25":"product_tag-ist-4mmc-mephedron-in-kanada","26":"product_tag-ist-4mmc-mephedron-legal-in-den-usa","27":"product_tag-4mmc-mephedron-in-der-nahe-kaufen","28":"product_tag-buy-4mmc-mephedrone-online-usa","29":"product_tag-kaufen-mephedron-grohandel","30":"product_tag-mephedron-pflanzennahrung-online-lieferant-kaufen","31":"product_tag-mephedron-pflanzenfutter-fr-marihuana-pflanze-kaufen","32":"product_tag-lieferanten","33":"product_tag-mephedron-4-mmc","34":"product_tag-mephedron-4-methylmethcathinon","35":"product_tag-mephedron-online-kaufen","36":"product_tag-mephedron-online-kaufen-usa","37":"product_tag-mephedron-pflanzennahrung-online-kaufen","38":"product_tag-mephedron-pflanzennahrung","39":"product_tag-snort-mephedron","40":"product_tag-kaufen-mephedrone-usa-mastercard","41":"product_tag-mephedron-kaufen","42":"product_tag-mephedron-zu-verkaufen","43":"product_tag-mephedron-pflanzennahrung-kaufen","44":"product_tag-mephedrone-plant-food-buy","45":"product_tag-mephedron-pulver-kaufen","46":"product_tag-online","47":"product_tag-pflanzendnger-mephedron-kaufen","48":"product_tag-pflanzennahrung-online-mephedron-kaufen","49":"product_tag-pflanzennahrungs-mephedron-lieferanten","50":"product_tag-safe-delivery","51":"product_tag-du-kannst-noch-4mmc-mephedron-bekommen","52":"product_tag-um-mephedron-zu-kaufen","53":"product_tag-vereinigte-staaten-von-amerika","54":"product_tag-vereinigtes-knigreich","55":"product_tag-where-to-buy-4mmc-mephedrone-online","56":"product_tag-where-to-buy-mephedrone-in-usa","57":"product_tag-wie-bestelle-4mmc-mephedron","58":"product_tag-wo-kann-ich-mephedron-in-den-usa-kaufen","59":"product_tag-wo-kann-ich-mephedron-uk-kaufen","60":"product_tag-wo-kann-ich-mephedron-online-kaufen","61":"product_tag-wo-zu-kaufen-4mmc-mephedron","62":"pa_grams-1-kg-1000-g","63":"pa_grams-100-g","64":"pa_grams-20-g","65":"pa_grams-200-g","66":"pa_grams-250-g","67":"pa_grams-35-g","68":"pa_grams-50-g","69":"pa_grams-500-g","71":"first","72":"instock","73":"featured","74":"shipping-taxable","75":"purchasable","76":"product-type-variable","77":"has-default-attributes"},"yoast_head":"<!-- This site is optimized with the Yoast SEO Premium plugin v20.6 (Yoast SEO v27.4) - https:\/\/yoast.com\/product\/yoast-seo-premium-wordpress\/ -->\n<title>Kaufen Sie Mephedron online (4MMC) | Mephedron zu verkaufen<\/title>\n<meta name=\"description\" content=\"Kaufen Sie Mephedron online (4MMC). Hochwertige Angstmedizin und Forschungschemikalien sind online bei Good Dealers Meds erh\u00e4ltlich.\" \/>\n<meta name=\"robots\" content=\"index, follow, max-snippet:-1, max-image-preview:large, max-video-preview:-1\" \/>\n<link rel=\"canonical\" href=\"https:\/\/gooddealersmeds.com\/de\/product\/4mmc-mephedron-online-kaufen\/\" \/>\n<meta property=\"og:locale\" content=\"en_US\" \/>\n<meta property=\"og:type\" content=\"article\" \/>\n<meta property=\"og:title\" content=\"Kaufen Sie 4MMC (Mephedron) online\" \/>\n<meta property=\"og:description\" content=\"Kaufen Sie Mephedron online (4MMC). Hochwertige Angstmedizin und Forschungschemikalien sind online bei Good Dealers Meds erh\u00e4ltlich.\" \/>\n<meta property=\"og:url\" content=\"https:\/\/gooddealersmeds.com\/de\/product\/4mmc-mephedron-online-kaufen\/\" \/>\n<meta property=\"og:site_name\" content=\"Good Dealers Meds\" \/>\n<meta property=\"article:modified_time\" content=\"2022-12-27T15:42:46+00:00\" \/>\n<meta property=\"og:image\" content=\"https:\/\/gooddealersmeds.com\/de\/wp-content\/uploads\/sites\/3\/2022\/03\/ff.jpg\" \/>\n\t<meta property=\"og:image:width\" content=\"550\" \/>\n\t<meta property=\"og:image:height\" content=\"412\" \/>\n\t<meta property=\"og:image:type\" content=\"image\/jpeg\" \/>\n<meta name=\"twitter:card\" content=\"summary_large_image\" \/>\n<meta name=\"twitter:label1\" content=\"Est. reading time\" \/>\n\t<meta name=\"twitter:data1\" content=\"2 minutes\" \/>\n<script type=\"application\/ld+json\" class=\"yoast-schema-graph\">{\"@context\":\"https:\\\/\\\/schema.org\",\"@graph\":[{\"@type\":\"WebPage\",\"@id\":\"https:\\\/\\\/gooddealersmeds.com\\\/de\\\/product\\\/4mmc-mephedron-online-kaufen\\\/\",\"url\":\"https:\\\/\\\/gooddealersmeds.com\\\/de\\\/product\\\/4mmc-mephedron-online-kaufen\\\/\",\"name\":\"Kaufen Sie Mephedron online (4MMC) | Mephedron zu verkaufen\",\"isPartOf\":{\"@id\":\"https:\\\/\\\/gooddealersmeds.com\\\/de\\\/#website\"},\"primaryImageOfPage\":{\"@id\":\"https:\\\/\\\/gooddealersmeds.com\\\/de\\\/product\\\/4mmc-mephedron-online-kaufen\\\/#primaryimage\"},\"image\":{\"@id\":\"https:\\\/\\\/gooddealersmeds.com\\\/de\\\/product\\\/4mmc-mephedron-online-kaufen\\\/#primaryimage\"},\"thumbnailUrl\":\"https:\\\/\\\/gooddealersmeds.com\\\/de\\\/wp-content\\\/uploads\\\/sites\\\/3\\\/2022\\\/03\\\/ff.jpg\",\"datePublished\":\"2022-03-19T00:01:04+00:00\",\"dateModified\":\"2022-12-27T15:42:46+00:00\",\"description\":\"Kaufen Sie Mephedron online (4MMC). Hochwertige Angstmedizin und Forschungschemikalien sind online bei Good Dealers Meds erh\u00e4ltlich.\",\"breadcrumb\":{\"@id\":\"https:\\\/\\\/gooddealersmeds.com\\\/de\\\/product\\\/4mmc-mephedron-online-kaufen\\\/#breadcrumb\"},\"inLanguage\":\"en-US\",\"potentialAction\":[{\"@type\":\"ReadAction\",\"target\":[\"https:\\\/\\\/gooddealersmeds.com\\\/de\\\/product\\\/4mmc-mephedron-online-kaufen\\\/\"]}]},{\"@type\":\"ImageObject\",\"inLanguage\":\"en-US\",\"@id\":\"https:\\\/\\\/gooddealersmeds.com\\\/de\\\/product\\\/4mmc-mephedron-online-kaufen\\\/#primaryimage\",\"url\":\"https:\\\/\\\/gooddealersmeds.com\\\/de\\\/wp-content\\\/uploads\\\/sites\\\/3\\\/2022\\\/03\\\/ff.jpg\",\"contentUrl\":\"https:\\\/\\\/gooddealersmeds.com\\\/de\\\/wp-content\\\/uploads\\\/sites\\\/3\\\/2022\\\/03\\\/ff.jpg\",\"width\":550,\"height\":412,\"caption\":\"Buy 4MMC Mephedrone Online\"},{\"@type\":\"BreadcrumbList\",\"@id\":\"https:\\\/\\\/gooddealersmeds.com\\\/de\\\/product\\\/4mmc-mephedron-online-kaufen\\\/#breadcrumb\",\"itemListElement\":[{\"@type\":\"ListItem\",\"position\":1,\"name\":\"Home\",\"item\":\"https:\\\/\\\/gooddealersmeds.com\\\/de\\\/\"},{\"@type\":\"ListItem\",\"position\":2,\"name\":\"Produkte\",\"item\":\"https:\\\/\\\/gooddealersmeds.com\\\/de\\\/produkte\\\/\"},{\"@type\":\"ListItem\",\"position\":3,\"name\":\"Kaufen Sie 4MMC (Mephedron) online\"}]},{\"@type\":\"WebSite\",\"@id\":\"https:\\\/\\\/gooddealersmeds.com\\\/de\\\/#website\",\"url\":\"https:\\\/\\\/gooddealersmeds.com\\\/de\\\/\",\"name\":\"Good Dealers Meds\",\"description\":\"All our best\",\"publisher\":{\"@id\":\"https:\\\/\\\/gooddealersmeds.com\\\/de\\\/#organization\"},\"potentialAction\":[{\"@type\":\"SearchAction\",\"target\":{\"@type\":\"EntryPoint\",\"urlTemplate\":\"https:\\\/\\\/gooddealersmeds.com\\\/de\\\/?s={search_term_string}\"},\"query-input\":{\"@type\":\"PropertyValueSpecification\",\"valueRequired\":true,\"valueName\":\"search_term_string\"}}],\"inLanguage\":\"en-US\"},{\"@type\":\"Organization\",\"@id\":\"https:\\\/\\\/gooddealersmeds.com\\\/de\\\/#organization\",\"name\":\"Good Dealers Meds\",\"url\":\"https:\\\/\\\/gooddealersmeds.com\\\/de\\\/\",\"logo\":{\"@type\":\"ImageObject\",\"inLanguage\":\"en-US\",\"@id\":\"https:\\\/\\\/gooddealersmeds.com\\\/de\\\/#\\\/schema\\\/logo\\\/image\\\/\",\"url\":\"https:\\\/\\\/gooddealersmeds.com\\\/de\\\/wp-content\\\/uploads\\\/sites\\\/3\\\/2022\\\/03\\\/gooddealersmeds__logo__20220317T222800Z.00.png\",\"contentUrl\":\"https:\\\/\\\/gooddealersmeds.com\\\/de\\\/wp-content\\\/uploads\\\/sites\\\/3\\\/2022\\\/03\\\/gooddealersmeds__logo__20220317T222800Z.00.png\",\"width\":500,\"height\":325,\"caption\":\"Good Dealers Meds\"},\"image\":{\"@id\":\"https:\\\/\\\/gooddealersmeds.com\\\/de\\\/#\\\/schema\\\/logo\\\/image\\\/\"}}]}<\/script>\n<!-- \/ Yoast SEO Premium plugin. -->","yoast_head_json":{"title":"Kaufen Sie Mephedron online (4MMC) | Mephedron zu verkaufen","description":"Kaufen Sie Mephedron online (4MMC). Hochwertige Angstmedizin und Forschungschemikalien sind online bei Good Dealers Meds erh\u00e4ltlich.","robots":{"index":"index","follow":"follow","max-snippet":"max-snippet:-1","max-image-preview":"max-image-preview:large","max-video-preview":"max-video-preview:-1"},"canonical":"https:\/\/gooddealersmeds.com\/de\/product\/4mmc-mephedron-online-kaufen\/","og_locale":"en_US","og_type":"article","og_title":"Kaufen Sie 4MMC (Mephedron) online","og_description":"Kaufen Sie Mephedron online (4MMC). Hochwertige Angstmedizin und Forschungschemikalien sind online bei Good Dealers Meds erh\u00e4ltlich.","og_url":"https:\/\/gooddealersmeds.com\/de\/product\/4mmc-mephedron-online-kaufen\/","og_site_name":"Good Dealers Meds","article_modified_time":"2022-12-27T15:42:46+00:00","og_image":[{"width":550,"height":412,"url":"https:\/\/gooddealersmeds.com\/de\/wp-content\/uploads\/sites\/3\/2022\/03\/ff.jpg","type":"image\/jpeg"}],"twitter_card":"summary_large_image","twitter_misc":{"Est. reading time":"2 minutes"},"schema":{"@context":"https:\/\/schema.org","@graph":[{"@type":"WebPage","@id":"https:\/\/gooddealersmeds.com\/de\/product\/4mmc-mephedron-online-kaufen\/","url":"https:\/\/gooddealersmeds.com\/de\/product\/4mmc-mephedron-online-kaufen\/","name":"Kaufen Sie Mephedron online (4MMC) | Mephedron zu verkaufen","isPartOf":{"@id":"https:\/\/gooddealersmeds.com\/de\/#website"},"primaryImageOfPage":{"@id":"https:\/\/gooddealersmeds.com\/de\/product\/4mmc-mephedron-online-kaufen\/#primaryimage"},"image":{"@id":"https:\/\/gooddealersmeds.com\/de\/product\/4mmc-mephedron-online-kaufen\/#primaryimage"},"thumbnailUrl":"https:\/\/gooddealersmeds.com\/de\/wp-content\/uploads\/sites\/3\/2022\/03\/ff.jpg","datePublished":"2022-03-19T00:01:04+00:00","dateModified":"2022-12-27T15:42:46+00:00","description":"Kaufen Sie Mephedron online (4MMC). Hochwertige Angstmedizin und Forschungschemikalien sind online bei Good Dealers Meds erh\u00e4ltlich.","breadcrumb":{"@id":"https:\/\/gooddealersmeds.com\/de\/product\/4mmc-mephedron-online-kaufen\/#breadcrumb"},"inLanguage":"en-US","potentialAction":[{"@type":"ReadAction","target":["https:\/\/gooddealersmeds.com\/de\/product\/4mmc-mephedron-online-kaufen\/"]}]},{"@type":"ImageObject","inLanguage":"en-US","@id":"https:\/\/gooddealersmeds.com\/de\/product\/4mmc-mephedron-online-kaufen\/#primaryimage","url":"https:\/\/gooddealersmeds.com\/de\/wp-content\/uploads\/sites\/3\/2022\/03\/ff.jpg","contentUrl":"https:\/\/gooddealersmeds.com\/de\/wp-content\/uploads\/sites\/3\/2022\/03\/ff.jpg","width":550,"height":412,"caption":"Buy 4MMC Mephedrone Online"},{"@type":"BreadcrumbList","@id":"https:\/\/gooddealersmeds.com\/de\/product\/4mmc-mephedron-online-kaufen\/#breadcrumb","itemListElement":[{"@type":"ListItem","position":1,"name":"Home","item":"https:\/\/gooddealersmeds.com\/de\/"},{"@type":"ListItem","position":2,"name":"Produkte","item":"https:\/\/gooddealersmeds.com\/de\/produkte\/"},{"@type":"ListItem","position":3,"name":"Kaufen Sie 4MMC (Mephedron) online"}]},{"@type":"WebSite","@id":"https:\/\/gooddealersmeds.com\/de\/#website","url":"https:\/\/gooddealersmeds.com\/de\/","name":"Good Dealers Meds","description":"All our best","publisher":{"@id":"https:\/\/gooddealersmeds.com\/de\/#organization"},"potentialAction":[{"@type":"SearchAction","target":{"@type":"EntryPoint","urlTemplate":"https:\/\/gooddealersmeds.com\/de\/?s={search_term_string}"},"query-input":{"@type":"PropertyValueSpecification","valueRequired":true,"valueName":"search_term_string"}}],"inLanguage":"en-US"},{"@type":"Organization","@id":"https:\/\/gooddealersmeds.com\/de\/#organization","name":"Good Dealers Meds","url":"https:\/\/gooddealersmeds.com\/de\/","logo":{"@type":"ImageObject","inLanguage":"en-US","@id":"https:\/\/gooddealersmeds.com\/de\/#\/schema\/logo\/image\/","url":"https:\/\/gooddealersmeds.com\/de\/wp-content\/uploads\/sites\/3\/2022\/03\/gooddealersmeds__logo__20220317T222800Z.00.png","contentUrl":"https:\/\/gooddealersmeds.com\/de\/wp-content\/uploads\/sites\/3\/2022\/03\/gooddealersmeds__logo__20220317T222800Z.00.png","width":500,"height":325,"caption":"Good Dealers Meds"},"image":{"@id":"https:\/\/gooddealersmeds.com\/de\/#\/schema\/logo\/image\/"}}]}},"_links":{"self":[{"href":"https:\/\/gooddealersmeds.com\/de\/wp-json\/wp\/v2\/product\/1605","targetHints":{"allow":["GET"]}}],"collection":[{"href":"https:\/\/gooddealersmeds.com\/de\/wp-json\/wp\/v2\/product"}],"about":[{"href":"https:\/\/gooddealersmeds.com\/de\/wp-json\/wp\/v2\/types\/product"}],"replies":[{"embeddable":true,"href":"https:\/\/gooddealersmeds.com\/de\/wp-json\/wp\/v2\/comments?post=1605"}],"wp:featuredmedia":[{"embeddable":true,"href":"https:\/\/gooddealersmeds.com\/de\/wp-json\/wp\/v2\/media\/1698"}],"wp:attachment":[{"href":"https:\/\/gooddealersmeds.com\/de\/wp-json\/wp\/v2\/media?parent=1605"}],"wp:term":[{"taxonomy":"product_brand","embeddable":true,"href":"https:\/\/gooddealersmeds.com\/de\/wp-json\/wp\/v2\/product_brand?post=1605"},{"taxonomy":"product_cat","embeddable":true,"href":"https:\/\/gooddealersmeds.com\/de\/wp-json\/wp\/v2\/product_cat?post=1605"},{"taxonomy":"product_tag","embeddable":true,"href":"https:\/\/gooddealersmeds.com\/de\/wp-json\/wp\/v2\/product_tag?post=1605"}],"curies":[{"name":"wp","href":"https:\/\/api.w.org\/{rel}","templated":true}]}}