{"id":1588,"date":"2022-03-18T23:47:24","date_gmt":"2022-03-18T23:47:24","guid":{"rendered":"https:\/\/gooddealersmeds.com\/de\/?post_type=product&#038;p=1588"},"modified":"2022-12-27T15:48:43","modified_gmt":"2022-12-27T15:48:43","slug":"fentanyl-tabletten-online-kaufen","status":"publish","type":"product","link":"https:\/\/gooddealersmeds.com\/de\/product\/fentanyl-tabletten-online-kaufen\/","title":{"rendered":"Kaufen Sie Fentanyl-Tabletten online"},"content":{"rendered":"<h2>Fentanyl Tabletten zum Verkauf \/ Kaufen Sie Fentanyl Tabletten online<\/h2>\n<p>Fentanyl ist ein Mitglied der Arzneimittelklasse, die als Fentanyl bekannt ist; es ist ein schnell wirkendes Opioid (synthetisches Opiat)-Medikament, das Schmerzen lindert, ohne Bewusstlosigkeit zu verursachen (Analgetikum) &#8211; Kaufen Sie Fentanyl-Tabletten online. Sowohl die Funktion des Zentralnervensystems (ZNS) als auch die Atmungsfunktion werden durch Fentanyl herabgesetzt. Es ist 50- bis 100-mal st\u00e4rker als Morphin, aber diesem sehr \u00e4hnlich.<\/p>\n<p>&nbsp;<\/p>\n<p>Die Atmung von Opfern einer Fentanyl-\u00dcberdosis kann m\u00fchsam werden oder ganz aussetzen. Eine \u00dcberdosierung liegt vor, wenn ein Medikament schwerwiegende Nebenwirkungen und lebensbedrohliche Symptome hervorruft. Wenn Menschen Fentanyl \u00fcberdosieren, kann sich ihre Atmung verlangsamen oder ganz aufh\u00f6ren. Dies kann die Menge an Sauerstoff verringern, die die K\u00f6rperzellen erreicht, ein Zustand, der als Hypoxie bezeichnet wird. Die Potenz von Fentanyl macht s\u00fcchtig. Bei der Anwendung von Fentanyl auf \u00e4rztliche Verschreibung kann eine Person eine Abh\u00e4ngigkeit entwickeln, die durch Entzugserscheinungen nach Absetzen des Arzneimittels gekennzeichnet ist. Obwohl eine Person auf eine Substanz angewiesen sein kann, ohne davon abh\u00e4ngig zu sein, kann die Sucht gelegentlich auf die Abh\u00e4ngigkeit des Gehirns folgen &#8211; Wie kann ich Fentanyl-Tabletten kaufen? Es ist das wirksamste Opioid-Schmerzmittel, das derzeit in der medizinischen Versorgung verwendet wird.<\/p>\n<p>Trotz der Tatsache, dass Fentanyl als sicher und wirksam gilt, wenn es in einem kontrollierten medizinischen Umfeld verwendet wird, hat das Medikament ein hohes Missbrauchspotenzial. Einige Leute stellen Fentanyl-Analoga her, die dem urspr\u00fcnglichen Medikament sehr \u00e4hnlich sind. Fentanyl bindet an die Rezeptoren im Gehirn, die Schmerzen und Emotionen kontrollieren, genau wie andere Opioid-Medikamente. Fentanyl verursacht normalerweise Nebenwirkungen wie \u00dcbelkeit, Erbrechen, Verstopfung, Juckreiz, Schl\u00e4frigkeit, Verwirrtheit und Verletzungen durch Koordinationsst\u00f6rungen. Atemdepression, Halluzinationen, Serotoninsyndrom, niedriger Blutdruck oder das Auftreten eines Opioidkonsumproblems sind Beispiele f\u00fcr schwerwiegende negative Auswirkungen.<\/p>\n<h3>Warum sollten Sie Fentanyl-Tabletten bei uns bestellen?<\/h3>\n<p>Zus\u00e4tzlich wird es zur Behandlung von anhaltenden Schmerzen, wie z. B. Krebsschmerzen, verwendet . Patienten, die kein Morphin einnehmen k\u00f6nnen oder deren Atemnot gegen Morphin resistent ist, k\u00f6nnen Fentanyl ebenfalls zur Behandlung ihrer Symptome verwenden. In der Palliativmedizin, wo starke Schmerzen und Atemnot mit hochwirksamen Opioiden behandelt werden m\u00fcssen, ist Fentanyl besonders hilfreich, um eine Kombination zu zeigen.<\/p>\n<p>Aufgrund seiner \u00e4u\u00dferst variablen t\u00f6dlichen Dosierung in Kombination mit anderen Arzneimitteln, Fentanyl birgt eine au\u00dfergew\u00f6hnlich hohe Gefahr einer \u00dcberdosierung beim Menschen. \u00dcberdosierungen sind in ihrer reinsten Form nur geringf\u00fcgig unberechenbar. Wo bekommt man Fentanyl-Tabletten ohne Rezept. Kaufen Sie Fentanyl-Tabletten online<\/p>\n<p><a href=\"https:\/\/gooddealersmeds.com\/de\/product\/buy-fentanyl-tablets-online\/\">Fentanyl-Pillen zum Verkauf<\/a> an GoodDealersMeds, Es w\u00e4re wichtig zu betonen, dass die wohltuenden und erholsamen Eigenschaften der genannten Produkte von einer verantwortungsvollen Verwendung abh\u00e4ngen.<\/p>\n","protected":false},"excerpt":{"rendered":"<h1>Kaufen Sie Fentanyl Transdermal System Patch<\/h1>\n<p>Das Risiko schwerwiegender Nebenwirkungen (wie z. B. langsame\/flache Atmung, starke Schl\u00e4frigkeit\/Schwindel) kann erh\u00f6ht sein, wenn dieses Arzneimittel zusammen mit anderen Produkten angewendet wird, die ebenfalls Schl\u00e4frigkeit verursachen k\u00f6nnen oder Atemprobleme.<\/p>\n","protected":false},"featured_media":1596,"comment_status":"open","ping_status":"closed","template":"","meta":{"inline_featured_image":false},"product_brand":[],"product_cat":[347],"product_tag":[97,101,96,95,99,103,114,115,112,113,110,111,100,98,102],"class_list":{"0":"post-1588","1":"product","2":"type-product","3":"status-publish","4":"has-post-thumbnail","6":"product_cat-opioid-schmerzmittel","7":"product_tag-buy-fentanyl-online","8":"product_tag-buy-tablets-online","9":"product_tag-fentanyl-tabletten-kaufen","10":"product_tag-kaufen-fentanyl-tabletten-online-kaufen-tabletten","11":"product_tag-fentanyl-tabletten-zum-verkauf","12":"product_tag-fentanyl-tabletten-zum-verkauf-in-den-usa","13":"product_tag-how-to-order-fentanyl-tablets","14":"product_tag-is-fentanyl-tablets-legal-in-canada","15":"product_tag-is-fentanyl-tablets-legal-in-usa","16":"product_tag-kaufen-fentanyl-tabletten-online-usa","17":"product_tag-safe-delivery","18":"product_tag-fentanyl-tabletten-knnen-sie-noch-bekommen","19":"product_tag-tabletten-zu-verkaufen","20":"product_tag-bezugsquellen-fr-fentanyl-tabletten","21":"product_tag-wo-zu-kaufen-fentanyl-tabletten-online","22":"pa_pills-100-pills","23":"pa_pills-1000-pills","24":"pa_pills-30-pills","25":"pa_pills-300-pills","26":"pa_pills-50-pills","27":"pa_pills-500-pills","29":"first","30":"instock","31":"featured","32":"shipping-taxable","33":"purchasable","34":"product-type-variable","35":"has-default-attributes"},"yoast_head":"<!-- This site is optimized with the Yoast SEO Premium plugin v20.6 (Yoast SEO v27.3) - https:\/\/yoast.com\/product\/yoast-seo-premium-wordpress\/ -->\n<title>Kaufen Sie Fentanyl-Tabletten online ohne Rezept | Gute H\u00e4ndler Meds<\/title>\n<meta name=\"description\" content=\"Kaufen Sie Fentanyl-Tabletten online bei GoodDealersMeds. Fentanyl-Pillen zum Verkauf in weltweit. Bestellen Sie jetzt und erhalten Sie Ihre Lieferung bis vor die Haust\u00fcr.\" \/>\n<meta name=\"robots\" content=\"index, follow, max-snippet:-1, max-image-preview:large, max-video-preview:-1\" \/>\n<link rel=\"canonical\" href=\"https:\/\/gooddealersmeds.com\/de\/product\/fentanyl-tabletten-online-kaufen\/\" \/>\n<meta property=\"og:locale\" content=\"en_US\" \/>\n<meta property=\"og:type\" content=\"article\" \/>\n<meta property=\"og:title\" content=\"Kaufen Sie Fentanyl-Tabletten online\" \/>\n<meta property=\"og:description\" content=\"Kaufen Sie Fentanyl-Tabletten online bei GoodDealersMeds. Fentanyl-Pillen zum Verkauf in weltweit. Bestellen Sie jetzt und erhalten Sie Ihre Lieferung bis vor die Haust\u00fcr.\" \/>\n<meta property=\"og:url\" content=\"https:\/\/gooddealersmeds.com\/de\/product\/fentanyl-tabletten-online-kaufen\/\" \/>\n<meta property=\"og:site_name\" content=\"Good Dealers Meds\" \/>\n<meta property=\"article:modified_time\" content=\"2022-12-27T15:48:43+00:00\" \/>\n<meta property=\"og:image\" content=\"https:\/\/gooddealersmeds.com\/de\/wp-content\/uploads\/sites\/3\/2022\/03\/buy-fentanyl-tablets-online.jpg\" \/>\n\t<meta property=\"og:image:width\" content=\"600\" \/>\n\t<meta property=\"og:image:height\" content=\"600\" \/>\n\t<meta property=\"og:image:type\" content=\"image\/jpeg\" \/>\n<meta name=\"twitter:card\" content=\"summary_large_image\" \/>\n<meta name=\"twitter:label1\" content=\"Est. reading time\" \/>\n\t<meta name=\"twitter:data1\" content=\"2 minutes\" \/>\n<script type=\"application\/ld+json\" class=\"yoast-schema-graph\">{\"@context\":\"https:\\\/\\\/schema.org\",\"@graph\":[{\"@type\":\"WebPage\",\"@id\":\"https:\\\/\\\/gooddealersmeds.com\\\/de\\\/product\\\/fentanyl-tabletten-online-kaufen\\\/\",\"url\":\"https:\\\/\\\/gooddealersmeds.com\\\/de\\\/product\\\/fentanyl-tabletten-online-kaufen\\\/\",\"name\":\"Kaufen Sie Fentanyl-Tabletten online ohne Rezept | Gute H\u00e4ndler Meds\",\"isPartOf\":{\"@id\":\"https:\\\/\\\/gooddealersmeds.com\\\/de\\\/#website\"},\"primaryImageOfPage\":{\"@id\":\"https:\\\/\\\/gooddealersmeds.com\\\/de\\\/product\\\/fentanyl-tabletten-online-kaufen\\\/#primaryimage\"},\"image\":{\"@id\":\"https:\\\/\\\/gooddealersmeds.com\\\/de\\\/product\\\/fentanyl-tabletten-online-kaufen\\\/#primaryimage\"},\"thumbnailUrl\":\"https:\\\/\\\/gooddealersmeds.com\\\/de\\\/wp-content\\\/uploads\\\/sites\\\/3\\\/2022\\\/03\\\/buy-fentanyl-tablets-online.jpg\",\"datePublished\":\"2022-03-18T23:47:24+00:00\",\"dateModified\":\"2022-12-27T15:48:43+00:00\",\"description\":\"Kaufen Sie Fentanyl-Tabletten online bei GoodDealersMeds. Fentanyl-Pillen zum Verkauf in weltweit. Bestellen Sie jetzt und erhalten Sie Ihre Lieferung bis vor die Haust\u00fcr.\",\"breadcrumb\":{\"@id\":\"https:\\\/\\\/gooddealersmeds.com\\\/de\\\/product\\\/fentanyl-tabletten-online-kaufen\\\/#breadcrumb\"},\"inLanguage\":\"en-US\",\"potentialAction\":[{\"@type\":\"ReadAction\",\"target\":[\"https:\\\/\\\/gooddealersmeds.com\\\/de\\\/product\\\/fentanyl-tabletten-online-kaufen\\\/\"]}]},{\"@type\":\"ImageObject\",\"inLanguage\":\"en-US\",\"@id\":\"https:\\\/\\\/gooddealersmeds.com\\\/de\\\/product\\\/fentanyl-tabletten-online-kaufen\\\/#primaryimage\",\"url\":\"https:\\\/\\\/gooddealersmeds.com\\\/de\\\/wp-content\\\/uploads\\\/sites\\\/3\\\/2022\\\/03\\\/buy-fentanyl-tablets-online.jpg\",\"contentUrl\":\"https:\\\/\\\/gooddealersmeds.com\\\/de\\\/wp-content\\\/uploads\\\/sites\\\/3\\\/2022\\\/03\\\/buy-fentanyl-tablets-online.jpg\",\"width\":600,\"height\":600,\"caption\":\"Buy Fentanyl Tablets Online\"},{\"@type\":\"BreadcrumbList\",\"@id\":\"https:\\\/\\\/gooddealersmeds.com\\\/de\\\/product\\\/fentanyl-tabletten-online-kaufen\\\/#breadcrumb\",\"itemListElement\":[{\"@type\":\"ListItem\",\"position\":1,\"name\":\"Home\",\"item\":\"https:\\\/\\\/gooddealersmeds.com\\\/de\\\/\"},{\"@type\":\"ListItem\",\"position\":2,\"name\":\"Produkte\",\"item\":\"https:\\\/\\\/gooddealersmeds.com\\\/de\\\/produkte\\\/\"},{\"@type\":\"ListItem\",\"position\":3,\"name\":\"Kaufen Sie Fentanyl-Tabletten online\"}]},{\"@type\":\"WebSite\",\"@id\":\"https:\\\/\\\/gooddealersmeds.com\\\/de\\\/#website\",\"url\":\"https:\\\/\\\/gooddealersmeds.com\\\/de\\\/\",\"name\":\"Good Dealers Meds\",\"description\":\"All our best\",\"publisher\":{\"@id\":\"https:\\\/\\\/gooddealersmeds.com\\\/de\\\/#organization\"},\"potentialAction\":[{\"@type\":\"SearchAction\",\"target\":{\"@type\":\"EntryPoint\",\"urlTemplate\":\"https:\\\/\\\/gooddealersmeds.com\\\/de\\\/?s={search_term_string}\"},\"query-input\":{\"@type\":\"PropertyValueSpecification\",\"valueRequired\":true,\"valueName\":\"search_term_string\"}}],\"inLanguage\":\"en-US\"},{\"@type\":\"Organization\",\"@id\":\"https:\\\/\\\/gooddealersmeds.com\\\/de\\\/#organization\",\"name\":\"Good Dealers Meds\",\"url\":\"https:\\\/\\\/gooddealersmeds.com\\\/de\\\/\",\"logo\":{\"@type\":\"ImageObject\",\"inLanguage\":\"en-US\",\"@id\":\"https:\\\/\\\/gooddealersmeds.com\\\/de\\\/#\\\/schema\\\/logo\\\/image\\\/\",\"url\":\"https:\\\/\\\/gooddealersmeds.com\\\/de\\\/wp-content\\\/uploads\\\/sites\\\/3\\\/2022\\\/03\\\/gooddealersmeds__logo__20220317T222800Z.00.png\",\"contentUrl\":\"https:\\\/\\\/gooddealersmeds.com\\\/de\\\/wp-content\\\/uploads\\\/sites\\\/3\\\/2022\\\/03\\\/gooddealersmeds__logo__20220317T222800Z.00.png\",\"width\":500,\"height\":325,\"caption\":\"Good Dealers Meds\"},\"image\":{\"@id\":\"https:\\\/\\\/gooddealersmeds.com\\\/de\\\/#\\\/schema\\\/logo\\\/image\\\/\"}}]}<\/script>\n<!-- \/ Yoast SEO Premium plugin. -->","yoast_head_json":{"title":"Kaufen Sie Fentanyl-Tabletten online ohne Rezept | Gute H\u00e4ndler Meds","description":"Kaufen Sie Fentanyl-Tabletten online bei GoodDealersMeds. Fentanyl-Pillen zum Verkauf in weltweit. Bestellen Sie jetzt und erhalten Sie Ihre Lieferung bis vor die Haust\u00fcr.","robots":{"index":"index","follow":"follow","max-snippet":"max-snippet:-1","max-image-preview":"max-image-preview:large","max-video-preview":"max-video-preview:-1"},"canonical":"https:\/\/gooddealersmeds.com\/de\/product\/fentanyl-tabletten-online-kaufen\/","og_locale":"en_US","og_type":"article","og_title":"Kaufen Sie Fentanyl-Tabletten online","og_description":"Kaufen Sie Fentanyl-Tabletten online bei GoodDealersMeds. Fentanyl-Pillen zum Verkauf in weltweit. Bestellen Sie jetzt und erhalten Sie Ihre Lieferung bis vor die Haust\u00fcr.","og_url":"https:\/\/gooddealersmeds.com\/de\/product\/fentanyl-tabletten-online-kaufen\/","og_site_name":"Good Dealers Meds","article_modified_time":"2022-12-27T15:48:43+00:00","og_image":[{"width":600,"height":600,"url":"https:\/\/gooddealersmeds.com\/de\/wp-content\/uploads\/sites\/3\/2022\/03\/buy-fentanyl-tablets-online.jpg","type":"image\/jpeg"}],"twitter_card":"summary_large_image","twitter_misc":{"Est. reading time":"2 minutes"},"schema":{"@context":"https:\/\/schema.org","@graph":[{"@type":"WebPage","@id":"https:\/\/gooddealersmeds.com\/de\/product\/fentanyl-tabletten-online-kaufen\/","url":"https:\/\/gooddealersmeds.com\/de\/product\/fentanyl-tabletten-online-kaufen\/","name":"Kaufen Sie Fentanyl-Tabletten online ohne Rezept | Gute H\u00e4ndler Meds","isPartOf":{"@id":"https:\/\/gooddealersmeds.com\/de\/#website"},"primaryImageOfPage":{"@id":"https:\/\/gooddealersmeds.com\/de\/product\/fentanyl-tabletten-online-kaufen\/#primaryimage"},"image":{"@id":"https:\/\/gooddealersmeds.com\/de\/product\/fentanyl-tabletten-online-kaufen\/#primaryimage"},"thumbnailUrl":"https:\/\/gooddealersmeds.com\/de\/wp-content\/uploads\/sites\/3\/2022\/03\/buy-fentanyl-tablets-online.jpg","datePublished":"2022-03-18T23:47:24+00:00","dateModified":"2022-12-27T15:48:43+00:00","description":"Kaufen Sie Fentanyl-Tabletten online bei GoodDealersMeds. Fentanyl-Pillen zum Verkauf in weltweit. Bestellen Sie jetzt und erhalten Sie Ihre Lieferung bis vor die Haust\u00fcr.","breadcrumb":{"@id":"https:\/\/gooddealersmeds.com\/de\/product\/fentanyl-tabletten-online-kaufen\/#breadcrumb"},"inLanguage":"en-US","potentialAction":[{"@type":"ReadAction","target":["https:\/\/gooddealersmeds.com\/de\/product\/fentanyl-tabletten-online-kaufen\/"]}]},{"@type":"ImageObject","inLanguage":"en-US","@id":"https:\/\/gooddealersmeds.com\/de\/product\/fentanyl-tabletten-online-kaufen\/#primaryimage","url":"https:\/\/gooddealersmeds.com\/de\/wp-content\/uploads\/sites\/3\/2022\/03\/buy-fentanyl-tablets-online.jpg","contentUrl":"https:\/\/gooddealersmeds.com\/de\/wp-content\/uploads\/sites\/3\/2022\/03\/buy-fentanyl-tablets-online.jpg","width":600,"height":600,"caption":"Buy Fentanyl Tablets Online"},{"@type":"BreadcrumbList","@id":"https:\/\/gooddealersmeds.com\/de\/product\/fentanyl-tabletten-online-kaufen\/#breadcrumb","itemListElement":[{"@type":"ListItem","position":1,"name":"Home","item":"https:\/\/gooddealersmeds.com\/de\/"},{"@type":"ListItem","position":2,"name":"Produkte","item":"https:\/\/gooddealersmeds.com\/de\/produkte\/"},{"@type":"ListItem","position":3,"name":"Kaufen Sie Fentanyl-Tabletten online"}]},{"@type":"WebSite","@id":"https:\/\/gooddealersmeds.com\/de\/#website","url":"https:\/\/gooddealersmeds.com\/de\/","name":"Good Dealers Meds","description":"All our best","publisher":{"@id":"https:\/\/gooddealersmeds.com\/de\/#organization"},"potentialAction":[{"@type":"SearchAction","target":{"@type":"EntryPoint","urlTemplate":"https:\/\/gooddealersmeds.com\/de\/?s={search_term_string}"},"query-input":{"@type":"PropertyValueSpecification","valueRequired":true,"valueName":"search_term_string"}}],"inLanguage":"en-US"},{"@type":"Organization","@id":"https:\/\/gooddealersmeds.com\/de\/#organization","name":"Good Dealers Meds","url":"https:\/\/gooddealersmeds.com\/de\/","logo":{"@type":"ImageObject","inLanguage":"en-US","@id":"https:\/\/gooddealersmeds.com\/de\/#\/schema\/logo\/image\/","url":"https:\/\/gooddealersmeds.com\/de\/wp-content\/uploads\/sites\/3\/2022\/03\/gooddealersmeds__logo__20220317T222800Z.00.png","contentUrl":"https:\/\/gooddealersmeds.com\/de\/wp-content\/uploads\/sites\/3\/2022\/03\/gooddealersmeds__logo__20220317T222800Z.00.png","width":500,"height":325,"caption":"Good Dealers Meds"},"image":{"@id":"https:\/\/gooddealersmeds.com\/de\/#\/schema\/logo\/image\/"}}]}},"_links":{"self":[{"href":"https:\/\/gooddealersmeds.com\/de\/wp-json\/wp\/v2\/product\/1588","targetHints":{"allow":["GET"]}}],"collection":[{"href":"https:\/\/gooddealersmeds.com\/de\/wp-json\/wp\/v2\/product"}],"about":[{"href":"https:\/\/gooddealersmeds.com\/de\/wp-json\/wp\/v2\/types\/product"}],"replies":[{"embeddable":true,"href":"https:\/\/gooddealersmeds.com\/de\/wp-json\/wp\/v2\/comments?post=1588"}],"wp:featuredmedia":[{"embeddable":true,"href":"https:\/\/gooddealersmeds.com\/de\/wp-json\/wp\/v2\/media\/1596"}],"wp:attachment":[{"href":"https:\/\/gooddealersmeds.com\/de\/wp-json\/wp\/v2\/media?parent=1588"}],"wp:term":[{"taxonomy":"product_brand","embeddable":true,"href":"https:\/\/gooddealersmeds.com\/de\/wp-json\/wp\/v2\/product_brand?post=1588"},{"taxonomy":"product_cat","embeddable":true,"href":"https:\/\/gooddealersmeds.com\/de\/wp-json\/wp\/v2\/product_cat?post=1588"},{"taxonomy":"product_tag","embeddable":true,"href":"https:\/\/gooddealersmeds.com\/de\/wp-json\/wp\/v2\/product_tag?post=1588"}],"curies":[{"name":"wp","href":"https:\/\/api.w.org\/{rel}","templated":true}]}}