{"id":1582,"date":"2022-03-18T23:46:33","date_gmt":"2022-03-18T23:46:33","guid":{"rendered":"https:\/\/gooddealersmeds.com\/de\/?post_type=product&#038;p=1582"},"modified":"2022-12-27T15:52:48","modified_gmt":"2022-12-27T15:52:48","slug":"amphetamin-kapsel","status":"publish","type":"product","link":"https:\/\/gooddealersmeds.com\/de\/product\/amphetamin-kapsel\/","title":{"rendered":"Kaufen Sie Amphetamin-Kapseln online"},"content":{"rendered":"<h2>Amphetamin-Kapsel zu verkaufen<\/h2>\n<p>Amphetamin (abgerufen von <u>a<\/u>lpha-<u>m<\/u>ethyl<u>ph<\/u>en<u>et<\/u>Hyl<u>amin<\/u>) ist ein Stimulans des zentralen Nervensystems (ZNS), das unter anderem unter dem Markennamen Evekeo vertrieben wird. Erstens wird es bei der Behandlung von ADHS, Narkolepsie und Fettleibigkeit eingesetzt. Dar\u00fcber hinaus sind Amphetamine Stimulanzien, was bedeutet, dass sie die Nachrichten\u00fcbertragung zwischen Gehirn und K\u00f6rper beschleunigen. Amphetamin-Pulver. Bestellen Sie Amphetamin online.<\/p>\n<p>Au\u00dferdem wird Amphetamin auch als sportlicher Leistungsverst\u00e4rker und kognitiver Verst\u00e4rker sowie in der Freizeit als Aphrodisiakum und Euphorie verwendet. Dar\u00fcber hinaus ist es in vielen L\u00e4ndern ein verschreibungspflichtiges Medikament, und der unbefugte Besitz und Vertrieb von Amphetamin wird aufgrund der erheblichen Gesundheitsrisiken, die mit dem Freizeitkonsum verbunden sind, oft streng kontrolliert. Amphetaminpulver.<\/p>\n<h3>Zus\u00e4tzliche Informationen<\/h3>\n<p>Einige Arten von Amphetaminen werden gesetzlich von \u00c4rzten zur Behandlung von Erkrankungen wie ADHS und Narkolepsie (bei denen eine Person einen unkontrollierbaren Schlafdrang hat) verschrieben.<\/p>\n<p>p&gt;<\/p>\n<p>Au\u00dferdem variiert das Aussehen von Amphetaminen. Au\u00dferdem k\u00f6nnen sie in Form von Pulver, Tabletten, Kristallen und Kapseln vorliegen. Au\u00dferdem verpacken wir beim Versand in \u201eFolien\u201c (Aluminiumfolie), Plastikt\u00fcten oder kleine Luftballons. Bestellen Sie Amphetamin online.<\/p>\n<p>Die Farbe von Amphetaminpulver kann von wei\u00df bis braun reichen, manchmal kann es Spuren von Grau oder Rosa aufweisen. Es hat einen starken Geruch und einen bitteren Geschmack. Dar\u00fcber hinaus unterscheiden sich Amphetaminkapseln und -tabletten erheblich in Gr\u00f6\u00dfe und Farbe. Amphetamin zum Verkauf.<\/p>\n<p>Dar\u00fcber hinaus k\u00f6nnen illegal hergestellte Amphetamine eine Mischung aus Drogen, Bindemitteln, Koffein und Zucker sein. Bestellen Sie Amphetamine online.<\/p>\n<h3>Anwendung<\/h3>\n<p>Amphetamine werden im Allgemeinen geschluckt, injiziert oder geraucht. Sie werden auch geschnupft. Kaufen Sie Amphetaminpulver online.<\/p>\n<h3>Wirkungen von Amphetaminen \/ Amphetamin online kaufen<\/h3>\n<p>Erstens wirken Amphetamine bei jedem anders, je nach Gr\u00f6\u00dfe, Gewicht und Gesundheit, ob die Person daran gew\u00f6hnt ist, es zu nehmen, ob andere Drogen es sind ungef\u00e4hr zur gleichen Zeit eingenommen, die eingenommene Menge, die St\u00e4rke der Droge (variiert von Charge zu Charge bei illegal hergestellten Drogen). Kaufen Sie Amphetamine online.<\/p>\n<p>Daher k\u00f6nnen die Wirkungen von Amphetaminen sofort (wenn sie injiziert oder geraucht werden) oder innerhalb von 30 Minuten (wenn sie geschnupft oder geschluckt werden) zu sp\u00fcren sein. Kaufen Sie Amphetamin online.<\/p>\n<p>Au\u00dferdem k\u00f6nnen folgende Wirkungen auftreten:<\/p>\n<ul>\n<li>Gl\u00fcck und Selbstvertrauen<\/li>\n<li>Mehr sprechen und sich voller Energie f\u00fchlen<\/li>\n<li>Wiederholung einfacher Dinge wie Juckreiz und Kratzen<\/li>\n<li>Gro\u00dfe Pupillen und trockener Mund<\/li>\n<li>Schneller Herzschlag und schnelles Atmen<\/li>\n<li>Z\u00e4hneknirschen<\/li>\n<li>Reduziert Appetit<\/li>\n<li>\u00dcberm\u00e4\u00dfiges Schwitzen<\/li>\n<li>Steigerung des Sexualtriebs<\/li>\n<\/ul>\n<p>Au\u00dferdem kann die Einnahme eines d\u00e4mpfenden Medikaments wie Alkohol, Benzodiazepine oder Cannabis helfen, um den Appetit zu lindern Down-Effekte k\u00f6nnen zu einem Kreislauf der Abh\u00e4ngigkeit von beiden Arten von Drogen f\u00fchren. Kaufen Sie au\u00dferdem Amphetamine online. <a href=\"https:\/\/gooddealersmeds.com\/de\/product\/amphetamine-capsule\/\">Hochwertiges Amphetamin zu kaufen<\/a><\/p>\n<h3>Amphetaminpsychose<\/h3>\n<p>Und high Dosen und h\u00e4ufiger starker Konsum k\u00f6nnen auch eine \u201eAmphetaminpsychose\u201c hervorrufen, die durch paranoide Wahnvorstellungen, Halluzinationen und untypisches aggressives oder gewaltt\u00e4tiges Verhalten gekennzeichnet ist. Au\u00dferdem verschwinden diese Symptome in der Regel einige Tage, nachdem die Person aufgeh\u00f6rt hat, Amphetamine zu nehmen.<\/p>\n<h3>Mischen von Amphetaminen mit anderen Drogen<\/h3>\n<p>Erstens k\u00f6nnen Arzneimittelwechselwirkungen die Wirkungsweise von Amphetamin ver\u00e4ndern oder Ihr Risiko f\u00fcr ernsthafte Erkrankungen erh\u00f6hen Nebenwirkungen. F\u00fchren Sie eine Liste aller Produkte, die Sie verwenden (einschlie\u00dflich verschreibungspflichtiger\/nicht verschreibungspflichtiger Medikamente und pflanzlicher Produkte), und teilen Sie sie uns mit:<\/p>\n<p>Au\u00dferdem k\u00f6nnen Amphetamine und einige Antidepressiva den Blutdruck erh\u00f6hen, was zu unregelm\u00e4\u00dfigem Herzschlag f\u00fchren kann , Herzinsuffizienz und Schlaganfall. Amphetamin in bester Qualit\u00e4t online zu kaufen bei <span style=\"color: #333333\"><a style=\"color: #333333\" href=\"https:\/\/gooddealersmeds.com\/de\/\">Good Dealers Meds<\/a> <\/span>.<\/p>\n<p>Auch das Mischen von Amphetaminen mit Alkohol, Cannabis o.\u00e4 Benzodiazepine setzen den K\u00f6rper einem hohen Ma\u00df an Stress aus, da er versucht, mit den widerspr\u00fcchlichen Wirkungen beider Arten von Medikamenten fertig zu werden, was zu einer \u00dcberdosierung f\u00fchren kann. Amphetamin zum Verkauf.<\/p>\n","protected":false},"excerpt":{"rendered":"<p>Kaufen Sie Amphetamin online von einem vertrauensw\u00fcrdigen Lieferanten und erhalten Sie die beste Qualit\u00e4t. Wir bieten Ihnen das beste Versanderlebnis. Methamphetamin kaufen.<\/p>\n","protected":false},"featured_media":1950,"comment_status":"open","ping_status":"closed","template":"","meta":{"inline_featured_image":false},"product_brand":[],"product_cat":[346],"product_tag":[],"class_list":{"0":"post-1582","1":"product","2":"type-product","3":"status-publish","4":"has-post-thumbnail","6":"product_cat-stimulanzien","7":"pa_pills-100-pills","8":"pa_pills-1000-pills","9":"pa_pills-30-pills","10":"pa_pills-300-pills","11":"pa_pills-50-pills","12":"pa_pills-500-pills","14":"first","15":"instock","16":"featured","17":"shipping-taxable","18":"purchasable","19":"product-type-variable","20":"has-default-attributes"},"yoast_head":"<!-- This site is optimized with the Yoast SEO Premium plugin v20.6 (Yoast SEO v27.4) - https:\/\/yoast.com\/product\/yoast-seo-premium-wordpress\/ -->\n<title>Amphetamin online kaufen - Amphetamin zum Verkauf |<\/title>\n<meta name=\"description\" content=\"Amphetamin online kaufen g\u00fcnstig online bei Good Dealers Medikamente in bester Qualit\u00e4t zur Behandlung von ADHS, Narkolepsie und Adipositas.\" \/>\n<meta name=\"robots\" content=\"index, follow, max-snippet:-1, max-image-preview:large, max-video-preview:-1\" \/>\n<link rel=\"canonical\" href=\"https:\/\/gooddealersmeds.com\/de\/product\/amphetamin-kapsel\/\" \/>\n<meta property=\"og:locale\" content=\"en_US\" \/>\n<meta property=\"og:type\" content=\"article\" \/>\n<meta property=\"og:title\" content=\"Kaufen Sie Amphetamin-Kapseln online\" \/>\n<meta property=\"og:description\" content=\"Amphetamin online kaufen g\u00fcnstig online bei Good Dealers Medikamente in bester Qualit\u00e4t zur Behandlung von ADHS, Narkolepsie und Adipositas.\" \/>\n<meta property=\"og:url\" content=\"https:\/\/gooddealersmeds.com\/de\/product\/amphetamin-kapsel\/\" \/>\n<meta property=\"og:site_name\" content=\"Good Dealers Meds\" \/>\n<meta property=\"article:modified_time\" content=\"2022-12-27T15:52:48+00:00\" \/>\n<meta property=\"og:image\" content=\"https:\/\/gooddealersmeds.com\/de\/wp-content\/uploads\/sites\/3\/2022\/03\/Amphetamine-Capsule.jpg\" \/>\n\t<meta property=\"og:image:width\" content=\"400\" \/>\n\t<meta property=\"og:image:height\" content=\"533\" \/>\n\t<meta property=\"og:image:type\" content=\"image\/jpeg\" \/>\n<meta name=\"twitter:card\" content=\"summary_large_image\" \/>\n<meta name=\"twitter:label1\" content=\"Est. reading time\" \/>\n\t<meta name=\"twitter:data1\" content=\"3 minutes\" \/>\n<script type=\"application\/ld+json\" class=\"yoast-schema-graph\">{\"@context\":\"https:\\\/\\\/schema.org\",\"@graph\":[{\"@type\":\"WebPage\",\"@id\":\"https:\\\/\\\/gooddealersmeds.com\\\/de\\\/product\\\/amphetamin-kapsel\\\/\",\"url\":\"https:\\\/\\\/gooddealersmeds.com\\\/de\\\/product\\\/amphetamin-kapsel\\\/\",\"name\":\"Amphetamin online kaufen - Amphetamin zum Verkauf |\",\"isPartOf\":{\"@id\":\"https:\\\/\\\/gooddealersmeds.com\\\/de\\\/#website\"},\"primaryImageOfPage\":{\"@id\":\"https:\\\/\\\/gooddealersmeds.com\\\/de\\\/product\\\/amphetamin-kapsel\\\/#primaryimage\"},\"image\":{\"@id\":\"https:\\\/\\\/gooddealersmeds.com\\\/de\\\/product\\\/amphetamin-kapsel\\\/#primaryimage\"},\"thumbnailUrl\":\"https:\\\/\\\/gooddealersmeds.com\\\/de\\\/wp-content\\\/uploads\\\/sites\\\/3\\\/2022\\\/03\\\/Amphetamine-Capsule.jpg\",\"datePublished\":\"2022-03-18T23:46:33+00:00\",\"dateModified\":\"2022-12-27T15:52:48+00:00\",\"description\":\"Amphetamin online kaufen g\u00fcnstig online bei Good Dealers Medikamente in bester Qualit\u00e4t zur Behandlung von ADHS, Narkolepsie und Adipositas.\",\"breadcrumb\":{\"@id\":\"https:\\\/\\\/gooddealersmeds.com\\\/de\\\/product\\\/amphetamin-kapsel\\\/#breadcrumb\"},\"inLanguage\":\"en-US\",\"potentialAction\":[{\"@type\":\"ReadAction\",\"target\":[\"https:\\\/\\\/gooddealersmeds.com\\\/de\\\/product\\\/amphetamin-kapsel\\\/\"]}]},{\"@type\":\"ImageObject\",\"inLanguage\":\"en-US\",\"@id\":\"https:\\\/\\\/gooddealersmeds.com\\\/de\\\/product\\\/amphetamin-kapsel\\\/#primaryimage\",\"url\":\"https:\\\/\\\/gooddealersmeds.com\\\/de\\\/wp-content\\\/uploads\\\/sites\\\/3\\\/2022\\\/03\\\/Amphetamine-Capsule.jpg\",\"contentUrl\":\"https:\\\/\\\/gooddealersmeds.com\\\/de\\\/wp-content\\\/uploads\\\/sites\\\/3\\\/2022\\\/03\\\/Amphetamine-Capsule.jpg\",\"width\":400,\"height\":533,\"caption\":\"Buy Amphetamine Online\"},{\"@type\":\"BreadcrumbList\",\"@id\":\"https:\\\/\\\/gooddealersmeds.com\\\/de\\\/product\\\/amphetamin-kapsel\\\/#breadcrumb\",\"itemListElement\":[{\"@type\":\"ListItem\",\"position\":1,\"name\":\"Home\",\"item\":\"https:\\\/\\\/gooddealersmeds.com\\\/de\\\/\"},{\"@type\":\"ListItem\",\"position\":2,\"name\":\"Produkte\",\"item\":\"https:\\\/\\\/gooddealersmeds.com\\\/de\\\/produkte\\\/\"},{\"@type\":\"ListItem\",\"position\":3,\"name\":\"Kaufen Sie Amphetamin-Kapseln online\"}]},{\"@type\":\"WebSite\",\"@id\":\"https:\\\/\\\/gooddealersmeds.com\\\/de\\\/#website\",\"url\":\"https:\\\/\\\/gooddealersmeds.com\\\/de\\\/\",\"name\":\"Good Dealers Meds\",\"description\":\"All our best\",\"publisher\":{\"@id\":\"https:\\\/\\\/gooddealersmeds.com\\\/de\\\/#organization\"},\"potentialAction\":[{\"@type\":\"SearchAction\",\"target\":{\"@type\":\"EntryPoint\",\"urlTemplate\":\"https:\\\/\\\/gooddealersmeds.com\\\/de\\\/?s={search_term_string}\"},\"query-input\":{\"@type\":\"PropertyValueSpecification\",\"valueRequired\":true,\"valueName\":\"search_term_string\"}}],\"inLanguage\":\"en-US\"},{\"@type\":\"Organization\",\"@id\":\"https:\\\/\\\/gooddealersmeds.com\\\/de\\\/#organization\",\"name\":\"Good Dealers Meds\",\"url\":\"https:\\\/\\\/gooddealersmeds.com\\\/de\\\/\",\"logo\":{\"@type\":\"ImageObject\",\"inLanguage\":\"en-US\",\"@id\":\"https:\\\/\\\/gooddealersmeds.com\\\/de\\\/#\\\/schema\\\/logo\\\/image\\\/\",\"url\":\"https:\\\/\\\/gooddealersmeds.com\\\/de\\\/wp-content\\\/uploads\\\/sites\\\/3\\\/2022\\\/03\\\/gooddealersmeds__logo__20220317T222800Z.00.png\",\"contentUrl\":\"https:\\\/\\\/gooddealersmeds.com\\\/de\\\/wp-content\\\/uploads\\\/sites\\\/3\\\/2022\\\/03\\\/gooddealersmeds__logo__20220317T222800Z.00.png\",\"width\":500,\"height\":325,\"caption\":\"Good Dealers Meds\"},\"image\":{\"@id\":\"https:\\\/\\\/gooddealersmeds.com\\\/de\\\/#\\\/schema\\\/logo\\\/image\\\/\"}}]}<\/script>\n<!-- \/ Yoast SEO Premium plugin. -->","yoast_head_json":{"title":"Amphetamin online kaufen - Amphetamin zum Verkauf |","description":"Amphetamin online kaufen g\u00fcnstig online bei Good Dealers Medikamente in bester Qualit\u00e4t zur Behandlung von ADHS, Narkolepsie und Adipositas.","robots":{"index":"index","follow":"follow","max-snippet":"max-snippet:-1","max-image-preview":"max-image-preview:large","max-video-preview":"max-video-preview:-1"},"canonical":"https:\/\/gooddealersmeds.com\/de\/product\/amphetamin-kapsel\/","og_locale":"en_US","og_type":"article","og_title":"Kaufen Sie Amphetamin-Kapseln online","og_description":"Amphetamin online kaufen g\u00fcnstig online bei Good Dealers Medikamente in bester Qualit\u00e4t zur Behandlung von ADHS, Narkolepsie und Adipositas.","og_url":"https:\/\/gooddealersmeds.com\/de\/product\/amphetamin-kapsel\/","og_site_name":"Good Dealers Meds","article_modified_time":"2022-12-27T15:52:48+00:00","og_image":[{"width":400,"height":533,"url":"https:\/\/gooddealersmeds.com\/de\/wp-content\/uploads\/sites\/3\/2022\/03\/Amphetamine-Capsule.jpg","type":"image\/jpeg"}],"twitter_card":"summary_large_image","twitter_misc":{"Est. reading time":"3 minutes"},"schema":{"@context":"https:\/\/schema.org","@graph":[{"@type":"WebPage","@id":"https:\/\/gooddealersmeds.com\/de\/product\/amphetamin-kapsel\/","url":"https:\/\/gooddealersmeds.com\/de\/product\/amphetamin-kapsel\/","name":"Amphetamin online kaufen - Amphetamin zum Verkauf |","isPartOf":{"@id":"https:\/\/gooddealersmeds.com\/de\/#website"},"primaryImageOfPage":{"@id":"https:\/\/gooddealersmeds.com\/de\/product\/amphetamin-kapsel\/#primaryimage"},"image":{"@id":"https:\/\/gooddealersmeds.com\/de\/product\/amphetamin-kapsel\/#primaryimage"},"thumbnailUrl":"https:\/\/gooddealersmeds.com\/de\/wp-content\/uploads\/sites\/3\/2022\/03\/Amphetamine-Capsule.jpg","datePublished":"2022-03-18T23:46:33+00:00","dateModified":"2022-12-27T15:52:48+00:00","description":"Amphetamin online kaufen g\u00fcnstig online bei Good Dealers Medikamente in bester Qualit\u00e4t zur Behandlung von ADHS, Narkolepsie und Adipositas.","breadcrumb":{"@id":"https:\/\/gooddealersmeds.com\/de\/product\/amphetamin-kapsel\/#breadcrumb"},"inLanguage":"en-US","potentialAction":[{"@type":"ReadAction","target":["https:\/\/gooddealersmeds.com\/de\/product\/amphetamin-kapsel\/"]}]},{"@type":"ImageObject","inLanguage":"en-US","@id":"https:\/\/gooddealersmeds.com\/de\/product\/amphetamin-kapsel\/#primaryimage","url":"https:\/\/gooddealersmeds.com\/de\/wp-content\/uploads\/sites\/3\/2022\/03\/Amphetamine-Capsule.jpg","contentUrl":"https:\/\/gooddealersmeds.com\/de\/wp-content\/uploads\/sites\/3\/2022\/03\/Amphetamine-Capsule.jpg","width":400,"height":533,"caption":"Buy Amphetamine Online"},{"@type":"BreadcrumbList","@id":"https:\/\/gooddealersmeds.com\/de\/product\/amphetamin-kapsel\/#breadcrumb","itemListElement":[{"@type":"ListItem","position":1,"name":"Home","item":"https:\/\/gooddealersmeds.com\/de\/"},{"@type":"ListItem","position":2,"name":"Produkte","item":"https:\/\/gooddealersmeds.com\/de\/produkte\/"},{"@type":"ListItem","position":3,"name":"Kaufen Sie Amphetamin-Kapseln online"}]},{"@type":"WebSite","@id":"https:\/\/gooddealersmeds.com\/de\/#website","url":"https:\/\/gooddealersmeds.com\/de\/","name":"Good Dealers Meds","description":"All our best","publisher":{"@id":"https:\/\/gooddealersmeds.com\/de\/#organization"},"potentialAction":[{"@type":"SearchAction","target":{"@type":"EntryPoint","urlTemplate":"https:\/\/gooddealersmeds.com\/de\/?s={search_term_string}"},"query-input":{"@type":"PropertyValueSpecification","valueRequired":true,"valueName":"search_term_string"}}],"inLanguage":"en-US"},{"@type":"Organization","@id":"https:\/\/gooddealersmeds.com\/de\/#organization","name":"Good Dealers Meds","url":"https:\/\/gooddealersmeds.com\/de\/","logo":{"@type":"ImageObject","inLanguage":"en-US","@id":"https:\/\/gooddealersmeds.com\/de\/#\/schema\/logo\/image\/","url":"https:\/\/gooddealersmeds.com\/de\/wp-content\/uploads\/sites\/3\/2022\/03\/gooddealersmeds__logo__20220317T222800Z.00.png","contentUrl":"https:\/\/gooddealersmeds.com\/de\/wp-content\/uploads\/sites\/3\/2022\/03\/gooddealersmeds__logo__20220317T222800Z.00.png","width":500,"height":325,"caption":"Good Dealers Meds"},"image":{"@id":"https:\/\/gooddealersmeds.com\/de\/#\/schema\/logo\/image\/"}}]}},"_links":{"self":[{"href":"https:\/\/gooddealersmeds.com\/de\/wp-json\/wp\/v2\/product\/1582","targetHints":{"allow":["GET"]}}],"collection":[{"href":"https:\/\/gooddealersmeds.com\/de\/wp-json\/wp\/v2\/product"}],"about":[{"href":"https:\/\/gooddealersmeds.com\/de\/wp-json\/wp\/v2\/types\/product"}],"replies":[{"embeddable":true,"href":"https:\/\/gooddealersmeds.com\/de\/wp-json\/wp\/v2\/comments?post=1582"}],"wp:featuredmedia":[{"embeddable":true,"href":"https:\/\/gooddealersmeds.com\/de\/wp-json\/wp\/v2\/media\/1950"}],"wp:attachment":[{"href":"https:\/\/gooddealersmeds.com\/de\/wp-json\/wp\/v2\/media?parent=1582"}],"wp:term":[{"taxonomy":"product_brand","embeddable":true,"href":"https:\/\/gooddealersmeds.com\/de\/wp-json\/wp\/v2\/product_brand?post=1582"},{"taxonomy":"product_cat","embeddable":true,"href":"https:\/\/gooddealersmeds.com\/de\/wp-json\/wp\/v2\/product_cat?post=1582"},{"taxonomy":"product_tag","embeddable":true,"href":"https:\/\/gooddealersmeds.com\/de\/wp-json\/wp\/v2\/product_tag?post=1582"}],"curies":[{"name":"wp","href":"https:\/\/api.w.org\/{rel}","templated":true}]}}