{"id":1572,"date":"2022-03-18T01:52:51","date_gmt":"2022-03-18T01:52:51","guid":{"rendered":"https:\/\/gooddealersmeds.com\/de\/?post_type=product&#038;p=1572"},"modified":"2022-12-27T16:04:51","modified_gmt":"2022-12-27T16:04:51","slug":"mdma-ecstasy-oder-molly","status":"publish","type":"product","link":"https:\/\/gooddealersmeds.com\/de\/product\/mdma-ecstasy-oder-molly\/","title":{"rendered":"MDMA (Ecstasy oder Molly)"},"content":{"rendered":"<h2>MDMA Online (MOLLY\/ECSTASY) zu verkaufen<\/h2>\n<p>Kaufen Sie MDMA online von <span style=\"color: #333333\"><a style=\"color: #333333\" href=\"https:\/\/gooddealersmeds.com\/de\/\">Good Dealers Meds<\/a><\/span>. MDMA oder 3,4-Methylendioxymethamphetamin, allgemein als <a href=\"https:\/\/gooddealersmeds.com\/de\/product\/mdma-ecstasy-or-molly\/\">Ecstasy<\/a> bezeichnet, kann eine bewusstseinsver\u00e4ndernde Droge sein haupts\u00e4chlich als <span style=\"color: #333333\"><a style=\"color: #333333\" href=\"https:\/\/en.wikipedia.org\/wiki\/Narcotic\">Bet\u00e4ubungsmittel<\/a>. Zu den gew\u00fcnschten Wirkungen von MDMA geh\u00f6ren ver\u00e4nderte Empfindungen und erh\u00f6hte Energie, Empathie und Freude.<\/span><\/p>\n<p>Der ABON MDMA-Test ist ein schneller, einstufiger, immunochromatographischer Assay, der f\u00fcr den qualitativen Nachweis von Drogenmetaboliten im menschlichen Urin bei einem Cut-Off entwickelt wurde Konzentration.<\/p>\n<p>Der Gro\u00dfteil der bisherigen Forschung hat sich auf die Gefahren konzentriert, die mit dem nicht-klinischen (&#8216;Freizeit-&#8216;) MDMA-Konsum verbunden sind. Die Frage, ob MDMA-Konsumenten in der Freizeit positive Langzeitwirkungen des MDMA-Konsums erfahren k\u00f6nnten, wird durch die m\u00f6glichen Vorteile einer MDMA-unterst\u00fctzten Psychotherapie aufgeworfen.<\/p>\n<h3>WIE BEEINFLUSST MDMA DAS GEHIRN \/ Kaufen Sie MDMA<\/h3>\n<p>WIE WIRKT MDMA AUF DAS GEHIRN?<\/p>\n<p>strong&gt;<\/p>\n<p>MDMA erh\u00f6ht die Aktivit\u00e4ten von drei Gehirnchemikalien, n\u00e4mlich: Kaufen Sie MDMA online<\/p>\n<ul>\n<li>DOPAMINE erh\u00f6ht die Energie\/Aktivit\u00e4t und wirkt als System zur St\u00e4rkung des Verhaltens.<\/li>\n<li>NOREPINEPHRIN- erh\u00f6ht den Puls und die Vitalfunktionen, die f\u00fcr Menschen mit Herz- und Gef\u00e4\u00dfproblemen riskant sind.<\/li>\n<li>SEROTONIN- beeinflusst die Stimmung, den Appetit, den Schlaf und andere Funktionen. Es l\u00f6st auch Hormone aus, die die sexuelle Erregung und das Vertrauen beeinflussen k\u00f6nnen. Die Freisetzung gro\u00dfer Mengen an Serotonin kann wahrscheinlich die emotionale N\u00e4he, Stimmung und Empathie hervorrufen, die von MDMA-Konsumenten empfunden wird.<\/li>\n<\/ul>\n<h4><strong>WEITERE GESUNDHEITLICHE AUSWIRKUNGEN:<\/strong><\/h4>\n<ul>\n<li>\u00dcbelkeit<\/li>\n<li>Muskelkr\u00e4mpfe<\/li>\n<li>Unwillk\u00fcrliches Zusammenbei\u00dfen der Z\u00e4hne<\/li>\n<li>Verschwommenes Sehen<\/li>\n<li>Sch\u00fcttelfrost<\/li>\n<li>Schwitzen<\/li>\n<\/ul>\n","protected":false},"excerpt":{"rendered":"<p>MDMA oder 3,4-Methylendioxymethamphetamin, allgemein als Ecstasy bezeichnet, kann eine bewusstseinsver\u00e4ndernde Droge sein, die haupts\u00e4chlich als Bet\u00e4ubungsmittel verwendet wird. Zu den gew\u00fcnschten Wirkungen von MDMA geh\u00f6ren ver\u00e4nderte Empfindungen und erh\u00f6hte Energie, Empathie und Freude.<\/p>\n","protected":false},"featured_media":1581,"comment_status":"open","ping_status":"closed","template":"","meta":{"inline_featured_image":false},"product_brand":[],"product_cat":[345],"product_tag":[],"class_list":{"0":"post-1572","1":"product","2":"type-product","3":"status-publish","4":"has-post-thumbnail","6":"product_cat-psychedelische-drogen","7":"pa_pills-100-pills","8":"pa_pills-1000-pills","9":"pa_pills-30-pills","10":"pa_pills-300-pills","11":"pa_pills-50-pills","12":"pa_pills-500-pills","14":"first","15":"instock","16":"featured","17":"shipping-taxable","18":"purchasable","19":"product-type-variable","20":"has-default-attributes"},"yoast_head":"<!-- This site is optimized with the Yoast SEO Premium plugin v20.6 (Yoast SEO v27.4) - https:\/\/yoast.com\/product\/yoast-seo-premium-wordpress\/ -->\n<title>Kaufen Sie MDMA online ohne Rezept | Wo kann man MDMA bestellen<\/title>\n<meta name=\"description\" content=\"Kaufen Sie MDMA online, allgemein als Ecstasy bezeichnet, und kann eine bewusstseinsver\u00e4ndernde Droge sein, die haupts\u00e4chlich als Bet\u00e4ubungsmittel von Good Dealers Meds verwendet wird.\" \/>\n<meta name=\"robots\" content=\"index, follow, max-snippet:-1, max-image-preview:large, max-video-preview:-1\" \/>\n<link rel=\"canonical\" href=\"https:\/\/gooddealersmeds.com\/de\/product\/mdma-ecstasy-oder-molly\/\" \/>\n<meta property=\"og:locale\" content=\"en_US\" \/>\n<meta property=\"og:type\" content=\"article\" \/>\n<meta property=\"og:title\" content=\"MDMA (Ecstasy oder Molly)\" \/>\n<meta property=\"og:description\" content=\"Kaufen Sie MDMA online, allgemein als Ecstasy bezeichnet, und kann eine bewusstseinsver\u00e4ndernde Droge sein, die haupts\u00e4chlich als Bet\u00e4ubungsmittel von Good Dealers Meds verwendet wird.\" \/>\n<meta property=\"og:url\" content=\"https:\/\/gooddealersmeds.com\/de\/product\/mdma-ecstasy-oder-molly\/\" \/>\n<meta property=\"og:site_name\" content=\"Good Dealers Meds\" \/>\n<meta property=\"article:modified_time\" content=\"2022-12-27T16:04:51+00:00\" \/>\n<meta property=\"og:image\" content=\"https:\/\/gooddealersmeds.com\/de\/wp-content\/uploads\/sites\/3\/2022\/03\/MDMA-Ecstasy-or-Molly-1.jpeg\" \/>\n\t<meta property=\"og:image:width\" content=\"600\" \/>\n\t<meta property=\"og:image:height\" content=\"600\" \/>\n\t<meta property=\"og:image:type\" content=\"image\/jpeg\" \/>\n<meta name=\"twitter:card\" content=\"summary_large_image\" \/>\n<meta name=\"twitter:label1\" content=\"Est. reading time\" \/>\n\t<meta name=\"twitter:data1\" content=\"1 minute\" \/>\n<script type=\"application\/ld+json\" class=\"yoast-schema-graph\">{\"@context\":\"https:\\\/\\\/schema.org\",\"@graph\":[{\"@type\":\"WebPage\",\"@id\":\"https:\\\/\\\/gooddealersmeds.com\\\/de\\\/product\\\/mdma-ecstasy-oder-molly\\\/\",\"url\":\"https:\\\/\\\/gooddealersmeds.com\\\/de\\\/product\\\/mdma-ecstasy-oder-molly\\\/\",\"name\":\"Kaufen Sie MDMA online ohne Rezept | Wo kann man MDMA bestellen\",\"isPartOf\":{\"@id\":\"https:\\\/\\\/gooddealersmeds.com\\\/de\\\/#website\"},\"primaryImageOfPage\":{\"@id\":\"https:\\\/\\\/gooddealersmeds.com\\\/de\\\/product\\\/mdma-ecstasy-oder-molly\\\/#primaryimage\"},\"image\":{\"@id\":\"https:\\\/\\\/gooddealersmeds.com\\\/de\\\/product\\\/mdma-ecstasy-oder-molly\\\/#primaryimage\"},\"thumbnailUrl\":\"https:\\\/\\\/gooddealersmeds.com\\\/de\\\/wp-content\\\/uploads\\\/sites\\\/3\\\/2022\\\/03\\\/MDMA-Ecstasy-or-Molly-1.jpeg\",\"datePublished\":\"2022-03-18T01:52:51+00:00\",\"dateModified\":\"2022-12-27T16:04:51+00:00\",\"description\":\"Kaufen Sie MDMA online, allgemein als Ecstasy bezeichnet, und kann eine bewusstseinsver\u00e4ndernde Droge sein, die haupts\u00e4chlich als Bet\u00e4ubungsmittel von Good Dealers Meds verwendet wird.\",\"breadcrumb\":{\"@id\":\"https:\\\/\\\/gooddealersmeds.com\\\/de\\\/product\\\/mdma-ecstasy-oder-molly\\\/#breadcrumb\"},\"inLanguage\":\"en-US\",\"potentialAction\":[{\"@type\":\"ReadAction\",\"target\":[\"https:\\\/\\\/gooddealersmeds.com\\\/de\\\/product\\\/mdma-ecstasy-oder-molly\\\/\"]}]},{\"@type\":\"ImageObject\",\"inLanguage\":\"en-US\",\"@id\":\"https:\\\/\\\/gooddealersmeds.com\\\/de\\\/product\\\/mdma-ecstasy-oder-molly\\\/#primaryimage\",\"url\":\"https:\\\/\\\/gooddealersmeds.com\\\/de\\\/wp-content\\\/uploads\\\/sites\\\/3\\\/2022\\\/03\\\/MDMA-Ecstasy-or-Molly-1.jpeg\",\"contentUrl\":\"https:\\\/\\\/gooddealersmeds.com\\\/de\\\/wp-content\\\/uploads\\\/sites\\\/3\\\/2022\\\/03\\\/MDMA-Ecstasy-or-Molly-1.jpeg\",\"width\":600,\"height\":600,\"caption\":\"Buy MDMA Online\"},{\"@type\":\"BreadcrumbList\",\"@id\":\"https:\\\/\\\/gooddealersmeds.com\\\/de\\\/product\\\/mdma-ecstasy-oder-molly\\\/#breadcrumb\",\"itemListElement\":[{\"@type\":\"ListItem\",\"position\":1,\"name\":\"Home\",\"item\":\"https:\\\/\\\/gooddealersmeds.com\\\/de\\\/\"},{\"@type\":\"ListItem\",\"position\":2,\"name\":\"Produkte\",\"item\":\"https:\\\/\\\/gooddealersmeds.com\\\/de\\\/produkte\\\/\"},{\"@type\":\"ListItem\",\"position\":3,\"name\":\"MDMA (Ecstasy oder Molly)\"}]},{\"@type\":\"WebSite\",\"@id\":\"https:\\\/\\\/gooddealersmeds.com\\\/de\\\/#website\",\"url\":\"https:\\\/\\\/gooddealersmeds.com\\\/de\\\/\",\"name\":\"Good Dealers Meds\",\"description\":\"All our best\",\"publisher\":{\"@id\":\"https:\\\/\\\/gooddealersmeds.com\\\/de\\\/#organization\"},\"potentialAction\":[{\"@type\":\"SearchAction\",\"target\":{\"@type\":\"EntryPoint\",\"urlTemplate\":\"https:\\\/\\\/gooddealersmeds.com\\\/de\\\/?s={search_term_string}\"},\"query-input\":{\"@type\":\"PropertyValueSpecification\",\"valueRequired\":true,\"valueName\":\"search_term_string\"}}],\"inLanguage\":\"en-US\"},{\"@type\":\"Organization\",\"@id\":\"https:\\\/\\\/gooddealersmeds.com\\\/de\\\/#organization\",\"name\":\"Good Dealers Meds\",\"url\":\"https:\\\/\\\/gooddealersmeds.com\\\/de\\\/\",\"logo\":{\"@type\":\"ImageObject\",\"inLanguage\":\"en-US\",\"@id\":\"https:\\\/\\\/gooddealersmeds.com\\\/de\\\/#\\\/schema\\\/logo\\\/image\\\/\",\"url\":\"https:\\\/\\\/gooddealersmeds.com\\\/de\\\/wp-content\\\/uploads\\\/sites\\\/3\\\/2022\\\/03\\\/gooddealersmeds__logo__20220317T222800Z.00.png\",\"contentUrl\":\"https:\\\/\\\/gooddealersmeds.com\\\/de\\\/wp-content\\\/uploads\\\/sites\\\/3\\\/2022\\\/03\\\/gooddealersmeds__logo__20220317T222800Z.00.png\",\"width\":500,\"height\":325,\"caption\":\"Good Dealers Meds\"},\"image\":{\"@id\":\"https:\\\/\\\/gooddealersmeds.com\\\/de\\\/#\\\/schema\\\/logo\\\/image\\\/\"}}]}<\/script>\n<!-- \/ Yoast SEO Premium plugin. -->","yoast_head_json":{"title":"Kaufen Sie MDMA online ohne Rezept | Wo kann man MDMA bestellen","description":"Kaufen Sie MDMA online, allgemein als Ecstasy bezeichnet, und kann eine bewusstseinsver\u00e4ndernde Droge sein, die haupts\u00e4chlich als Bet\u00e4ubungsmittel von Good Dealers Meds verwendet wird.","robots":{"index":"index","follow":"follow","max-snippet":"max-snippet:-1","max-image-preview":"max-image-preview:large","max-video-preview":"max-video-preview:-1"},"canonical":"https:\/\/gooddealersmeds.com\/de\/product\/mdma-ecstasy-oder-molly\/","og_locale":"en_US","og_type":"article","og_title":"MDMA (Ecstasy oder Molly)","og_description":"Kaufen Sie MDMA online, allgemein als Ecstasy bezeichnet, und kann eine bewusstseinsver\u00e4ndernde Droge sein, die haupts\u00e4chlich als Bet\u00e4ubungsmittel von Good Dealers Meds verwendet wird.","og_url":"https:\/\/gooddealersmeds.com\/de\/product\/mdma-ecstasy-oder-molly\/","og_site_name":"Good Dealers Meds","article_modified_time":"2022-12-27T16:04:51+00:00","og_image":[{"width":600,"height":600,"url":"https:\/\/gooddealersmeds.com\/de\/wp-content\/uploads\/sites\/3\/2022\/03\/MDMA-Ecstasy-or-Molly-1.jpeg","type":"image\/jpeg"}],"twitter_card":"summary_large_image","twitter_misc":{"Est. reading time":"1 minute"},"schema":{"@context":"https:\/\/schema.org","@graph":[{"@type":"WebPage","@id":"https:\/\/gooddealersmeds.com\/de\/product\/mdma-ecstasy-oder-molly\/","url":"https:\/\/gooddealersmeds.com\/de\/product\/mdma-ecstasy-oder-molly\/","name":"Kaufen Sie MDMA online ohne Rezept | Wo kann man MDMA bestellen","isPartOf":{"@id":"https:\/\/gooddealersmeds.com\/de\/#website"},"primaryImageOfPage":{"@id":"https:\/\/gooddealersmeds.com\/de\/product\/mdma-ecstasy-oder-molly\/#primaryimage"},"image":{"@id":"https:\/\/gooddealersmeds.com\/de\/product\/mdma-ecstasy-oder-molly\/#primaryimage"},"thumbnailUrl":"https:\/\/gooddealersmeds.com\/de\/wp-content\/uploads\/sites\/3\/2022\/03\/MDMA-Ecstasy-or-Molly-1.jpeg","datePublished":"2022-03-18T01:52:51+00:00","dateModified":"2022-12-27T16:04:51+00:00","description":"Kaufen Sie MDMA online, allgemein als Ecstasy bezeichnet, und kann eine bewusstseinsver\u00e4ndernde Droge sein, die haupts\u00e4chlich als Bet\u00e4ubungsmittel von Good Dealers Meds verwendet wird.","breadcrumb":{"@id":"https:\/\/gooddealersmeds.com\/de\/product\/mdma-ecstasy-oder-molly\/#breadcrumb"},"inLanguage":"en-US","potentialAction":[{"@type":"ReadAction","target":["https:\/\/gooddealersmeds.com\/de\/product\/mdma-ecstasy-oder-molly\/"]}]},{"@type":"ImageObject","inLanguage":"en-US","@id":"https:\/\/gooddealersmeds.com\/de\/product\/mdma-ecstasy-oder-molly\/#primaryimage","url":"https:\/\/gooddealersmeds.com\/de\/wp-content\/uploads\/sites\/3\/2022\/03\/MDMA-Ecstasy-or-Molly-1.jpeg","contentUrl":"https:\/\/gooddealersmeds.com\/de\/wp-content\/uploads\/sites\/3\/2022\/03\/MDMA-Ecstasy-or-Molly-1.jpeg","width":600,"height":600,"caption":"Buy MDMA Online"},{"@type":"BreadcrumbList","@id":"https:\/\/gooddealersmeds.com\/de\/product\/mdma-ecstasy-oder-molly\/#breadcrumb","itemListElement":[{"@type":"ListItem","position":1,"name":"Home","item":"https:\/\/gooddealersmeds.com\/de\/"},{"@type":"ListItem","position":2,"name":"Produkte","item":"https:\/\/gooddealersmeds.com\/de\/produkte\/"},{"@type":"ListItem","position":3,"name":"MDMA (Ecstasy oder Molly)"}]},{"@type":"WebSite","@id":"https:\/\/gooddealersmeds.com\/de\/#website","url":"https:\/\/gooddealersmeds.com\/de\/","name":"Good Dealers Meds","description":"All our best","publisher":{"@id":"https:\/\/gooddealersmeds.com\/de\/#organization"},"potentialAction":[{"@type":"SearchAction","target":{"@type":"EntryPoint","urlTemplate":"https:\/\/gooddealersmeds.com\/de\/?s={search_term_string}"},"query-input":{"@type":"PropertyValueSpecification","valueRequired":true,"valueName":"search_term_string"}}],"inLanguage":"en-US"},{"@type":"Organization","@id":"https:\/\/gooddealersmeds.com\/de\/#organization","name":"Good Dealers Meds","url":"https:\/\/gooddealersmeds.com\/de\/","logo":{"@type":"ImageObject","inLanguage":"en-US","@id":"https:\/\/gooddealersmeds.com\/de\/#\/schema\/logo\/image\/","url":"https:\/\/gooddealersmeds.com\/de\/wp-content\/uploads\/sites\/3\/2022\/03\/gooddealersmeds__logo__20220317T222800Z.00.png","contentUrl":"https:\/\/gooddealersmeds.com\/de\/wp-content\/uploads\/sites\/3\/2022\/03\/gooddealersmeds__logo__20220317T222800Z.00.png","width":500,"height":325,"caption":"Good Dealers Meds"},"image":{"@id":"https:\/\/gooddealersmeds.com\/de\/#\/schema\/logo\/image\/"}}]}},"_links":{"self":[{"href":"https:\/\/gooddealersmeds.com\/de\/wp-json\/wp\/v2\/product\/1572","targetHints":{"allow":["GET"]}}],"collection":[{"href":"https:\/\/gooddealersmeds.com\/de\/wp-json\/wp\/v2\/product"}],"about":[{"href":"https:\/\/gooddealersmeds.com\/de\/wp-json\/wp\/v2\/types\/product"}],"replies":[{"embeddable":true,"href":"https:\/\/gooddealersmeds.com\/de\/wp-json\/wp\/v2\/comments?post=1572"}],"wp:featuredmedia":[{"embeddable":true,"href":"https:\/\/gooddealersmeds.com\/de\/wp-json\/wp\/v2\/media\/1581"}],"wp:attachment":[{"href":"https:\/\/gooddealersmeds.com\/de\/wp-json\/wp\/v2\/media?parent=1572"}],"wp:term":[{"taxonomy":"product_brand","embeddable":true,"href":"https:\/\/gooddealersmeds.com\/de\/wp-json\/wp\/v2\/product_brand?post=1572"},{"taxonomy":"product_cat","embeddable":true,"href":"https:\/\/gooddealersmeds.com\/de\/wp-json\/wp\/v2\/product_cat?post=1572"},{"taxonomy":"product_tag","embeddable":true,"href":"https:\/\/gooddealersmeds.com\/de\/wp-json\/wp\/v2\/product_tag?post=1572"}],"curies":[{"name":"wp","href":"https:\/\/api.w.org\/{rel}","templated":true}]}}