{"id":1563,"date":"2022-03-18T01:19:50","date_gmt":"2022-03-18T01:19:50","guid":{"rendered":"https:\/\/gooddealersmeds.com\/de\/?post_type=product&#038;p=1563"},"modified":"2022-12-27T16:10:10","modified_gmt":"2022-12-27T16:10:10","slug":"kaufen-amphetamin-pulver-online","status":"publish","type":"product","link":"https:\/\/gooddealersmeds.com\/de\/product\/kaufen-amphetamin-pulver-online\/","title":{"rendered":"Kaufen Sie Amphetaminpulver online"},"content":{"rendered":"<h2>Amphetaminpulver zum Verkauf von der Spitzenklasse<\/h2>\n<p>Kaufen Sie Amphetaminpulver online. Amphetamine sind Stimulanzien, die die Aktivit\u00e4t bestimmter Gehirnchemikalien stimulieren. Diese Medikamente enthalten Amphetamin, ein Stimulans des zentralen Nervensystems, das zur Behandlung von Aufmerksamkeitsdefizit-Hyperaktivit\u00e4tsst\u00f6rung, Narkolepsie und Fettleibigkeit eingesetzt wird. In den meisten F\u00e4llen vereinigen sich zwei Chemikalien, um es zu bilden. Es gibt zwei davon: Levoamphetamin und Dextroamphetamin. Das eigentliche Medikament zur Behandlung von ADHS ist <a href=\"https:\/\/de.wikipedia.org\/wiki\/Amphetamin\">Dextroamphetamin<\/a>. Levoamphetamin hingegen ist ein Psychostimulans, das Aufmerksamkeit und Konzentration f\u00f6rdert.<\/p>\n<p>Dexamphetamin, Sulfat und Methamphetamin, eine st\u00e4rkere Version von Amphetamin, sind weitere Beispiele. Allerdings werden amphetaminhaltige Medikamente in Europa unter verschiedenen Markennamen verkauft. <a href=\"https:\/\/gooddealersmeds.com\/de\/product\/buy-amphetamine-powder-online\/\">Amphetamine Powder kaufen<\/a> wird zur Behandlung der Aufmerksamkeitsdefizit-Hyperaktivit\u00e4tsst\u00f6rung \u00fcber medizinisch von \u00c4rzten mit Empfehlung verwendet .<\/p>\n<p>Das Pulver wird geschluckt oder geschnupft. Im Gegensatz zum Hydrochloridsalz von Methamphetamin ist Amphetaminsulfat nicht fl\u00fcchtig genug, um geraucht zu werden.<\/p>\n<p><strong>Wirkungen<\/strong><\/p>\n<p>Erstens betrifft es jeden anders, je nach Gr\u00f6\u00dfe, Gewicht, und Gesundheit, ob die Person an die Einnahme gew\u00f6hnt ist, ob andere Drogen gleichzeitig eingenommen werden, die konsumierte Menge und die St\u00e4rke der Droge (variiert von Charge zu Charge bei illegal hergestellten Drogen).<\/p>\n<p>As Daher ist die Wirkung sofort (bei Injektion oder Rauchen) oder innerhalb von 30 Minuten (bei Schnupfen oder Schlucken) sp\u00fcrbar.<\/p>\n<p>Die folgenden Wirkungen k\u00f6nnen auftreten:<\/p>\n<ul>\n<li>Gl\u00fcck und Selbstvertrauen<\/li>\n<li>Mehr sprechen und sich voller Energie f\u00fchlen<\/li>\n<li>Einfache Dinge wie Jucken und Kratzen wiederholen<\/li>\n<li>Gro\u00dfe Pupillen und trockener Mund<\/li>\n<li>Schneller Herzschlag und Atmung<\/li>\n<li>Z\u00e4hneknirschen<\/li>\n<li>Verringerter Appetit<\/li>\n<li>\u00dcberm\u00e4\u00dfiges Schwitzen<\/li>\n<li>Erh\u00f6hter Sexualtrieb<\/li>\n<\/ul>\n<h3><strong>Wie wirkt Amphetaminpulver &#8211; Kaufen Sie Amphetaminpulver online<\/strong><\/h3>\n<p>T Dies sollte gem\u00e4\u00df den Anweisungen des Arztes f\u00fcr medizinische Zwecke eingenommen werden. Beginnen Sie mit der kleinstm\u00f6glichen Menge f\u00fcr Erholungszwecke, um sicherzustellen, dass die Substanz keinen negativen Einfluss hat. Die milde Dosierung betr\u00e4gt 5\u201320 mg, w\u00e4hrend alles dar\u00fcber als starke Dosis angesehen wird (40\u201370 mg).<\/p>\n<p><strong>Nebenwirkungen<\/strong><\/p>\n<p>Unregelm\u00e4\u00dfiger Herzschlag, Bluthochdruck und hohe Temperatur. Es besteht auch die M\u00f6glichkeit, dass die Blutgef\u00e4\u00dfe platzen, ein Herzinfarkt oder Schlaganfall auftritt. Sogar der Tod kann eintreten.<\/p>\n<p>Sie k\u00f6nnen Amphetaminpulver online in unserem <a href=\"https:\/\/gooddealersmeds.com\/de\/products\/\">Shop<\/a> mit sicherem Versand in ganz Europa kaufen .<\/p>\n","protected":false},"excerpt":{"rendered":"<p>Kaufen Sie Amphetaminpulver online von einem vertrauensw\u00fcrdigen Lieferanten und erhalten Sie die beste Qualit\u00e4t. Wir bieten Ihnen das beste Versanderlebnis. Methamphetamin kaufen.<\/p>\n","protected":false},"featured_media":1571,"comment_status":"open","ping_status":"closed","template":"","meta":{"inline_featured_image":false},"product_brand":[],"product_cat":[343],"product_tag":[],"class_list":{"0":"post-1563","1":"product","2":"type-product","3":"status-publish","4":"has-post-thumbnail","6":"product_cat-andere","7":"pa_grams-1-kg-1000-g","8":"pa_grams-100-g","9":"pa_grams-20-g","10":"pa_grams-200-g","11":"pa_grams-250-g","12":"pa_grams-35-g","13":"pa_grams-50-g","14":"pa_grams-500-g","16":"first","17":"instock","18":"featured","19":"shipping-taxable","20":"purchasable","21":"product-type-variable","22":"has-default-attributes"},"yoast_head":"<!-- This site is optimized with the Yoast SEO Premium plugin v20.6 (Yoast SEO v27.3) - https:\/\/yoast.com\/product\/yoast-seo-premium-wordpress\/ -->\n<title>Kaufen Sie Amphetaminpulver online | Amphetamin zu verkaufen<\/title>\n<meta name=\"description\" content=\"Kaufen Sie Amphetaminpulver online von einem vertrauensw\u00fcrdigen Lieferanten und erhalten Sie die beste Qualit\u00e4t. Wir bieten Ihnen das beste Versanderlebnis.\" \/>\n<meta name=\"robots\" content=\"index, follow, max-snippet:-1, max-image-preview:large, max-video-preview:-1\" \/>\n<link rel=\"canonical\" href=\"https:\/\/gooddealersmeds.com\/de\/product\/kaufen-amphetamin-pulver-online\/\" \/>\n<meta property=\"og:locale\" content=\"en_US\" \/>\n<meta property=\"og:type\" content=\"article\" \/>\n<meta property=\"og:title\" content=\"Kaufen Sie Amphetaminpulver online\" \/>\n<meta property=\"og:description\" content=\"Kaufen Sie Amphetaminpulver online von einem vertrauensw\u00fcrdigen Lieferanten und erhalten Sie die beste Qualit\u00e4t. Wir bieten Ihnen das beste Versanderlebnis.\" \/>\n<meta property=\"og:url\" content=\"https:\/\/gooddealersmeds.com\/de\/product\/kaufen-amphetamin-pulver-online\/\" \/>\n<meta property=\"og:site_name\" content=\"Good Dealers Meds\" \/>\n<meta property=\"article:modified_time\" content=\"2022-12-27T16:10:10+00:00\" \/>\n<meta property=\"og:image\" content=\"https:\/\/gooddealersmeds.com\/de\/wp-content\/uploads\/sites\/3\/2022\/03\/AMPHETAMINE-POWDER.jpg\" \/>\n\t<meta property=\"og:image:width\" content=\"480\" \/>\n\t<meta property=\"og:image:height\" content=\"480\" \/>\n\t<meta property=\"og:image:type\" content=\"image\/jpeg\" \/>\n<meta name=\"twitter:card\" content=\"summary_large_image\" \/>\n<meta name=\"twitter:label1\" content=\"Est. reading time\" \/>\n\t<meta name=\"twitter:data1\" content=\"2 minutes\" \/>\n<script type=\"application\/ld+json\" class=\"yoast-schema-graph\">{\"@context\":\"https:\\\/\\\/schema.org\",\"@graph\":[{\"@type\":\"WebPage\",\"@id\":\"https:\\\/\\\/gooddealersmeds.com\\\/de\\\/product\\\/kaufen-amphetamin-pulver-online\\\/\",\"url\":\"https:\\\/\\\/gooddealersmeds.com\\\/de\\\/product\\\/kaufen-amphetamin-pulver-online\\\/\",\"name\":\"Kaufen Sie Amphetaminpulver online | Amphetamin zu verkaufen\",\"isPartOf\":{\"@id\":\"https:\\\/\\\/gooddealersmeds.com\\\/de\\\/#website\"},\"primaryImageOfPage\":{\"@id\":\"https:\\\/\\\/gooddealersmeds.com\\\/de\\\/product\\\/kaufen-amphetamin-pulver-online\\\/#primaryimage\"},\"image\":{\"@id\":\"https:\\\/\\\/gooddealersmeds.com\\\/de\\\/product\\\/kaufen-amphetamin-pulver-online\\\/#primaryimage\"},\"thumbnailUrl\":\"https:\\\/\\\/gooddealersmeds.com\\\/de\\\/wp-content\\\/uploads\\\/sites\\\/3\\\/2022\\\/03\\\/AMPHETAMINE-POWDER.jpg\",\"datePublished\":\"2022-03-18T01:19:50+00:00\",\"dateModified\":\"2022-12-27T16:10:10+00:00\",\"description\":\"Kaufen Sie Amphetaminpulver online von einem vertrauensw\u00fcrdigen Lieferanten und erhalten Sie die beste Qualit\u00e4t. Wir bieten Ihnen das beste Versanderlebnis.\",\"breadcrumb\":{\"@id\":\"https:\\\/\\\/gooddealersmeds.com\\\/de\\\/product\\\/kaufen-amphetamin-pulver-online\\\/#breadcrumb\"},\"inLanguage\":\"en-US\",\"potentialAction\":[{\"@type\":\"ReadAction\",\"target\":[\"https:\\\/\\\/gooddealersmeds.com\\\/de\\\/product\\\/kaufen-amphetamin-pulver-online\\\/\"]}]},{\"@type\":\"ImageObject\",\"inLanguage\":\"en-US\",\"@id\":\"https:\\\/\\\/gooddealersmeds.com\\\/de\\\/product\\\/kaufen-amphetamin-pulver-online\\\/#primaryimage\",\"url\":\"https:\\\/\\\/gooddealersmeds.com\\\/de\\\/wp-content\\\/uploads\\\/sites\\\/3\\\/2022\\\/03\\\/AMPHETAMINE-POWDER.jpg\",\"contentUrl\":\"https:\\\/\\\/gooddealersmeds.com\\\/de\\\/wp-content\\\/uploads\\\/sites\\\/3\\\/2022\\\/03\\\/AMPHETAMINE-POWDER.jpg\",\"width\":480,\"height\":480,\"caption\":\"Buy Amphetamine Powder Online\"},{\"@type\":\"BreadcrumbList\",\"@id\":\"https:\\\/\\\/gooddealersmeds.com\\\/de\\\/product\\\/kaufen-amphetamin-pulver-online\\\/#breadcrumb\",\"itemListElement\":[{\"@type\":\"ListItem\",\"position\":1,\"name\":\"Home\",\"item\":\"https:\\\/\\\/gooddealersmeds.com\\\/de\\\/\"},{\"@type\":\"ListItem\",\"position\":2,\"name\":\"Produkte\",\"item\":\"https:\\\/\\\/gooddealersmeds.com\\\/de\\\/produkte\\\/\"},{\"@type\":\"ListItem\",\"position\":3,\"name\":\"Kaufen Sie Amphetaminpulver online\"}]},{\"@type\":\"WebSite\",\"@id\":\"https:\\\/\\\/gooddealersmeds.com\\\/de\\\/#website\",\"url\":\"https:\\\/\\\/gooddealersmeds.com\\\/de\\\/\",\"name\":\"Good Dealers Meds\",\"description\":\"All our best\",\"publisher\":{\"@id\":\"https:\\\/\\\/gooddealersmeds.com\\\/de\\\/#organization\"},\"potentialAction\":[{\"@type\":\"SearchAction\",\"target\":{\"@type\":\"EntryPoint\",\"urlTemplate\":\"https:\\\/\\\/gooddealersmeds.com\\\/de\\\/?s={search_term_string}\"},\"query-input\":{\"@type\":\"PropertyValueSpecification\",\"valueRequired\":true,\"valueName\":\"search_term_string\"}}],\"inLanguage\":\"en-US\"},{\"@type\":\"Organization\",\"@id\":\"https:\\\/\\\/gooddealersmeds.com\\\/de\\\/#organization\",\"name\":\"Good Dealers Meds\",\"url\":\"https:\\\/\\\/gooddealersmeds.com\\\/de\\\/\",\"logo\":{\"@type\":\"ImageObject\",\"inLanguage\":\"en-US\",\"@id\":\"https:\\\/\\\/gooddealersmeds.com\\\/de\\\/#\\\/schema\\\/logo\\\/image\\\/\",\"url\":\"https:\\\/\\\/gooddealersmeds.com\\\/de\\\/wp-content\\\/uploads\\\/sites\\\/3\\\/2022\\\/03\\\/gooddealersmeds__logo__20220317T222800Z.00.png\",\"contentUrl\":\"https:\\\/\\\/gooddealersmeds.com\\\/de\\\/wp-content\\\/uploads\\\/sites\\\/3\\\/2022\\\/03\\\/gooddealersmeds__logo__20220317T222800Z.00.png\",\"width\":500,\"height\":325,\"caption\":\"Good Dealers Meds\"},\"image\":{\"@id\":\"https:\\\/\\\/gooddealersmeds.com\\\/de\\\/#\\\/schema\\\/logo\\\/image\\\/\"}}]}<\/script>\n<!-- \/ Yoast SEO Premium plugin. -->","yoast_head_json":{"title":"Kaufen Sie Amphetaminpulver online | Amphetamin zu verkaufen","description":"Kaufen Sie Amphetaminpulver online von einem vertrauensw\u00fcrdigen Lieferanten und erhalten Sie die beste Qualit\u00e4t. Wir bieten Ihnen das beste Versanderlebnis.","robots":{"index":"index","follow":"follow","max-snippet":"max-snippet:-1","max-image-preview":"max-image-preview:large","max-video-preview":"max-video-preview:-1"},"canonical":"https:\/\/gooddealersmeds.com\/de\/product\/kaufen-amphetamin-pulver-online\/","og_locale":"en_US","og_type":"article","og_title":"Kaufen Sie Amphetaminpulver online","og_description":"Kaufen Sie Amphetaminpulver online von einem vertrauensw\u00fcrdigen Lieferanten und erhalten Sie die beste Qualit\u00e4t. Wir bieten Ihnen das beste Versanderlebnis.","og_url":"https:\/\/gooddealersmeds.com\/de\/product\/kaufen-amphetamin-pulver-online\/","og_site_name":"Good Dealers Meds","article_modified_time":"2022-12-27T16:10:10+00:00","og_image":[{"width":480,"height":480,"url":"https:\/\/gooddealersmeds.com\/de\/wp-content\/uploads\/sites\/3\/2022\/03\/AMPHETAMINE-POWDER.jpg","type":"image\/jpeg"}],"twitter_card":"summary_large_image","twitter_misc":{"Est. reading time":"2 minutes"},"schema":{"@context":"https:\/\/schema.org","@graph":[{"@type":"WebPage","@id":"https:\/\/gooddealersmeds.com\/de\/product\/kaufen-amphetamin-pulver-online\/","url":"https:\/\/gooddealersmeds.com\/de\/product\/kaufen-amphetamin-pulver-online\/","name":"Kaufen Sie Amphetaminpulver online | Amphetamin zu verkaufen","isPartOf":{"@id":"https:\/\/gooddealersmeds.com\/de\/#website"},"primaryImageOfPage":{"@id":"https:\/\/gooddealersmeds.com\/de\/product\/kaufen-amphetamin-pulver-online\/#primaryimage"},"image":{"@id":"https:\/\/gooddealersmeds.com\/de\/product\/kaufen-amphetamin-pulver-online\/#primaryimage"},"thumbnailUrl":"https:\/\/gooddealersmeds.com\/de\/wp-content\/uploads\/sites\/3\/2022\/03\/AMPHETAMINE-POWDER.jpg","datePublished":"2022-03-18T01:19:50+00:00","dateModified":"2022-12-27T16:10:10+00:00","description":"Kaufen Sie Amphetaminpulver online von einem vertrauensw\u00fcrdigen Lieferanten und erhalten Sie die beste Qualit\u00e4t. Wir bieten Ihnen das beste Versanderlebnis.","breadcrumb":{"@id":"https:\/\/gooddealersmeds.com\/de\/product\/kaufen-amphetamin-pulver-online\/#breadcrumb"},"inLanguage":"en-US","potentialAction":[{"@type":"ReadAction","target":["https:\/\/gooddealersmeds.com\/de\/product\/kaufen-amphetamin-pulver-online\/"]}]},{"@type":"ImageObject","inLanguage":"en-US","@id":"https:\/\/gooddealersmeds.com\/de\/product\/kaufen-amphetamin-pulver-online\/#primaryimage","url":"https:\/\/gooddealersmeds.com\/de\/wp-content\/uploads\/sites\/3\/2022\/03\/AMPHETAMINE-POWDER.jpg","contentUrl":"https:\/\/gooddealersmeds.com\/de\/wp-content\/uploads\/sites\/3\/2022\/03\/AMPHETAMINE-POWDER.jpg","width":480,"height":480,"caption":"Buy Amphetamine Powder Online"},{"@type":"BreadcrumbList","@id":"https:\/\/gooddealersmeds.com\/de\/product\/kaufen-amphetamin-pulver-online\/#breadcrumb","itemListElement":[{"@type":"ListItem","position":1,"name":"Home","item":"https:\/\/gooddealersmeds.com\/de\/"},{"@type":"ListItem","position":2,"name":"Produkte","item":"https:\/\/gooddealersmeds.com\/de\/produkte\/"},{"@type":"ListItem","position":3,"name":"Kaufen Sie Amphetaminpulver online"}]},{"@type":"WebSite","@id":"https:\/\/gooddealersmeds.com\/de\/#website","url":"https:\/\/gooddealersmeds.com\/de\/","name":"Good Dealers Meds","description":"All our best","publisher":{"@id":"https:\/\/gooddealersmeds.com\/de\/#organization"},"potentialAction":[{"@type":"SearchAction","target":{"@type":"EntryPoint","urlTemplate":"https:\/\/gooddealersmeds.com\/de\/?s={search_term_string}"},"query-input":{"@type":"PropertyValueSpecification","valueRequired":true,"valueName":"search_term_string"}}],"inLanguage":"en-US"},{"@type":"Organization","@id":"https:\/\/gooddealersmeds.com\/de\/#organization","name":"Good Dealers Meds","url":"https:\/\/gooddealersmeds.com\/de\/","logo":{"@type":"ImageObject","inLanguage":"en-US","@id":"https:\/\/gooddealersmeds.com\/de\/#\/schema\/logo\/image\/","url":"https:\/\/gooddealersmeds.com\/de\/wp-content\/uploads\/sites\/3\/2022\/03\/gooddealersmeds__logo__20220317T222800Z.00.png","contentUrl":"https:\/\/gooddealersmeds.com\/de\/wp-content\/uploads\/sites\/3\/2022\/03\/gooddealersmeds__logo__20220317T222800Z.00.png","width":500,"height":325,"caption":"Good Dealers Meds"},"image":{"@id":"https:\/\/gooddealersmeds.com\/de\/#\/schema\/logo\/image\/"}}]}},"_links":{"self":[{"href":"https:\/\/gooddealersmeds.com\/de\/wp-json\/wp\/v2\/product\/1563","targetHints":{"allow":["GET"]}}],"collection":[{"href":"https:\/\/gooddealersmeds.com\/de\/wp-json\/wp\/v2\/product"}],"about":[{"href":"https:\/\/gooddealersmeds.com\/de\/wp-json\/wp\/v2\/types\/product"}],"replies":[{"embeddable":true,"href":"https:\/\/gooddealersmeds.com\/de\/wp-json\/wp\/v2\/comments?post=1563"}],"wp:featuredmedia":[{"embeddable":true,"href":"https:\/\/gooddealersmeds.com\/de\/wp-json\/wp\/v2\/media\/1571"}],"wp:attachment":[{"href":"https:\/\/gooddealersmeds.com\/de\/wp-json\/wp\/v2\/media?parent=1563"}],"wp:term":[{"taxonomy":"product_brand","embeddable":true,"href":"https:\/\/gooddealersmeds.com\/de\/wp-json\/wp\/v2\/product_brand?post=1563"},{"taxonomy":"product_cat","embeddable":true,"href":"https:\/\/gooddealersmeds.com\/de\/wp-json\/wp\/v2\/product_cat?post=1563"},{"taxonomy":"product_tag","embeddable":true,"href":"https:\/\/gooddealersmeds.com\/de\/wp-json\/wp\/v2\/product_tag?post=1563"}],"curies":[{"name":"wp","href":"https:\/\/api.w.org\/{rel}","templated":true}]}}