{"id":1554,"date":"2022-03-18T00:49:43","date_gmt":"2022-03-18T00:49:43","guid":{"rendered":"https:\/\/gooddealersmeds.com\/de\/?post_type=product&#038;p=1554"},"modified":"2022-12-27T16:17:05","modified_gmt":"2022-12-27T16:17:05","slug":"ephedrin-hcl","status":"publish","type":"product","link":"https:\/\/gooddealersmeds.com\/de\/product\/ephedrin-hcl\/","title":{"rendered":"Kaufen Sie Ephedrin HCL online"},"content":{"rendered":"<h2>Kaufen Sie Ephedrin online ohne Rezept zu einem erschwinglichen Preis<\/h2>\n<p>Ephedrin ist ein Medikament und Stimulans\u00a0 ( Kaufen Sie Ephedrin online ). Es wird h\u00e4ufig verwendet, um einen niedrigen Blutdruck w\u00e4hrend einer Spinalan\u00e4sthesie zu verhindern. Es wurde auch f\u00fcr <span style=\"color: #333333\">Asthma<\/span>, Narkolepsie und Fettleibigkeit, ist aber nicht die bevorzugte Behandlung. Es ist von unklarem Nutzen bei verstopfter Nase. Es kann oral oder durch Injektion in einen Muskel, eine Vene oder direkt unter die Haut eingenommen werden. Kaufen Sie dieses Produkt bei uns, Der Wirkungseintritt bei intraven\u00f6ser Anwendung ist schnell, w\u00e4hrend die Injektion in einen Muskel 20 Minuten dauern kann und die Wirkung bei oraler Verabreichung eine Stunde dauern kann. Wenn es als Injektion verabreicht wird, dauert es etwa eine Stunde und wenn es oral eingenommen wird, kann es bis zu vier Stunden dauern. <a href=\"https:\/\/gooddealersmeds.com\/de\/product\/ephedrine-hcl\/\">Ephedrin kaufen<\/a> online bei <a style=\"color: #333333\" href=\"https:\/\/gooddealersmeds.com\/de\/\" target=\"_blank\">Good Dealers Meds<\/a>.<\/p>\n<p>W\u00e4hrend es in der Schwangerschaft wahrscheinlich sicher ist, ist seine Verwendung in dieser Bev\u00f6lkerungsgruppe ist schlecht untersucht. Die Anwendung w\u00e4hrend der Stillzeit wird nicht empfohlen. Ephedrin wirkt, indem es die Aktivit\u00e4t der \u03b1- und \u03b2-adrenergen Rezeptoren erh\u00f6ht.<\/p>\n<p>Ephedrin wird zur vor\u00fcbergehenden Linderung von Kurzatmigkeit, Engegef\u00fchl in der Brust und Keuchen aufgrund von Asthma bronchiale verwendet. Ephedrin kann auch f\u00fcr andere Erkrankungen verwendet werden, die von Ihrem Arzt festgelegt wurden.<\/p>\n<p>Ephedrin ist ein abschwellendes und bronchodilatatorisches Mittel. Es reduziert Schwellungen und verengt die Blutgef\u00e4\u00dfe in den Naseng\u00e4ngen und erweitert die Lungenluftwege, sodass Sie leichter atmen k\u00f6nnen.<\/p>\n<p>Mit Erfahrung und der Echtheit unserer Medikamente haben wir vielen Patienten geholfen gute Gesundheit zu erlangen. Unser effizientes Team aus Apothekern und Technikern bem\u00fcht sich um schnellen und freundlichen Service. Qualit\u00e4t und Genauigkeit sind Werte, bei denen wir keine Kompromisse eingehen. Ephedrin online kaufen<\/p>\n","protected":false},"excerpt":{"rendered":"<p>Ephedrin wird zur vor\u00fcbergehenden Linderung von Kurzatmigkeit, Engegef\u00fchl in der Brust und Keuchen aufgrund von Asthma bronchiale verwendet.<\/p>\n","protected":false},"featured_media":1562,"comment_status":"open","ping_status":"closed","template":"","meta":{"inline_featured_image":false},"product_brand":[],"product_cat":[346],"product_tag":[],"class_list":{"0":"post-1554","1":"product","2":"type-product","3":"status-publish","4":"has-post-thumbnail","6":"product_cat-stimulanzien","7":"pa_pills-100-pills","8":"pa_pills-1000-pills","9":"pa_pills-30-pills","10":"pa_pills-300-pills","11":"pa_pills-50-pills","12":"pa_pills-500-pills","14":"first","15":"instock","16":"featured","17":"shipping-taxable","18":"purchasable","19":"product-type-variable","20":"has-default-attributes"},"yoast_head":"<!-- This site is optimized with the Yoast SEO Premium plugin v20.6 (Yoast SEO v27.4) - https:\/\/yoast.com\/product\/yoast-seo-premium-wordpress\/ -->\n<title>Kaufen Sie Ephedrin online ohne Rezept | Ephedrin zu verkaufen<\/title>\n<meta name=\"description\" content=\"Kaufen Sie Ephedrin online in bester Qualit\u00e4t von Good Dealers Meds zur vor\u00fcbergehenden Linderung von Kurzatmigkeit, Engegef\u00fchl in der Brust und Keuchen.\" \/>\n<meta name=\"robots\" content=\"index, follow, max-snippet:-1, max-image-preview:large, max-video-preview:-1\" \/>\n<link rel=\"canonical\" href=\"https:\/\/gooddealersmeds.com\/de\/product\/ephedrin-hcl\/\" \/>\n<meta property=\"og:locale\" content=\"en_US\" \/>\n<meta property=\"og:type\" content=\"article\" \/>\n<meta property=\"og:title\" content=\"Kaufen Sie Ephedrin HCL online\" \/>\n<meta property=\"og:description\" content=\"Kaufen Sie Ephedrin online in bester Qualit\u00e4t von Good Dealers Meds zur vor\u00fcbergehenden Linderung von Kurzatmigkeit, Engegef\u00fchl in der Brust und Keuchen.\" \/>\n<meta property=\"og:url\" content=\"https:\/\/gooddealersmeds.com\/de\/product\/ephedrin-hcl\/\" \/>\n<meta property=\"og:site_name\" content=\"Good Dealers Meds\" \/>\n<meta property=\"article:modified_time\" content=\"2022-12-27T16:17:05+00:00\" \/>\n<meta property=\"og:image\" content=\"https:\/\/gooddealersmeds.com\/de\/wp-content\/uploads\/sites\/3\/2022\/03\/buy-ephedrine-online.jpg\" \/>\n\t<meta property=\"og:image:width\" content=\"900\" \/>\n\t<meta property=\"og:image:height\" content=\"800\" \/>\n\t<meta property=\"og:image:type\" content=\"image\/jpeg\" \/>\n<meta name=\"twitter:card\" content=\"summary_large_image\" \/>\n<meta name=\"twitter:label1\" content=\"Est. reading time\" \/>\n\t<meta name=\"twitter:data1\" content=\"1 minute\" \/>\n<script type=\"application\/ld+json\" class=\"yoast-schema-graph\">{\"@context\":\"https:\\\/\\\/schema.org\",\"@graph\":[{\"@type\":\"WebPage\",\"@id\":\"https:\\\/\\\/gooddealersmeds.com\\\/de\\\/product\\\/ephedrin-hcl\\\/\",\"url\":\"https:\\\/\\\/gooddealersmeds.com\\\/de\\\/product\\\/ephedrin-hcl\\\/\",\"name\":\"Kaufen Sie Ephedrin online ohne Rezept | Ephedrin zu verkaufen\",\"isPartOf\":{\"@id\":\"https:\\\/\\\/gooddealersmeds.com\\\/de\\\/#website\"},\"primaryImageOfPage\":{\"@id\":\"https:\\\/\\\/gooddealersmeds.com\\\/de\\\/product\\\/ephedrin-hcl\\\/#primaryimage\"},\"image\":{\"@id\":\"https:\\\/\\\/gooddealersmeds.com\\\/de\\\/product\\\/ephedrin-hcl\\\/#primaryimage\"},\"thumbnailUrl\":\"https:\\\/\\\/gooddealersmeds.com\\\/de\\\/wp-content\\\/uploads\\\/sites\\\/3\\\/2022\\\/03\\\/buy-ephedrine-online.jpg\",\"datePublished\":\"2022-03-18T00:49:43+00:00\",\"dateModified\":\"2022-12-27T16:17:05+00:00\",\"description\":\"Kaufen Sie Ephedrin online in bester Qualit\u00e4t von Good Dealers Meds zur vor\u00fcbergehenden Linderung von Kurzatmigkeit, Engegef\u00fchl in der Brust und Keuchen.\",\"breadcrumb\":{\"@id\":\"https:\\\/\\\/gooddealersmeds.com\\\/de\\\/product\\\/ephedrin-hcl\\\/#breadcrumb\"},\"inLanguage\":\"en-US\",\"potentialAction\":[{\"@type\":\"ReadAction\",\"target\":[\"https:\\\/\\\/gooddealersmeds.com\\\/de\\\/product\\\/ephedrin-hcl\\\/\"]}]},{\"@type\":\"ImageObject\",\"inLanguage\":\"en-US\",\"@id\":\"https:\\\/\\\/gooddealersmeds.com\\\/de\\\/product\\\/ephedrin-hcl\\\/#primaryimage\",\"url\":\"https:\\\/\\\/gooddealersmeds.com\\\/de\\\/wp-content\\\/uploads\\\/sites\\\/3\\\/2022\\\/03\\\/buy-ephedrine-online.jpg\",\"contentUrl\":\"https:\\\/\\\/gooddealersmeds.com\\\/de\\\/wp-content\\\/uploads\\\/sites\\\/3\\\/2022\\\/03\\\/buy-ephedrine-online.jpg\",\"width\":900,\"height\":800,\"caption\":\"Buy Ephedrine Online\"},{\"@type\":\"BreadcrumbList\",\"@id\":\"https:\\\/\\\/gooddealersmeds.com\\\/de\\\/product\\\/ephedrin-hcl\\\/#breadcrumb\",\"itemListElement\":[{\"@type\":\"ListItem\",\"position\":1,\"name\":\"Home\",\"item\":\"https:\\\/\\\/gooddealersmeds.com\\\/de\\\/\"},{\"@type\":\"ListItem\",\"position\":2,\"name\":\"Produkte\",\"item\":\"https:\\\/\\\/gooddealersmeds.com\\\/de\\\/produkte\\\/\"},{\"@type\":\"ListItem\",\"position\":3,\"name\":\"Kaufen Sie Ephedrin HCL online\"}]},{\"@type\":\"WebSite\",\"@id\":\"https:\\\/\\\/gooddealersmeds.com\\\/de\\\/#website\",\"url\":\"https:\\\/\\\/gooddealersmeds.com\\\/de\\\/\",\"name\":\"Good Dealers Meds\",\"description\":\"All our best\",\"publisher\":{\"@id\":\"https:\\\/\\\/gooddealersmeds.com\\\/de\\\/#organization\"},\"potentialAction\":[{\"@type\":\"SearchAction\",\"target\":{\"@type\":\"EntryPoint\",\"urlTemplate\":\"https:\\\/\\\/gooddealersmeds.com\\\/de\\\/?s={search_term_string}\"},\"query-input\":{\"@type\":\"PropertyValueSpecification\",\"valueRequired\":true,\"valueName\":\"search_term_string\"}}],\"inLanguage\":\"en-US\"},{\"@type\":\"Organization\",\"@id\":\"https:\\\/\\\/gooddealersmeds.com\\\/de\\\/#organization\",\"name\":\"Good Dealers Meds\",\"url\":\"https:\\\/\\\/gooddealersmeds.com\\\/de\\\/\",\"logo\":{\"@type\":\"ImageObject\",\"inLanguage\":\"en-US\",\"@id\":\"https:\\\/\\\/gooddealersmeds.com\\\/de\\\/#\\\/schema\\\/logo\\\/image\\\/\",\"url\":\"https:\\\/\\\/gooddealersmeds.com\\\/de\\\/wp-content\\\/uploads\\\/sites\\\/3\\\/2022\\\/03\\\/gooddealersmeds__logo__20220317T222800Z.00.png\",\"contentUrl\":\"https:\\\/\\\/gooddealersmeds.com\\\/de\\\/wp-content\\\/uploads\\\/sites\\\/3\\\/2022\\\/03\\\/gooddealersmeds__logo__20220317T222800Z.00.png\",\"width\":500,\"height\":325,\"caption\":\"Good Dealers Meds\"},\"image\":{\"@id\":\"https:\\\/\\\/gooddealersmeds.com\\\/de\\\/#\\\/schema\\\/logo\\\/image\\\/\"}}]}<\/script>\n<!-- \/ Yoast SEO Premium plugin. -->","yoast_head_json":{"title":"Kaufen Sie Ephedrin online ohne Rezept | Ephedrin zu verkaufen","description":"Kaufen Sie Ephedrin online in bester Qualit\u00e4t von Good Dealers Meds zur vor\u00fcbergehenden Linderung von Kurzatmigkeit, Engegef\u00fchl in der Brust und Keuchen.","robots":{"index":"index","follow":"follow","max-snippet":"max-snippet:-1","max-image-preview":"max-image-preview:large","max-video-preview":"max-video-preview:-1"},"canonical":"https:\/\/gooddealersmeds.com\/de\/product\/ephedrin-hcl\/","og_locale":"en_US","og_type":"article","og_title":"Kaufen Sie Ephedrin HCL online","og_description":"Kaufen Sie Ephedrin online in bester Qualit\u00e4t von Good Dealers Meds zur vor\u00fcbergehenden Linderung von Kurzatmigkeit, Engegef\u00fchl in der Brust und Keuchen.","og_url":"https:\/\/gooddealersmeds.com\/de\/product\/ephedrin-hcl\/","og_site_name":"Good Dealers Meds","article_modified_time":"2022-12-27T16:17:05+00:00","og_image":[{"width":900,"height":800,"url":"https:\/\/gooddealersmeds.com\/de\/wp-content\/uploads\/sites\/3\/2022\/03\/buy-ephedrine-online.jpg","type":"image\/jpeg"}],"twitter_card":"summary_large_image","twitter_misc":{"Est. reading time":"1 minute"},"schema":{"@context":"https:\/\/schema.org","@graph":[{"@type":"WebPage","@id":"https:\/\/gooddealersmeds.com\/de\/product\/ephedrin-hcl\/","url":"https:\/\/gooddealersmeds.com\/de\/product\/ephedrin-hcl\/","name":"Kaufen Sie Ephedrin online ohne Rezept | Ephedrin zu verkaufen","isPartOf":{"@id":"https:\/\/gooddealersmeds.com\/de\/#website"},"primaryImageOfPage":{"@id":"https:\/\/gooddealersmeds.com\/de\/product\/ephedrin-hcl\/#primaryimage"},"image":{"@id":"https:\/\/gooddealersmeds.com\/de\/product\/ephedrin-hcl\/#primaryimage"},"thumbnailUrl":"https:\/\/gooddealersmeds.com\/de\/wp-content\/uploads\/sites\/3\/2022\/03\/buy-ephedrine-online.jpg","datePublished":"2022-03-18T00:49:43+00:00","dateModified":"2022-12-27T16:17:05+00:00","description":"Kaufen Sie Ephedrin online in bester Qualit\u00e4t von Good Dealers Meds zur vor\u00fcbergehenden Linderung von Kurzatmigkeit, Engegef\u00fchl in der Brust und Keuchen.","breadcrumb":{"@id":"https:\/\/gooddealersmeds.com\/de\/product\/ephedrin-hcl\/#breadcrumb"},"inLanguage":"en-US","potentialAction":[{"@type":"ReadAction","target":["https:\/\/gooddealersmeds.com\/de\/product\/ephedrin-hcl\/"]}]},{"@type":"ImageObject","inLanguage":"en-US","@id":"https:\/\/gooddealersmeds.com\/de\/product\/ephedrin-hcl\/#primaryimage","url":"https:\/\/gooddealersmeds.com\/de\/wp-content\/uploads\/sites\/3\/2022\/03\/buy-ephedrine-online.jpg","contentUrl":"https:\/\/gooddealersmeds.com\/de\/wp-content\/uploads\/sites\/3\/2022\/03\/buy-ephedrine-online.jpg","width":900,"height":800,"caption":"Buy Ephedrine Online"},{"@type":"BreadcrumbList","@id":"https:\/\/gooddealersmeds.com\/de\/product\/ephedrin-hcl\/#breadcrumb","itemListElement":[{"@type":"ListItem","position":1,"name":"Home","item":"https:\/\/gooddealersmeds.com\/de\/"},{"@type":"ListItem","position":2,"name":"Produkte","item":"https:\/\/gooddealersmeds.com\/de\/produkte\/"},{"@type":"ListItem","position":3,"name":"Kaufen Sie Ephedrin HCL online"}]},{"@type":"WebSite","@id":"https:\/\/gooddealersmeds.com\/de\/#website","url":"https:\/\/gooddealersmeds.com\/de\/","name":"Good Dealers Meds","description":"All our best","publisher":{"@id":"https:\/\/gooddealersmeds.com\/de\/#organization"},"potentialAction":[{"@type":"SearchAction","target":{"@type":"EntryPoint","urlTemplate":"https:\/\/gooddealersmeds.com\/de\/?s={search_term_string}"},"query-input":{"@type":"PropertyValueSpecification","valueRequired":true,"valueName":"search_term_string"}}],"inLanguage":"en-US"},{"@type":"Organization","@id":"https:\/\/gooddealersmeds.com\/de\/#organization","name":"Good Dealers Meds","url":"https:\/\/gooddealersmeds.com\/de\/","logo":{"@type":"ImageObject","inLanguage":"en-US","@id":"https:\/\/gooddealersmeds.com\/de\/#\/schema\/logo\/image\/","url":"https:\/\/gooddealersmeds.com\/de\/wp-content\/uploads\/sites\/3\/2022\/03\/gooddealersmeds__logo__20220317T222800Z.00.png","contentUrl":"https:\/\/gooddealersmeds.com\/de\/wp-content\/uploads\/sites\/3\/2022\/03\/gooddealersmeds__logo__20220317T222800Z.00.png","width":500,"height":325,"caption":"Good Dealers Meds"},"image":{"@id":"https:\/\/gooddealersmeds.com\/de\/#\/schema\/logo\/image\/"}}]}},"_links":{"self":[{"href":"https:\/\/gooddealersmeds.com\/de\/wp-json\/wp\/v2\/product\/1554","targetHints":{"allow":["GET"]}}],"collection":[{"href":"https:\/\/gooddealersmeds.com\/de\/wp-json\/wp\/v2\/product"}],"about":[{"href":"https:\/\/gooddealersmeds.com\/de\/wp-json\/wp\/v2\/types\/product"}],"replies":[{"embeddable":true,"href":"https:\/\/gooddealersmeds.com\/de\/wp-json\/wp\/v2\/comments?post=1554"}],"wp:featuredmedia":[{"embeddable":true,"href":"https:\/\/gooddealersmeds.com\/de\/wp-json\/wp\/v2\/media\/1562"}],"wp:attachment":[{"href":"https:\/\/gooddealersmeds.com\/de\/wp-json\/wp\/v2\/media?parent=1554"}],"wp:term":[{"taxonomy":"product_brand","embeddable":true,"href":"https:\/\/gooddealersmeds.com\/de\/wp-json\/wp\/v2\/product_brand?post=1554"},{"taxonomy":"product_cat","embeddable":true,"href":"https:\/\/gooddealersmeds.com\/de\/wp-json\/wp\/v2\/product_cat?post=1554"},{"taxonomy":"product_tag","embeddable":true,"href":"https:\/\/gooddealersmeds.com\/de\/wp-json\/wp\/v2\/product_tag?post=1554"}],"curies":[{"name":"wp","href":"https:\/\/api.w.org\/{rel}","templated":true}]}}