{"id":1544,"date":"2022-03-18T00:24:33","date_gmt":"2022-03-18T00:24:33","guid":{"rendered":"https:\/\/gooddealersmeds.com\/de\/?post_type=product&#038;p=1544"},"modified":"2022-12-27T16:18:08","modified_gmt":"2022-12-27T16:18:08","slug":"oxycontin","status":"publish","type":"product","link":"https:\/\/gooddealersmeds.com\/de\/product\/oxycontin\/","title":{"rendered":"Oxycontin zu verkaufen"},"content":{"rendered":"<h2>Oxycontin online kaufen<\/h2>\n<p class=\"p1\">&#8220;Kaufen Sie Oxycontin online&#8221;, Dieses Medikament wird verwendet, um starke anhaltende Schmerzen zu lindern (z wie durch Krebs). Oxycodon geh\u00f6rt zu einer Klasse von Arzneimitteln, die als Opioid-Analgetika bekannt sind. Es wirkt im Gehirn, um zu ver\u00e4ndern, wie sich Ihr K\u00f6rper anf\u00fchlt und auf Schmerzen reagiert. <a href=\"https:\/\/gooddealersmeds.com\/de\/product\/oxycontin\/\">Oxycontin<\/a> online kaufen, Oxycontin online kaufen ohne Rezept<\/p>\n<p class=\"p1\">Die h\u00f6heren St\u00e4rken von Dieses Medikament (mehr als 40 Milligramm pro Tablette) sollte nur angewendet werden, wenn Sie regelm\u00e4\u00dfig m\u00e4\u00dfige bis gro\u00dfe Mengen Opioid-Schmerzmittel eingenommen haben. Diese St\u00e4rken k\u00f6nnen zu einer \u00dcberdosierung (sogar zum Tod) f\u00fchren, wenn sie von einer Person eingenommen werden, die nicht regelm\u00e4\u00dfig Opioide eingenommen hat.<\/p>\n<p class=\"p1\">Verwenden Sie die Retardform von Oxycodon nicht, um leichte Schmerzen zu lindern oder das geht in ein paar tagen weg. Dieses Medikament ist nicht f\u00fcr den gelegentlichen Gebrauch (\u201enach Bedarf\u201c) bestimmt.<\/p>\n<p class=\"p1\">Dieses Medikament wird verwendet, um starke anhaltende Schmerzen (z. B. aufgrund von Krebs) zu lindern. Oxycodon geh\u00f6rt zu einer Klasse von Arzneimitteln, die als Opioid-Analgetika bekannt sind. Es wirkt im Gehirn, um zu ver\u00e4ndern, wie sich Ihr K\u00f6rper anf\u00fchlt und auf Schmerzen reagiert.<\/p>\n<p class=\"p1\">Verwenden Sie die Retardform von Oxycodon nicht, um leichte oder nachlassende Schmerzen zu lindern ein paar Tage. Dieses Medikament ist nicht f\u00fcr den gelegentlichen Gebrauch (\u201enach Bedarf\u201c) bestimmt.<\/p>\n<h3 class=\"p1\">Missbrauch, Missbrauch und Abzweigung von Opioiden<\/h3>\n<p class=\" p1\">Oxycodon ist ein Opioid-Agonist vom Morphin-Typ. Solche Drogen werden von Drogenabh\u00e4ngigen und Menschen mit Suchterkrankungen gesucht und unterliegen der kriminellen Abzweigung. <span style=\"color: #000000\"><a style=\"color: #000000\" href=\"https:\/\/gooddealersmeds.com\/de\/products\/\">Oxycodon<\/a><\/span> kann missbraucht werden in \u00e4hnlicher Weise wie andere legale oder illegale Opioid-Agonisten. Dies sollte bei der Verschreibung oder Abgabe von OxyContin in Situationen ber\u00fccksichtigt werden, in denen der Arzt oder Apotheker Bedenken hinsichtlich eines erh\u00f6hten Risikos von Missbrauch, Missbrauch oder Abzweigung hat. Es wurde berichtet, dass OxyContin durch Zerkleinern, Kauen, Schnupfen oder Injizieren des aufgel\u00f6sten Produkts missbraucht wurde. Kaufen Sie Oxycontin online<\/p>\n<h3 class=\"p1\">VORSICHTSMASSNAHMEN<\/h3>\n<p>&lt;p class=&#8221;p1 \u201eOpioid-Analgetika haben bei bestimmten Patientenpopulationen eine geringe therapeutische Breite, insbesondere in Kombination mit ZNS-d\u00e4mpfenden Arzneimitteln, und sollten F\u00e4llen vorbehalten bleiben, in denen der Nutzen der Opioid-Analgesie die bekannten Risiken einer Atemdepression, eines ver\u00e4nderten Geisteszustands und einer posturalen Hypotonie \u00fcberwiegt. Die Anwendung von Oxycontin ist mit erh\u00f6hten potenziellen Risiken verbunden und sollte bei folgenden Erkrankungen nur mit Vorsicht angewendet werden: akuter Alkoholismus; Nebennierenrindeninsuffizienz (z. B. Morbus Addison); ZNS-Depression oder Koma; Delirium tremens; geschw\u00e4chte Patienten; Kyphoskoliose in Verbindung mit Atemdepression; Myx\u00f6dem oder Hypothyreose; Prostatahypertrophie oder Harnr\u00f6hrenstriktur; schwere Beeintr\u00e4chtigung der Leber-, Lungen- oder Nierenfunktion; und toxische Psychose. Die Verabreichung von Oxycodon kann die Diagnose oder den klinischen Verlauf bei Patienten mit akuter <span style=\"color: #333333\"><a style=\"color: #333333\" href=\"https:\/\/www.mountsinai.org\/health\">Baucherkrankungen<\/a><\/span>. Oxycodon kann Kr\u00e4mpfe bei Patienten mit konvulsiven Erkrankungen verschlimmern, und alle Opioide k\u00f6nnen in einigen klinischen Situationen Krampfanf\u00e4lle ausl\u00f6sen oder verschlimmern.<\/p>\n","protected":false},"excerpt":{"rendered":"<p>Oxycontin 40 mg ist ein Schmerzmittel. Es wird verwendet, um anhaltende Schmerzen zu behandeln, die l\u00e4nger als ein paar Tage anhalten. Es wird von Personen angewendet, die ein Opioid oder ein narkotisches Schmerzmittel eingenommen haben<\/p>\n","protected":false},"featured_media":1553,"comment_status":"open","ping_status":"closed","template":"","meta":{"inline_featured_image":false},"product_brand":[],"product_cat":[347],"product_tag":[86,87,85,89,88,92,90,91],"class_list":{"0":"post-1544","1":"product","2":"type-product","3":"status-publish","4":"has-post-thumbnail","6":"product_cat-opioid-schmerzmittel","7":"product_tag-buy-online-oxycontin","8":"product_tag-buy-oxycontin-online-no-prescription","9":"product_tag-legales-oxycontin-online-kaufen","10":"product_tag-kaufen-oxycontin-online-uk","11":"product_tag-kaufen-oxycontin-online-apotheke","12":"product_tag-oxycontin-tablets-for-sale","13":"product_tag-oxycontin-zu-verkaufen-australien","14":"product_tag-oxycontin-pillen-zum-verkauf","15":"pa_pills-100-pills","16":"pa_pills-1000-pills","17":"pa_pills-30-pills","18":"pa_pills-300-pills","19":"pa_pills-50-pills","20":"pa_pills-500-pills","22":"first","23":"instock","24":"featured","25":"shipping-taxable","26":"purchasable","27":"product-type-variable","28":"has-default-attributes"},"yoast_head":"<!-- This site is optimized with the Yoast SEO Premium plugin v20.6 (Yoast SEO v27.3) - https:\/\/yoast.com\/product\/yoast-seo-premium-wordpress\/ -->\n<title>Kaufen Sie Oxycontin online | Oxy zum Verkauf online ohne Rezept<\/title>\n<meta name=\"description\" content=\"Oxycontin wird verwendet, um starke Schmerzen zu lindern. Es beeinflusst das Gehirn, damit der K\u00f6rper Schmerzen widerstehen kann. Kaufen Sie Oxycontin online, Oxy online kaufen.\" \/>\n<meta name=\"robots\" content=\"index, follow, max-snippet:-1, max-image-preview:large, max-video-preview:-1\" \/>\n<link rel=\"canonical\" href=\"https:\/\/gooddealersmeds.com\/de\/product\/oxycontin\/\" \/>\n<meta property=\"og:locale\" content=\"en_US\" \/>\n<meta property=\"og:type\" content=\"article\" \/>\n<meta property=\"og:title\" content=\"Oxycontin zu verkaufen\" \/>\n<meta property=\"og:description\" content=\"Oxycontin wird verwendet, um starke Schmerzen zu lindern. Es beeinflusst das Gehirn, damit der K\u00f6rper Schmerzen widerstehen kann. Kaufen Sie Oxycontin online, Oxy online kaufen.\" \/>\n<meta property=\"og:url\" content=\"https:\/\/gooddealersmeds.com\/de\/product\/oxycontin\/\" \/>\n<meta property=\"og:site_name\" content=\"Good Dealers Meds\" \/>\n<meta property=\"article:modified_time\" content=\"2022-12-27T16:18:08+00:00\" \/>\n<meta property=\"og:image\" content=\"https:\/\/gooddealersmeds.com\/de\/wp-content\/uploads\/sites\/3\/2022\/03\/Buy-Oxycontin-online-one.jpg\" \/>\n\t<meta property=\"og:image:width\" content=\"600\" \/>\n\t<meta property=\"og:image:height\" content=\"450\" \/>\n\t<meta property=\"og:image:type\" content=\"image\/jpeg\" \/>\n<meta name=\"twitter:card\" content=\"summary_large_image\" \/>\n<meta name=\"twitter:label1\" content=\"Est. reading time\" \/>\n\t<meta name=\"twitter:data1\" content=\"2 minutes\" \/>\n<script type=\"application\/ld+json\" class=\"yoast-schema-graph\">{\"@context\":\"https:\\\/\\\/schema.org\",\"@graph\":[{\"@type\":\"WebPage\",\"@id\":\"https:\\\/\\\/gooddealersmeds.com\\\/de\\\/product\\\/oxycontin\\\/\",\"url\":\"https:\\\/\\\/gooddealersmeds.com\\\/de\\\/product\\\/oxycontin\\\/\",\"name\":\"Kaufen Sie Oxycontin online | Oxy zum Verkauf online ohne Rezept\",\"isPartOf\":{\"@id\":\"https:\\\/\\\/gooddealersmeds.com\\\/de\\\/#website\"},\"primaryImageOfPage\":{\"@id\":\"https:\\\/\\\/gooddealersmeds.com\\\/de\\\/product\\\/oxycontin\\\/#primaryimage\"},\"image\":{\"@id\":\"https:\\\/\\\/gooddealersmeds.com\\\/de\\\/product\\\/oxycontin\\\/#primaryimage\"},\"thumbnailUrl\":\"https:\\\/\\\/gooddealersmeds.com\\\/de\\\/wp-content\\\/uploads\\\/sites\\\/3\\\/2022\\\/03\\\/Buy-Oxycontin-online-one.jpg\",\"datePublished\":\"2022-03-18T00:24:33+00:00\",\"dateModified\":\"2022-12-27T16:18:08+00:00\",\"description\":\"Oxycontin wird verwendet, um starke Schmerzen zu lindern. Es beeinflusst das Gehirn, damit der K\u00f6rper Schmerzen widerstehen kann. Kaufen Sie Oxycontin online, Oxy online kaufen.\",\"breadcrumb\":{\"@id\":\"https:\\\/\\\/gooddealersmeds.com\\\/de\\\/product\\\/oxycontin\\\/#breadcrumb\"},\"inLanguage\":\"en-US\",\"potentialAction\":[{\"@type\":\"ReadAction\",\"target\":[\"https:\\\/\\\/gooddealersmeds.com\\\/de\\\/product\\\/oxycontin\\\/\"]}]},{\"@type\":\"ImageObject\",\"inLanguage\":\"en-US\",\"@id\":\"https:\\\/\\\/gooddealersmeds.com\\\/de\\\/product\\\/oxycontin\\\/#primaryimage\",\"url\":\"https:\\\/\\\/gooddealersmeds.com\\\/de\\\/wp-content\\\/uploads\\\/sites\\\/3\\\/2022\\\/03\\\/Buy-Oxycontin-online-one.jpg\",\"contentUrl\":\"https:\\\/\\\/gooddealersmeds.com\\\/de\\\/wp-content\\\/uploads\\\/sites\\\/3\\\/2022\\\/03\\\/Buy-Oxycontin-online-one.jpg\",\"width\":600,\"height\":450,\"caption\":\"Buy Oxycontin Online\"},{\"@type\":\"BreadcrumbList\",\"@id\":\"https:\\\/\\\/gooddealersmeds.com\\\/de\\\/product\\\/oxycontin\\\/#breadcrumb\",\"itemListElement\":[{\"@type\":\"ListItem\",\"position\":1,\"name\":\"Home\",\"item\":\"https:\\\/\\\/gooddealersmeds.com\\\/de\\\/\"},{\"@type\":\"ListItem\",\"position\":2,\"name\":\"Produkte\",\"item\":\"https:\\\/\\\/gooddealersmeds.com\\\/de\\\/produkte\\\/\"},{\"@type\":\"ListItem\",\"position\":3,\"name\":\"Oxycontin zu verkaufen\"}]},{\"@type\":\"WebSite\",\"@id\":\"https:\\\/\\\/gooddealersmeds.com\\\/de\\\/#website\",\"url\":\"https:\\\/\\\/gooddealersmeds.com\\\/de\\\/\",\"name\":\"Good Dealers Meds\",\"description\":\"All our best\",\"publisher\":{\"@id\":\"https:\\\/\\\/gooddealersmeds.com\\\/de\\\/#organization\"},\"potentialAction\":[{\"@type\":\"SearchAction\",\"target\":{\"@type\":\"EntryPoint\",\"urlTemplate\":\"https:\\\/\\\/gooddealersmeds.com\\\/de\\\/?s={search_term_string}\"},\"query-input\":{\"@type\":\"PropertyValueSpecification\",\"valueRequired\":true,\"valueName\":\"search_term_string\"}}],\"inLanguage\":\"en-US\"},{\"@type\":\"Organization\",\"@id\":\"https:\\\/\\\/gooddealersmeds.com\\\/de\\\/#organization\",\"name\":\"Good Dealers Meds\",\"url\":\"https:\\\/\\\/gooddealersmeds.com\\\/de\\\/\",\"logo\":{\"@type\":\"ImageObject\",\"inLanguage\":\"en-US\",\"@id\":\"https:\\\/\\\/gooddealersmeds.com\\\/de\\\/#\\\/schema\\\/logo\\\/image\\\/\",\"url\":\"https:\\\/\\\/gooddealersmeds.com\\\/de\\\/wp-content\\\/uploads\\\/sites\\\/3\\\/2022\\\/03\\\/gooddealersmeds__logo__20220317T222800Z.00.png\",\"contentUrl\":\"https:\\\/\\\/gooddealersmeds.com\\\/de\\\/wp-content\\\/uploads\\\/sites\\\/3\\\/2022\\\/03\\\/gooddealersmeds__logo__20220317T222800Z.00.png\",\"width\":500,\"height\":325,\"caption\":\"Good Dealers Meds\"},\"image\":{\"@id\":\"https:\\\/\\\/gooddealersmeds.com\\\/de\\\/#\\\/schema\\\/logo\\\/image\\\/\"}}]}<\/script>\n<!-- \/ Yoast SEO Premium plugin. -->","yoast_head_json":{"title":"Kaufen Sie Oxycontin online | Oxy zum Verkauf online ohne Rezept","description":"Oxycontin wird verwendet, um starke Schmerzen zu lindern. Es beeinflusst das Gehirn, damit der K\u00f6rper Schmerzen widerstehen kann. Kaufen Sie Oxycontin online, Oxy online kaufen.","robots":{"index":"index","follow":"follow","max-snippet":"max-snippet:-1","max-image-preview":"max-image-preview:large","max-video-preview":"max-video-preview:-1"},"canonical":"https:\/\/gooddealersmeds.com\/de\/product\/oxycontin\/","og_locale":"en_US","og_type":"article","og_title":"Oxycontin zu verkaufen","og_description":"Oxycontin wird verwendet, um starke Schmerzen zu lindern. Es beeinflusst das Gehirn, damit der K\u00f6rper Schmerzen widerstehen kann. Kaufen Sie Oxycontin online, Oxy online kaufen.","og_url":"https:\/\/gooddealersmeds.com\/de\/product\/oxycontin\/","og_site_name":"Good Dealers Meds","article_modified_time":"2022-12-27T16:18:08+00:00","og_image":[{"width":600,"height":450,"url":"https:\/\/gooddealersmeds.com\/de\/wp-content\/uploads\/sites\/3\/2022\/03\/Buy-Oxycontin-online-one.jpg","type":"image\/jpeg"}],"twitter_card":"summary_large_image","twitter_misc":{"Est. reading time":"2 minutes"},"schema":{"@context":"https:\/\/schema.org","@graph":[{"@type":"WebPage","@id":"https:\/\/gooddealersmeds.com\/de\/product\/oxycontin\/","url":"https:\/\/gooddealersmeds.com\/de\/product\/oxycontin\/","name":"Kaufen Sie Oxycontin online | Oxy zum Verkauf online ohne Rezept","isPartOf":{"@id":"https:\/\/gooddealersmeds.com\/de\/#website"},"primaryImageOfPage":{"@id":"https:\/\/gooddealersmeds.com\/de\/product\/oxycontin\/#primaryimage"},"image":{"@id":"https:\/\/gooddealersmeds.com\/de\/product\/oxycontin\/#primaryimage"},"thumbnailUrl":"https:\/\/gooddealersmeds.com\/de\/wp-content\/uploads\/sites\/3\/2022\/03\/Buy-Oxycontin-online-one.jpg","datePublished":"2022-03-18T00:24:33+00:00","dateModified":"2022-12-27T16:18:08+00:00","description":"Oxycontin wird verwendet, um starke Schmerzen zu lindern. Es beeinflusst das Gehirn, damit der K\u00f6rper Schmerzen widerstehen kann. Kaufen Sie Oxycontin online, Oxy online kaufen.","breadcrumb":{"@id":"https:\/\/gooddealersmeds.com\/de\/product\/oxycontin\/#breadcrumb"},"inLanguage":"en-US","potentialAction":[{"@type":"ReadAction","target":["https:\/\/gooddealersmeds.com\/de\/product\/oxycontin\/"]}]},{"@type":"ImageObject","inLanguage":"en-US","@id":"https:\/\/gooddealersmeds.com\/de\/product\/oxycontin\/#primaryimage","url":"https:\/\/gooddealersmeds.com\/de\/wp-content\/uploads\/sites\/3\/2022\/03\/Buy-Oxycontin-online-one.jpg","contentUrl":"https:\/\/gooddealersmeds.com\/de\/wp-content\/uploads\/sites\/3\/2022\/03\/Buy-Oxycontin-online-one.jpg","width":600,"height":450,"caption":"Buy Oxycontin Online"},{"@type":"BreadcrumbList","@id":"https:\/\/gooddealersmeds.com\/de\/product\/oxycontin\/#breadcrumb","itemListElement":[{"@type":"ListItem","position":1,"name":"Home","item":"https:\/\/gooddealersmeds.com\/de\/"},{"@type":"ListItem","position":2,"name":"Produkte","item":"https:\/\/gooddealersmeds.com\/de\/produkte\/"},{"@type":"ListItem","position":3,"name":"Oxycontin zu verkaufen"}]},{"@type":"WebSite","@id":"https:\/\/gooddealersmeds.com\/de\/#website","url":"https:\/\/gooddealersmeds.com\/de\/","name":"Good Dealers Meds","description":"All our best","publisher":{"@id":"https:\/\/gooddealersmeds.com\/de\/#organization"},"potentialAction":[{"@type":"SearchAction","target":{"@type":"EntryPoint","urlTemplate":"https:\/\/gooddealersmeds.com\/de\/?s={search_term_string}"},"query-input":{"@type":"PropertyValueSpecification","valueRequired":true,"valueName":"search_term_string"}}],"inLanguage":"en-US"},{"@type":"Organization","@id":"https:\/\/gooddealersmeds.com\/de\/#organization","name":"Good Dealers Meds","url":"https:\/\/gooddealersmeds.com\/de\/","logo":{"@type":"ImageObject","inLanguage":"en-US","@id":"https:\/\/gooddealersmeds.com\/de\/#\/schema\/logo\/image\/","url":"https:\/\/gooddealersmeds.com\/de\/wp-content\/uploads\/sites\/3\/2022\/03\/gooddealersmeds__logo__20220317T222800Z.00.png","contentUrl":"https:\/\/gooddealersmeds.com\/de\/wp-content\/uploads\/sites\/3\/2022\/03\/gooddealersmeds__logo__20220317T222800Z.00.png","width":500,"height":325,"caption":"Good Dealers Meds"},"image":{"@id":"https:\/\/gooddealersmeds.com\/de\/#\/schema\/logo\/image\/"}}]}},"_links":{"self":[{"href":"https:\/\/gooddealersmeds.com\/de\/wp-json\/wp\/v2\/product\/1544","targetHints":{"allow":["GET"]}}],"collection":[{"href":"https:\/\/gooddealersmeds.com\/de\/wp-json\/wp\/v2\/product"}],"about":[{"href":"https:\/\/gooddealersmeds.com\/de\/wp-json\/wp\/v2\/types\/product"}],"replies":[{"embeddable":true,"href":"https:\/\/gooddealersmeds.com\/de\/wp-json\/wp\/v2\/comments?post=1544"}],"wp:featuredmedia":[{"embeddable":true,"href":"https:\/\/gooddealersmeds.com\/de\/wp-json\/wp\/v2\/media\/1553"}],"wp:attachment":[{"href":"https:\/\/gooddealersmeds.com\/de\/wp-json\/wp\/v2\/media?parent=1544"}],"wp:term":[{"taxonomy":"product_brand","embeddable":true,"href":"https:\/\/gooddealersmeds.com\/de\/wp-json\/wp\/v2\/product_brand?post=1544"},{"taxonomy":"product_cat","embeddable":true,"href":"https:\/\/gooddealersmeds.com\/de\/wp-json\/wp\/v2\/product_cat?post=1544"},{"taxonomy":"product_tag","embeddable":true,"href":"https:\/\/gooddealersmeds.com\/de\/wp-json\/wp\/v2\/product_tag?post=1544"}],"curies":[{"name":"wp","href":"https:\/\/api.w.org\/{rel}","templated":true}]}}