{"id":1524,"date":"2022-03-17T23:13:27","date_gmt":"2022-03-17T23:13:27","guid":{"rendered":"https:\/\/gooddealersmeds.com\/de\/?post_type=product&#038;p=1524"},"modified":"2022-12-27T16:22:09","modified_gmt":"2022-12-27T16:22:09","slug":"kaufen-adderall-online","status":"publish","type":"product","link":"https:\/\/gooddealersmeds.com\/de\/product\/kaufen-adderall-online\/","title":{"rendered":"Kaufen Sie Adderall online"},"content":{"rendered":"<h2>Kaufen Sie Adderall online von der Spitzenklasse<\/h2>\n<p>Die meisten Kunden, die nach einem 30-Tage-Vorrat an generischem Adderall suchen, ziehen es vor, ihr Rezept von einer seri\u00f6sen Quelle zu erwerben und nachzuf\u00fcllen. Unser Ziel ist es, einen Ort bereitzustellen, an dem Patienten ihre Rezepte unabh\u00e4ngig von ihrem Versicherungsschutz oder ihrer finanziellen Situation erhalten k\u00f6nnen. Mit unserer Hilfe k\u00f6nnen Sie Adderall ganz einfach online kaufen und Ihre Rezepte verwalten!<\/p>\n<p>Generisches Adderall (Dextroamphetamin\/Amphetamin) ist eine Mischung aus zwei Stimulanzien f\u00fcr das zentrale Nervensystem, die zur Behandlung der Aufmerksamkeitsdefizit-Hyperaktivit\u00e4tsst\u00f6rung &#8211; ADHS &#8211; verwendet werden. Es funktioniert, indem es Norepinephrin und Dopamin erh\u00f6ht, zwei nat\u00fcrlich vorkommende Chemikalien im Gehirn, die die Gehirnaktivit\u00e4t stimulieren und Ihnen helfen k\u00f6nnen, aufmerksam zu sein, sich auf eine Aufgabe zu konzentrieren und Verhaltensprobleme zu kontrollieren. Es wirkt, indem es die Mengen bestimmter chemischer Molek\u00fcle im Gehirn ver\u00e4ndert. Kaufen Sie Adderall online<\/p>\n<p>Amphetamin\/Dextroamphetamin geh\u00f6rt zur Klasse der Stimulanzien. Es kann auch bei der Arbeitsorganisation und der Entwicklung von Zuh\u00f6rf\u00e4higkeiten helfen. Dieses Arzneimittel wird auch zur Behandlung einer bestimmten Schlafst\u00f6rung, die als Narkolepsie bekannt ist, angewendet, um Ihnen zu helfen, tags\u00fcber wach zu bleiben. Es sollte nicht verwendet werden, um M\u00fcdigkeit zu behandeln oder das Zubettgehen bei Personen aufzuschieben, die keine Schlafprobleme haben.<\/p>\n<p><strong>Warum sollten Sie Adderall bei uns bestellen?<\/strong><\/p>\n<p>Die Dosierung richtet sich nach Ihrem Gesundheitszustand und Ihrem Ansprechen auf die Behandlung. Um den gr\u00f6\u00dften Nutzen aus diesem Medikament zu ziehen, nehmen Sie es regelm\u00e4\u00dfig ein. Nehmen Sie es jeden Tag zur gleichen Zeit ein, um das Ged\u00e4chtnis zu unterst\u00fctzen. Inaktive Chemikalien in diesem Produkt k\u00f6nnen allergische Reaktionen oder andere Komplikationen hervorrufen.<\/p>\n<p>In der richtigen Online-Apotheke finden Sie Nachf\u00fcllpackungen f\u00fcr Ihr <a href=\"https:\/\/gooddealersmeds.com\/de\/product\/buy -adderall-online\/\">Adderall<\/a> auf Rezept zu g\u00fcnstigen Preisen. Wir wollen Barrieren zwischen Patienten und den Medikamenten, die sie ben\u00f6tigen, um ihr Leben mit minimalen Nebenwirkungen zu leben, abbauen. Indem Sie bei uns einen Vorrat an generischem Adderall erwerben, erhalten Sie Zugang zu der g\u00fcnstigsten M\u00f6glichkeit, Ihre ADHS-Medikamente zu erhalten.<\/p>\n<p>Sie k\u00f6nnen Adderall online auf unserer Website <a href=\"https:\/\/gooddealersmeds.com\">store<\/a> mit sicherem Versand in ganz Europa.<\/p>\n","protected":false},"excerpt":{"rendered":"<p>ADHS und Narkolepsie sind zwei Haupterkrankungen, die das gemeinsame Leben von Menschen auf der ganzen Welt zerst\u00f6ren k\u00f6nnen. ADHS ist im Allgemeinen eine Aufmerksamkeitsdefizit-\u00dcberempfindlichkeitsst\u00f6rung, bei der die meisten Menschen m\u00f6glicherweise nicht in der Lage sind, auf bestimmte Aufgaben und Dinge im Leben zu achten oder sich auf sie zu konzentrieren. Dies ist auf das Ungleichgewicht in den Gehirnchemikalien zur\u00fcckzuf\u00fchren, das zu Unaufmerksamkeit f\u00fchrt. Man kann Adderall-Medikamente verwenden, um das Problem der Unaufmerksamkeit, Narkolepsie und Hyperaktivit\u00e4t zu behandeln. Das Gef\u00fchl der Ablenkung ist sehr h\u00e4ufig bei ADHS-St\u00f6rungen und bei Narkolepsie; Menschen neigen dazu, auch w\u00e4hrend der ungeraden Stunden der Zeit zu schlafen. Abgesehen davon kann Adderall zur Gewohnheit werden, wenn es ohne die ordnungsgem\u00e4\u00dfe Konsultation eines Arztes missbraucht wird. Stellen Sie au\u00dferdem sicher, dass Sie Adderall 30 mg nicht an unbekannte Fremde oder Freunde mit Vorgeschichte von Drogenabh\u00e4ngigkeit und -missbrauch weitergeben.<\/p>\n","protected":false},"featured_media":1532,"comment_status":"open","ping_status":"closed","template":"","meta":{"inline_featured_image":false},"product_brand":[],"product_cat":[346],"product_tag":[],"class_list":{"0":"post-1524","1":"product","2":"type-product","3":"status-publish","4":"has-post-thumbnail","6":"product_cat-stimulanzien","7":"pa_pills-100-pills","8":"pa_pills-1000-pills","9":"pa_pills-30-pills","10":"pa_pills-300-pills","11":"pa_pills-50-pills","12":"pa_pills-500-pills","14":"first","15":"instock","16":"featured","17":"shipping-taxable","18":"purchasable","19":"product-type-variable","20":"has-default-attributes"},"yoast_head":"<!-- This site is optimized with the Yoast SEO Premium plugin v20.6 (Yoast SEO v27.4) - https:\/\/yoast.com\/product\/yoast-seo-premium-wordpress\/ -->\n<title>Kaufen Sie Adderall Online - G\u00fcnstiges Adderall zum Verkauf 30mg<\/title>\n<meta name=\"description\" content=\"Kaufen Sie Adderall online 30 mg ohne Rezept zu einem g\u00fcnstigen Preis von Good Dealers Meds zur Behandlung von ADHS und Narkolepsie.\" \/>\n<meta name=\"robots\" content=\"index, follow, max-snippet:-1, max-image-preview:large, max-video-preview:-1\" \/>\n<link rel=\"canonical\" href=\"https:\/\/gooddealersmeds.com\/de\/product\/kaufen-adderall-online\/\" \/>\n<meta property=\"og:locale\" content=\"en_US\" \/>\n<meta property=\"og:type\" content=\"article\" \/>\n<meta property=\"og:title\" content=\"Kaufen Sie Adderall online\" \/>\n<meta property=\"og:description\" content=\"Kaufen Sie Adderall online 30 mg ohne Rezept zu einem g\u00fcnstigen Preis von Good Dealers Meds zur Behandlung von ADHS und Narkolepsie.\" \/>\n<meta property=\"og:url\" content=\"https:\/\/gooddealersmeds.com\/de\/product\/kaufen-adderall-online\/\" \/>\n<meta property=\"og:site_name\" content=\"Good Dealers Meds\" \/>\n<meta property=\"article:modified_time\" content=\"2022-12-27T16:22:09+00:00\" \/>\n<meta property=\"og:image\" content=\"https:\/\/gooddealersmeds.com\/de\/wp-content\/uploads\/sites\/3\/2022\/03\/buy-adderall-online1.jpg\" \/>\n\t<meta property=\"og:image:width\" content=\"300\" \/>\n\t<meta property=\"og:image:height\" content=\"300\" \/>\n\t<meta property=\"og:image:type\" content=\"image\/jpeg\" \/>\n<meta name=\"twitter:card\" content=\"summary_large_image\" \/>\n<meta name=\"twitter:label1\" content=\"Est. reading time\" \/>\n\t<meta name=\"twitter:data1\" content=\"2 minutes\" \/>\n<script type=\"application\/ld+json\" class=\"yoast-schema-graph\">{\"@context\":\"https:\\\/\\\/schema.org\",\"@graph\":[{\"@type\":\"WebPage\",\"@id\":\"https:\\\/\\\/gooddealersmeds.com\\\/de\\\/product\\\/kaufen-adderall-online\\\/\",\"url\":\"https:\\\/\\\/gooddealersmeds.com\\\/de\\\/product\\\/kaufen-adderall-online\\\/\",\"name\":\"Kaufen Sie Adderall Online - G\u00fcnstiges Adderall zum Verkauf 30mg\",\"isPartOf\":{\"@id\":\"https:\\\/\\\/gooddealersmeds.com\\\/de\\\/#website\"},\"primaryImageOfPage\":{\"@id\":\"https:\\\/\\\/gooddealersmeds.com\\\/de\\\/product\\\/kaufen-adderall-online\\\/#primaryimage\"},\"image\":{\"@id\":\"https:\\\/\\\/gooddealersmeds.com\\\/de\\\/product\\\/kaufen-adderall-online\\\/#primaryimage\"},\"thumbnailUrl\":\"https:\\\/\\\/gooddealersmeds.com\\\/de\\\/wp-content\\\/uploads\\\/sites\\\/3\\\/2022\\\/03\\\/buy-adderall-online1.jpg\",\"datePublished\":\"2022-03-17T23:13:27+00:00\",\"dateModified\":\"2022-12-27T16:22:09+00:00\",\"description\":\"Kaufen Sie Adderall online 30 mg ohne Rezept zu einem g\u00fcnstigen Preis von Good Dealers Meds zur Behandlung von ADHS und Narkolepsie.\",\"breadcrumb\":{\"@id\":\"https:\\\/\\\/gooddealersmeds.com\\\/de\\\/product\\\/kaufen-adderall-online\\\/#breadcrumb\"},\"inLanguage\":\"en-US\",\"potentialAction\":[{\"@type\":\"ReadAction\",\"target\":[\"https:\\\/\\\/gooddealersmeds.com\\\/de\\\/product\\\/kaufen-adderall-online\\\/\"]}]},{\"@type\":\"ImageObject\",\"inLanguage\":\"en-US\",\"@id\":\"https:\\\/\\\/gooddealersmeds.com\\\/de\\\/product\\\/kaufen-adderall-online\\\/#primaryimage\",\"url\":\"https:\\\/\\\/gooddealersmeds.com\\\/de\\\/wp-content\\\/uploads\\\/sites\\\/3\\\/2022\\\/03\\\/buy-adderall-online1.jpg\",\"contentUrl\":\"https:\\\/\\\/gooddealersmeds.com\\\/de\\\/wp-content\\\/uploads\\\/sites\\\/3\\\/2022\\\/03\\\/buy-adderall-online1.jpg\",\"width\":300,\"height\":300,\"caption\":\"Buy Adderall Online\"},{\"@type\":\"BreadcrumbList\",\"@id\":\"https:\\\/\\\/gooddealersmeds.com\\\/de\\\/product\\\/kaufen-adderall-online\\\/#breadcrumb\",\"itemListElement\":[{\"@type\":\"ListItem\",\"position\":1,\"name\":\"Home\",\"item\":\"https:\\\/\\\/gooddealersmeds.com\\\/de\\\/\"},{\"@type\":\"ListItem\",\"position\":2,\"name\":\"Produkte\",\"item\":\"https:\\\/\\\/gooddealersmeds.com\\\/de\\\/produkte\\\/\"},{\"@type\":\"ListItem\",\"position\":3,\"name\":\"Kaufen Sie Adderall online\"}]},{\"@type\":\"WebSite\",\"@id\":\"https:\\\/\\\/gooddealersmeds.com\\\/de\\\/#website\",\"url\":\"https:\\\/\\\/gooddealersmeds.com\\\/de\\\/\",\"name\":\"Good Dealers Meds\",\"description\":\"All our best\",\"publisher\":{\"@id\":\"https:\\\/\\\/gooddealersmeds.com\\\/de\\\/#organization\"},\"potentialAction\":[{\"@type\":\"SearchAction\",\"target\":{\"@type\":\"EntryPoint\",\"urlTemplate\":\"https:\\\/\\\/gooddealersmeds.com\\\/de\\\/?s={search_term_string}\"},\"query-input\":{\"@type\":\"PropertyValueSpecification\",\"valueRequired\":true,\"valueName\":\"search_term_string\"}}],\"inLanguage\":\"en-US\"},{\"@type\":\"Organization\",\"@id\":\"https:\\\/\\\/gooddealersmeds.com\\\/de\\\/#organization\",\"name\":\"Good Dealers Meds\",\"url\":\"https:\\\/\\\/gooddealersmeds.com\\\/de\\\/\",\"logo\":{\"@type\":\"ImageObject\",\"inLanguage\":\"en-US\",\"@id\":\"https:\\\/\\\/gooddealersmeds.com\\\/de\\\/#\\\/schema\\\/logo\\\/image\\\/\",\"url\":\"https:\\\/\\\/gooddealersmeds.com\\\/de\\\/wp-content\\\/uploads\\\/sites\\\/3\\\/2022\\\/03\\\/gooddealersmeds__logo__20220317T222800Z.00.png\",\"contentUrl\":\"https:\\\/\\\/gooddealersmeds.com\\\/de\\\/wp-content\\\/uploads\\\/sites\\\/3\\\/2022\\\/03\\\/gooddealersmeds__logo__20220317T222800Z.00.png\",\"width\":500,\"height\":325,\"caption\":\"Good Dealers Meds\"},\"image\":{\"@id\":\"https:\\\/\\\/gooddealersmeds.com\\\/de\\\/#\\\/schema\\\/logo\\\/image\\\/\"}}]}<\/script>\n<!-- \/ Yoast SEO Premium plugin. -->","yoast_head_json":{"title":"Kaufen Sie Adderall Online - G\u00fcnstiges Adderall zum Verkauf 30mg","description":"Kaufen Sie Adderall online 30 mg ohne Rezept zu einem g\u00fcnstigen Preis von Good Dealers Meds zur Behandlung von ADHS und Narkolepsie.","robots":{"index":"index","follow":"follow","max-snippet":"max-snippet:-1","max-image-preview":"max-image-preview:large","max-video-preview":"max-video-preview:-1"},"canonical":"https:\/\/gooddealersmeds.com\/de\/product\/kaufen-adderall-online\/","og_locale":"en_US","og_type":"article","og_title":"Kaufen Sie Adderall online","og_description":"Kaufen Sie Adderall online 30 mg ohne Rezept zu einem g\u00fcnstigen Preis von Good Dealers Meds zur Behandlung von ADHS und Narkolepsie.","og_url":"https:\/\/gooddealersmeds.com\/de\/product\/kaufen-adderall-online\/","og_site_name":"Good Dealers Meds","article_modified_time":"2022-12-27T16:22:09+00:00","og_image":[{"width":300,"height":300,"url":"https:\/\/gooddealersmeds.com\/de\/wp-content\/uploads\/sites\/3\/2022\/03\/buy-adderall-online1.jpg","type":"image\/jpeg"}],"twitter_card":"summary_large_image","twitter_misc":{"Est. reading time":"2 minutes"},"schema":{"@context":"https:\/\/schema.org","@graph":[{"@type":"WebPage","@id":"https:\/\/gooddealersmeds.com\/de\/product\/kaufen-adderall-online\/","url":"https:\/\/gooddealersmeds.com\/de\/product\/kaufen-adderall-online\/","name":"Kaufen Sie Adderall Online - G\u00fcnstiges Adderall zum Verkauf 30mg","isPartOf":{"@id":"https:\/\/gooddealersmeds.com\/de\/#website"},"primaryImageOfPage":{"@id":"https:\/\/gooddealersmeds.com\/de\/product\/kaufen-adderall-online\/#primaryimage"},"image":{"@id":"https:\/\/gooddealersmeds.com\/de\/product\/kaufen-adderall-online\/#primaryimage"},"thumbnailUrl":"https:\/\/gooddealersmeds.com\/de\/wp-content\/uploads\/sites\/3\/2022\/03\/buy-adderall-online1.jpg","datePublished":"2022-03-17T23:13:27+00:00","dateModified":"2022-12-27T16:22:09+00:00","description":"Kaufen Sie Adderall online 30 mg ohne Rezept zu einem g\u00fcnstigen Preis von Good Dealers Meds zur Behandlung von ADHS und Narkolepsie.","breadcrumb":{"@id":"https:\/\/gooddealersmeds.com\/de\/product\/kaufen-adderall-online\/#breadcrumb"},"inLanguage":"en-US","potentialAction":[{"@type":"ReadAction","target":["https:\/\/gooddealersmeds.com\/de\/product\/kaufen-adderall-online\/"]}]},{"@type":"ImageObject","inLanguage":"en-US","@id":"https:\/\/gooddealersmeds.com\/de\/product\/kaufen-adderall-online\/#primaryimage","url":"https:\/\/gooddealersmeds.com\/de\/wp-content\/uploads\/sites\/3\/2022\/03\/buy-adderall-online1.jpg","contentUrl":"https:\/\/gooddealersmeds.com\/de\/wp-content\/uploads\/sites\/3\/2022\/03\/buy-adderall-online1.jpg","width":300,"height":300,"caption":"Buy Adderall Online"},{"@type":"BreadcrumbList","@id":"https:\/\/gooddealersmeds.com\/de\/product\/kaufen-adderall-online\/#breadcrumb","itemListElement":[{"@type":"ListItem","position":1,"name":"Home","item":"https:\/\/gooddealersmeds.com\/de\/"},{"@type":"ListItem","position":2,"name":"Produkte","item":"https:\/\/gooddealersmeds.com\/de\/produkte\/"},{"@type":"ListItem","position":3,"name":"Kaufen Sie Adderall online"}]},{"@type":"WebSite","@id":"https:\/\/gooddealersmeds.com\/de\/#website","url":"https:\/\/gooddealersmeds.com\/de\/","name":"Good Dealers Meds","description":"All our best","publisher":{"@id":"https:\/\/gooddealersmeds.com\/de\/#organization"},"potentialAction":[{"@type":"SearchAction","target":{"@type":"EntryPoint","urlTemplate":"https:\/\/gooddealersmeds.com\/de\/?s={search_term_string}"},"query-input":{"@type":"PropertyValueSpecification","valueRequired":true,"valueName":"search_term_string"}}],"inLanguage":"en-US"},{"@type":"Organization","@id":"https:\/\/gooddealersmeds.com\/de\/#organization","name":"Good Dealers Meds","url":"https:\/\/gooddealersmeds.com\/de\/","logo":{"@type":"ImageObject","inLanguage":"en-US","@id":"https:\/\/gooddealersmeds.com\/de\/#\/schema\/logo\/image\/","url":"https:\/\/gooddealersmeds.com\/de\/wp-content\/uploads\/sites\/3\/2022\/03\/gooddealersmeds__logo__20220317T222800Z.00.png","contentUrl":"https:\/\/gooddealersmeds.com\/de\/wp-content\/uploads\/sites\/3\/2022\/03\/gooddealersmeds__logo__20220317T222800Z.00.png","width":500,"height":325,"caption":"Good Dealers Meds"},"image":{"@id":"https:\/\/gooddealersmeds.com\/de\/#\/schema\/logo\/image\/"}}]}},"_links":{"self":[{"href":"https:\/\/gooddealersmeds.com\/de\/wp-json\/wp\/v2\/product\/1524","targetHints":{"allow":["GET"]}}],"collection":[{"href":"https:\/\/gooddealersmeds.com\/de\/wp-json\/wp\/v2\/product"}],"about":[{"href":"https:\/\/gooddealersmeds.com\/de\/wp-json\/wp\/v2\/types\/product"}],"replies":[{"embeddable":true,"href":"https:\/\/gooddealersmeds.com\/de\/wp-json\/wp\/v2\/comments?post=1524"}],"wp:featuredmedia":[{"embeddable":true,"href":"https:\/\/gooddealersmeds.com\/de\/wp-json\/wp\/v2\/media\/1532"}],"wp:attachment":[{"href":"https:\/\/gooddealersmeds.com\/de\/wp-json\/wp\/v2\/media?parent=1524"}],"wp:term":[{"taxonomy":"product_brand","embeddable":true,"href":"https:\/\/gooddealersmeds.com\/de\/wp-json\/wp\/v2\/product_brand?post=1524"},{"taxonomy":"product_cat","embeddable":true,"href":"https:\/\/gooddealersmeds.com\/de\/wp-json\/wp\/v2\/product_cat?post=1524"},{"taxonomy":"product_tag","embeddable":true,"href":"https:\/\/gooddealersmeds.com\/de\/wp-json\/wp\/v2\/product_tag?post=1524"}],"curies":[{"name":"wp","href":"https:\/\/api.w.org\/{rel}","templated":true}]}}