{"id":2224,"date":"2023-01-08T18:43:18","date_gmt":"2023-01-08T18:43:18","guid":{"rendered":"https:\/\/gooddealersmeds.com\/da\/?post_type=product&#038;p=2224"},"modified":"2025-01-09T11:27:12","modified_gmt":"2025-01-09T11:27:12","slug":"kob-kalium-cyanid","status":"publish","type":"product","link":"https:\/\/gooddealersmeds.com\/da\/product\/kob-kalium-cyanid\/","title":{"rendered":"K\u00f8b kalium-cyanid"},"content":{"rendered":"<h2>K\u00f8b kaliumcyanid online<strong><br \/>\n<\/strong><\/h2>\n<p>Kaliumcyanid er et meget giftigt salt af uorganisk cyanid som folk kan bruge som erstatning for det mere popul\u00e6re natriumcyanid. K\u00f8b kalium-cyanid online =\u00a0 Dens kemiske formel er KCN. Folk tager hovedsageligt kaliumcyanid i tablet- eller pulverform. Hvis du sender fra os, er den tilg\u00e6ngelige dosis 300 mg oral pille og minimumsordre for 100 gram pulverform, k\u00f8b lovligt kaliumcyanid, k\u00f8b kaliumcyanid i Canada, k\u00f8b kaliumcyanid i USA, k\u00f8b kaliumcyanid i Australien, k\u00f8b kaliumcyanid, k\u00f8b kalium cyanid i Storbritannien, k\u00f8b kaliumcyanid i n\u00e6rheden af mig, k\u00f8b gift kaliumcyanid, k\u00f8b kaliumcyanid, k\u00f8b kaliumcyanidguld, k\u00f8b kaliumcyanid Australien, k\u00f8b kaliumcyanid i bulk, hvor kan jeg k\u00f8be kaliumcyanid i London, k\u00f8b kaliumcyanid, hvor i engros at k\u00f8be kaliumcyanid i hele verden, k\u00f8be <a href=\"https:\/\/gooddealersmeds.com\/da\/product\/kob-kalium-cyanid\/\">kaliumcyanid<\/a> online,K\u00f8b kalium-cyanid online<\/p>\n<p>&nbsp;<\/p>\n<p>Vores laboratorium fremstiller og distribuerer den bedste kvalitet kalium, som er en farvel\u00f8s krystallinsk forbindelse. Vores kaliumcyanid er kendt af smykkehandlere for dets ekstreme og exceptionelle h\u00f8jkvalitets kemiske forgyldnings- og poleringsegenskaber. Vores guldudvinding. organisk syntese. og galvaniseringskunder har aldrig kigget nogen steder, siden de testede vores kaliumcyanid. Kaliumcyanid tilbydes i pulverform eller cylindrisk tablet, hver tablet vejer 100 gram. Det er en uorganisk forbindelse med formlen KCN. Denne farvel\u00f8se krystallinske forbindelse. ligner sukker i udseende. er meget opl\u00f8seligt i vand. De fleste KCN bruges i guldminedrift. organisk syntese. beg\u00e5 selvmord og galvanisering. Bestil Kalium-Cyanid Online, Kalium-Cyanid til salg<\/p>\n","protected":false},"excerpt":{"rendered":"<p>K\u00f8b Kalium-Cyanid online til overkommelige priser og f\u00e5 det leveret lige ved d\u00f8ren. Vi sender til hele verden. Kalium-cyanid til salg<\/p>\n","protected":false},"featured_media":2254,"comment_status":"open","ping_status":"closed","template":"","meta":{"inline_featured_image":false},"product_brand":[],"product_cat":[343],"product_tag":[],"class_list":{"0":"post-2224","1":"product","2":"type-product","3":"status-publish","4":"has-post-thumbnail","6":"product_cat-andre","8":"first","9":"instock","10":"shipping-taxable","11":"purchasable","12":"product-type-variable","13":"has-default-attributes"},"yoast_head":"<!-- This site is optimized with the Yoast SEO Premium plugin v20.6 (Yoast SEO v27.4) - https:\/\/yoast.com\/product\/yoast-seo-premium-wordpress\/ -->\n<title>K\u00f8b kalium-cyanid online | Kalium-cyanid til salg til god pris<\/title>\n<meta name=\"description\" content=\"K\u00f8b Kalium-Cyanid online til overkommelige priser og f\u00e5 det leveret lige ved d\u00f8ren. Vi sender til hele verden. Kalium-cyanid til salg\" \/>\n<meta name=\"robots\" content=\"index, follow, max-snippet:-1, max-image-preview:large, max-video-preview:-1\" \/>\n<link rel=\"canonical\" href=\"https:\/\/gooddealersmeds.com\/da\/product\/kob-kalium-cyanid\/\" \/>\n<meta property=\"og:locale\" content=\"en_US\" \/>\n<meta property=\"og:type\" content=\"article\" \/>\n<meta property=\"og:title\" content=\"K\u00f8b kalium-cyanid\" \/>\n<meta property=\"og:description\" content=\"K\u00f8b Kalium-Cyanid online til overkommelige priser og f\u00e5 det leveret lige ved d\u00f8ren. Vi sender til hele verden. Kalium-cyanid til salg\" \/>\n<meta property=\"og:url\" content=\"https:\/\/gooddealersmeds.com\/da\/product\/kob-kalium-cyanid\/\" \/>\n<meta property=\"og:site_name\" content=\"Good Dealers Meds\" \/>\n<meta property=\"article:modified_time\" content=\"2025-01-09T11:27:12+00:00\" \/>\n<meta property=\"og:image\" content=\"https:\/\/gooddealersmeds.com\/da\/wp-content\/uploads\/sites\/2\/2023\/01\/potassium-cyanide.jpg\" \/>\n\t<meta property=\"og:image:width\" content=\"503\" \/>\n\t<meta property=\"og:image:height\" content=\"505\" \/>\n\t<meta property=\"og:image:type\" content=\"image\/jpeg\" \/>\n<meta name=\"twitter:card\" content=\"summary_large_image\" \/>\n<meta name=\"twitter:label1\" content=\"Est. reading time\" \/>\n\t<meta name=\"twitter:data1\" content=\"1 minute\" \/>\n<script type=\"application\/ld+json\" class=\"yoast-schema-graph\">{\"@context\":\"https:\\\/\\\/schema.org\",\"@graph\":[{\"@type\":\"WebPage\",\"@id\":\"https:\\\/\\\/gooddealersmeds.com\\\/da\\\/product\\\/kob-kalium-cyanid\\\/\",\"url\":\"https:\\\/\\\/gooddealersmeds.com\\\/da\\\/product\\\/kob-kalium-cyanid\\\/\",\"name\":\"K\u00f8b kalium-cyanid online | Kalium-cyanid til salg til god pris\",\"isPartOf\":{\"@id\":\"https:\\\/\\\/gooddealersmeds.com\\\/da\\\/#website\"},\"primaryImageOfPage\":{\"@id\":\"https:\\\/\\\/gooddealersmeds.com\\\/da\\\/product\\\/kob-kalium-cyanid\\\/#primaryimage\"},\"image\":{\"@id\":\"https:\\\/\\\/gooddealersmeds.com\\\/da\\\/product\\\/kob-kalium-cyanid\\\/#primaryimage\"},\"thumbnailUrl\":\"https:\\\/\\\/gooddealersmeds.com\\\/da\\\/wp-content\\\/uploads\\\/sites\\\/2\\\/2023\\\/01\\\/potassium-cyanide.jpg\",\"datePublished\":\"2023-01-08T18:43:18+00:00\",\"dateModified\":\"2025-01-09T11:27:12+00:00\",\"description\":\"K\u00f8b Kalium-Cyanid online til overkommelige priser og f\u00e5 det leveret lige ved d\u00f8ren. Vi sender til hele verden. Kalium-cyanid til salg\",\"breadcrumb\":{\"@id\":\"https:\\\/\\\/gooddealersmeds.com\\\/da\\\/product\\\/kob-kalium-cyanid\\\/#breadcrumb\"},\"inLanguage\":\"en-US\",\"potentialAction\":[{\"@type\":\"ReadAction\",\"target\":[\"https:\\\/\\\/gooddealersmeds.com\\\/da\\\/product\\\/kob-kalium-cyanid\\\/\"]}]},{\"@type\":\"ImageObject\",\"inLanguage\":\"en-US\",\"@id\":\"https:\\\/\\\/gooddealersmeds.com\\\/da\\\/product\\\/kob-kalium-cyanid\\\/#primaryimage\",\"url\":\"https:\\\/\\\/gooddealersmeds.com\\\/da\\\/wp-content\\\/uploads\\\/sites\\\/2\\\/2023\\\/01\\\/potassium-cyanide.jpg\",\"contentUrl\":\"https:\\\/\\\/gooddealersmeds.com\\\/da\\\/wp-content\\\/uploads\\\/sites\\\/2\\\/2023\\\/01\\\/potassium-cyanide.jpg\",\"width\":503,\"height\":505},{\"@type\":\"BreadcrumbList\",\"@id\":\"https:\\\/\\\/gooddealersmeds.com\\\/da\\\/product\\\/kob-kalium-cyanid\\\/#breadcrumb\",\"itemListElement\":[{\"@type\":\"ListItem\",\"position\":1,\"name\":\"Home\",\"item\":\"https:\\\/\\\/gooddealersmeds.com\\\/da\\\/\"},{\"@type\":\"ListItem\",\"position\":2,\"name\":\"Produkter\",\"item\":\"https:\\\/\\\/gooddealersmeds.com\\\/da\\\/produkter\\\/\"},{\"@type\":\"ListItem\",\"position\":3,\"name\":\"K\u00f8b kalium-cyanid\"}]},{\"@type\":\"WebSite\",\"@id\":\"https:\\\/\\\/gooddealersmeds.com\\\/da\\\/#website\",\"url\":\"https:\\\/\\\/gooddealersmeds.com\\\/da\\\/\",\"name\":\"Good Dealers Meds\",\"description\":\"All our best\",\"publisher\":{\"@id\":\"https:\\\/\\\/gooddealersmeds.com\\\/da\\\/#organization\"},\"potentialAction\":[{\"@type\":\"SearchAction\",\"target\":{\"@type\":\"EntryPoint\",\"urlTemplate\":\"https:\\\/\\\/gooddealersmeds.com\\\/da\\\/?s={search_term_string}\"},\"query-input\":{\"@type\":\"PropertyValueSpecification\",\"valueRequired\":true,\"valueName\":\"search_term_string\"}}],\"inLanguage\":\"en-US\"},{\"@type\":\"Organization\",\"@id\":\"https:\\\/\\\/gooddealersmeds.com\\\/da\\\/#organization\",\"name\":\"Good Dealers Meds\",\"url\":\"https:\\\/\\\/gooddealersmeds.com\\\/da\\\/\",\"logo\":{\"@type\":\"ImageObject\",\"inLanguage\":\"en-US\",\"@id\":\"https:\\\/\\\/gooddealersmeds.com\\\/da\\\/#\\\/schema\\\/logo\\\/image\\\/\",\"url\":\"https:\\\/\\\/gooddealersmeds.com\\\/da\\\/wp-content\\\/uploads\\\/sites\\\/2\\\/2022\\\/03\\\/gooddealersmeds__logo__20220317T222800Z.00.png\",\"contentUrl\":\"https:\\\/\\\/gooddealersmeds.com\\\/da\\\/wp-content\\\/uploads\\\/sites\\\/2\\\/2022\\\/03\\\/gooddealersmeds__logo__20220317T222800Z.00.png\",\"width\":500,\"height\":325,\"caption\":\"Good Dealers Meds\"},\"image\":{\"@id\":\"https:\\\/\\\/gooddealersmeds.com\\\/da\\\/#\\\/schema\\\/logo\\\/image\\\/\"}}]}<\/script>\n<!-- \/ Yoast SEO Premium plugin. -->","yoast_head_json":{"title":"K\u00f8b kalium-cyanid online | Kalium-cyanid til salg til god pris","description":"K\u00f8b Kalium-Cyanid online til overkommelige priser og f\u00e5 det leveret lige ved d\u00f8ren. Vi sender til hele verden. Kalium-cyanid til salg","robots":{"index":"index","follow":"follow","max-snippet":"max-snippet:-1","max-image-preview":"max-image-preview:large","max-video-preview":"max-video-preview:-1"},"canonical":"https:\/\/gooddealersmeds.com\/da\/product\/kob-kalium-cyanid\/","og_locale":"en_US","og_type":"article","og_title":"K\u00f8b kalium-cyanid","og_description":"K\u00f8b Kalium-Cyanid online til overkommelige priser og f\u00e5 det leveret lige ved d\u00f8ren. Vi sender til hele verden. Kalium-cyanid til salg","og_url":"https:\/\/gooddealersmeds.com\/da\/product\/kob-kalium-cyanid\/","og_site_name":"Good Dealers Meds","article_modified_time":"2025-01-09T11:27:12+00:00","og_image":[{"width":503,"height":505,"url":"https:\/\/gooddealersmeds.com\/da\/wp-content\/uploads\/sites\/2\/2023\/01\/potassium-cyanide.jpg","type":"image\/jpeg"}],"twitter_card":"summary_large_image","twitter_misc":{"Est. reading time":"1 minute"},"schema":{"@context":"https:\/\/schema.org","@graph":[{"@type":"WebPage","@id":"https:\/\/gooddealersmeds.com\/da\/product\/kob-kalium-cyanid\/","url":"https:\/\/gooddealersmeds.com\/da\/product\/kob-kalium-cyanid\/","name":"K\u00f8b kalium-cyanid online | Kalium-cyanid til salg til god pris","isPartOf":{"@id":"https:\/\/gooddealersmeds.com\/da\/#website"},"primaryImageOfPage":{"@id":"https:\/\/gooddealersmeds.com\/da\/product\/kob-kalium-cyanid\/#primaryimage"},"image":{"@id":"https:\/\/gooddealersmeds.com\/da\/product\/kob-kalium-cyanid\/#primaryimage"},"thumbnailUrl":"https:\/\/gooddealersmeds.com\/da\/wp-content\/uploads\/sites\/2\/2023\/01\/potassium-cyanide.jpg","datePublished":"2023-01-08T18:43:18+00:00","dateModified":"2025-01-09T11:27:12+00:00","description":"K\u00f8b Kalium-Cyanid online til overkommelige priser og f\u00e5 det leveret lige ved d\u00f8ren. Vi sender til hele verden. Kalium-cyanid til salg","breadcrumb":{"@id":"https:\/\/gooddealersmeds.com\/da\/product\/kob-kalium-cyanid\/#breadcrumb"},"inLanguage":"en-US","potentialAction":[{"@type":"ReadAction","target":["https:\/\/gooddealersmeds.com\/da\/product\/kob-kalium-cyanid\/"]}]},{"@type":"ImageObject","inLanguage":"en-US","@id":"https:\/\/gooddealersmeds.com\/da\/product\/kob-kalium-cyanid\/#primaryimage","url":"https:\/\/gooddealersmeds.com\/da\/wp-content\/uploads\/sites\/2\/2023\/01\/potassium-cyanide.jpg","contentUrl":"https:\/\/gooddealersmeds.com\/da\/wp-content\/uploads\/sites\/2\/2023\/01\/potassium-cyanide.jpg","width":503,"height":505},{"@type":"BreadcrumbList","@id":"https:\/\/gooddealersmeds.com\/da\/product\/kob-kalium-cyanid\/#breadcrumb","itemListElement":[{"@type":"ListItem","position":1,"name":"Home","item":"https:\/\/gooddealersmeds.com\/da\/"},{"@type":"ListItem","position":2,"name":"Produkter","item":"https:\/\/gooddealersmeds.com\/da\/produkter\/"},{"@type":"ListItem","position":3,"name":"K\u00f8b kalium-cyanid"}]},{"@type":"WebSite","@id":"https:\/\/gooddealersmeds.com\/da\/#website","url":"https:\/\/gooddealersmeds.com\/da\/","name":"Good Dealers Meds","description":"All our best","publisher":{"@id":"https:\/\/gooddealersmeds.com\/da\/#organization"},"potentialAction":[{"@type":"SearchAction","target":{"@type":"EntryPoint","urlTemplate":"https:\/\/gooddealersmeds.com\/da\/?s={search_term_string}"},"query-input":{"@type":"PropertyValueSpecification","valueRequired":true,"valueName":"search_term_string"}}],"inLanguage":"en-US"},{"@type":"Organization","@id":"https:\/\/gooddealersmeds.com\/da\/#organization","name":"Good Dealers Meds","url":"https:\/\/gooddealersmeds.com\/da\/","logo":{"@type":"ImageObject","inLanguage":"en-US","@id":"https:\/\/gooddealersmeds.com\/da\/#\/schema\/logo\/image\/","url":"https:\/\/gooddealersmeds.com\/da\/wp-content\/uploads\/sites\/2\/2022\/03\/gooddealersmeds__logo__20220317T222800Z.00.png","contentUrl":"https:\/\/gooddealersmeds.com\/da\/wp-content\/uploads\/sites\/2\/2022\/03\/gooddealersmeds__logo__20220317T222800Z.00.png","width":500,"height":325,"caption":"Good Dealers Meds"},"image":{"@id":"https:\/\/gooddealersmeds.com\/da\/#\/schema\/logo\/image\/"}}]}},"_links":{"self":[{"href":"https:\/\/gooddealersmeds.com\/da\/wp-json\/wp\/v2\/product\/2224","targetHints":{"allow":["GET"]}}],"collection":[{"href":"https:\/\/gooddealersmeds.com\/da\/wp-json\/wp\/v2\/product"}],"about":[{"href":"https:\/\/gooddealersmeds.com\/da\/wp-json\/wp\/v2\/types\/product"}],"replies":[{"embeddable":true,"href":"https:\/\/gooddealersmeds.com\/da\/wp-json\/wp\/v2\/comments?post=2224"}],"wp:featuredmedia":[{"embeddable":true,"href":"https:\/\/gooddealersmeds.com\/da\/wp-json\/wp\/v2\/media\/2254"}],"wp:attachment":[{"href":"https:\/\/gooddealersmeds.com\/da\/wp-json\/wp\/v2\/media?parent=2224"}],"wp:term":[{"taxonomy":"product_brand","embeddable":true,"href":"https:\/\/gooddealersmeds.com\/da\/wp-json\/wp\/v2\/product_brand?post=2224"},{"taxonomy":"product_cat","embeddable":true,"href":"https:\/\/gooddealersmeds.com\/da\/wp-json\/wp\/v2\/product_cat?post=2224"},{"taxonomy":"product_tag","embeddable":true,"href":"https:\/\/gooddealersmeds.com\/da\/wp-json\/wp\/v2\/product_tag?post=2224"}],"curies":[{"name":"wp","href":"https:\/\/api.w.org\/{rel}","templated":true}]}}