{"id":2223,"date":"2023-01-08T18:43:17","date_gmt":"2023-01-08T18:43:17","guid":{"rendered":"https:\/\/gooddealersmeds.com\/da\/?post_type=product&#038;p=2223"},"modified":"2023-03-12T01:56:44","modified_gmt":"2023-03-12T01:56:44","slug":"gamma-butyrolacton-gbl-vaeske","status":"publish","type":"product","link":"https:\/\/gooddealersmeds.com\/da\/product\/gamma-butyrolacton-gbl-vaeske\/","title":{"rendered":"Gamma Butyrolactone (Gbl) V\u00e6ske"},"content":{"rendered":"<h2>Hvor kan man k\u00f8be GBL, K\u00f8b gammabutyrolactone online<\/h2>\n<p>K\u00f8b gamma butyrolactone online. Hvor kan man k\u00f8be GBL, gamma-butyrolacton er fundet i ekstrakter fra pr\u00f8ver af uforfalskede vine. Dette fund indikerer, at\u00a0<a href=\"https:\/\/www.hiv-drogen.de\/\">GBL<\/a>\u00a0er en naturligt forekommende komponent i nogle vine og kan v\u00e6re til stede i lignende produkter. Den detekterede koncentration var ca. 5 \u00b5g\/ml og blev let observeret ved anvendelse af en simpel ekstraktionsteknik efterfulgt af GC\/MS-analyse. GBL kan findes i ostearomaer, men resulterer typisk i et indhold p\u00e5 0,0002 %\u00a0GBL\u00a0i den endelige f\u00f8devare.<\/p>\n<p>Gamma butyrolactone er et kemikalie. Folk bruger det som medicin. Pas p\u00e5 ikke at forveksle\u00a0<a href=\"https:\/\/gooddealersmeds.com\/da\/product\/gamma-butyrolacton-gbl-vaeske\/\">gamma-butyrolactone<\/a>\u00a0(GBL) med\u00a0gamma-hydroxybutyrat\u00a0(GHB). P\u00e5 trods af alvorlige sikkerhedsproblemer og ulovligheder tager folk gammabutyrolacton for at forbedre atletisk pr\u00e6station, s\u00f8vn og seksuel pr\u00e6station og forn\u00f8jelse. K\u00f8b gammabutyrolactone online,\u00a0research kemisk online europa<\/p>\n<p>Vores fordele. Hvor kan man bestille gamma-butyrolactone<\/p>\n<p>\u2013 Vi s\u00e6lger produkter af h\u00f8j kvalitet fra de bedste producenter,<\/p>\n<p>-udbudte varer er tilg\u00e6ngelige p\u00e5 lageret,<\/p>\n<p>-forsendelser er meget godt pakket,<\/p>\n<p>-Forsendelse sker altid i eksprestempo,<\/p>\n<p>-vi er et lovligt fungerende selskab.<\/p>\n<p>-du f\u00e5r altid kvittering eller faktura p\u00e5 de k\u00f8bte varer.<\/p>\n<p>GoodDealChem tilbyder den bedste gamma-butyrolactone, vi s\u00e6lger produkter af god kvalitet Hvor kan man k\u00f8be gamma-butyrolactone<\/p>\n<p>bestil gamma-butyrolactone i usa, bestil gamma-butyrolactone p\u00e5 amazon, bestil gamma-butyrolactone online usa, gamma-butyrolactone cleaner k\u00f8b usa, hvor kan man bestille gamma butyrolactones, gamma-butyrolactone cleaner usa, gamma-butyrolactone til salg online, k\u00f8b gamma butyrolactone , bestil gamma-butyrolactone online Australien, gamma-butyrolactone online til salg, magisk renser gamma-butyrolactone, bestil gamma-butyrolactone online Indien, gamma-butyrolactone leverand\u00f8rer, gamma-butyrolactone cleaner amazon, bedste sted at bestille gamma-butyrolactone, gamma-butyrolactone til salg, gamma-butyrolactone ebay, bedste sted at bestille gamma-butyrolactone, gamma-butyrolactone-produkter, gamma-butyrolactone-leverand\u00f8rer i Indien, gamma-butyrolacton-pris, ren gamma-butyrolactone til salg, gamma-butyrolactone-leverand\u00f8rer, gamma-butyrolactone ebay<br \/>\n<b><\/b><\/p>\n<p>Beskrivelse<br \/>\nFarvel\u00f8s v\u00e6ske (k\u00f8bes i sm\u00e5 flasker), farvede kapsler.<br \/>\nTerapeutisk brug<br \/>\nBed\u00f8velsesmiddel med en beroligende kvalitet. GHB er blevet brugt som pr\u00e6medicinering til kirurgi og for nylig er det blevet brugt til behandling af s\u00f8vnforstyrrelser.<br \/>\nTilbagetr\u00e6kning giver en ophidset tilstand, som med andre typer beroligende medicin<\/p>\n","protected":false},"excerpt":{"rendered":"<p>Vi leverer GBL med h\u00f8j renhed i hele verden, Hvor kan man k\u00f8be GBL, Vores kvalitet er den bedste du kan finde rundt omkring, bestil GBL her med ekspresforsendelse.<\/p>\n","protected":false},"featured_media":2253,"comment_status":"open","ping_status":"closed","template":"","meta":{"inline_featured_image":false},"product_brand":[],"product_cat":[344],"product_tag":[],"class_list":{"0":"post-2223","1":"product","2":"type-product","3":"status-publish","4":"has-post-thumbnail","6":"product_cat-forsknings-kemikalier","8":"first","9":"instock","10":"shipping-taxable","11":"purchasable","12":"product-type-variable","13":"has-default-attributes"},"yoast_head":"<!-- This site is optimized with the Yoast SEO Premium plugin v20.6 (Yoast SEO v27.4) - https:\/\/yoast.com\/product\/yoast-seo-premium-wordpress\/ -->\n<title>Hvor kan man k\u00f8be GBL | GBL til salg | Bestil GBL online | K\u00f8b GBL.<\/title>\n<meta name=\"description\" content=\"Vi leverer GBL med h\u00f8j renhed i hele verden, Hvor kan man k\u00f8be GBL, Vores kvalitet er den bedste du kan finde rundt omkring, bestil GBL her med ekspresforsendelse.\" \/>\n<meta name=\"robots\" content=\"index, follow, max-snippet:-1, max-image-preview:large, max-video-preview:-1\" \/>\n<link rel=\"canonical\" href=\"https:\/\/gooddealersmeds.com\/da\/product\/gamma-butyrolacton-gbl-vaeske\/\" \/>\n<meta property=\"og:locale\" content=\"en_US\" \/>\n<meta property=\"og:type\" content=\"article\" \/>\n<meta property=\"og:title\" content=\"Gamma Butyrolactone (Gbl) V\u00e6ske\" \/>\n<meta property=\"og:description\" content=\"Vi leverer GBL med h\u00f8j renhed i hele verden, Hvor kan man k\u00f8be GBL, Vores kvalitet er den bedste du kan finde rundt omkring, bestil GBL her med ekspresforsendelse.\" \/>\n<meta property=\"og:url\" content=\"https:\/\/gooddealersmeds.com\/da\/product\/gamma-butyrolacton-gbl-vaeske\/\" \/>\n<meta property=\"og:site_name\" content=\"Good Dealers Meds\" \/>\n<meta property=\"article:modified_time\" content=\"2023-03-12T01:56:44+00:00\" \/>\n<meta property=\"og:image\" content=\"https:\/\/gooddealersmeds.com\/da\/wp-content\/uploads\/sites\/2\/2023\/01\/ht.jpg\" \/>\n\t<meta property=\"og:image:width\" content=\"600\" \/>\n\t<meta property=\"og:image:height\" content=\"600\" \/>\n\t<meta property=\"og:image:type\" content=\"image\/jpeg\" \/>\n<meta name=\"twitter:card\" content=\"summary_large_image\" \/>\n<meta name=\"twitter:label1\" content=\"Est. reading time\" \/>\n\t<meta name=\"twitter:data1\" content=\"2 minutes\" \/>\n<script type=\"application\/ld+json\" class=\"yoast-schema-graph\">{\"@context\":\"https:\\\/\\\/schema.org\",\"@graph\":[{\"@type\":\"WebPage\",\"@id\":\"https:\\\/\\\/gooddealersmeds.com\\\/da\\\/product\\\/gamma-butyrolacton-gbl-vaeske\\\/\",\"url\":\"https:\\\/\\\/gooddealersmeds.com\\\/da\\\/product\\\/gamma-butyrolacton-gbl-vaeske\\\/\",\"name\":\"Hvor kan man k\u00f8be GBL | GBL til salg | Bestil GBL online | K\u00f8b GBL.\",\"isPartOf\":{\"@id\":\"https:\\\/\\\/gooddealersmeds.com\\\/da\\\/#website\"},\"primaryImageOfPage\":{\"@id\":\"https:\\\/\\\/gooddealersmeds.com\\\/da\\\/product\\\/gamma-butyrolacton-gbl-vaeske\\\/#primaryimage\"},\"image\":{\"@id\":\"https:\\\/\\\/gooddealersmeds.com\\\/da\\\/product\\\/gamma-butyrolacton-gbl-vaeske\\\/#primaryimage\"},\"thumbnailUrl\":\"https:\\\/\\\/gooddealersmeds.com\\\/da\\\/wp-content\\\/uploads\\\/sites\\\/2\\\/2023\\\/01\\\/ht.jpg\",\"datePublished\":\"2023-01-08T18:43:17+00:00\",\"dateModified\":\"2023-03-12T01:56:44+00:00\",\"description\":\"Vi leverer GBL med h\u00f8j renhed i hele verden, Hvor kan man k\u00f8be GBL, Vores kvalitet er den bedste du kan finde rundt omkring, bestil GBL her med ekspresforsendelse.\",\"breadcrumb\":{\"@id\":\"https:\\\/\\\/gooddealersmeds.com\\\/da\\\/product\\\/gamma-butyrolacton-gbl-vaeske\\\/#breadcrumb\"},\"inLanguage\":\"en-US\",\"potentialAction\":[{\"@type\":\"ReadAction\",\"target\":[\"https:\\\/\\\/gooddealersmeds.com\\\/da\\\/product\\\/gamma-butyrolacton-gbl-vaeske\\\/\"]}]},{\"@type\":\"ImageObject\",\"inLanguage\":\"en-US\",\"@id\":\"https:\\\/\\\/gooddealersmeds.com\\\/da\\\/product\\\/gamma-butyrolacton-gbl-vaeske\\\/#primaryimage\",\"url\":\"https:\\\/\\\/gooddealersmeds.com\\\/da\\\/wp-content\\\/uploads\\\/sites\\\/2\\\/2023\\\/01\\\/ht.jpg\",\"contentUrl\":\"https:\\\/\\\/gooddealersmeds.com\\\/da\\\/wp-content\\\/uploads\\\/sites\\\/2\\\/2023\\\/01\\\/ht.jpg\",\"width\":600,\"height\":600},{\"@type\":\"BreadcrumbList\",\"@id\":\"https:\\\/\\\/gooddealersmeds.com\\\/da\\\/product\\\/gamma-butyrolacton-gbl-vaeske\\\/#breadcrumb\",\"itemListElement\":[{\"@type\":\"ListItem\",\"position\":1,\"name\":\"Home\",\"item\":\"https:\\\/\\\/gooddealersmeds.com\\\/da\\\/\"},{\"@type\":\"ListItem\",\"position\":2,\"name\":\"Produkter\",\"item\":\"https:\\\/\\\/gooddealersmeds.com\\\/da\\\/produkter\\\/\"},{\"@type\":\"ListItem\",\"position\":3,\"name\":\"Gamma Butyrolactone (Gbl) V\u00e6ske\"}]},{\"@type\":\"WebSite\",\"@id\":\"https:\\\/\\\/gooddealersmeds.com\\\/da\\\/#website\",\"url\":\"https:\\\/\\\/gooddealersmeds.com\\\/da\\\/\",\"name\":\"Good Dealers Meds\",\"description\":\"All our best\",\"publisher\":{\"@id\":\"https:\\\/\\\/gooddealersmeds.com\\\/da\\\/#organization\"},\"potentialAction\":[{\"@type\":\"SearchAction\",\"target\":{\"@type\":\"EntryPoint\",\"urlTemplate\":\"https:\\\/\\\/gooddealersmeds.com\\\/da\\\/?s={search_term_string}\"},\"query-input\":{\"@type\":\"PropertyValueSpecification\",\"valueRequired\":true,\"valueName\":\"search_term_string\"}}],\"inLanguage\":\"en-US\"},{\"@type\":\"Organization\",\"@id\":\"https:\\\/\\\/gooddealersmeds.com\\\/da\\\/#organization\",\"name\":\"Good Dealers Meds\",\"url\":\"https:\\\/\\\/gooddealersmeds.com\\\/da\\\/\",\"logo\":{\"@type\":\"ImageObject\",\"inLanguage\":\"en-US\",\"@id\":\"https:\\\/\\\/gooddealersmeds.com\\\/da\\\/#\\\/schema\\\/logo\\\/image\\\/\",\"url\":\"https:\\\/\\\/gooddealersmeds.com\\\/da\\\/wp-content\\\/uploads\\\/sites\\\/2\\\/2022\\\/03\\\/gooddealersmeds__logo__20220317T222800Z.00.png\",\"contentUrl\":\"https:\\\/\\\/gooddealersmeds.com\\\/da\\\/wp-content\\\/uploads\\\/sites\\\/2\\\/2022\\\/03\\\/gooddealersmeds__logo__20220317T222800Z.00.png\",\"width\":500,\"height\":325,\"caption\":\"Good Dealers Meds\"},\"image\":{\"@id\":\"https:\\\/\\\/gooddealersmeds.com\\\/da\\\/#\\\/schema\\\/logo\\\/image\\\/\"}}]}<\/script>\n<!-- \/ Yoast SEO Premium plugin. -->","yoast_head_json":{"title":"Hvor kan man k\u00f8be GBL | GBL til salg | Bestil GBL online | K\u00f8b GBL.","description":"Vi leverer GBL med h\u00f8j renhed i hele verden, Hvor kan man k\u00f8be GBL, Vores kvalitet er den bedste du kan finde rundt omkring, bestil GBL her med ekspresforsendelse.","robots":{"index":"index","follow":"follow","max-snippet":"max-snippet:-1","max-image-preview":"max-image-preview:large","max-video-preview":"max-video-preview:-1"},"canonical":"https:\/\/gooddealersmeds.com\/da\/product\/gamma-butyrolacton-gbl-vaeske\/","og_locale":"en_US","og_type":"article","og_title":"Gamma Butyrolactone (Gbl) V\u00e6ske","og_description":"Vi leverer GBL med h\u00f8j renhed i hele verden, Hvor kan man k\u00f8be GBL, Vores kvalitet er den bedste du kan finde rundt omkring, bestil GBL her med ekspresforsendelse.","og_url":"https:\/\/gooddealersmeds.com\/da\/product\/gamma-butyrolacton-gbl-vaeske\/","og_site_name":"Good Dealers Meds","article_modified_time":"2023-03-12T01:56:44+00:00","og_image":[{"width":600,"height":600,"url":"https:\/\/gooddealersmeds.com\/da\/wp-content\/uploads\/sites\/2\/2023\/01\/ht.jpg","type":"image\/jpeg"}],"twitter_card":"summary_large_image","twitter_misc":{"Est. reading time":"2 minutes"},"schema":{"@context":"https:\/\/schema.org","@graph":[{"@type":"WebPage","@id":"https:\/\/gooddealersmeds.com\/da\/product\/gamma-butyrolacton-gbl-vaeske\/","url":"https:\/\/gooddealersmeds.com\/da\/product\/gamma-butyrolacton-gbl-vaeske\/","name":"Hvor kan man k\u00f8be GBL | GBL til salg | Bestil GBL online | K\u00f8b GBL.","isPartOf":{"@id":"https:\/\/gooddealersmeds.com\/da\/#website"},"primaryImageOfPage":{"@id":"https:\/\/gooddealersmeds.com\/da\/product\/gamma-butyrolacton-gbl-vaeske\/#primaryimage"},"image":{"@id":"https:\/\/gooddealersmeds.com\/da\/product\/gamma-butyrolacton-gbl-vaeske\/#primaryimage"},"thumbnailUrl":"https:\/\/gooddealersmeds.com\/da\/wp-content\/uploads\/sites\/2\/2023\/01\/ht.jpg","datePublished":"2023-01-08T18:43:17+00:00","dateModified":"2023-03-12T01:56:44+00:00","description":"Vi leverer GBL med h\u00f8j renhed i hele verden, Hvor kan man k\u00f8be GBL, Vores kvalitet er den bedste du kan finde rundt omkring, bestil GBL her med ekspresforsendelse.","breadcrumb":{"@id":"https:\/\/gooddealersmeds.com\/da\/product\/gamma-butyrolacton-gbl-vaeske\/#breadcrumb"},"inLanguage":"en-US","potentialAction":[{"@type":"ReadAction","target":["https:\/\/gooddealersmeds.com\/da\/product\/gamma-butyrolacton-gbl-vaeske\/"]}]},{"@type":"ImageObject","inLanguage":"en-US","@id":"https:\/\/gooddealersmeds.com\/da\/product\/gamma-butyrolacton-gbl-vaeske\/#primaryimage","url":"https:\/\/gooddealersmeds.com\/da\/wp-content\/uploads\/sites\/2\/2023\/01\/ht.jpg","contentUrl":"https:\/\/gooddealersmeds.com\/da\/wp-content\/uploads\/sites\/2\/2023\/01\/ht.jpg","width":600,"height":600},{"@type":"BreadcrumbList","@id":"https:\/\/gooddealersmeds.com\/da\/product\/gamma-butyrolacton-gbl-vaeske\/#breadcrumb","itemListElement":[{"@type":"ListItem","position":1,"name":"Home","item":"https:\/\/gooddealersmeds.com\/da\/"},{"@type":"ListItem","position":2,"name":"Produkter","item":"https:\/\/gooddealersmeds.com\/da\/produkter\/"},{"@type":"ListItem","position":3,"name":"Gamma Butyrolactone (Gbl) V\u00e6ske"}]},{"@type":"WebSite","@id":"https:\/\/gooddealersmeds.com\/da\/#website","url":"https:\/\/gooddealersmeds.com\/da\/","name":"Good Dealers Meds","description":"All our best","publisher":{"@id":"https:\/\/gooddealersmeds.com\/da\/#organization"},"potentialAction":[{"@type":"SearchAction","target":{"@type":"EntryPoint","urlTemplate":"https:\/\/gooddealersmeds.com\/da\/?s={search_term_string}"},"query-input":{"@type":"PropertyValueSpecification","valueRequired":true,"valueName":"search_term_string"}}],"inLanguage":"en-US"},{"@type":"Organization","@id":"https:\/\/gooddealersmeds.com\/da\/#organization","name":"Good Dealers Meds","url":"https:\/\/gooddealersmeds.com\/da\/","logo":{"@type":"ImageObject","inLanguage":"en-US","@id":"https:\/\/gooddealersmeds.com\/da\/#\/schema\/logo\/image\/","url":"https:\/\/gooddealersmeds.com\/da\/wp-content\/uploads\/sites\/2\/2022\/03\/gooddealersmeds__logo__20220317T222800Z.00.png","contentUrl":"https:\/\/gooddealersmeds.com\/da\/wp-content\/uploads\/sites\/2\/2022\/03\/gooddealersmeds__logo__20220317T222800Z.00.png","width":500,"height":325,"caption":"Good Dealers Meds"},"image":{"@id":"https:\/\/gooddealersmeds.com\/da\/#\/schema\/logo\/image\/"}}]}},"_links":{"self":[{"href":"https:\/\/gooddealersmeds.com\/da\/wp-json\/wp\/v2\/product\/2223","targetHints":{"allow":["GET"]}}],"collection":[{"href":"https:\/\/gooddealersmeds.com\/da\/wp-json\/wp\/v2\/product"}],"about":[{"href":"https:\/\/gooddealersmeds.com\/da\/wp-json\/wp\/v2\/types\/product"}],"replies":[{"embeddable":true,"href":"https:\/\/gooddealersmeds.com\/da\/wp-json\/wp\/v2\/comments?post=2223"}],"wp:featuredmedia":[{"embeddable":true,"href":"https:\/\/gooddealersmeds.com\/da\/wp-json\/wp\/v2\/media\/2253"}],"wp:attachment":[{"href":"https:\/\/gooddealersmeds.com\/da\/wp-json\/wp\/v2\/media?parent=2223"}],"wp:term":[{"taxonomy":"product_brand","embeddable":true,"href":"https:\/\/gooddealersmeds.com\/da\/wp-json\/wp\/v2\/product_brand?post=2223"},{"taxonomy":"product_cat","embeddable":true,"href":"https:\/\/gooddealersmeds.com\/da\/wp-json\/wp\/v2\/product_cat?post=2223"},{"taxonomy":"product_tag","embeddable":true,"href":"https:\/\/gooddealersmeds.com\/da\/wp-json\/wp\/v2\/product_tag?post=2223"}],"curies":[{"name":"wp","href":"https:\/\/api.w.org\/{rel}","templated":true}]}}