{"id":2222,"date":"2023-01-08T18:43:17","date_gmt":"2023-01-08T18:43:17","guid":{"rendered":"https:\/\/gooddealersmeds.com\/da\/?post_type=product&#038;p=2222"},"modified":"2023-03-12T01:58:49","modified_gmt":"2023-03-12T01:58:49","slug":"bestil-apaan-alpha-phenylacetoacetonitril-online","status":"publish","type":"product","link":"https:\/\/gooddealersmeds.com\/da\/product\/bestil-apaan-alpha-phenylacetoacetonitril-online\/","title":{"rendered":"Bestil APAAN (Alpha-Phenylacetoacetonitril) Online"},"content":{"rendered":"<h2>K\u00f8b APAAN (alfa-phenylacetoacetonitril) online \u2013 Bestil APAAN online<\/h2>\n<p>Bestil APAAN online. APAAN (ogs\u00e5 kaldet: apane) eller alfa-Phenylacetoacetonitril (engelsk: alpha-Phenylacetoacetonitril) er en organisk forbindelse, der bruges til fremstilling af flere l\u00e6gemidler. APAAN indeholder en nitrilgruppe og en benzenring (phenylgruppe).<\/p>\n<p>Stoffet fungerer som l\u00e6gemiddelprecursor til fremstilling af stoffet phenylacetone (ogs\u00e5 kendt som BMK = benzylmethylketon) og bruges til fremstilling af det stimulerende middel metamfetamin og amfetamin. Der er andre m\u00e5der at fremstille metamfetamin p\u00e5. Det amerikanske udenrigsministerium n\u00e6vner is\u00e6r Holland som et sted, hvor APAAN bruges. [1] Det Europ\u00e6iske Overv\u00e5gningscenter for Narkotika og Narkotikamisbrug (EONN) n\u00e6vner specifikt Polen. K\u00f8b APAAN (<a href=\"https:\/\/nl.wikipedia.org\/wiki\/APAAN\">alpha-phenylacetoacetonitril<\/a>) online<\/p>\n<p>&nbsp;<\/p>\n<p>Normalt er det aldrig sv\u00e6rt at finde noget, der er tilg\u00e6ngeligt for k\u00f8b. Problemet kommer med at k\u00f8be den ting. N\u00e5r det kommer til APAAN, er der s\u00e5 mange leverand\u00f8rer derude, som vil love at s\u00e6lge produktet til dig til en meget overkommelig pris. Du skal dog bem\u00e6rke, at APAAN er et kontrolleret stof i de fleste nationer, og der er ingen m\u00e5de, det vil v\u00e6re s\u00e5 let tilg\u00e6ngeligt. Der er for mange risici involveret, n\u00e5r det kommer til salget af APAAN, og disse kan v\u00e6re svindlere, der fors\u00f8ger at snyde dig for dine h\u00e5rdt tjente penge.<\/p>\n<h3>S\u00e5 hvor f\u00e5r du APAAN til salg?<\/h3>\n<p>En nem m\u00e5de at f\u00e5 APAAN p\u00e5 er at g\u00f8re det fra en onlinebutik. Efterh\u00e5nden som online-forretningen forts\u00e6tter med at vokse, bliver det nemmere at f\u00e5 selv kontrollerede stoffer. Alt du skal g\u00f8re er at finde et godt online firma, der diskret leverer dit produkt. Vi er en s\u00e5dan virksomhed.<\/p>\n<p>Vi har solgt APAAN og andre relaterede stoffer til en meget overkommelig pris. Efter at have v\u00e6ret i forretning i en l\u00e6ngere periode, ved vi pr\u00e6cis, hvad alle vores kunder \u00f8nsker og fortjener. Vi handler alle om kvalitetstjenester og -produkter. Hver gang du k\u00f8ber hos os, f\u00e5r du det bedste.<\/p>\n<p>N\u00e5r det kommer til leveringer, s\u00f8rger vi for, at de er diskrete og s\u00e5 hurtige som muligt. Din pakke afsendes inden for 24 timer efter, at vi har modtaget din betaling, og vi sender den via en hurtig levering, s\u00e5 du modtager din pakke inden for fem dage efter, at vi har afsendt. Du f\u00e5r ogs\u00e5 en e-mail med sporingsnummeret p\u00e5 din pakke. Vi refunderer ogs\u00e5 pakker, der kan blive v\u00e6k undervejs eller \u00f8delagte. Vi kan dog garantere, at disse sager er meget f\u00e5, da vi hver dag bestr\u00e6ber os p\u00e5 at tilbyde dig netop den kvalitetsservice, som du fortjener. N\u00e5r det kommer til forsendelsesgebyrer, vil de inkludere pakke- og ekspeditionsgebyrer samt omkostninger til porto. Bem\u00e6rk, at dit forsendelsesgebyr vil afh\u00e6nge af den m\u00e6ngde, du har bestilt, og destinationen for din pakke.<\/p>\n<p>Vi s\u00f8rger ogs\u00e5 for, at din sikkerhed bliver taget fra. Vi sender diskret og direkte for at sikre, at din pakke ikke kommer i kontakt med nogen. Vi har ogs\u00e5 investeret i den nyeste krypteringsteknologi for at beskytte dine personlige og \u00f8konomiske oplysninger mod enhver hacker.<\/p>\n","protected":false},"excerpt":{"rendered":"<p>Bestil APAAN online, vi er en p\u00e5lidelig og betroet leverand\u00f8r af APAAN, med hurtig levering 100% garanteret &amp; betroet. K\u00f8b billig APAAN online.<\/p>\n","protected":false},"featured_media":2252,"comment_status":"open","ping_status":"closed","template":"","meta":{"inline_featured_image":false},"product_brand":[],"product_cat":[344],"product_tag":[650,652,651,654,655,653],"class_list":{"0":"post-2222","1":"product","2":"type-product","3":"status-publish","4":"has-post-thumbnail","6":"product_cat-forsknings-kemikalier","7":"product_tag-alpha-phenylacetoacetonitril-bulk-pris","8":"product_tag-apaan-engrossalg-online","9":"product_tag-apaan-producenter-online","10":"product_tag-bestil-apaan-til-gode-priser","11":"product_tag-hvor-kan-man-kobe-apaan-online","12":"product_tag-kob-apaan-online","14":"first","15":"instock","16":"shipping-taxable","17":"purchasable","18":"product-type-variable","19":"has-default-attributes"},"yoast_head":"<!-- This site is optimized with the Yoast SEO Premium plugin v20.6 (Yoast SEO v27.4) - https:\/\/yoast.com\/product\/yoast-seo-premium-wordpress\/ -->\n<title>Bestil APAAN online | APAAN til salg | K\u00f8b billigt APAAN<\/title>\n<meta name=\"description\" content=\"Bestil APAAN online, vi er en p\u00e5lidelig og betroet leverand\u00f8r af APAAN, med hurtig levering 100% garanteret og betroet. K\u00f8b billig APAAN online.\" \/>\n<meta name=\"robots\" content=\"index, follow, max-snippet:-1, max-image-preview:large, max-video-preview:-1\" \/>\n<link rel=\"canonical\" href=\"https:\/\/gooddealersmeds.com\/da\/product\/bestil-apaan-alpha-phenylacetoacetonitril-online\/\" \/>\n<meta property=\"og:locale\" content=\"en_US\" \/>\n<meta property=\"og:type\" content=\"article\" \/>\n<meta property=\"og:title\" content=\"Bestil APAAN (Alpha-Phenylacetoacetonitril) Online\" \/>\n<meta property=\"og:description\" content=\"Bestil APAAN online, vi er en p\u00e5lidelig og betroet leverand\u00f8r af APAAN, med hurtig levering 100% garanteret og betroet. K\u00f8b billig APAAN online.\" \/>\n<meta property=\"og:url\" content=\"https:\/\/gooddealersmeds.com\/da\/product\/bestil-apaan-alpha-phenylacetoacetonitril-online\/\" \/>\n<meta property=\"og:site_name\" content=\"Good Dealers Meds\" \/>\n<meta property=\"article:modified_time\" content=\"2023-03-12T01:58:49+00:00\" \/>\n<meta property=\"og:image\" content=\"https:\/\/gooddealersmeds.com\/da\/wp-content\/uploads\/sites\/2\/2023\/01\/apaan.jpg\" \/>\n\t<meta property=\"og:image:width\" content=\"600\" \/>\n\t<meta property=\"og:image:height\" content=\"600\" \/>\n\t<meta property=\"og:image:type\" content=\"image\/jpeg\" \/>\n<meta name=\"twitter:card\" content=\"summary_large_image\" \/>\n<meta name=\"twitter:label1\" content=\"Est. reading time\" \/>\n\t<meta name=\"twitter:data1\" content=\"3 minutes\" \/>\n<script type=\"application\/ld+json\" class=\"yoast-schema-graph\">{\"@context\":\"https:\\\/\\\/schema.org\",\"@graph\":[{\"@type\":\"WebPage\",\"@id\":\"https:\\\/\\\/gooddealersmeds.com\\\/da\\\/product\\\/bestil-apaan-alpha-phenylacetoacetonitril-online\\\/\",\"url\":\"https:\\\/\\\/gooddealersmeds.com\\\/da\\\/product\\\/bestil-apaan-alpha-phenylacetoacetonitril-online\\\/\",\"name\":\"Bestil APAAN online | APAAN til salg | K\u00f8b billigt APAAN\",\"isPartOf\":{\"@id\":\"https:\\\/\\\/gooddealersmeds.com\\\/da\\\/#website\"},\"primaryImageOfPage\":{\"@id\":\"https:\\\/\\\/gooddealersmeds.com\\\/da\\\/product\\\/bestil-apaan-alpha-phenylacetoacetonitril-online\\\/#primaryimage\"},\"image\":{\"@id\":\"https:\\\/\\\/gooddealersmeds.com\\\/da\\\/product\\\/bestil-apaan-alpha-phenylacetoacetonitril-online\\\/#primaryimage\"},\"thumbnailUrl\":\"https:\\\/\\\/gooddealersmeds.com\\\/da\\\/wp-content\\\/uploads\\\/sites\\\/2\\\/2023\\\/01\\\/apaan.jpg\",\"datePublished\":\"2023-01-08T18:43:17+00:00\",\"dateModified\":\"2023-03-12T01:58:49+00:00\",\"description\":\"Bestil APAAN online, vi er en p\u00e5lidelig og betroet leverand\u00f8r af APAAN, med hurtig levering 100% garanteret og betroet. K\u00f8b billig APAAN online.\",\"breadcrumb\":{\"@id\":\"https:\\\/\\\/gooddealersmeds.com\\\/da\\\/product\\\/bestil-apaan-alpha-phenylacetoacetonitril-online\\\/#breadcrumb\"},\"inLanguage\":\"en-US\",\"potentialAction\":[{\"@type\":\"ReadAction\",\"target\":[\"https:\\\/\\\/gooddealersmeds.com\\\/da\\\/product\\\/bestil-apaan-alpha-phenylacetoacetonitril-online\\\/\"]}]},{\"@type\":\"ImageObject\",\"inLanguage\":\"en-US\",\"@id\":\"https:\\\/\\\/gooddealersmeds.com\\\/da\\\/product\\\/bestil-apaan-alpha-phenylacetoacetonitril-online\\\/#primaryimage\",\"url\":\"https:\\\/\\\/gooddealersmeds.com\\\/da\\\/wp-content\\\/uploads\\\/sites\\\/2\\\/2023\\\/01\\\/apaan.jpg\",\"contentUrl\":\"https:\\\/\\\/gooddealersmeds.com\\\/da\\\/wp-content\\\/uploads\\\/sites\\\/2\\\/2023\\\/01\\\/apaan.jpg\",\"width\":600,\"height\":600},{\"@type\":\"BreadcrumbList\",\"@id\":\"https:\\\/\\\/gooddealersmeds.com\\\/da\\\/product\\\/bestil-apaan-alpha-phenylacetoacetonitril-online\\\/#breadcrumb\",\"itemListElement\":[{\"@type\":\"ListItem\",\"position\":1,\"name\":\"Home\",\"item\":\"https:\\\/\\\/gooddealersmeds.com\\\/da\\\/\"},{\"@type\":\"ListItem\",\"position\":2,\"name\":\"Produkter\",\"item\":\"https:\\\/\\\/gooddealersmeds.com\\\/da\\\/produkter\\\/\"},{\"@type\":\"ListItem\",\"position\":3,\"name\":\"Bestil APAAN (Alpha-Phenylacetoacetonitril) Online\"}]},{\"@type\":\"WebSite\",\"@id\":\"https:\\\/\\\/gooddealersmeds.com\\\/da\\\/#website\",\"url\":\"https:\\\/\\\/gooddealersmeds.com\\\/da\\\/\",\"name\":\"Good Dealers Meds\",\"description\":\"All our best\",\"publisher\":{\"@id\":\"https:\\\/\\\/gooddealersmeds.com\\\/da\\\/#organization\"},\"potentialAction\":[{\"@type\":\"SearchAction\",\"target\":{\"@type\":\"EntryPoint\",\"urlTemplate\":\"https:\\\/\\\/gooddealersmeds.com\\\/da\\\/?s={search_term_string}\"},\"query-input\":{\"@type\":\"PropertyValueSpecification\",\"valueRequired\":true,\"valueName\":\"search_term_string\"}}],\"inLanguage\":\"en-US\"},{\"@type\":\"Organization\",\"@id\":\"https:\\\/\\\/gooddealersmeds.com\\\/da\\\/#organization\",\"name\":\"Good Dealers Meds\",\"url\":\"https:\\\/\\\/gooddealersmeds.com\\\/da\\\/\",\"logo\":{\"@type\":\"ImageObject\",\"inLanguage\":\"en-US\",\"@id\":\"https:\\\/\\\/gooddealersmeds.com\\\/da\\\/#\\\/schema\\\/logo\\\/image\\\/\",\"url\":\"https:\\\/\\\/gooddealersmeds.com\\\/da\\\/wp-content\\\/uploads\\\/sites\\\/2\\\/2022\\\/03\\\/gooddealersmeds__logo__20220317T222800Z.00.png\",\"contentUrl\":\"https:\\\/\\\/gooddealersmeds.com\\\/da\\\/wp-content\\\/uploads\\\/sites\\\/2\\\/2022\\\/03\\\/gooddealersmeds__logo__20220317T222800Z.00.png\",\"width\":500,\"height\":325,\"caption\":\"Good Dealers Meds\"},\"image\":{\"@id\":\"https:\\\/\\\/gooddealersmeds.com\\\/da\\\/#\\\/schema\\\/logo\\\/image\\\/\"}}]}<\/script>\n<!-- \/ Yoast SEO Premium plugin. -->","yoast_head_json":{"title":"Bestil APAAN online | APAAN til salg | K\u00f8b billigt APAAN","description":"Bestil APAAN online, vi er en p\u00e5lidelig og betroet leverand\u00f8r af APAAN, med hurtig levering 100% garanteret og betroet. K\u00f8b billig APAAN online.","robots":{"index":"index","follow":"follow","max-snippet":"max-snippet:-1","max-image-preview":"max-image-preview:large","max-video-preview":"max-video-preview:-1"},"canonical":"https:\/\/gooddealersmeds.com\/da\/product\/bestil-apaan-alpha-phenylacetoacetonitril-online\/","og_locale":"en_US","og_type":"article","og_title":"Bestil APAAN (Alpha-Phenylacetoacetonitril) Online","og_description":"Bestil APAAN online, vi er en p\u00e5lidelig og betroet leverand\u00f8r af APAAN, med hurtig levering 100% garanteret og betroet. K\u00f8b billig APAAN online.","og_url":"https:\/\/gooddealersmeds.com\/da\/product\/bestil-apaan-alpha-phenylacetoacetonitril-online\/","og_site_name":"Good Dealers Meds","article_modified_time":"2023-03-12T01:58:49+00:00","og_image":[{"width":600,"height":600,"url":"https:\/\/gooddealersmeds.com\/da\/wp-content\/uploads\/sites\/2\/2023\/01\/apaan.jpg","type":"image\/jpeg"}],"twitter_card":"summary_large_image","twitter_misc":{"Est. reading time":"3 minutes"},"schema":{"@context":"https:\/\/schema.org","@graph":[{"@type":"WebPage","@id":"https:\/\/gooddealersmeds.com\/da\/product\/bestil-apaan-alpha-phenylacetoacetonitril-online\/","url":"https:\/\/gooddealersmeds.com\/da\/product\/bestil-apaan-alpha-phenylacetoacetonitril-online\/","name":"Bestil APAAN online | APAAN til salg | K\u00f8b billigt APAAN","isPartOf":{"@id":"https:\/\/gooddealersmeds.com\/da\/#website"},"primaryImageOfPage":{"@id":"https:\/\/gooddealersmeds.com\/da\/product\/bestil-apaan-alpha-phenylacetoacetonitril-online\/#primaryimage"},"image":{"@id":"https:\/\/gooddealersmeds.com\/da\/product\/bestil-apaan-alpha-phenylacetoacetonitril-online\/#primaryimage"},"thumbnailUrl":"https:\/\/gooddealersmeds.com\/da\/wp-content\/uploads\/sites\/2\/2023\/01\/apaan.jpg","datePublished":"2023-01-08T18:43:17+00:00","dateModified":"2023-03-12T01:58:49+00:00","description":"Bestil APAAN online, vi er en p\u00e5lidelig og betroet leverand\u00f8r af APAAN, med hurtig levering 100% garanteret og betroet. K\u00f8b billig APAAN online.","breadcrumb":{"@id":"https:\/\/gooddealersmeds.com\/da\/product\/bestil-apaan-alpha-phenylacetoacetonitril-online\/#breadcrumb"},"inLanguage":"en-US","potentialAction":[{"@type":"ReadAction","target":["https:\/\/gooddealersmeds.com\/da\/product\/bestil-apaan-alpha-phenylacetoacetonitril-online\/"]}]},{"@type":"ImageObject","inLanguage":"en-US","@id":"https:\/\/gooddealersmeds.com\/da\/product\/bestil-apaan-alpha-phenylacetoacetonitril-online\/#primaryimage","url":"https:\/\/gooddealersmeds.com\/da\/wp-content\/uploads\/sites\/2\/2023\/01\/apaan.jpg","contentUrl":"https:\/\/gooddealersmeds.com\/da\/wp-content\/uploads\/sites\/2\/2023\/01\/apaan.jpg","width":600,"height":600},{"@type":"BreadcrumbList","@id":"https:\/\/gooddealersmeds.com\/da\/product\/bestil-apaan-alpha-phenylacetoacetonitril-online\/#breadcrumb","itemListElement":[{"@type":"ListItem","position":1,"name":"Home","item":"https:\/\/gooddealersmeds.com\/da\/"},{"@type":"ListItem","position":2,"name":"Produkter","item":"https:\/\/gooddealersmeds.com\/da\/produkter\/"},{"@type":"ListItem","position":3,"name":"Bestil APAAN (Alpha-Phenylacetoacetonitril) Online"}]},{"@type":"WebSite","@id":"https:\/\/gooddealersmeds.com\/da\/#website","url":"https:\/\/gooddealersmeds.com\/da\/","name":"Good Dealers Meds","description":"All our best","publisher":{"@id":"https:\/\/gooddealersmeds.com\/da\/#organization"},"potentialAction":[{"@type":"SearchAction","target":{"@type":"EntryPoint","urlTemplate":"https:\/\/gooddealersmeds.com\/da\/?s={search_term_string}"},"query-input":{"@type":"PropertyValueSpecification","valueRequired":true,"valueName":"search_term_string"}}],"inLanguage":"en-US"},{"@type":"Organization","@id":"https:\/\/gooddealersmeds.com\/da\/#organization","name":"Good Dealers Meds","url":"https:\/\/gooddealersmeds.com\/da\/","logo":{"@type":"ImageObject","inLanguage":"en-US","@id":"https:\/\/gooddealersmeds.com\/da\/#\/schema\/logo\/image\/","url":"https:\/\/gooddealersmeds.com\/da\/wp-content\/uploads\/sites\/2\/2022\/03\/gooddealersmeds__logo__20220317T222800Z.00.png","contentUrl":"https:\/\/gooddealersmeds.com\/da\/wp-content\/uploads\/sites\/2\/2022\/03\/gooddealersmeds__logo__20220317T222800Z.00.png","width":500,"height":325,"caption":"Good Dealers Meds"},"image":{"@id":"https:\/\/gooddealersmeds.com\/da\/#\/schema\/logo\/image\/"}}]}},"_links":{"self":[{"href":"https:\/\/gooddealersmeds.com\/da\/wp-json\/wp\/v2\/product\/2222","targetHints":{"allow":["GET"]}}],"collection":[{"href":"https:\/\/gooddealersmeds.com\/da\/wp-json\/wp\/v2\/product"}],"about":[{"href":"https:\/\/gooddealersmeds.com\/da\/wp-json\/wp\/v2\/types\/product"}],"replies":[{"embeddable":true,"href":"https:\/\/gooddealersmeds.com\/da\/wp-json\/wp\/v2\/comments?post=2222"}],"wp:featuredmedia":[{"embeddable":true,"href":"https:\/\/gooddealersmeds.com\/da\/wp-json\/wp\/v2\/media\/2252"}],"wp:attachment":[{"href":"https:\/\/gooddealersmeds.com\/da\/wp-json\/wp\/v2\/media?parent=2222"}],"wp:term":[{"taxonomy":"product_brand","embeddable":true,"href":"https:\/\/gooddealersmeds.com\/da\/wp-json\/wp\/v2\/product_brand?post=2222"},{"taxonomy":"product_cat","embeddable":true,"href":"https:\/\/gooddealersmeds.com\/da\/wp-json\/wp\/v2\/product_cat?post=2222"},{"taxonomy":"product_tag","embeddable":true,"href":"https:\/\/gooddealersmeds.com\/da\/wp-json\/wp\/v2\/product_tag?post=2222"}],"curies":[{"name":"wp","href":"https:\/\/api.w.org\/{rel}","templated":true}]}}