{"id":2221,"date":"2023-01-08T18:43:17","date_gmt":"2023-01-08T18:43:17","guid":{"rendered":"https:\/\/gooddealersmeds.com\/da\/?post_type=product&#038;p=2221"},"modified":"2023-03-12T02:18:21","modified_gmt":"2023-03-12T02:18:21","slug":"phenylacetone-vaeske-til-salg","status":"publish","type":"product","link":"https:\/\/gooddealersmeds.com\/da\/product\/phenylacetone-vaeske-til-salg\/","title":{"rendered":"Phenylacetone v\u00e6ske til salg"},"content":{"rendered":"<h2><strong>K\u00f8b Phenylacetone online \u2013 Phenylacetone V\u00e6ske Til salg<\/strong><\/h2>\n<p>Benzyl Methyl Ketone (<a href=\"https:\/\/gooddealersmeds.com\/da\/product\/phenylacetone-vaeske-til-salg\/\">Phenylacetone<\/a>) er en organisk forbindelse med den kemiske formel C6H5CH2COCH3. Phenylacetone v\u00e6ske til salg, ogs\u00e5 det er en farvel\u00f8s olie, der er opl\u00f8selig i organiske opl\u00f8sningsmidler. Desuden bruges dette stof til fremstilling af metamfetamin og amfetamin, hvor det almindeligvis er kendt som\u00a0<a href=\"https:\/\/en.wikipedia.org\/wiki\/Phenylacetone\">P2P<\/a>. Ogs\u00e5 den mest popul\u00e6re forl\u00f8ber for amfetamin og metamfetamin er phenyl-2-propanon eller phenylacetone. Der er ogs\u00e5 en forbl\u00f8ffende r\u00e6kke af syntetiske ruter til denne forbindelse, b\u00e5de p\u00e5 grund af den relativt enkle struktur af forbindelsen, og ogs\u00e5 p\u00e5 grund af dens popularitet. Endelig kan mange af synteserne ogs\u00e5 tilpasses til at producere substituerede phenyl-2-propanoner, s\u00e5som den altid popul\u00e6re MDMA-precursor MDP2P (3,4-methylendioxyphenyl-2-propanon) ved at bruge udgangsmaterialer med de \u00f8nskelige aromatiske substituenter.<\/p>\n<p>Hvor kan jeg k\u00f8be Phenylacetone<br \/>\nk\u00f8b Phenylacetone online<br \/>\nPhenylacetone k\u00f8b her<br \/>\nPhenylacetone i n\u00e6rheden af mig<br \/>\nPhenylacetone hvor man kan bestille<br \/>\nPhenylacetone distribut\u00f8r<br \/>\ner phenylacetone lovligt<br \/>\nLegit Phenylacetone leverand\u00f8r<\/p>\n<p>&nbsp;<\/p>\n<p>Vi er medvirkende til at give vores v\u00e6rdifulde kunder phenylacetone af fremragende kvalitet, som er tilg\u00e6ngelig med f\u00f8lgende specifikationer: &#8211;<br \/>\nCAS:103-79-7<br \/>\nMolekylformel: C9H10O<br \/>\nFormelv\u00e6gt: 134,18<\/p>\n<p>&nbsp;<\/p>\n<p>Da 2-nitro-1-phenylpropan blev behandlet med kaninlevermikrosomer, blev det opdaget, at phenylacetone var den prim\u00e6re metabolit, der blev produceret. Stigningen i produkt med mikrosomalt protein og afh\u00e6ngighed af NADPH og oxygen tjente som bevis p\u00e5, at processen var enzymatisk. Derudover \u00f8gede phenobarbital-induktion betydeligt phenylacetoneproduktionen. Processen blev h\u00e6mmet af carbonmonoxid, hvilket indikerer tilstedev\u00e6relsen af et metalloenzym. H2(18)O-fors\u00f8g viste, at carbonyloxygen kom fra vand. Det antages, at en enzymatisk proces g\u00e5r forud for kemisk hydrolyse af et mellemprodukt, sandsynligvis en sekund\u00e6r nitronsyre, i den mikrosomale metabolisme af 2-nitro-1-phenylpropan.<\/p>\n","protected":false},"excerpt":{"rendered":"<p>Vi er de bedste leverand\u00f8rer af Phenylacetone til en overkommelig pris og garanterer levering. Bestil den bedste kvalitet, Phenylacetone Liquid til salg.<\/p>\n","protected":false},"featured_media":2251,"comment_status":"open","ping_status":"closed","template":"","meta":{"inline_featured_image":false},"product_brand":[],"product_cat":[344],"product_tag":[662,671,673,672,659,660,661,179,656,658,657,665,629,664,667,669,663,668,670,666],"class_list":{"0":"post-2221","1":"product","2":"type-product","3":"status-publish","4":"has-post-thumbnail","6":"product_cat-forsknings-kemikalier","7":"product_tag-bestil-phenylacetone-online","8":"product_tag-hvad-er-phenylacetone","9":"product_tag-hvor-kan-jeg-bestille-phenylacetone","10":"product_tag-hvor-kan-jeg-kobe-phenylacetone","11":"product_tag-hvordan-man-far-phenylacetone","12":"product_tag-hvordan-man-laver-phenylacetone","13":"product_tag-hvordan-man-tilbereder-phenylacetone","14":"product_tag-kb","15":"product_tag-kob-phenylacetone","16":"product_tag-kob-phenylacetone-flydende","17":"product_tag-kob-phenylacetone-krystal","18":"product_tag-leverandor","19":"product_tag-p2p","20":"product_tag-phenylacetone","21":"product_tag-phenylacetone-flydende-til-salg","22":"product_tag-phenylacetone-leverandorer","23":"product_tag-phenylacetone-og-methylamin","24":"product_tag-phenylacetone-pris","25":"product_tag-phenylacetone-til-meth","26":"product_tag-salylacetone-phenylacetone-flydende","28":"first","29":"instock","30":"shipping-taxable","31":"purchasable","32":"product-type-variable","33":"has-default-attributes"},"yoast_head":"<!-- This site is optimized with the Yoast SEO Premium plugin v20.6 (Yoast SEO v27.3) - https:\/\/yoast.com\/product\/yoast-seo-premium-wordpress\/ -->\n<title>Phenylacetone v\u00e6ske til salg | Phenylacetone | K\u00f8b Phenylacetone her<\/title>\n<meta name=\"description\" content=\"Vi er de bedste leverand\u00f8rer af Phenylacetone til en overkommelig pris og garanterer levering. Bestil den bedste kvalitet, Phenylacetone v\u00e6ske til salg.\" \/>\n<meta name=\"robots\" content=\"index, follow, max-snippet:-1, max-image-preview:large, max-video-preview:-1\" \/>\n<link rel=\"canonical\" href=\"https:\/\/gooddealersmeds.com\/da\/product\/phenylacetone-vaeske-til-salg\/\" \/>\n<meta property=\"og:locale\" content=\"en_US\" \/>\n<meta property=\"og:type\" content=\"article\" \/>\n<meta property=\"og:title\" content=\"Phenylacetone v\u00e6ske til salg\" \/>\n<meta property=\"og:description\" content=\"Vi er de bedste leverand\u00f8rer af Phenylacetone til en overkommelig pris og garanterer levering. Bestil den bedste kvalitet, Phenylacetone v\u00e6ske til salg.\" \/>\n<meta property=\"og:url\" content=\"https:\/\/gooddealersmeds.com\/da\/product\/phenylacetone-vaeske-til-salg\/\" \/>\n<meta property=\"og:site_name\" content=\"Good Dealers Meds\" \/>\n<meta property=\"article:modified_time\" content=\"2023-03-12T02:18:21+00:00\" \/>\n<meta property=\"og:image\" content=\"https:\/\/gooddealersmeds.com\/da\/wp-content\/uploads\/sites\/2\/2023\/01\/Phenylacetone-Liquid.jpg\" \/>\n\t<meta property=\"og:image:width\" content=\"600\" \/>\n\t<meta property=\"og:image:height\" content=\"600\" \/>\n\t<meta property=\"og:image:type\" content=\"image\/jpeg\" \/>\n<meta name=\"twitter:card\" content=\"summary_large_image\" \/>\n<meta name=\"twitter:label1\" content=\"Est. reading time\" \/>\n\t<meta name=\"twitter:data1\" content=\"2 minutes\" \/>\n<script type=\"application\/ld+json\" class=\"yoast-schema-graph\">{\"@context\":\"https:\\\/\\\/schema.org\",\"@graph\":[{\"@type\":\"WebPage\",\"@id\":\"https:\\\/\\\/gooddealersmeds.com\\\/da\\\/product\\\/phenylacetone-vaeske-til-salg\\\/\",\"url\":\"https:\\\/\\\/gooddealersmeds.com\\\/da\\\/product\\\/phenylacetone-vaeske-til-salg\\\/\",\"name\":\"Phenylacetone v\u00e6ske til salg | Phenylacetone | K\u00f8b Phenylacetone her\",\"isPartOf\":{\"@id\":\"https:\\\/\\\/gooddealersmeds.com\\\/da\\\/#website\"},\"primaryImageOfPage\":{\"@id\":\"https:\\\/\\\/gooddealersmeds.com\\\/da\\\/product\\\/phenylacetone-vaeske-til-salg\\\/#primaryimage\"},\"image\":{\"@id\":\"https:\\\/\\\/gooddealersmeds.com\\\/da\\\/product\\\/phenylacetone-vaeske-til-salg\\\/#primaryimage\"},\"thumbnailUrl\":\"https:\\\/\\\/gooddealersmeds.com\\\/da\\\/wp-content\\\/uploads\\\/sites\\\/2\\\/2023\\\/01\\\/Phenylacetone-Liquid.jpg\",\"datePublished\":\"2023-01-08T18:43:17+00:00\",\"dateModified\":\"2023-03-12T02:18:21+00:00\",\"description\":\"Vi er de bedste leverand\u00f8rer af Phenylacetone til en overkommelig pris og garanterer levering. Bestil den bedste kvalitet, Phenylacetone v\u00e6ske til salg.\",\"breadcrumb\":{\"@id\":\"https:\\\/\\\/gooddealersmeds.com\\\/da\\\/product\\\/phenylacetone-vaeske-til-salg\\\/#breadcrumb\"},\"inLanguage\":\"en-US\",\"potentialAction\":[{\"@type\":\"ReadAction\",\"target\":[\"https:\\\/\\\/gooddealersmeds.com\\\/da\\\/product\\\/phenylacetone-vaeske-til-salg\\\/\"]}]},{\"@type\":\"ImageObject\",\"inLanguage\":\"en-US\",\"@id\":\"https:\\\/\\\/gooddealersmeds.com\\\/da\\\/product\\\/phenylacetone-vaeske-til-salg\\\/#primaryimage\",\"url\":\"https:\\\/\\\/gooddealersmeds.com\\\/da\\\/wp-content\\\/uploads\\\/sites\\\/2\\\/2023\\\/01\\\/Phenylacetone-Liquid.jpg\",\"contentUrl\":\"https:\\\/\\\/gooddealersmeds.com\\\/da\\\/wp-content\\\/uploads\\\/sites\\\/2\\\/2023\\\/01\\\/Phenylacetone-Liquid.jpg\",\"width\":600,\"height\":600},{\"@type\":\"BreadcrumbList\",\"@id\":\"https:\\\/\\\/gooddealersmeds.com\\\/da\\\/product\\\/phenylacetone-vaeske-til-salg\\\/#breadcrumb\",\"itemListElement\":[{\"@type\":\"ListItem\",\"position\":1,\"name\":\"Home\",\"item\":\"https:\\\/\\\/gooddealersmeds.com\\\/da\\\/\"},{\"@type\":\"ListItem\",\"position\":2,\"name\":\"Produkter\",\"item\":\"https:\\\/\\\/gooddealersmeds.com\\\/da\\\/produkter\\\/\"},{\"@type\":\"ListItem\",\"position\":3,\"name\":\"Phenylacetone v\u00e6ske til salg\"}]},{\"@type\":\"WebSite\",\"@id\":\"https:\\\/\\\/gooddealersmeds.com\\\/da\\\/#website\",\"url\":\"https:\\\/\\\/gooddealersmeds.com\\\/da\\\/\",\"name\":\"Good Dealers Meds\",\"description\":\"All our best\",\"publisher\":{\"@id\":\"https:\\\/\\\/gooddealersmeds.com\\\/da\\\/#organization\"},\"potentialAction\":[{\"@type\":\"SearchAction\",\"target\":{\"@type\":\"EntryPoint\",\"urlTemplate\":\"https:\\\/\\\/gooddealersmeds.com\\\/da\\\/?s={search_term_string}\"},\"query-input\":{\"@type\":\"PropertyValueSpecification\",\"valueRequired\":true,\"valueName\":\"search_term_string\"}}],\"inLanguage\":\"en-US\"},{\"@type\":\"Organization\",\"@id\":\"https:\\\/\\\/gooddealersmeds.com\\\/da\\\/#organization\",\"name\":\"Good Dealers Meds\",\"url\":\"https:\\\/\\\/gooddealersmeds.com\\\/da\\\/\",\"logo\":{\"@type\":\"ImageObject\",\"inLanguage\":\"en-US\",\"@id\":\"https:\\\/\\\/gooddealersmeds.com\\\/da\\\/#\\\/schema\\\/logo\\\/image\\\/\",\"url\":\"https:\\\/\\\/gooddealersmeds.com\\\/da\\\/wp-content\\\/uploads\\\/sites\\\/2\\\/2022\\\/03\\\/gooddealersmeds__logo__20220317T222800Z.00.png\",\"contentUrl\":\"https:\\\/\\\/gooddealersmeds.com\\\/da\\\/wp-content\\\/uploads\\\/sites\\\/2\\\/2022\\\/03\\\/gooddealersmeds__logo__20220317T222800Z.00.png\",\"width\":500,\"height\":325,\"caption\":\"Good Dealers Meds\"},\"image\":{\"@id\":\"https:\\\/\\\/gooddealersmeds.com\\\/da\\\/#\\\/schema\\\/logo\\\/image\\\/\"}}]}<\/script>\n<!-- \/ Yoast SEO Premium plugin. -->","yoast_head_json":{"title":"Phenylacetone v\u00e6ske til salg | Phenylacetone | K\u00f8b Phenylacetone her","description":"Vi er de bedste leverand\u00f8rer af Phenylacetone til en overkommelig pris og garanterer levering. Bestil den bedste kvalitet, Phenylacetone v\u00e6ske til salg.","robots":{"index":"index","follow":"follow","max-snippet":"max-snippet:-1","max-image-preview":"max-image-preview:large","max-video-preview":"max-video-preview:-1"},"canonical":"https:\/\/gooddealersmeds.com\/da\/product\/phenylacetone-vaeske-til-salg\/","og_locale":"en_US","og_type":"article","og_title":"Phenylacetone v\u00e6ske til salg","og_description":"Vi er de bedste leverand\u00f8rer af Phenylacetone til en overkommelig pris og garanterer levering. Bestil den bedste kvalitet, Phenylacetone v\u00e6ske til salg.","og_url":"https:\/\/gooddealersmeds.com\/da\/product\/phenylacetone-vaeske-til-salg\/","og_site_name":"Good Dealers Meds","article_modified_time":"2023-03-12T02:18:21+00:00","og_image":[{"width":600,"height":600,"url":"https:\/\/gooddealersmeds.com\/da\/wp-content\/uploads\/sites\/2\/2023\/01\/Phenylacetone-Liquid.jpg","type":"image\/jpeg"}],"twitter_card":"summary_large_image","twitter_misc":{"Est. reading time":"2 minutes"},"schema":{"@context":"https:\/\/schema.org","@graph":[{"@type":"WebPage","@id":"https:\/\/gooddealersmeds.com\/da\/product\/phenylacetone-vaeske-til-salg\/","url":"https:\/\/gooddealersmeds.com\/da\/product\/phenylacetone-vaeske-til-salg\/","name":"Phenylacetone v\u00e6ske til salg | Phenylacetone | K\u00f8b Phenylacetone her","isPartOf":{"@id":"https:\/\/gooddealersmeds.com\/da\/#website"},"primaryImageOfPage":{"@id":"https:\/\/gooddealersmeds.com\/da\/product\/phenylacetone-vaeske-til-salg\/#primaryimage"},"image":{"@id":"https:\/\/gooddealersmeds.com\/da\/product\/phenylacetone-vaeske-til-salg\/#primaryimage"},"thumbnailUrl":"https:\/\/gooddealersmeds.com\/da\/wp-content\/uploads\/sites\/2\/2023\/01\/Phenylacetone-Liquid.jpg","datePublished":"2023-01-08T18:43:17+00:00","dateModified":"2023-03-12T02:18:21+00:00","description":"Vi er de bedste leverand\u00f8rer af Phenylacetone til en overkommelig pris og garanterer levering. Bestil den bedste kvalitet, Phenylacetone v\u00e6ske til salg.","breadcrumb":{"@id":"https:\/\/gooddealersmeds.com\/da\/product\/phenylacetone-vaeske-til-salg\/#breadcrumb"},"inLanguage":"en-US","potentialAction":[{"@type":"ReadAction","target":["https:\/\/gooddealersmeds.com\/da\/product\/phenylacetone-vaeske-til-salg\/"]}]},{"@type":"ImageObject","inLanguage":"en-US","@id":"https:\/\/gooddealersmeds.com\/da\/product\/phenylacetone-vaeske-til-salg\/#primaryimage","url":"https:\/\/gooddealersmeds.com\/da\/wp-content\/uploads\/sites\/2\/2023\/01\/Phenylacetone-Liquid.jpg","contentUrl":"https:\/\/gooddealersmeds.com\/da\/wp-content\/uploads\/sites\/2\/2023\/01\/Phenylacetone-Liquid.jpg","width":600,"height":600},{"@type":"BreadcrumbList","@id":"https:\/\/gooddealersmeds.com\/da\/product\/phenylacetone-vaeske-til-salg\/#breadcrumb","itemListElement":[{"@type":"ListItem","position":1,"name":"Home","item":"https:\/\/gooddealersmeds.com\/da\/"},{"@type":"ListItem","position":2,"name":"Produkter","item":"https:\/\/gooddealersmeds.com\/da\/produkter\/"},{"@type":"ListItem","position":3,"name":"Phenylacetone v\u00e6ske til salg"}]},{"@type":"WebSite","@id":"https:\/\/gooddealersmeds.com\/da\/#website","url":"https:\/\/gooddealersmeds.com\/da\/","name":"Good Dealers Meds","description":"All our best","publisher":{"@id":"https:\/\/gooddealersmeds.com\/da\/#organization"},"potentialAction":[{"@type":"SearchAction","target":{"@type":"EntryPoint","urlTemplate":"https:\/\/gooddealersmeds.com\/da\/?s={search_term_string}"},"query-input":{"@type":"PropertyValueSpecification","valueRequired":true,"valueName":"search_term_string"}}],"inLanguage":"en-US"},{"@type":"Organization","@id":"https:\/\/gooddealersmeds.com\/da\/#organization","name":"Good Dealers Meds","url":"https:\/\/gooddealersmeds.com\/da\/","logo":{"@type":"ImageObject","inLanguage":"en-US","@id":"https:\/\/gooddealersmeds.com\/da\/#\/schema\/logo\/image\/","url":"https:\/\/gooddealersmeds.com\/da\/wp-content\/uploads\/sites\/2\/2022\/03\/gooddealersmeds__logo__20220317T222800Z.00.png","contentUrl":"https:\/\/gooddealersmeds.com\/da\/wp-content\/uploads\/sites\/2\/2022\/03\/gooddealersmeds__logo__20220317T222800Z.00.png","width":500,"height":325,"caption":"Good Dealers Meds"},"image":{"@id":"https:\/\/gooddealersmeds.com\/da\/#\/schema\/logo\/image\/"}}]}},"_links":{"self":[{"href":"https:\/\/gooddealersmeds.com\/da\/wp-json\/wp\/v2\/product\/2221","targetHints":{"allow":["GET"]}}],"collection":[{"href":"https:\/\/gooddealersmeds.com\/da\/wp-json\/wp\/v2\/product"}],"about":[{"href":"https:\/\/gooddealersmeds.com\/da\/wp-json\/wp\/v2\/types\/product"}],"replies":[{"embeddable":true,"href":"https:\/\/gooddealersmeds.com\/da\/wp-json\/wp\/v2\/comments?post=2221"}],"wp:featuredmedia":[{"embeddable":true,"href":"https:\/\/gooddealersmeds.com\/da\/wp-json\/wp\/v2\/media\/2251"}],"wp:attachment":[{"href":"https:\/\/gooddealersmeds.com\/da\/wp-json\/wp\/v2\/media?parent=2221"}],"wp:term":[{"taxonomy":"product_brand","embeddable":true,"href":"https:\/\/gooddealersmeds.com\/da\/wp-json\/wp\/v2\/product_brand?post=2221"},{"taxonomy":"product_cat","embeddable":true,"href":"https:\/\/gooddealersmeds.com\/da\/wp-json\/wp\/v2\/product_cat?post=2221"},{"taxonomy":"product_tag","embeddable":true,"href":"https:\/\/gooddealersmeds.com\/da\/wp-json\/wp\/v2\/product_tag?post=2221"}],"curies":[{"name":"wp","href":"https:\/\/api.w.org\/{rel}","templated":true}]}}