{"id":2220,"date":"2023-01-08T18:43:17","date_gmt":"2023-01-08T18:43:17","guid":{"rendered":"https:\/\/gooddealersmeds.com\/da\/?post_type=product&#038;p=2220"},"modified":"2023-03-12T02:14:52","modified_gmt":"2023-03-12T02:14:52","slug":"kob-pmk-piperonyl-methyl-keton-olie","status":"publish","type":"product","link":"https:\/\/gooddealersmeds.com\/da\/product\/kob-pmk-piperonyl-methyl-keton-olie\/","title":{"rendered":"K\u00f8b PMK (Piperonyl Methyl Ketone) olie"},"content":{"rendered":"<h2><strong>K\u00f8b <\/strong><strong>PMK (Piperonyl Methyl Ketone) olie online<\/strong><\/h2>\n<p>K\u00f8b\u00a0PMK (<a href=\"https:\/\/gooddealersmeds.com\/da\/product\/kob-pmk-piperonyl-methyl-keton-olie\/\">Piperonyl Methyl Ketone<\/a>) olie online. 3,4-Methylendioxyphenylpropan-2-on eller piperonylmethylketon (MDP2P eller PMK) er en kemisk forbindelse best\u00e5ende af en phenylacetonedel substitueret med en funktionel methylendioxygruppe. Det syntetiseres normalt enten fra safrol (i mods\u00e6tning til 3-[3,4-(methylendioxy)phenyl]-2-propen) eller fra isosaphrolisomeren ved oxidation ved hj\u00e6lp af Wacker-oxidationsmetoden eller peroxysyreoxidation. MDP2P er ustabil ved stuetemperatur og b\u00f8r placeres i fryseren for korrekt opbevaring.<\/p>\n<p>MDP2P er en forl\u00f8ber i den kemiske syntese af <a href=\"https:\/\/en.wikipedia.org\/wiki\/3,4-Methylenedioxyphenylpropan-2-one\">methylendioxyphenethylamin<\/a> (MDxx) klassen af forbindelser, hvor et klassisk eksempel er 3,4-methylendioxy-N-methylamphetamin (MDMA), og er ogs\u00e5 et mellemprodukt mellem MDxx-familien og de mere fjerne precursor, safrol eller isosaphrol. P\u00e5 grund af dets tildelinger til kemikalieklasserne MDxx, MDP2P samt safrol og isosaphrol er det opf\u00f8rt p\u00e5 Schedule I-kemikalier under United States Drug Administration&#8217;s Controlled Substances Act (USAA), der styrer kemikalier og kemikalieloven. Menneskehandel (CDTA). Det betragtes ogs\u00e5 som et kategori 1-udgangsmateriale i Den Europ\u00e6iske Union.<\/p>\n<p>&nbsp;<\/p>\n<p>3,4-methylendioxyphenylpropan-2-on<br \/>\nPMK<br \/>\nMDP2P<br \/>\nNSC 16688<br \/>\nPVI-2<\/p>\n<h3>Hvor kan du bestille PMK?<\/h3>\n<p>Er du lige v\u00e5gnet m\u00e5ske om natten, og dit sind blev henrykt af en god tanke: &#8220;kan jeg lave min egen molly\/ecstasy? Det kan du godt, men det er sv\u00e6rt, end du tror. Du har brug for visse pr\u00e6kursorer s\u00e5som PMK for at g\u00f8re det. Eller vil du m\u00e5ske ikke have, at PMK laver MDMA? Du vil have det til forskningsform\u00e5l eller s\u00e5dan noget. Hvor kan man k\u00f8be det? Eller hvor f\u00e5r du PMK?<\/p>\n","protected":false},"excerpt":{"rendered":"<p>K\u00f8b PMK Oil Online, Vi er en p\u00e5lidelig og betroet leverand\u00f8r af PMK (Piperonyl Methyl Ketone) Oil, med hurtig levering 100% garanteret &amp; betroet.<\/p>\n","protected":false},"featured_media":2250,"comment_status":"open","ping_status":"closed","template":"","meta":{"inline_featured_image":false},"product_brand":[],"product_cat":[344],"product_tag":[],"class_list":{"0":"post-2220","1":"product","2":"type-product","3":"status-publish","4":"has-post-thumbnail","6":"product_cat-forsknings-kemikalier","8":"first","9":"instock","10":"shipping-taxable","11":"purchasable","12":"product-type-variable","13":"has-default-attributes"},"yoast_head":"<!-- This site is optimized with the Yoast SEO Premium plugin v20.6 (Yoast SEO v27.4) - https:\/\/yoast.com\/product\/yoast-seo-premium-wordpress\/ -->\n<title>K\u00f8b PMK Olie Online | Bestil PMK (Piperonyl Methyl Ketone) | PMK olie<\/title>\n<meta name=\"description\" content=\"K\u00f8b PMK olie Online, Vi er en p\u00e5lidelig og betroet leverand\u00f8r af PMK (Piperonyl Methyl Ketone) olie, med hurtig levering 100% garanteret og betroet.\" \/>\n<meta name=\"robots\" content=\"index, follow, max-snippet:-1, max-image-preview:large, max-video-preview:-1\" \/>\n<link rel=\"canonical\" href=\"https:\/\/gooddealersmeds.com\/da\/product\/kob-pmk-piperonyl-methyl-keton-olie\/\" \/>\n<meta property=\"og:locale\" content=\"en_US\" \/>\n<meta property=\"og:type\" content=\"article\" \/>\n<meta property=\"og:title\" content=\"K\u00f8b PMK (Piperonyl Methyl Ketone) olie\" \/>\n<meta property=\"og:description\" content=\"K\u00f8b PMK olie Online, Vi er en p\u00e5lidelig og betroet leverand\u00f8r af PMK (Piperonyl Methyl Ketone) olie, med hurtig levering 100% garanteret og betroet.\" \/>\n<meta property=\"og:url\" content=\"https:\/\/gooddealersmeds.com\/da\/product\/kob-pmk-piperonyl-methyl-keton-olie\/\" \/>\n<meta property=\"og:site_name\" content=\"Good Dealers Meds\" \/>\n<meta property=\"article:modified_time\" content=\"2023-03-12T02:14:52+00:00\" \/>\n<meta property=\"og:image\" content=\"https:\/\/gooddealersmeds.com\/da\/wp-content\/uploads\/sites\/2\/2023\/01\/PMK-Piperonyl-Methyl-Ketone-Oil-1.jpg\" \/>\n\t<meta property=\"og:image:width\" content=\"600\" \/>\n\t<meta property=\"og:image:height\" content=\"600\" \/>\n\t<meta property=\"og:image:type\" content=\"image\/jpeg\" \/>\n<meta name=\"twitter:card\" content=\"summary_large_image\" \/>\n<meta name=\"twitter:label1\" content=\"Est. reading time\" \/>\n\t<meta name=\"twitter:data1\" content=\"1 minute\" \/>\n<script type=\"application\/ld+json\" class=\"yoast-schema-graph\">{\"@context\":\"https:\\\/\\\/schema.org\",\"@graph\":[{\"@type\":\"WebPage\",\"@id\":\"https:\\\/\\\/gooddealersmeds.com\\\/da\\\/product\\\/kob-pmk-piperonyl-methyl-keton-olie\\\/\",\"url\":\"https:\\\/\\\/gooddealersmeds.com\\\/da\\\/product\\\/kob-pmk-piperonyl-methyl-keton-olie\\\/\",\"name\":\"K\u00f8b PMK Olie Online | Bestil PMK (Piperonyl Methyl Ketone) | PMK olie\",\"isPartOf\":{\"@id\":\"https:\\\/\\\/gooddealersmeds.com\\\/da\\\/#website\"},\"primaryImageOfPage\":{\"@id\":\"https:\\\/\\\/gooddealersmeds.com\\\/da\\\/product\\\/kob-pmk-piperonyl-methyl-keton-olie\\\/#primaryimage\"},\"image\":{\"@id\":\"https:\\\/\\\/gooddealersmeds.com\\\/da\\\/product\\\/kob-pmk-piperonyl-methyl-keton-olie\\\/#primaryimage\"},\"thumbnailUrl\":\"https:\\\/\\\/gooddealersmeds.com\\\/da\\\/wp-content\\\/uploads\\\/sites\\\/2\\\/2023\\\/01\\\/PMK-Piperonyl-Methyl-Ketone-Oil-1.jpg\",\"datePublished\":\"2023-01-08T18:43:17+00:00\",\"dateModified\":\"2023-03-12T02:14:52+00:00\",\"description\":\"K\u00f8b PMK olie Online, Vi er en p\u00e5lidelig og betroet leverand\u00f8r af PMK (Piperonyl Methyl Ketone) olie, med hurtig levering 100% garanteret og betroet.\",\"breadcrumb\":{\"@id\":\"https:\\\/\\\/gooddealersmeds.com\\\/da\\\/product\\\/kob-pmk-piperonyl-methyl-keton-olie\\\/#breadcrumb\"},\"inLanguage\":\"en-US\",\"potentialAction\":[{\"@type\":\"ReadAction\",\"target\":[\"https:\\\/\\\/gooddealersmeds.com\\\/da\\\/product\\\/kob-pmk-piperonyl-methyl-keton-olie\\\/\"]}]},{\"@type\":\"ImageObject\",\"inLanguage\":\"en-US\",\"@id\":\"https:\\\/\\\/gooddealersmeds.com\\\/da\\\/product\\\/kob-pmk-piperonyl-methyl-keton-olie\\\/#primaryimage\",\"url\":\"https:\\\/\\\/gooddealersmeds.com\\\/da\\\/wp-content\\\/uploads\\\/sites\\\/2\\\/2023\\\/01\\\/PMK-Piperonyl-Methyl-Ketone-Oil-1.jpg\",\"contentUrl\":\"https:\\\/\\\/gooddealersmeds.com\\\/da\\\/wp-content\\\/uploads\\\/sites\\\/2\\\/2023\\\/01\\\/PMK-Piperonyl-Methyl-Ketone-Oil-1.jpg\",\"width\":600,\"height\":600},{\"@type\":\"BreadcrumbList\",\"@id\":\"https:\\\/\\\/gooddealersmeds.com\\\/da\\\/product\\\/kob-pmk-piperonyl-methyl-keton-olie\\\/#breadcrumb\",\"itemListElement\":[{\"@type\":\"ListItem\",\"position\":1,\"name\":\"Home\",\"item\":\"https:\\\/\\\/gooddealersmeds.com\\\/da\\\/\"},{\"@type\":\"ListItem\",\"position\":2,\"name\":\"Produkter\",\"item\":\"https:\\\/\\\/gooddealersmeds.com\\\/da\\\/produkter\\\/\"},{\"@type\":\"ListItem\",\"position\":3,\"name\":\"K\u00f8b PMK (Piperonyl Methyl Ketone) olie\"}]},{\"@type\":\"WebSite\",\"@id\":\"https:\\\/\\\/gooddealersmeds.com\\\/da\\\/#website\",\"url\":\"https:\\\/\\\/gooddealersmeds.com\\\/da\\\/\",\"name\":\"Good Dealers Meds\",\"description\":\"All our best\",\"publisher\":{\"@id\":\"https:\\\/\\\/gooddealersmeds.com\\\/da\\\/#organization\"},\"potentialAction\":[{\"@type\":\"SearchAction\",\"target\":{\"@type\":\"EntryPoint\",\"urlTemplate\":\"https:\\\/\\\/gooddealersmeds.com\\\/da\\\/?s={search_term_string}\"},\"query-input\":{\"@type\":\"PropertyValueSpecification\",\"valueRequired\":true,\"valueName\":\"search_term_string\"}}],\"inLanguage\":\"en-US\"},{\"@type\":\"Organization\",\"@id\":\"https:\\\/\\\/gooddealersmeds.com\\\/da\\\/#organization\",\"name\":\"Good Dealers Meds\",\"url\":\"https:\\\/\\\/gooddealersmeds.com\\\/da\\\/\",\"logo\":{\"@type\":\"ImageObject\",\"inLanguage\":\"en-US\",\"@id\":\"https:\\\/\\\/gooddealersmeds.com\\\/da\\\/#\\\/schema\\\/logo\\\/image\\\/\",\"url\":\"https:\\\/\\\/gooddealersmeds.com\\\/da\\\/wp-content\\\/uploads\\\/sites\\\/2\\\/2022\\\/03\\\/gooddealersmeds__logo__20220317T222800Z.00.png\",\"contentUrl\":\"https:\\\/\\\/gooddealersmeds.com\\\/da\\\/wp-content\\\/uploads\\\/sites\\\/2\\\/2022\\\/03\\\/gooddealersmeds__logo__20220317T222800Z.00.png\",\"width\":500,\"height\":325,\"caption\":\"Good Dealers Meds\"},\"image\":{\"@id\":\"https:\\\/\\\/gooddealersmeds.com\\\/da\\\/#\\\/schema\\\/logo\\\/image\\\/\"}}]}<\/script>\n<!-- \/ Yoast SEO Premium plugin. -->","yoast_head_json":{"title":"K\u00f8b PMK Olie Online | Bestil PMK (Piperonyl Methyl Ketone) | PMK olie","description":"K\u00f8b PMK olie Online, Vi er en p\u00e5lidelig og betroet leverand\u00f8r af PMK (Piperonyl Methyl Ketone) olie, med hurtig levering 100% garanteret og betroet.","robots":{"index":"index","follow":"follow","max-snippet":"max-snippet:-1","max-image-preview":"max-image-preview:large","max-video-preview":"max-video-preview:-1"},"canonical":"https:\/\/gooddealersmeds.com\/da\/product\/kob-pmk-piperonyl-methyl-keton-olie\/","og_locale":"en_US","og_type":"article","og_title":"K\u00f8b PMK (Piperonyl Methyl Ketone) olie","og_description":"K\u00f8b PMK olie Online, Vi er en p\u00e5lidelig og betroet leverand\u00f8r af PMK (Piperonyl Methyl Ketone) olie, med hurtig levering 100% garanteret og betroet.","og_url":"https:\/\/gooddealersmeds.com\/da\/product\/kob-pmk-piperonyl-methyl-keton-olie\/","og_site_name":"Good Dealers Meds","article_modified_time":"2023-03-12T02:14:52+00:00","og_image":[{"width":600,"height":600,"url":"https:\/\/gooddealersmeds.com\/da\/wp-content\/uploads\/sites\/2\/2023\/01\/PMK-Piperonyl-Methyl-Ketone-Oil-1.jpg","type":"image\/jpeg"}],"twitter_card":"summary_large_image","twitter_misc":{"Est. reading time":"1 minute"},"schema":{"@context":"https:\/\/schema.org","@graph":[{"@type":"WebPage","@id":"https:\/\/gooddealersmeds.com\/da\/product\/kob-pmk-piperonyl-methyl-keton-olie\/","url":"https:\/\/gooddealersmeds.com\/da\/product\/kob-pmk-piperonyl-methyl-keton-olie\/","name":"K\u00f8b PMK Olie Online | Bestil PMK (Piperonyl Methyl Ketone) | PMK olie","isPartOf":{"@id":"https:\/\/gooddealersmeds.com\/da\/#website"},"primaryImageOfPage":{"@id":"https:\/\/gooddealersmeds.com\/da\/product\/kob-pmk-piperonyl-methyl-keton-olie\/#primaryimage"},"image":{"@id":"https:\/\/gooddealersmeds.com\/da\/product\/kob-pmk-piperonyl-methyl-keton-olie\/#primaryimage"},"thumbnailUrl":"https:\/\/gooddealersmeds.com\/da\/wp-content\/uploads\/sites\/2\/2023\/01\/PMK-Piperonyl-Methyl-Ketone-Oil-1.jpg","datePublished":"2023-01-08T18:43:17+00:00","dateModified":"2023-03-12T02:14:52+00:00","description":"K\u00f8b PMK olie Online, Vi er en p\u00e5lidelig og betroet leverand\u00f8r af PMK (Piperonyl Methyl Ketone) olie, med hurtig levering 100% garanteret og betroet.","breadcrumb":{"@id":"https:\/\/gooddealersmeds.com\/da\/product\/kob-pmk-piperonyl-methyl-keton-olie\/#breadcrumb"},"inLanguage":"en-US","potentialAction":[{"@type":"ReadAction","target":["https:\/\/gooddealersmeds.com\/da\/product\/kob-pmk-piperonyl-methyl-keton-olie\/"]}]},{"@type":"ImageObject","inLanguage":"en-US","@id":"https:\/\/gooddealersmeds.com\/da\/product\/kob-pmk-piperonyl-methyl-keton-olie\/#primaryimage","url":"https:\/\/gooddealersmeds.com\/da\/wp-content\/uploads\/sites\/2\/2023\/01\/PMK-Piperonyl-Methyl-Ketone-Oil-1.jpg","contentUrl":"https:\/\/gooddealersmeds.com\/da\/wp-content\/uploads\/sites\/2\/2023\/01\/PMK-Piperonyl-Methyl-Ketone-Oil-1.jpg","width":600,"height":600},{"@type":"BreadcrumbList","@id":"https:\/\/gooddealersmeds.com\/da\/product\/kob-pmk-piperonyl-methyl-keton-olie\/#breadcrumb","itemListElement":[{"@type":"ListItem","position":1,"name":"Home","item":"https:\/\/gooddealersmeds.com\/da\/"},{"@type":"ListItem","position":2,"name":"Produkter","item":"https:\/\/gooddealersmeds.com\/da\/produkter\/"},{"@type":"ListItem","position":3,"name":"K\u00f8b PMK (Piperonyl Methyl Ketone) olie"}]},{"@type":"WebSite","@id":"https:\/\/gooddealersmeds.com\/da\/#website","url":"https:\/\/gooddealersmeds.com\/da\/","name":"Good Dealers Meds","description":"All our best","publisher":{"@id":"https:\/\/gooddealersmeds.com\/da\/#organization"},"potentialAction":[{"@type":"SearchAction","target":{"@type":"EntryPoint","urlTemplate":"https:\/\/gooddealersmeds.com\/da\/?s={search_term_string}"},"query-input":{"@type":"PropertyValueSpecification","valueRequired":true,"valueName":"search_term_string"}}],"inLanguage":"en-US"},{"@type":"Organization","@id":"https:\/\/gooddealersmeds.com\/da\/#organization","name":"Good Dealers Meds","url":"https:\/\/gooddealersmeds.com\/da\/","logo":{"@type":"ImageObject","inLanguage":"en-US","@id":"https:\/\/gooddealersmeds.com\/da\/#\/schema\/logo\/image\/","url":"https:\/\/gooddealersmeds.com\/da\/wp-content\/uploads\/sites\/2\/2022\/03\/gooddealersmeds__logo__20220317T222800Z.00.png","contentUrl":"https:\/\/gooddealersmeds.com\/da\/wp-content\/uploads\/sites\/2\/2022\/03\/gooddealersmeds__logo__20220317T222800Z.00.png","width":500,"height":325,"caption":"Good Dealers Meds"},"image":{"@id":"https:\/\/gooddealersmeds.com\/da\/#\/schema\/logo\/image\/"}}]}},"_links":{"self":[{"href":"https:\/\/gooddealersmeds.com\/da\/wp-json\/wp\/v2\/product\/2220","targetHints":{"allow":["GET"]}}],"collection":[{"href":"https:\/\/gooddealersmeds.com\/da\/wp-json\/wp\/v2\/product"}],"about":[{"href":"https:\/\/gooddealersmeds.com\/da\/wp-json\/wp\/v2\/types\/product"}],"replies":[{"embeddable":true,"href":"https:\/\/gooddealersmeds.com\/da\/wp-json\/wp\/v2\/comments?post=2220"}],"wp:featuredmedia":[{"embeddable":true,"href":"https:\/\/gooddealersmeds.com\/da\/wp-json\/wp\/v2\/media\/2250"}],"wp:attachment":[{"href":"https:\/\/gooddealersmeds.com\/da\/wp-json\/wp\/v2\/media?parent=2220"}],"wp:term":[{"taxonomy":"product_brand","embeddable":true,"href":"https:\/\/gooddealersmeds.com\/da\/wp-json\/wp\/v2\/product_brand?post=2220"},{"taxonomy":"product_cat","embeddable":true,"href":"https:\/\/gooddealersmeds.com\/da\/wp-json\/wp\/v2\/product_cat?post=2220"},{"taxonomy":"product_tag","embeddable":true,"href":"https:\/\/gooddealersmeds.com\/da\/wp-json\/wp\/v2\/product_tag?post=2220"}],"curies":[{"name":"wp","href":"https:\/\/api.w.org\/{rel}","templated":true}]}}