{"id":2219,"date":"2023-01-08T18:43:17","date_gmt":"2023-01-08T18:43:17","guid":{"rendered":"https:\/\/gooddealersmeds.com\/da\/?post_type=product&#038;p=2219"},"modified":"2023-03-12T01:59:55","modified_gmt":"2023-03-12T01:59:55","slug":"kob-jwh-250-online","status":"publish","type":"product","link":"https:\/\/gooddealersmeds.com\/da\/product\/kob-jwh-250-online\/","title":{"rendered":"K\u00f8b JWH-250 online"},"content":{"rendered":"<h2><strong>K\u00f8b JWH-250 online<\/strong><\/h2>\n<p>JWH-250 er et indol-cannabimimetikum, der udviser h\u00f8j affinitet for centrale og perifere cannabinoidreceptorer. K\u00f8b JWH-250 online er blevet identificeret som en komponent i flere forskellige &#8220;urte-r\u00f8gelse&#8221;-produkter, ofte solgt som &#8220;ikke-menneskelige&#8221;. JWH-250 tilh\u00f8rer kategorien af syntetiske cannabinoid receptor agonist (SCRA) l\u00e6gemidler og har virkninger svarende til THC. M\u00e6ngden af JWH-250 i en pakke kan variere betydeligt, hvilket \u00f8ger chancen for en overdosis, fordi forbrugerne ikke er helt klar over, hvad der er i dette urteprodukt. Rapporterede overdosiseffekter omfatter takykardi, hypertension, agitation, hallucinationer, let forh\u00f8jet blodsukker, hypokali\u00e6mi og opkastning. JWH-250.<\/p>\n<p>&nbsp;<\/p>\n<p>K\u00f8b JWH-250 online. JWH-250\u00a0er en syntetisk cannabinoid-receptoragonist, der er blevet p\u00e5vist i produkter siden slutningen af 2000&#8217;erne. Det blev skabt af Dr. John W. Huffman og en rapport om det blev udgivet i 2005 af Huffman et al. K\u00f8b JWH-250 online<\/p>\n<p>&nbsp;<\/p>\n<p>L\u00e6gemidlet er en phenylacetylindol, og det virker som en agonist ved CB1- og CB2-receptorer. Det har en affinitet p\u00e5 ~11 nM ved CB1 og ~33 nM ved CB2.<\/p>\n<p>Et par \u00e5r efter den f\u00f8rste gang blev n\u00e6vnt i litteraturen, dukkede JWH-250 op p\u00e5 markedet.<\/p>\n<p>Det er ogs\u00e5 blevet opdaget i pulvere og blandinger, der s\u00e6lges via internettet til forskere i Japan. Disse pr\u00f8ver indeholdt 77-165 mg pr. produkt.<\/p>\n<p>P\u00e5 grund af den m\u00e5de, det er blevet solgt p\u00e5, er det sandsynligt, at folk har st\u00f8dt p\u00e5 JWH-250 uden at v\u00e6re klar over det.<\/p>\n<p>Molmasse:\u00a0335,439\u00a0g\/mol<\/p>\n<p>ChEMBL-id:\u00a0188031<\/p>\n<p>ChemSpider ID:\u00a023256117<\/p>\n<p>PubChem CID:\u00a044397540<\/p>\n<p>Formel:\u00a0C22H25NO2<\/p>\n<p>&nbsp;<\/p>\n<p>k\u00f8b legit JWH-250 til salg webside, hvordan man k\u00f8ber billig JWH-250 verdensomsp\u00e6ndende forsendelse, JWH-250 medicin til salg, JWH-250 badesalt til salg, JWH-250 til salg, JWH-250\u00a0 plantef\u00f8de til salg, kvalitets JWH -250 til salg, JWH-250 k\u00f8bswebsteder, hvor kan man k\u00f8be JWH-250, bestil JWH-250, JWH-250 udsalg, hvor kan jeg k\u00f8be JWH-250, JWH-250 hvor man kan k\u00f8be, bedste sted at k\u00f8be JWH-250 ,mJWH-250 leverand\u00f8rer, k\u00f8b JWH-250, ren JWH-250, k\u00f8b JWH-250, JWH-250 butik, JWH-250 engros, JWH-250 k\u00f8b, JWH-250 til salg, k\u00f8b JWH-250 , k\u00f8b billig JWH -250 online, k\u00f8b billig mephedron online, hvor kan man k\u00f8be billig JWH-250 butik, k\u00f8b billig JWH-250 til plantebrug, hvor kan man k\u00f8be JWH-250 til personlig brug,\u00a0k\u00f8b billig JWH-250, hvor kan man f\u00e5 JWH-250 til salg , k\u00f8b bulk JWH-250, k\u00f8b JWH-250 til overkommelige priser, k\u00f8b JWH-250 til personlig brug, k\u00f8b JWH-250\u00a0til salg, kvalitet JWH-250 til salg, k\u00f8b JWH-250 p\u00e5 internettet,<\/p>\n","protected":false},"excerpt":{"rendered":"<p>JWH-250 er et indol-cannabimimetikum, der udviser h\u00f8j affinitet for centrale og perifere cannabinoidreceptorer. K\u00f8b JWH-250 online er blevet identificeret som en komponent i flere forskellige &#8220;urte-r\u00f8gelse&#8221;-produkter, ofte solgt som &#8220;ikke-menneskelige&#8221;.<\/p>\n","protected":false},"featured_media":2249,"comment_status":"open","ping_status":"closed","template":"","meta":{"inline_featured_image":false},"product_brand":[],"product_cat":[344],"product_tag":[],"class_list":{"0":"post-2219","1":"product","2":"type-product","3":"status-publish","4":"has-post-thumbnail","6":"product_cat-forsknings-kemikalier","8":"first","9":"instock","10":"shipping-taxable","11":"purchasable","12":"product-type-variable","13":"has-default-attributes"},"yoast_head":"<!-- This site is optimized with the Yoast SEO Premium plugin v20.6 (Yoast SEO v27.3) - https:\/\/yoast.com\/product\/yoast-seo-premium-wordpress\/ -->\n<title>K\u00f8b JWH-250 online | Bestil JWH-250 | JWH-250 til salg<\/title>\n<meta name=\"description\" content=\"K\u00f8b JWH-250 online til en overkommelig pris, vi er en p\u00e5lidelig og betroet leverand\u00f8r af JWH-250, med hurtig levering 100% garanteret og betroet.\" \/>\n<meta name=\"robots\" content=\"index, follow, max-snippet:-1, max-image-preview:large, max-video-preview:-1\" \/>\n<link rel=\"canonical\" href=\"https:\/\/gooddealersmeds.com\/da\/product\/kob-jwh-250-online\/\" \/>\n<meta property=\"og:locale\" content=\"en_US\" \/>\n<meta property=\"og:type\" content=\"article\" \/>\n<meta property=\"og:title\" content=\"K\u00f8b JWH-250 online\" \/>\n<meta property=\"og:description\" content=\"K\u00f8b JWH-250 online til en overkommelig pris, vi er en p\u00e5lidelig og betroet leverand\u00f8r af JWH-250, med hurtig levering 100% garanteret og betroet.\" \/>\n<meta property=\"og:url\" content=\"https:\/\/gooddealersmeds.com\/da\/product\/kob-jwh-250-online\/\" \/>\n<meta property=\"og:site_name\" content=\"Good Dealers Meds\" \/>\n<meta property=\"article:modified_time\" content=\"2023-03-12T01:59:55+00:00\" \/>\n<meta property=\"og:image\" content=\"https:\/\/gooddealersmeds.com\/da\/wp-content\/uploads\/sites\/2\/2023\/01\/jhw.png\" \/>\n\t<meta property=\"og:image:width\" content=\"267\" \/>\n\t<meta property=\"og:image:height\" content=\"189\" \/>\n\t<meta property=\"og:image:type\" content=\"image\/png\" \/>\n<meta name=\"twitter:card\" content=\"summary_large_image\" \/>\n<meta name=\"twitter:label1\" content=\"Est. reading time\" \/>\n\t<meta name=\"twitter:data1\" content=\"2 minutes\" \/>\n<script type=\"application\/ld+json\" class=\"yoast-schema-graph\">{\"@context\":\"https:\\\/\\\/schema.org\",\"@graph\":[{\"@type\":\"WebPage\",\"@id\":\"https:\\\/\\\/gooddealersmeds.com\\\/da\\\/product\\\/kob-jwh-250-online\\\/\",\"url\":\"https:\\\/\\\/gooddealersmeds.com\\\/da\\\/product\\\/kob-jwh-250-online\\\/\",\"name\":\"K\u00f8b JWH-250 online | Bestil JWH-250 | JWH-250 til salg\",\"isPartOf\":{\"@id\":\"https:\\\/\\\/gooddealersmeds.com\\\/da\\\/#website\"},\"primaryImageOfPage\":{\"@id\":\"https:\\\/\\\/gooddealersmeds.com\\\/da\\\/product\\\/kob-jwh-250-online\\\/#primaryimage\"},\"image\":{\"@id\":\"https:\\\/\\\/gooddealersmeds.com\\\/da\\\/product\\\/kob-jwh-250-online\\\/#primaryimage\"},\"thumbnailUrl\":\"https:\\\/\\\/gooddealersmeds.com\\\/da\\\/wp-content\\\/uploads\\\/sites\\\/2\\\/2023\\\/01\\\/jhw.png\",\"datePublished\":\"2023-01-08T18:43:17+00:00\",\"dateModified\":\"2023-03-12T01:59:55+00:00\",\"description\":\"K\u00f8b JWH-250 online til en overkommelig pris, vi er en p\u00e5lidelig og betroet leverand\u00f8r af JWH-250, med hurtig levering 100% garanteret og betroet.\",\"breadcrumb\":{\"@id\":\"https:\\\/\\\/gooddealersmeds.com\\\/da\\\/product\\\/kob-jwh-250-online\\\/#breadcrumb\"},\"inLanguage\":\"en-US\",\"potentialAction\":[{\"@type\":\"ReadAction\",\"target\":[\"https:\\\/\\\/gooddealersmeds.com\\\/da\\\/product\\\/kob-jwh-250-online\\\/\"]}]},{\"@type\":\"ImageObject\",\"inLanguage\":\"en-US\",\"@id\":\"https:\\\/\\\/gooddealersmeds.com\\\/da\\\/product\\\/kob-jwh-250-online\\\/#primaryimage\",\"url\":\"https:\\\/\\\/gooddealersmeds.com\\\/da\\\/wp-content\\\/uploads\\\/sites\\\/2\\\/2023\\\/01\\\/jhw.png\",\"contentUrl\":\"https:\\\/\\\/gooddealersmeds.com\\\/da\\\/wp-content\\\/uploads\\\/sites\\\/2\\\/2023\\\/01\\\/jhw.png\",\"width\":267,\"height\":189},{\"@type\":\"BreadcrumbList\",\"@id\":\"https:\\\/\\\/gooddealersmeds.com\\\/da\\\/product\\\/kob-jwh-250-online\\\/#breadcrumb\",\"itemListElement\":[{\"@type\":\"ListItem\",\"position\":1,\"name\":\"Home\",\"item\":\"https:\\\/\\\/gooddealersmeds.com\\\/da\\\/\"},{\"@type\":\"ListItem\",\"position\":2,\"name\":\"Produkter\",\"item\":\"https:\\\/\\\/gooddealersmeds.com\\\/da\\\/produkter\\\/\"},{\"@type\":\"ListItem\",\"position\":3,\"name\":\"K\u00f8b JWH-250 online\"}]},{\"@type\":\"WebSite\",\"@id\":\"https:\\\/\\\/gooddealersmeds.com\\\/da\\\/#website\",\"url\":\"https:\\\/\\\/gooddealersmeds.com\\\/da\\\/\",\"name\":\"Good Dealers Meds\",\"description\":\"All our best\",\"publisher\":{\"@id\":\"https:\\\/\\\/gooddealersmeds.com\\\/da\\\/#organization\"},\"potentialAction\":[{\"@type\":\"SearchAction\",\"target\":{\"@type\":\"EntryPoint\",\"urlTemplate\":\"https:\\\/\\\/gooddealersmeds.com\\\/da\\\/?s={search_term_string}\"},\"query-input\":{\"@type\":\"PropertyValueSpecification\",\"valueRequired\":true,\"valueName\":\"search_term_string\"}}],\"inLanguage\":\"en-US\"},{\"@type\":\"Organization\",\"@id\":\"https:\\\/\\\/gooddealersmeds.com\\\/da\\\/#organization\",\"name\":\"Good Dealers Meds\",\"url\":\"https:\\\/\\\/gooddealersmeds.com\\\/da\\\/\",\"logo\":{\"@type\":\"ImageObject\",\"inLanguage\":\"en-US\",\"@id\":\"https:\\\/\\\/gooddealersmeds.com\\\/da\\\/#\\\/schema\\\/logo\\\/image\\\/\",\"url\":\"https:\\\/\\\/gooddealersmeds.com\\\/da\\\/wp-content\\\/uploads\\\/sites\\\/2\\\/2022\\\/03\\\/gooddealersmeds__logo__20220317T222800Z.00.png\",\"contentUrl\":\"https:\\\/\\\/gooddealersmeds.com\\\/da\\\/wp-content\\\/uploads\\\/sites\\\/2\\\/2022\\\/03\\\/gooddealersmeds__logo__20220317T222800Z.00.png\",\"width\":500,\"height\":325,\"caption\":\"Good Dealers Meds\"},\"image\":{\"@id\":\"https:\\\/\\\/gooddealersmeds.com\\\/da\\\/#\\\/schema\\\/logo\\\/image\\\/\"}}]}<\/script>\n<!-- \/ Yoast SEO Premium plugin. -->","yoast_head_json":{"title":"K\u00f8b JWH-250 online | Bestil JWH-250 | JWH-250 til salg","description":"K\u00f8b JWH-250 online til en overkommelig pris, vi er en p\u00e5lidelig og betroet leverand\u00f8r af JWH-250, med hurtig levering 100% garanteret og betroet.","robots":{"index":"index","follow":"follow","max-snippet":"max-snippet:-1","max-image-preview":"max-image-preview:large","max-video-preview":"max-video-preview:-1"},"canonical":"https:\/\/gooddealersmeds.com\/da\/product\/kob-jwh-250-online\/","og_locale":"en_US","og_type":"article","og_title":"K\u00f8b JWH-250 online","og_description":"K\u00f8b JWH-250 online til en overkommelig pris, vi er en p\u00e5lidelig og betroet leverand\u00f8r af JWH-250, med hurtig levering 100% garanteret og betroet.","og_url":"https:\/\/gooddealersmeds.com\/da\/product\/kob-jwh-250-online\/","og_site_name":"Good Dealers Meds","article_modified_time":"2023-03-12T01:59:55+00:00","og_image":[{"width":267,"height":189,"url":"https:\/\/gooddealersmeds.com\/da\/wp-content\/uploads\/sites\/2\/2023\/01\/jhw.png","type":"image\/png"}],"twitter_card":"summary_large_image","twitter_misc":{"Est. reading time":"2 minutes"},"schema":{"@context":"https:\/\/schema.org","@graph":[{"@type":"WebPage","@id":"https:\/\/gooddealersmeds.com\/da\/product\/kob-jwh-250-online\/","url":"https:\/\/gooddealersmeds.com\/da\/product\/kob-jwh-250-online\/","name":"K\u00f8b JWH-250 online | Bestil JWH-250 | JWH-250 til salg","isPartOf":{"@id":"https:\/\/gooddealersmeds.com\/da\/#website"},"primaryImageOfPage":{"@id":"https:\/\/gooddealersmeds.com\/da\/product\/kob-jwh-250-online\/#primaryimage"},"image":{"@id":"https:\/\/gooddealersmeds.com\/da\/product\/kob-jwh-250-online\/#primaryimage"},"thumbnailUrl":"https:\/\/gooddealersmeds.com\/da\/wp-content\/uploads\/sites\/2\/2023\/01\/jhw.png","datePublished":"2023-01-08T18:43:17+00:00","dateModified":"2023-03-12T01:59:55+00:00","description":"K\u00f8b JWH-250 online til en overkommelig pris, vi er en p\u00e5lidelig og betroet leverand\u00f8r af JWH-250, med hurtig levering 100% garanteret og betroet.","breadcrumb":{"@id":"https:\/\/gooddealersmeds.com\/da\/product\/kob-jwh-250-online\/#breadcrumb"},"inLanguage":"en-US","potentialAction":[{"@type":"ReadAction","target":["https:\/\/gooddealersmeds.com\/da\/product\/kob-jwh-250-online\/"]}]},{"@type":"ImageObject","inLanguage":"en-US","@id":"https:\/\/gooddealersmeds.com\/da\/product\/kob-jwh-250-online\/#primaryimage","url":"https:\/\/gooddealersmeds.com\/da\/wp-content\/uploads\/sites\/2\/2023\/01\/jhw.png","contentUrl":"https:\/\/gooddealersmeds.com\/da\/wp-content\/uploads\/sites\/2\/2023\/01\/jhw.png","width":267,"height":189},{"@type":"BreadcrumbList","@id":"https:\/\/gooddealersmeds.com\/da\/product\/kob-jwh-250-online\/#breadcrumb","itemListElement":[{"@type":"ListItem","position":1,"name":"Home","item":"https:\/\/gooddealersmeds.com\/da\/"},{"@type":"ListItem","position":2,"name":"Produkter","item":"https:\/\/gooddealersmeds.com\/da\/produkter\/"},{"@type":"ListItem","position":3,"name":"K\u00f8b JWH-250 online"}]},{"@type":"WebSite","@id":"https:\/\/gooddealersmeds.com\/da\/#website","url":"https:\/\/gooddealersmeds.com\/da\/","name":"Good Dealers Meds","description":"All our best","publisher":{"@id":"https:\/\/gooddealersmeds.com\/da\/#organization"},"potentialAction":[{"@type":"SearchAction","target":{"@type":"EntryPoint","urlTemplate":"https:\/\/gooddealersmeds.com\/da\/?s={search_term_string}"},"query-input":{"@type":"PropertyValueSpecification","valueRequired":true,"valueName":"search_term_string"}}],"inLanguage":"en-US"},{"@type":"Organization","@id":"https:\/\/gooddealersmeds.com\/da\/#organization","name":"Good Dealers Meds","url":"https:\/\/gooddealersmeds.com\/da\/","logo":{"@type":"ImageObject","inLanguage":"en-US","@id":"https:\/\/gooddealersmeds.com\/da\/#\/schema\/logo\/image\/","url":"https:\/\/gooddealersmeds.com\/da\/wp-content\/uploads\/sites\/2\/2022\/03\/gooddealersmeds__logo__20220317T222800Z.00.png","contentUrl":"https:\/\/gooddealersmeds.com\/da\/wp-content\/uploads\/sites\/2\/2022\/03\/gooddealersmeds__logo__20220317T222800Z.00.png","width":500,"height":325,"caption":"Good Dealers Meds"},"image":{"@id":"https:\/\/gooddealersmeds.com\/da\/#\/schema\/logo\/image\/"}}]}},"_links":{"self":[{"href":"https:\/\/gooddealersmeds.com\/da\/wp-json\/wp\/v2\/product\/2219","targetHints":{"allow":["GET"]}}],"collection":[{"href":"https:\/\/gooddealersmeds.com\/da\/wp-json\/wp\/v2\/product"}],"about":[{"href":"https:\/\/gooddealersmeds.com\/da\/wp-json\/wp\/v2\/types\/product"}],"replies":[{"embeddable":true,"href":"https:\/\/gooddealersmeds.com\/da\/wp-json\/wp\/v2\/comments?post=2219"}],"wp:featuredmedia":[{"embeddable":true,"href":"https:\/\/gooddealersmeds.com\/da\/wp-json\/wp\/v2\/media\/2249"}],"wp:attachment":[{"href":"https:\/\/gooddealersmeds.com\/da\/wp-json\/wp\/v2\/media?parent=2219"}],"wp:term":[{"taxonomy":"product_brand","embeddable":true,"href":"https:\/\/gooddealersmeds.com\/da\/wp-json\/wp\/v2\/product_brand?post=2219"},{"taxonomy":"product_cat","embeddable":true,"href":"https:\/\/gooddealersmeds.com\/da\/wp-json\/wp\/v2\/product_cat?post=2219"},{"taxonomy":"product_tag","embeddable":true,"href":"https:\/\/gooddealersmeds.com\/da\/wp-json\/wp\/v2\/product_tag?post=2219"}],"curies":[{"name":"wp","href":"https:\/\/api.w.org\/{rel}","templated":true}]}}