{"id":2218,"date":"2023-01-08T18:43:17","date_gmt":"2023-01-08T18:43:17","guid":{"rendered":"https:\/\/gooddealersmeds.com\/da\/?post_type=product&#038;p=2218"},"modified":"2023-03-12T01:59:25","modified_gmt":"2023-03-12T01:59:25","slug":"kob-jwh-018-online","status":"publish","type":"product","link":"https:\/\/gooddealersmeds.com\/da\/product\/kob-jwh-018-online\/","title":{"rendered":"K\u00f8b JWH-018 online"},"content":{"rendered":"<h2><strong>JWH 018-pulver: K\u00f8b JWH-018 online<\/strong><\/h2>\n<p>K\u00f8b JWH-018 Online er et analytisk referencemateriale klassificeret som en\u00a0<a href=\"https:\/\/www.frontiersin.org\/articles\/10.3389\/fpsyt.2018.00055\/full\">syntetisk cannabinoid<\/a>. 1. Findes i urteblandinger af typen Spice\/K2 og kan have neurotoksiske egenskaber. JWH-018 blev ogs\u00e5 hentet fra tre forskellige ikke-traditionelle onlinekilder: jwh018\u00a0gooddealchem.com.<\/p>\n<p>Se og k\u00f8b JWH 018 i h\u00f8j renhed. JWH-018 er en syntetisk cannabinoid agonist uden den klassiske cannabinoid kemiske struktur. Det er blevet brugt i forskningen som et forskningsv\u00e6rkt\u00f8j.<\/p>\n<p>JWH-018 ordre<br \/>\nhvor kan jeg k\u00f8be JWH-018<br \/>\nJWH-018 til salg<br \/>\nJWH-018<br \/>\nk\u00f8b JWH-018 online<br \/>\nJWH-018 k\u00f8b her<\/p>\n<p>&nbsp;<\/p>\n<p><strong>JWH-018 til salg<\/strong><\/p>\n<p>Vi er forpligtet til at hj\u00e6lpe kunder over hele verden med deres forskellige behov ved at levere omfattende og professionelle tjenester. Nyd et godt ry blandt vores samarbejdspartnere og kunder for produkter af h\u00f8j kvalitet, opretholder de h\u00f8jeste standarder i fremstillingen af vores produkter og udvalget af alle de produkter, vi inkluderer i vores sortiment med mange \u00e5rs erfaring.<\/p>\n<p>I denne branche har vi opbygget et ry som en af de mest betroede leverand\u00f8rer i Storbritannien, Europa og verden.<\/p>\n<p>Vi ved, at der er mange forskellige muligheder for din forskningskemiske levering,<\/p>\n<p>S\u00e5 brug et \u00f8jeblik p\u00e5 at l\u00e6se, hvad der g\u00f8r os anderledes end resten.<\/p>\n<p>bestil JWH-018 online<br \/>\nBillig JWH-018 til salg<br \/>\nJWH-018 her<br \/>\nJWH-018 i n\u00e6rheden af mig<br \/>\nJWH-018 hvor kan man bestille<br \/>\nJWH-018 distribut\u00f8r<\/p>\n","protected":false},"excerpt":{"rendered":"<p><strong>K\u00f8b JWH 018 online:<\/strong><\/p>\n<p>Mange JWH 018 kunder bestiller hos os. Vi s\u00e6lger den bedste kvalitet JWH-018 online og vores bedste betalingsmetode. Du kan bestille JWH-018 og f\u00e5 den leveret natten over, levering sker med omhu, ingen underskrift p\u00e5kr\u00e6vet. Gooddealchem.com er din l\u00f8sning til at k\u00f8be JWH-018 online.<\/p>\n","protected":false},"featured_media":2248,"comment_status":"open","ping_status":"closed","template":"","meta":{"inline_featured_image":false},"product_brand":[],"product_cat":[344],"product_tag":[674,675,676],"class_list":{"0":"post-2218","1":"product","2":"type-product","3":"status-publish","4":"has-post-thumbnail","6":"product_cat-forsknings-kemikalier","7":"product_tag-at-kobe-jwh-018-online","8":"product_tag-er-jwh-018-lovligt","9":"product_tag-legitim-jwh-018-leverandor","11":"first","12":"instock","13":"shipping-taxable","14":"purchasable","15":"product-type-variable","16":"has-default-attributes"},"yoast_head":"<!-- This site is optimized with the Yoast SEO Premium plugin v20.6 (Yoast SEO v27.4) - https:\/\/yoast.com\/product\/yoast-seo-premium-wordpress\/ -->\n<title>K\u00f8b JWH-018 online | Bestil JWH-018 her | JWH-018 til salg.<\/title>\n<meta name=\"description\" content=\"K\u00f8b JWH-018 online, vi er de bedste leverand\u00f8rer af JWH-018 til en overkommelig pris og garanti for levering. Bestil det bedste kvalitetsprodukt.\" \/>\n<meta name=\"robots\" content=\"index, follow, max-snippet:-1, max-image-preview:large, max-video-preview:-1\" \/>\n<link rel=\"canonical\" href=\"https:\/\/gooddealersmeds.com\/da\/product\/kob-jwh-018-online\/\" \/>\n<meta property=\"og:locale\" content=\"en_US\" \/>\n<meta property=\"og:type\" content=\"article\" \/>\n<meta property=\"og:title\" content=\"K\u00f8b JWH-018 online\" \/>\n<meta property=\"og:description\" content=\"K\u00f8b JWH-018 online, vi er de bedste leverand\u00f8rer af JWH-018 til en overkommelig pris og garanti for levering. Bestil det bedste kvalitetsprodukt.\" \/>\n<meta property=\"og:url\" content=\"https:\/\/gooddealersmeds.com\/da\/product\/kob-jwh-018-online\/\" \/>\n<meta property=\"og:site_name\" content=\"Good Dealers Meds\" \/>\n<meta property=\"article:modified_time\" content=\"2023-03-12T01:59:25+00:00\" \/>\n<meta property=\"og:image\" content=\"https:\/\/gooddealersmeds.com\/da\/wp-content\/uploads\/sites\/2\/2023\/01\/JHW-018-1.jpg\" \/>\n\t<meta property=\"og:image:width\" content=\"600\" \/>\n\t<meta property=\"og:image:height\" content=\"600\" \/>\n\t<meta property=\"og:image:type\" content=\"image\/jpeg\" \/>\n<meta name=\"twitter:card\" content=\"summary_large_image\" \/>\n<meta name=\"twitter:label1\" content=\"Est. reading time\" \/>\n\t<meta name=\"twitter:data1\" content=\"1 minute\" \/>\n<script type=\"application\/ld+json\" class=\"yoast-schema-graph\">{\"@context\":\"https:\\\/\\\/schema.org\",\"@graph\":[{\"@type\":\"WebPage\",\"@id\":\"https:\\\/\\\/gooddealersmeds.com\\\/da\\\/product\\\/kob-jwh-018-online\\\/\",\"url\":\"https:\\\/\\\/gooddealersmeds.com\\\/da\\\/product\\\/kob-jwh-018-online\\\/\",\"name\":\"K\u00f8b JWH-018 online | Bestil JWH-018 her | JWH-018 til salg.\",\"isPartOf\":{\"@id\":\"https:\\\/\\\/gooddealersmeds.com\\\/da\\\/#website\"},\"primaryImageOfPage\":{\"@id\":\"https:\\\/\\\/gooddealersmeds.com\\\/da\\\/product\\\/kob-jwh-018-online\\\/#primaryimage\"},\"image\":{\"@id\":\"https:\\\/\\\/gooddealersmeds.com\\\/da\\\/product\\\/kob-jwh-018-online\\\/#primaryimage\"},\"thumbnailUrl\":\"https:\\\/\\\/gooddealersmeds.com\\\/da\\\/wp-content\\\/uploads\\\/sites\\\/2\\\/2023\\\/01\\\/JHW-018-1.jpg\",\"datePublished\":\"2023-01-08T18:43:17+00:00\",\"dateModified\":\"2023-03-12T01:59:25+00:00\",\"description\":\"K\u00f8b JWH-018 online, vi er de bedste leverand\u00f8rer af JWH-018 til en overkommelig pris og garanti for levering. Bestil det bedste kvalitetsprodukt.\",\"breadcrumb\":{\"@id\":\"https:\\\/\\\/gooddealersmeds.com\\\/da\\\/product\\\/kob-jwh-018-online\\\/#breadcrumb\"},\"inLanguage\":\"en-US\",\"potentialAction\":[{\"@type\":\"ReadAction\",\"target\":[\"https:\\\/\\\/gooddealersmeds.com\\\/da\\\/product\\\/kob-jwh-018-online\\\/\"]}]},{\"@type\":\"ImageObject\",\"inLanguage\":\"en-US\",\"@id\":\"https:\\\/\\\/gooddealersmeds.com\\\/da\\\/product\\\/kob-jwh-018-online\\\/#primaryimage\",\"url\":\"https:\\\/\\\/gooddealersmeds.com\\\/da\\\/wp-content\\\/uploads\\\/sites\\\/2\\\/2023\\\/01\\\/JHW-018-1.jpg\",\"contentUrl\":\"https:\\\/\\\/gooddealersmeds.com\\\/da\\\/wp-content\\\/uploads\\\/sites\\\/2\\\/2023\\\/01\\\/JHW-018-1.jpg\",\"width\":600,\"height\":600},{\"@type\":\"BreadcrumbList\",\"@id\":\"https:\\\/\\\/gooddealersmeds.com\\\/da\\\/product\\\/kob-jwh-018-online\\\/#breadcrumb\",\"itemListElement\":[{\"@type\":\"ListItem\",\"position\":1,\"name\":\"Home\",\"item\":\"https:\\\/\\\/gooddealersmeds.com\\\/da\\\/\"},{\"@type\":\"ListItem\",\"position\":2,\"name\":\"Produkter\",\"item\":\"https:\\\/\\\/gooddealersmeds.com\\\/da\\\/produkter\\\/\"},{\"@type\":\"ListItem\",\"position\":3,\"name\":\"K\u00f8b JWH-018 online\"}]},{\"@type\":\"WebSite\",\"@id\":\"https:\\\/\\\/gooddealersmeds.com\\\/da\\\/#website\",\"url\":\"https:\\\/\\\/gooddealersmeds.com\\\/da\\\/\",\"name\":\"Good Dealers Meds\",\"description\":\"All our best\",\"publisher\":{\"@id\":\"https:\\\/\\\/gooddealersmeds.com\\\/da\\\/#organization\"},\"potentialAction\":[{\"@type\":\"SearchAction\",\"target\":{\"@type\":\"EntryPoint\",\"urlTemplate\":\"https:\\\/\\\/gooddealersmeds.com\\\/da\\\/?s={search_term_string}\"},\"query-input\":{\"@type\":\"PropertyValueSpecification\",\"valueRequired\":true,\"valueName\":\"search_term_string\"}}],\"inLanguage\":\"en-US\"},{\"@type\":\"Organization\",\"@id\":\"https:\\\/\\\/gooddealersmeds.com\\\/da\\\/#organization\",\"name\":\"Good Dealers Meds\",\"url\":\"https:\\\/\\\/gooddealersmeds.com\\\/da\\\/\",\"logo\":{\"@type\":\"ImageObject\",\"inLanguage\":\"en-US\",\"@id\":\"https:\\\/\\\/gooddealersmeds.com\\\/da\\\/#\\\/schema\\\/logo\\\/image\\\/\",\"url\":\"https:\\\/\\\/gooddealersmeds.com\\\/da\\\/wp-content\\\/uploads\\\/sites\\\/2\\\/2022\\\/03\\\/gooddealersmeds__logo__20220317T222800Z.00.png\",\"contentUrl\":\"https:\\\/\\\/gooddealersmeds.com\\\/da\\\/wp-content\\\/uploads\\\/sites\\\/2\\\/2022\\\/03\\\/gooddealersmeds__logo__20220317T222800Z.00.png\",\"width\":500,\"height\":325,\"caption\":\"Good Dealers Meds\"},\"image\":{\"@id\":\"https:\\\/\\\/gooddealersmeds.com\\\/da\\\/#\\\/schema\\\/logo\\\/image\\\/\"}}]}<\/script>\n<!-- \/ Yoast SEO Premium plugin. -->","yoast_head_json":{"title":"K\u00f8b JWH-018 online | Bestil JWH-018 her | JWH-018 til salg.","description":"K\u00f8b JWH-018 online, vi er de bedste leverand\u00f8rer af JWH-018 til en overkommelig pris og garanti for levering. Bestil det bedste kvalitetsprodukt.","robots":{"index":"index","follow":"follow","max-snippet":"max-snippet:-1","max-image-preview":"max-image-preview:large","max-video-preview":"max-video-preview:-1"},"canonical":"https:\/\/gooddealersmeds.com\/da\/product\/kob-jwh-018-online\/","og_locale":"en_US","og_type":"article","og_title":"K\u00f8b JWH-018 online","og_description":"K\u00f8b JWH-018 online, vi er de bedste leverand\u00f8rer af JWH-018 til en overkommelig pris og garanti for levering. Bestil det bedste kvalitetsprodukt.","og_url":"https:\/\/gooddealersmeds.com\/da\/product\/kob-jwh-018-online\/","og_site_name":"Good Dealers Meds","article_modified_time":"2023-03-12T01:59:25+00:00","og_image":[{"width":600,"height":600,"url":"https:\/\/gooddealersmeds.com\/da\/wp-content\/uploads\/sites\/2\/2023\/01\/JHW-018-1.jpg","type":"image\/jpeg"}],"twitter_card":"summary_large_image","twitter_misc":{"Est. reading time":"1 minute"},"schema":{"@context":"https:\/\/schema.org","@graph":[{"@type":"WebPage","@id":"https:\/\/gooddealersmeds.com\/da\/product\/kob-jwh-018-online\/","url":"https:\/\/gooddealersmeds.com\/da\/product\/kob-jwh-018-online\/","name":"K\u00f8b JWH-018 online | Bestil JWH-018 her | JWH-018 til salg.","isPartOf":{"@id":"https:\/\/gooddealersmeds.com\/da\/#website"},"primaryImageOfPage":{"@id":"https:\/\/gooddealersmeds.com\/da\/product\/kob-jwh-018-online\/#primaryimage"},"image":{"@id":"https:\/\/gooddealersmeds.com\/da\/product\/kob-jwh-018-online\/#primaryimage"},"thumbnailUrl":"https:\/\/gooddealersmeds.com\/da\/wp-content\/uploads\/sites\/2\/2023\/01\/JHW-018-1.jpg","datePublished":"2023-01-08T18:43:17+00:00","dateModified":"2023-03-12T01:59:25+00:00","description":"K\u00f8b JWH-018 online, vi er de bedste leverand\u00f8rer af JWH-018 til en overkommelig pris og garanti for levering. Bestil det bedste kvalitetsprodukt.","breadcrumb":{"@id":"https:\/\/gooddealersmeds.com\/da\/product\/kob-jwh-018-online\/#breadcrumb"},"inLanguage":"en-US","potentialAction":[{"@type":"ReadAction","target":["https:\/\/gooddealersmeds.com\/da\/product\/kob-jwh-018-online\/"]}]},{"@type":"ImageObject","inLanguage":"en-US","@id":"https:\/\/gooddealersmeds.com\/da\/product\/kob-jwh-018-online\/#primaryimage","url":"https:\/\/gooddealersmeds.com\/da\/wp-content\/uploads\/sites\/2\/2023\/01\/JHW-018-1.jpg","contentUrl":"https:\/\/gooddealersmeds.com\/da\/wp-content\/uploads\/sites\/2\/2023\/01\/JHW-018-1.jpg","width":600,"height":600},{"@type":"BreadcrumbList","@id":"https:\/\/gooddealersmeds.com\/da\/product\/kob-jwh-018-online\/#breadcrumb","itemListElement":[{"@type":"ListItem","position":1,"name":"Home","item":"https:\/\/gooddealersmeds.com\/da\/"},{"@type":"ListItem","position":2,"name":"Produkter","item":"https:\/\/gooddealersmeds.com\/da\/produkter\/"},{"@type":"ListItem","position":3,"name":"K\u00f8b JWH-018 online"}]},{"@type":"WebSite","@id":"https:\/\/gooddealersmeds.com\/da\/#website","url":"https:\/\/gooddealersmeds.com\/da\/","name":"Good Dealers Meds","description":"All our best","publisher":{"@id":"https:\/\/gooddealersmeds.com\/da\/#organization"},"potentialAction":[{"@type":"SearchAction","target":{"@type":"EntryPoint","urlTemplate":"https:\/\/gooddealersmeds.com\/da\/?s={search_term_string}"},"query-input":{"@type":"PropertyValueSpecification","valueRequired":true,"valueName":"search_term_string"}}],"inLanguage":"en-US"},{"@type":"Organization","@id":"https:\/\/gooddealersmeds.com\/da\/#organization","name":"Good Dealers Meds","url":"https:\/\/gooddealersmeds.com\/da\/","logo":{"@type":"ImageObject","inLanguage":"en-US","@id":"https:\/\/gooddealersmeds.com\/da\/#\/schema\/logo\/image\/","url":"https:\/\/gooddealersmeds.com\/da\/wp-content\/uploads\/sites\/2\/2022\/03\/gooddealersmeds__logo__20220317T222800Z.00.png","contentUrl":"https:\/\/gooddealersmeds.com\/da\/wp-content\/uploads\/sites\/2\/2022\/03\/gooddealersmeds__logo__20220317T222800Z.00.png","width":500,"height":325,"caption":"Good Dealers Meds"},"image":{"@id":"https:\/\/gooddealersmeds.com\/da\/#\/schema\/logo\/image\/"}}]}},"_links":{"self":[{"href":"https:\/\/gooddealersmeds.com\/da\/wp-json\/wp\/v2\/product\/2218","targetHints":{"allow":["GET"]}}],"collection":[{"href":"https:\/\/gooddealersmeds.com\/da\/wp-json\/wp\/v2\/product"}],"about":[{"href":"https:\/\/gooddealersmeds.com\/da\/wp-json\/wp\/v2\/types\/product"}],"replies":[{"embeddable":true,"href":"https:\/\/gooddealersmeds.com\/da\/wp-json\/wp\/v2\/comments?post=2218"}],"wp:featuredmedia":[{"embeddable":true,"href":"https:\/\/gooddealersmeds.com\/da\/wp-json\/wp\/v2\/media\/2248"}],"wp:attachment":[{"href":"https:\/\/gooddealersmeds.com\/da\/wp-json\/wp\/v2\/media?parent=2218"}],"wp:term":[{"taxonomy":"product_brand","embeddable":true,"href":"https:\/\/gooddealersmeds.com\/da\/wp-json\/wp\/v2\/product_brand?post=2218"},{"taxonomy":"product_cat","embeddable":true,"href":"https:\/\/gooddealersmeds.com\/da\/wp-json\/wp\/v2\/product_cat?post=2218"},{"taxonomy":"product_tag","embeddable":true,"href":"https:\/\/gooddealersmeds.com\/da\/wp-json\/wp\/v2\/product_tag?post=2218"}],"curies":[{"name":"wp","href":"https:\/\/api.w.org\/{rel}","templated":true}]}}