{"id":2217,"date":"2023-01-08T18:43:17","date_gmt":"2023-01-08T18:43:17","guid":{"rendered":"https:\/\/gooddealersmeds.com\/da\/?post_type=product&#038;p=2217"},"modified":"2023-03-12T02:02:09","modified_gmt":"2023-03-12T02:02:09","slug":"kob-caluanie-muelear-oxidize","status":"publish","type":"product","link":"https:\/\/gooddealersmeds.com\/da\/product\/kob-caluanie-muelear-oxidize\/","title":{"rendered":"K\u00f8b Caluanie Muelear Oxidize"},"content":{"rendered":"<h2>Caluanie Muelear Oxidize til salg online<\/h2>\n<p>K\u00f8b Caluanie Muelear Oxidize , det\u00a0<a href=\"https:\/\/en.wikipedia.org\/wiki\/Research_chemical\">kemiske<\/a>\u00a0produkt fra Caluanie er en lysebrun visk\u00f8s v\u00e6ske opn\u00e5et fra<\/p>\n<p>Caluanie bruges i den kemiske industri og malingsindustrien som et hygroskopisk middel og er meget udbredt i bel\u00e6gnings-, malings-, plast- og trykfarveindustrien.<\/p>\n<p>&nbsp;<\/p>\n<p><strong>Vi tilbyder Caluanie Muelear Oxidize til salg.<\/strong><\/p>\n<p>Produkter:\u00a0<a href=\"https:\/\/gooddealersmeds.com\/da\/product\/kob-caluanie-muelear-oxidize\/\">Caluanie Muelear Oxidize<\/a>\u00a0(Caluanie r\u00e5 99 % produceret af Muelearoxide), Caluanie (oxidativ distributionstermostat, tungt vand):<\/p>\n<p>Dette produkt bruges til at knuse og forarbejde \u00e6delmetaller og halv\u00e6delsten. Det bruges til forarbejdning af \u00e6del- og halv\u00e6delsten samt til knusning af metaller i den kemiske industri. Caluanie Mulear Oxid online USA<\/p>\n<p>Tilg\u00e6ngelig emballage: 5L og 20L, 50L, 100L bulkpakning eller p\u00e5 k\u00f8bers anmodning.,<\/p>\n<p>K\u00f8b Caluanie Mulear Oxide online Europa<br \/>\nHvor kan man k\u00f8be Caluanie Mulear Oxide online Europa<br \/>\nEngros Caluanie Mulear Oxide online Europa<\/p>\n<p>Vi er en p\u00e5lidelig leverand\u00f8rvirksomhed og opn\u00e5r 100% succes i alle lande.<br \/>\nTungt vand \u00e6ndrer metallers egenskaber og g\u00f8r dem sk\u00f8re. Men p\u00e5 tidspunktet for tungtvandsfordampning vender metallet tilbage til sin oprindelige tilstand<\/p>\n<p>Caluanie Muelear Oxidize ordre<br \/>\nhvor kan jeg k\u00f8be Caluanie Muelear Oxidize<br \/>\nCaluanie Muelear Oxidize til salg<br \/>\nCaluanie Muelear Oxidize<br \/>\nk\u00f8b Caluanie Muelear Oxidize online<br \/>\nCaluanie Muelear Oxidize k\u00f8b her<br \/>\nCaluanie Muelear Oxidize<br \/>\nbestil Caluanie Muelear Oxidize online<br \/>\nBillig Caluanie Muelear Oxidize til salg<br \/>\nCaluanie Muelear Oxidize her<br \/>\nCaluanie Muelear Oxidize n\u00e6r mig<br \/>\nCaluanie Muelear Oxidize hvor kan man bestille<br \/>\nCaluanie Muelear Oxidize distribut\u00f8r<\/p>\n<p>Bestil Caluanie Mulear Oxide online Europa<br \/>\nHvor kan man bestille Caluanie Mulear Oxide online Europa<br \/>\nEngros Caluanie Mulear Oxide online<\/p>\n<p>Vi tilbyder Caluanie Muelear Oxidize til salg<\/p>\n","protected":false},"excerpt":{"rendered":"<p><strong>K\u00f8b amerikansk fremstillet Caluanie Muelear Oxidize til metalknusning<\/strong><\/p>\n<p>Vi tilbyder Caluanie Muelear Oxidize til salg. Produkt: Caluanie Muelear Oxidize (R\u00e5 Caluanie 99% fremstillet af Muelearoxidize) Caluanie (Termostat til oxidativ partisanisering, tungt vand): Pris pr. \u00e6ske (1 stk.) -5 L.<\/p>\n","protected":false},"featured_media":2247,"comment_status":"open","ping_status":"closed","template":"","meta":{"inline_featured_image":false},"product_brand":[],"product_cat":[344],"product_tag":[684,682,607,609,679,681,680,677,678,686,685,683],"class_list":{"0":"post-2217","1":"product","2":"type-product","3":"status-publish","4":"has-post-thumbnail","6":"product_cat-forsknings-kemikalier","7":"product_tag-bestil-caluanie-muelear-oxidize-online","8":"product_tag-bestille","9":"product_tag-caluanie-muelear-oxidize","10":"product_tag-caluanie-muelear-oxidize-distributor","11":"product_tag-caluanie-muelear-oxidize-her","12":"product_tag-caluanie-muelear-oxidize-hvor-du-skal-caluanie-muelear-oxidize","13":"product_tag-caluanie-muelear-oxidize-i-naerheden-af-mig","14":"product_tag-caluanie-muelear-oxidize-kob-her","15":"product_tag-caluanie-muelear-oxidize-til-salg","16":"product_tag-hvor-kan-jeg-kobe-caluanie-muelear-oxidize","17":"product_tag-kob-caluanie-muelear-oxidize-online","18":"product_tag-saled","20":"first","21":"instock","22":"shipping-taxable","23":"purchasable","24":"product-type-variable","25":"has-default-attributes"},"yoast_head":"<!-- This site is optimized with the Yoast SEO Premium plugin v20.6 (Yoast SEO v27.4) - https:\/\/yoast.com\/product\/yoast-seo-premium-wordpress\/ -->\n<title>K\u00f8b Caluanie Muelear Oxidize | Caluanie Muelear Oxidize til salg.<\/title>\n<meta name=\"description\" content=\"Vi er den bedste leverand\u00f8r af Caluanie Muelear Oxidize til en overkommelig pris og garanti for levering. K\u00f8b Caluanie Muelear Oxidize.\" \/>\n<meta name=\"robots\" content=\"index, follow, max-snippet:-1, max-image-preview:large, max-video-preview:-1\" \/>\n<link rel=\"canonical\" href=\"https:\/\/gooddealersmeds.com\/da\/product\/kob-caluanie-muelear-oxidize\/\" \/>\n<meta property=\"og:locale\" content=\"en_US\" \/>\n<meta property=\"og:type\" content=\"article\" \/>\n<meta property=\"og:title\" content=\"K\u00f8b Caluanie Muelear Oxidize\" \/>\n<meta property=\"og:description\" content=\"Vi er den bedste leverand\u00f8r af Caluanie Muelear Oxidize til en overkommelig pris og garanti for levering. K\u00f8b Caluanie Muelear Oxidize.\" \/>\n<meta property=\"og:url\" content=\"https:\/\/gooddealersmeds.com\/da\/product\/kob-caluanie-muelear-oxidize\/\" \/>\n<meta property=\"og:site_name\" content=\"Good Dealers Meds\" \/>\n<meta property=\"article:modified_time\" content=\"2023-03-12T02:02:09+00:00\" \/>\n<meta property=\"og:image\" content=\"https:\/\/gooddealersmeds.com\/da\/wp-content\/uploads\/sites\/2\/2023\/01\/Caluanie-Muelear-Oxidize-for-sal.jpg\" \/>\n\t<meta property=\"og:image:width\" content=\"600\" \/>\n\t<meta property=\"og:image:height\" content=\"600\" \/>\n\t<meta property=\"og:image:type\" content=\"image\/jpeg\" \/>\n<meta name=\"twitter:card\" content=\"summary_large_image\" \/>\n<meta name=\"twitter:label1\" content=\"Est. reading time\" \/>\n\t<meta name=\"twitter:data1\" content=\"1 minute\" \/>\n<script type=\"application\/ld+json\" class=\"yoast-schema-graph\">{\"@context\":\"https:\\\/\\\/schema.org\",\"@graph\":[{\"@type\":\"WebPage\",\"@id\":\"https:\\\/\\\/gooddealersmeds.com\\\/da\\\/product\\\/kob-caluanie-muelear-oxidize\\\/\",\"url\":\"https:\\\/\\\/gooddealersmeds.com\\\/da\\\/product\\\/kob-caluanie-muelear-oxidize\\\/\",\"name\":\"K\u00f8b Caluanie Muelear Oxidize | Caluanie Muelear Oxidize til salg.\",\"isPartOf\":{\"@id\":\"https:\\\/\\\/gooddealersmeds.com\\\/da\\\/#website\"},\"primaryImageOfPage\":{\"@id\":\"https:\\\/\\\/gooddealersmeds.com\\\/da\\\/product\\\/kob-caluanie-muelear-oxidize\\\/#primaryimage\"},\"image\":{\"@id\":\"https:\\\/\\\/gooddealersmeds.com\\\/da\\\/product\\\/kob-caluanie-muelear-oxidize\\\/#primaryimage\"},\"thumbnailUrl\":\"https:\\\/\\\/gooddealersmeds.com\\\/da\\\/wp-content\\\/uploads\\\/sites\\\/2\\\/2023\\\/01\\\/Caluanie-Muelear-Oxidize-for-sal.jpg\",\"datePublished\":\"2023-01-08T18:43:17+00:00\",\"dateModified\":\"2023-03-12T02:02:09+00:00\",\"description\":\"Vi er den bedste leverand\u00f8r af Caluanie Muelear Oxidize til en overkommelig pris og garanti for levering. K\u00f8b Caluanie Muelear Oxidize.\",\"breadcrumb\":{\"@id\":\"https:\\\/\\\/gooddealersmeds.com\\\/da\\\/product\\\/kob-caluanie-muelear-oxidize\\\/#breadcrumb\"},\"inLanguage\":\"en-US\",\"potentialAction\":[{\"@type\":\"ReadAction\",\"target\":[\"https:\\\/\\\/gooddealersmeds.com\\\/da\\\/product\\\/kob-caluanie-muelear-oxidize\\\/\"]}]},{\"@type\":\"ImageObject\",\"inLanguage\":\"en-US\",\"@id\":\"https:\\\/\\\/gooddealersmeds.com\\\/da\\\/product\\\/kob-caluanie-muelear-oxidize\\\/#primaryimage\",\"url\":\"https:\\\/\\\/gooddealersmeds.com\\\/da\\\/wp-content\\\/uploads\\\/sites\\\/2\\\/2023\\\/01\\\/Caluanie-Muelear-Oxidize-for-sal.jpg\",\"contentUrl\":\"https:\\\/\\\/gooddealersmeds.com\\\/da\\\/wp-content\\\/uploads\\\/sites\\\/2\\\/2023\\\/01\\\/Caluanie-Muelear-Oxidize-for-sal.jpg\",\"width\":600,\"height\":600},{\"@type\":\"BreadcrumbList\",\"@id\":\"https:\\\/\\\/gooddealersmeds.com\\\/da\\\/product\\\/kob-caluanie-muelear-oxidize\\\/#breadcrumb\",\"itemListElement\":[{\"@type\":\"ListItem\",\"position\":1,\"name\":\"Home\",\"item\":\"https:\\\/\\\/gooddealersmeds.com\\\/da\\\/\"},{\"@type\":\"ListItem\",\"position\":2,\"name\":\"Produkter\",\"item\":\"https:\\\/\\\/gooddealersmeds.com\\\/da\\\/produkter\\\/\"},{\"@type\":\"ListItem\",\"position\":3,\"name\":\"K\u00f8b Caluanie Muelear Oxidize\"}]},{\"@type\":\"WebSite\",\"@id\":\"https:\\\/\\\/gooddealersmeds.com\\\/da\\\/#website\",\"url\":\"https:\\\/\\\/gooddealersmeds.com\\\/da\\\/\",\"name\":\"Good Dealers Meds\",\"description\":\"All our best\",\"publisher\":{\"@id\":\"https:\\\/\\\/gooddealersmeds.com\\\/da\\\/#organization\"},\"potentialAction\":[{\"@type\":\"SearchAction\",\"target\":{\"@type\":\"EntryPoint\",\"urlTemplate\":\"https:\\\/\\\/gooddealersmeds.com\\\/da\\\/?s={search_term_string}\"},\"query-input\":{\"@type\":\"PropertyValueSpecification\",\"valueRequired\":true,\"valueName\":\"search_term_string\"}}],\"inLanguage\":\"en-US\"},{\"@type\":\"Organization\",\"@id\":\"https:\\\/\\\/gooddealersmeds.com\\\/da\\\/#organization\",\"name\":\"Good Dealers Meds\",\"url\":\"https:\\\/\\\/gooddealersmeds.com\\\/da\\\/\",\"logo\":{\"@type\":\"ImageObject\",\"inLanguage\":\"en-US\",\"@id\":\"https:\\\/\\\/gooddealersmeds.com\\\/da\\\/#\\\/schema\\\/logo\\\/image\\\/\",\"url\":\"https:\\\/\\\/gooddealersmeds.com\\\/da\\\/wp-content\\\/uploads\\\/sites\\\/2\\\/2022\\\/03\\\/gooddealersmeds__logo__20220317T222800Z.00.png\",\"contentUrl\":\"https:\\\/\\\/gooddealersmeds.com\\\/da\\\/wp-content\\\/uploads\\\/sites\\\/2\\\/2022\\\/03\\\/gooddealersmeds__logo__20220317T222800Z.00.png\",\"width\":500,\"height\":325,\"caption\":\"Good Dealers Meds\"},\"image\":{\"@id\":\"https:\\\/\\\/gooddealersmeds.com\\\/da\\\/#\\\/schema\\\/logo\\\/image\\\/\"}}]}<\/script>\n<!-- \/ Yoast SEO Premium plugin. -->","yoast_head_json":{"title":"K\u00f8b Caluanie Muelear Oxidize | Caluanie Muelear Oxidize til salg.","description":"Vi er den bedste leverand\u00f8r af Caluanie Muelear Oxidize til en overkommelig pris og garanti for levering. K\u00f8b Caluanie Muelear Oxidize.","robots":{"index":"index","follow":"follow","max-snippet":"max-snippet:-1","max-image-preview":"max-image-preview:large","max-video-preview":"max-video-preview:-1"},"canonical":"https:\/\/gooddealersmeds.com\/da\/product\/kob-caluanie-muelear-oxidize\/","og_locale":"en_US","og_type":"article","og_title":"K\u00f8b Caluanie Muelear Oxidize","og_description":"Vi er den bedste leverand\u00f8r af Caluanie Muelear Oxidize til en overkommelig pris og garanti for levering. K\u00f8b Caluanie Muelear Oxidize.","og_url":"https:\/\/gooddealersmeds.com\/da\/product\/kob-caluanie-muelear-oxidize\/","og_site_name":"Good Dealers Meds","article_modified_time":"2023-03-12T02:02:09+00:00","og_image":[{"width":600,"height":600,"url":"https:\/\/gooddealersmeds.com\/da\/wp-content\/uploads\/sites\/2\/2023\/01\/Caluanie-Muelear-Oxidize-for-sal.jpg","type":"image\/jpeg"}],"twitter_card":"summary_large_image","twitter_misc":{"Est. reading time":"1 minute"},"schema":{"@context":"https:\/\/schema.org","@graph":[{"@type":"WebPage","@id":"https:\/\/gooddealersmeds.com\/da\/product\/kob-caluanie-muelear-oxidize\/","url":"https:\/\/gooddealersmeds.com\/da\/product\/kob-caluanie-muelear-oxidize\/","name":"K\u00f8b Caluanie Muelear Oxidize | Caluanie Muelear Oxidize til salg.","isPartOf":{"@id":"https:\/\/gooddealersmeds.com\/da\/#website"},"primaryImageOfPage":{"@id":"https:\/\/gooddealersmeds.com\/da\/product\/kob-caluanie-muelear-oxidize\/#primaryimage"},"image":{"@id":"https:\/\/gooddealersmeds.com\/da\/product\/kob-caluanie-muelear-oxidize\/#primaryimage"},"thumbnailUrl":"https:\/\/gooddealersmeds.com\/da\/wp-content\/uploads\/sites\/2\/2023\/01\/Caluanie-Muelear-Oxidize-for-sal.jpg","datePublished":"2023-01-08T18:43:17+00:00","dateModified":"2023-03-12T02:02:09+00:00","description":"Vi er den bedste leverand\u00f8r af Caluanie Muelear Oxidize til en overkommelig pris og garanti for levering. K\u00f8b Caluanie Muelear Oxidize.","breadcrumb":{"@id":"https:\/\/gooddealersmeds.com\/da\/product\/kob-caluanie-muelear-oxidize\/#breadcrumb"},"inLanguage":"en-US","potentialAction":[{"@type":"ReadAction","target":["https:\/\/gooddealersmeds.com\/da\/product\/kob-caluanie-muelear-oxidize\/"]}]},{"@type":"ImageObject","inLanguage":"en-US","@id":"https:\/\/gooddealersmeds.com\/da\/product\/kob-caluanie-muelear-oxidize\/#primaryimage","url":"https:\/\/gooddealersmeds.com\/da\/wp-content\/uploads\/sites\/2\/2023\/01\/Caluanie-Muelear-Oxidize-for-sal.jpg","contentUrl":"https:\/\/gooddealersmeds.com\/da\/wp-content\/uploads\/sites\/2\/2023\/01\/Caluanie-Muelear-Oxidize-for-sal.jpg","width":600,"height":600},{"@type":"BreadcrumbList","@id":"https:\/\/gooddealersmeds.com\/da\/product\/kob-caluanie-muelear-oxidize\/#breadcrumb","itemListElement":[{"@type":"ListItem","position":1,"name":"Home","item":"https:\/\/gooddealersmeds.com\/da\/"},{"@type":"ListItem","position":2,"name":"Produkter","item":"https:\/\/gooddealersmeds.com\/da\/produkter\/"},{"@type":"ListItem","position":3,"name":"K\u00f8b Caluanie Muelear Oxidize"}]},{"@type":"WebSite","@id":"https:\/\/gooddealersmeds.com\/da\/#website","url":"https:\/\/gooddealersmeds.com\/da\/","name":"Good Dealers Meds","description":"All our best","publisher":{"@id":"https:\/\/gooddealersmeds.com\/da\/#organization"},"potentialAction":[{"@type":"SearchAction","target":{"@type":"EntryPoint","urlTemplate":"https:\/\/gooddealersmeds.com\/da\/?s={search_term_string}"},"query-input":{"@type":"PropertyValueSpecification","valueRequired":true,"valueName":"search_term_string"}}],"inLanguage":"en-US"},{"@type":"Organization","@id":"https:\/\/gooddealersmeds.com\/da\/#organization","name":"Good Dealers Meds","url":"https:\/\/gooddealersmeds.com\/da\/","logo":{"@type":"ImageObject","inLanguage":"en-US","@id":"https:\/\/gooddealersmeds.com\/da\/#\/schema\/logo\/image\/","url":"https:\/\/gooddealersmeds.com\/da\/wp-content\/uploads\/sites\/2\/2022\/03\/gooddealersmeds__logo__20220317T222800Z.00.png","contentUrl":"https:\/\/gooddealersmeds.com\/da\/wp-content\/uploads\/sites\/2\/2022\/03\/gooddealersmeds__logo__20220317T222800Z.00.png","width":500,"height":325,"caption":"Good Dealers Meds"},"image":{"@id":"https:\/\/gooddealersmeds.com\/da\/#\/schema\/logo\/image\/"}}]}},"_links":{"self":[{"href":"https:\/\/gooddealersmeds.com\/da\/wp-json\/wp\/v2\/product\/2217","targetHints":{"allow":["GET"]}}],"collection":[{"href":"https:\/\/gooddealersmeds.com\/da\/wp-json\/wp\/v2\/product"}],"about":[{"href":"https:\/\/gooddealersmeds.com\/da\/wp-json\/wp\/v2\/types\/product"}],"replies":[{"embeddable":true,"href":"https:\/\/gooddealersmeds.com\/da\/wp-json\/wp\/v2\/comments?post=2217"}],"wp:featuredmedia":[{"embeddable":true,"href":"https:\/\/gooddealersmeds.com\/da\/wp-json\/wp\/v2\/media\/2247"}],"wp:attachment":[{"href":"https:\/\/gooddealersmeds.com\/da\/wp-json\/wp\/v2\/media?parent=2217"}],"wp:term":[{"taxonomy":"product_brand","embeddable":true,"href":"https:\/\/gooddealersmeds.com\/da\/wp-json\/wp\/v2\/product_brand?post=2217"},{"taxonomy":"product_cat","embeddable":true,"href":"https:\/\/gooddealersmeds.com\/da\/wp-json\/wp\/v2\/product_cat?post=2217"},{"taxonomy":"product_tag","embeddable":true,"href":"https:\/\/gooddealersmeds.com\/da\/wp-json\/wp\/v2\/product_tag?post=2217"}],"curies":[{"name":"wp","href":"https:\/\/api.w.org\/{rel}","templated":true}]}}