{"id":2216,"date":"2023-01-08T18:43:16","date_gmt":"2023-01-08T18:43:16","guid":{"rendered":"https:\/\/gooddealersmeds.com\/da\/?post_type=product&#038;p=2216"},"modified":"2023-03-12T02:32:09","modified_gmt":"2023-03-12T02:32:09","slug":"kob-a-olie-amfetaminolie","status":"publish","type":"product","link":"https:\/\/gooddealersmeds.com\/da\/product\/kob-a-olie-amfetaminolie\/","title":{"rendered":"K\u00f8b A-olie (amfetaminolie)"},"content":{"rendered":"<h2><strong>K\u00f8b amfetaminolie (A-olie) online nu<\/strong><\/h2>\n<p>K\u00f8b amfetaminolie (A-olie) online. <a href=\"https:\/\/www.emcdda.europa.eu\/publications\/drug-profiles\/amphetamine_en\">A-amfetamin<\/a>\u00a0olie bruges i pot-reaktionen til at syntetisere amfetamin, men dette stof er sv\u00e6rt at isolere og rense. N\u00e5r det opvarmes med myresyre, danner N-formylamphetamin en blanding af phenylacton og formamphetamid, som hydrolyseres til at give amfetaminhydrochlorid. Amfetaminolie opn\u00e5s efter neutralisering med en bl\u00f8dere base. Amfetaminolien dampdestilleres derefter for at producere ren amfetamin. Svovlsyre bruges derefter til at behandle basisk amfetamin for at producere et krystallinsk salt. bestil amfetaminolie (A-olie) online, Online leverand\u00f8r af amfetaminolie, bestil bulk amfetaminolie til billig pris, kald amfetaminolie ogs\u00e5 A-olie, S\u00e5dan bruger du amfetaminolie,<\/p>\n<p>En anden mulighed er at syntetisere amfetamin ved reduktiv aminering af phenylacetone. I tilf\u00e6lde af ammoniakgas produceres phenylacetone af amfetamin, n\u00e5r det reduceres katalytisk (Pd\/C eller Pt2O).<\/p>\n<p>Syntese af metamfetamin og skjult amfetamin med -oliereduceret amfetamin. Reduktionstrinnet i syntesen p\u00e5 et tidspunkt er centralt for de forskellige offentliggjorte ruter for syntese af amfetamin og metamfetamin. Af de 95 referencer, der blev overvejet til syntese, brugte alle undtagen ti en reduktionistisk tilgang. I betragtning af denne mangfoldighed overvejer vi en gennemgang af kemien og diskussionen af den sammensatte litteratur. hvor kan man bestille amfetaminolie, bestille en olie online, amfetaminolie til salg, hvordan man f\u00e5r amfetaminolie, bestille amfetaminolie, en olie til salg, hvordan man k\u00f8ber en olie online,<\/p>\n","protected":false},"excerpt":{"rendered":"<p>K\u00f8b amfetaminolie (A-olie) online. A-amfetaminolie bruges i pottereaktionen til at syntetisere amfetamin, men dette stof er sv\u00e6rt at isolere og rense.<\/p>\n","protected":false},"featured_media":2246,"comment_status":"open","ping_status":"closed","template":"","meta":{"inline_featured_image":false},"product_brand":[],"product_cat":[344],"product_tag":[],"class_list":{"0":"post-2216","1":"product","2":"type-product","3":"status-publish","4":"has-post-thumbnail","6":"product_cat-forsknings-kemikalier","8":"first","9":"instock","10":"shipping-taxable","11":"purchasable","12":"product-type-variable","13":"has-default-attributes"},"yoast_head":"<!-- This site is optimized with the Yoast SEO Premium plugin v20.6 (Yoast SEO v27.3) - https:\/\/yoast.com\/product\/yoast-seo-premium-wordpress\/ -->\n<title>K\u00f8b amfetaminolie (A-olie) online | amfetaminolie (A-olie) til salg | En olie<\/title>\n<meta name=\"description\" content=\"K\u00f8b amfetaminolie (A-olie) online til overkommelige priser og f\u00e5 det leveret lige ved d\u00f8ren. Vi sender til hele verden. ordre om amfetaminolie\" \/>\n<meta name=\"robots\" content=\"index, follow, max-snippet:-1, max-image-preview:large, max-video-preview:-1\" \/>\n<link rel=\"canonical\" href=\"https:\/\/gooddealersmeds.com\/da\/product\/kob-a-olie-amfetaminolie\/\" \/>\n<meta property=\"og:locale\" content=\"en_US\" \/>\n<meta property=\"og:type\" content=\"article\" \/>\n<meta property=\"og:title\" content=\"K\u00f8b A-olie (amfetaminolie)\" \/>\n<meta property=\"og:description\" content=\"K\u00f8b amfetaminolie (A-olie) online til overkommelige priser og f\u00e5 det leveret lige ved d\u00f8ren. Vi sender til hele verden. ordre om amfetaminolie\" \/>\n<meta property=\"og:url\" content=\"https:\/\/gooddealersmeds.com\/da\/product\/kob-a-olie-amfetaminolie\/\" \/>\n<meta property=\"og:site_name\" content=\"Good Dealers Meds\" \/>\n<meta property=\"article:modified_time\" content=\"2023-03-12T02:32:09+00:00\" \/>\n<meta property=\"og:image\" content=\"https:\/\/gooddealersmeds.com\/da\/wp-content\/uploads\/sites\/2\/2023\/01\/A-Oil-Amphetamine-Oil-1.jpg\" \/>\n\t<meta property=\"og:image:width\" content=\"600\" \/>\n\t<meta property=\"og:image:height\" content=\"600\" \/>\n\t<meta property=\"og:image:type\" content=\"image\/jpeg\" \/>\n<meta name=\"twitter:card\" content=\"summary_large_image\" \/>\n<meta name=\"twitter:label1\" content=\"Est. reading time\" \/>\n\t<meta name=\"twitter:data1\" content=\"1 minute\" \/>\n<script type=\"application\/ld+json\" class=\"yoast-schema-graph\">{\"@context\":\"https:\\\/\\\/schema.org\",\"@graph\":[{\"@type\":\"WebPage\",\"@id\":\"https:\\\/\\\/gooddealersmeds.com\\\/da\\\/product\\\/kob-a-olie-amfetaminolie\\\/\",\"url\":\"https:\\\/\\\/gooddealersmeds.com\\\/da\\\/product\\\/kob-a-olie-amfetaminolie\\\/\",\"name\":\"K\u00f8b amfetaminolie (A-olie) online | amfetaminolie (A-olie) til salg | En olie\",\"isPartOf\":{\"@id\":\"https:\\\/\\\/gooddealersmeds.com\\\/da\\\/#website\"},\"primaryImageOfPage\":{\"@id\":\"https:\\\/\\\/gooddealersmeds.com\\\/da\\\/product\\\/kob-a-olie-amfetaminolie\\\/#primaryimage\"},\"image\":{\"@id\":\"https:\\\/\\\/gooddealersmeds.com\\\/da\\\/product\\\/kob-a-olie-amfetaminolie\\\/#primaryimage\"},\"thumbnailUrl\":\"https:\\\/\\\/gooddealersmeds.com\\\/da\\\/wp-content\\\/uploads\\\/sites\\\/2\\\/2023\\\/01\\\/A-Oil-Amphetamine-Oil-1.jpg\",\"datePublished\":\"2023-01-08T18:43:16+00:00\",\"dateModified\":\"2023-03-12T02:32:09+00:00\",\"description\":\"K\u00f8b amfetaminolie (A-olie) online til overkommelige priser og f\u00e5 det leveret lige ved d\u00f8ren. Vi sender til hele verden. ordre om amfetaminolie\",\"breadcrumb\":{\"@id\":\"https:\\\/\\\/gooddealersmeds.com\\\/da\\\/product\\\/kob-a-olie-amfetaminolie\\\/#breadcrumb\"},\"inLanguage\":\"en-US\",\"potentialAction\":[{\"@type\":\"ReadAction\",\"target\":[\"https:\\\/\\\/gooddealersmeds.com\\\/da\\\/product\\\/kob-a-olie-amfetaminolie\\\/\"]}]},{\"@type\":\"ImageObject\",\"inLanguage\":\"en-US\",\"@id\":\"https:\\\/\\\/gooddealersmeds.com\\\/da\\\/product\\\/kob-a-olie-amfetaminolie\\\/#primaryimage\",\"url\":\"https:\\\/\\\/gooddealersmeds.com\\\/da\\\/wp-content\\\/uploads\\\/sites\\\/2\\\/2023\\\/01\\\/A-Oil-Amphetamine-Oil-1.jpg\",\"contentUrl\":\"https:\\\/\\\/gooddealersmeds.com\\\/da\\\/wp-content\\\/uploads\\\/sites\\\/2\\\/2023\\\/01\\\/A-Oil-Amphetamine-Oil-1.jpg\",\"width\":600,\"height\":600},{\"@type\":\"BreadcrumbList\",\"@id\":\"https:\\\/\\\/gooddealersmeds.com\\\/da\\\/product\\\/kob-a-olie-amfetaminolie\\\/#breadcrumb\",\"itemListElement\":[{\"@type\":\"ListItem\",\"position\":1,\"name\":\"Home\",\"item\":\"https:\\\/\\\/gooddealersmeds.com\\\/da\\\/\"},{\"@type\":\"ListItem\",\"position\":2,\"name\":\"Produkter\",\"item\":\"https:\\\/\\\/gooddealersmeds.com\\\/da\\\/produkter\\\/\"},{\"@type\":\"ListItem\",\"position\":3,\"name\":\"K\u00f8b A-olie (amfetaminolie)\"}]},{\"@type\":\"WebSite\",\"@id\":\"https:\\\/\\\/gooddealersmeds.com\\\/da\\\/#website\",\"url\":\"https:\\\/\\\/gooddealersmeds.com\\\/da\\\/\",\"name\":\"Good Dealers Meds\",\"description\":\"All our best\",\"publisher\":{\"@id\":\"https:\\\/\\\/gooddealersmeds.com\\\/da\\\/#organization\"},\"potentialAction\":[{\"@type\":\"SearchAction\",\"target\":{\"@type\":\"EntryPoint\",\"urlTemplate\":\"https:\\\/\\\/gooddealersmeds.com\\\/da\\\/?s={search_term_string}\"},\"query-input\":{\"@type\":\"PropertyValueSpecification\",\"valueRequired\":true,\"valueName\":\"search_term_string\"}}],\"inLanguage\":\"en-US\"},{\"@type\":\"Organization\",\"@id\":\"https:\\\/\\\/gooddealersmeds.com\\\/da\\\/#organization\",\"name\":\"Good Dealers Meds\",\"url\":\"https:\\\/\\\/gooddealersmeds.com\\\/da\\\/\",\"logo\":{\"@type\":\"ImageObject\",\"inLanguage\":\"en-US\",\"@id\":\"https:\\\/\\\/gooddealersmeds.com\\\/da\\\/#\\\/schema\\\/logo\\\/image\\\/\",\"url\":\"https:\\\/\\\/gooddealersmeds.com\\\/da\\\/wp-content\\\/uploads\\\/sites\\\/2\\\/2022\\\/03\\\/gooddealersmeds__logo__20220317T222800Z.00.png\",\"contentUrl\":\"https:\\\/\\\/gooddealersmeds.com\\\/da\\\/wp-content\\\/uploads\\\/sites\\\/2\\\/2022\\\/03\\\/gooddealersmeds__logo__20220317T222800Z.00.png\",\"width\":500,\"height\":325,\"caption\":\"Good Dealers Meds\"},\"image\":{\"@id\":\"https:\\\/\\\/gooddealersmeds.com\\\/da\\\/#\\\/schema\\\/logo\\\/image\\\/\"}}]}<\/script>\n<!-- \/ Yoast SEO Premium plugin. -->","yoast_head_json":{"title":"K\u00f8b amfetaminolie (A-olie) online | amfetaminolie (A-olie) til salg | En olie","description":"K\u00f8b amfetaminolie (A-olie) online til overkommelige priser og f\u00e5 det leveret lige ved d\u00f8ren. Vi sender til hele verden. ordre om amfetaminolie","robots":{"index":"index","follow":"follow","max-snippet":"max-snippet:-1","max-image-preview":"max-image-preview:large","max-video-preview":"max-video-preview:-1"},"canonical":"https:\/\/gooddealersmeds.com\/da\/product\/kob-a-olie-amfetaminolie\/","og_locale":"en_US","og_type":"article","og_title":"K\u00f8b A-olie (amfetaminolie)","og_description":"K\u00f8b amfetaminolie (A-olie) online til overkommelige priser og f\u00e5 det leveret lige ved d\u00f8ren. Vi sender til hele verden. ordre om amfetaminolie","og_url":"https:\/\/gooddealersmeds.com\/da\/product\/kob-a-olie-amfetaminolie\/","og_site_name":"Good Dealers Meds","article_modified_time":"2023-03-12T02:32:09+00:00","og_image":[{"width":600,"height":600,"url":"https:\/\/gooddealersmeds.com\/da\/wp-content\/uploads\/sites\/2\/2023\/01\/A-Oil-Amphetamine-Oil-1.jpg","type":"image\/jpeg"}],"twitter_card":"summary_large_image","twitter_misc":{"Est. reading time":"1 minute"},"schema":{"@context":"https:\/\/schema.org","@graph":[{"@type":"WebPage","@id":"https:\/\/gooddealersmeds.com\/da\/product\/kob-a-olie-amfetaminolie\/","url":"https:\/\/gooddealersmeds.com\/da\/product\/kob-a-olie-amfetaminolie\/","name":"K\u00f8b amfetaminolie (A-olie) online | amfetaminolie (A-olie) til salg | En olie","isPartOf":{"@id":"https:\/\/gooddealersmeds.com\/da\/#website"},"primaryImageOfPage":{"@id":"https:\/\/gooddealersmeds.com\/da\/product\/kob-a-olie-amfetaminolie\/#primaryimage"},"image":{"@id":"https:\/\/gooddealersmeds.com\/da\/product\/kob-a-olie-amfetaminolie\/#primaryimage"},"thumbnailUrl":"https:\/\/gooddealersmeds.com\/da\/wp-content\/uploads\/sites\/2\/2023\/01\/A-Oil-Amphetamine-Oil-1.jpg","datePublished":"2023-01-08T18:43:16+00:00","dateModified":"2023-03-12T02:32:09+00:00","description":"K\u00f8b amfetaminolie (A-olie) online til overkommelige priser og f\u00e5 det leveret lige ved d\u00f8ren. Vi sender til hele verden. ordre om amfetaminolie","breadcrumb":{"@id":"https:\/\/gooddealersmeds.com\/da\/product\/kob-a-olie-amfetaminolie\/#breadcrumb"},"inLanguage":"en-US","potentialAction":[{"@type":"ReadAction","target":["https:\/\/gooddealersmeds.com\/da\/product\/kob-a-olie-amfetaminolie\/"]}]},{"@type":"ImageObject","inLanguage":"en-US","@id":"https:\/\/gooddealersmeds.com\/da\/product\/kob-a-olie-amfetaminolie\/#primaryimage","url":"https:\/\/gooddealersmeds.com\/da\/wp-content\/uploads\/sites\/2\/2023\/01\/A-Oil-Amphetamine-Oil-1.jpg","contentUrl":"https:\/\/gooddealersmeds.com\/da\/wp-content\/uploads\/sites\/2\/2023\/01\/A-Oil-Amphetamine-Oil-1.jpg","width":600,"height":600},{"@type":"BreadcrumbList","@id":"https:\/\/gooddealersmeds.com\/da\/product\/kob-a-olie-amfetaminolie\/#breadcrumb","itemListElement":[{"@type":"ListItem","position":1,"name":"Home","item":"https:\/\/gooddealersmeds.com\/da\/"},{"@type":"ListItem","position":2,"name":"Produkter","item":"https:\/\/gooddealersmeds.com\/da\/produkter\/"},{"@type":"ListItem","position":3,"name":"K\u00f8b A-olie (amfetaminolie)"}]},{"@type":"WebSite","@id":"https:\/\/gooddealersmeds.com\/da\/#website","url":"https:\/\/gooddealersmeds.com\/da\/","name":"Good Dealers Meds","description":"All our best","publisher":{"@id":"https:\/\/gooddealersmeds.com\/da\/#organization"},"potentialAction":[{"@type":"SearchAction","target":{"@type":"EntryPoint","urlTemplate":"https:\/\/gooddealersmeds.com\/da\/?s={search_term_string}"},"query-input":{"@type":"PropertyValueSpecification","valueRequired":true,"valueName":"search_term_string"}}],"inLanguage":"en-US"},{"@type":"Organization","@id":"https:\/\/gooddealersmeds.com\/da\/#organization","name":"Good Dealers Meds","url":"https:\/\/gooddealersmeds.com\/da\/","logo":{"@type":"ImageObject","inLanguage":"en-US","@id":"https:\/\/gooddealersmeds.com\/da\/#\/schema\/logo\/image\/","url":"https:\/\/gooddealersmeds.com\/da\/wp-content\/uploads\/sites\/2\/2022\/03\/gooddealersmeds__logo__20220317T222800Z.00.png","contentUrl":"https:\/\/gooddealersmeds.com\/da\/wp-content\/uploads\/sites\/2\/2022\/03\/gooddealersmeds__logo__20220317T222800Z.00.png","width":500,"height":325,"caption":"Good Dealers Meds"},"image":{"@id":"https:\/\/gooddealersmeds.com\/da\/#\/schema\/logo\/image\/"}}]}},"_links":{"self":[{"href":"https:\/\/gooddealersmeds.com\/da\/wp-json\/wp\/v2\/product\/2216","targetHints":{"allow":["GET"]}}],"collection":[{"href":"https:\/\/gooddealersmeds.com\/da\/wp-json\/wp\/v2\/product"}],"about":[{"href":"https:\/\/gooddealersmeds.com\/da\/wp-json\/wp\/v2\/types\/product"}],"replies":[{"embeddable":true,"href":"https:\/\/gooddealersmeds.com\/da\/wp-json\/wp\/v2\/comments?post=2216"}],"wp:featuredmedia":[{"embeddable":true,"href":"https:\/\/gooddealersmeds.com\/da\/wp-json\/wp\/v2\/media\/2246"}],"wp:attachment":[{"href":"https:\/\/gooddealersmeds.com\/da\/wp-json\/wp\/v2\/media?parent=2216"}],"wp:term":[{"taxonomy":"product_brand","embeddable":true,"href":"https:\/\/gooddealersmeds.com\/da\/wp-json\/wp\/v2\/product_brand?post=2216"},{"taxonomy":"product_cat","embeddable":true,"href":"https:\/\/gooddealersmeds.com\/da\/wp-json\/wp\/v2\/product_cat?post=2216"},{"taxonomy":"product_tag","embeddable":true,"href":"https:\/\/gooddealersmeds.com\/da\/wp-json\/wp\/v2\/product_tag?post=2216"}],"curies":[{"name":"wp","href":"https:\/\/api.w.org\/{rel}","templated":true}]}}