{"id":2215,"date":"2023-01-08T18:43:16","date_gmt":"2023-01-08T18:43:16","guid":{"rendered":"https:\/\/gooddealersmeds.com\/da\/?post_type=product&#038;p=2215"},"modified":"2023-03-12T02:31:20","modified_gmt":"2023-03-12T02:31:20","slug":"benzyl-methyl-ketone-bmk-olie","status":"publish","type":"product","link":"https:\/\/gooddealersmeds.com\/da\/product\/benzyl-methyl-ketone-bmk-olie\/","title":{"rendered":"Benzyl Methyl Ketone (BMK) olie"},"content":{"rendered":"<h2><strong>Hvor bestilles BMK olie<\/strong><\/h2>\n<p>Vi leverer i stor og lille skala. Hvor kan man bestille BMK olie \u00a0Vi handler kun med seri\u00f8se k\u00f8bere. Kontakt os venligst ikke, hvis du ikke har til hensigt at k\u00f8be. Vi leverer inden for Europa og resten af verden k\u00f8ber vej, luft og laver ogs\u00e5 drop og levering er 100% garanteret. For flere detaljer om vores produkter og hvordan man placerer og bestiller os kontakterne nedenfor: CAS 4676-39-5; A-olie; BMK olie; Phenylacetone; <a href=\"https:\/\/gooddealersmeds.com\/da\/product\/benzyl-methyl-ketone-bmk-olie\/\">PMK olie<\/a>; MDP2P olie; CAS 103-79-7<\/p>\n<p>K\u00d8B BENZYL METHYL KETONE (BMK) OLIE<\/p>\n<p>Benzyl Methyl Ketone (BMK) Pulver<\/p>\n<p>Benzyl Methyl Ketone (BMK) olie<\/p>\n<p>Phenylacetone: Pulver<\/p>\n<p>K\u00f8b phenylacetone 99,34% renhed<\/p>\n<p>Phenylacetone (ogs\u00e5 kendt som 2-phenyl-2on,\u00a0<a href=\"https:\/\/pubs.rsc.org\/\">benzylmenthylmethylketon<\/a> eller benzyl-ketonbromid) er en organisk forbindelse. Det er klar olie med et brydningsindeks p\u00e5 1,5168. Denne Sunstance i fremstillingen af metafetamin og amfetamin som et r\u00e5materiale eller mellemprodukt, hvor det ogs\u00e5 almindeligvis omtales som P2P. K\u00f8b phenylacetoneolie til salg online, Hvor kan man bestille BMK olie<\/p>\n<p>Phenylacetone er en organisk forbindelse, som er en klar olie med et brydningsindeks p\u00e5 1,5168. Disse ting bruges til fremstilling af metamfetamin og amfetamin, hvor det er almindeligt kendt som P2P. Phenylacetone er fjernelsesproduktet af amfetamin i den menneskelige krop. Phenylacetone har ogs\u00e5 nogle andre navne, s\u00e5som phenylpropan-2-on, benzylmethylketon eller methylbenzylketon.<\/p>\n<h3>BRUG AF BMK olie<\/h3>\n<p>Forskellige l\u00e6gemidler fremstilles ved hj\u00e6lp af denne phenyl 2 propanon<\/p>\n<p>Det bruges som smagsstof i f\u00f8devarer.<\/p>\n<p>Det bruges til fremstilling af kemikalier s\u00e5som metamfetamin og amfetamin som startingrediens.<\/p>\n<h3>HVOR K\u00d8BER MAN BMK OLIE ELLER PHENYLACETONOLIE TIL SALG ONLINE?<\/h3>\n<p>K\u00f8b bmk olie, bestil bmk olie, billig bmk olie bestilling, bmk til salg, k\u00f8b bmk olie kina, BMK kina,<\/p>\n","protected":false},"excerpt":{"rendered":"<p>Vi leverer i stor og lille skala af BMK Oil, Hvor kan man bestille BMK Oil, Vi handler kun med seri\u00f8se k\u00f8bere. kontakt os for at k\u00f8be BMK olie<\/p>\n","protected":false},"featured_media":2245,"comment_status":"open","ping_status":"closed","template":"","meta":{"inline_featured_image":false},"product_brand":[],"product_cat":[344],"product_tag":[603,687,689,688],"class_list":{"0":"post-2215","1":"product","2":"type-product","3":"status-publish","4":"has-post-thumbnail","6":"product_cat-forsknings-kemikalier","7":"product_tag-bmk-oil","8":"product_tag-bmk-oil-til-salg","9":"product_tag-hvor-kan-man-bestille-bmk-oil","10":"product_tag-kob-bmk-olie","12":"first","13":"instock","14":"shipping-taxable","15":"purchasable","16":"product-type-variable","17":"has-default-attributes"},"yoast_head":"<!-- This site is optimized with the Yoast SEO Premium plugin v20.6 (Yoast SEO v27.4) - https:\/\/yoast.com\/product\/yoast-seo-premium-wordpress\/ -->\n<title>Hvor kan man bestille BMK olie | K\u00f8b BMK olie | BMK Olie Til salg<\/title>\n<meta name=\"description\" content=\"Vi leverer i stor og lille skala af BMK olie, Hvor kan man bestille BMK olie, Vi handler kun med seri\u00f8se k\u00f8bere. kontakt os for at k\u00f8be BMK olie\" \/>\n<meta name=\"robots\" content=\"index, follow, max-snippet:-1, max-image-preview:large, max-video-preview:-1\" \/>\n<link rel=\"canonical\" href=\"https:\/\/gooddealersmeds.com\/da\/product\/benzyl-methyl-ketone-bmk-olie\/\" \/>\n<meta property=\"og:locale\" content=\"en_US\" \/>\n<meta property=\"og:type\" content=\"article\" \/>\n<meta property=\"og:title\" content=\"Benzyl Methyl Ketone (BMK) olie\" \/>\n<meta property=\"og:description\" content=\"Vi leverer i stor og lille skala af BMK olie, Hvor kan man bestille BMK olie, Vi handler kun med seri\u00f8se k\u00f8bere. kontakt os for at k\u00f8be BMK olie\" \/>\n<meta property=\"og:url\" content=\"https:\/\/gooddealersmeds.com\/da\/product\/benzyl-methyl-ketone-bmk-olie\/\" \/>\n<meta property=\"og:site_name\" content=\"Good Dealers Meds\" \/>\n<meta property=\"article:modified_time\" content=\"2023-03-12T02:31:20+00:00\" \/>\n<meta property=\"og:image\" content=\"https:\/\/gooddealersmeds.com\/da\/wp-content\/uploads\/sites\/2\/2023\/01\/bmk-oil.jpg\" \/>\n\t<meta property=\"og:image:width\" content=\"600\" \/>\n\t<meta property=\"og:image:height\" content=\"600\" \/>\n\t<meta property=\"og:image:type\" content=\"image\/jpeg\" \/>\n<meta name=\"twitter:card\" content=\"summary_large_image\" \/>\n<meta name=\"twitter:label1\" content=\"Est. reading time\" \/>\n\t<meta name=\"twitter:data1\" content=\"1 minute\" \/>\n<script type=\"application\/ld+json\" class=\"yoast-schema-graph\">{\"@context\":\"https:\\\/\\\/schema.org\",\"@graph\":[{\"@type\":\"WebPage\",\"@id\":\"https:\\\/\\\/gooddealersmeds.com\\\/da\\\/product\\\/benzyl-methyl-ketone-bmk-olie\\\/\",\"url\":\"https:\\\/\\\/gooddealersmeds.com\\\/da\\\/product\\\/benzyl-methyl-ketone-bmk-olie\\\/\",\"name\":\"Hvor kan man bestille BMK olie | K\u00f8b BMK olie | BMK Olie Til salg\",\"isPartOf\":{\"@id\":\"https:\\\/\\\/gooddealersmeds.com\\\/da\\\/#website\"},\"primaryImageOfPage\":{\"@id\":\"https:\\\/\\\/gooddealersmeds.com\\\/da\\\/product\\\/benzyl-methyl-ketone-bmk-olie\\\/#primaryimage\"},\"image\":{\"@id\":\"https:\\\/\\\/gooddealersmeds.com\\\/da\\\/product\\\/benzyl-methyl-ketone-bmk-olie\\\/#primaryimage\"},\"thumbnailUrl\":\"https:\\\/\\\/gooddealersmeds.com\\\/da\\\/wp-content\\\/uploads\\\/sites\\\/2\\\/2023\\\/01\\\/bmk-oil.jpg\",\"datePublished\":\"2023-01-08T18:43:16+00:00\",\"dateModified\":\"2023-03-12T02:31:20+00:00\",\"description\":\"Vi leverer i stor og lille skala af BMK olie, Hvor kan man bestille BMK olie, Vi handler kun med seri\u00f8se k\u00f8bere. kontakt os for at k\u00f8be BMK olie\",\"breadcrumb\":{\"@id\":\"https:\\\/\\\/gooddealersmeds.com\\\/da\\\/product\\\/benzyl-methyl-ketone-bmk-olie\\\/#breadcrumb\"},\"inLanguage\":\"en-US\",\"potentialAction\":[{\"@type\":\"ReadAction\",\"target\":[\"https:\\\/\\\/gooddealersmeds.com\\\/da\\\/product\\\/benzyl-methyl-ketone-bmk-olie\\\/\"]}]},{\"@type\":\"ImageObject\",\"inLanguage\":\"en-US\",\"@id\":\"https:\\\/\\\/gooddealersmeds.com\\\/da\\\/product\\\/benzyl-methyl-ketone-bmk-olie\\\/#primaryimage\",\"url\":\"https:\\\/\\\/gooddealersmeds.com\\\/da\\\/wp-content\\\/uploads\\\/sites\\\/2\\\/2023\\\/01\\\/bmk-oil.jpg\",\"contentUrl\":\"https:\\\/\\\/gooddealersmeds.com\\\/da\\\/wp-content\\\/uploads\\\/sites\\\/2\\\/2023\\\/01\\\/bmk-oil.jpg\",\"width\":600,\"height\":600},{\"@type\":\"BreadcrumbList\",\"@id\":\"https:\\\/\\\/gooddealersmeds.com\\\/da\\\/product\\\/benzyl-methyl-ketone-bmk-olie\\\/#breadcrumb\",\"itemListElement\":[{\"@type\":\"ListItem\",\"position\":1,\"name\":\"Home\",\"item\":\"https:\\\/\\\/gooddealersmeds.com\\\/da\\\/\"},{\"@type\":\"ListItem\",\"position\":2,\"name\":\"Produkter\",\"item\":\"https:\\\/\\\/gooddealersmeds.com\\\/da\\\/produkter\\\/\"},{\"@type\":\"ListItem\",\"position\":3,\"name\":\"Benzyl Methyl Ketone (BMK) olie\"}]},{\"@type\":\"WebSite\",\"@id\":\"https:\\\/\\\/gooddealersmeds.com\\\/da\\\/#website\",\"url\":\"https:\\\/\\\/gooddealersmeds.com\\\/da\\\/\",\"name\":\"Good Dealers Meds\",\"description\":\"All our best\",\"publisher\":{\"@id\":\"https:\\\/\\\/gooddealersmeds.com\\\/da\\\/#organization\"},\"potentialAction\":[{\"@type\":\"SearchAction\",\"target\":{\"@type\":\"EntryPoint\",\"urlTemplate\":\"https:\\\/\\\/gooddealersmeds.com\\\/da\\\/?s={search_term_string}\"},\"query-input\":{\"@type\":\"PropertyValueSpecification\",\"valueRequired\":true,\"valueName\":\"search_term_string\"}}],\"inLanguage\":\"en-US\"},{\"@type\":\"Organization\",\"@id\":\"https:\\\/\\\/gooddealersmeds.com\\\/da\\\/#organization\",\"name\":\"Good Dealers Meds\",\"url\":\"https:\\\/\\\/gooddealersmeds.com\\\/da\\\/\",\"logo\":{\"@type\":\"ImageObject\",\"inLanguage\":\"en-US\",\"@id\":\"https:\\\/\\\/gooddealersmeds.com\\\/da\\\/#\\\/schema\\\/logo\\\/image\\\/\",\"url\":\"https:\\\/\\\/gooddealersmeds.com\\\/da\\\/wp-content\\\/uploads\\\/sites\\\/2\\\/2022\\\/03\\\/gooddealersmeds__logo__20220317T222800Z.00.png\",\"contentUrl\":\"https:\\\/\\\/gooddealersmeds.com\\\/da\\\/wp-content\\\/uploads\\\/sites\\\/2\\\/2022\\\/03\\\/gooddealersmeds__logo__20220317T222800Z.00.png\",\"width\":500,\"height\":325,\"caption\":\"Good Dealers Meds\"},\"image\":{\"@id\":\"https:\\\/\\\/gooddealersmeds.com\\\/da\\\/#\\\/schema\\\/logo\\\/image\\\/\"}}]}<\/script>\n<!-- \/ Yoast SEO Premium plugin. -->","yoast_head_json":{"title":"Hvor kan man bestille BMK olie | K\u00f8b BMK olie | BMK Olie Til salg","description":"Vi leverer i stor og lille skala af BMK olie, Hvor kan man bestille BMK olie, Vi handler kun med seri\u00f8se k\u00f8bere. kontakt os for at k\u00f8be BMK olie","robots":{"index":"index","follow":"follow","max-snippet":"max-snippet:-1","max-image-preview":"max-image-preview:large","max-video-preview":"max-video-preview:-1"},"canonical":"https:\/\/gooddealersmeds.com\/da\/product\/benzyl-methyl-ketone-bmk-olie\/","og_locale":"en_US","og_type":"article","og_title":"Benzyl Methyl Ketone (BMK) olie","og_description":"Vi leverer i stor og lille skala af BMK olie, Hvor kan man bestille BMK olie, Vi handler kun med seri\u00f8se k\u00f8bere. kontakt os for at k\u00f8be BMK olie","og_url":"https:\/\/gooddealersmeds.com\/da\/product\/benzyl-methyl-ketone-bmk-olie\/","og_site_name":"Good Dealers Meds","article_modified_time":"2023-03-12T02:31:20+00:00","og_image":[{"width":600,"height":600,"url":"https:\/\/gooddealersmeds.com\/da\/wp-content\/uploads\/sites\/2\/2023\/01\/bmk-oil.jpg","type":"image\/jpeg"}],"twitter_card":"summary_large_image","twitter_misc":{"Est. reading time":"1 minute"},"schema":{"@context":"https:\/\/schema.org","@graph":[{"@type":"WebPage","@id":"https:\/\/gooddealersmeds.com\/da\/product\/benzyl-methyl-ketone-bmk-olie\/","url":"https:\/\/gooddealersmeds.com\/da\/product\/benzyl-methyl-ketone-bmk-olie\/","name":"Hvor kan man bestille BMK olie | K\u00f8b BMK olie | BMK Olie Til salg","isPartOf":{"@id":"https:\/\/gooddealersmeds.com\/da\/#website"},"primaryImageOfPage":{"@id":"https:\/\/gooddealersmeds.com\/da\/product\/benzyl-methyl-ketone-bmk-olie\/#primaryimage"},"image":{"@id":"https:\/\/gooddealersmeds.com\/da\/product\/benzyl-methyl-ketone-bmk-olie\/#primaryimage"},"thumbnailUrl":"https:\/\/gooddealersmeds.com\/da\/wp-content\/uploads\/sites\/2\/2023\/01\/bmk-oil.jpg","datePublished":"2023-01-08T18:43:16+00:00","dateModified":"2023-03-12T02:31:20+00:00","description":"Vi leverer i stor og lille skala af BMK olie, Hvor kan man bestille BMK olie, Vi handler kun med seri\u00f8se k\u00f8bere. kontakt os for at k\u00f8be BMK olie","breadcrumb":{"@id":"https:\/\/gooddealersmeds.com\/da\/product\/benzyl-methyl-ketone-bmk-olie\/#breadcrumb"},"inLanguage":"en-US","potentialAction":[{"@type":"ReadAction","target":["https:\/\/gooddealersmeds.com\/da\/product\/benzyl-methyl-ketone-bmk-olie\/"]}]},{"@type":"ImageObject","inLanguage":"en-US","@id":"https:\/\/gooddealersmeds.com\/da\/product\/benzyl-methyl-ketone-bmk-olie\/#primaryimage","url":"https:\/\/gooddealersmeds.com\/da\/wp-content\/uploads\/sites\/2\/2023\/01\/bmk-oil.jpg","contentUrl":"https:\/\/gooddealersmeds.com\/da\/wp-content\/uploads\/sites\/2\/2023\/01\/bmk-oil.jpg","width":600,"height":600},{"@type":"BreadcrumbList","@id":"https:\/\/gooddealersmeds.com\/da\/product\/benzyl-methyl-ketone-bmk-olie\/#breadcrumb","itemListElement":[{"@type":"ListItem","position":1,"name":"Home","item":"https:\/\/gooddealersmeds.com\/da\/"},{"@type":"ListItem","position":2,"name":"Produkter","item":"https:\/\/gooddealersmeds.com\/da\/produkter\/"},{"@type":"ListItem","position":3,"name":"Benzyl Methyl Ketone (BMK) olie"}]},{"@type":"WebSite","@id":"https:\/\/gooddealersmeds.com\/da\/#website","url":"https:\/\/gooddealersmeds.com\/da\/","name":"Good Dealers Meds","description":"All our best","publisher":{"@id":"https:\/\/gooddealersmeds.com\/da\/#organization"},"potentialAction":[{"@type":"SearchAction","target":{"@type":"EntryPoint","urlTemplate":"https:\/\/gooddealersmeds.com\/da\/?s={search_term_string}"},"query-input":{"@type":"PropertyValueSpecification","valueRequired":true,"valueName":"search_term_string"}}],"inLanguage":"en-US"},{"@type":"Organization","@id":"https:\/\/gooddealersmeds.com\/da\/#organization","name":"Good Dealers Meds","url":"https:\/\/gooddealersmeds.com\/da\/","logo":{"@type":"ImageObject","inLanguage":"en-US","@id":"https:\/\/gooddealersmeds.com\/da\/#\/schema\/logo\/image\/","url":"https:\/\/gooddealersmeds.com\/da\/wp-content\/uploads\/sites\/2\/2022\/03\/gooddealersmeds__logo__20220317T222800Z.00.png","contentUrl":"https:\/\/gooddealersmeds.com\/da\/wp-content\/uploads\/sites\/2\/2022\/03\/gooddealersmeds__logo__20220317T222800Z.00.png","width":500,"height":325,"caption":"Good Dealers Meds"},"image":{"@id":"https:\/\/gooddealersmeds.com\/da\/#\/schema\/logo\/image\/"}}]}},"_links":{"self":[{"href":"https:\/\/gooddealersmeds.com\/da\/wp-json\/wp\/v2\/product\/2215","targetHints":{"allow":["GET"]}}],"collection":[{"href":"https:\/\/gooddealersmeds.com\/da\/wp-json\/wp\/v2\/product"}],"about":[{"href":"https:\/\/gooddealersmeds.com\/da\/wp-json\/wp\/v2\/types\/product"}],"replies":[{"embeddable":true,"href":"https:\/\/gooddealersmeds.com\/da\/wp-json\/wp\/v2\/comments?post=2215"}],"wp:featuredmedia":[{"embeddable":true,"href":"https:\/\/gooddealersmeds.com\/da\/wp-json\/wp\/v2\/media\/2245"}],"wp:attachment":[{"href":"https:\/\/gooddealersmeds.com\/da\/wp-json\/wp\/v2\/media?parent=2215"}],"wp:term":[{"taxonomy":"product_brand","embeddable":true,"href":"https:\/\/gooddealersmeds.com\/da\/wp-json\/wp\/v2\/product_brand?post=2215"},{"taxonomy":"product_cat","embeddable":true,"href":"https:\/\/gooddealersmeds.com\/da\/wp-json\/wp\/v2\/product_cat?post=2215"},{"taxonomy":"product_tag","embeddable":true,"href":"https:\/\/gooddealersmeds.com\/da\/wp-json\/wp\/v2\/product_tag?post=2215"}],"curies":[{"name":"wp","href":"https:\/\/api.w.org\/{rel}","templated":true}]}}