{"id":2009,"date":"2022-07-03T14:50:24","date_gmt":"2022-07-03T14:50:24","guid":{"rendered":"https:\/\/gooddealersmeds.com\/da\/?post_type=product&#038;p=2009"},"modified":"2023-01-16T20:10:57","modified_gmt":"2023-01-16T20:10:57","slug":"buy-liquid-lsd-200ug-drop-online","status":"publish","type":"product","link":"https:\/\/gooddealersmeds.com\/da\/product\/buy-liquid-lsd-200ug-drop-online\/","title":{"rendered":"K\u00f8b flydende LSD 200ug Drop Online"},"content":{"rendered":"<h2>K\u00f8b af flydende LSD 200ug Drop online hos os.<\/h2>\n<p>Leder du efter en m\u00e5de at k\u00f8be flydende LSD 200ug drop online?<\/p>\n<p><a href=\"https:\/\/gooddealersmeds.com\/da\/product\/buy -liquid-lsd-200ug-drop-online\/\">Liquid LSD 200ug drop<\/a> er et l\u00e6gemiddel, der kan bruges til rekreative og terapeutiske form\u00e5l.<\/p>\n<p>Der er to hovedm\u00e5der: ved at tilf\u00f8je dr\u00e5ber direkte under tungen eller blande det med alkohol eller vand og drikke det ned som en cocktail. Sidstn\u00e6vnte metode anses generelt for at v\u00e6re mere farlig, fordi den kr\u00e6ver mere forsigtighed og frembringer en st\u00e6rkere effekt p\u00e5 kroppen hurtigere, end det er n\u00f8dvendigt for stort set alle andre stoffer &#8211; men hvis det ikke er noget, der bekymrer dig for meget, s\u00e5 g\u00e5 videre og brug enten metode! K\u00f8b flydende LSD Drop<\/p>\n<p>Husk, at selv en enkelt dr\u00e5be flydende LSD kan v\u00e6re for st\u00e6rk.<\/p>\n<p>Hvis du er ny i dette, s\u00e5 tag en dr\u00e5be. Den er stadig meget st\u00e6rk og vil have en god effekt p\u00e5 din krop, men den holder ikke s\u00e5 l\u00e6nge.<\/p>\n<h2>Hvorfor bestille Liquid LSD 200ug Drop Online?<\/h2>\n<p>Vi ved, at det ikke er s\u00e5 nemt at k\u00f8be flydende LSD som at ramme din lokale narkohandler. Det kr\u00e6ver tid, viden og kontanter \u2013 og hvis du s\u00f8ger at k\u00f8be online, vil du sandsynligvis st\u00e5 over for lyssky forhandlere, der vil snyde dig.<\/p>\n<p>Uanset hvor du bor i denne verden , vil du uden besv\u00e6r kunne finde en p\u00e5lidelig kilde til LSD og andre stoffer.<\/p>\n<h3>Hvor kan man k\u00f8be Liquid LSD 200ug Drop Online?<\/h3>\n<p>For at h\u00f8ste fordelene ved netop denne medicin, skal du bruge noget flydende LSD 200ug Drop. Du kan k\u00f8be det online hos Good Dealers Meds.<\/p>\n<p>Vi har de bedste tilbud p\u00e5 internettet, og vores priser er altid konkurrencedygtige. Vi har over 10 \u00e5rs erfaring i branchen, s\u00e5 stol p\u00e5 os, n\u00e5r vi siger, at du f\u00e5r et godt tilbud. S\u00e5 din s\u00f8gen efter at k\u00f8be Liquid LSD 200ug Drops online er slut!<\/p>\n","protected":false},"excerpt":{"rendered":"<p>K\u00f8b flydende lsd 200ug &amp; drop Online Billig. At k\u00f8be\u00a0<em>LSD<\/em>\u00a0er meget nemt, det er let tilg\u00e6ngeligt i onlinebutikken i USA.<\/p>\n<p><strong>1 ml = 20 dr\u00e5ber = 20 blottere<\/strong><\/p>\n","protected":false},"featured_media":2010,"comment_status":"open","ping_status":"closed","template":"","meta":{"inline_featured_image":false},"product_brand":[],"product_cat":[345],"product_tag":[575,105,583,587,584,579,586,577,581,574,585,580,576,107,578,582],"class_list":{"0":"post-2009","1":"product","2":"type-product","3":"status-publish","4":"has-post-thumbnail","6":"product_cat-psykedeliske-stoffer","7":"product_tag-buy-liquid-lsd-200ug-drop","8":"product_tag-canada","9":"product_tag-du-kan-stadig-f-vske-lsd-200ug-drop","10":"product_tag-is-liquid-lsd-200ug-drop-legal-in-canada","11":"product_tag-is-liquid-lsd-200ug-drop-legal-in-usa","12":"product_tag-flydende-lsd-til-salg","13":"product_tag-how-to-order-liquid-lsd-200ug-drop","14":"product_tag-where-to-buy-liquid-lsd-200ug-drop","15":"product_tag-where-to-buy-liquid-lsd-200ug-drop-online","16":"product_tag-buy-liquid-lsd-200ug-drop-online-buy-liquid-lsd","17":"product_tag-buy-liquid-lsd-200ug-drop-pills-online-usa","18":"product_tag-buy-liquid-lsd-200ug-online","19":"product_tag-buy-liquid-lsd-online","20":"product_tag-kbe","21":"product_tag-liquid-lsd-200ug-drop-for-sale","22":"product_tag-liquid-lsd-200ug-drop-for-sale-in-usa","24":"first","25":"instock","26":"shipping-taxable","27":"purchasable","28":"product-type-variable","29":"has-default-attributes"},"yoast_head":"<!-- This site is optimized with the Yoast SEO Premium plugin v20.6 (Yoast SEO v27.4) - https:\/\/yoast.com\/product\/yoast-seo-premium-wordpress\/ -->\n<title>K\u00f8b flydende LSD Drop online (200ug) | Bestil LSD | Good Dealers Meds<\/title>\n<meta name=\"description\" content=\"K\u00f8b flydende lsd 200ug &amp; drop online til billig pris med h\u00f8jeste renhed. Den er let tilg\u00e6ngelig p\u00e5 Europas online butik.\" \/>\n<meta name=\"robots\" content=\"index, follow, max-snippet:-1, max-image-preview:large, max-video-preview:-1\" \/>\n<link rel=\"canonical\" href=\"https:\/\/gooddealersmeds.com\/da\/product\/buy-liquid-lsd-200ug-drop-online\/\" \/>\n<meta property=\"og:locale\" content=\"en_US\" \/>\n<meta property=\"og:type\" content=\"article\" \/>\n<meta property=\"og:title\" content=\"K\u00f8b flydende LSD 200ug Drop Online\" \/>\n<meta property=\"og:description\" content=\"K\u00f8b flydende lsd 200ug &amp; drop online til billig pris med h\u00f8jeste renhed. Den er let tilg\u00e6ngelig p\u00e5 Europas online butik.\" \/>\n<meta property=\"og:url\" content=\"https:\/\/gooddealersmeds.com\/da\/product\/buy-liquid-lsd-200ug-drop-online\/\" \/>\n<meta property=\"og:site_name\" content=\"Good Dealers Meds\" \/>\n<meta property=\"article:modified_time\" content=\"2023-01-16T20:10:57+00:00\" \/>\n<meta property=\"og:image\" content=\"https:\/\/gooddealersmeds.com\/da\/wp-content\/uploads\/sites\/2\/2022\/07\/buy-liquid-lsd-200ug-drop-online-cheap-1.jpg\" \/>\n\t<meta property=\"og:image:width\" content=\"600\" \/>\n\t<meta property=\"og:image:height\" content=\"600\" \/>\n\t<meta property=\"og:image:type\" content=\"image\/jpeg\" \/>\n<meta name=\"twitter:card\" content=\"summary_large_image\" \/>\n<meta name=\"twitter:label1\" content=\"Est. reading time\" \/>\n\t<meta name=\"twitter:data1\" content=\"2 minutes\" \/>\n<script type=\"application\/ld+json\" class=\"yoast-schema-graph\">{\"@context\":\"https:\\\/\\\/schema.org\",\"@graph\":[{\"@type\":\"WebPage\",\"@id\":\"https:\\\/\\\/gooddealersmeds.com\\\/da\\\/product\\\/buy-liquid-lsd-200ug-drop-online\\\/\",\"url\":\"https:\\\/\\\/gooddealersmeds.com\\\/da\\\/product\\\/buy-liquid-lsd-200ug-drop-online\\\/\",\"name\":\"K\u00f8b flydende LSD Drop online (200ug) | Bestil LSD | Good Dealers Meds\",\"isPartOf\":{\"@id\":\"https:\\\/\\\/gooddealersmeds.com\\\/da\\\/#website\"},\"primaryImageOfPage\":{\"@id\":\"https:\\\/\\\/gooddealersmeds.com\\\/da\\\/product\\\/buy-liquid-lsd-200ug-drop-online\\\/#primaryimage\"},\"image\":{\"@id\":\"https:\\\/\\\/gooddealersmeds.com\\\/da\\\/product\\\/buy-liquid-lsd-200ug-drop-online\\\/#primaryimage\"},\"thumbnailUrl\":\"https:\\\/\\\/gooddealersmeds.com\\\/da\\\/wp-content\\\/uploads\\\/sites\\\/2\\\/2022\\\/07\\\/buy-liquid-lsd-200ug-drop-online-cheap-1.jpg\",\"datePublished\":\"2022-07-03T14:50:24+00:00\",\"dateModified\":\"2023-01-16T20:10:57+00:00\",\"description\":\"K\u00f8b flydende lsd 200ug & drop online til billig pris med h\u00f8jeste renhed. Den er let tilg\u00e6ngelig p\u00e5 Europas online butik.\",\"breadcrumb\":{\"@id\":\"https:\\\/\\\/gooddealersmeds.com\\\/da\\\/product\\\/buy-liquid-lsd-200ug-drop-online\\\/#breadcrumb\"},\"inLanguage\":\"en-US\",\"potentialAction\":[{\"@type\":\"ReadAction\",\"target\":[\"https:\\\/\\\/gooddealersmeds.com\\\/da\\\/product\\\/buy-liquid-lsd-200ug-drop-online\\\/\"]}]},{\"@type\":\"ImageObject\",\"inLanguage\":\"en-US\",\"@id\":\"https:\\\/\\\/gooddealersmeds.com\\\/da\\\/product\\\/buy-liquid-lsd-200ug-drop-online\\\/#primaryimage\",\"url\":\"https:\\\/\\\/gooddealersmeds.com\\\/da\\\/wp-content\\\/uploads\\\/sites\\\/2\\\/2022\\\/07\\\/buy-liquid-lsd-200ug-drop-online-cheap-1.jpg\",\"contentUrl\":\"https:\\\/\\\/gooddealersmeds.com\\\/da\\\/wp-content\\\/uploads\\\/sites\\\/2\\\/2022\\\/07\\\/buy-liquid-lsd-200ug-drop-online-cheap-1.jpg\",\"width\":600,\"height\":600,\"caption\":\"Buy liquid LSD Drop\"},{\"@type\":\"BreadcrumbList\",\"@id\":\"https:\\\/\\\/gooddealersmeds.com\\\/da\\\/product\\\/buy-liquid-lsd-200ug-drop-online\\\/#breadcrumb\",\"itemListElement\":[{\"@type\":\"ListItem\",\"position\":1,\"name\":\"Home\",\"item\":\"https:\\\/\\\/gooddealersmeds.com\\\/da\\\/\"},{\"@type\":\"ListItem\",\"position\":2,\"name\":\"Produkter\",\"item\":\"https:\\\/\\\/gooddealersmeds.com\\\/da\\\/produkter\\\/\"},{\"@type\":\"ListItem\",\"position\":3,\"name\":\"K\u00f8b flydende LSD 200ug Drop Online\"}]},{\"@type\":\"WebSite\",\"@id\":\"https:\\\/\\\/gooddealersmeds.com\\\/da\\\/#website\",\"url\":\"https:\\\/\\\/gooddealersmeds.com\\\/da\\\/\",\"name\":\"Good Dealers Meds\",\"description\":\"All our best\",\"publisher\":{\"@id\":\"https:\\\/\\\/gooddealersmeds.com\\\/da\\\/#organization\"},\"potentialAction\":[{\"@type\":\"SearchAction\",\"target\":{\"@type\":\"EntryPoint\",\"urlTemplate\":\"https:\\\/\\\/gooddealersmeds.com\\\/da\\\/?s={search_term_string}\"},\"query-input\":{\"@type\":\"PropertyValueSpecification\",\"valueRequired\":true,\"valueName\":\"search_term_string\"}}],\"inLanguage\":\"en-US\"},{\"@type\":\"Organization\",\"@id\":\"https:\\\/\\\/gooddealersmeds.com\\\/da\\\/#organization\",\"name\":\"Good Dealers Meds\",\"url\":\"https:\\\/\\\/gooddealersmeds.com\\\/da\\\/\",\"logo\":{\"@type\":\"ImageObject\",\"inLanguage\":\"en-US\",\"@id\":\"https:\\\/\\\/gooddealersmeds.com\\\/da\\\/#\\\/schema\\\/logo\\\/image\\\/\",\"url\":\"https:\\\/\\\/gooddealersmeds.com\\\/da\\\/wp-content\\\/uploads\\\/sites\\\/2\\\/2022\\\/03\\\/gooddealersmeds__logo__20220317T222800Z.00.png\",\"contentUrl\":\"https:\\\/\\\/gooddealersmeds.com\\\/da\\\/wp-content\\\/uploads\\\/sites\\\/2\\\/2022\\\/03\\\/gooddealersmeds__logo__20220317T222800Z.00.png\",\"width\":500,\"height\":325,\"caption\":\"Good Dealers Meds\"},\"image\":{\"@id\":\"https:\\\/\\\/gooddealersmeds.com\\\/da\\\/#\\\/schema\\\/logo\\\/image\\\/\"}}]}<\/script>\n<!-- \/ Yoast SEO Premium plugin. -->","yoast_head_json":{"title":"K\u00f8b flydende LSD Drop online (200ug) | Bestil LSD | Good Dealers Meds","description":"K\u00f8b flydende lsd 200ug & drop online til billig pris med h\u00f8jeste renhed. Den er let tilg\u00e6ngelig p\u00e5 Europas online butik.","robots":{"index":"index","follow":"follow","max-snippet":"max-snippet:-1","max-image-preview":"max-image-preview:large","max-video-preview":"max-video-preview:-1"},"canonical":"https:\/\/gooddealersmeds.com\/da\/product\/buy-liquid-lsd-200ug-drop-online\/","og_locale":"en_US","og_type":"article","og_title":"K\u00f8b flydende LSD 200ug Drop Online","og_description":"K\u00f8b flydende lsd 200ug & drop online til billig pris med h\u00f8jeste renhed. Den er let tilg\u00e6ngelig p\u00e5 Europas online butik.","og_url":"https:\/\/gooddealersmeds.com\/da\/product\/buy-liquid-lsd-200ug-drop-online\/","og_site_name":"Good Dealers Meds","article_modified_time":"2023-01-16T20:10:57+00:00","og_image":[{"width":600,"height":600,"url":"https:\/\/gooddealersmeds.com\/da\/wp-content\/uploads\/sites\/2\/2022\/07\/buy-liquid-lsd-200ug-drop-online-cheap-1.jpg","type":"image\/jpeg"}],"twitter_card":"summary_large_image","twitter_misc":{"Est. reading time":"2 minutes"},"schema":{"@context":"https:\/\/schema.org","@graph":[{"@type":"WebPage","@id":"https:\/\/gooddealersmeds.com\/da\/product\/buy-liquid-lsd-200ug-drop-online\/","url":"https:\/\/gooddealersmeds.com\/da\/product\/buy-liquid-lsd-200ug-drop-online\/","name":"K\u00f8b flydende LSD Drop online (200ug) | Bestil LSD | Good Dealers Meds","isPartOf":{"@id":"https:\/\/gooddealersmeds.com\/da\/#website"},"primaryImageOfPage":{"@id":"https:\/\/gooddealersmeds.com\/da\/product\/buy-liquid-lsd-200ug-drop-online\/#primaryimage"},"image":{"@id":"https:\/\/gooddealersmeds.com\/da\/product\/buy-liquid-lsd-200ug-drop-online\/#primaryimage"},"thumbnailUrl":"https:\/\/gooddealersmeds.com\/da\/wp-content\/uploads\/sites\/2\/2022\/07\/buy-liquid-lsd-200ug-drop-online-cheap-1.jpg","datePublished":"2022-07-03T14:50:24+00:00","dateModified":"2023-01-16T20:10:57+00:00","description":"K\u00f8b flydende lsd 200ug & drop online til billig pris med h\u00f8jeste renhed. Den er let tilg\u00e6ngelig p\u00e5 Europas online butik.","breadcrumb":{"@id":"https:\/\/gooddealersmeds.com\/da\/product\/buy-liquid-lsd-200ug-drop-online\/#breadcrumb"},"inLanguage":"en-US","potentialAction":[{"@type":"ReadAction","target":["https:\/\/gooddealersmeds.com\/da\/product\/buy-liquid-lsd-200ug-drop-online\/"]}]},{"@type":"ImageObject","inLanguage":"en-US","@id":"https:\/\/gooddealersmeds.com\/da\/product\/buy-liquid-lsd-200ug-drop-online\/#primaryimage","url":"https:\/\/gooddealersmeds.com\/da\/wp-content\/uploads\/sites\/2\/2022\/07\/buy-liquid-lsd-200ug-drop-online-cheap-1.jpg","contentUrl":"https:\/\/gooddealersmeds.com\/da\/wp-content\/uploads\/sites\/2\/2022\/07\/buy-liquid-lsd-200ug-drop-online-cheap-1.jpg","width":600,"height":600,"caption":"Buy liquid LSD Drop"},{"@type":"BreadcrumbList","@id":"https:\/\/gooddealersmeds.com\/da\/product\/buy-liquid-lsd-200ug-drop-online\/#breadcrumb","itemListElement":[{"@type":"ListItem","position":1,"name":"Home","item":"https:\/\/gooddealersmeds.com\/da\/"},{"@type":"ListItem","position":2,"name":"Produkter","item":"https:\/\/gooddealersmeds.com\/da\/produkter\/"},{"@type":"ListItem","position":3,"name":"K\u00f8b flydende LSD 200ug Drop Online"}]},{"@type":"WebSite","@id":"https:\/\/gooddealersmeds.com\/da\/#website","url":"https:\/\/gooddealersmeds.com\/da\/","name":"Good Dealers Meds","description":"All our best","publisher":{"@id":"https:\/\/gooddealersmeds.com\/da\/#organization"},"potentialAction":[{"@type":"SearchAction","target":{"@type":"EntryPoint","urlTemplate":"https:\/\/gooddealersmeds.com\/da\/?s={search_term_string}"},"query-input":{"@type":"PropertyValueSpecification","valueRequired":true,"valueName":"search_term_string"}}],"inLanguage":"en-US"},{"@type":"Organization","@id":"https:\/\/gooddealersmeds.com\/da\/#organization","name":"Good Dealers Meds","url":"https:\/\/gooddealersmeds.com\/da\/","logo":{"@type":"ImageObject","inLanguage":"en-US","@id":"https:\/\/gooddealersmeds.com\/da\/#\/schema\/logo\/image\/","url":"https:\/\/gooddealersmeds.com\/da\/wp-content\/uploads\/sites\/2\/2022\/03\/gooddealersmeds__logo__20220317T222800Z.00.png","contentUrl":"https:\/\/gooddealersmeds.com\/da\/wp-content\/uploads\/sites\/2\/2022\/03\/gooddealersmeds__logo__20220317T222800Z.00.png","width":500,"height":325,"caption":"Good Dealers Meds"},"image":{"@id":"https:\/\/gooddealersmeds.com\/da\/#\/schema\/logo\/image\/"}}]}},"_links":{"self":[{"href":"https:\/\/gooddealersmeds.com\/da\/wp-json\/wp\/v2\/product\/2009","targetHints":{"allow":["GET"]}}],"collection":[{"href":"https:\/\/gooddealersmeds.com\/da\/wp-json\/wp\/v2\/product"}],"about":[{"href":"https:\/\/gooddealersmeds.com\/da\/wp-json\/wp\/v2\/types\/product"}],"replies":[{"embeddable":true,"href":"https:\/\/gooddealersmeds.com\/da\/wp-json\/wp\/v2\/comments?post=2009"}],"wp:featuredmedia":[{"embeddable":true,"href":"https:\/\/gooddealersmeds.com\/da\/wp-json\/wp\/v2\/media\/2010"}],"wp:attachment":[{"href":"https:\/\/gooddealersmeds.com\/da\/wp-json\/wp\/v2\/media?parent=2009"}],"wp:term":[{"taxonomy":"product_brand","embeddable":true,"href":"https:\/\/gooddealersmeds.com\/da\/wp-json\/wp\/v2\/product_brand?post=2009"},{"taxonomy":"product_cat","embeddable":true,"href":"https:\/\/gooddealersmeds.com\/da\/wp-json\/wp\/v2\/product_cat?post=2009"},{"taxonomy":"product_tag","embeddable":true,"href":"https:\/\/gooddealersmeds.com\/da\/wp-json\/wp\/v2\/product_tag?post=2009"}],"curies":[{"name":"wp","href":"https:\/\/api.w.org\/{rel}","templated":true}]}}