{"id":2002,"date":"2022-08-01T19:12:36","date_gmt":"2022-08-01T19:12:36","guid":{"rendered":"https:\/\/gooddealersmeds.com\/da\/?post_type=product&#038;p=2002"},"modified":"2023-01-16T20:06:14","modified_gmt":"2023-01-16T20:06:14","slug":"kob-kvalitet-phencyclidin-pcp-vaeske","status":"publish","type":"product","link":"https:\/\/gooddealersmeds.com\/da\/product\/kob-kvalitet-phencyclidin-pcp-vaeske\/","title":{"rendered":"K\u00f8b kvalitets phencyclidin (PCP) v\u00e6ske"},"content":{"rendered":"<h2><strong>Phencyclidin Liquid (PCP)<\/strong><\/h2>\n<p>Phencyclidin Liquid (PCP) er et psykedelisk stof, der tages for dets evne til at \u00e6ndre virkeligheden. Det er et rekreativt stof; det kan ogs\u00e5 injiceres, da det er i flydende tilstand K\u00f8b phencyclidin v\u00e6ske online. Det kan ogs\u00e5 blandes med tobak eller marihuana afh\u00e6ngigt af individuelle pr\u00e6ferencer, <a href=\"https:\/\/gooddealersmeds.com\/da\/product\/buy-quality-phencyclidine-pcp-liquid\/\">hvor kan man bestille Phencyclidin Liquid<\/a> a&gt;. Phencyclidin er medlem af arylcyclohexylamin-klassen af \u200b\u200bl\u00e6gemidler, og det er et dissociativt an\u00e6stetikum. Det hj\u00e6lper med at reducere smerte betydeligt afh\u00e6ngigt af den indtagne dosis; det kan ogs\u00e5 virke som et bed\u00f8velsesmiddel, stimulerende eller depressivt middel. Bivirkninger s\u00e5som sl\u00f8ret syn, opkastning og svimmelhed kan v\u00e6re forbundet med at tage betydeligt h\u00f8je doser. Ved moderat brug f\u00e5r det dig til at f\u00f8le dig l\u00f8srevet fra virkeligheden og giver en f\u00f8lelse af eufori. Det har v\u00e6ret kendt for at efterligne n\u00e6sten, som om du har overmenneskelig styrke, og du ikke frygter noget.<\/p>\n<h2><strong>Phencyclidinbrug\u00a0<\/strong><\/h2>\n<p>Phencyclidinv\u00e6ske (PCP) har en hurtig reaktionstid, n\u00e5r den spr\u00f8jtes direkte ind i kroppen. Det slides typisk efter 6-24 timer afh\u00e6ngig af den anvendte dosis. Faren for betydelige bivirkninger og overdosering \u00f8ges, n\u00e5r PCP kombineres med andre l\u00e6gemidler, herunder receptpligtig, <a href=\"https:\/\/gooddealersmeds.com\/da\/product\/buy-quality-phencyclidine-pcp-liquid\/\">PCP til salg i h\u00e5ndk\u00f8b (OTC)<\/a> og andre rekreative opioider. Dette g\u00e6lder is\u00e6r, n\u00e5r du kombinerer medicin, der deprimerer centralnervesystemet. Det kan bremse din vejrtr\u00e6kning betydeligt, og det kan for\u00e5rsage en stigning i blodtrykket.<\/p>\n<h3><strong>PCP-dosis<\/strong><\/h3>\n<p>Phencyclidinv\u00e6ske (PCP) b\u00f8r ikke bruges ofte fordi hyppig og langvarig brug kan have ubehagelige virkninger. Det b\u00f8r ikke bruges alene, fordi brugeren kan opleve hallucinationer, som kan f\u00f8re til m\u00e6rkelig adf\u00e6rd og forvirring; at have en ledsager eller virksomhed ville v\u00e6re fremragende og gavnligt i tilf\u00e6lde af ethvert problem. Forbliv altid hydreret, n\u00e5r du bruger PCP for at undg\u00e5 dehydrering og forh\u00f8jet kropstemperatur. Det er altid en god id\u00e9 at undg\u00e5 at blande PCP med alkohol. Der er en risiko for at blive afh\u00e6ngig af dette stof, is\u00e6r n\u00e5r du bruger det konstant, det b\u00f8r tages i moderate doser, og du kan kontakte vores l\u00e6ger for at f\u00e5 ordentlig undervisning i brugen.<\/p>\n","protected":false},"excerpt":{"rendered":"<p>Phencyclidin Liquid (PCP) Phencyclidin Liquid (PCP) er et psykedelisk stof, der tages for dets evne til at \u00e6ndre virkeligheden. Det er et rekreativt stof; det kan ogs\u00e5 injiceres, da det er i flydende tilstand K\u00f8b phencyclidin v\u00e6ske online. Det kan ogs\u00e5 blandes med tobak eller marihuana afh\u00e6ngigt af individuelle pr\u00e6ferencer, hvor kan man bestille Phencyclidin&#8230;<\/p>\n","protected":false},"featured_media":2003,"comment_status":"open","ping_status":"closed","template":"","meta":{"inline_featured_image":false},"product_brand":[],"product_cat":[345],"product_tag":[],"class_list":{"0":"post-2002","1":"product","2":"type-product","3":"status-publish","4":"has-post-thumbnail","6":"product_cat-psykedeliske-stoffer","8":"first","9":"instock","10":"shipping-taxable","11":"product-type-simple"},"yoast_head":"<!-- This site is optimized with the Yoast SEO Premium plugin v20.6 (Yoast SEO v27.4) - https:\/\/yoast.com\/product\/yoast-seo-premium-wordpress\/ -->\n<title>K\u00f8b phencyclidin v\u00e6ske online - Bestil PCP v\u00e6ske | Good Dealers Meds<\/title>\n<meta name=\"description\" content=\"K\u00f8b phencyclidin v\u00e6ske online (ogs\u00e5 kendt som englest\u00f8v) til en overkommelig pris fra p\u00e5lidelige leverand\u00f8rer med den h\u00f8jeste renhed.\" \/>\n<meta name=\"robots\" content=\"index, follow, max-snippet:-1, max-image-preview:large, max-video-preview:-1\" \/>\n<link rel=\"canonical\" href=\"https:\/\/gooddealersmeds.com\/da\/product\/kob-kvalitet-phencyclidin-pcp-vaeske\/\" \/>\n<meta property=\"og:locale\" content=\"en_US\" \/>\n<meta property=\"og:type\" content=\"article\" \/>\n<meta property=\"og:title\" content=\"K\u00f8b kvalitets phencyclidin (PCP) v\u00e6ske\" \/>\n<meta property=\"og:description\" content=\"K\u00f8b phencyclidin v\u00e6ske online (ogs\u00e5 kendt som englest\u00f8v) til en overkommelig pris fra p\u00e5lidelige leverand\u00f8rer med den h\u00f8jeste renhed.\" \/>\n<meta property=\"og:url\" content=\"https:\/\/gooddealersmeds.com\/da\/product\/kob-kvalitet-phencyclidin-pcp-vaeske\/\" \/>\n<meta property=\"og:site_name\" content=\"Good Dealers Meds\" \/>\n<meta property=\"article:modified_time\" content=\"2023-01-16T20:06:14+00:00\" \/>\n<meta property=\"og:image\" content=\"https:\/\/gooddealersmeds.com\/da\/wp-content\/uploads\/sites\/2\/2022\/07\/pcp-angel-dust-solution.jpg\" \/>\n\t<meta property=\"og:image:width\" content=\"718\" \/>\n\t<meta property=\"og:image:height\" content=\"539\" \/>\n\t<meta property=\"og:image:type\" content=\"image\/jpeg\" \/>\n<meta name=\"twitter:card\" content=\"summary_large_image\" \/>\n<meta name=\"twitter:label1\" content=\"Est. reading time\" \/>\n\t<meta name=\"twitter:data1\" content=\"2 minutes\" \/>\n<script type=\"application\/ld+json\" class=\"yoast-schema-graph\">{\"@context\":\"https:\\\/\\\/schema.org\",\"@graph\":[{\"@type\":\"WebPage\",\"@id\":\"https:\\\/\\\/gooddealersmeds.com\\\/da\\\/product\\\/kob-kvalitet-phencyclidin-pcp-vaeske\\\/\",\"url\":\"https:\\\/\\\/gooddealersmeds.com\\\/da\\\/product\\\/kob-kvalitet-phencyclidin-pcp-vaeske\\\/\",\"name\":\"K\u00f8b phencyclidin v\u00e6ske online - Bestil PCP v\u00e6ske | Good Dealers Meds\",\"isPartOf\":{\"@id\":\"https:\\\/\\\/gooddealersmeds.com\\\/da\\\/#website\"},\"primaryImageOfPage\":{\"@id\":\"https:\\\/\\\/gooddealersmeds.com\\\/da\\\/product\\\/kob-kvalitet-phencyclidin-pcp-vaeske\\\/#primaryimage\"},\"image\":{\"@id\":\"https:\\\/\\\/gooddealersmeds.com\\\/da\\\/product\\\/kob-kvalitet-phencyclidin-pcp-vaeske\\\/#primaryimage\"},\"thumbnailUrl\":\"https:\\\/\\\/gooddealersmeds.com\\\/da\\\/wp-content\\\/uploads\\\/sites\\\/2\\\/2022\\\/07\\\/pcp-angel-dust-solution.jpg\",\"datePublished\":\"2022-08-01T19:12:36+00:00\",\"dateModified\":\"2023-01-16T20:06:14+00:00\",\"description\":\"K\u00f8b phencyclidin v\u00e6ske online (ogs\u00e5 kendt som englest\u00f8v) til en overkommelig pris fra p\u00e5lidelige leverand\u00f8rer med den h\u00f8jeste renhed.\",\"breadcrumb\":{\"@id\":\"https:\\\/\\\/gooddealersmeds.com\\\/da\\\/product\\\/kob-kvalitet-phencyclidin-pcp-vaeske\\\/#breadcrumb\"},\"inLanguage\":\"en-US\",\"potentialAction\":[{\"@type\":\"ReadAction\",\"target\":[\"https:\\\/\\\/gooddealersmeds.com\\\/da\\\/product\\\/kob-kvalitet-phencyclidin-pcp-vaeske\\\/\"]}]},{\"@type\":\"ImageObject\",\"inLanguage\":\"en-US\",\"@id\":\"https:\\\/\\\/gooddealersmeds.com\\\/da\\\/product\\\/kob-kvalitet-phencyclidin-pcp-vaeske\\\/#primaryimage\",\"url\":\"https:\\\/\\\/gooddealersmeds.com\\\/da\\\/wp-content\\\/uploads\\\/sites\\\/2\\\/2022\\\/07\\\/pcp-angel-dust-solution.jpg\",\"contentUrl\":\"https:\\\/\\\/gooddealersmeds.com\\\/da\\\/wp-content\\\/uploads\\\/sites\\\/2\\\/2022\\\/07\\\/pcp-angel-dust-solution.jpg\",\"width\":718,\"height\":539,\"caption\":\"buy pcp powder\"},{\"@type\":\"BreadcrumbList\",\"@id\":\"https:\\\/\\\/gooddealersmeds.com\\\/da\\\/product\\\/kob-kvalitet-phencyclidin-pcp-vaeske\\\/#breadcrumb\",\"itemListElement\":[{\"@type\":\"ListItem\",\"position\":1,\"name\":\"Home\",\"item\":\"https:\\\/\\\/gooddealersmeds.com\\\/da\\\/\"},{\"@type\":\"ListItem\",\"position\":2,\"name\":\"Produkter\",\"item\":\"https:\\\/\\\/gooddealersmeds.com\\\/da\\\/produkter\\\/\"},{\"@type\":\"ListItem\",\"position\":3,\"name\":\"K\u00f8b kvalitets phencyclidin (PCP) v\u00e6ske\"}]},{\"@type\":\"WebSite\",\"@id\":\"https:\\\/\\\/gooddealersmeds.com\\\/da\\\/#website\",\"url\":\"https:\\\/\\\/gooddealersmeds.com\\\/da\\\/\",\"name\":\"Good Dealers Meds\",\"description\":\"All our best\",\"publisher\":{\"@id\":\"https:\\\/\\\/gooddealersmeds.com\\\/da\\\/#organization\"},\"potentialAction\":[{\"@type\":\"SearchAction\",\"target\":{\"@type\":\"EntryPoint\",\"urlTemplate\":\"https:\\\/\\\/gooddealersmeds.com\\\/da\\\/?s={search_term_string}\"},\"query-input\":{\"@type\":\"PropertyValueSpecification\",\"valueRequired\":true,\"valueName\":\"search_term_string\"}}],\"inLanguage\":\"en-US\"},{\"@type\":\"Organization\",\"@id\":\"https:\\\/\\\/gooddealersmeds.com\\\/da\\\/#organization\",\"name\":\"Good Dealers Meds\",\"url\":\"https:\\\/\\\/gooddealersmeds.com\\\/da\\\/\",\"logo\":{\"@type\":\"ImageObject\",\"inLanguage\":\"en-US\",\"@id\":\"https:\\\/\\\/gooddealersmeds.com\\\/da\\\/#\\\/schema\\\/logo\\\/image\\\/\",\"url\":\"https:\\\/\\\/gooddealersmeds.com\\\/da\\\/wp-content\\\/uploads\\\/sites\\\/2\\\/2022\\\/03\\\/gooddealersmeds__logo__20220317T222800Z.00.png\",\"contentUrl\":\"https:\\\/\\\/gooddealersmeds.com\\\/da\\\/wp-content\\\/uploads\\\/sites\\\/2\\\/2022\\\/03\\\/gooddealersmeds__logo__20220317T222800Z.00.png\",\"width\":500,\"height\":325,\"caption\":\"Good Dealers Meds\"},\"image\":{\"@id\":\"https:\\\/\\\/gooddealersmeds.com\\\/da\\\/#\\\/schema\\\/logo\\\/image\\\/\"}}]}<\/script>\n<!-- \/ Yoast SEO Premium plugin. -->","yoast_head_json":{"title":"K\u00f8b phencyclidin v\u00e6ske online - Bestil PCP v\u00e6ske | Good Dealers Meds","description":"K\u00f8b phencyclidin v\u00e6ske online (ogs\u00e5 kendt som englest\u00f8v) til en overkommelig pris fra p\u00e5lidelige leverand\u00f8rer med den h\u00f8jeste renhed.","robots":{"index":"index","follow":"follow","max-snippet":"max-snippet:-1","max-image-preview":"max-image-preview:large","max-video-preview":"max-video-preview:-1"},"canonical":"https:\/\/gooddealersmeds.com\/da\/product\/kob-kvalitet-phencyclidin-pcp-vaeske\/","og_locale":"en_US","og_type":"article","og_title":"K\u00f8b kvalitets phencyclidin (PCP) v\u00e6ske","og_description":"K\u00f8b phencyclidin v\u00e6ske online (ogs\u00e5 kendt som englest\u00f8v) til en overkommelig pris fra p\u00e5lidelige leverand\u00f8rer med den h\u00f8jeste renhed.","og_url":"https:\/\/gooddealersmeds.com\/da\/product\/kob-kvalitet-phencyclidin-pcp-vaeske\/","og_site_name":"Good Dealers Meds","article_modified_time":"2023-01-16T20:06:14+00:00","og_image":[{"width":718,"height":539,"url":"https:\/\/gooddealersmeds.com\/da\/wp-content\/uploads\/sites\/2\/2022\/07\/pcp-angel-dust-solution.jpg","type":"image\/jpeg"}],"twitter_card":"summary_large_image","twitter_misc":{"Est. reading time":"2 minutes"},"schema":{"@context":"https:\/\/schema.org","@graph":[{"@type":"WebPage","@id":"https:\/\/gooddealersmeds.com\/da\/product\/kob-kvalitet-phencyclidin-pcp-vaeske\/","url":"https:\/\/gooddealersmeds.com\/da\/product\/kob-kvalitet-phencyclidin-pcp-vaeske\/","name":"K\u00f8b phencyclidin v\u00e6ske online - Bestil PCP v\u00e6ske | Good Dealers Meds","isPartOf":{"@id":"https:\/\/gooddealersmeds.com\/da\/#website"},"primaryImageOfPage":{"@id":"https:\/\/gooddealersmeds.com\/da\/product\/kob-kvalitet-phencyclidin-pcp-vaeske\/#primaryimage"},"image":{"@id":"https:\/\/gooddealersmeds.com\/da\/product\/kob-kvalitet-phencyclidin-pcp-vaeske\/#primaryimage"},"thumbnailUrl":"https:\/\/gooddealersmeds.com\/da\/wp-content\/uploads\/sites\/2\/2022\/07\/pcp-angel-dust-solution.jpg","datePublished":"2022-08-01T19:12:36+00:00","dateModified":"2023-01-16T20:06:14+00:00","description":"K\u00f8b phencyclidin v\u00e6ske online (ogs\u00e5 kendt som englest\u00f8v) til en overkommelig pris fra p\u00e5lidelige leverand\u00f8rer med den h\u00f8jeste renhed.","breadcrumb":{"@id":"https:\/\/gooddealersmeds.com\/da\/product\/kob-kvalitet-phencyclidin-pcp-vaeske\/#breadcrumb"},"inLanguage":"en-US","potentialAction":[{"@type":"ReadAction","target":["https:\/\/gooddealersmeds.com\/da\/product\/kob-kvalitet-phencyclidin-pcp-vaeske\/"]}]},{"@type":"ImageObject","inLanguage":"en-US","@id":"https:\/\/gooddealersmeds.com\/da\/product\/kob-kvalitet-phencyclidin-pcp-vaeske\/#primaryimage","url":"https:\/\/gooddealersmeds.com\/da\/wp-content\/uploads\/sites\/2\/2022\/07\/pcp-angel-dust-solution.jpg","contentUrl":"https:\/\/gooddealersmeds.com\/da\/wp-content\/uploads\/sites\/2\/2022\/07\/pcp-angel-dust-solution.jpg","width":718,"height":539,"caption":"buy pcp powder"},{"@type":"BreadcrumbList","@id":"https:\/\/gooddealersmeds.com\/da\/product\/kob-kvalitet-phencyclidin-pcp-vaeske\/#breadcrumb","itemListElement":[{"@type":"ListItem","position":1,"name":"Home","item":"https:\/\/gooddealersmeds.com\/da\/"},{"@type":"ListItem","position":2,"name":"Produkter","item":"https:\/\/gooddealersmeds.com\/da\/produkter\/"},{"@type":"ListItem","position":3,"name":"K\u00f8b kvalitets phencyclidin (PCP) v\u00e6ske"}]},{"@type":"WebSite","@id":"https:\/\/gooddealersmeds.com\/da\/#website","url":"https:\/\/gooddealersmeds.com\/da\/","name":"Good Dealers Meds","description":"All our best","publisher":{"@id":"https:\/\/gooddealersmeds.com\/da\/#organization"},"potentialAction":[{"@type":"SearchAction","target":{"@type":"EntryPoint","urlTemplate":"https:\/\/gooddealersmeds.com\/da\/?s={search_term_string}"},"query-input":{"@type":"PropertyValueSpecification","valueRequired":true,"valueName":"search_term_string"}}],"inLanguage":"en-US"},{"@type":"Organization","@id":"https:\/\/gooddealersmeds.com\/da\/#organization","name":"Good Dealers Meds","url":"https:\/\/gooddealersmeds.com\/da\/","logo":{"@type":"ImageObject","inLanguage":"en-US","@id":"https:\/\/gooddealersmeds.com\/da\/#\/schema\/logo\/image\/","url":"https:\/\/gooddealersmeds.com\/da\/wp-content\/uploads\/sites\/2\/2022\/03\/gooddealersmeds__logo__20220317T222800Z.00.png","contentUrl":"https:\/\/gooddealersmeds.com\/da\/wp-content\/uploads\/sites\/2\/2022\/03\/gooddealersmeds__logo__20220317T222800Z.00.png","width":500,"height":325,"caption":"Good Dealers Meds"},"image":{"@id":"https:\/\/gooddealersmeds.com\/da\/#\/schema\/logo\/image\/"}}]}},"_links":{"self":[{"href":"https:\/\/gooddealersmeds.com\/da\/wp-json\/wp\/v2\/product\/2002","targetHints":{"allow":["GET"]}}],"collection":[{"href":"https:\/\/gooddealersmeds.com\/da\/wp-json\/wp\/v2\/product"}],"about":[{"href":"https:\/\/gooddealersmeds.com\/da\/wp-json\/wp\/v2\/types\/product"}],"replies":[{"embeddable":true,"href":"https:\/\/gooddealersmeds.com\/da\/wp-json\/wp\/v2\/comments?post=2002"}],"wp:featuredmedia":[{"embeddable":true,"href":"https:\/\/gooddealersmeds.com\/da\/wp-json\/wp\/v2\/media\/2003"}],"wp:attachment":[{"href":"https:\/\/gooddealersmeds.com\/da\/wp-json\/wp\/v2\/media?parent=2002"}],"wp:term":[{"taxonomy":"product_brand","embeddable":true,"href":"https:\/\/gooddealersmeds.com\/da\/wp-json\/wp\/v2\/product_brand?post=2002"},{"taxonomy":"product_cat","embeddable":true,"href":"https:\/\/gooddealersmeds.com\/da\/wp-json\/wp\/v2\/product_cat?post=2002"},{"taxonomy":"product_tag","embeddable":true,"href":"https:\/\/gooddealersmeds.com\/da\/wp-json\/wp\/v2\/product_tag?post=2002"}],"curies":[{"name":"wp","href":"https:\/\/api.w.org\/{rel}","templated":true}]}}