{"id":2001,"date":"2022-07-03T14:45:15","date_gmt":"2022-07-03T14:45:15","guid":{"rendered":"https:\/\/gooddealersmeds.com\/da\/?post_type=product&#038;p=2001"},"modified":"2023-01-17T10:38:05","modified_gmt":"2023-01-17T10:38:05","slug":"kob-ketamin-pulver-online","status":"publish","type":"product","link":"https:\/\/gooddealersmeds.com\/da\/product\/kob-ketamin-pulver-online\/","title":{"rendered":"K\u00f8b ketaminpulver online"},"content":{"rendered":"<h2>Hvad er ketaminpulver, og hvordan virker det<\/h2>\n<p>Ketamin er et dissociativt bed\u00f8velsesmiddel. Det bruges af l\u00e6ger til at starte generel an\u00e6stesi &#8211; K\u00f8b ketaminpulver online. Det kan bruges til at behandle depression hos patienter, der ikke reagerer godt p\u00e5 andre former for behandlinger. Det kan bruges til at behandle angstproblemer. Alkohol og ketamin er centralnervesystemets depressiver, og som s\u00e5dan er ketamin kombineret med alkohol ikke tilr\u00e5deligt, fordi det kan have fatale virkninger. Det er et popul\u00e6rt rekreativt stof, der kan give en f\u00f8lelse af eufori, n\u00e5r det tages. Det kan ogs\u00e5 bruges til at lindre smerter, is\u00e6r n\u00e5r anden medicin ikke ser ud til at f\u00e5 arbejdet gjort. Ketamin virker ikke som andre bed\u00f8velsesmidler, der blokerer smertesignaler, det virker s\u00e5dan, at det kobler hjernen fra kroppen. Det h\u00e6mmer hjernens evne til at behandle smertesignaler. Ketamin er kendt for at \u00f8ge neural aktivitet, og nogle unders\u00f8gelser har vist, at det kan. <a href=\"https:\/\/gooddealersmeds.com\/da\/product\/buy-ketamine-powder-online\/\">Hvordan bestiller jeg ketamin<\/a><\/p>\n<p><strong>Hvad er det rigtige sted at k\u00f8be ketamin?<\/strong><\/p>\n<p>bruges til at behandle nogle psykiske sygdomme. Det kan bruges til at lindre smerter som f\u00f8lge af forbr\u00e6ndingsskader. Det kan bruges til at behandle skader p\u00e5 slagmarken. Det er ogs\u00e5 blevet brugt til smertebehandling hos b\u00f8rn, der ikke kan bruge andre bed\u00f8velsesmidler p\u00e5 grund af bivirkninger eller allergi. Virkningen m\u00e6rkes normalt et par minutter efter den er taget. Reaktionstiden afh\u00e6nger af brugsm\u00e5den &#8211; Ketaminpulver til salg. N\u00e5r det tages, varierer den tid, det tager for det at begynde at virke, fra et par sekunder til 30 minutter. Brugerne af ketamin er blevet rapporteret at opleve et h\u00f8jt niveau, der kan f\u00e5 dem til at f\u00f8le sig glade og veltilpas. Derudover kunne de f\u00f8le sig l\u00f8srevet fra deres krop p\u00e5 grund af det faktum, at det er et dissociativt bed\u00f8velsesmiddel. Medicinen p\u00e5virker glutaminreceptorer og reparerer og reaktiverer synapser, og dermed forbedrer den hjernens tilpasningsevne, hvilket kan hj\u00e6lpe med at overvinde depression. K\u00f8b ketaminpulver online<\/p>\n<p><strong>Hvordan man bestiller ketamin og effekter, m\u00e5der at bruge det p\u00e5<\/strong><\/p>\n<p>Ketamin er blevet rapporteret at g\u00f8re antidepressiva eller psykoterapi effektiv selvom de ikke var s\u00e5 effektive i starten. Det kan ogs\u00e5 forklare, hvorfor ketamin kan g\u00f8re antidepressiva eller psykoterapi effektive, efter at de ikke var f\u00f8r. Nogle brugere h\u00e6vder, at det giver en dejlig fornemmelse og f\u00e5r dem til at f\u00f8le sig i \u00e9t med kosmos. At tage det i selskab med venner i en rolig &#8211; bestil ketaminpulver her, afslappede omgivelser kan v\u00e6re spirituelle og beroligende; at tage det i en klub kan v\u00e6re sp\u00e6ndende med \u00f8get energi og en god high.<\/p>\n<p>Ketamin kan ogs\u00e5 have andre ugunstige bivirkninger, s\u00e5som angst, svimmelhed eller tab af balance. Det er ogs\u00e5 et meget vanedannende stof, det er lugt- og farvel\u00f8st og kan bruges til at skade, hvis der ikke tages ordentligt hensyn. Ketamin til salg Kontakt vores l\u00e6ger for at f\u00e5 ordentlig r\u00e5dgivning.<\/p>\n","protected":false},"excerpt":{"rendered":"<p>K\u00f8b ketaminpulver online. K\u00f8b ketamin HCL pulver til salg online &#8211; ketamin pulver til salg online &#8211; Bestil ketamin pulver<\/p>\n","protected":false},"featured_media":2008,"comment_status":"open","ping_status":"closed","template":"","meta":{"inline_featured_image":false},"product_brand":[],"product_cat":[345],"product_tag":[571,105,569,573,570,564,567,572,565,568,566,563,562,561,203,107,109,108,110,106,104],"class_list":{"0":"post-2001","1":"product","2":"type-product","3":"status-publish","4":"has-post-thumbnail","6":"product_cat-psykedeliske-stoffer","7":"product_tag-buy-ketamine-powder-online-usa","8":"product_tag-canada","9":"product_tag-du-kan-stadig-f-ketamin-pulver","10":"product_tag-er-ketamin-pulver-lovligt-i-canada","11":"product_tag-er-ketamin-pulver-lovligt-i-usa","12":"product_tag-hvor-kan-kbes-ketamin-pulver","13":"product_tag-hvor-kan-kbes-ketamin-pulver-online","14":"product_tag-hvordan-bestiller-man-ketamin-pulver","15":"product_tag-ketamin-pulver-til-salg","16":"product_tag-ketamin-pulver-til-salg-i-usa","17":"product_tag-ketamin-til-salg","18":"product_tag-kb-ketamin-online","19":"product_tag-kb-ketamin-pulver","20":"product_tag-kb-ketamin-pulver-online-kb-pulver","21":"product_tag-kb-pulver-online","22":"product_tag-kbe","23":"product_tag-leverandrer","24":"product_tag-online","25":"product_tag-sikker-levering","26":"product_tag-uk","27":"product_tag-usa","29":"first","30":"instock","31":"shipping-taxable","32":"purchasable","33":"product-type-variable","34":"has-default-attributes"},"yoast_head":"<!-- This site is optimized with the Yoast SEO Premium plugin v20.6 (Yoast SEO v27.3) - https:\/\/yoast.com\/product\/yoast-seo-premium-wordpress\/ -->\n<title>K\u00f8b ketaminpulver online - K\u00f8b ketamin | Good Dealers Meds<\/title>\n<meta name=\"description\" content=\"K\u00f8b ketaminpulver online. Ketamin HCL til salg \u2013 Bestil ketamin til en overkommelig pris med garanteret tilfredshed og hurtig levering.\" \/>\n<meta name=\"robots\" content=\"index, follow, max-snippet:-1, max-image-preview:large, max-video-preview:-1\" \/>\n<link rel=\"canonical\" href=\"https:\/\/gooddealersmeds.com\/da\/product\/kob-ketamin-pulver-online\/\" \/>\n<meta property=\"og:locale\" content=\"en_US\" \/>\n<meta property=\"og:type\" content=\"article\" \/>\n<meta property=\"og:title\" content=\"K\u00f8b ketaminpulver online\" \/>\n<meta property=\"og:description\" content=\"K\u00f8b ketaminpulver online. Ketamin HCL til salg \u2013 Bestil ketamin til en overkommelig pris med garanteret tilfredshed og hurtig levering.\" \/>\n<meta property=\"og:url\" content=\"https:\/\/gooddealersmeds.com\/da\/product\/kob-ketamin-pulver-online\/\" \/>\n<meta property=\"og:site_name\" content=\"Good Dealers Meds\" \/>\n<meta property=\"article:modified_time\" content=\"2023-01-17T10:38:05+00:00\" \/>\n<meta property=\"og:image\" content=\"https:\/\/gooddealersmeds.com\/da\/wp-content\/uploads\/sites\/2\/2022\/07\/ketamine-powder.jpg\" \/>\n\t<meta property=\"og:image:width\" content=\"600\" \/>\n\t<meta property=\"og:image:height\" content=\"600\" \/>\n\t<meta property=\"og:image:type\" content=\"image\/jpeg\" \/>\n<meta name=\"twitter:card\" content=\"summary_large_image\" \/>\n<meta name=\"twitter:label1\" content=\"Est. reading time\" \/>\n\t<meta name=\"twitter:data1\" content=\"3 minutes\" \/>\n<script type=\"application\/ld+json\" class=\"yoast-schema-graph\">{\"@context\":\"https:\\\/\\\/schema.org\",\"@graph\":[{\"@type\":\"WebPage\",\"@id\":\"https:\\\/\\\/gooddealersmeds.com\\\/da\\\/product\\\/kob-ketamin-pulver-online\\\/\",\"url\":\"https:\\\/\\\/gooddealersmeds.com\\\/da\\\/product\\\/kob-ketamin-pulver-online\\\/\",\"name\":\"K\u00f8b ketaminpulver online - K\u00f8b ketamin | Good Dealers Meds\",\"isPartOf\":{\"@id\":\"https:\\\/\\\/gooddealersmeds.com\\\/da\\\/#website\"},\"primaryImageOfPage\":{\"@id\":\"https:\\\/\\\/gooddealersmeds.com\\\/da\\\/product\\\/kob-ketamin-pulver-online\\\/#primaryimage\"},\"image\":{\"@id\":\"https:\\\/\\\/gooddealersmeds.com\\\/da\\\/product\\\/kob-ketamin-pulver-online\\\/#primaryimage\"},\"thumbnailUrl\":\"https:\\\/\\\/gooddealersmeds.com\\\/da\\\/wp-content\\\/uploads\\\/sites\\\/2\\\/2022\\\/07\\\/ketamine-powder.jpg\",\"datePublished\":\"2022-07-03T14:45:15+00:00\",\"dateModified\":\"2023-01-17T10:38:05+00:00\",\"description\":\"K\u00f8b ketaminpulver online. Ketamin HCL til salg \u2013 Bestil ketamin til en overkommelig pris med garanteret tilfredshed og hurtig levering.\",\"breadcrumb\":{\"@id\":\"https:\\\/\\\/gooddealersmeds.com\\\/da\\\/product\\\/kob-ketamin-pulver-online\\\/#breadcrumb\"},\"inLanguage\":\"en-US\",\"potentialAction\":[{\"@type\":\"ReadAction\",\"target\":[\"https:\\\/\\\/gooddealersmeds.com\\\/da\\\/product\\\/kob-ketamin-pulver-online\\\/\"]}]},{\"@type\":\"ImageObject\",\"inLanguage\":\"en-US\",\"@id\":\"https:\\\/\\\/gooddealersmeds.com\\\/da\\\/product\\\/kob-ketamin-pulver-online\\\/#primaryimage\",\"url\":\"https:\\\/\\\/gooddealersmeds.com\\\/da\\\/wp-content\\\/uploads\\\/sites\\\/2\\\/2022\\\/07\\\/ketamine-powder.jpg\",\"contentUrl\":\"https:\\\/\\\/gooddealersmeds.com\\\/da\\\/wp-content\\\/uploads\\\/sites\\\/2\\\/2022\\\/07\\\/ketamine-powder.jpg\",\"width\":600,\"height\":600,\"caption\":\"Buy Ketamine Powder Online\"},{\"@type\":\"BreadcrumbList\",\"@id\":\"https:\\\/\\\/gooddealersmeds.com\\\/da\\\/product\\\/kob-ketamin-pulver-online\\\/#breadcrumb\",\"itemListElement\":[{\"@type\":\"ListItem\",\"position\":1,\"name\":\"Home\",\"item\":\"https:\\\/\\\/gooddealersmeds.com\\\/da\\\/\"},{\"@type\":\"ListItem\",\"position\":2,\"name\":\"Produkter\",\"item\":\"https:\\\/\\\/gooddealersmeds.com\\\/da\\\/produkter\\\/\"},{\"@type\":\"ListItem\",\"position\":3,\"name\":\"K\u00f8b ketaminpulver online\"}]},{\"@type\":\"WebSite\",\"@id\":\"https:\\\/\\\/gooddealersmeds.com\\\/da\\\/#website\",\"url\":\"https:\\\/\\\/gooddealersmeds.com\\\/da\\\/\",\"name\":\"Good Dealers Meds\",\"description\":\"All our best\",\"publisher\":{\"@id\":\"https:\\\/\\\/gooddealersmeds.com\\\/da\\\/#organization\"},\"potentialAction\":[{\"@type\":\"SearchAction\",\"target\":{\"@type\":\"EntryPoint\",\"urlTemplate\":\"https:\\\/\\\/gooddealersmeds.com\\\/da\\\/?s={search_term_string}\"},\"query-input\":{\"@type\":\"PropertyValueSpecification\",\"valueRequired\":true,\"valueName\":\"search_term_string\"}}],\"inLanguage\":\"en-US\"},{\"@type\":\"Organization\",\"@id\":\"https:\\\/\\\/gooddealersmeds.com\\\/da\\\/#organization\",\"name\":\"Good Dealers Meds\",\"url\":\"https:\\\/\\\/gooddealersmeds.com\\\/da\\\/\",\"logo\":{\"@type\":\"ImageObject\",\"inLanguage\":\"en-US\",\"@id\":\"https:\\\/\\\/gooddealersmeds.com\\\/da\\\/#\\\/schema\\\/logo\\\/image\\\/\",\"url\":\"https:\\\/\\\/gooddealersmeds.com\\\/da\\\/wp-content\\\/uploads\\\/sites\\\/2\\\/2022\\\/03\\\/gooddealersmeds__logo__20220317T222800Z.00.png\",\"contentUrl\":\"https:\\\/\\\/gooddealersmeds.com\\\/da\\\/wp-content\\\/uploads\\\/sites\\\/2\\\/2022\\\/03\\\/gooddealersmeds__logo__20220317T222800Z.00.png\",\"width\":500,\"height\":325,\"caption\":\"Good Dealers Meds\"},\"image\":{\"@id\":\"https:\\\/\\\/gooddealersmeds.com\\\/da\\\/#\\\/schema\\\/logo\\\/image\\\/\"}}]}<\/script>\n<!-- \/ Yoast SEO Premium plugin. -->","yoast_head_json":{"title":"K\u00f8b ketaminpulver online - K\u00f8b ketamin | Good Dealers Meds","description":"K\u00f8b ketaminpulver online. Ketamin HCL til salg \u2013 Bestil ketamin til en overkommelig pris med garanteret tilfredshed og hurtig levering.","robots":{"index":"index","follow":"follow","max-snippet":"max-snippet:-1","max-image-preview":"max-image-preview:large","max-video-preview":"max-video-preview:-1"},"canonical":"https:\/\/gooddealersmeds.com\/da\/product\/kob-ketamin-pulver-online\/","og_locale":"en_US","og_type":"article","og_title":"K\u00f8b ketaminpulver online","og_description":"K\u00f8b ketaminpulver online. Ketamin HCL til salg \u2013 Bestil ketamin til en overkommelig pris med garanteret tilfredshed og hurtig levering.","og_url":"https:\/\/gooddealersmeds.com\/da\/product\/kob-ketamin-pulver-online\/","og_site_name":"Good Dealers Meds","article_modified_time":"2023-01-17T10:38:05+00:00","og_image":[{"width":600,"height":600,"url":"https:\/\/gooddealersmeds.com\/da\/wp-content\/uploads\/sites\/2\/2022\/07\/ketamine-powder.jpg","type":"image\/jpeg"}],"twitter_card":"summary_large_image","twitter_misc":{"Est. reading time":"3 minutes"},"schema":{"@context":"https:\/\/schema.org","@graph":[{"@type":"WebPage","@id":"https:\/\/gooddealersmeds.com\/da\/product\/kob-ketamin-pulver-online\/","url":"https:\/\/gooddealersmeds.com\/da\/product\/kob-ketamin-pulver-online\/","name":"K\u00f8b ketaminpulver online - K\u00f8b ketamin | Good Dealers Meds","isPartOf":{"@id":"https:\/\/gooddealersmeds.com\/da\/#website"},"primaryImageOfPage":{"@id":"https:\/\/gooddealersmeds.com\/da\/product\/kob-ketamin-pulver-online\/#primaryimage"},"image":{"@id":"https:\/\/gooddealersmeds.com\/da\/product\/kob-ketamin-pulver-online\/#primaryimage"},"thumbnailUrl":"https:\/\/gooddealersmeds.com\/da\/wp-content\/uploads\/sites\/2\/2022\/07\/ketamine-powder.jpg","datePublished":"2022-07-03T14:45:15+00:00","dateModified":"2023-01-17T10:38:05+00:00","description":"K\u00f8b ketaminpulver online. Ketamin HCL til salg \u2013 Bestil ketamin til en overkommelig pris med garanteret tilfredshed og hurtig levering.","breadcrumb":{"@id":"https:\/\/gooddealersmeds.com\/da\/product\/kob-ketamin-pulver-online\/#breadcrumb"},"inLanguage":"en-US","potentialAction":[{"@type":"ReadAction","target":["https:\/\/gooddealersmeds.com\/da\/product\/kob-ketamin-pulver-online\/"]}]},{"@type":"ImageObject","inLanguage":"en-US","@id":"https:\/\/gooddealersmeds.com\/da\/product\/kob-ketamin-pulver-online\/#primaryimage","url":"https:\/\/gooddealersmeds.com\/da\/wp-content\/uploads\/sites\/2\/2022\/07\/ketamine-powder.jpg","contentUrl":"https:\/\/gooddealersmeds.com\/da\/wp-content\/uploads\/sites\/2\/2022\/07\/ketamine-powder.jpg","width":600,"height":600,"caption":"Buy Ketamine Powder Online"},{"@type":"BreadcrumbList","@id":"https:\/\/gooddealersmeds.com\/da\/product\/kob-ketamin-pulver-online\/#breadcrumb","itemListElement":[{"@type":"ListItem","position":1,"name":"Home","item":"https:\/\/gooddealersmeds.com\/da\/"},{"@type":"ListItem","position":2,"name":"Produkter","item":"https:\/\/gooddealersmeds.com\/da\/produkter\/"},{"@type":"ListItem","position":3,"name":"K\u00f8b ketaminpulver online"}]},{"@type":"WebSite","@id":"https:\/\/gooddealersmeds.com\/da\/#website","url":"https:\/\/gooddealersmeds.com\/da\/","name":"Good Dealers Meds","description":"All our best","publisher":{"@id":"https:\/\/gooddealersmeds.com\/da\/#organization"},"potentialAction":[{"@type":"SearchAction","target":{"@type":"EntryPoint","urlTemplate":"https:\/\/gooddealersmeds.com\/da\/?s={search_term_string}"},"query-input":{"@type":"PropertyValueSpecification","valueRequired":true,"valueName":"search_term_string"}}],"inLanguage":"en-US"},{"@type":"Organization","@id":"https:\/\/gooddealersmeds.com\/da\/#organization","name":"Good Dealers Meds","url":"https:\/\/gooddealersmeds.com\/da\/","logo":{"@type":"ImageObject","inLanguage":"en-US","@id":"https:\/\/gooddealersmeds.com\/da\/#\/schema\/logo\/image\/","url":"https:\/\/gooddealersmeds.com\/da\/wp-content\/uploads\/sites\/2\/2022\/03\/gooddealersmeds__logo__20220317T222800Z.00.png","contentUrl":"https:\/\/gooddealersmeds.com\/da\/wp-content\/uploads\/sites\/2\/2022\/03\/gooddealersmeds__logo__20220317T222800Z.00.png","width":500,"height":325,"caption":"Good Dealers Meds"},"image":{"@id":"https:\/\/gooddealersmeds.com\/da\/#\/schema\/logo\/image\/"}}]}},"_links":{"self":[{"href":"https:\/\/gooddealersmeds.com\/da\/wp-json\/wp\/v2\/product\/2001","targetHints":{"allow":["GET"]}}],"collection":[{"href":"https:\/\/gooddealersmeds.com\/da\/wp-json\/wp\/v2\/product"}],"about":[{"href":"https:\/\/gooddealersmeds.com\/da\/wp-json\/wp\/v2\/types\/product"}],"replies":[{"embeddable":true,"href":"https:\/\/gooddealersmeds.com\/da\/wp-json\/wp\/v2\/comments?post=2001"}],"wp:featuredmedia":[{"embeddable":true,"href":"https:\/\/gooddealersmeds.com\/da\/wp-json\/wp\/v2\/media\/2008"}],"wp:attachment":[{"href":"https:\/\/gooddealersmeds.com\/da\/wp-json\/wp\/v2\/media?parent=2001"}],"wp:term":[{"taxonomy":"product_brand","embeddable":true,"href":"https:\/\/gooddealersmeds.com\/da\/wp-json\/wp\/v2\/product_brand?post=2001"},{"taxonomy":"product_cat","embeddable":true,"href":"https:\/\/gooddealersmeds.com\/da\/wp-json\/wp\/v2\/product_cat?post=2001"},{"taxonomy":"product_tag","embeddable":true,"href":"https:\/\/gooddealersmeds.com\/da\/wp-json\/wp\/v2\/product_tag?post=2001"}],"curies":[{"name":"wp","href":"https:\/\/api.w.org\/{rel}","templated":true}]}}