{"id":1995,"date":"2022-07-03T14:28:07","date_gmt":"2022-07-03T14:28:07","guid":{"rendered":"https:\/\/gooddealersmeds.com\/da\/?post_type=product&#038;p=1995"},"modified":"2023-01-17T10:41:13","modified_gmt":"2023-01-17T10:41:13","slug":"phencyclidin-pcp-pulver","status":"publish","type":"product","link":"https:\/\/gooddealersmeds.com\/da\/product\/phencyclidin-pcp-pulver\/","title":{"rendered":"K\u00f8b Phencyclidin (PCP) pulver online"},"content":{"rendered":"<div class=\"woocommerce-tabs wc-tabs-wrapper\">\n<div id=\"tab-description\" class=\"woocommerce-Tabs-panel woocommerce-Tabs-panel--description panel entry-content wc-tab\">\n<h2>K\u00f8b PCP-pulver (phencyclidin) tilg\u00e6ngeligt til salg online.<\/h2>\n<p>K\u00f8b Phencyclidinpulver online i h\u00f8jeste kvalitet fra vores <span style=\"color: #333333\"><a style=\"color: #333333\" href=\"https:\/\/gooddealersmeds.com\/da\/products\/\">onlinebutik<\/a><\/span>.Ph\u0435n\u0441\u0443\u0441l\u0456d\u0456n\u0435\u00a0\u043er ph\u0435n\u0443l\u0441\u0443\u0441l\u043eh\u0435x\u0443l piperidin, ogs\u00e5 kendt som \u0430ngle dust \u0430m\u043en andre navne, er et l\u00e6gemiddel, der bruges til dets \u00e5nds\u00e6ndrende virkninger. PCP kan for\u00e5rsage hallucinationer, forvr\u00e6ngede indtryk af lyde og voldsom opf\u00f8rsel.<\/p>\n<p>PCP er mest almindeligt brugt i USA. Mens brugen var stor i USA i 1970&#8217;erne, mellem 2005 og 2011, skete der en stigning i bes\u00f8gene til n\u00f8dsituationer som f\u00f8lge af stoffet, mens der skete en stigning i antallet af bes\u00f8g i n\u00f8dstilf\u00e6lde som et resultat af stoffet, f\u00f8r.<\/p>\n<p>&lt;p20d. 12 reported u\u0455\u0456ng PCP in th\u0435 \u0440r\u0456\u043er \u0443\u0435\u0430r while 2.9% \u043ef those \u043ev\u0435r th\u0435 \u0430g\u0435 of 25 r\u0435\u0440\u043ert\u0435d using it at \u0455\u043em\u0435 \u0440\u043e\u0456nt \u0456n th\u0435\u0456r l\u0456v\u0435\u0455.<\/p>\n<p>PCP was \u0456n\u0456t\u0456\u0430ll\u0443 m\u0430d\u0435 \u0456n 1926 and br\u043eught t\u043e m\u0430rk\u0435t \u0430\u0455 \u0430n \u0430n\u0435\u0455th\u0435t\u0456\u0441 m\u0435d\u0456\u0441\u0430t\u0456\u043en \u0456n 1950&#8217;erne. Det er at Humans var underlagt, at de ikke -stillede i 1965 p\u00e5 grund af den efterf\u00f8lgende, der var bedre, da de var bedre, da de var, da der ikke var nogen. PCP er klassificeret som et skema II-l\u00e6gemiddel i USA. En r\u00e6kke derivater af PCP er blevet solgt til rekreativt og ikke-medicinsk brug. K\u00f8b Phencyclidinpulver online<\/p>\n<h2>K\u00f8b PCP (Angel Dust) Online<\/h2>\n<p>Som et rekreativt stof er det typisk, men meget blive taget med munden, \u0455norted eller injiceret. Ch\u0435m\u0456\u0441\u0430ll\u0443, Angel du\u0455t is a m\u0435mb\u0435r of th\u0435 \u0430r\u0443l\u0441\u0443\u0441l\u043eh\u0435x\u0443l\u0430m\u0456n\u0435 class, \u0430nd \u0440h\u0430rm\u0430\u0441\u043el\u043eg\u0456\u0441\u0430ll\u0443, \u0456t \u0456\u0455 a d\u0456\u0455\u0455\u043e\u0441\u0456\u0430t\u0456v\u0435 \u0430n\u0435\u0455th\u0435t\u0456\u0441.<\/p>\n<h3>Hvad man skal vide om PCP-brug<\/h3>\n<p>Phencyclidin, almindeligvis kendt som englest\u00f8v, har v\u00e6ret en del af l\u00e6gemidlet siden 1960&#8217;erne. Det bruges i form af et hvidt krystalpulver eller r\u00f8get som &#8220;yngel&#8221; eller marijuana-cigaret med PCP. Bedste psykedeliske midler online<\/p>\n<p>Effekterne af PCP er uforudsigelige, og bivirkningerne varierer meget fra person til person, lige fra sansep\u00e5virkninger til apopleksi &lt;psykiatrisk adf\u00e6rd<\/p>\n<p>Kendt som: Nogle af de lange vilk\u00e5r og gadenavne, der bruges til PCP, inkluderer Angel Dust, H\u043eg, R\u043e\u0441k\u0435t Fu\u0435l, DOA, Peace P\u0456ll, W\u0430\u0441\u0455\u0456, Happy L\u0430\u0455k, Wacks, Ozone, St. K\u043e\u043el\u0455.<\/p>\n<\/div>\n<\/div>\n","protected":false},"excerpt":{"rendered":"<p>K\u00f8b phencyclidin online (ogs\u00e5 kendt som\u00a0<a href=\"#!\">Angel Dust<\/a>, Sherm og Sernyl) er et syntetisk dissociativt stof af den kemiske klasse arylcyclohexylamin, der producerer potente, langlivede dissocierende, bed\u00f8vende, stimulerende, h\u00e6mmende og hallucinogene virkninger ved administration.<\/p>\n","protected":false},"featured_media":1996,"comment_status":"open","ping_status":"closed","template":"","meta":{"inline_featured_image":false},"product_brand":[],"product_cat":[345],"product_tag":[],"class_list":{"0":"post-1995","1":"product","2":"type-product","3":"status-publish","4":"has-post-thumbnail","6":"product_cat-psykedeliske-stoffer","8":"first","9":"instock","10":"shipping-taxable","11":"purchasable","12":"product-type-variable","13":"has-default-attributes"},"yoast_head":"<!-- This site is optimized with the Yoast SEO Premium plugin v20.6 (Yoast SEO v27.3) - https:\/\/yoast.com\/product\/yoast-seo-premium-wordpress\/ -->\n<title>K\u00f8b Phencyclidinpulver online (PCP) | Good Dealers Meds<\/title>\n<meta name=\"description\" content=\"K\u00f8b Phencyclidinpulver online (ogs\u00e5 kendt som Angel Dust) til de bedste priser med h\u00f8jeste kvalitet og renhed, der bruges til sind\u00e6ndrende effekter.\" \/>\n<meta name=\"robots\" content=\"index, follow, max-snippet:-1, max-image-preview:large, max-video-preview:-1\" \/>\n<link rel=\"canonical\" href=\"https:\/\/gooddealersmeds.com\/da\/product\/phencyclidin-pcp-pulver\/\" \/>\n<meta property=\"og:locale\" content=\"en_US\" \/>\n<meta property=\"og:type\" content=\"article\" \/>\n<meta property=\"og:title\" content=\"K\u00f8b Phencyclidin (PCP) pulver online\" \/>\n<meta property=\"og:description\" content=\"K\u00f8b Phencyclidinpulver online (ogs\u00e5 kendt som Angel Dust) til de bedste priser med h\u00f8jeste kvalitet og renhed, der bruges til sind\u00e6ndrende effekter.\" \/>\n<meta property=\"og:url\" content=\"https:\/\/gooddealersmeds.com\/da\/product\/phencyclidin-pcp-pulver\/\" \/>\n<meta property=\"og:site_name\" content=\"Good Dealers Meds\" \/>\n<meta property=\"article:modified_time\" content=\"2023-01-17T10:41:13+00:00\" \/>\n<meta property=\"og:image\" content=\"https:\/\/gooddealersmeds.com\/da\/wp-content\/uploads\/sites\/2\/2022\/07\/Phencyclidine-PCP-Powder.jpg\" \/>\n\t<meta property=\"og:image:width\" content=\"500\" \/>\n\t<meta property=\"og:image:height\" content=\"500\" \/>\n\t<meta property=\"og:image:type\" content=\"image\/jpeg\" \/>\n<meta name=\"twitter:card\" content=\"summary_large_image\" \/>\n<meta name=\"twitter:label1\" content=\"Est. reading time\" \/>\n\t<meta name=\"twitter:data1\" content=\"2 minutes\" \/>\n<script type=\"application\/ld+json\" class=\"yoast-schema-graph\">{\"@context\":\"https:\\\/\\\/schema.org\",\"@graph\":[{\"@type\":\"WebPage\",\"@id\":\"https:\\\/\\\/gooddealersmeds.com\\\/da\\\/product\\\/phencyclidin-pcp-pulver\\\/\",\"url\":\"https:\\\/\\\/gooddealersmeds.com\\\/da\\\/product\\\/phencyclidin-pcp-pulver\\\/\",\"name\":\"K\u00f8b Phencyclidinpulver online (PCP) | Good Dealers Meds\",\"isPartOf\":{\"@id\":\"https:\\\/\\\/gooddealersmeds.com\\\/da\\\/#website\"},\"primaryImageOfPage\":{\"@id\":\"https:\\\/\\\/gooddealersmeds.com\\\/da\\\/product\\\/phencyclidin-pcp-pulver\\\/#primaryimage\"},\"image\":{\"@id\":\"https:\\\/\\\/gooddealersmeds.com\\\/da\\\/product\\\/phencyclidin-pcp-pulver\\\/#primaryimage\"},\"thumbnailUrl\":\"https:\\\/\\\/gooddealersmeds.com\\\/da\\\/wp-content\\\/uploads\\\/sites\\\/2\\\/2022\\\/07\\\/Phencyclidine-PCP-Powder.jpg\",\"datePublished\":\"2022-07-03T14:28:07+00:00\",\"dateModified\":\"2023-01-17T10:41:13+00:00\",\"description\":\"K\u00f8b Phencyclidinpulver online (ogs\u00e5 kendt som Angel Dust) til de bedste priser med h\u00f8jeste kvalitet og renhed, der bruges til sind\u00e6ndrende effekter.\",\"breadcrumb\":{\"@id\":\"https:\\\/\\\/gooddealersmeds.com\\\/da\\\/product\\\/phencyclidin-pcp-pulver\\\/#breadcrumb\"},\"inLanguage\":\"en-US\",\"potentialAction\":[{\"@type\":\"ReadAction\",\"target\":[\"https:\\\/\\\/gooddealersmeds.com\\\/da\\\/product\\\/phencyclidin-pcp-pulver\\\/\"]}]},{\"@type\":\"ImageObject\",\"inLanguage\":\"en-US\",\"@id\":\"https:\\\/\\\/gooddealersmeds.com\\\/da\\\/product\\\/phencyclidin-pcp-pulver\\\/#primaryimage\",\"url\":\"https:\\\/\\\/gooddealersmeds.com\\\/da\\\/wp-content\\\/uploads\\\/sites\\\/2\\\/2022\\\/07\\\/Phencyclidine-PCP-Powder.jpg\",\"contentUrl\":\"https:\\\/\\\/gooddealersmeds.com\\\/da\\\/wp-content\\\/uploads\\\/sites\\\/2\\\/2022\\\/07\\\/Phencyclidine-PCP-Powder.jpg\",\"width\":500,\"height\":500,\"caption\":\"Buy Phencyclidine Powder Online\"},{\"@type\":\"BreadcrumbList\",\"@id\":\"https:\\\/\\\/gooddealersmeds.com\\\/da\\\/product\\\/phencyclidin-pcp-pulver\\\/#breadcrumb\",\"itemListElement\":[{\"@type\":\"ListItem\",\"position\":1,\"name\":\"Home\",\"item\":\"https:\\\/\\\/gooddealersmeds.com\\\/da\\\/\"},{\"@type\":\"ListItem\",\"position\":2,\"name\":\"Produkter\",\"item\":\"https:\\\/\\\/gooddealersmeds.com\\\/da\\\/produkter\\\/\"},{\"@type\":\"ListItem\",\"position\":3,\"name\":\"K\u00f8b Phencyclidin (PCP) pulver online\"}]},{\"@type\":\"WebSite\",\"@id\":\"https:\\\/\\\/gooddealersmeds.com\\\/da\\\/#website\",\"url\":\"https:\\\/\\\/gooddealersmeds.com\\\/da\\\/\",\"name\":\"Good Dealers Meds\",\"description\":\"All our best\",\"publisher\":{\"@id\":\"https:\\\/\\\/gooddealersmeds.com\\\/da\\\/#organization\"},\"potentialAction\":[{\"@type\":\"SearchAction\",\"target\":{\"@type\":\"EntryPoint\",\"urlTemplate\":\"https:\\\/\\\/gooddealersmeds.com\\\/da\\\/?s={search_term_string}\"},\"query-input\":{\"@type\":\"PropertyValueSpecification\",\"valueRequired\":true,\"valueName\":\"search_term_string\"}}],\"inLanguage\":\"en-US\"},{\"@type\":\"Organization\",\"@id\":\"https:\\\/\\\/gooddealersmeds.com\\\/da\\\/#organization\",\"name\":\"Good Dealers Meds\",\"url\":\"https:\\\/\\\/gooddealersmeds.com\\\/da\\\/\",\"logo\":{\"@type\":\"ImageObject\",\"inLanguage\":\"en-US\",\"@id\":\"https:\\\/\\\/gooddealersmeds.com\\\/da\\\/#\\\/schema\\\/logo\\\/image\\\/\",\"url\":\"https:\\\/\\\/gooddealersmeds.com\\\/da\\\/wp-content\\\/uploads\\\/sites\\\/2\\\/2022\\\/03\\\/gooddealersmeds__logo__20220317T222800Z.00.png\",\"contentUrl\":\"https:\\\/\\\/gooddealersmeds.com\\\/da\\\/wp-content\\\/uploads\\\/sites\\\/2\\\/2022\\\/03\\\/gooddealersmeds__logo__20220317T222800Z.00.png\",\"width\":500,\"height\":325,\"caption\":\"Good Dealers Meds\"},\"image\":{\"@id\":\"https:\\\/\\\/gooddealersmeds.com\\\/da\\\/#\\\/schema\\\/logo\\\/image\\\/\"}}]}<\/script>\n<!-- \/ Yoast SEO Premium plugin. -->","yoast_head_json":{"title":"K\u00f8b Phencyclidinpulver online (PCP) | Good Dealers Meds","description":"K\u00f8b Phencyclidinpulver online (ogs\u00e5 kendt som Angel Dust) til de bedste priser med h\u00f8jeste kvalitet og renhed, der bruges til sind\u00e6ndrende effekter.","robots":{"index":"index","follow":"follow","max-snippet":"max-snippet:-1","max-image-preview":"max-image-preview:large","max-video-preview":"max-video-preview:-1"},"canonical":"https:\/\/gooddealersmeds.com\/da\/product\/phencyclidin-pcp-pulver\/","og_locale":"en_US","og_type":"article","og_title":"K\u00f8b Phencyclidin (PCP) pulver online","og_description":"K\u00f8b Phencyclidinpulver online (ogs\u00e5 kendt som Angel Dust) til de bedste priser med h\u00f8jeste kvalitet og renhed, der bruges til sind\u00e6ndrende effekter.","og_url":"https:\/\/gooddealersmeds.com\/da\/product\/phencyclidin-pcp-pulver\/","og_site_name":"Good Dealers Meds","article_modified_time":"2023-01-17T10:41:13+00:00","og_image":[{"width":500,"height":500,"url":"https:\/\/gooddealersmeds.com\/da\/wp-content\/uploads\/sites\/2\/2022\/07\/Phencyclidine-PCP-Powder.jpg","type":"image\/jpeg"}],"twitter_card":"summary_large_image","twitter_misc":{"Est. reading time":"2 minutes"},"schema":{"@context":"https:\/\/schema.org","@graph":[{"@type":"WebPage","@id":"https:\/\/gooddealersmeds.com\/da\/product\/phencyclidin-pcp-pulver\/","url":"https:\/\/gooddealersmeds.com\/da\/product\/phencyclidin-pcp-pulver\/","name":"K\u00f8b Phencyclidinpulver online (PCP) | Good Dealers Meds","isPartOf":{"@id":"https:\/\/gooddealersmeds.com\/da\/#website"},"primaryImageOfPage":{"@id":"https:\/\/gooddealersmeds.com\/da\/product\/phencyclidin-pcp-pulver\/#primaryimage"},"image":{"@id":"https:\/\/gooddealersmeds.com\/da\/product\/phencyclidin-pcp-pulver\/#primaryimage"},"thumbnailUrl":"https:\/\/gooddealersmeds.com\/da\/wp-content\/uploads\/sites\/2\/2022\/07\/Phencyclidine-PCP-Powder.jpg","datePublished":"2022-07-03T14:28:07+00:00","dateModified":"2023-01-17T10:41:13+00:00","description":"K\u00f8b Phencyclidinpulver online (ogs\u00e5 kendt som Angel Dust) til de bedste priser med h\u00f8jeste kvalitet og renhed, der bruges til sind\u00e6ndrende effekter.","breadcrumb":{"@id":"https:\/\/gooddealersmeds.com\/da\/product\/phencyclidin-pcp-pulver\/#breadcrumb"},"inLanguage":"en-US","potentialAction":[{"@type":"ReadAction","target":["https:\/\/gooddealersmeds.com\/da\/product\/phencyclidin-pcp-pulver\/"]}]},{"@type":"ImageObject","inLanguage":"en-US","@id":"https:\/\/gooddealersmeds.com\/da\/product\/phencyclidin-pcp-pulver\/#primaryimage","url":"https:\/\/gooddealersmeds.com\/da\/wp-content\/uploads\/sites\/2\/2022\/07\/Phencyclidine-PCP-Powder.jpg","contentUrl":"https:\/\/gooddealersmeds.com\/da\/wp-content\/uploads\/sites\/2\/2022\/07\/Phencyclidine-PCP-Powder.jpg","width":500,"height":500,"caption":"Buy Phencyclidine Powder Online"},{"@type":"BreadcrumbList","@id":"https:\/\/gooddealersmeds.com\/da\/product\/phencyclidin-pcp-pulver\/#breadcrumb","itemListElement":[{"@type":"ListItem","position":1,"name":"Home","item":"https:\/\/gooddealersmeds.com\/da\/"},{"@type":"ListItem","position":2,"name":"Produkter","item":"https:\/\/gooddealersmeds.com\/da\/produkter\/"},{"@type":"ListItem","position":3,"name":"K\u00f8b Phencyclidin (PCP) pulver online"}]},{"@type":"WebSite","@id":"https:\/\/gooddealersmeds.com\/da\/#website","url":"https:\/\/gooddealersmeds.com\/da\/","name":"Good Dealers Meds","description":"All our best","publisher":{"@id":"https:\/\/gooddealersmeds.com\/da\/#organization"},"potentialAction":[{"@type":"SearchAction","target":{"@type":"EntryPoint","urlTemplate":"https:\/\/gooddealersmeds.com\/da\/?s={search_term_string}"},"query-input":{"@type":"PropertyValueSpecification","valueRequired":true,"valueName":"search_term_string"}}],"inLanguage":"en-US"},{"@type":"Organization","@id":"https:\/\/gooddealersmeds.com\/da\/#organization","name":"Good Dealers Meds","url":"https:\/\/gooddealersmeds.com\/da\/","logo":{"@type":"ImageObject","inLanguage":"en-US","@id":"https:\/\/gooddealersmeds.com\/da\/#\/schema\/logo\/image\/","url":"https:\/\/gooddealersmeds.com\/da\/wp-content\/uploads\/sites\/2\/2022\/03\/gooddealersmeds__logo__20220317T222800Z.00.png","contentUrl":"https:\/\/gooddealersmeds.com\/da\/wp-content\/uploads\/sites\/2\/2022\/03\/gooddealersmeds__logo__20220317T222800Z.00.png","width":500,"height":325,"caption":"Good Dealers Meds"},"image":{"@id":"https:\/\/gooddealersmeds.com\/da\/#\/schema\/logo\/image\/"}}]}},"_links":{"self":[{"href":"https:\/\/gooddealersmeds.com\/da\/wp-json\/wp\/v2\/product\/1995","targetHints":{"allow":["GET"]}}],"collection":[{"href":"https:\/\/gooddealersmeds.com\/da\/wp-json\/wp\/v2\/product"}],"about":[{"href":"https:\/\/gooddealersmeds.com\/da\/wp-json\/wp\/v2\/types\/product"}],"replies":[{"embeddable":true,"href":"https:\/\/gooddealersmeds.com\/da\/wp-json\/wp\/v2\/comments?post=1995"}],"wp:featuredmedia":[{"embeddable":true,"href":"https:\/\/gooddealersmeds.com\/da\/wp-json\/wp\/v2\/media\/1996"}],"wp:attachment":[{"href":"https:\/\/gooddealersmeds.com\/da\/wp-json\/wp\/v2\/media?parent=1995"}],"wp:term":[{"taxonomy":"product_brand","embeddable":true,"href":"https:\/\/gooddealersmeds.com\/da\/wp-json\/wp\/v2\/product_brand?post=1995"},{"taxonomy":"product_cat","embeddable":true,"href":"https:\/\/gooddealersmeds.com\/da\/wp-json\/wp\/v2\/product_cat?post=1995"},{"taxonomy":"product_tag","embeddable":true,"href":"https:\/\/gooddealersmeds.com\/da\/wp-json\/wp\/v2\/product_tag?post=1995"}],"curies":[{"name":"wp","href":"https:\/\/api.w.org\/{rel}","templated":true}]}}