{"id":1986,"date":"2022-07-03T13:54:43","date_gmt":"2022-07-03T13:54:43","guid":{"rendered":"https:\/\/gooddealersmeds.com\/da\/?post_type=product&#038;p=1986"},"modified":"2023-01-17T10:44:10","modified_gmt":"2023-01-17T10:44:10","slug":"al-lad-150mcg-blottere","status":"publish","type":"product","link":"https:\/\/gooddealersmeds.com\/da\/product\/al-lad-150mcg-blottere\/","title":{"rendered":"K\u00f8b AL-LAD 150mcg Blotters"},"content":{"rendered":"<h2>K\u00f8b AL-LAD 150mcg blotters online hos Good Dealers Meds.<\/h2>\n<p>AL-LAD 150mcg Blotters Online er et psykedelisk kemikalie af Lysergamide-klassen. Sammenlignet med 1P-LSD og LSD-25 har det \u00f8gede visuelle hallucinationer og milde psykologiske effekter. Dette blev f\u00f8rst udviklet i midten af \u200b\u200b1980&#8217;erne med henblik p\u00e5 forskning. Dette blev f\u00f8rst udviklet i midten af \u200b\u200b1980&#8217;erne med henblik p\u00e5 forskning. Dette blev f\u00f8rst udviklet i midten af \u200b\u200b1980&#8217;erne med henblik p\u00e5 forskning. Det er dog nu blevet tilg\u00e6ngeligt til rekreativ brug.<\/p>\n<p>AL-LAD 150mcg Blotters Online omtales ofte som den mest &#8220;rekreative&#8221; af lysergamide-analogerne.<\/p>\n<p>Det er ogs\u00e5 kendt som et potent entactogen \u2013 som f\u00e5r dig til at f\u00f8le dig t\u00e6ttere p\u00e5 dig selv og andre \u2013 og en lav dosis kan give st\u00e6rke effekter uden at for\u00e5rsage fysisk ubehag.<\/p>\n<p>&nbsp;<\/p>\n<p><strong>Hvorfor k\u00f8be AL-LAD 150mcg blottere online?<\/strong><\/p>\n<p>&nbsp;<\/p>\n<p>AL-LAD bruges ofte af folk, der s\u00f8ger et alternativ til LSD p\u00e5 grund af dets h\u00f8jere styrke, mildere virkninger og lavere omkostninger. Det er en perfekt id\u00e9 at k\u00f8be forskningskemikalier online for at spare penge. Ingen skjulte gebyrer er forbundet med nogen af \u200b\u200bdisse produkter, da de s\u00e6lges til en overkommelig pris. Som en ekstra bekvemmelighed kan du f\u00e5 dem leveret lige til d\u00f8ren uden at skulle igennem noget besv\u00e6r.<\/p>\n<p><strong>\u00a0<\/strong><\/p>\n<p><strong>Det bedste sted at K\u00f8b AL-LAD 150mcg Blotters online<\/strong><\/p>\n<p>Hvis du vil <a href=\"https:\/\/gooddealersmeds.com\/da\/product\/al-lad-150mcg-blotters\/\">k\u00f8be AL-LAD 150mcg Blotters online<\/a>, du er lige landet det bedste sted. GoodDealersMeds tilbyder AL-LAD 150mcg Blotters til overkommelige priser p\u00e5 alle ordrer afgivet via vores hjemmeside ELLER gennem opkald modtaget p\u00e5 +31645886273.<\/p>\n<p>K\u00f8b AL-LAD 150mcg Blotters online i dag for at spare nogle penge.<\/p>\n","protected":false},"excerpt":{"rendered":"<p>AL-LAD, teknisk omtalt som 6-Allyl-6-nor-lysergsyrediethylamid, er en relativt ny analog af LSD-25. Det formodes at have en lignende virkningsmekanisme, der prim\u00e6rt virker ved at binde sig til hjernens serotoninreceptorer. Det menes ogs\u00e5 at v\u00e6re et prodrug af LSD-25, selvom dette ikke er blevet bekr\u00e6ftet i et laboratoriemilj\u00f8.<\/p>\n","protected":false},"featured_media":1987,"comment_status":"open","ping_status":"closed","template":"","meta":{"inline_featured_image":false},"product_brand":[],"product_cat":[345],"product_tag":[],"class_list":{"0":"post-1986","1":"product","2":"type-product","3":"status-publish","4":"has-post-thumbnail","6":"product_cat-psykedeliske-stoffer","8":"first","9":"instock","10":"shipping-taxable","11":"purchasable","12":"product-type-variable","13":"has-default-attributes"},"yoast_head":"<!-- This site is optimized with the Yoast SEO Premium plugin v20.6 (Yoast SEO v27.4) - https:\/\/yoast.com\/product\/yoast-seo-premium-wordpress\/ -->\n<title>K\u00f8b AL-LAD Blotters Online 150mcg | AL-LAD ordre - Good Dealers Meds<\/title>\n<meta name=\"description\" content=\"K\u00f8b AL-LAD Blotters Online (6-allyl-6-nor-LSD eller N-AN-ally-nor-lysergic) er et psykedelisk kemikalie af Lysergamide-klassen.\" \/>\n<meta name=\"robots\" content=\"index, follow, max-snippet:-1, max-image-preview:large, max-video-preview:-1\" \/>\n<link rel=\"canonical\" href=\"https:\/\/gooddealersmeds.com\/da\/product\/al-lad-150mcg-blottere\/\" \/>\n<meta property=\"og:locale\" content=\"en_US\" \/>\n<meta property=\"og:type\" content=\"article\" \/>\n<meta property=\"og:title\" content=\"K\u00f8b AL-LAD 150mcg Blotters\" \/>\n<meta property=\"og:description\" content=\"K\u00f8b AL-LAD Blotters Online (6-allyl-6-nor-LSD eller N-AN-ally-nor-lysergic) er et psykedelisk kemikalie af Lysergamide-klassen.\" \/>\n<meta property=\"og:url\" content=\"https:\/\/gooddealersmeds.com\/da\/product\/al-lad-150mcg-blottere\/\" \/>\n<meta property=\"og:site_name\" content=\"Good Dealers Meds\" \/>\n<meta property=\"article:modified_time\" content=\"2023-01-17T10:44:10+00:00\" \/>\n<meta property=\"og:image\" content=\"https:\/\/gooddealersmeds.com\/da\/wp-content\/uploads\/sites\/2\/2022\/07\/AL-LAD-150mcg-Blotters.webp\" \/>\n\t<meta property=\"og:image:width\" content=\"1553\" \/>\n\t<meta property=\"og:image:height\" content=\"1553\" \/>\n\t<meta property=\"og:image:type\" content=\"image\/webp\" \/>\n<meta name=\"twitter:card\" content=\"summary_large_image\" \/>\n<meta name=\"twitter:label1\" content=\"Est. reading time\" \/>\n\t<meta name=\"twitter:data1\" content=\"1 minute\" \/>\n<script type=\"application\/ld+json\" class=\"yoast-schema-graph\">{\"@context\":\"https:\\\/\\\/schema.org\",\"@graph\":[{\"@type\":\"WebPage\",\"@id\":\"https:\\\/\\\/gooddealersmeds.com\\\/da\\\/product\\\/al-lad-150mcg-blottere\\\/\",\"url\":\"https:\\\/\\\/gooddealersmeds.com\\\/da\\\/product\\\/al-lad-150mcg-blottere\\\/\",\"name\":\"K\u00f8b AL-LAD Blotters Online 150mcg | AL-LAD ordre - Good Dealers Meds\",\"isPartOf\":{\"@id\":\"https:\\\/\\\/gooddealersmeds.com\\\/da\\\/#website\"},\"primaryImageOfPage\":{\"@id\":\"https:\\\/\\\/gooddealersmeds.com\\\/da\\\/product\\\/al-lad-150mcg-blottere\\\/#primaryimage\"},\"image\":{\"@id\":\"https:\\\/\\\/gooddealersmeds.com\\\/da\\\/product\\\/al-lad-150mcg-blottere\\\/#primaryimage\"},\"thumbnailUrl\":\"https:\\\/\\\/gooddealersmeds.com\\\/da\\\/wp-content\\\/uploads\\\/sites\\\/2\\\/2022\\\/07\\\/AL-LAD-150mcg-Blotters.webp\",\"datePublished\":\"2022-07-03T13:54:43+00:00\",\"dateModified\":\"2023-01-17T10:44:10+00:00\",\"description\":\"K\u00f8b AL-LAD Blotters Online (6-allyl-6-nor-LSD eller N-AN-ally-nor-lysergic) er et psykedelisk kemikalie af Lysergamide-klassen.\",\"breadcrumb\":{\"@id\":\"https:\\\/\\\/gooddealersmeds.com\\\/da\\\/product\\\/al-lad-150mcg-blottere\\\/#breadcrumb\"},\"inLanguage\":\"en-US\",\"potentialAction\":[{\"@type\":\"ReadAction\",\"target\":[\"https:\\\/\\\/gooddealersmeds.com\\\/da\\\/product\\\/al-lad-150mcg-blottere\\\/\"]}]},{\"@type\":\"ImageObject\",\"inLanguage\":\"en-US\",\"@id\":\"https:\\\/\\\/gooddealersmeds.com\\\/da\\\/product\\\/al-lad-150mcg-blottere\\\/#primaryimage\",\"url\":\"https:\\\/\\\/gooddealersmeds.com\\\/da\\\/wp-content\\\/uploads\\\/sites\\\/2\\\/2022\\\/07\\\/AL-LAD-150mcg-Blotters.webp\",\"contentUrl\":\"https:\\\/\\\/gooddealersmeds.com\\\/da\\\/wp-content\\\/uploads\\\/sites\\\/2\\\/2022\\\/07\\\/AL-LAD-150mcg-Blotters.webp\",\"width\":1553,\"height\":1553,\"caption\":\"AL-LAD Blotters\"},{\"@type\":\"BreadcrumbList\",\"@id\":\"https:\\\/\\\/gooddealersmeds.com\\\/da\\\/product\\\/al-lad-150mcg-blottere\\\/#breadcrumb\",\"itemListElement\":[{\"@type\":\"ListItem\",\"position\":1,\"name\":\"Home\",\"item\":\"https:\\\/\\\/gooddealersmeds.com\\\/da\\\/\"},{\"@type\":\"ListItem\",\"position\":2,\"name\":\"Produkter\",\"item\":\"https:\\\/\\\/gooddealersmeds.com\\\/da\\\/produkter\\\/\"},{\"@type\":\"ListItem\",\"position\":3,\"name\":\"K\u00f8b AL-LAD 150mcg Blotters\"}]},{\"@type\":\"WebSite\",\"@id\":\"https:\\\/\\\/gooddealersmeds.com\\\/da\\\/#website\",\"url\":\"https:\\\/\\\/gooddealersmeds.com\\\/da\\\/\",\"name\":\"Good Dealers Meds\",\"description\":\"All our best\",\"publisher\":{\"@id\":\"https:\\\/\\\/gooddealersmeds.com\\\/da\\\/#organization\"},\"potentialAction\":[{\"@type\":\"SearchAction\",\"target\":{\"@type\":\"EntryPoint\",\"urlTemplate\":\"https:\\\/\\\/gooddealersmeds.com\\\/da\\\/?s={search_term_string}\"},\"query-input\":{\"@type\":\"PropertyValueSpecification\",\"valueRequired\":true,\"valueName\":\"search_term_string\"}}],\"inLanguage\":\"en-US\"},{\"@type\":\"Organization\",\"@id\":\"https:\\\/\\\/gooddealersmeds.com\\\/da\\\/#organization\",\"name\":\"Good Dealers Meds\",\"url\":\"https:\\\/\\\/gooddealersmeds.com\\\/da\\\/\",\"logo\":{\"@type\":\"ImageObject\",\"inLanguage\":\"en-US\",\"@id\":\"https:\\\/\\\/gooddealersmeds.com\\\/da\\\/#\\\/schema\\\/logo\\\/image\\\/\",\"url\":\"https:\\\/\\\/gooddealersmeds.com\\\/da\\\/wp-content\\\/uploads\\\/sites\\\/2\\\/2022\\\/03\\\/gooddealersmeds__logo__20220317T222800Z.00.png\",\"contentUrl\":\"https:\\\/\\\/gooddealersmeds.com\\\/da\\\/wp-content\\\/uploads\\\/sites\\\/2\\\/2022\\\/03\\\/gooddealersmeds__logo__20220317T222800Z.00.png\",\"width\":500,\"height\":325,\"caption\":\"Good Dealers Meds\"},\"image\":{\"@id\":\"https:\\\/\\\/gooddealersmeds.com\\\/da\\\/#\\\/schema\\\/logo\\\/image\\\/\"}}]}<\/script>\n<!-- \/ Yoast SEO Premium plugin. -->","yoast_head_json":{"title":"K\u00f8b AL-LAD Blotters Online 150mcg | AL-LAD ordre - Good Dealers Meds","description":"K\u00f8b AL-LAD Blotters Online (6-allyl-6-nor-LSD eller N-AN-ally-nor-lysergic) er et psykedelisk kemikalie af Lysergamide-klassen.","robots":{"index":"index","follow":"follow","max-snippet":"max-snippet:-1","max-image-preview":"max-image-preview:large","max-video-preview":"max-video-preview:-1"},"canonical":"https:\/\/gooddealersmeds.com\/da\/product\/al-lad-150mcg-blottere\/","og_locale":"en_US","og_type":"article","og_title":"K\u00f8b AL-LAD 150mcg Blotters","og_description":"K\u00f8b AL-LAD Blotters Online (6-allyl-6-nor-LSD eller N-AN-ally-nor-lysergic) er et psykedelisk kemikalie af Lysergamide-klassen.","og_url":"https:\/\/gooddealersmeds.com\/da\/product\/al-lad-150mcg-blottere\/","og_site_name":"Good Dealers Meds","article_modified_time":"2023-01-17T10:44:10+00:00","og_image":[{"width":1553,"height":1553,"url":"https:\/\/gooddealersmeds.com\/da\/wp-content\/uploads\/sites\/2\/2022\/07\/AL-LAD-150mcg-Blotters.webp","type":"image\/webp"}],"twitter_card":"summary_large_image","twitter_misc":{"Est. reading time":"1 minute"},"schema":{"@context":"https:\/\/schema.org","@graph":[{"@type":"WebPage","@id":"https:\/\/gooddealersmeds.com\/da\/product\/al-lad-150mcg-blottere\/","url":"https:\/\/gooddealersmeds.com\/da\/product\/al-lad-150mcg-blottere\/","name":"K\u00f8b AL-LAD Blotters Online 150mcg | AL-LAD ordre - Good Dealers Meds","isPartOf":{"@id":"https:\/\/gooddealersmeds.com\/da\/#website"},"primaryImageOfPage":{"@id":"https:\/\/gooddealersmeds.com\/da\/product\/al-lad-150mcg-blottere\/#primaryimage"},"image":{"@id":"https:\/\/gooddealersmeds.com\/da\/product\/al-lad-150mcg-blottere\/#primaryimage"},"thumbnailUrl":"https:\/\/gooddealersmeds.com\/da\/wp-content\/uploads\/sites\/2\/2022\/07\/AL-LAD-150mcg-Blotters.webp","datePublished":"2022-07-03T13:54:43+00:00","dateModified":"2023-01-17T10:44:10+00:00","description":"K\u00f8b AL-LAD Blotters Online (6-allyl-6-nor-LSD eller N-AN-ally-nor-lysergic) er et psykedelisk kemikalie af Lysergamide-klassen.","breadcrumb":{"@id":"https:\/\/gooddealersmeds.com\/da\/product\/al-lad-150mcg-blottere\/#breadcrumb"},"inLanguage":"en-US","potentialAction":[{"@type":"ReadAction","target":["https:\/\/gooddealersmeds.com\/da\/product\/al-lad-150mcg-blottere\/"]}]},{"@type":"ImageObject","inLanguage":"en-US","@id":"https:\/\/gooddealersmeds.com\/da\/product\/al-lad-150mcg-blottere\/#primaryimage","url":"https:\/\/gooddealersmeds.com\/da\/wp-content\/uploads\/sites\/2\/2022\/07\/AL-LAD-150mcg-Blotters.webp","contentUrl":"https:\/\/gooddealersmeds.com\/da\/wp-content\/uploads\/sites\/2\/2022\/07\/AL-LAD-150mcg-Blotters.webp","width":1553,"height":1553,"caption":"AL-LAD Blotters"},{"@type":"BreadcrumbList","@id":"https:\/\/gooddealersmeds.com\/da\/product\/al-lad-150mcg-blottere\/#breadcrumb","itemListElement":[{"@type":"ListItem","position":1,"name":"Home","item":"https:\/\/gooddealersmeds.com\/da\/"},{"@type":"ListItem","position":2,"name":"Produkter","item":"https:\/\/gooddealersmeds.com\/da\/produkter\/"},{"@type":"ListItem","position":3,"name":"K\u00f8b AL-LAD 150mcg Blotters"}]},{"@type":"WebSite","@id":"https:\/\/gooddealersmeds.com\/da\/#website","url":"https:\/\/gooddealersmeds.com\/da\/","name":"Good Dealers Meds","description":"All our best","publisher":{"@id":"https:\/\/gooddealersmeds.com\/da\/#organization"},"potentialAction":[{"@type":"SearchAction","target":{"@type":"EntryPoint","urlTemplate":"https:\/\/gooddealersmeds.com\/da\/?s={search_term_string}"},"query-input":{"@type":"PropertyValueSpecification","valueRequired":true,"valueName":"search_term_string"}}],"inLanguage":"en-US"},{"@type":"Organization","@id":"https:\/\/gooddealersmeds.com\/da\/#organization","name":"Good Dealers Meds","url":"https:\/\/gooddealersmeds.com\/da\/","logo":{"@type":"ImageObject","inLanguage":"en-US","@id":"https:\/\/gooddealersmeds.com\/da\/#\/schema\/logo\/image\/","url":"https:\/\/gooddealersmeds.com\/da\/wp-content\/uploads\/sites\/2\/2022\/03\/gooddealersmeds__logo__20220317T222800Z.00.png","contentUrl":"https:\/\/gooddealersmeds.com\/da\/wp-content\/uploads\/sites\/2\/2022\/03\/gooddealersmeds__logo__20220317T222800Z.00.png","width":500,"height":325,"caption":"Good Dealers Meds"},"image":{"@id":"https:\/\/gooddealersmeds.com\/da\/#\/schema\/logo\/image\/"}}]}},"_links":{"self":[{"href":"https:\/\/gooddealersmeds.com\/da\/wp-json\/wp\/v2\/product\/1986","targetHints":{"allow":["GET"]}}],"collection":[{"href":"https:\/\/gooddealersmeds.com\/da\/wp-json\/wp\/v2\/product"}],"about":[{"href":"https:\/\/gooddealersmeds.com\/da\/wp-json\/wp\/v2\/types\/product"}],"replies":[{"embeddable":true,"href":"https:\/\/gooddealersmeds.com\/da\/wp-json\/wp\/v2\/comments?post=1986"}],"wp:featuredmedia":[{"embeddable":true,"href":"https:\/\/gooddealersmeds.com\/da\/wp-json\/wp\/v2\/media\/1987"}],"wp:attachment":[{"href":"https:\/\/gooddealersmeds.com\/da\/wp-json\/wp\/v2\/media?parent=1986"}],"wp:term":[{"taxonomy":"product_brand","embeddable":true,"href":"https:\/\/gooddealersmeds.com\/da\/wp-json\/wp\/v2\/product_brand?post=1986"},{"taxonomy":"product_cat","embeddable":true,"href":"https:\/\/gooddealersmeds.com\/da\/wp-json\/wp\/v2\/product_cat?post=1986"},{"taxonomy":"product_tag","embeddable":true,"href":"https:\/\/gooddealersmeds.com\/da\/wp-json\/wp\/v2\/product_tag?post=1986"}],"curies":[{"name":"wp","href":"https:\/\/api.w.org\/{rel}","templated":true}]}}