{"id":1984,"date":"2022-07-03T13:39:25","date_gmt":"2022-07-03T13:39:25","guid":{"rendered":"https:\/\/gooddealersmeds.com\/da\/?post_type=product&#038;p=1984"},"modified":"2023-01-17T10:48:50","modified_gmt":"2023-01-17T10:48:50","slug":"kob-gamma-hydroxybutyrat-ghb-vaeske","status":"publish","type":"product","link":"https:\/\/gooddealersmeds.com\/da\/product\/kob-gamma-hydroxybutyrat-ghb-vaeske\/","title":{"rendered":"K\u00f8b Gamma Hydroxybutyrate (GHB) v\u00e6ske"},"content":{"rendered":"<h2>K\u00f8b GHB Liquid Online med garanti<\/h2>\n<p>Gamma Hydroxybutyrate (GHB) er et depressivt middel, der kan tages oralt, via injektion eller fordampes i en l\u00e6gemiddelfordamper. Det er en klar v\u00e6ske med beroligende virkning og kan for\u00e5rsage d\u00f8sighed og nedsat motorisk funktion. K\u00f8b GHB v\u00e6ske<\/p>\n<p>GHB omtales nogle gange som et &#8220;designer drug&#8221; eller &#8220;<a href=\"https:\/\/gooddealersmeds.com\/da\/product\/buy-gamma-hydroxybutyrate-ghb-liquid \/\">flydende ecstasy<\/a>&#8220;, fordi den oprindeligt blev udviklet i 1960&#8217;erne af videnskabsm\u00e6nd. Det oprindelige form\u00e5l med GHB var at hj\u00e6lpe mennesker, der lider af narkolepsi, med at falde i s\u00f8vn lettere; denne medicin blev dog hurtigt popul\u00e6r blandt klubg\u00e6ngere og klubg\u00e6ngere, der brugte den som et stof til at nyde at v\u00e6re fuld uden faktisk at blive beruset. Siden da er GHB blevet brugt p\u00e5 mange andre m\u00e5der: til behandling af overdreven s\u00f8vnighed i dagtimerne og nogle gange opioider.<\/p>\n<p><strong>\u00a0<\/strong><\/p>\n<p><strong>Hvorfor k\u00f8be GHB online? <\/strong><\/p>\n<p><strong>\u00a0<\/strong><\/p>\n<p>Der er mange grunde til at k\u00f8be GHB-v\u00e6sken online. Lad os fort\u00e6lle dig et par af dem: K\u00f8b GHB v\u00e6ske<\/p>\n<ul>\n<li>Ved at k\u00f8be GHB online kan du k\u00f8be dit l\u00e6gemiddel til attraktive priser. Nogle gange tilbyder onlineapoteker ogs\u00e5 loyalitetskort eller salgsfremmende koder for at benytte rabatmulighederne.<\/li>\n<li>Du finder flere websteder online, der s\u00e6lger GHB-v\u00e6ske. S\u00e5 det er nemmere at sammenligne priser online.<\/li>\n<li>L\u00e6gemidler som Gamma Hydroxybutyrat (GHB) er ofte sj\u00e6ldne at finde p\u00e5 apoteker. Derfor kan du k\u00f8be dem online.<\/li>\n<li>F\u00e5 din ordre ved blot at trykke p\u00e5 et par knapper \u2013 det er s\u00e5 nemt!<\/li>\n<\/ul>\n<p><strong>\u00a0<\/strong><\/p>\n<p><strong>Hvor kan jeg k\u00f8be GHB online?<\/strong><\/p>\n<p>&nbsp;<\/p>\n<p>Mange apoteker tilbyder GHB online, men det bedste sted er GoodDealersMeds. Vi tilbyder gratis forsendelse, s\u00e5 du kan bestille dine yndlingsstoffer hurtigt og bekvemt fra hvor som helst i verden.<\/p>\n","protected":false},"excerpt":{"rendered":"<p>Gamma-hydroxybutyrat er et beroligende middel, der bruges b\u00e5de som et receptpligtigt sovemiddel og som et rekreativt rusmiddel, hvor man kan f\u00e5 GHB. Det er kendt for dets evne til at fremkalde en kort (adskillige timer) koma-lignende s\u00f8vn ved h\u00f8je doser.<\/p>\n","protected":false},"featured_media":1985,"comment_status":"open","ping_status":"closed","template":"","meta":{"inline_featured_image":false},"product_brand":[],"product_cat":[345],"product_tag":[525,542,527,541,552,529,531,543,532,533,535,526,545,553,550,524,528,544,548,540,536,537,551,549,523,547,546,534,539,555,530,554,538],"class_list":{"0":"post-1984","1":"product","2":"type-product","3":"status-publish","4":"has-post-thumbnail","6":"product_cat-psykedeliske-stoffer","7":"product_tag-billig-dieldrin-online","8":"product_tag-billig-gamma-hydroxybutyrat-online","9":"product_tag-buy-endosulfan-online","10":"product_tag-buy-legal-gamma-hydroxybutyrate-online","11":"product_tag-engros-brommethan-online","12":"product_tag-engros-endosulfan-online","13":"product_tag-gamma-butyrolacton-som-et-lgemiddel","14":"product_tag-gamma-butyrolacton-engros-salg","15":"product_tag-gamma-butyrolacton-til-salg","16":"product_tag-ghb-kb-australien","17":"product_tag-ghb-kb-canada","18":"product_tag-how-to-buy-dieldrin-online","19":"product_tag-how-to-buy-gamma-butyrolactone","20":"product_tag-hvor-kan-kbes-brommethan-online","21":"product_tag-hvor-kan-kbes-detail-gamma-butyrolactone-online","22":"product_tag-hvor-kan-kbes-dieldrin-online","23":"product_tag-hvor-kan-kbes-endosulfan-online","24":"product_tag-hvor-kan-kbes-gamma-butyrolactone","25":"product_tag-hvor-kan-kbes-gamma-butyrolacton","26":"product_tag-hvor-kan-kbes-gamma-hydroxybutyrat-online","27":"product_tag-hvor-kan-bestilles-ghb-online","28":"product_tag-hvordan-bestiller-man-ghb-online","29":"product_tag-kb-brommethan-online","30":"product_tag-kb-detalje-gamma-butyrolacton","31":"product_tag-kb-dieldrin-online","32":"product_tag-kb-engros-gamma-butyrolactone-online","33":"product_tag-kb-engros-gamma-butyrolacton","34":"product_tag-gamma-hydroxybutyrat-kb","35":"product_tag-kb-gamma-hydroxybutyrat-online","36":"product_tag-kb-methylhexanamin-online","37":"product_tag-legal-endosulfan-online","38":"product_tag-lovlig-brommethan-online","39":"product_tag-lovlig-gamma-hydroxybutyrat-online","41":"first","42":"instock","43":"shipping-taxable","44":"purchasable","45":"product-type-simple"},"yoast_head":"<!-- This site is optimized with the Yoast SEO Premium plugin v20.6 (Yoast SEO v27.3) - https:\/\/yoast.com\/product\/yoast-seo-premium-wordpress\/ -->\n<title>K\u00f8b GHB v\u00e6ske ( Gamma Hydroxybutyrate ) | Good Dealers Meds<\/title>\n<meta name=\"description\" content=\"K\u00f8b GHB v\u00e6ske hos vores forhandlere, brugt b\u00e5de som et receptpligtigt sovemiddel og som et rekreativt rusmiddel.\" \/>\n<meta name=\"robots\" content=\"index, follow, max-snippet:-1, max-image-preview:large, max-video-preview:-1\" \/>\n<link rel=\"canonical\" href=\"https:\/\/gooddealersmeds.com\/da\/product\/kob-gamma-hydroxybutyrat-ghb-vaeske\/\" \/>\n<meta property=\"og:locale\" content=\"en_US\" \/>\n<meta property=\"og:type\" content=\"article\" \/>\n<meta property=\"og:title\" content=\"K\u00f8b Gamma Hydroxybutyrate (GHB) v\u00e6ske\" \/>\n<meta property=\"og:description\" content=\"K\u00f8b GHB v\u00e6ske hos vores forhandlere, brugt b\u00e5de som et receptpligtigt sovemiddel og som et rekreativt rusmiddel.\" \/>\n<meta property=\"og:url\" content=\"https:\/\/gooddealersmeds.com\/da\/product\/kob-gamma-hydroxybutyrat-ghb-vaeske\/\" \/>\n<meta property=\"og:site_name\" content=\"Good Dealers Meds\" \/>\n<meta property=\"article:modified_time\" content=\"2023-01-17T10:48:50+00:00\" \/>\n<meta property=\"og:image\" content=\"https:\/\/gooddealersmeds.com\/da\/wp-content\/uploads\/sites\/2\/2022\/07\/Buy-Gamma-Hydroxybutyrate-Ghb-Liquid.jpg\" \/>\n\t<meta property=\"og:image:width\" content=\"600\" \/>\n\t<meta property=\"og:image:height\" content=\"600\" \/>\n\t<meta property=\"og:image:type\" content=\"image\/jpeg\" \/>\n<meta name=\"twitter:card\" content=\"summary_large_image\" \/>\n<meta name=\"twitter:label1\" content=\"Est. reading time\" \/>\n\t<meta name=\"twitter:data1\" content=\"1 minute\" \/>\n<script type=\"application\/ld+json\" class=\"yoast-schema-graph\">{\"@context\":\"https:\\\/\\\/schema.org\",\"@graph\":[{\"@type\":\"WebPage\",\"@id\":\"https:\\\/\\\/gooddealersmeds.com\\\/da\\\/product\\\/kob-gamma-hydroxybutyrat-ghb-vaeske\\\/\",\"url\":\"https:\\\/\\\/gooddealersmeds.com\\\/da\\\/product\\\/kob-gamma-hydroxybutyrat-ghb-vaeske\\\/\",\"name\":\"K\u00f8b GHB v\u00e6ske ( Gamma Hydroxybutyrate ) | Good Dealers Meds\",\"isPartOf\":{\"@id\":\"https:\\\/\\\/gooddealersmeds.com\\\/da\\\/#website\"},\"primaryImageOfPage\":{\"@id\":\"https:\\\/\\\/gooddealersmeds.com\\\/da\\\/product\\\/kob-gamma-hydroxybutyrat-ghb-vaeske\\\/#primaryimage\"},\"image\":{\"@id\":\"https:\\\/\\\/gooddealersmeds.com\\\/da\\\/product\\\/kob-gamma-hydroxybutyrat-ghb-vaeske\\\/#primaryimage\"},\"thumbnailUrl\":\"https:\\\/\\\/gooddealersmeds.com\\\/da\\\/wp-content\\\/uploads\\\/sites\\\/2\\\/2022\\\/07\\\/Buy-Gamma-Hydroxybutyrate-Ghb-Liquid.jpg\",\"datePublished\":\"2022-07-03T13:39:25+00:00\",\"dateModified\":\"2023-01-17T10:48:50+00:00\",\"description\":\"K\u00f8b GHB v\u00e6ske hos vores forhandlere, brugt b\u00e5de som et receptpligtigt sovemiddel og som et rekreativt rusmiddel.\",\"breadcrumb\":{\"@id\":\"https:\\\/\\\/gooddealersmeds.com\\\/da\\\/product\\\/kob-gamma-hydroxybutyrat-ghb-vaeske\\\/#breadcrumb\"},\"inLanguage\":\"en-US\",\"potentialAction\":[{\"@type\":\"ReadAction\",\"target\":[\"https:\\\/\\\/gooddealersmeds.com\\\/da\\\/product\\\/kob-gamma-hydroxybutyrat-ghb-vaeske\\\/\"]}]},{\"@type\":\"ImageObject\",\"inLanguage\":\"en-US\",\"@id\":\"https:\\\/\\\/gooddealersmeds.com\\\/da\\\/product\\\/kob-gamma-hydroxybutyrat-ghb-vaeske\\\/#primaryimage\",\"url\":\"https:\\\/\\\/gooddealersmeds.com\\\/da\\\/wp-content\\\/uploads\\\/sites\\\/2\\\/2022\\\/07\\\/Buy-Gamma-Hydroxybutyrate-Ghb-Liquid.jpg\",\"contentUrl\":\"https:\\\/\\\/gooddealersmeds.com\\\/da\\\/wp-content\\\/uploads\\\/sites\\\/2\\\/2022\\\/07\\\/Buy-Gamma-Hydroxybutyrate-Ghb-Liquid.jpg\",\"width\":600,\"height\":600,\"caption\":\"Buy Gamma Hydroxybutyrate Liquid\"},{\"@type\":\"BreadcrumbList\",\"@id\":\"https:\\\/\\\/gooddealersmeds.com\\\/da\\\/product\\\/kob-gamma-hydroxybutyrat-ghb-vaeske\\\/#breadcrumb\",\"itemListElement\":[{\"@type\":\"ListItem\",\"position\":1,\"name\":\"Home\",\"item\":\"https:\\\/\\\/gooddealersmeds.com\\\/da\\\/\"},{\"@type\":\"ListItem\",\"position\":2,\"name\":\"Produkter\",\"item\":\"https:\\\/\\\/gooddealersmeds.com\\\/da\\\/produkter\\\/\"},{\"@type\":\"ListItem\",\"position\":3,\"name\":\"K\u00f8b Gamma Hydroxybutyrate (GHB) v\u00e6ske\"}]},{\"@type\":\"WebSite\",\"@id\":\"https:\\\/\\\/gooddealersmeds.com\\\/da\\\/#website\",\"url\":\"https:\\\/\\\/gooddealersmeds.com\\\/da\\\/\",\"name\":\"Good Dealers Meds\",\"description\":\"All our best\",\"publisher\":{\"@id\":\"https:\\\/\\\/gooddealersmeds.com\\\/da\\\/#organization\"},\"potentialAction\":[{\"@type\":\"SearchAction\",\"target\":{\"@type\":\"EntryPoint\",\"urlTemplate\":\"https:\\\/\\\/gooddealersmeds.com\\\/da\\\/?s={search_term_string}\"},\"query-input\":{\"@type\":\"PropertyValueSpecification\",\"valueRequired\":true,\"valueName\":\"search_term_string\"}}],\"inLanguage\":\"en-US\"},{\"@type\":\"Organization\",\"@id\":\"https:\\\/\\\/gooddealersmeds.com\\\/da\\\/#organization\",\"name\":\"Good Dealers Meds\",\"url\":\"https:\\\/\\\/gooddealersmeds.com\\\/da\\\/\",\"logo\":{\"@type\":\"ImageObject\",\"inLanguage\":\"en-US\",\"@id\":\"https:\\\/\\\/gooddealersmeds.com\\\/da\\\/#\\\/schema\\\/logo\\\/image\\\/\",\"url\":\"https:\\\/\\\/gooddealersmeds.com\\\/da\\\/wp-content\\\/uploads\\\/sites\\\/2\\\/2022\\\/03\\\/gooddealersmeds__logo__20220317T222800Z.00.png\",\"contentUrl\":\"https:\\\/\\\/gooddealersmeds.com\\\/da\\\/wp-content\\\/uploads\\\/sites\\\/2\\\/2022\\\/03\\\/gooddealersmeds__logo__20220317T222800Z.00.png\",\"width\":500,\"height\":325,\"caption\":\"Good Dealers Meds\"},\"image\":{\"@id\":\"https:\\\/\\\/gooddealersmeds.com\\\/da\\\/#\\\/schema\\\/logo\\\/image\\\/\"}}]}<\/script>\n<!-- \/ Yoast SEO Premium plugin. -->","yoast_head_json":{"title":"K\u00f8b GHB v\u00e6ske ( Gamma Hydroxybutyrate ) | Good Dealers Meds","description":"K\u00f8b GHB v\u00e6ske hos vores forhandlere, brugt b\u00e5de som et receptpligtigt sovemiddel og som et rekreativt rusmiddel.","robots":{"index":"index","follow":"follow","max-snippet":"max-snippet:-1","max-image-preview":"max-image-preview:large","max-video-preview":"max-video-preview:-1"},"canonical":"https:\/\/gooddealersmeds.com\/da\/product\/kob-gamma-hydroxybutyrat-ghb-vaeske\/","og_locale":"en_US","og_type":"article","og_title":"K\u00f8b Gamma Hydroxybutyrate (GHB) v\u00e6ske","og_description":"K\u00f8b GHB v\u00e6ske hos vores forhandlere, brugt b\u00e5de som et receptpligtigt sovemiddel og som et rekreativt rusmiddel.","og_url":"https:\/\/gooddealersmeds.com\/da\/product\/kob-gamma-hydroxybutyrat-ghb-vaeske\/","og_site_name":"Good Dealers Meds","article_modified_time":"2023-01-17T10:48:50+00:00","og_image":[{"width":600,"height":600,"url":"https:\/\/gooddealersmeds.com\/da\/wp-content\/uploads\/sites\/2\/2022\/07\/Buy-Gamma-Hydroxybutyrate-Ghb-Liquid.jpg","type":"image\/jpeg"}],"twitter_card":"summary_large_image","twitter_misc":{"Est. reading time":"1 minute"},"schema":{"@context":"https:\/\/schema.org","@graph":[{"@type":"WebPage","@id":"https:\/\/gooddealersmeds.com\/da\/product\/kob-gamma-hydroxybutyrat-ghb-vaeske\/","url":"https:\/\/gooddealersmeds.com\/da\/product\/kob-gamma-hydroxybutyrat-ghb-vaeske\/","name":"K\u00f8b GHB v\u00e6ske ( Gamma Hydroxybutyrate ) | Good Dealers Meds","isPartOf":{"@id":"https:\/\/gooddealersmeds.com\/da\/#website"},"primaryImageOfPage":{"@id":"https:\/\/gooddealersmeds.com\/da\/product\/kob-gamma-hydroxybutyrat-ghb-vaeske\/#primaryimage"},"image":{"@id":"https:\/\/gooddealersmeds.com\/da\/product\/kob-gamma-hydroxybutyrat-ghb-vaeske\/#primaryimage"},"thumbnailUrl":"https:\/\/gooddealersmeds.com\/da\/wp-content\/uploads\/sites\/2\/2022\/07\/Buy-Gamma-Hydroxybutyrate-Ghb-Liquid.jpg","datePublished":"2022-07-03T13:39:25+00:00","dateModified":"2023-01-17T10:48:50+00:00","description":"K\u00f8b GHB v\u00e6ske hos vores forhandlere, brugt b\u00e5de som et receptpligtigt sovemiddel og som et rekreativt rusmiddel.","breadcrumb":{"@id":"https:\/\/gooddealersmeds.com\/da\/product\/kob-gamma-hydroxybutyrat-ghb-vaeske\/#breadcrumb"},"inLanguage":"en-US","potentialAction":[{"@type":"ReadAction","target":["https:\/\/gooddealersmeds.com\/da\/product\/kob-gamma-hydroxybutyrat-ghb-vaeske\/"]}]},{"@type":"ImageObject","inLanguage":"en-US","@id":"https:\/\/gooddealersmeds.com\/da\/product\/kob-gamma-hydroxybutyrat-ghb-vaeske\/#primaryimage","url":"https:\/\/gooddealersmeds.com\/da\/wp-content\/uploads\/sites\/2\/2022\/07\/Buy-Gamma-Hydroxybutyrate-Ghb-Liquid.jpg","contentUrl":"https:\/\/gooddealersmeds.com\/da\/wp-content\/uploads\/sites\/2\/2022\/07\/Buy-Gamma-Hydroxybutyrate-Ghb-Liquid.jpg","width":600,"height":600,"caption":"Buy Gamma Hydroxybutyrate Liquid"},{"@type":"BreadcrumbList","@id":"https:\/\/gooddealersmeds.com\/da\/product\/kob-gamma-hydroxybutyrat-ghb-vaeske\/#breadcrumb","itemListElement":[{"@type":"ListItem","position":1,"name":"Home","item":"https:\/\/gooddealersmeds.com\/da\/"},{"@type":"ListItem","position":2,"name":"Produkter","item":"https:\/\/gooddealersmeds.com\/da\/produkter\/"},{"@type":"ListItem","position":3,"name":"K\u00f8b Gamma Hydroxybutyrate (GHB) v\u00e6ske"}]},{"@type":"WebSite","@id":"https:\/\/gooddealersmeds.com\/da\/#website","url":"https:\/\/gooddealersmeds.com\/da\/","name":"Good Dealers Meds","description":"All our best","publisher":{"@id":"https:\/\/gooddealersmeds.com\/da\/#organization"},"potentialAction":[{"@type":"SearchAction","target":{"@type":"EntryPoint","urlTemplate":"https:\/\/gooddealersmeds.com\/da\/?s={search_term_string}"},"query-input":{"@type":"PropertyValueSpecification","valueRequired":true,"valueName":"search_term_string"}}],"inLanguage":"en-US"},{"@type":"Organization","@id":"https:\/\/gooddealersmeds.com\/da\/#organization","name":"Good Dealers Meds","url":"https:\/\/gooddealersmeds.com\/da\/","logo":{"@type":"ImageObject","inLanguage":"en-US","@id":"https:\/\/gooddealersmeds.com\/da\/#\/schema\/logo\/image\/","url":"https:\/\/gooddealersmeds.com\/da\/wp-content\/uploads\/sites\/2\/2022\/03\/gooddealersmeds__logo__20220317T222800Z.00.png","contentUrl":"https:\/\/gooddealersmeds.com\/da\/wp-content\/uploads\/sites\/2\/2022\/03\/gooddealersmeds__logo__20220317T222800Z.00.png","width":500,"height":325,"caption":"Good Dealers Meds"},"image":{"@id":"https:\/\/gooddealersmeds.com\/da\/#\/schema\/logo\/image\/"}}]}},"_links":{"self":[{"href":"https:\/\/gooddealersmeds.com\/da\/wp-json\/wp\/v2\/product\/1984","targetHints":{"allow":["GET"]}}],"collection":[{"href":"https:\/\/gooddealersmeds.com\/da\/wp-json\/wp\/v2\/product"}],"about":[{"href":"https:\/\/gooddealersmeds.com\/da\/wp-json\/wp\/v2\/types\/product"}],"replies":[{"embeddable":true,"href":"https:\/\/gooddealersmeds.com\/da\/wp-json\/wp\/v2\/comments?post=1984"}],"wp:featuredmedia":[{"embeddable":true,"href":"https:\/\/gooddealersmeds.com\/da\/wp-json\/wp\/v2\/media\/1985"}],"wp:attachment":[{"href":"https:\/\/gooddealersmeds.com\/da\/wp-json\/wp\/v2\/media?parent=1984"}],"wp:term":[{"taxonomy":"product_brand","embeddable":true,"href":"https:\/\/gooddealersmeds.com\/da\/wp-json\/wp\/v2\/product_brand?post=1984"},{"taxonomy":"product_cat","embeddable":true,"href":"https:\/\/gooddealersmeds.com\/da\/wp-json\/wp\/v2\/product_cat?post=1984"},{"taxonomy":"product_tag","embeddable":true,"href":"https:\/\/gooddealersmeds.com\/da\/wp-json\/wp\/v2\/product_tag?post=1984"}],"curies":[{"name":"wp","href":"https:\/\/api.w.org\/{rel}","templated":true}]}}