{"id":1974,"date":"2022-07-03T13:35:45","date_gmt":"2022-07-03T13:35:45","guid":{"rendered":"https:\/\/gooddealersmeds.com\/da\/?post_type=product&#038;p=1974"},"modified":"2023-01-17T10:53:45","modified_gmt":"2023-01-17T10:53:45","slug":"gamma-hydroxybutyrat-ghb-pulver","status":"publish","type":"product","link":"https:\/\/gooddealersmeds.com\/da\/product\/gamma-hydroxybutyrat-ghb-pulver\/","title":{"rendered":"K\u00f8b Gamma Hydroxybutyrate (GHB) Pulver"},"content":{"rendered":"<h2>K\u00f8b Gamma Hydroxybutyrate (GHB) pulver online<\/h2>\n<p>GHB pulver til salg &#8211; Gamma hydroxybutyrat (GHB) pulver er et l\u00e6gemiddel, der virker som et depressivt middel p\u00e5 centralnervesystemet, som p\u00e5virker hjernen, hjerte og andre organer. Det bruges til at reducere angst, fremkalde s\u00f8vn og forbedre hum\u00f8ret. GHB-pulver kan bruges i sm\u00e5 m\u00e6ngder til at behandle milde tilf\u00e6lde af s\u00f8vnl\u00f8shed eller forebygge t\u00f8mmerm\u00e6nd efter tungt drikkeri.<\/p>\n<p>GHB-pulver eller v\u00e6ske er begge former for det samme l\u00e6gemiddel, som indeholder <a href=\"https:\/\/www.drugcom.de\/newsuebersicht\/topthemen\/ghb-kleine-tropfen-mit-grosser-wirkung\/#:~:text=GHB%20wird%20als%20farbloses%20Pulver,Entspannung%20und%20euphorische%20Gef%C3%BChle%20ein.\">Gamma HydroxyButyrate<\/a> (GHB). Det er et vanedannende stof, der for\u00e5rsager alkohollignende virkninger p\u00e5 din krop og dit sind, n\u00e5r det indtages i store doser over tid.<\/p>\n<p>&nbsp;<\/p>\n<p><strong>Hvorfor k\u00f8be Gamma Hydroxybutyrate (GHB) pulver online?<\/strong><\/p>\n<p>At k\u00f8be stoffer som GHB-pulver online har gjort vores liv meget lettere. Det var ikke nemt at k\u00f8be stoffer som dette online f\u00f8r. At k\u00f8be GHB-pulver online er nu kun en knap v\u00e6k. Du skal bare klikke p\u00e5 en knap, og din ordre er afgivet.<\/p>\n<p>&nbsp;<\/p>\n<p><strong>K\u00f8b Gamma Hydroxybutyrate (GHB)-pulver nu.<\/strong><\/p>\n<p><a href=\"https:\/\/gooddealersmeds.com\/da\/product\/gamma-hydroxybutyrate-ghb-powder\/\">GHB-pulver<\/a> er tilg\u00e6ngelig online gennem flere kilder, herunder specialapoteker og online-apoteker . Det bedste sted at k\u00f8be GHB online er Good Dealers Meds, som giver mange muligheder for at k\u00f8be dette popul\u00e6re illegale stof til en overkommelig pris.<\/p>\n<p>&nbsp;<\/p>\n<p>Ud over GoodDealersMeds brede udvalg af produkter og konkurrencedygtige priser, brugere ogs\u00e5 drage fordel af Good Dealers Meds enest\u00e5ende kundeserviceteam, som yder enest\u00e5ende support, n\u00e5r det er n\u00f8dvendigt. GHB pulver til salg<\/p>\n","protected":false},"excerpt":{"rendered":"<p>Leder du efter, hvor man kan k\u00f8be GHB-pulver? s\u00e5 kan vi levere et kvalitetsprodukt med n\u00f8jagtig h\u00f8j renhed til en overkommelig pris.<\/p>\n","protected":false},"featured_media":1975,"comment_status":"open","ping_status":"closed","template":"","meta":{"inline_featured_image":false},"product_brand":[],"product_cat":[345],"product_tag":[517,518,519,520,522,521],"class_list":{"0":"post-1974","1":"product","2":"type-product","3":"status-publish","4":"has-post-thumbnail","6":"product_cat-psykedeliske-stoffer","7":"product_tag-buy-ghb-powder-online-usa","8":"product_tag-buy-ghb-supplements","9":"product_tag-ghb-pulver-kb-online","10":"product_tag-ghb-pulver-til-salg-online","11":"product_tag-hvor-kan-jeg-f-ghb-pulver","12":"product_tag-kb-ghb-pulver-online","14":"first","15":"instock","16":"shipping-taxable","17":"purchasable","18":"product-type-variable","19":"has-default-attributes"},"yoast_head":"<!-- This site is optimized with the Yoast SEO Premium plugin v20.6 (Yoast SEO v27.3) - https:\/\/yoast.com\/product\/yoast-seo-premium-wordpress\/ -->\n<title>GHB pulver til salg | Hvor kan man bestille GHB| Good Dealers Meds<\/title>\n<meta name=\"description\" content=\"GHB pulver til salg, Leder du efter, hvor man kan k\u00f8be Gamma Hydroxybutyrate pulver? Vi kan levere dig et produkt med n\u00f8jagtig h\u00f8j renhed til en overkommelig pris.\" \/>\n<meta name=\"robots\" content=\"index, follow, max-snippet:-1, max-image-preview:large, max-video-preview:-1\" \/>\n<link rel=\"canonical\" href=\"https:\/\/gooddealersmeds.com\/da\/product\/gamma-hydroxybutyrat-ghb-pulver\/\" \/>\n<meta property=\"og:locale\" content=\"en_US\" \/>\n<meta property=\"og:type\" content=\"article\" \/>\n<meta property=\"og:title\" content=\"K\u00f8b Gamma Hydroxybutyrate (GHB) Pulver\" \/>\n<meta property=\"og:description\" content=\"GHB pulver til salg, Leder du efter, hvor man kan k\u00f8be Gamma Hydroxybutyrate pulver? Vi kan levere dig et produkt med n\u00f8jagtig h\u00f8j renhed til en overkommelig pris.\" \/>\n<meta property=\"og:url\" content=\"https:\/\/gooddealersmeds.com\/da\/product\/gamma-hydroxybutyrat-ghb-pulver\/\" \/>\n<meta property=\"og:site_name\" content=\"Good Dealers Meds\" \/>\n<meta property=\"article:modified_time\" content=\"2023-01-17T10:53:45+00:00\" \/>\n<meta property=\"og:image\" content=\"https:\/\/gooddealersmeds.com\/da\/wp-content\/uploads\/sites\/2\/2022\/07\/Gamma-Hydroxybutyrate-Ghb-Powder.jpg\" \/>\n\t<meta property=\"og:image:width\" content=\"600\" \/>\n\t<meta property=\"og:image:height\" content=\"600\" \/>\n\t<meta property=\"og:image:type\" content=\"image\/jpeg\" \/>\n<meta name=\"twitter:card\" content=\"summary_large_image\" \/>\n<meta name=\"twitter:label1\" content=\"Est. reading time\" \/>\n\t<meta name=\"twitter:data1\" content=\"1 minute\" \/>\n<script type=\"application\/ld+json\" class=\"yoast-schema-graph\">{\"@context\":\"https:\\\/\\\/schema.org\",\"@graph\":[{\"@type\":\"WebPage\",\"@id\":\"https:\\\/\\\/gooddealersmeds.com\\\/da\\\/product\\\/gamma-hydroxybutyrat-ghb-pulver\\\/\",\"url\":\"https:\\\/\\\/gooddealersmeds.com\\\/da\\\/product\\\/gamma-hydroxybutyrat-ghb-pulver\\\/\",\"name\":\"GHB pulver til salg | Hvor kan man bestille GHB| Good Dealers Meds\",\"isPartOf\":{\"@id\":\"https:\\\/\\\/gooddealersmeds.com\\\/da\\\/#website\"},\"primaryImageOfPage\":{\"@id\":\"https:\\\/\\\/gooddealersmeds.com\\\/da\\\/product\\\/gamma-hydroxybutyrat-ghb-pulver\\\/#primaryimage\"},\"image\":{\"@id\":\"https:\\\/\\\/gooddealersmeds.com\\\/da\\\/product\\\/gamma-hydroxybutyrat-ghb-pulver\\\/#primaryimage\"},\"thumbnailUrl\":\"https:\\\/\\\/gooddealersmeds.com\\\/da\\\/wp-content\\\/uploads\\\/sites\\\/2\\\/2022\\\/07\\\/Gamma-Hydroxybutyrate-Ghb-Powder.jpg\",\"datePublished\":\"2022-07-03T13:35:45+00:00\",\"dateModified\":\"2023-01-17T10:53:45+00:00\",\"description\":\"GHB pulver til salg, Leder du efter, hvor man kan k\u00f8be Gamma Hydroxybutyrate pulver? Vi kan levere dig et produkt med n\u00f8jagtig h\u00f8j renhed til en overkommelig pris.\",\"breadcrumb\":{\"@id\":\"https:\\\/\\\/gooddealersmeds.com\\\/da\\\/product\\\/gamma-hydroxybutyrat-ghb-pulver\\\/#breadcrumb\"},\"inLanguage\":\"en-US\",\"potentialAction\":[{\"@type\":\"ReadAction\",\"target\":[\"https:\\\/\\\/gooddealersmeds.com\\\/da\\\/product\\\/gamma-hydroxybutyrat-ghb-pulver\\\/\"]}]},{\"@type\":\"ImageObject\",\"inLanguage\":\"en-US\",\"@id\":\"https:\\\/\\\/gooddealersmeds.com\\\/da\\\/product\\\/gamma-hydroxybutyrat-ghb-pulver\\\/#primaryimage\",\"url\":\"https:\\\/\\\/gooddealersmeds.com\\\/da\\\/wp-content\\\/uploads\\\/sites\\\/2\\\/2022\\\/07\\\/Gamma-Hydroxybutyrate-Ghb-Powder.jpg\",\"contentUrl\":\"https:\\\/\\\/gooddealersmeds.com\\\/da\\\/wp-content\\\/uploads\\\/sites\\\/2\\\/2022\\\/07\\\/Gamma-Hydroxybutyrate-Ghb-Powder.jpg\",\"width\":600,\"height\":600,\"caption\":\"Buy Gamma Hydroxybutyrate Powder\"},{\"@type\":\"BreadcrumbList\",\"@id\":\"https:\\\/\\\/gooddealersmeds.com\\\/da\\\/product\\\/gamma-hydroxybutyrat-ghb-pulver\\\/#breadcrumb\",\"itemListElement\":[{\"@type\":\"ListItem\",\"position\":1,\"name\":\"Home\",\"item\":\"https:\\\/\\\/gooddealersmeds.com\\\/da\\\/\"},{\"@type\":\"ListItem\",\"position\":2,\"name\":\"Produkter\",\"item\":\"https:\\\/\\\/gooddealersmeds.com\\\/da\\\/produkter\\\/\"},{\"@type\":\"ListItem\",\"position\":3,\"name\":\"K\u00f8b Gamma Hydroxybutyrate (GHB) Pulver\"}]},{\"@type\":\"WebSite\",\"@id\":\"https:\\\/\\\/gooddealersmeds.com\\\/da\\\/#website\",\"url\":\"https:\\\/\\\/gooddealersmeds.com\\\/da\\\/\",\"name\":\"Good Dealers Meds\",\"description\":\"All our best\",\"publisher\":{\"@id\":\"https:\\\/\\\/gooddealersmeds.com\\\/da\\\/#organization\"},\"potentialAction\":[{\"@type\":\"SearchAction\",\"target\":{\"@type\":\"EntryPoint\",\"urlTemplate\":\"https:\\\/\\\/gooddealersmeds.com\\\/da\\\/?s={search_term_string}\"},\"query-input\":{\"@type\":\"PropertyValueSpecification\",\"valueRequired\":true,\"valueName\":\"search_term_string\"}}],\"inLanguage\":\"en-US\"},{\"@type\":\"Organization\",\"@id\":\"https:\\\/\\\/gooddealersmeds.com\\\/da\\\/#organization\",\"name\":\"Good Dealers Meds\",\"url\":\"https:\\\/\\\/gooddealersmeds.com\\\/da\\\/\",\"logo\":{\"@type\":\"ImageObject\",\"inLanguage\":\"en-US\",\"@id\":\"https:\\\/\\\/gooddealersmeds.com\\\/da\\\/#\\\/schema\\\/logo\\\/image\\\/\",\"url\":\"https:\\\/\\\/gooddealersmeds.com\\\/da\\\/wp-content\\\/uploads\\\/sites\\\/2\\\/2022\\\/03\\\/gooddealersmeds__logo__20220317T222800Z.00.png\",\"contentUrl\":\"https:\\\/\\\/gooddealersmeds.com\\\/da\\\/wp-content\\\/uploads\\\/sites\\\/2\\\/2022\\\/03\\\/gooddealersmeds__logo__20220317T222800Z.00.png\",\"width\":500,\"height\":325,\"caption\":\"Good Dealers Meds\"},\"image\":{\"@id\":\"https:\\\/\\\/gooddealersmeds.com\\\/da\\\/#\\\/schema\\\/logo\\\/image\\\/\"}}]}<\/script>\n<!-- \/ Yoast SEO Premium plugin. -->","yoast_head_json":{"title":"GHB pulver til salg | Hvor kan man bestille GHB| Good Dealers Meds","description":"GHB pulver til salg, Leder du efter, hvor man kan k\u00f8be Gamma Hydroxybutyrate pulver? Vi kan levere dig et produkt med n\u00f8jagtig h\u00f8j renhed til en overkommelig pris.","robots":{"index":"index","follow":"follow","max-snippet":"max-snippet:-1","max-image-preview":"max-image-preview:large","max-video-preview":"max-video-preview:-1"},"canonical":"https:\/\/gooddealersmeds.com\/da\/product\/gamma-hydroxybutyrat-ghb-pulver\/","og_locale":"en_US","og_type":"article","og_title":"K\u00f8b Gamma Hydroxybutyrate (GHB) Pulver","og_description":"GHB pulver til salg, Leder du efter, hvor man kan k\u00f8be Gamma Hydroxybutyrate pulver? Vi kan levere dig et produkt med n\u00f8jagtig h\u00f8j renhed til en overkommelig pris.","og_url":"https:\/\/gooddealersmeds.com\/da\/product\/gamma-hydroxybutyrat-ghb-pulver\/","og_site_name":"Good Dealers Meds","article_modified_time":"2023-01-17T10:53:45+00:00","og_image":[{"width":600,"height":600,"url":"https:\/\/gooddealersmeds.com\/da\/wp-content\/uploads\/sites\/2\/2022\/07\/Gamma-Hydroxybutyrate-Ghb-Powder.jpg","type":"image\/jpeg"}],"twitter_card":"summary_large_image","twitter_misc":{"Est. reading time":"1 minute"},"schema":{"@context":"https:\/\/schema.org","@graph":[{"@type":"WebPage","@id":"https:\/\/gooddealersmeds.com\/da\/product\/gamma-hydroxybutyrat-ghb-pulver\/","url":"https:\/\/gooddealersmeds.com\/da\/product\/gamma-hydroxybutyrat-ghb-pulver\/","name":"GHB pulver til salg | Hvor kan man bestille GHB| Good Dealers Meds","isPartOf":{"@id":"https:\/\/gooddealersmeds.com\/da\/#website"},"primaryImageOfPage":{"@id":"https:\/\/gooddealersmeds.com\/da\/product\/gamma-hydroxybutyrat-ghb-pulver\/#primaryimage"},"image":{"@id":"https:\/\/gooddealersmeds.com\/da\/product\/gamma-hydroxybutyrat-ghb-pulver\/#primaryimage"},"thumbnailUrl":"https:\/\/gooddealersmeds.com\/da\/wp-content\/uploads\/sites\/2\/2022\/07\/Gamma-Hydroxybutyrate-Ghb-Powder.jpg","datePublished":"2022-07-03T13:35:45+00:00","dateModified":"2023-01-17T10:53:45+00:00","description":"GHB pulver til salg, Leder du efter, hvor man kan k\u00f8be Gamma Hydroxybutyrate pulver? Vi kan levere dig et produkt med n\u00f8jagtig h\u00f8j renhed til en overkommelig pris.","breadcrumb":{"@id":"https:\/\/gooddealersmeds.com\/da\/product\/gamma-hydroxybutyrat-ghb-pulver\/#breadcrumb"},"inLanguage":"en-US","potentialAction":[{"@type":"ReadAction","target":["https:\/\/gooddealersmeds.com\/da\/product\/gamma-hydroxybutyrat-ghb-pulver\/"]}]},{"@type":"ImageObject","inLanguage":"en-US","@id":"https:\/\/gooddealersmeds.com\/da\/product\/gamma-hydroxybutyrat-ghb-pulver\/#primaryimage","url":"https:\/\/gooddealersmeds.com\/da\/wp-content\/uploads\/sites\/2\/2022\/07\/Gamma-Hydroxybutyrate-Ghb-Powder.jpg","contentUrl":"https:\/\/gooddealersmeds.com\/da\/wp-content\/uploads\/sites\/2\/2022\/07\/Gamma-Hydroxybutyrate-Ghb-Powder.jpg","width":600,"height":600,"caption":"Buy Gamma Hydroxybutyrate Powder"},{"@type":"BreadcrumbList","@id":"https:\/\/gooddealersmeds.com\/da\/product\/gamma-hydroxybutyrat-ghb-pulver\/#breadcrumb","itemListElement":[{"@type":"ListItem","position":1,"name":"Home","item":"https:\/\/gooddealersmeds.com\/da\/"},{"@type":"ListItem","position":2,"name":"Produkter","item":"https:\/\/gooddealersmeds.com\/da\/produkter\/"},{"@type":"ListItem","position":3,"name":"K\u00f8b Gamma Hydroxybutyrate (GHB) Pulver"}]},{"@type":"WebSite","@id":"https:\/\/gooddealersmeds.com\/da\/#website","url":"https:\/\/gooddealersmeds.com\/da\/","name":"Good Dealers Meds","description":"All our best","publisher":{"@id":"https:\/\/gooddealersmeds.com\/da\/#organization"},"potentialAction":[{"@type":"SearchAction","target":{"@type":"EntryPoint","urlTemplate":"https:\/\/gooddealersmeds.com\/da\/?s={search_term_string}"},"query-input":{"@type":"PropertyValueSpecification","valueRequired":true,"valueName":"search_term_string"}}],"inLanguage":"en-US"},{"@type":"Organization","@id":"https:\/\/gooddealersmeds.com\/da\/#organization","name":"Good Dealers Meds","url":"https:\/\/gooddealersmeds.com\/da\/","logo":{"@type":"ImageObject","inLanguage":"en-US","@id":"https:\/\/gooddealersmeds.com\/da\/#\/schema\/logo\/image\/","url":"https:\/\/gooddealersmeds.com\/da\/wp-content\/uploads\/sites\/2\/2022\/03\/gooddealersmeds__logo__20220317T222800Z.00.png","contentUrl":"https:\/\/gooddealersmeds.com\/da\/wp-content\/uploads\/sites\/2\/2022\/03\/gooddealersmeds__logo__20220317T222800Z.00.png","width":500,"height":325,"caption":"Good Dealers Meds"},"image":{"@id":"https:\/\/gooddealersmeds.com\/da\/#\/schema\/logo\/image\/"}}]}},"_links":{"self":[{"href":"https:\/\/gooddealersmeds.com\/da\/wp-json\/wp\/v2\/product\/1974","targetHints":{"allow":["GET"]}}],"collection":[{"href":"https:\/\/gooddealersmeds.com\/da\/wp-json\/wp\/v2\/product"}],"about":[{"href":"https:\/\/gooddealersmeds.com\/da\/wp-json\/wp\/v2\/types\/product"}],"replies":[{"embeddable":true,"href":"https:\/\/gooddealersmeds.com\/da\/wp-json\/wp\/v2\/comments?post=1974"}],"wp:featuredmedia":[{"embeddable":true,"href":"https:\/\/gooddealersmeds.com\/da\/wp-json\/wp\/v2\/media\/1975"}],"wp:attachment":[{"href":"https:\/\/gooddealersmeds.com\/da\/wp-json\/wp\/v2\/media?parent=1974"}],"wp:term":[{"taxonomy":"product_brand","embeddable":true,"href":"https:\/\/gooddealersmeds.com\/da\/wp-json\/wp\/v2\/product_brand?post=1974"},{"taxonomy":"product_cat","embeddable":true,"href":"https:\/\/gooddealersmeds.com\/da\/wp-json\/wp\/v2\/product_cat?post=1974"},{"taxonomy":"product_tag","embeddable":true,"href":"https:\/\/gooddealersmeds.com\/da\/wp-json\/wp\/v2\/product_tag?post=1974"}],"curies":[{"name":"wp","href":"https:\/\/api.w.org\/{rel}","templated":true}]}}