{"id":1967,"date":"2022-07-03T13:18:30","date_gmt":"2022-07-03T13:18:30","guid":{"rendered":"https:\/\/gooddealersmeds.com\/da\/?post_type=product&#038;p=1967"},"modified":"2023-01-17T11:02:37","modified_gmt":"2023-01-17T11:02:37","slug":"kob-nembutal-pulver","status":"publish","type":"product","link":"https:\/\/gooddealersmeds.com\/da\/product\/kob-nembutal-pulver\/","title":{"rendered":"K\u00f8b Purity Nembutal Pulver"},"content":{"rendered":"<h2>Bestil Nembutal pulver hos os til de bedste priser<\/h2>\n<p>K\u00f8b Purity Nembutal pulver fra vores online butik. Hvis du er villig til at k\u00f8be Nembutal-pulver online fra de bedste Nembutal-leverand\u00f8rer (Nembutal pulver til salg), s\u00e5 er vores apotek det rigtige sted at udf\u00f8re det. Kontakt os i dag, og f\u00e5 dine krav opfyldt inden l\u00e6nge. Dit stof vil n\u00e5 dig p\u00e5 dit foretrukne sted. hvor kan man f\u00e5 Nembutal pulver online til den bedste pris nu! er hos Good Dealers Meds<\/p>\n<p>Har du sv\u00e6rt ved at sove om natten? F\u00f8ler du dig tr\u00e6t efter at st\u00e5 op om morgenen? S\u00f8vnmangel kan forstyrre din daglige rutine. Det g\u00f8r dig ikke kun mindre produktiv, men det kan ogs\u00e5 f\u00f8re til alvorlige konsekvenser s\u00e5som fedme, et sv\u00e6kket immunsystem og hjerteproblemer. En af de sv\u00e6reste udfordringer, vi st\u00e5r over for, er at \u00e6ndre vores livsstil. Du vil m\u00e5ske gerne g\u00f8re det, men p\u00e5 grund af lange arbejdstider og andre forpligtelser vender du tilbage til udgangspunktet.<\/p>\n<p><strong>Hvad er det rigtige sted at k\u00f8be Nembutal pulver?<\/strong><\/p>\n<p>Nembutal pulver er velkendt for at fremkalde s\u00f8vn hos patienter med s\u00f8vnproblemer s\u00e5som s\u00f8vnl\u00f8shed eller s\u00f8vnbesv\u00e6r. I mange tilf\u00e6lde bruges det ogs\u00e5 som et anti-nerv\u00f8s beroligende middel. Hvis du har de samme m\u00e5l i tankerne, er det en klog beslutning at k\u00f8be Nembutal Powder online fra vores onlineapotek.<\/p>\n<p>Kvaliteten af \u200b\u200bl\u00e6gemidler spiller en afg\u00f8rende rolle for at bestemme, hvilken slags virkning de vil have p\u00e5 din krop. man b\u00f8r undlade at k\u00f8be l\u00e6gemidler, der ikke er godkendt til konsum.<\/p>\n<p><strong>Kontakt os nu for at afgive din bestilling til Nembutal<\/strong><\/p>\n<p>N\u00e5r du bestiller nembutal pulver fra vores online butik, kan du v\u00e6re sikker p\u00e5 dets kvalitet. Vi arbejder b\u00e6redygtigt for at garantere maksimale resultater fra vores produkter. Vi tilbyder Nembutal af h\u00f8j kvalitet 99,8% renhed til de bedste konkurrencedygtige priser. Vi byggede vores fremragende<br \/>\nomd\u00f8mme ved at tilbyde vores kunder fremragende kvalitet\/h\u00f8j renhed Nembutal med diskret levering og venlig kundesupport. Vi leverer fremragende renhed, sikker betaling, meget diskret, hurtig og effektiv levering. Nembutal pulver til salg<\/p>\n","protected":false},"excerpt":{"rendered":"<p>Vi leverer alle ovenn\u00e6vnte produkter til meget overkommelige priser, og vi leverer til ethvert sted rundt om i verden. S\u00e5 vi er stolte af at v\u00e6re vores forsendelsesservice er 100 % garanteret og sikker. Vores produkter er godt sikret for at undg\u00e5 enhver aflytning. Vores hovedsageligt produkter er:- Nembutals pulver, barbiturat-tests\u00e6t, Nembutal-piller, oral v\u00e6ske og alt sammen vist i vores online butik.<\/p>\n","protected":false},"featured_media":1968,"comment_status":"open","ping_status":"closed","template":"","meta":{"inline_featured_image":false},"product_brand":[],"product_cat":[343],"product_tag":[],"class_list":{"0":"post-1967","1":"product","2":"type-product","3":"status-publish","4":"has-post-thumbnail","6":"product_cat-andre","8":"first","9":"instock","10":"shipping-taxable","11":"purchasable","12":"product-type-variable","13":"has-default-attributes"},"yoast_head":"<!-- This site is optimized with the Yoast SEO Premium plugin v20.6 (Yoast SEO v27.4) - https:\/\/yoast.com\/product\/yoast-seo-premium-wordpress\/ -->\n<title>Nembutal pulver til salg | K\u00f8b nembutal god kvalitet | Good Dealers Meds<\/title>\n<meta name=\"description\" content=\"Nembutal pulver til salg (Pentobarbital) og f\u00e5 det sendt hjem til dig. Vi leverer det til ethvert sted\/land rundt om i verden.\" \/>\n<meta name=\"robots\" content=\"index, follow, max-snippet:-1, max-image-preview:large, max-video-preview:-1\" \/>\n<link rel=\"canonical\" href=\"https:\/\/gooddealersmeds.com\/da\/product\/kob-nembutal-pulver\/\" \/>\n<meta property=\"og:locale\" content=\"en_US\" \/>\n<meta property=\"og:type\" content=\"article\" \/>\n<meta property=\"og:title\" content=\"K\u00f8b Purity Nembutal Pulver\" \/>\n<meta property=\"og:description\" content=\"Nembutal pulver til salg (Pentobarbital) og f\u00e5 det sendt hjem til dig. Vi leverer det til ethvert sted\/land rundt om i verden.\" \/>\n<meta property=\"og:url\" content=\"https:\/\/gooddealersmeds.com\/da\/product\/kob-nembutal-pulver\/\" \/>\n<meta property=\"og:site_name\" content=\"Good Dealers Meds\" \/>\n<meta property=\"article:modified_time\" content=\"2023-01-17T11:02:37+00:00\" \/>\n<meta property=\"og:image\" content=\"https:\/\/gooddealersmeds.com\/da\/wp-content\/uploads\/sites\/2\/2022\/07\/nembutal-powder.jpg\" \/>\n\t<meta property=\"og:image:width\" content=\"600\" \/>\n\t<meta property=\"og:image:height\" content=\"450\" \/>\n\t<meta property=\"og:image:type\" content=\"image\/jpeg\" \/>\n<meta name=\"twitter:card\" content=\"summary_large_image\" \/>\n<meta name=\"twitter:label1\" content=\"Est. reading time\" \/>\n\t<meta name=\"twitter:data1\" content=\"2 minutes\" \/>\n<script type=\"application\/ld+json\" class=\"yoast-schema-graph\">{\"@context\":\"https:\\\/\\\/schema.org\",\"@graph\":[{\"@type\":\"WebPage\",\"@id\":\"https:\\\/\\\/gooddealersmeds.com\\\/da\\\/product\\\/kob-nembutal-pulver\\\/\",\"url\":\"https:\\\/\\\/gooddealersmeds.com\\\/da\\\/product\\\/kob-nembutal-pulver\\\/\",\"name\":\"Nembutal pulver til salg | K\u00f8b nembutal god kvalitet | Good Dealers Meds\",\"isPartOf\":{\"@id\":\"https:\\\/\\\/gooddealersmeds.com\\\/da\\\/#website\"},\"primaryImageOfPage\":{\"@id\":\"https:\\\/\\\/gooddealersmeds.com\\\/da\\\/product\\\/kob-nembutal-pulver\\\/#primaryimage\"},\"image\":{\"@id\":\"https:\\\/\\\/gooddealersmeds.com\\\/da\\\/product\\\/kob-nembutal-pulver\\\/#primaryimage\"},\"thumbnailUrl\":\"https:\\\/\\\/gooddealersmeds.com\\\/da\\\/wp-content\\\/uploads\\\/sites\\\/2\\\/2022\\\/07\\\/nembutal-powder.jpg\",\"datePublished\":\"2022-07-03T13:18:30+00:00\",\"dateModified\":\"2023-01-17T11:02:37+00:00\",\"description\":\"Nembutal pulver til salg (Pentobarbital) og f\u00e5 det sendt hjem til dig. Vi leverer det til ethvert sted\\\/land rundt om i verden.\",\"breadcrumb\":{\"@id\":\"https:\\\/\\\/gooddealersmeds.com\\\/da\\\/product\\\/kob-nembutal-pulver\\\/#breadcrumb\"},\"inLanguage\":\"en-US\",\"potentialAction\":[{\"@type\":\"ReadAction\",\"target\":[\"https:\\\/\\\/gooddealersmeds.com\\\/da\\\/product\\\/kob-nembutal-pulver\\\/\"]}]},{\"@type\":\"ImageObject\",\"inLanguage\":\"en-US\",\"@id\":\"https:\\\/\\\/gooddealersmeds.com\\\/da\\\/product\\\/kob-nembutal-pulver\\\/#primaryimage\",\"url\":\"https:\\\/\\\/gooddealersmeds.com\\\/da\\\/wp-content\\\/uploads\\\/sites\\\/2\\\/2022\\\/07\\\/nembutal-powder.jpg\",\"contentUrl\":\"https:\\\/\\\/gooddealersmeds.com\\\/da\\\/wp-content\\\/uploads\\\/sites\\\/2\\\/2022\\\/07\\\/nembutal-powder.jpg\",\"width\":600,\"height\":450,\"caption\":\"Nembutal Powder Online\"},{\"@type\":\"BreadcrumbList\",\"@id\":\"https:\\\/\\\/gooddealersmeds.com\\\/da\\\/product\\\/kob-nembutal-pulver\\\/#breadcrumb\",\"itemListElement\":[{\"@type\":\"ListItem\",\"position\":1,\"name\":\"Home\",\"item\":\"https:\\\/\\\/gooddealersmeds.com\\\/da\\\/\"},{\"@type\":\"ListItem\",\"position\":2,\"name\":\"Produkter\",\"item\":\"https:\\\/\\\/gooddealersmeds.com\\\/da\\\/produkter\\\/\"},{\"@type\":\"ListItem\",\"position\":3,\"name\":\"K\u00f8b Purity Nembutal Pulver\"}]},{\"@type\":\"WebSite\",\"@id\":\"https:\\\/\\\/gooddealersmeds.com\\\/da\\\/#website\",\"url\":\"https:\\\/\\\/gooddealersmeds.com\\\/da\\\/\",\"name\":\"Good Dealers Meds\",\"description\":\"All our best\",\"publisher\":{\"@id\":\"https:\\\/\\\/gooddealersmeds.com\\\/da\\\/#organization\"},\"potentialAction\":[{\"@type\":\"SearchAction\",\"target\":{\"@type\":\"EntryPoint\",\"urlTemplate\":\"https:\\\/\\\/gooddealersmeds.com\\\/da\\\/?s={search_term_string}\"},\"query-input\":{\"@type\":\"PropertyValueSpecification\",\"valueRequired\":true,\"valueName\":\"search_term_string\"}}],\"inLanguage\":\"en-US\"},{\"@type\":\"Organization\",\"@id\":\"https:\\\/\\\/gooddealersmeds.com\\\/da\\\/#organization\",\"name\":\"Good Dealers Meds\",\"url\":\"https:\\\/\\\/gooddealersmeds.com\\\/da\\\/\",\"logo\":{\"@type\":\"ImageObject\",\"inLanguage\":\"en-US\",\"@id\":\"https:\\\/\\\/gooddealersmeds.com\\\/da\\\/#\\\/schema\\\/logo\\\/image\\\/\",\"url\":\"https:\\\/\\\/gooddealersmeds.com\\\/da\\\/wp-content\\\/uploads\\\/sites\\\/2\\\/2022\\\/03\\\/gooddealersmeds__logo__20220317T222800Z.00.png\",\"contentUrl\":\"https:\\\/\\\/gooddealersmeds.com\\\/da\\\/wp-content\\\/uploads\\\/sites\\\/2\\\/2022\\\/03\\\/gooddealersmeds__logo__20220317T222800Z.00.png\",\"width\":500,\"height\":325,\"caption\":\"Good Dealers Meds\"},\"image\":{\"@id\":\"https:\\\/\\\/gooddealersmeds.com\\\/da\\\/#\\\/schema\\\/logo\\\/image\\\/\"}}]}<\/script>\n<!-- \/ Yoast SEO Premium plugin. -->","yoast_head_json":{"title":"Nembutal pulver til salg | K\u00f8b nembutal god kvalitet | Good Dealers Meds","description":"Nembutal pulver til salg (Pentobarbital) og f\u00e5 det sendt hjem til dig. Vi leverer det til ethvert sted\/land rundt om i verden.","robots":{"index":"index","follow":"follow","max-snippet":"max-snippet:-1","max-image-preview":"max-image-preview:large","max-video-preview":"max-video-preview:-1"},"canonical":"https:\/\/gooddealersmeds.com\/da\/product\/kob-nembutal-pulver\/","og_locale":"en_US","og_type":"article","og_title":"K\u00f8b Purity Nembutal Pulver","og_description":"Nembutal pulver til salg (Pentobarbital) og f\u00e5 det sendt hjem til dig. Vi leverer det til ethvert sted\/land rundt om i verden.","og_url":"https:\/\/gooddealersmeds.com\/da\/product\/kob-nembutal-pulver\/","og_site_name":"Good Dealers Meds","article_modified_time":"2023-01-17T11:02:37+00:00","og_image":[{"width":600,"height":450,"url":"https:\/\/gooddealersmeds.com\/da\/wp-content\/uploads\/sites\/2\/2022\/07\/nembutal-powder.jpg","type":"image\/jpeg"}],"twitter_card":"summary_large_image","twitter_misc":{"Est. reading time":"2 minutes"},"schema":{"@context":"https:\/\/schema.org","@graph":[{"@type":"WebPage","@id":"https:\/\/gooddealersmeds.com\/da\/product\/kob-nembutal-pulver\/","url":"https:\/\/gooddealersmeds.com\/da\/product\/kob-nembutal-pulver\/","name":"Nembutal pulver til salg | K\u00f8b nembutal god kvalitet | Good Dealers Meds","isPartOf":{"@id":"https:\/\/gooddealersmeds.com\/da\/#website"},"primaryImageOfPage":{"@id":"https:\/\/gooddealersmeds.com\/da\/product\/kob-nembutal-pulver\/#primaryimage"},"image":{"@id":"https:\/\/gooddealersmeds.com\/da\/product\/kob-nembutal-pulver\/#primaryimage"},"thumbnailUrl":"https:\/\/gooddealersmeds.com\/da\/wp-content\/uploads\/sites\/2\/2022\/07\/nembutal-powder.jpg","datePublished":"2022-07-03T13:18:30+00:00","dateModified":"2023-01-17T11:02:37+00:00","description":"Nembutal pulver til salg (Pentobarbital) og f\u00e5 det sendt hjem til dig. Vi leverer det til ethvert sted\/land rundt om i verden.","breadcrumb":{"@id":"https:\/\/gooddealersmeds.com\/da\/product\/kob-nembutal-pulver\/#breadcrumb"},"inLanguage":"en-US","potentialAction":[{"@type":"ReadAction","target":["https:\/\/gooddealersmeds.com\/da\/product\/kob-nembutal-pulver\/"]}]},{"@type":"ImageObject","inLanguage":"en-US","@id":"https:\/\/gooddealersmeds.com\/da\/product\/kob-nembutal-pulver\/#primaryimage","url":"https:\/\/gooddealersmeds.com\/da\/wp-content\/uploads\/sites\/2\/2022\/07\/nembutal-powder.jpg","contentUrl":"https:\/\/gooddealersmeds.com\/da\/wp-content\/uploads\/sites\/2\/2022\/07\/nembutal-powder.jpg","width":600,"height":450,"caption":"Nembutal Powder Online"},{"@type":"BreadcrumbList","@id":"https:\/\/gooddealersmeds.com\/da\/product\/kob-nembutal-pulver\/#breadcrumb","itemListElement":[{"@type":"ListItem","position":1,"name":"Home","item":"https:\/\/gooddealersmeds.com\/da\/"},{"@type":"ListItem","position":2,"name":"Produkter","item":"https:\/\/gooddealersmeds.com\/da\/produkter\/"},{"@type":"ListItem","position":3,"name":"K\u00f8b Purity Nembutal Pulver"}]},{"@type":"WebSite","@id":"https:\/\/gooddealersmeds.com\/da\/#website","url":"https:\/\/gooddealersmeds.com\/da\/","name":"Good Dealers Meds","description":"All our best","publisher":{"@id":"https:\/\/gooddealersmeds.com\/da\/#organization"},"potentialAction":[{"@type":"SearchAction","target":{"@type":"EntryPoint","urlTemplate":"https:\/\/gooddealersmeds.com\/da\/?s={search_term_string}"},"query-input":{"@type":"PropertyValueSpecification","valueRequired":true,"valueName":"search_term_string"}}],"inLanguage":"en-US"},{"@type":"Organization","@id":"https:\/\/gooddealersmeds.com\/da\/#organization","name":"Good Dealers Meds","url":"https:\/\/gooddealersmeds.com\/da\/","logo":{"@type":"ImageObject","inLanguage":"en-US","@id":"https:\/\/gooddealersmeds.com\/da\/#\/schema\/logo\/image\/","url":"https:\/\/gooddealersmeds.com\/da\/wp-content\/uploads\/sites\/2\/2022\/03\/gooddealersmeds__logo__20220317T222800Z.00.png","contentUrl":"https:\/\/gooddealersmeds.com\/da\/wp-content\/uploads\/sites\/2\/2022\/03\/gooddealersmeds__logo__20220317T222800Z.00.png","width":500,"height":325,"caption":"Good Dealers Meds"},"image":{"@id":"https:\/\/gooddealersmeds.com\/da\/#\/schema\/logo\/image\/"}}]}},"_links":{"self":[{"href":"https:\/\/gooddealersmeds.com\/da\/wp-json\/wp\/v2\/product\/1967","targetHints":{"allow":["GET"]}}],"collection":[{"href":"https:\/\/gooddealersmeds.com\/da\/wp-json\/wp\/v2\/product"}],"about":[{"href":"https:\/\/gooddealersmeds.com\/da\/wp-json\/wp\/v2\/types\/product"}],"replies":[{"embeddable":true,"href":"https:\/\/gooddealersmeds.com\/da\/wp-json\/wp\/v2\/comments?post=1967"}],"wp:featuredmedia":[{"embeddable":true,"href":"https:\/\/gooddealersmeds.com\/da\/wp-json\/wp\/v2\/media\/1968"}],"wp:attachment":[{"href":"https:\/\/gooddealersmeds.com\/da\/wp-json\/wp\/v2\/media?parent=1967"}],"wp:term":[{"taxonomy":"product_brand","embeddable":true,"href":"https:\/\/gooddealersmeds.com\/da\/wp-json\/wp\/v2\/product_brand?post=1967"},{"taxonomy":"product_cat","embeddable":true,"href":"https:\/\/gooddealersmeds.com\/da\/wp-json\/wp\/v2\/product_cat?post=1967"},{"taxonomy":"product_tag","embeddable":true,"href":"https:\/\/gooddealersmeds.com\/da\/wp-json\/wp\/v2\/product_tag?post=1967"}],"curies":[{"name":"wp","href":"https:\/\/api.w.org\/{rel}","templated":true}]}}