{"id":1965,"date":"2022-07-03T13:10:22","date_gmt":"2022-07-03T13:10:22","guid":{"rendered":"https:\/\/gooddealersmeds.com\/da\/?post_type=product&#038;p=1965"},"modified":"2023-01-17T11:06:08","modified_gmt":"2023-01-17T11:06:08","slug":"kob-koncert-online","status":"publish","type":"product","link":"https:\/\/gooddealersmeds.com\/da\/product\/kob-koncert-online\/","title":{"rendered":"K\u00f8b Concerta online"},"content":{"rendered":"<h2>Concerta til salg online<\/h2>\n<p>K\u00f8b Concerta online, Concerta er et l\u00e6gemiddel, der hj\u00e6lper med at behandle opm\u00e6rksomhedsforstyrrelser (ADD) hos voksne. Det indeholder methylphenidat, designet til at hj\u00e6lpe folk med at fokusere og koncentrere sig mere. Concerta behandler ADD hos voksne, der ikke reagerer godt p\u00e5 andre behandlinger. Det kan ogs\u00e5 bruges som behandling for narkolepsi hos voksne, der oplever overdreven s\u00f8vnighed i dagtimerne.<\/p>\n<p>Medicinerne kommer i piller, og den tages \u00e9n gang dagligt, med eller uden mad. Bland det ikke med alkohol eller andre stoffer. Det er et langtidsvirkende l\u00e6gemiddel, der varer i 12 timer, efter du har taget det, s\u00e5 det kan hj\u00e6lpe dig med at holde dig fokuseret og opm\u00e6rksom hele dagen.<\/p>\n<p>Det har ogs\u00e5 et lavt potentiale for misbrug, hvilket betyder, at det er usandsynligt, at give bivirkninger som forh\u00f8jet blodtryk eller hjerteproblemer. Concerta virker ved at \u00f8ge dopaminniveauet i din hjerne, hvilket hj\u00e6lper med at forbedre fokus, opm\u00e6rksomhed og impulskontrol.<\/p>\n<p>I en n\u00f8ddeskal er Concerta blevet ordineret til personer, der har problemer med at fokusere og v\u00e6re opm\u00e6rksom. Det hj\u00e6lper ogs\u00e5 med at kontrollere hyperaktivitet, s\u00e5som at tumle eller bev\u00e6ge dig for meget rundt, n\u00e5r du ikke skal.<\/p>\n<p>Brug ikke dette l\u00e6gemiddel, hvis du er gravid eller ammer p\u00e5 grund af risikoen for medf\u00f8dte handicap eller abstinenssymptomer hvis du pludselig stopper med at tage medicinen efter lang tids brug (mere end to uger).<\/p>\n<p>&nbsp;<\/p>\n<p><strong>Hvorfor bestille Concerta Online?<\/strong><\/p>\n<p>Der er mange fordele ved at k\u00f8be Concerta online. Lad os sige, at du ikke beh\u00f8ver at vise nogen recept til din s\u00e6lger for at <a href=\"https:\/\/gooddealersmeds.com\/da\/product\/buy-concerta-online\/\">k\u00f8be Concerta<\/a> online. Hvis bare du er 21+ \u00e5r, er du god til at g\u00e5. Desuden kan du bestille dit \u00f8nskede produkt uden andre begr\u00e6nsninger. Ogs\u00e5 det uden at bev\u00e6ge dig i r\u00f8ven eller g\u00f8re noget h\u00e5rdt arbejde.<\/p>\n<p><strong>\u00a0<\/strong><\/p>\n<p><strong>Hvad er det bedste sted at k\u00f8be Concerta online?<\/strong><\/p>\n<p>Koncertpulver kan k\u00f8bes online. Det bedste sted at k\u00f8be Methylphenidat online er fra et p\u00e5lideligt firma som GoodDealersMeds, fordi vi har eksisteret i over 10 \u00e5r og har bevist, at vi er p\u00e5lidelige. Vi har mange produkter, herunder Methylphenidat, men vores hovedfokus er p\u00e5 at levere service af h\u00f8j kvalitet og kundetilfredshed. K\u00f8b Concerta online<\/p>\n","protected":false},"excerpt":{"rendered":"<p><strong>K\u00f8b Concerta Online bruges til at behandle opm\u00e6rksomhedsunderskud hyperaktivitetsforstyrrelse \u2013 ADHD.<\/strong><\/p>\n<p>Det virker ved at \u00e6ndre m\u00e6ngden af \u200b\u200bvisse naturlige stoffer i hjernen. Methylphenidat tilh\u00f8rer en klasse af l\u00e6gemidler kendt som stimulanser. Det kan hj\u00e6lpe med at \u00f8ge din evne til at v\u00e6re opm\u00e6rksom, holde fokus p\u00e5 en aktivitet og kontrollere adf\u00e6rdsproblemer. Det kan ogs\u00e5 hj\u00e6lpe dig med at organisere dine opgaver og forbedre lytteevner.<\/p>\n","protected":false},"featured_media":1966,"comment_status":"open","ping_status":"closed","template":"","meta":{"inline_featured_image":false},"product_brand":[],"product_cat":[346],"product_tag":[],"class_list":{"0":"post-1965","1":"product","2":"type-product","3":"status-publish","4":"has-post-thumbnail","6":"product_cat-stimulanser","8":"first","9":"instock","10":"shipping-taxable","11":"purchasable","12":"product-type-simple"},"yoast_head":"<!-- This site is optimized with the Yoast SEO Premium plugin v20.6 (Yoast SEO v27.4) - https:\/\/yoast.com\/product\/yoast-seo-premium-wordpress\/ -->\n<title>K\u00f8b Concerta online (methylphenidat HCL) | Good Dealers Meds<\/title>\n<meta name=\"description\" content=\"K\u00f8b Concerta Online; bruges til at behandle opm\u00e6rksomhedsunderskud hyperaktivitetsforstyrrelse. Det virker ved at \u00e6ndre naturlige stoffer i hjernen.\" \/>\n<meta name=\"robots\" content=\"index, follow, max-snippet:-1, max-image-preview:large, max-video-preview:-1\" \/>\n<link rel=\"canonical\" href=\"https:\/\/gooddealersmeds.com\/da\/product\/kob-koncert-online\/\" \/>\n<meta property=\"og:locale\" content=\"en_US\" \/>\n<meta property=\"og:type\" content=\"article\" \/>\n<meta property=\"og:title\" content=\"K\u00f8b Concerta online\" \/>\n<meta property=\"og:description\" content=\"K\u00f8b Concerta Online; bruges til at behandle opm\u00e6rksomhedsunderskud hyperaktivitetsforstyrrelse. Det virker ved at \u00e6ndre naturlige stoffer i hjernen.\" \/>\n<meta property=\"og:url\" content=\"https:\/\/gooddealersmeds.com\/da\/product\/kob-koncert-online\/\" \/>\n<meta property=\"og:site_name\" content=\"Good Dealers Meds\" \/>\n<meta property=\"article:modified_time\" content=\"2023-01-17T11:06:08+00:00\" \/>\n<meta property=\"og:image\" content=\"https:\/\/gooddealersmeds.com\/da\/wp-content\/uploads\/sites\/2\/2022\/07\/concerta-36mg-500x500-1.png\" \/>\n\t<meta property=\"og:image:width\" content=\"500\" \/>\n\t<meta property=\"og:image:height\" content=\"500\" \/>\n\t<meta property=\"og:image:type\" content=\"image\/png\" \/>\n<meta name=\"twitter:card\" content=\"summary_large_image\" \/>\n<meta name=\"twitter:label1\" content=\"Est. reading time\" \/>\n\t<meta name=\"twitter:data1\" content=\"2 minutes\" \/>\n<script type=\"application\/ld+json\" class=\"yoast-schema-graph\">{\"@context\":\"https:\\\/\\\/schema.org\",\"@graph\":[{\"@type\":\"WebPage\",\"@id\":\"https:\\\/\\\/gooddealersmeds.com\\\/da\\\/product\\\/kob-koncert-online\\\/\",\"url\":\"https:\\\/\\\/gooddealersmeds.com\\\/da\\\/product\\\/kob-koncert-online\\\/\",\"name\":\"K\u00f8b Concerta online (methylphenidat HCL) | Good Dealers Meds\",\"isPartOf\":{\"@id\":\"https:\\\/\\\/gooddealersmeds.com\\\/da\\\/#website\"},\"primaryImageOfPage\":{\"@id\":\"https:\\\/\\\/gooddealersmeds.com\\\/da\\\/product\\\/kob-koncert-online\\\/#primaryimage\"},\"image\":{\"@id\":\"https:\\\/\\\/gooddealersmeds.com\\\/da\\\/product\\\/kob-koncert-online\\\/#primaryimage\"},\"thumbnailUrl\":\"https:\\\/\\\/gooddealersmeds.com\\\/da\\\/wp-content\\\/uploads\\\/sites\\\/2\\\/2022\\\/07\\\/concerta-36mg-500x500-1.png\",\"datePublished\":\"2022-07-03T13:10:22+00:00\",\"dateModified\":\"2023-01-17T11:06:08+00:00\",\"description\":\"K\u00f8b Concerta Online; bruges til at behandle opm\u00e6rksomhedsunderskud hyperaktivitetsforstyrrelse. Det virker ved at \u00e6ndre naturlige stoffer i hjernen.\",\"breadcrumb\":{\"@id\":\"https:\\\/\\\/gooddealersmeds.com\\\/da\\\/product\\\/kob-koncert-online\\\/#breadcrumb\"},\"inLanguage\":\"en-US\",\"potentialAction\":[{\"@type\":\"ReadAction\",\"target\":[\"https:\\\/\\\/gooddealersmeds.com\\\/da\\\/product\\\/kob-koncert-online\\\/\"]}]},{\"@type\":\"ImageObject\",\"inLanguage\":\"en-US\",\"@id\":\"https:\\\/\\\/gooddealersmeds.com\\\/da\\\/product\\\/kob-koncert-online\\\/#primaryimage\",\"url\":\"https:\\\/\\\/gooddealersmeds.com\\\/da\\\/wp-content\\\/uploads\\\/sites\\\/2\\\/2022\\\/07\\\/concerta-36mg-500x500-1.png\",\"contentUrl\":\"https:\\\/\\\/gooddealersmeds.com\\\/da\\\/wp-content\\\/uploads\\\/sites\\\/2\\\/2022\\\/07\\\/concerta-36mg-500x500-1.png\",\"width\":500,\"height\":500,\"caption\":\"Buy Concerta Online\"},{\"@type\":\"BreadcrumbList\",\"@id\":\"https:\\\/\\\/gooddealersmeds.com\\\/da\\\/product\\\/kob-koncert-online\\\/#breadcrumb\",\"itemListElement\":[{\"@type\":\"ListItem\",\"position\":1,\"name\":\"Home\",\"item\":\"https:\\\/\\\/gooddealersmeds.com\\\/da\\\/\"},{\"@type\":\"ListItem\",\"position\":2,\"name\":\"Produkter\",\"item\":\"https:\\\/\\\/gooddealersmeds.com\\\/da\\\/produkter\\\/\"},{\"@type\":\"ListItem\",\"position\":3,\"name\":\"K\u00f8b Concerta online\"}]},{\"@type\":\"WebSite\",\"@id\":\"https:\\\/\\\/gooddealersmeds.com\\\/da\\\/#website\",\"url\":\"https:\\\/\\\/gooddealersmeds.com\\\/da\\\/\",\"name\":\"Good Dealers Meds\",\"description\":\"All our best\",\"publisher\":{\"@id\":\"https:\\\/\\\/gooddealersmeds.com\\\/da\\\/#organization\"},\"potentialAction\":[{\"@type\":\"SearchAction\",\"target\":{\"@type\":\"EntryPoint\",\"urlTemplate\":\"https:\\\/\\\/gooddealersmeds.com\\\/da\\\/?s={search_term_string}\"},\"query-input\":{\"@type\":\"PropertyValueSpecification\",\"valueRequired\":true,\"valueName\":\"search_term_string\"}}],\"inLanguage\":\"en-US\"},{\"@type\":\"Organization\",\"@id\":\"https:\\\/\\\/gooddealersmeds.com\\\/da\\\/#organization\",\"name\":\"Good Dealers Meds\",\"url\":\"https:\\\/\\\/gooddealersmeds.com\\\/da\\\/\",\"logo\":{\"@type\":\"ImageObject\",\"inLanguage\":\"en-US\",\"@id\":\"https:\\\/\\\/gooddealersmeds.com\\\/da\\\/#\\\/schema\\\/logo\\\/image\\\/\",\"url\":\"https:\\\/\\\/gooddealersmeds.com\\\/da\\\/wp-content\\\/uploads\\\/sites\\\/2\\\/2022\\\/03\\\/gooddealersmeds__logo__20220317T222800Z.00.png\",\"contentUrl\":\"https:\\\/\\\/gooddealersmeds.com\\\/da\\\/wp-content\\\/uploads\\\/sites\\\/2\\\/2022\\\/03\\\/gooddealersmeds__logo__20220317T222800Z.00.png\",\"width\":500,\"height\":325,\"caption\":\"Good Dealers Meds\"},\"image\":{\"@id\":\"https:\\\/\\\/gooddealersmeds.com\\\/da\\\/#\\\/schema\\\/logo\\\/image\\\/\"}}]}<\/script>\n<!-- \/ Yoast SEO Premium plugin. -->","yoast_head_json":{"title":"K\u00f8b Concerta online (methylphenidat HCL) | Good Dealers Meds","description":"K\u00f8b Concerta Online; bruges til at behandle opm\u00e6rksomhedsunderskud hyperaktivitetsforstyrrelse. Det virker ved at \u00e6ndre naturlige stoffer i hjernen.","robots":{"index":"index","follow":"follow","max-snippet":"max-snippet:-1","max-image-preview":"max-image-preview:large","max-video-preview":"max-video-preview:-1"},"canonical":"https:\/\/gooddealersmeds.com\/da\/product\/kob-koncert-online\/","og_locale":"en_US","og_type":"article","og_title":"K\u00f8b Concerta online","og_description":"K\u00f8b Concerta Online; bruges til at behandle opm\u00e6rksomhedsunderskud hyperaktivitetsforstyrrelse. Det virker ved at \u00e6ndre naturlige stoffer i hjernen.","og_url":"https:\/\/gooddealersmeds.com\/da\/product\/kob-koncert-online\/","og_site_name":"Good Dealers Meds","article_modified_time":"2023-01-17T11:06:08+00:00","og_image":[{"width":500,"height":500,"url":"https:\/\/gooddealersmeds.com\/da\/wp-content\/uploads\/sites\/2\/2022\/07\/concerta-36mg-500x500-1.png","type":"image\/png"}],"twitter_card":"summary_large_image","twitter_misc":{"Est. reading time":"2 minutes"},"schema":{"@context":"https:\/\/schema.org","@graph":[{"@type":"WebPage","@id":"https:\/\/gooddealersmeds.com\/da\/product\/kob-koncert-online\/","url":"https:\/\/gooddealersmeds.com\/da\/product\/kob-koncert-online\/","name":"K\u00f8b Concerta online (methylphenidat HCL) | Good Dealers Meds","isPartOf":{"@id":"https:\/\/gooddealersmeds.com\/da\/#website"},"primaryImageOfPage":{"@id":"https:\/\/gooddealersmeds.com\/da\/product\/kob-koncert-online\/#primaryimage"},"image":{"@id":"https:\/\/gooddealersmeds.com\/da\/product\/kob-koncert-online\/#primaryimage"},"thumbnailUrl":"https:\/\/gooddealersmeds.com\/da\/wp-content\/uploads\/sites\/2\/2022\/07\/concerta-36mg-500x500-1.png","datePublished":"2022-07-03T13:10:22+00:00","dateModified":"2023-01-17T11:06:08+00:00","description":"K\u00f8b Concerta Online; bruges til at behandle opm\u00e6rksomhedsunderskud hyperaktivitetsforstyrrelse. Det virker ved at \u00e6ndre naturlige stoffer i hjernen.","breadcrumb":{"@id":"https:\/\/gooddealersmeds.com\/da\/product\/kob-koncert-online\/#breadcrumb"},"inLanguage":"en-US","potentialAction":[{"@type":"ReadAction","target":["https:\/\/gooddealersmeds.com\/da\/product\/kob-koncert-online\/"]}]},{"@type":"ImageObject","inLanguage":"en-US","@id":"https:\/\/gooddealersmeds.com\/da\/product\/kob-koncert-online\/#primaryimage","url":"https:\/\/gooddealersmeds.com\/da\/wp-content\/uploads\/sites\/2\/2022\/07\/concerta-36mg-500x500-1.png","contentUrl":"https:\/\/gooddealersmeds.com\/da\/wp-content\/uploads\/sites\/2\/2022\/07\/concerta-36mg-500x500-1.png","width":500,"height":500,"caption":"Buy Concerta Online"},{"@type":"BreadcrumbList","@id":"https:\/\/gooddealersmeds.com\/da\/product\/kob-koncert-online\/#breadcrumb","itemListElement":[{"@type":"ListItem","position":1,"name":"Home","item":"https:\/\/gooddealersmeds.com\/da\/"},{"@type":"ListItem","position":2,"name":"Produkter","item":"https:\/\/gooddealersmeds.com\/da\/produkter\/"},{"@type":"ListItem","position":3,"name":"K\u00f8b Concerta online"}]},{"@type":"WebSite","@id":"https:\/\/gooddealersmeds.com\/da\/#website","url":"https:\/\/gooddealersmeds.com\/da\/","name":"Good Dealers Meds","description":"All our best","publisher":{"@id":"https:\/\/gooddealersmeds.com\/da\/#organization"},"potentialAction":[{"@type":"SearchAction","target":{"@type":"EntryPoint","urlTemplate":"https:\/\/gooddealersmeds.com\/da\/?s={search_term_string}"},"query-input":{"@type":"PropertyValueSpecification","valueRequired":true,"valueName":"search_term_string"}}],"inLanguage":"en-US"},{"@type":"Organization","@id":"https:\/\/gooddealersmeds.com\/da\/#organization","name":"Good Dealers Meds","url":"https:\/\/gooddealersmeds.com\/da\/","logo":{"@type":"ImageObject","inLanguage":"en-US","@id":"https:\/\/gooddealersmeds.com\/da\/#\/schema\/logo\/image\/","url":"https:\/\/gooddealersmeds.com\/da\/wp-content\/uploads\/sites\/2\/2022\/03\/gooddealersmeds__logo__20220317T222800Z.00.png","contentUrl":"https:\/\/gooddealersmeds.com\/da\/wp-content\/uploads\/sites\/2\/2022\/03\/gooddealersmeds__logo__20220317T222800Z.00.png","width":500,"height":325,"caption":"Good Dealers Meds"},"image":{"@id":"https:\/\/gooddealersmeds.com\/da\/#\/schema\/logo\/image\/"}}]}},"_links":{"self":[{"href":"https:\/\/gooddealersmeds.com\/da\/wp-json\/wp\/v2\/product\/1965","targetHints":{"allow":["GET"]}}],"collection":[{"href":"https:\/\/gooddealersmeds.com\/da\/wp-json\/wp\/v2\/product"}],"about":[{"href":"https:\/\/gooddealersmeds.com\/da\/wp-json\/wp\/v2\/types\/product"}],"replies":[{"embeddable":true,"href":"https:\/\/gooddealersmeds.com\/da\/wp-json\/wp\/v2\/comments?post=1965"}],"wp:featuredmedia":[{"embeddable":true,"href":"https:\/\/gooddealersmeds.com\/da\/wp-json\/wp\/v2\/media\/1966"}],"wp:attachment":[{"href":"https:\/\/gooddealersmeds.com\/da\/wp-json\/wp\/v2\/media?parent=1965"}],"wp:term":[{"taxonomy":"product_brand","embeddable":true,"href":"https:\/\/gooddealersmeds.com\/da\/wp-json\/wp\/v2\/product_brand?post=1965"},{"taxonomy":"product_cat","embeddable":true,"href":"https:\/\/gooddealersmeds.com\/da\/wp-json\/wp\/v2\/product_cat?post=1965"},{"taxonomy":"product_tag","embeddable":true,"href":"https:\/\/gooddealersmeds.com\/da\/wp-json\/wp\/v2\/product_tag?post=1965"}],"curies":[{"name":"wp","href":"https:\/\/api.w.org\/{rel}","templated":true}]}}