{"id":1951,"date":"2022-07-03T13:05:03","date_gmt":"2022-07-03T13:05:03","guid":{"rendered":"https:\/\/gooddealersmeds.com\/da\/?post_type=product&#038;p=1951"},"modified":"2023-01-17T11:33:12","modified_gmt":"2023-01-17T11:33:12","slug":"kobe-ritalin-piller","status":"publish","type":"product","link":"https:\/\/gooddealersmeds.com\/da\/product\/kobe-ritalin-piller\/","title":{"rendered":"K\u00f8b Ritalin piller"},"content":{"rendered":"<h2>Ritalin piller til salg fra vores online butik uden recept.<\/h2>\n<p>K\u00f8b Ritalin piller fra vores onlinebutik uden recept. Ritalin tablet er et centralnervesystemstimulerende middel, der behandler ADHD (Attention Deficit Hyperactivity Disorder). Denne lidelse omfatter ukontrollerbare handlinger, sv\u00e6rere ved at fokusere og forblive stille sammenlignet med andre mennesker i samme aldersgruppe. Denne pille behandler ogs\u00e5 narkolepsi, en s\u00f8vnforstyrrelse, der for\u00e5rsager pludselige s\u00f8vnanfald og s\u00f8vnighed i dagtimerne. Denne pille kan ogs\u00e5 hj\u00e6lpe dig med at organisere dine opgaver og forbedre dine lytteevner. Derudover reducerer denne tablet symptomerne p\u00e5 adf\u00e6rdsproblemer og \u00f8ger din evne til at holde fokus og v\u00e6re opm\u00e6rksom. Ritalin bruges ogs\u00e5 i r\u00e5dgivning eller andre terapier.<\/p>\n<p>Ritalin er et kraftfuldt stimulans, der kan hj\u00e6lpe dig med at reducere symptomerne p\u00e5 opm\u00e6rksomhedsforstyrrelser. L\u00e6ger og farmaceuter betragter Ritalin som en af \u200b\u200bde mest effektive behandlinger mod s\u00f8vnighed i dagtimerne eller uventede s\u00f8vnanfald. Ritalin er effektivt inden for tyve til tredive minutter efter administration og har en halveringstid p\u00e5 omkring otte timer. Desuden hj\u00e6lper denne pille dig med at fokusere og v\u00e6re opm\u00e6rksom p\u00e5 dine opgaver. K\u00f8b Ritalin piller<\/p>\n<p>&nbsp;<\/p>\n<p><strong>Hvad er Ritalin, og hvordan virker det?<\/strong><\/p>\n<p>Ritalin er en af \u200b\u200bde bedste muligheder for at forebygge og behandle opm\u00e6rksomhedsunderskud hyperaktivitetsforstyrrelser eller s\u00f8vnproblemer. Denne tablet giver dig mulighed for at \u00e6ndre m\u00e6ngden af \u200b\u200bnaturlige stoffer i din hjerne. Desuden anses Ritalin for at v\u00e6re sikkert for b\u00f8rn over seks \u00e5r, voksne og \u00e6ldre, som har opm\u00e6rksomhedsunderskud hyperaktivitetsforstyrrelser eller s\u00f8vnproblemer.<\/p>\n<p>Methylphenidathydrochlorid, den aktive ingrediens i <a href=\"https:\/\/gooddealersmeds.com\/da\/product\/kobe-ritalin-piller\/\">Ritalin<\/a>, tilh\u00f8rer en klasse af medicin kendt som centralnervesystemstimulerende midler. Disse stimulanser \u00f8ger niveauet af katekolamin (et kemikalie) i din hjerne, hvilket booster energi, \u00e5rv\u00e5genhed og opm\u00e6rksomhed.<\/p>\n<p>Ritalin virker ved at \u00e6ndre koncentrationen af \u200b\u200bnaturlige stoffer i hjernen (katekolamin). Denne medicin hj\u00e6lper dig ogs\u00e5 med at holde fokus, forbedrer din evne til at v\u00e6re opm\u00e6rksom og h\u00e5ndterer adf\u00e6rdsproblemer.<\/p>\n<p>Normalt anbefales det at bruge Ritalin efter din l\u00e6ges r\u00e5d. Men for at behandle opm\u00e6rksomhedsunderskud hyperaktivitetsforstyrrelser eller pludselige soveanfald, vil du bruge Ritalin som en langtidsbehandling. Du kan k\u00f8be ritalin-piller fra vores onlinebutik med sikker forsendelse.<\/p>\n<p>&nbsp;<\/p>\n","protected":false},"excerpt":{"rendered":"<p>K\u00f8b Ritalin LA 10mg Kapsler 30 online, tilg\u00e6ngelig nu. Gennemse vores online butik. F\u00e5 online Ritalin 100 % tilfredshedsgaranti. Hvordan kan jeg f\u00e5 Ritalin uden recept.<\/p>\n","protected":false},"featured_media":1963,"comment_status":"open","ping_status":"closed","template":"","meta":{"inline_featured_image":false},"product_brand":[],"product_cat":[346],"product_tag":[502,503,507,508,509,510,514,515,516,504,505,506,511,512,513],"class_list":{"0":"post-1951","1":"product","2":"type-product","3":"status-publish","4":"has-post-thumbnail","6":"product_cat-stimulanser","7":"product_tag-buy-20mg-ritalin-online","8":"product_tag-buy-generic-ritalin-online","9":"product_tag-buy-ritalin-online","10":"product_tag-buy-ritalin-online-forum","11":"product_tag-buy-ritalin-online-no-rx","12":"product_tag-buy-ritalin-pills","13":"product_tag-hvor-kan-kbes-ritalin-online","14":"product_tag-hvor-kan-kbes-ritalin-online-uden-receptpligtig","15":"product_tag-hvor-kan-kbes-ritalin-online-no-rx-pkrvet","16":"product_tag-kb-online-receptpligtig-ritalin-uden-recept","17":"product_tag-kb-ritalin-10mg-online","18":"product_tag-kb-ritalin-10mg-online-i-usa","19":"product_tag-kbe-ritalin-piller-i-syd-afrika","20":"product_tag-reddit-kb-ritalin-online-uden-recept","21":"product_tag-ritalin-kb-online","23":"first","24":"instock","25":"shipping-taxable","26":"purchasable","27":"product-type-variable","28":"has-default-attributes"},"yoast_head":"<!-- This site is optimized with the Yoast SEO Premium plugin v20.6 (Yoast SEO v27.4) - https:\/\/yoast.com\/product\/yoast-seo-premium-wordpress\/ -->\n<title>K\u00f8b Ritalin piller | Ritalin til salg | Bestil Ritalin online| Good Dealers Meds<\/title>\n<meta name=\"description\" content=\"K\u00f8b Ritalin Piller 10mg 30 online. Gennemse vores online butik uden recept. F\u00e5 online Ritalin med 100 % tilfredshed.\" \/>\n<meta name=\"robots\" content=\"index, follow, max-snippet:-1, max-image-preview:large, max-video-preview:-1\" \/>\n<link rel=\"canonical\" href=\"https:\/\/gooddealersmeds.com\/da\/product\/kobe-ritalin-piller\/\" \/>\n<meta property=\"og:locale\" content=\"en_US\" \/>\n<meta property=\"og:type\" content=\"article\" \/>\n<meta property=\"og:title\" content=\"K\u00f8b Ritalin piller\" \/>\n<meta property=\"og:description\" content=\"K\u00f8b Ritalin Piller 10mg 30 online. Gennemse vores online butik uden recept. F\u00e5 online Ritalin med 100 % tilfredshed.\" \/>\n<meta property=\"og:url\" content=\"https:\/\/gooddealersmeds.com\/da\/product\/kobe-ritalin-piller\/\" \/>\n<meta property=\"og:site_name\" content=\"Good Dealers Meds\" \/>\n<meta property=\"article:modified_time\" content=\"2023-01-17T11:33:12+00:00\" \/>\n<meta property=\"og:image\" content=\"https:\/\/gooddealersmeds.com\/da\/wp-content\/uploads\/sites\/2\/2022\/07\/buy-ritalin-online.jpg\" \/>\n\t<meta property=\"og:image:width\" content=\"1464\" \/>\n\t<meta property=\"og:image:height\" content=\"975\" \/>\n\t<meta property=\"og:image:type\" content=\"image\/jpeg\" \/>\n<meta name=\"twitter:card\" content=\"summary_large_image\" \/>\n<meta name=\"twitter:label1\" content=\"Est. reading time\" \/>\n\t<meta name=\"twitter:data1\" content=\"2 minutes\" \/>\n<script type=\"application\/ld+json\" class=\"yoast-schema-graph\">{\"@context\":\"https:\\\/\\\/schema.org\",\"@graph\":[{\"@type\":\"WebPage\",\"@id\":\"https:\\\/\\\/gooddealersmeds.com\\\/da\\\/product\\\/kobe-ritalin-piller\\\/\",\"url\":\"https:\\\/\\\/gooddealersmeds.com\\\/da\\\/product\\\/kobe-ritalin-piller\\\/\",\"name\":\"K\u00f8b Ritalin piller | Ritalin til salg | Bestil Ritalin online| Good Dealers Meds\",\"isPartOf\":{\"@id\":\"https:\\\/\\\/gooddealersmeds.com\\\/da\\\/#website\"},\"primaryImageOfPage\":{\"@id\":\"https:\\\/\\\/gooddealersmeds.com\\\/da\\\/product\\\/kobe-ritalin-piller\\\/#primaryimage\"},\"image\":{\"@id\":\"https:\\\/\\\/gooddealersmeds.com\\\/da\\\/product\\\/kobe-ritalin-piller\\\/#primaryimage\"},\"thumbnailUrl\":\"https:\\\/\\\/gooddealersmeds.com\\\/da\\\/wp-content\\\/uploads\\\/sites\\\/2\\\/2022\\\/07\\\/buy-ritalin-online.jpg\",\"datePublished\":\"2022-07-03T13:05:03+00:00\",\"dateModified\":\"2023-01-17T11:33:12+00:00\",\"description\":\"K\u00f8b Ritalin Piller 10mg 30 online. Gennemse vores online butik uden recept. F\u00e5 online Ritalin med 100 % tilfredshed.\",\"breadcrumb\":{\"@id\":\"https:\\\/\\\/gooddealersmeds.com\\\/da\\\/product\\\/kobe-ritalin-piller\\\/#breadcrumb\"},\"inLanguage\":\"en-US\",\"potentialAction\":[{\"@type\":\"ReadAction\",\"target\":[\"https:\\\/\\\/gooddealersmeds.com\\\/da\\\/product\\\/kobe-ritalin-piller\\\/\"]}]},{\"@type\":\"ImageObject\",\"inLanguage\":\"en-US\",\"@id\":\"https:\\\/\\\/gooddealersmeds.com\\\/da\\\/product\\\/kobe-ritalin-piller\\\/#primaryimage\",\"url\":\"https:\\\/\\\/gooddealersmeds.com\\\/da\\\/wp-content\\\/uploads\\\/sites\\\/2\\\/2022\\\/07\\\/buy-ritalin-online.jpg\",\"contentUrl\":\"https:\\\/\\\/gooddealersmeds.com\\\/da\\\/wp-content\\\/uploads\\\/sites\\\/2\\\/2022\\\/07\\\/buy-ritalin-online.jpg\",\"width\":1464,\"height\":975,\"caption\":\"Buy Ritalin Pills\"},{\"@type\":\"BreadcrumbList\",\"@id\":\"https:\\\/\\\/gooddealersmeds.com\\\/da\\\/product\\\/kobe-ritalin-piller\\\/#breadcrumb\",\"itemListElement\":[{\"@type\":\"ListItem\",\"position\":1,\"name\":\"Home\",\"item\":\"https:\\\/\\\/gooddealersmeds.com\\\/da\\\/\"},{\"@type\":\"ListItem\",\"position\":2,\"name\":\"Produkter\",\"item\":\"https:\\\/\\\/gooddealersmeds.com\\\/da\\\/produkter\\\/\"},{\"@type\":\"ListItem\",\"position\":3,\"name\":\"K\u00f8b Ritalin piller\"}]},{\"@type\":\"WebSite\",\"@id\":\"https:\\\/\\\/gooddealersmeds.com\\\/da\\\/#website\",\"url\":\"https:\\\/\\\/gooddealersmeds.com\\\/da\\\/\",\"name\":\"Good Dealers Meds\",\"description\":\"All our best\",\"publisher\":{\"@id\":\"https:\\\/\\\/gooddealersmeds.com\\\/da\\\/#organization\"},\"potentialAction\":[{\"@type\":\"SearchAction\",\"target\":{\"@type\":\"EntryPoint\",\"urlTemplate\":\"https:\\\/\\\/gooddealersmeds.com\\\/da\\\/?s={search_term_string}\"},\"query-input\":{\"@type\":\"PropertyValueSpecification\",\"valueRequired\":true,\"valueName\":\"search_term_string\"}}],\"inLanguage\":\"en-US\"},{\"@type\":\"Organization\",\"@id\":\"https:\\\/\\\/gooddealersmeds.com\\\/da\\\/#organization\",\"name\":\"Good Dealers Meds\",\"url\":\"https:\\\/\\\/gooddealersmeds.com\\\/da\\\/\",\"logo\":{\"@type\":\"ImageObject\",\"inLanguage\":\"en-US\",\"@id\":\"https:\\\/\\\/gooddealersmeds.com\\\/da\\\/#\\\/schema\\\/logo\\\/image\\\/\",\"url\":\"https:\\\/\\\/gooddealersmeds.com\\\/da\\\/wp-content\\\/uploads\\\/sites\\\/2\\\/2022\\\/03\\\/gooddealersmeds__logo__20220317T222800Z.00.png\",\"contentUrl\":\"https:\\\/\\\/gooddealersmeds.com\\\/da\\\/wp-content\\\/uploads\\\/sites\\\/2\\\/2022\\\/03\\\/gooddealersmeds__logo__20220317T222800Z.00.png\",\"width\":500,\"height\":325,\"caption\":\"Good Dealers Meds\"},\"image\":{\"@id\":\"https:\\\/\\\/gooddealersmeds.com\\\/da\\\/#\\\/schema\\\/logo\\\/image\\\/\"}}]}<\/script>\n<!-- \/ Yoast SEO Premium plugin. -->","yoast_head_json":{"title":"K\u00f8b Ritalin piller | Ritalin til salg | Bestil Ritalin online| Good Dealers Meds","description":"K\u00f8b Ritalin Piller 10mg 30 online. Gennemse vores online butik uden recept. F\u00e5 online Ritalin med 100 % tilfredshed.","robots":{"index":"index","follow":"follow","max-snippet":"max-snippet:-1","max-image-preview":"max-image-preview:large","max-video-preview":"max-video-preview:-1"},"canonical":"https:\/\/gooddealersmeds.com\/da\/product\/kobe-ritalin-piller\/","og_locale":"en_US","og_type":"article","og_title":"K\u00f8b Ritalin piller","og_description":"K\u00f8b Ritalin Piller 10mg 30 online. Gennemse vores online butik uden recept. F\u00e5 online Ritalin med 100 % tilfredshed.","og_url":"https:\/\/gooddealersmeds.com\/da\/product\/kobe-ritalin-piller\/","og_site_name":"Good Dealers Meds","article_modified_time":"2023-01-17T11:33:12+00:00","og_image":[{"width":1464,"height":975,"url":"https:\/\/gooddealersmeds.com\/da\/wp-content\/uploads\/sites\/2\/2022\/07\/buy-ritalin-online.jpg","type":"image\/jpeg"}],"twitter_card":"summary_large_image","twitter_misc":{"Est. reading time":"2 minutes"},"schema":{"@context":"https:\/\/schema.org","@graph":[{"@type":"WebPage","@id":"https:\/\/gooddealersmeds.com\/da\/product\/kobe-ritalin-piller\/","url":"https:\/\/gooddealersmeds.com\/da\/product\/kobe-ritalin-piller\/","name":"K\u00f8b Ritalin piller | Ritalin til salg | Bestil Ritalin online| Good Dealers Meds","isPartOf":{"@id":"https:\/\/gooddealersmeds.com\/da\/#website"},"primaryImageOfPage":{"@id":"https:\/\/gooddealersmeds.com\/da\/product\/kobe-ritalin-piller\/#primaryimage"},"image":{"@id":"https:\/\/gooddealersmeds.com\/da\/product\/kobe-ritalin-piller\/#primaryimage"},"thumbnailUrl":"https:\/\/gooddealersmeds.com\/da\/wp-content\/uploads\/sites\/2\/2022\/07\/buy-ritalin-online.jpg","datePublished":"2022-07-03T13:05:03+00:00","dateModified":"2023-01-17T11:33:12+00:00","description":"K\u00f8b Ritalin Piller 10mg 30 online. Gennemse vores online butik uden recept. F\u00e5 online Ritalin med 100 % tilfredshed.","breadcrumb":{"@id":"https:\/\/gooddealersmeds.com\/da\/product\/kobe-ritalin-piller\/#breadcrumb"},"inLanguage":"en-US","potentialAction":[{"@type":"ReadAction","target":["https:\/\/gooddealersmeds.com\/da\/product\/kobe-ritalin-piller\/"]}]},{"@type":"ImageObject","inLanguage":"en-US","@id":"https:\/\/gooddealersmeds.com\/da\/product\/kobe-ritalin-piller\/#primaryimage","url":"https:\/\/gooddealersmeds.com\/da\/wp-content\/uploads\/sites\/2\/2022\/07\/buy-ritalin-online.jpg","contentUrl":"https:\/\/gooddealersmeds.com\/da\/wp-content\/uploads\/sites\/2\/2022\/07\/buy-ritalin-online.jpg","width":1464,"height":975,"caption":"Buy Ritalin Pills"},{"@type":"BreadcrumbList","@id":"https:\/\/gooddealersmeds.com\/da\/product\/kobe-ritalin-piller\/#breadcrumb","itemListElement":[{"@type":"ListItem","position":1,"name":"Home","item":"https:\/\/gooddealersmeds.com\/da\/"},{"@type":"ListItem","position":2,"name":"Produkter","item":"https:\/\/gooddealersmeds.com\/da\/produkter\/"},{"@type":"ListItem","position":3,"name":"K\u00f8b Ritalin piller"}]},{"@type":"WebSite","@id":"https:\/\/gooddealersmeds.com\/da\/#website","url":"https:\/\/gooddealersmeds.com\/da\/","name":"Good Dealers Meds","description":"All our best","publisher":{"@id":"https:\/\/gooddealersmeds.com\/da\/#organization"},"potentialAction":[{"@type":"SearchAction","target":{"@type":"EntryPoint","urlTemplate":"https:\/\/gooddealersmeds.com\/da\/?s={search_term_string}"},"query-input":{"@type":"PropertyValueSpecification","valueRequired":true,"valueName":"search_term_string"}}],"inLanguage":"en-US"},{"@type":"Organization","@id":"https:\/\/gooddealersmeds.com\/da\/#organization","name":"Good Dealers Meds","url":"https:\/\/gooddealersmeds.com\/da\/","logo":{"@type":"ImageObject","inLanguage":"en-US","@id":"https:\/\/gooddealersmeds.com\/da\/#\/schema\/logo\/image\/","url":"https:\/\/gooddealersmeds.com\/da\/wp-content\/uploads\/sites\/2\/2022\/03\/gooddealersmeds__logo__20220317T222800Z.00.png","contentUrl":"https:\/\/gooddealersmeds.com\/da\/wp-content\/uploads\/sites\/2\/2022\/03\/gooddealersmeds__logo__20220317T222800Z.00.png","width":500,"height":325,"caption":"Good Dealers Meds"},"image":{"@id":"https:\/\/gooddealersmeds.com\/da\/#\/schema\/logo\/image\/"}}]}},"_links":{"self":[{"href":"https:\/\/gooddealersmeds.com\/da\/wp-json\/wp\/v2\/product\/1951","targetHints":{"allow":["GET"]}}],"collection":[{"href":"https:\/\/gooddealersmeds.com\/da\/wp-json\/wp\/v2\/product"}],"about":[{"href":"https:\/\/gooddealersmeds.com\/da\/wp-json\/wp\/v2\/types\/product"}],"replies":[{"embeddable":true,"href":"https:\/\/gooddealersmeds.com\/da\/wp-json\/wp\/v2\/comments?post=1951"}],"wp:featuredmedia":[{"embeddable":true,"href":"https:\/\/gooddealersmeds.com\/da\/wp-json\/wp\/v2\/media\/1963"}],"wp:attachment":[{"href":"https:\/\/gooddealersmeds.com\/da\/wp-json\/wp\/v2\/media?parent=1951"}],"wp:term":[{"taxonomy":"product_brand","embeddable":true,"href":"https:\/\/gooddealersmeds.com\/da\/wp-json\/wp\/v2\/product_brand?post=1951"},{"taxonomy":"product_cat","embeddable":true,"href":"https:\/\/gooddealersmeds.com\/da\/wp-json\/wp\/v2\/product_cat?post=1951"},{"taxonomy":"product_tag","embeddable":true,"href":"https:\/\/gooddealersmeds.com\/da\/wp-json\/wp\/v2\/product_tag?post=1951"}],"curies":[{"name":"wp","href":"https:\/\/api.w.org\/{rel}","templated":true}]}}