{"id":1944,"date":"2022-07-03T12:27:49","date_gmt":"2022-07-03T12:27:49","guid":{"rendered":"https:\/\/gooddealersmeds.com\/da\/?post_type=product&#038;p=1944"},"modified":"2023-01-17T11:36:44","modified_gmt":"2023-01-17T11:36:44","slug":"kob-dexedrin-er-piller-online","status":"publish","type":"product","link":"https:\/\/gooddealersmeds.com\/da\/product\/kob-dexedrin-er-piller-online\/","title":{"rendered":"K\u00f8b Dexedrine Er piller online"},"content":{"rendered":"<h2>Dexedrine Er piller til salg i vores butik til en overkommelig pris<\/h2>\n<p>K\u00f8b Dexedrine Er piller, levering natten over tilg\u00e6ngelig til alle europ\u00e6iske stater. Dexedrine tilh\u00f8rer familien af \u200b\u200bmedicin kendt som stimulanser. Dexedrine (Dexamfetamin) er en medicin, der bruges til at behandle opm\u00e6rksomhedsunderskud hyperaktivitetsforstyrrelse (ADHD) og narkolepsi (falder i s\u00f8vn p\u00e5 upassende tidspunkter uden nogen kontrol). Det virker til at behandle narkolepsi ved at virke som et hjernestimulerende middel. Du kan k\u00f8be Dexedrine Er Pills online til salg fra Good Dealers Meds.<\/p>\n<p><strong>Anvendelse af Dexedrine Er piller<\/strong><\/p>\n<p>Denne medicin bruges til at behandle ADHD, ogs\u00e5 kendt som opm\u00e6rksomhedsunderskud hyperaktivitetsforstyrrelse. Det virker ved at \u00e6ndre koncentrationerne af visse naturlige kemikalier i hjernen. Dextroamphetamin er en type medicin kendt som en pacemaker. Dette kan hj\u00e6lpe dig med at forbedre din evne til at fokusere p\u00e5 en aktivitet og kontrollere adf\u00e6rdsproblemer. Det kan ogs\u00e5 hj\u00e6lpe dig med at organisere og forbedre dine opgaver. Denne medicin bruges ogs\u00e5 til at behandle et s\u00f8vnproblem (narkolepsi), som giver dig mulighed for at holde dig v\u00e5gen hele dagen. Det b\u00f8r ikke bruges til at kurere udmattelse eller for at holde folk fra at sove, som ikke har en s\u00f8vnforstyrrelse, v\u00e5gne.<\/p>\n<p><strong>Ud over dens \u00f8nskede virkning kan denne medicin for\u00e5rsage nogle virkninger, is\u00e6r:<\/strong><\/p>\n<ul>\n<li>Det kan neds\u00e6tte din appetit<\/li>\n<li>Det kan for\u00e5rsage diarr\u00e9 eller forstoppelse, afh\u00e6ngigt af personen<\/li>\n<li>Det kan for\u00e5rsage hovedpine<\/li>\n<li>Det kan for\u00e5rsage s\u00f8vnforstyrrelser eller s\u00f8vnl\u00f8shed<\/li>\n<\/ul>\n<p><a href=\"https:\/\/gooddealersmeds.com\/da\/product\/buy-dexedrine-er-pills-online\/\">Dexedrine<\/a> Er Piller b\u00f8r, som de fleste l\u00e6gemidler, opbevares ved stuetemperatur. Det skal opbevares et sikkert sted v\u00e6k fra overdreven varme, fugt og direkte solskin. S\u00f8rg for, at eventuelle rester bortskaffes korrekt.<\/p>\n<p>Tag denne medicin med eller uden mad, normalt 1 til 3 gange om dagen, som anbefalet af din l\u00e6ge. Den f\u00f8rste dosis gives normalt f\u00f8rst om morgenen. Hvis din l\u00e6ge ordinerer flere doser, skal du tage dem som angivet, generelt med 4-6 timers mellemrum. At tage dette l\u00e6gemiddel sent p\u00e5 dagen kan g\u00f8re det sv\u00e6rt at sove.<\/p>\n<p>Du kan k\u00f8be Dexedrine Er piller (15 mg tabletter) online uden recept (ingen RX) fra Good Dealers Meds Online.<\/p>\n","protected":false},"excerpt":{"rendered":"<p>K\u00f8b Dexedrine Er piller online uden recept. Bestil dexedrin meget hurtigt og nemt. Vores leveringsservice vil give dig din ordre p\u00e5 Dextroamphetamin p\u00e5 kortest mulig tid!<\/p>\n","protected":false},"featured_media":1949,"comment_status":"open","ping_status":"closed","template":"","meta":{"inline_featured_image":false},"product_brand":[],"product_cat":[346],"product_tag":[500,492,493,497,499,498,491,494,495,496,501],"class_list":{"0":"post-1944","1":"product","2":"type-product","3":"status-publish","4":"has-post-thumbnail","6":"product_cat-stimulanser","7":"product_tag-bestil-dexedrine-online","8":"product_tag-buy-dexedrine-5mg-canada","9":"product_tag-buy-dexedrine-5mg-online","10":"product_tag-dexedrin-5mg-usa","11":"product_tag-dextroamphetamin-5mg-leverandr","12":"product_tag-dextroamphetamin-5mg-usa","13":"product_tag-kb-billig-dexedrin","14":"product_tag-kb-dexedrin-5mg-tabletter-online","15":"product_tag-buy-dexedrine-5mg-usa","16":"product_tag-buy-dexedrine-australien","17":"product_tag-kb-dexedrine-online","19":"first","20":"instock","21":"shipping-taxable","22":"purchasable","23":"product-type-variable","24":"has-default-attributes"},"yoast_head":"<!-- This site is optimized with the Yoast SEO Premium plugin v20.6 (Yoast SEO v27.3) - https:\/\/yoast.com\/product\/yoast-seo-premium-wordpress\/ -->\n<title>K\u00f8b Dexedrine Er piller online uden recept | Good Dealers Meds<\/title>\n<meta name=\"description\" content=\"K\u00f8b Dexedrine Er piller online uden recept. Bestil dexedrin online fra vores online butik og f\u00e5 meget hurtig levering over hele verden.\" \/>\n<meta name=\"robots\" content=\"index, follow, max-snippet:-1, max-image-preview:large, max-video-preview:-1\" \/>\n<link rel=\"canonical\" href=\"https:\/\/gooddealersmeds.com\/da\/product\/kob-dexedrin-er-piller-online\/\" \/>\n<meta property=\"og:locale\" content=\"en_US\" \/>\n<meta property=\"og:type\" content=\"article\" \/>\n<meta property=\"og:title\" content=\"K\u00f8b Dexedrine Er piller online\" \/>\n<meta property=\"og:description\" content=\"K\u00f8b Dexedrine Er piller online uden recept. Bestil dexedrin online fra vores online butik og f\u00e5 meget hurtig levering over hele verden.\" \/>\n<meta property=\"og:url\" content=\"https:\/\/gooddealersmeds.com\/da\/product\/kob-dexedrin-er-piller-online\/\" \/>\n<meta property=\"og:site_name\" content=\"Good Dealers Meds\" \/>\n<meta property=\"article:modified_time\" content=\"2023-01-17T11:36:44+00:00\" \/>\n<meta property=\"og:image\" content=\"https:\/\/gooddealersmeds.com\/da\/wp-content\/uploads\/sites\/2\/2022\/07\/Buy-Dexedrine-Er-Pills-Online.png\" \/>\n\t<meta property=\"og:image:width\" content=\"600\" \/>\n\t<meta property=\"og:image:height\" content=\"600\" \/>\n\t<meta property=\"og:image:type\" content=\"image\/png\" \/>\n<meta name=\"twitter:card\" content=\"summary_large_image\" \/>\n<meta name=\"twitter:label1\" content=\"Est. reading time\" \/>\n\t<meta name=\"twitter:data1\" content=\"2 minutes\" \/>\n<script type=\"application\/ld+json\" class=\"yoast-schema-graph\">{\"@context\":\"https:\\\/\\\/schema.org\",\"@graph\":[{\"@type\":\"WebPage\",\"@id\":\"https:\\\/\\\/gooddealersmeds.com\\\/da\\\/product\\\/kob-dexedrin-er-piller-online\\\/\",\"url\":\"https:\\\/\\\/gooddealersmeds.com\\\/da\\\/product\\\/kob-dexedrin-er-piller-online\\\/\",\"name\":\"K\u00f8b Dexedrine Er piller online uden recept | Good Dealers Meds\",\"isPartOf\":{\"@id\":\"https:\\\/\\\/gooddealersmeds.com\\\/da\\\/#website\"},\"primaryImageOfPage\":{\"@id\":\"https:\\\/\\\/gooddealersmeds.com\\\/da\\\/product\\\/kob-dexedrin-er-piller-online\\\/#primaryimage\"},\"image\":{\"@id\":\"https:\\\/\\\/gooddealersmeds.com\\\/da\\\/product\\\/kob-dexedrin-er-piller-online\\\/#primaryimage\"},\"thumbnailUrl\":\"https:\\\/\\\/gooddealersmeds.com\\\/da\\\/wp-content\\\/uploads\\\/sites\\\/2\\\/2022\\\/07\\\/Buy-Dexedrine-Er-Pills-Online.png\",\"datePublished\":\"2022-07-03T12:27:49+00:00\",\"dateModified\":\"2023-01-17T11:36:44+00:00\",\"description\":\"K\u00f8b Dexedrine Er piller online uden recept. Bestil dexedrin online fra vores online butik og f\u00e5 meget hurtig levering over hele verden.\",\"breadcrumb\":{\"@id\":\"https:\\\/\\\/gooddealersmeds.com\\\/da\\\/product\\\/kob-dexedrin-er-piller-online\\\/#breadcrumb\"},\"inLanguage\":\"en-US\",\"potentialAction\":[{\"@type\":\"ReadAction\",\"target\":[\"https:\\\/\\\/gooddealersmeds.com\\\/da\\\/product\\\/kob-dexedrin-er-piller-online\\\/\"]}]},{\"@type\":\"ImageObject\",\"inLanguage\":\"en-US\",\"@id\":\"https:\\\/\\\/gooddealersmeds.com\\\/da\\\/product\\\/kob-dexedrin-er-piller-online\\\/#primaryimage\",\"url\":\"https:\\\/\\\/gooddealersmeds.com\\\/da\\\/wp-content\\\/uploads\\\/sites\\\/2\\\/2022\\\/07\\\/Buy-Dexedrine-Er-Pills-Online.png\",\"contentUrl\":\"https:\\\/\\\/gooddealersmeds.com\\\/da\\\/wp-content\\\/uploads\\\/sites\\\/2\\\/2022\\\/07\\\/Buy-Dexedrine-Er-Pills-Online.png\",\"width\":600,\"height\":600,\"caption\":\"Buy Dexedrine Er Pills Online\"},{\"@type\":\"BreadcrumbList\",\"@id\":\"https:\\\/\\\/gooddealersmeds.com\\\/da\\\/product\\\/kob-dexedrin-er-piller-online\\\/#breadcrumb\",\"itemListElement\":[{\"@type\":\"ListItem\",\"position\":1,\"name\":\"Home\",\"item\":\"https:\\\/\\\/gooddealersmeds.com\\\/da\\\/\"},{\"@type\":\"ListItem\",\"position\":2,\"name\":\"Produkter\",\"item\":\"https:\\\/\\\/gooddealersmeds.com\\\/da\\\/produkter\\\/\"},{\"@type\":\"ListItem\",\"position\":3,\"name\":\"K\u00f8b Dexedrine Er piller online\"}]},{\"@type\":\"WebSite\",\"@id\":\"https:\\\/\\\/gooddealersmeds.com\\\/da\\\/#website\",\"url\":\"https:\\\/\\\/gooddealersmeds.com\\\/da\\\/\",\"name\":\"Good Dealers Meds\",\"description\":\"All our best\",\"publisher\":{\"@id\":\"https:\\\/\\\/gooddealersmeds.com\\\/da\\\/#organization\"},\"potentialAction\":[{\"@type\":\"SearchAction\",\"target\":{\"@type\":\"EntryPoint\",\"urlTemplate\":\"https:\\\/\\\/gooddealersmeds.com\\\/da\\\/?s={search_term_string}\"},\"query-input\":{\"@type\":\"PropertyValueSpecification\",\"valueRequired\":true,\"valueName\":\"search_term_string\"}}],\"inLanguage\":\"en-US\"},{\"@type\":\"Organization\",\"@id\":\"https:\\\/\\\/gooddealersmeds.com\\\/da\\\/#organization\",\"name\":\"Good Dealers Meds\",\"url\":\"https:\\\/\\\/gooddealersmeds.com\\\/da\\\/\",\"logo\":{\"@type\":\"ImageObject\",\"inLanguage\":\"en-US\",\"@id\":\"https:\\\/\\\/gooddealersmeds.com\\\/da\\\/#\\\/schema\\\/logo\\\/image\\\/\",\"url\":\"https:\\\/\\\/gooddealersmeds.com\\\/da\\\/wp-content\\\/uploads\\\/sites\\\/2\\\/2022\\\/03\\\/gooddealersmeds__logo__20220317T222800Z.00.png\",\"contentUrl\":\"https:\\\/\\\/gooddealersmeds.com\\\/da\\\/wp-content\\\/uploads\\\/sites\\\/2\\\/2022\\\/03\\\/gooddealersmeds__logo__20220317T222800Z.00.png\",\"width\":500,\"height\":325,\"caption\":\"Good Dealers Meds\"},\"image\":{\"@id\":\"https:\\\/\\\/gooddealersmeds.com\\\/da\\\/#\\\/schema\\\/logo\\\/image\\\/\"}}]}<\/script>\n<!-- \/ Yoast SEO Premium plugin. -->","yoast_head_json":{"title":"K\u00f8b Dexedrine Er piller online uden recept | Good Dealers Meds","description":"K\u00f8b Dexedrine Er piller online uden recept. Bestil dexedrin online fra vores online butik og f\u00e5 meget hurtig levering over hele verden.","robots":{"index":"index","follow":"follow","max-snippet":"max-snippet:-1","max-image-preview":"max-image-preview:large","max-video-preview":"max-video-preview:-1"},"canonical":"https:\/\/gooddealersmeds.com\/da\/product\/kob-dexedrin-er-piller-online\/","og_locale":"en_US","og_type":"article","og_title":"K\u00f8b Dexedrine Er piller online","og_description":"K\u00f8b Dexedrine Er piller online uden recept. Bestil dexedrin online fra vores online butik og f\u00e5 meget hurtig levering over hele verden.","og_url":"https:\/\/gooddealersmeds.com\/da\/product\/kob-dexedrin-er-piller-online\/","og_site_name":"Good Dealers Meds","article_modified_time":"2023-01-17T11:36:44+00:00","og_image":[{"width":600,"height":600,"url":"https:\/\/gooddealersmeds.com\/da\/wp-content\/uploads\/sites\/2\/2022\/07\/Buy-Dexedrine-Er-Pills-Online.png","type":"image\/png"}],"twitter_card":"summary_large_image","twitter_misc":{"Est. reading time":"2 minutes"},"schema":{"@context":"https:\/\/schema.org","@graph":[{"@type":"WebPage","@id":"https:\/\/gooddealersmeds.com\/da\/product\/kob-dexedrin-er-piller-online\/","url":"https:\/\/gooddealersmeds.com\/da\/product\/kob-dexedrin-er-piller-online\/","name":"K\u00f8b Dexedrine Er piller online uden recept | Good Dealers Meds","isPartOf":{"@id":"https:\/\/gooddealersmeds.com\/da\/#website"},"primaryImageOfPage":{"@id":"https:\/\/gooddealersmeds.com\/da\/product\/kob-dexedrin-er-piller-online\/#primaryimage"},"image":{"@id":"https:\/\/gooddealersmeds.com\/da\/product\/kob-dexedrin-er-piller-online\/#primaryimage"},"thumbnailUrl":"https:\/\/gooddealersmeds.com\/da\/wp-content\/uploads\/sites\/2\/2022\/07\/Buy-Dexedrine-Er-Pills-Online.png","datePublished":"2022-07-03T12:27:49+00:00","dateModified":"2023-01-17T11:36:44+00:00","description":"K\u00f8b Dexedrine Er piller online uden recept. Bestil dexedrin online fra vores online butik og f\u00e5 meget hurtig levering over hele verden.","breadcrumb":{"@id":"https:\/\/gooddealersmeds.com\/da\/product\/kob-dexedrin-er-piller-online\/#breadcrumb"},"inLanguage":"en-US","potentialAction":[{"@type":"ReadAction","target":["https:\/\/gooddealersmeds.com\/da\/product\/kob-dexedrin-er-piller-online\/"]}]},{"@type":"ImageObject","inLanguage":"en-US","@id":"https:\/\/gooddealersmeds.com\/da\/product\/kob-dexedrin-er-piller-online\/#primaryimage","url":"https:\/\/gooddealersmeds.com\/da\/wp-content\/uploads\/sites\/2\/2022\/07\/Buy-Dexedrine-Er-Pills-Online.png","contentUrl":"https:\/\/gooddealersmeds.com\/da\/wp-content\/uploads\/sites\/2\/2022\/07\/Buy-Dexedrine-Er-Pills-Online.png","width":600,"height":600,"caption":"Buy Dexedrine Er Pills Online"},{"@type":"BreadcrumbList","@id":"https:\/\/gooddealersmeds.com\/da\/product\/kob-dexedrin-er-piller-online\/#breadcrumb","itemListElement":[{"@type":"ListItem","position":1,"name":"Home","item":"https:\/\/gooddealersmeds.com\/da\/"},{"@type":"ListItem","position":2,"name":"Produkter","item":"https:\/\/gooddealersmeds.com\/da\/produkter\/"},{"@type":"ListItem","position":3,"name":"K\u00f8b Dexedrine Er piller online"}]},{"@type":"WebSite","@id":"https:\/\/gooddealersmeds.com\/da\/#website","url":"https:\/\/gooddealersmeds.com\/da\/","name":"Good Dealers Meds","description":"All our best","publisher":{"@id":"https:\/\/gooddealersmeds.com\/da\/#organization"},"potentialAction":[{"@type":"SearchAction","target":{"@type":"EntryPoint","urlTemplate":"https:\/\/gooddealersmeds.com\/da\/?s={search_term_string}"},"query-input":{"@type":"PropertyValueSpecification","valueRequired":true,"valueName":"search_term_string"}}],"inLanguage":"en-US"},{"@type":"Organization","@id":"https:\/\/gooddealersmeds.com\/da\/#organization","name":"Good Dealers Meds","url":"https:\/\/gooddealersmeds.com\/da\/","logo":{"@type":"ImageObject","inLanguage":"en-US","@id":"https:\/\/gooddealersmeds.com\/da\/#\/schema\/logo\/image\/","url":"https:\/\/gooddealersmeds.com\/da\/wp-content\/uploads\/sites\/2\/2022\/03\/gooddealersmeds__logo__20220317T222800Z.00.png","contentUrl":"https:\/\/gooddealersmeds.com\/da\/wp-content\/uploads\/sites\/2\/2022\/03\/gooddealersmeds__logo__20220317T222800Z.00.png","width":500,"height":325,"caption":"Good Dealers Meds"},"image":{"@id":"https:\/\/gooddealersmeds.com\/da\/#\/schema\/logo\/image\/"}}]}},"_links":{"self":[{"href":"https:\/\/gooddealersmeds.com\/da\/wp-json\/wp\/v2\/product\/1944","targetHints":{"allow":["GET"]}}],"collection":[{"href":"https:\/\/gooddealersmeds.com\/da\/wp-json\/wp\/v2\/product"}],"about":[{"href":"https:\/\/gooddealersmeds.com\/da\/wp-json\/wp\/v2\/types\/product"}],"replies":[{"embeddable":true,"href":"https:\/\/gooddealersmeds.com\/da\/wp-json\/wp\/v2\/comments?post=1944"}],"wp:featuredmedia":[{"embeddable":true,"href":"https:\/\/gooddealersmeds.com\/da\/wp-json\/wp\/v2\/media\/1949"}],"wp:attachment":[{"href":"https:\/\/gooddealersmeds.com\/da\/wp-json\/wp\/v2\/media?parent=1944"}],"wp:term":[{"taxonomy":"product_brand","embeddable":true,"href":"https:\/\/gooddealersmeds.com\/da\/wp-json\/wp\/v2\/product_brand?post=1944"},{"taxonomy":"product_cat","embeddable":true,"href":"https:\/\/gooddealersmeds.com\/da\/wp-json\/wp\/v2\/product_cat?post=1944"},{"taxonomy":"product_tag","embeddable":true,"href":"https:\/\/gooddealersmeds.com\/da\/wp-json\/wp\/v2\/product_tag?post=1944"}],"curies":[{"name":"wp","href":"https:\/\/api.w.org\/{rel}","templated":true}]}}